{"id":166,"date":"2017-07-10T15:07:50","date_gmt":"2017-07-10T13:07:50","guid":{"rendered":"https:\/\/web.umons.ac.be\/fs\/?page_id=166"},"modified":"2025-12-08T15:56:26","modified_gmt":"2025-12-08T14:56:26","slug":"le-campus-la-ville-et-la-vie-etudiante","status":"publish","type":"page","link":"https:\/\/web.umons.ac.be\/fs\/fr\/a-propos-de-la-faculte\/le-campus-la-ville-et-la-vie-etudiante\/","title":{"rendered":"Le campus, la ville et La vie \u00e9tudiante"},"content":{"rendered":"<p>Que vous optiez pour un kot priv\u00e9 ou pour un logement dans l\u2019une des cit\u00e9s universitaires, vous vous rendrez vite compte que Mons est une ville tr\u00e8s vivante : il s\u2019y passe toujours quelque chose !<\/p>\n<p>Les b\u00e2timents de l\u2019UMONS sont r\u00e9partis dans le c\u0153ur historique, formant un v\u00e9ritable campus urbain. Le campus, moderne et \u00e0 dimension humaine, se trouve \u00e0 seulement une dizaine de minutes de marche du tr\u00e8s beau centre historique de Mons\u00a0; il est facilement accessible en voiture, par les transports en commun et en particulier il est proche des gares SNCB de Mons et Nimy.<\/p>\n<p>Cette proximit\u00e9 avec la ville de Mons se concr\u00e9tise au travers de partenariats divers. En particulier la ville offre aux \u00e9tudiants de l&rsquo;UMons des r\u00e9ductions sur diverses activit\u00e9s culturelles.<\/p>\n<p>La Facult\u00e9 est tr\u00e8s active dans la\u00a0<a href=\"http:\/\/www.mumons.be\" target=\"_blank\" rel=\"noopener noreferrer\">diffusion de la culture scientifique<\/a> et compte plusieurs clubs scientifiques ouverts \u00e0 tous.<\/p>\n<p>Mons est \u00e9galement une ville o\u00f9 l\u2019on sait s\u2019amuser. Chaque ann\u00e9e \u00e0 la Trinit\u00e9, sa f\u00eate du Doudou, d\u00e9clar\u00e9e patrimoine immat\u00e9riel de l\u2019Humanit\u00e9 par l\u2019Unesco, attire des dizaines de milliers de visiteurs et de touristes.<\/p>\n<p><span style=\"color: #098c92;\"><strong>Les associations d\u2019\u00e9tudiants (AGE)<\/strong><\/span><br \/>\nPlus de 11.500 \u00e9tudiants inscrits \u00e0 l\u2019UMONS se regroupent au sein d\u2019associations dans leur Facult\u00e9 ou Ecole respectives. Ces associations organisent des activit\u00e9s festives tout au long de l\u2019ann\u00e9e acad\u00e9mique : soir\u00e9es \u00e0 th\u00e8me, sorties culturelles, voyages au ski, bals acad\u00e9miques\u2026 afin de concilier agr\u00e9ablement \u00e9tudes et loisirs.Elles veillent aussi \u00e0 l\u2019int\u00e9gration des nouveaux venus.<\/p>\n<p><span style=\"color: #098c92;\">La Cellule Sport<\/span><br \/>\nLa vie universitaire s\u2019\u00e9tend au-del\u00e0 des auditoires et des labos. La Cellule Sport permet aux \u00e9tudiants et aux membres du personnel de participer \u00e0 des activit\u00e9s sportives organis\u00e9es au sein-m\u00eame de l\u2019Universit\u00e9. Gr\u00e2ce \u00e0 cette cellule, \u00e9tudiants et membres du personnel b\u00e9n\u00e9ficient \u00e9galement de places gratuites ou \u00e0 prix r\u00e9duits aupr\u00e8s de nos partenaires.<\/p>\n<p><span style=\"color: #098c92;\">Diff\u00e9rentes activit\u00e9s organis\u00e9es<\/span><\/p>\n<ul>\n<li><strong><span style=\"color: #a0ca3c;\">4h Cuistax<\/span><\/strong><br \/>\nDepuis 2010, toutes les Assembl\u00e9es G\u00e9n\u00e9rales des Etudiants participent aux 4h cuistax de l\u2019Universit\u00e9 de Mons. Au fil des ans, l\u2019\u00e9v\u00e9nement convivial et bon enfant a f\u00e9d\u00e9r\u00e9 de nouveaux adeptes comme l\u2019\u00e9quipe du personnel administratif, du corps acad\u00e9mique ou du CampusUCharleroi.<\/li>\n<li><span style=\"color: #a0ca3c;\"><strong>Coupe du Mons<\/strong><\/span><br \/>\nLa Coupe du Mons est l\u2019\u00e9v\u00e9nement sportif montois incontournable ! Le plus grand rendez-vous footballistique des \u00e9tudiants universitaires et des Hautes Ecoles de Belgique. Avec plus de 1.000 joueurs,la Coupe du Mons est organis\u00e9e par les\u00e9tudiants de Warocqu\u00e9. Vous y appr\u00e9cierez \u00e9galement les diff\u00e9rentes soir\u00e9es organis\u00e9es lors de cet \u00e9v\u00e8nement.<\/li>\n<\/ul>\n","protected":false},"excerpt":{"rendered":"<p>Que vous optiez pour un kot priv\u00e9 ou pour un logement dans l\u2019une des cit\u00e9s universitaires, vous vous rendrez vite compte que Mons est une ville tr\u00e8s vivante : il s\u2019y passe toujours quelque chose ! Les b\u00e2timents de l\u2019UMONS sont r\u00e9partis dans le c\u0153ur historique, formant un v\u00e9ritable campus urbain. Le campus, moderne et [&hellip;]<\/p>\n","protected":false},"author":2,"featured_media":0,"parent":32,"menu_order":0,"comment_status":"closed","ping_status":"closed","template":"","meta":{"footnotes":""},"class_list":["post-166","page","type-page","status-publish","hentry"],"yoast_head":"<!-- This site is optimized with the Yoast SEO plugin v27.2 - https:\/\/yoast.com\/product\/yoast-seo-wordpress\/ -->\n<title>Le campus, la ville et La vie \u00e9tudiante - Facult\u00e9 \/ FS<\/title>\n<meta name=\"robots\" content=\"index, follow, max-snippet:-1, max-image-preview:large, max-video-preview:-1\" \/>\n<link rel=\"canonical\" href=\"https:\/\/web.umons.ac.be\/fs\/fr\/a-propos-de-la-faculte\/le-campus-la-ville-et-la-vie-etudiante\/\" \/>\n<meta property=\"og:locale\" content=\"fr_FR\" \/>\n<meta property=\"og:type\" content=\"article\" \/>\n<meta property=\"og:title\" content=\"Le campus, la ville et La vie \u00e9tudiante - Facult\u00e9 \/ FS\" \/>\n<meta property=\"og:description\" content=\"Que vous optiez pour un kot priv\u00e9 ou pour un logement dans l\u2019une des cit\u00e9s universitaires, vous vous rendrez vite compte que Mons est une ville tr\u00e8s vivante : il s\u2019y passe toujours quelque chose ! Les b\u00e2timents de l\u2019UMONS sont r\u00e9partis dans le c\u0153ur historique, formant un v\u00e9ritable campus urbain. Le campus, moderne et [&hellip;]\" \/>\n<meta property=\"og:url\" content=\"https:\/\/web.umons.ac.be\/fs\/fr\/a-propos-de-la-faculte\/le-campus-la-ville-et-la-vie-etudiante\/\" \/>\n<meta property=\"og:site_name\" content=\"Facult\u00e9 \/ FS\" \/>\n<meta property=\"article:modified_time\" content=\"2025-12-08T14:56:26+00:00\" \/>\n<meta name=\"twitter:card\" content=\"summary_large_image\" \/>\n<meta name=\"twitter:label1\" content=\"Dur\u00e9e de lecture estim\u00e9e\" \/>\n\t<meta name=\"twitter:data1\" content=\"3 minutes\" \/>\n<script type=\"application\/ld+json\" class=\"yoast-schema-graph\">{\"@context\":\"https:\/\/schema.org\",\"@graph\":[{\"@type\":\"WebPage\",\"@id\":\"https:\/\/web.umons.ac.be\/fs\/fr\/a-propos-de-la-faculte\/le-campus-la-ville-et-la-vie-etudiante\/\",\"url\":\"https:\/\/web.umons.ac.be\/fs\/fr\/a-propos-de-la-faculte\/le-campus-la-ville-et-la-vie-etudiante\/\",\"name\":\"Le campus, la ville et La vie \u00e9tudiante - Facult\u00e9 \/ FS\",\"isPartOf\":{\"@id\":\"https:\/\/web.umons.ac.be\/fs\/#website\"},\"datePublished\":\"2017-07-10T13:07:50+00:00\",\"dateModified\":\"2025-12-08T14:56:26+00:00\",\"breadcrumb\":{\"@id\":\"https:\/\/web.umons.ac.be\/fs\/fr\/a-propos-de-la-faculte\/le-campus-la-ville-et-la-vie-etudiante\/#breadcrumb\"},\"inLanguage\":\"fr-FR\",\"potentialAction\":[{\"@type\":\"ReadAction\",\"target\":[\"https:\/\/web.umons.ac.be\/fs\/fr\/a-propos-de-la-faculte\/le-campus-la-ville-et-la-vie-etudiante\/\"]}]},{\"@type\":\"BreadcrumbList\",\"@id\":\"https:\/\/web.umons.ac.be\/fs\/fr\/a-propos-de-la-faculte\/le-campus-la-ville-et-la-vie-etudiante\/#breadcrumb\",\"itemListElement\":[{\"@type\":\"ListItem\",\"position\":1,\"name\":\"Accueil\",\"item\":\"https:\/\/web.umons.ac.be\/fs\/fr\/\"},{\"@type\":\"ListItem\",\"position\":2,\"name\":\"A propos de la facult\u00e9\",\"item\":\"https:\/\/web.umons.ac.be\/fs\/fr\/a-propos-de-la-faculte\/\"},{\"@type\":\"ListItem\",\"position\":3,\"name\":\"Le campus, la ville et La vie \u00e9tudiante\"}]},{\"@type\":\"WebSite\",\"@id\":\"https:\/\/web.umons.ac.be\/fs\/#website\",\"url\":\"https:\/\/web.umons.ac.be\/fs\/\",\"name\":\"Facult\u00e9 \/ FS\",\"description\":\"\",\"potentialAction\":[{\"@type\":\"SearchAction\",\"target\":{\"@type\":\"EntryPoint\",\"urlTemplate\":\"https:\/\/web.umons.ac.be\/fs\/?s={search_term_string}\"},\"query-input\":{\"@type\":\"PropertyValueSpecification\",\"valueRequired\":true,\"valueName\":\"search_term_string\"}}],\"inLanguage\":\"fr-FR\"}]}<\/script>\n<!-- \/ Yoast SEO plugin. -->","yoast_head_json":{"title":"Le campus, la ville et La vie \u00e9tudiante - Facult\u00e9 \/ FS","robots":{"index":"index","follow":"follow","max-snippet":"max-snippet:-1","max-image-preview":"max-image-preview:large","max-video-preview":"max-video-preview:-1"},"canonical":"https:\/\/web.umons.ac.be\/fs\/fr\/a-propos-de-la-faculte\/le-campus-la-ville-et-la-vie-etudiante\/","og_locale":"fr_FR","og_type":"article","og_title":"Le campus, la ville et La vie \u00e9tudiante - Facult\u00e9 \/ FS","og_description":"Que vous optiez pour un kot priv\u00e9 ou pour un logement dans l\u2019une des cit\u00e9s universitaires, vous vous rendrez vite compte que Mons est une ville tr\u00e8s vivante : il s\u2019y passe toujours quelque chose ! Les b\u00e2timents de l\u2019UMONS sont r\u00e9partis dans le c\u0153ur historique, formant un v\u00e9ritable campus urbain. Le campus, moderne et [&hellip;]","og_url":"https:\/\/web.umons.ac.be\/fs\/fr\/a-propos-de-la-faculte\/le-campus-la-ville-et-la-vie-etudiante\/","og_site_name":"Facult\u00e9 \/ FS","article_modified_time":"2025-12-08T14:56:26+00:00","twitter_card":"summary_large_image","twitter_misc":{"Dur\u00e9e de lecture estim\u00e9e":"3 minutes"},"schema":{"@context":"https:\/\/schema.org","@graph":[{"@type":"WebPage","@id":"https:\/\/web.umons.ac.be\/fs\/fr\/a-propos-de-la-faculte\/le-campus-la-ville-et-la-vie-etudiante\/","url":"https:\/\/web.umons.ac.be\/fs\/fr\/a-propos-de-la-faculte\/le-campus-la-ville-et-la-vie-etudiante\/","name":"Le campus, la ville et La vie \u00e9tudiante - Facult\u00e9 \/ FS","isPartOf":{"@id":"https:\/\/web.umons.ac.be\/fs\/#website"},"datePublished":"2017-07-10T13:07:50+00:00","dateModified":"2025-12-08T14:56:26+00:00","breadcrumb":{"@id":"https:\/\/web.umons.ac.be\/fs\/fr\/a-propos-de-la-faculte\/le-campus-la-ville-et-la-vie-etudiante\/#breadcrumb"},"inLanguage":"fr-FR","potentialAction":[{"@type":"ReadAction","target":["https:\/\/web.umons.ac.be\/fs\/fr\/a-propos-de-la-faculte\/le-campus-la-ville-et-la-vie-etudiante\/"]}]},{"@type":"BreadcrumbList","@id":"https:\/\/web.umons.ac.be\/fs\/fr\/a-propos-de-la-faculte\/le-campus-la-ville-et-la-vie-etudiante\/#breadcrumb","itemListElement":[{"@type":"ListItem","position":1,"name":"Accueil","item":"https:\/\/web.umons.ac.be\/fs\/fr\/"},{"@type":"ListItem","position":2,"name":"A propos de la facult\u00e9","item":"https:\/\/web.umons.ac.be\/fs\/fr\/a-propos-de-la-faculte\/"},{"@type":"ListItem","position":3,"name":"Le campus, la ville et La vie \u00e9tudiante"}]},{"@type":"WebSite","@id":"https:\/\/web.umons.ac.be\/fs\/#website","url":"https:\/\/web.umons.ac.be\/fs\/","name":"Facult\u00e9 \/ FS","description":"","potentialAction":[{"@type":"SearchAction","target":{"@type":"EntryPoint","urlTemplate":"https:\/\/web.umons.ac.be\/fs\/?s={search_term_string}"},"query-input":{"@type":"PropertyValueSpecification","valueRequired":true,"valueName":"search_term_string"}}],"inLanguage":"fr-FR"}]}},"lang":"fr","translations":{"fr":166,"en":328},"pll_sync_post":[],"_links":{"self":[{"href":"https:\/\/web.umons.ac.be\/fs\/wp-json\/wp\/v2\/pages\/166","targetHints":{"allow":["GET"]}}],"collection":[{"href":"https:\/\/web.umons.ac.be\/fs\/wp-json\/wp\/v2\/pages"}],"about":[{"href":"https:\/\/web.umons.ac.be\/fs\/wp-json\/wp\/v2\/types\/page"}],"author":[{"embeddable":true,"href":"https:\/\/web.umons.ac.be\/fs\/wp-json\/wp\/v2\/users\/2"}],"replies":[{"embeddable":true,"href":"https:\/\/web.umons.ac.be\/fs\/wp-json\/wp\/v2\/comments?post=166"}],"version-history":[{"count":4,"href":"https:\/\/web.umons.ac.be\/fs\/wp-json\/wp\/v2\/pages\/166\/revisions"}],"predecessor-version":[{"id":2427,"href":"https:\/\/web.umons.ac.be\/fs\/wp-json\/wp\/v2\/pages\/166\/revisions\/2427"}],"up":[{"embeddable":true,"href":"https:\/\/web.umons.ac.be\/fs\/wp-json\/wp\/v2\/pages\/32"}],"wp:attachment":[{"href":"https:\/\/web.umons.ac.be\/fs\/wp-json\/wp\/v2\/media?parent=166"}],"curies":[{"name":"wp","href":"https:\/\/api.w.org\/{rel}","templated":true}]}}