{"id":177,"date":"2017-07-10T15:28:26","date_gmt":"2017-07-10T13:28:26","guid":{"rendered":"https:\/\/web.umons.ac.be\/fs\/?page_id=177"},"modified":"2025-12-08T15:46:37","modified_gmt":"2025-12-08T14:46:37","slug":"impliquer-les-etudiants-dans-la-vie-universitaire","status":"publish","type":"page","link":"https:\/\/web.umons.ac.be\/fs\/fr\/a-propos-de-la-faculte\/impliquer-les-etudiants-dans-la-vie-universitaire\/","title":{"rendered":"Impliquer les \u00e9tudiants dans la vie universitaire"},"content":{"rendered":"<p>Les enseignants sont soucieux d\u2019impliquer les \u00e9tudiants dans la vie universitaire. Plusieurs \u00e9tudiants participent aux organes d\u00e9cisionnels\u00a0 (conseil de d\u00e9partement et\/ou conseil de facult\u00e9) de la Facult\u00e9 des Sciences.<\/p>\n<p>Cette repr\u00e9sentation leur permet de faire part de\u00a0leurs besoins, soucis et propositions, en particulier\u00a0en ce qui concerne les programmes de cours. Tous\u00a0les cours du grade de Bachelier sont, en outre, r\u00e9guli\u00e8rement\u00a0soumis \u00e0 une \u00e9valuation p\u00e9dagogique.<\/p>\n","protected":false},"excerpt":{"rendered":"<p>Les enseignants sont soucieux d\u2019impliquer les \u00e9tudiants dans la vie universitaire. Plusieurs \u00e9tudiants participent aux organes d\u00e9cisionnels\u00a0 (conseil de d\u00e9partement et\/ou conseil de facult\u00e9) de la Facult\u00e9 des Sciences. Cette repr\u00e9sentation leur permet de faire part de\u00a0leurs besoins, soucis et propositions, en particulier\u00a0en ce qui concerne les programmes de cours. Tous\u00a0les cours du grade de [&hellip;]<\/p>\n","protected":false},"author":2,"featured_media":0,"parent":32,"menu_order":0,"comment_status":"closed","ping_status":"closed","template":"","meta":{"footnotes":""},"class_list":["post-177","page","type-page","status-publish","hentry"],"yoast_head":"<!-- This site is optimized with the Yoast SEO plugin v27.2 - https:\/\/yoast.com\/product\/yoast-seo-wordpress\/ -->\n<title>Impliquer les \u00e9tudiants dans la vie universitaire - Facult\u00e9 \/ FS<\/title>\n<meta name=\"robots\" content=\"index, follow, max-snippet:-1, max-image-preview:large, max-video-preview:-1\" \/>\n<link rel=\"canonical\" href=\"https:\/\/web.umons.ac.be\/fs\/fr\/a-propos-de-la-faculte\/impliquer-les-etudiants-dans-la-vie-universitaire\/\" \/>\n<meta property=\"og:locale\" content=\"fr_FR\" \/>\n<meta property=\"og:type\" content=\"article\" \/>\n<meta property=\"og:title\" content=\"Impliquer les \u00e9tudiants dans la vie universitaire - Facult\u00e9 \/ FS\" \/>\n<meta property=\"og:description\" content=\"Les enseignants sont soucieux d\u2019impliquer les \u00e9tudiants dans la vie universitaire. Plusieurs \u00e9tudiants participent aux organes d\u00e9cisionnels\u00a0 (conseil de d\u00e9partement et\/ou conseil de facult\u00e9) de la Facult\u00e9 des Sciences. Cette repr\u00e9sentation leur permet de faire part de\u00a0leurs besoins, soucis et propositions, en particulier\u00a0en ce qui concerne les programmes de cours. Tous\u00a0les cours du grade de [&hellip;]\" \/>\n<meta property=\"og:url\" content=\"https:\/\/web.umons.ac.be\/fs\/fr\/a-propos-de-la-faculte\/impliquer-les-etudiants-dans-la-vie-universitaire\/\" \/>\n<meta property=\"og:site_name\" content=\"Facult\u00e9 \/ FS\" \/>\n<meta property=\"article:modified_time\" content=\"2025-12-08T14:46:37+00:00\" \/>\n<meta name=\"twitter:card\" content=\"summary_large_image\" \/>\n<meta name=\"twitter:label1\" content=\"Dur\u00e9e de lecture estim\u00e9e\" \/>\n\t<meta name=\"twitter:data1\" content=\"1 minute\" \/>\n<script type=\"application\/ld+json\" class=\"yoast-schema-graph\">{\"@context\":\"https:\/\/schema.org\",\"@graph\":[{\"@type\":\"WebPage\",\"@id\":\"https:\/\/web.umons.ac.be\/fs\/fr\/a-propos-de-la-faculte\/impliquer-les-etudiants-dans-la-vie-universitaire\/\",\"url\":\"https:\/\/web.umons.ac.be\/fs\/fr\/a-propos-de-la-faculte\/impliquer-les-etudiants-dans-la-vie-universitaire\/\",\"name\":\"Impliquer les \u00e9tudiants dans la vie universitaire - Facult\u00e9 \/ FS\",\"isPartOf\":{\"@id\":\"https:\/\/web.umons.ac.be\/fs\/#website\"},\"datePublished\":\"2017-07-10T13:28:26+00:00\",\"dateModified\":\"2025-12-08T14:46:37+00:00\",\"breadcrumb\":{\"@id\":\"https:\/\/web.umons.ac.be\/fs\/fr\/a-propos-de-la-faculte\/impliquer-les-etudiants-dans-la-vie-universitaire\/#breadcrumb\"},\"inLanguage\":\"fr-FR\",\"potentialAction\":[{\"@type\":\"ReadAction\",\"target\":[\"https:\/\/web.umons.ac.be\/fs\/fr\/a-propos-de-la-faculte\/impliquer-les-etudiants-dans-la-vie-universitaire\/\"]}]},{\"@type\":\"BreadcrumbList\",\"@id\":\"https:\/\/web.umons.ac.be\/fs\/fr\/a-propos-de-la-faculte\/impliquer-les-etudiants-dans-la-vie-universitaire\/#breadcrumb\",\"itemListElement\":[{\"@type\":\"ListItem\",\"position\":1,\"name\":\"Accueil\",\"item\":\"https:\/\/web.umons.ac.be\/fs\/fr\/\"},{\"@type\":\"ListItem\",\"position\":2,\"name\":\"A propos de la facult\u00e9\",\"item\":\"https:\/\/web.umons.ac.be\/fs\/fr\/a-propos-de-la-faculte\/\"},{\"@type\":\"ListItem\",\"position\":3,\"name\":\"Impliquer les \u00e9tudiants dans la vie universitaire\"}]},{\"@type\":\"WebSite\",\"@id\":\"https:\/\/web.umons.ac.be\/fs\/#website\",\"url\":\"https:\/\/web.umons.ac.be\/fs\/\",\"name\":\"Facult\u00e9 \/ FS\",\"description\":\"\",\"potentialAction\":[{\"@type\":\"SearchAction\",\"target\":{\"@type\":\"EntryPoint\",\"urlTemplate\":\"https:\/\/web.umons.ac.be\/fs\/?s={search_term_string}\"},\"query-input\":{\"@type\":\"PropertyValueSpecification\",\"valueRequired\":true,\"valueName\":\"search_term_string\"}}],\"inLanguage\":\"fr-FR\"}]}<\/script>\n<!-- \/ Yoast SEO plugin. -->","yoast_head_json":{"title":"Impliquer les \u00e9tudiants dans la vie universitaire - Facult\u00e9 \/ FS","robots":{"index":"index","follow":"follow","max-snippet":"max-snippet:-1","max-image-preview":"max-image-preview:large","max-video-preview":"max-video-preview:-1"},"canonical":"https:\/\/web.umons.ac.be\/fs\/fr\/a-propos-de-la-faculte\/impliquer-les-etudiants-dans-la-vie-universitaire\/","og_locale":"fr_FR","og_type":"article","og_title":"Impliquer les \u00e9tudiants dans la vie universitaire - Facult\u00e9 \/ FS","og_description":"Les enseignants sont soucieux d\u2019impliquer les \u00e9tudiants dans la vie universitaire. Plusieurs \u00e9tudiants participent aux organes d\u00e9cisionnels\u00a0 (conseil de d\u00e9partement et\/ou conseil de facult\u00e9) de la Facult\u00e9 des Sciences. Cette repr\u00e9sentation leur permet de faire part de\u00a0leurs besoins, soucis et propositions, en particulier\u00a0en ce qui concerne les programmes de cours. Tous\u00a0les cours du grade de [&hellip;]","og_url":"https:\/\/web.umons.ac.be\/fs\/fr\/a-propos-de-la-faculte\/impliquer-les-etudiants-dans-la-vie-universitaire\/","og_site_name":"Facult\u00e9 \/ FS","article_modified_time":"2025-12-08T14:46:37+00:00","twitter_card":"summary_large_image","twitter_misc":{"Dur\u00e9e de lecture estim\u00e9e":"1 minute"},"schema":{"@context":"https:\/\/schema.org","@graph":[{"@type":"WebPage","@id":"https:\/\/web.umons.ac.be\/fs\/fr\/a-propos-de-la-faculte\/impliquer-les-etudiants-dans-la-vie-universitaire\/","url":"https:\/\/web.umons.ac.be\/fs\/fr\/a-propos-de-la-faculte\/impliquer-les-etudiants-dans-la-vie-universitaire\/","name":"Impliquer les \u00e9tudiants dans la vie universitaire - Facult\u00e9 \/ FS","isPartOf":{"@id":"https:\/\/web.umons.ac.be\/fs\/#website"},"datePublished":"2017-07-10T13:28:26+00:00","dateModified":"2025-12-08T14:46:37+00:00","breadcrumb":{"@id":"https:\/\/web.umons.ac.be\/fs\/fr\/a-propos-de-la-faculte\/impliquer-les-etudiants-dans-la-vie-universitaire\/#breadcrumb"},"inLanguage":"fr-FR","potentialAction":[{"@type":"ReadAction","target":["https:\/\/web.umons.ac.be\/fs\/fr\/a-propos-de-la-faculte\/impliquer-les-etudiants-dans-la-vie-universitaire\/"]}]},{"@type":"BreadcrumbList","@id":"https:\/\/web.umons.ac.be\/fs\/fr\/a-propos-de-la-faculte\/impliquer-les-etudiants-dans-la-vie-universitaire\/#breadcrumb","itemListElement":[{"@type":"ListItem","position":1,"name":"Accueil","item":"https:\/\/web.umons.ac.be\/fs\/fr\/"},{"@type":"ListItem","position":2,"name":"A propos de la facult\u00e9","item":"https:\/\/web.umons.ac.be\/fs\/fr\/a-propos-de-la-faculte\/"},{"@type":"ListItem","position":3,"name":"Impliquer les \u00e9tudiants dans la vie universitaire"}]},{"@type":"WebSite","@id":"https:\/\/web.umons.ac.be\/fs\/#website","url":"https:\/\/web.umons.ac.be\/fs\/","name":"Facult\u00e9 \/ FS","description":"","potentialAction":[{"@type":"SearchAction","target":{"@type":"EntryPoint","urlTemplate":"https:\/\/web.umons.ac.be\/fs\/?s={search_term_string}"},"query-input":{"@type":"PropertyValueSpecification","valueRequired":true,"valueName":"search_term_string"}}],"inLanguage":"fr-FR"}]}},"lang":"fr","translations":{"fr":177,"en":324},"pll_sync_post":[],"_links":{"self":[{"href":"https:\/\/web.umons.ac.be\/fs\/wp-json\/wp\/v2\/pages\/177","targetHints":{"allow":["GET"]}}],"collection":[{"href":"https:\/\/web.umons.ac.be\/fs\/wp-json\/wp\/v2\/pages"}],"about":[{"href":"https:\/\/web.umons.ac.be\/fs\/wp-json\/wp\/v2\/types\/page"}],"author":[{"embeddable":true,"href":"https:\/\/web.umons.ac.be\/fs\/wp-json\/wp\/v2\/users\/2"}],"replies":[{"embeddable":true,"href":"https:\/\/web.umons.ac.be\/fs\/wp-json\/wp\/v2\/comments?post=177"}],"version-history":[{"count":2,"href":"https:\/\/web.umons.ac.be\/fs\/wp-json\/wp\/v2\/pages\/177\/revisions"}],"predecessor-version":[{"id":2407,"href":"https:\/\/web.umons.ac.be\/fs\/wp-json\/wp\/v2\/pages\/177\/revisions\/2407"}],"up":[{"embeddable":true,"href":"https:\/\/web.umons.ac.be\/fs\/wp-json\/wp\/v2\/pages\/32"}],"wp:attachment":[{"href":"https:\/\/web.umons.ac.be\/fs\/wp-json\/wp\/v2\/media?parent=177"}],"curies":[{"name":"wp","href":"https:\/\/api.w.org\/{rel}","templated":true}]}}