{"id":21,"date":"2017-07-10T10:44:35","date_gmt":"2017-07-10T08:44:35","guid":{"rendered":"https:\/\/web.umons.ac.be\/fs\/?page_id=21"},"modified":"2025-12-05T10:31:56","modified_gmt":"2025-12-05T09:31:56","slug":"etudes","status":"publish","type":"page","link":"https:\/\/web.umons.ac.be\/fs\/fr\/etudes\/","title":{"rendered":"Etudes"},"content":{"rendered":"<p>La Facult\u00e9 des Sciences organise \u00e0 Mons\u00a0la totalit\u00e9 des cursus en sciences dans les\u00a0domaines de la <strong>biologie<\/strong>, <strong>biochimie<\/strong>, <strong>chimie<\/strong>, <strong>informatique<\/strong>,\u00a0<strong>math\u00e9matique<\/strong> et <strong>physique<\/strong>, du grade\u00a0de Bachelier jusqu\u2019au Doctorat, en passant par\u00a0les Masters. \u00c0 Charleroi, en collaboration avec\u00a0l\u2019ULB, elle organise un Master \u00e0 horaire d\u00e9cal\u00e9\u00a0en sciences informatiques.<\/p>\n<p>Apr\u00e8s l\u2019obtention d\u2019un dipl\u00f4me de Bachelier en biologie, chimie, informatique, math\u00e9matique\u00a0ou physique, vous pourrez poursuivre avec un\u00a0<strong>Master<\/strong> dans la discipline correspondante.<\/p>\n<p>Nous proposons les dipl\u00f4mes suivants :<\/p>\n<ul>\n<li>Master en Biologie des Organismes et Ecologie (finalit\u00e9s approfondie et sp\u00e9cialis\u00e9e &#8211; m\u00e9tiers de l\u2019\u00e9co-conseil) ;<\/li>\n<li>Master en Biochimie, Biologie Mol\u00e9culaire et Cellulaire (finalit\u00e9s approfondie et sp\u00e9cialis\u00e9e industrie) ;<\/li>\n<li>Master en Sciences chimiques (finalit\u00e9s approfondie et sp\u00e9cialis\u00e9e: entreprise) ;<\/li>\n<li>Master en Sciences informatiques (finalit\u00e9s approfondie, sp\u00e9cialis\u00e9e et sp\u00e9cialis\u00e9e en artificial intelligence &amp; data analytics) ;<\/li>\n<li>Master en Sciences math\u00e9matiques (finalit\u00e9s approfondie et finalit\u00e9s sp\u00e9cialis\u00e9es (m\u00e9tiers de la finance et du big date ou m\u00e9tiers de l&rsquo;informatique et de l&rsquo;intelligence artificielle) ;<\/li>\n<li>Master en Sciences physiques (finalit\u00e9 approfondie, option interactions fondamentales ou option sciences des mat\u00e9riaux)<\/li>\n<\/ul>\n<p>La poursuite d\u2019un Doctorat est possible dans\u00a0toutes les disciplines reprises ci-dessus.<\/p>\n<hr \/>\n<p><img loading=\"lazy\" decoding=\"async\" class=\"size-full wp-image-1147 alignleft\" src=\"https:\/\/web.umons.ac.be\/app\/uploads\/sites\/11\/2019\/03\/visuel_300.jpg\" alt=\"\" width=\"300\" height=\"89\" srcset=\"https:\/\/web.umons.ac.be\/app\/uploads\/sites\/11\/2019\/03\/visuel_300.jpg 300w, https:\/\/web.umons.ac.be\/app\/uploads\/sites\/11\/2019\/03\/visuel_300-30x9.jpg 30w, https:\/\/web.umons.ac.be\/app\/uploads\/sites\/11\/2019\/03\/visuel_300-60x18.jpg 60w\" sizes=\"auto, (max-width: 300px) 100vw, 300px\" \/><\/p>\n","protected":false},"excerpt":{"rendered":"<p>La Facult\u00e9 des Sciences organise \u00e0 Mons\u00a0la totalit\u00e9 des cursus en sciences dans les\u00a0domaines de la biologie, biochimie, chimie, informatique,\u00a0math\u00e9matique et physique, du grade\u00a0de Bachelier jusqu\u2019au Doctorat, en passant par\u00a0les Masters. \u00c0 Charleroi, en collaboration avec\u00a0l\u2019ULB, elle organise un Master \u00e0 horaire d\u00e9cal\u00e9\u00a0en sciences informatiques. Apr\u00e8s l\u2019obtention d\u2019un dipl\u00f4me de Bachelier en biologie, chimie, informatique, [&hellip;]<\/p>\n","protected":false},"author":2,"featured_media":0,"parent":0,"menu_order":0,"comment_status":"closed","ping_status":"closed","template":"","meta":{"footnotes":""},"class_list":["post-21","page","type-page","status-publish","hentry"],"yoast_head":"<!-- This site is optimized with the Yoast SEO plugin v27.2 - https:\/\/yoast.com\/product\/yoast-seo-wordpress\/ -->\n<title>Etudes - Facult\u00e9 \/ FS<\/title>\n<meta name=\"robots\" content=\"index, follow, max-snippet:-1, max-image-preview:large, max-video-preview:-1\" \/>\n<link rel=\"canonical\" href=\"https:\/\/web.umons.ac.be\/fs\/fr\/etudes\/\" \/>\n<meta property=\"og:locale\" content=\"fr_FR\" \/>\n<meta property=\"og:type\" content=\"article\" \/>\n<meta property=\"og:title\" content=\"Etudes - Facult\u00e9 \/ FS\" \/>\n<meta property=\"og:description\" content=\"La Facult\u00e9 des Sciences organise \u00e0 Mons\u00a0la totalit\u00e9 des cursus en sciences dans les\u00a0domaines de la biologie, biochimie, chimie, informatique,\u00a0math\u00e9matique et physique, du grade\u00a0de Bachelier jusqu\u2019au Doctorat, en passant par\u00a0les Masters. \u00c0 Charleroi, en collaboration avec\u00a0l\u2019ULB, elle organise un Master \u00e0 horaire d\u00e9cal\u00e9\u00a0en sciences informatiques. Apr\u00e8s l\u2019obtention d\u2019un dipl\u00f4me de Bachelier en biologie, chimie, informatique, [&hellip;]\" \/>\n<meta property=\"og:url\" content=\"https:\/\/web.umons.ac.be\/fs\/fr\/etudes\/\" \/>\n<meta property=\"og:site_name\" content=\"Facult\u00e9 \/ FS\" \/>\n<meta property=\"article:modified_time\" content=\"2025-12-05T09:31:56+00:00\" \/>\n<meta property=\"og:image\" content=\"https:\/\/web.umons.ac.be\/app\/uploads\/sites\/11\/2019\/03\/visuel_300.jpg\" \/>\n\t<meta property=\"og:image:width\" content=\"300\" \/>\n\t<meta property=\"og:image:height\" content=\"89\" \/>\n\t<meta property=\"og:image:type\" content=\"image\/jpeg\" \/>\n<meta name=\"twitter:card\" content=\"summary_large_image\" \/>\n<meta name=\"twitter:label1\" content=\"Dur\u00e9e de lecture estim\u00e9e\" \/>\n\t<meta name=\"twitter:data1\" content=\"2 minutes\" \/>\n<script type=\"application\/ld+json\" class=\"yoast-schema-graph\">{\"@context\":\"https:\/\/schema.org\",\"@graph\":[{\"@type\":\"WebPage\",\"@id\":\"https:\/\/web.umons.ac.be\/fs\/fr\/etudes\/\",\"url\":\"https:\/\/web.umons.ac.be\/fs\/fr\/etudes\/\",\"name\":\"Etudes - Facult\u00e9 \/ FS\",\"isPartOf\":{\"@id\":\"https:\/\/web.umons.ac.be\/fs\/#website\"},\"primaryImageOfPage\":{\"@id\":\"https:\/\/web.umons.ac.be\/fs\/fr\/etudes\/#primaryimage\"},\"image\":{\"@id\":\"https:\/\/web.umons.ac.be\/fs\/fr\/etudes\/#primaryimage\"},\"thumbnailUrl\":\"https:\/\/web.umons.ac.be\/app\/uploads\/sites\/11\/2019\/03\/visuel_300.jpg\",\"datePublished\":\"2017-07-10T08:44:35+00:00\",\"dateModified\":\"2025-12-05T09:31:56+00:00\",\"breadcrumb\":{\"@id\":\"https:\/\/web.umons.ac.be\/fs\/fr\/etudes\/#breadcrumb\"},\"inLanguage\":\"fr-FR\",\"potentialAction\":[{\"@type\":\"ReadAction\",\"target\":[\"https:\/\/web.umons.ac.be\/fs\/fr\/etudes\/\"]}]},{\"@type\":\"ImageObject\",\"inLanguage\":\"fr-FR\",\"@id\":\"https:\/\/web.umons.ac.be\/fs\/fr\/etudes\/#primaryimage\",\"url\":\"https:\/\/web.umons.ac.be\/app\/uploads\/sites\/11\/2019\/03\/visuel_300.jpg\",\"contentUrl\":\"https:\/\/web.umons.ac.be\/app\/uploads\/sites\/11\/2019\/03\/visuel_300.jpg\"},{\"@type\":\"BreadcrumbList\",\"@id\":\"https:\/\/web.umons.ac.be\/fs\/fr\/etudes\/#breadcrumb\",\"itemListElement\":[{\"@type\":\"ListItem\",\"position\":1,\"name\":\"Accueil\",\"item\":\"https:\/\/web.umons.ac.be\/fs\/fr\/\"},{\"@type\":\"ListItem\",\"position\":2,\"name\":\"Etudes\"}]},{\"@type\":\"WebSite\",\"@id\":\"https:\/\/web.umons.ac.be\/fs\/#website\",\"url\":\"https:\/\/web.umons.ac.be\/fs\/\",\"name\":\"Facult\u00e9 \/ FS\",\"description\":\"\",\"potentialAction\":[{\"@type\":\"SearchAction\",\"target\":{\"@type\":\"EntryPoint\",\"urlTemplate\":\"https:\/\/web.umons.ac.be\/fs\/?s={search_term_string}\"},\"query-input\":{\"@type\":\"PropertyValueSpecification\",\"valueRequired\":true,\"valueName\":\"search_term_string\"}}],\"inLanguage\":\"fr-FR\"}]}<\/script>\n<!-- \/ Yoast SEO plugin. -->","yoast_head_json":{"title":"Etudes - Facult\u00e9 \/ FS","robots":{"index":"index","follow":"follow","max-snippet":"max-snippet:-1","max-image-preview":"max-image-preview:large","max-video-preview":"max-video-preview:-1"},"canonical":"https:\/\/web.umons.ac.be\/fs\/fr\/etudes\/","og_locale":"fr_FR","og_type":"article","og_title":"Etudes - Facult\u00e9 \/ FS","og_description":"La Facult\u00e9 des Sciences organise \u00e0 Mons\u00a0la totalit\u00e9 des cursus en sciences dans les\u00a0domaines de la biologie, biochimie, chimie, informatique,\u00a0math\u00e9matique et physique, du grade\u00a0de Bachelier jusqu\u2019au Doctorat, en passant par\u00a0les Masters. \u00c0 Charleroi, en collaboration avec\u00a0l\u2019ULB, elle organise un Master \u00e0 horaire d\u00e9cal\u00e9\u00a0en sciences informatiques. Apr\u00e8s l\u2019obtention d\u2019un dipl\u00f4me de Bachelier en biologie, chimie, informatique, [&hellip;]","og_url":"https:\/\/web.umons.ac.be\/fs\/fr\/etudes\/","og_site_name":"Facult\u00e9 \/ FS","article_modified_time":"2025-12-05T09:31:56+00:00","og_image":[{"width":300,"height":89,"url":"https:\/\/web.umons.ac.be\/app\/uploads\/sites\/11\/2019\/03\/visuel_300.jpg","type":"image\/jpeg"}],"twitter_card":"summary_large_image","twitter_misc":{"Dur\u00e9e de lecture estim\u00e9e":"2 minutes"},"schema":{"@context":"https:\/\/schema.org","@graph":[{"@type":"WebPage","@id":"https:\/\/web.umons.ac.be\/fs\/fr\/etudes\/","url":"https:\/\/web.umons.ac.be\/fs\/fr\/etudes\/","name":"Etudes - Facult\u00e9 \/ FS","isPartOf":{"@id":"https:\/\/web.umons.ac.be\/fs\/#website"},"primaryImageOfPage":{"@id":"https:\/\/web.umons.ac.be\/fs\/fr\/etudes\/#primaryimage"},"image":{"@id":"https:\/\/web.umons.ac.be\/fs\/fr\/etudes\/#primaryimage"},"thumbnailUrl":"https:\/\/web.umons.ac.be\/app\/uploads\/sites\/11\/2019\/03\/visuel_300.jpg","datePublished":"2017-07-10T08:44:35+00:00","dateModified":"2025-12-05T09:31:56+00:00","breadcrumb":{"@id":"https:\/\/web.umons.ac.be\/fs\/fr\/etudes\/#breadcrumb"},"inLanguage":"fr-FR","potentialAction":[{"@type":"ReadAction","target":["https:\/\/web.umons.ac.be\/fs\/fr\/etudes\/"]}]},{"@type":"ImageObject","inLanguage":"fr-FR","@id":"https:\/\/web.umons.ac.be\/fs\/fr\/etudes\/#primaryimage","url":"https:\/\/web.umons.ac.be\/app\/uploads\/sites\/11\/2019\/03\/visuel_300.jpg","contentUrl":"https:\/\/web.umons.ac.be\/app\/uploads\/sites\/11\/2019\/03\/visuel_300.jpg"},{"@type":"BreadcrumbList","@id":"https:\/\/web.umons.ac.be\/fs\/fr\/etudes\/#breadcrumb","itemListElement":[{"@type":"ListItem","position":1,"name":"Accueil","item":"https:\/\/web.umons.ac.be\/fs\/fr\/"},{"@type":"ListItem","position":2,"name":"Etudes"}]},{"@type":"WebSite","@id":"https:\/\/web.umons.ac.be\/fs\/#website","url":"https:\/\/web.umons.ac.be\/fs\/","name":"Facult\u00e9 \/ FS","description":"","potentialAction":[{"@type":"SearchAction","target":{"@type":"EntryPoint","urlTemplate":"https:\/\/web.umons.ac.be\/fs\/?s={search_term_string}"},"query-input":{"@type":"PropertyValueSpecification","valueRequired":true,"valueName":"search_term_string"}}],"inLanguage":"fr-FR"}]}},"lang":"fr","translations":{"fr":21,"en":342},"pll_sync_post":[],"_links":{"self":[{"href":"https:\/\/web.umons.ac.be\/fs\/wp-json\/wp\/v2\/pages\/21","targetHints":{"allow":["GET"]}}],"collection":[{"href":"https:\/\/web.umons.ac.be\/fs\/wp-json\/wp\/v2\/pages"}],"about":[{"href":"https:\/\/web.umons.ac.be\/fs\/wp-json\/wp\/v2\/types\/page"}],"author":[{"embeddable":true,"href":"https:\/\/web.umons.ac.be\/fs\/wp-json\/wp\/v2\/users\/2"}],"replies":[{"embeddable":true,"href":"https:\/\/web.umons.ac.be\/fs\/wp-json\/wp\/v2\/comments?post=21"}],"version-history":[{"count":3,"href":"https:\/\/web.umons.ac.be\/fs\/wp-json\/wp\/v2\/pages\/21\/revisions"}],"predecessor-version":[{"id":2372,"href":"https:\/\/web.umons.ac.be\/fs\/wp-json\/wp\/v2\/pages\/21\/revisions\/2372"}],"wp:attachment":[{"href":"https:\/\/web.umons.ac.be\/fs\/wp-json\/wp\/v2\/media?parent=21"}],"curies":[{"name":"wp","href":"https:\/\/api.w.org\/{rel}","templated":true}]}}