{"id":2295,"date":"2025-08-22T11:17:08","date_gmt":"2025-08-22T09:17:08","guid":{"rendered":"https:\/\/web.umons.ac.be\/fs\/?page_id=2295"},"modified":"2025-10-06T15:02:00","modified_gmt":"2025-10-06T13:02:00","slug":"stages-dobservation-en-secondaire","status":"publish","type":"page","link":"https:\/\/web.umons.ac.be\/fs\/fr\/etudes\/stages-dobservation-en-secondaire\/","title":{"rendered":"Stages d\u2019observation en secondaire"},"content":{"rendered":"<h5><span style=\"color: #333333;\"><b>Pourquoi r\u00e9aliser un stage d\u2019observation au sein de la Facult\u00e9 des Sciences\u202f?<\/b>\u00a0<\/span><\/h5>\n<p><span data-contrast=\"auto\">Chaque ann\u00e9e, dans le cadre des stages d\u2019observation, la Facult\u00e9 des Sciences accueille des \u00e9tudiants de <\/span><b><span data-contrast=\"auto\">5<\/span><\/b><b><span data-contrast=\"auto\">e<\/span><\/b><b><span data-contrast=\"auto\"> et 6<\/span><\/b><b><span data-contrast=\"auto\">e<\/span><\/b><b><span data-contrast=\"auto\"> secondaire<\/span><\/b><span data-contrast=\"auto\"> dans ses laboratoires de recherche et d\u2019enseignement. Les stagiaires ont l&rsquo;occasion de discuter avec des doctorants, enseignants, chercheurs, d\u2019assister \u00e0 des manipulations, TPs, &#8230; dans le but de d\u00e9couvrir le m\u00e9tier de chercheur, enseignant ou tout simplement de voir si les \u00e9tudes scientifiques correspondent \u00e0 leurs attentes.\u202f<\/span><span data-ccp-props=\"{&quot;335551550&quot;:6,&quot;335551620&quot;:6}\">\u00a0<\/span><\/p>\n<h5><span style=\"color: #333333;\"><b>Int\u00e9ress\u00e9\u202f? Quelles sont les conditions \u00e0 remplir pour faire un stage d\u2019observation au sein de la Facult\u00e9 des Sciences\u202f?\u00a0<\/b><\/span><\/h5>\n<table style=\"border-collapse: collapse; width: 92.0639%; height: 218px;\">\n<tbody>\n<tr style=\"height: 52px;\">\n<td style=\"width: 27.537%; height: 52px;\"><span style=\"color: #029687;\"><strong>Public concern\u00e9<\/strong><\/span><\/td>\n<td style=\"width: 67.8487%; height: 52px;\"><span data-contrast=\"auto\">Etudiant de <strong>5e<\/strong> ou <strong>6e secondaire<\/strong><\/span><\/td>\n<\/tr>\n<tr style=\"height: 52px;\">\n<td style=\"width: 27.537%; height: 52px;\"><span style=\"color: #029687;\"><strong>Dur\u00e9e du stage<\/strong><\/span><\/td>\n<td style=\"width: 67.8487%; height: 52px;\"><strong>Minimum une journ\u00e9e et maximum une semaine<\/strong><\/td>\n<\/tr>\n<tr style=\"height: 52px;\">\n<td style=\"width: 27.537%; height: 52px;\"><span style=\"color: #029687;\"><strong>Disciplines propos\u00e9es<\/strong><\/span><\/td>\n<td style=\"width: 67.8487%; height: 52px;\"><strong>Math\u00e9matiques, Physique, Chimie, Biologie et Informatique<\/strong><\/td>\n<\/tr>\n<tr style=\"height: 52px;\">\n<td style=\"width: 27.537%; height: 52px;\"><span style=\"color: #029687;\"><strong>Convention de stage<\/strong><\/span><\/td>\n<td style=\"width: 67.8487%; height: 52px;\"><strong>Obligatoire<\/strong> pour d\u00e9buter le stage d\u00fbment compl\u00e9t\u00e9e et sign\u00e9e par toutes les parties<\/td>\n<\/tr>\n<tr style=\"height: 10px;\">\n<td style=\"width: 27.537%; height: 10px;\"><span style=\"color: #029687;\"><strong>P\u00e9riodes disponibles<\/strong><\/span><\/td>\n<td style=\"width: 67.8487%; height: 10px;\"><span data-contrast=\"none\">Durant l&rsquo;ann\u00e9e acad\u00e9mique <strong>\u00e0 l&rsquo;exception<\/strong> des p\u00e9riodes suivantes pour 2025-2026 :<\/span><\/p>\n<ul>\n<li><span data-contrast=\"auto\">du lundi 27 octobre au vendredi 31 octobre &#8211; semaine flexible<\/span><\/li>\n<li aria-setsize=\"-1\" data-leveltext=\"\uf0b7\" data-font=\"Symbol\" data-listid=\"8\" data-list-defn-props=\"{&quot;335552541&quot;:1,&quot;335559685&quot;:720,&quot;335559991&quot;:360,&quot;469769226&quot;:&quot;Symbol&quot;,&quot;469769242&quot;:[8226],&quot;469777803&quot;:&quot;left&quot;,&quot;469777804&quot;:&quot;\uf0b7&quot;,&quot;469777815&quot;:&quot;hybridMultilevel&quot;}\" data-aria-posinset=\"2\" data-aria-level=\"1\"><span data-contrast=\"auto\">du lundi 22 d\u00e9cembre au dimanche 4 janvier<\/span><span data-ccp-props=\"{}\"> &#8211; vacances d\u2019hiver<\/span><\/li>\n<li><span data-contrast=\"auto\">du lundi 5 janvier au samedi 24 janvier<\/span><span data-ccp-props=\"{}\"> &#8211; p\u00e9riode d\u2019\u00e9valuation du Q1<\/span><\/li>\n<li><span data-contrast=\"auto\">du lundi 27 janvier au dimanche 2 f\u00e9vrier<\/span><span data-ccp-props=\"{}\"> &#8211; cong\u00e9 de d\u00e9tente\u00a0<\/span><\/li>\n<li><span data-contrast=\"auto\">du lundi 16 mars au samedi 21 mars &#8211; semaine flexible<\/span><\/li>\n<li><span data-contrast=\"auto\">du lundi 20 avril au dimanche 3 mai<\/span><span data-ccp-props=\"{}\"> &#8211; vacances de printemps<\/span><\/li>\n<li><span data-contrast=\"auto\">du lundi 18 mai au samedi 4 juillet<\/span><span data-ccp-props=\"{}\"> &#8211; blocus et p\u00e9riode d\u2019\u00e9valuation du Q2<\/span><\/li>\n<\/ul>\n<\/td>\n<\/tr>\n<\/tbody>\n<\/table>\n<h5><span style=\"color: #333333;\">Tu souhaites soumettre ta candidature ?<\/span><\/h5>\n<p><span data-contrast=\"auto\">Nous t\u2019invitons \u00e0 remplir le <\/span><b><span data-contrast=\"auto\">formulaire en ligne<\/span><\/b><span data-contrast=\"auto\"> au lien suivant\u202f: <\/span><a href=\"https:\/\/forms.office.com\/e\/XNzNWwpCuW\"><span data-contrast=\"none\">https:\/\/forms.office.com\/e\/XNzNWwpCuW<\/span><\/a><span data-contrast=\"auto\">\u00a0<\/span><span data-ccp-props=\"{}\"><br \/>\n<\/span><span data-contrast=\"auto\">Ce questionnaire doit \u00eatre soumis au minimum <\/span><b><span data-contrast=\"auto\">5 semaines avant le d\u00e9but du stage<\/span><\/b><span data-contrast=\"auto\">.<\/span><span data-ccp-props=\"{&quot;335551550&quot;:6,&quot;335551620&quot;:6}\"><br \/>\n<\/span><span data-contrast=\"auto\">Tu auras un retour de notre part dans les 5 jours ouvrables qui suivent la soumission de ta demande.<\/span><span data-ccp-props=\"{&quot;335551550&quot;:6,&quot;335551620&quot;:6}\">\u00a0<\/span><\/p>\n<h5><span style=\"color: #333333;\"><b>Des questions\u202f?<\/b>\u00a0<\/span><\/h5>\n<p><span data-contrast=\"auto\">Si tu as des questions concernant ta demande de stage, n\u2019h\u00e9site pas \u00e0 nous contacter\u202fpar email (<\/span><a href=\"mailto:sciences@umons.ac.be\"><span data-contrast=\"none\">sciences@umons.ac.be<\/span><\/a><span data-contrast=\"auto\">) ou par t\u00e9l\u00e9phone (065\/37 34 56 ou 065\/37 33 01).<\/span><span data-ccp-props=\"{&quot;335551550&quot;:6,&quot;335551620&quot;:6}\">\u00a0<\/span><\/p>\n","protected":false},"excerpt":{"rendered":"<p>Pourquoi r\u00e9aliser un stage d\u2019observation au sein de la Facult\u00e9 des Sciences\u202f?\u00a0 Chaque ann\u00e9e, dans le cadre des stages d\u2019observation, la Facult\u00e9 des Sciences accueille des \u00e9tudiants de 5e et 6e secondaire dans ses laboratoires de recherche et d\u2019enseignement. Les stagiaires ont l&rsquo;occasion de discuter avec des doctorants, enseignants, chercheurs, d\u2019assister \u00e0 des manipulations, TPs, [&hellip;]<\/p>\n","protected":false},"author":1,"featured_media":0,"parent":21,"menu_order":0,"comment_status":"closed","ping_status":"closed","template":"","meta":{"footnotes":""},"class_list":["post-2295","page","type-page","status-publish","hentry"],"yoast_head":"<!-- This site is optimized with the Yoast SEO plugin v27.2 - https:\/\/yoast.com\/product\/yoast-seo-wordpress\/ -->\n<title>Stages d\u2019observation en secondaire - Facult\u00e9 \/ FS<\/title>\n<meta name=\"robots\" content=\"index, follow, max-snippet:-1, max-image-preview:large, max-video-preview:-1\" \/>\n<link rel=\"canonical\" href=\"https:\/\/web.umons.ac.be\/fs\/fr\/etudes\/stages-dobservation-en-secondaire\/\" \/>\n<meta property=\"og:locale\" content=\"fr_FR\" \/>\n<meta property=\"og:type\" content=\"article\" \/>\n<meta property=\"og:title\" content=\"Stages d\u2019observation en secondaire - Facult\u00e9 \/ FS\" \/>\n<meta property=\"og:description\" content=\"Pourquoi r\u00e9aliser un stage d\u2019observation au sein de la Facult\u00e9 des Sciences\u202f?\u00a0 Chaque ann\u00e9e, dans le cadre des stages d\u2019observation, la Facult\u00e9 des Sciences accueille des \u00e9tudiants de 5e et 6e secondaire dans ses laboratoires de recherche et d\u2019enseignement. Les stagiaires ont l&rsquo;occasion de discuter avec des doctorants, enseignants, chercheurs, d\u2019assister \u00e0 des manipulations, TPs, [&hellip;]\" \/>\n<meta property=\"og:url\" content=\"https:\/\/web.umons.ac.be\/fs\/fr\/etudes\/stages-dobservation-en-secondaire\/\" \/>\n<meta property=\"og:site_name\" content=\"Facult\u00e9 \/ FS\" \/>\n<meta property=\"article:modified_time\" content=\"2025-10-06T13:02:00+00:00\" \/>\n<meta name=\"twitter:card\" content=\"summary_large_image\" \/>\n<meta name=\"twitter:label1\" content=\"Dur\u00e9e de lecture estim\u00e9e\" \/>\n\t<meta name=\"twitter:data1\" content=\"2 minutes\" \/>\n<script type=\"application\/ld+json\" class=\"yoast-schema-graph\">{\"@context\":\"https:\/\/schema.org\",\"@graph\":[{\"@type\":\"WebPage\",\"@id\":\"https:\/\/web.umons.ac.be\/fs\/fr\/etudes\/stages-dobservation-en-secondaire\/\",\"url\":\"https:\/\/web.umons.ac.be\/fs\/fr\/etudes\/stages-dobservation-en-secondaire\/\",\"name\":\"Stages d\u2019observation en secondaire - Facult\u00e9 \/ FS\",\"isPartOf\":{\"@id\":\"https:\/\/web.umons.ac.be\/fs\/#website\"},\"datePublished\":\"2025-08-22T09:17:08+00:00\",\"dateModified\":\"2025-10-06T13:02:00+00:00\",\"breadcrumb\":{\"@id\":\"https:\/\/web.umons.ac.be\/fs\/fr\/etudes\/stages-dobservation-en-secondaire\/#breadcrumb\"},\"inLanguage\":\"fr-FR\",\"potentialAction\":[{\"@type\":\"ReadAction\",\"target\":[\"https:\/\/web.umons.ac.be\/fs\/fr\/etudes\/stages-dobservation-en-secondaire\/\"]}]},{\"@type\":\"BreadcrumbList\",\"@id\":\"https:\/\/web.umons.ac.be\/fs\/fr\/etudes\/stages-dobservation-en-secondaire\/#breadcrumb\",\"itemListElement\":[{\"@type\":\"ListItem\",\"position\":1,\"name\":\"Accueil\",\"item\":\"https:\/\/web.umons.ac.be\/fs\/fr\/\"},{\"@type\":\"ListItem\",\"position\":2,\"name\":\"Etudes\",\"item\":\"https:\/\/web.umons.ac.be\/fs\/fr\/etudes\/\"},{\"@type\":\"ListItem\",\"position\":3,\"name\":\"Stages d\u2019observation en secondaire\"}]},{\"@type\":\"WebSite\",\"@id\":\"https:\/\/web.umons.ac.be\/fs\/#website\",\"url\":\"https:\/\/web.umons.ac.be\/fs\/\",\"name\":\"Facult\u00e9 \/ FS\",\"description\":\"\",\"potentialAction\":[{\"@type\":\"SearchAction\",\"target\":{\"@type\":\"EntryPoint\",\"urlTemplate\":\"https:\/\/web.umons.ac.be\/fs\/?s={search_term_string}\"},\"query-input\":{\"@type\":\"PropertyValueSpecification\",\"valueRequired\":true,\"valueName\":\"search_term_string\"}}],\"inLanguage\":\"fr-FR\"}]}<\/script>\n<!-- \/ Yoast SEO plugin. -->","yoast_head_json":{"title":"Stages d\u2019observation en secondaire - Facult\u00e9 \/ FS","robots":{"index":"index","follow":"follow","max-snippet":"max-snippet:-1","max-image-preview":"max-image-preview:large","max-video-preview":"max-video-preview:-1"},"canonical":"https:\/\/web.umons.ac.be\/fs\/fr\/etudes\/stages-dobservation-en-secondaire\/","og_locale":"fr_FR","og_type":"article","og_title":"Stages d\u2019observation en secondaire - Facult\u00e9 \/ FS","og_description":"Pourquoi r\u00e9aliser un stage d\u2019observation au sein de la Facult\u00e9 des Sciences\u202f?\u00a0 Chaque ann\u00e9e, dans le cadre des stages d\u2019observation, la Facult\u00e9 des Sciences accueille des \u00e9tudiants de 5e et 6e secondaire dans ses laboratoires de recherche et d\u2019enseignement. Les stagiaires ont l&rsquo;occasion de discuter avec des doctorants, enseignants, chercheurs, d\u2019assister \u00e0 des manipulations, TPs, [&hellip;]","og_url":"https:\/\/web.umons.ac.be\/fs\/fr\/etudes\/stages-dobservation-en-secondaire\/","og_site_name":"Facult\u00e9 \/ FS","article_modified_time":"2025-10-06T13:02:00+00:00","twitter_card":"summary_large_image","twitter_misc":{"Dur\u00e9e de lecture estim\u00e9e":"2 minutes"},"schema":{"@context":"https:\/\/schema.org","@graph":[{"@type":"WebPage","@id":"https:\/\/web.umons.ac.be\/fs\/fr\/etudes\/stages-dobservation-en-secondaire\/","url":"https:\/\/web.umons.ac.be\/fs\/fr\/etudes\/stages-dobservation-en-secondaire\/","name":"Stages d\u2019observation en secondaire - Facult\u00e9 \/ FS","isPartOf":{"@id":"https:\/\/web.umons.ac.be\/fs\/#website"},"datePublished":"2025-08-22T09:17:08+00:00","dateModified":"2025-10-06T13:02:00+00:00","breadcrumb":{"@id":"https:\/\/web.umons.ac.be\/fs\/fr\/etudes\/stages-dobservation-en-secondaire\/#breadcrumb"},"inLanguage":"fr-FR","potentialAction":[{"@type":"ReadAction","target":["https:\/\/web.umons.ac.be\/fs\/fr\/etudes\/stages-dobservation-en-secondaire\/"]}]},{"@type":"BreadcrumbList","@id":"https:\/\/web.umons.ac.be\/fs\/fr\/etudes\/stages-dobservation-en-secondaire\/#breadcrumb","itemListElement":[{"@type":"ListItem","position":1,"name":"Accueil","item":"https:\/\/web.umons.ac.be\/fs\/fr\/"},{"@type":"ListItem","position":2,"name":"Etudes","item":"https:\/\/web.umons.ac.be\/fs\/fr\/etudes\/"},{"@type":"ListItem","position":3,"name":"Stages d\u2019observation en secondaire"}]},{"@type":"WebSite","@id":"https:\/\/web.umons.ac.be\/fs\/#website","url":"https:\/\/web.umons.ac.be\/fs\/","name":"Facult\u00e9 \/ FS","description":"","potentialAction":[{"@type":"SearchAction","target":{"@type":"EntryPoint","urlTemplate":"https:\/\/web.umons.ac.be\/fs\/?s={search_term_string}"},"query-input":{"@type":"PropertyValueSpecification","valueRequired":true,"valueName":"search_term_string"}}],"inLanguage":"fr-FR"}]}},"lang":"fr","translations":{"fr":2295,"en":2298},"pll_sync_post":[],"_links":{"self":[{"href":"https:\/\/web.umons.ac.be\/fs\/wp-json\/wp\/v2\/pages\/2295","targetHints":{"allow":["GET"]}}],"collection":[{"href":"https:\/\/web.umons.ac.be\/fs\/wp-json\/wp\/v2\/pages"}],"about":[{"href":"https:\/\/web.umons.ac.be\/fs\/wp-json\/wp\/v2\/types\/page"}],"author":[{"embeddable":true,"href":"https:\/\/web.umons.ac.be\/fs\/wp-json\/wp\/v2\/users\/1"}],"replies":[{"embeddable":true,"href":"https:\/\/web.umons.ac.be\/fs\/wp-json\/wp\/v2\/comments?post=2295"}],"version-history":[{"count":4,"href":"https:\/\/web.umons.ac.be\/fs\/wp-json\/wp\/v2\/pages\/2295\/revisions"}],"predecessor-version":[{"id":2332,"href":"https:\/\/web.umons.ac.be\/fs\/wp-json\/wp\/v2\/pages\/2295\/revisions\/2332"}],"up":[{"embeddable":true,"href":"https:\/\/web.umons.ac.be\/fs\/wp-json\/wp\/v2\/pages\/21"}],"wp:attachment":[{"href":"https:\/\/web.umons.ac.be\/fs\/wp-json\/wp\/v2\/media?parent=2295"}],"curies":[{"name":"wp","href":"https:\/\/api.w.org\/{rel}","templated":true}]}}