{"id":24,"date":"2017-07-10T10:47:39","date_gmt":"2017-07-10T08:47:39","guid":{"rendered":"https:\/\/web.umons.ac.be\/fs\/?page_id=24"},"modified":"2025-12-08T15:21:36","modified_gmt":"2025-12-08T14:21:36","slug":"activites-de-recherche","status":"publish","type":"page","link":"https:\/\/web.umons.ac.be\/fs\/fr\/activites-de-recherche\/","title":{"rendered":"Activit\u00e9s de recherche"},"content":{"rendered":"<h2>D\u00e9couvrir les domaines de recherche<\/h2>\n<p>La Facult\u00e9 des Sciences est, parmi les institutions\u00a0du Hainaut, l\u2019une des plus actives dans la recherche\u00a0scientifique.<\/p>\n<p>Les biologistes, chimistes, informaticiens, physiciens et math\u00e9maticiens de la Facult\u00e9 des Sciences sont \u00e0 la fois enseignants et chercheurs.<br \/>\nIls sont particuli\u00e8rement impliqu\u00e9s dans de nombreux programmes nationaux et internationaux, tant en recherche fondamentale qu\u2019appliqu\u00e9e.<\/p>\n<p>Citons-en quelques-uns.<\/p>\n<ul>\n<li>Des physiciens montois participent au projet europ\u00e9en du \u201cT\u00e9l\u00e9scope Einstein\u201d, des biologistes \u00e0 la pr\u00e9paration d\u2019un potentiel voyage vers Mars.<\/li>\n<li>Des math\u00e9maticiens montois participent au d\u00e9veloppement du langage informatique OCaml, d\u2019autres sont reconnus pour leur expertise en th\u00e9orie des jeux.<\/li>\n<li>Les informaticiens montois mettent \u00e0 profit leur P69 expertise dans divers projets internationaux en intelligence artificielle, big data, analyse et s\u00e9curit\u00e9 des donn\u00e9es,<\/li>\n<li>&#8230;<\/li>\n<\/ul>\n<p>Ils mettent \u00e0 profit leur expertise dans divers projets internationaux. L\u2019ann\u00e9e mondiale de la chimie, en 2011, a vu trois membres du d\u00e9partement de Chimie \u00eatre class\u00e9s dans le top 100 mondial des chercheurs dont les recherches ont le plus influenc\u00e9 le domaine : Philippe Dubois, David Beljonne et J\u00e9r\u00f4me Cornil sont les seuls membres d\u2019une universit\u00e9 belge \u00e0 figurer dans ce classement.<\/p>\n<p>Au cours de leur\u00a0formation, les \u00e9tudiants sont amen\u00e9s \u00e0 profiter de\u00a0ce savoir faire et sont mis en contact tr\u00e8s t\u00f4t avec\u00a0le monde de la recherche, toujours encadr\u00e9s par\u00a0des chercheurs exp\u00e9riment\u00e9s : les \u00e9tudes prennent\u00a0alors une toute autre ampleur, et ouvrent de nouvelles\u00a0perspectives.<\/p>\n<p>Chaque ann\u00e9e, la Facult\u00e9 organise des r\u00e9unions\u00a0et colloques en relation avec ses activit\u00e9s scientifiques,\u00a0regroupant des chercheurs de tous les horizons.\u00a0Parall\u00e8lement aux aspects fondamentaux,\u00a0les implications pratiques de la recherche men\u00e9e\u00a0\u00e0 la Facult\u00e9 des Sciences ne sont pas n\u00e9glig\u00e9es,\u00a0comme l\u2019attestent les nombreuses collaborations\u00a0scientifiques men\u00e9es en partenariat avec des petites\u00a0et grandes entreprises, locales et \u00e9trang\u00e8res.<\/p>\n<p>Les r\u00e9sultats des recherches en science influencent\u00a0largement la soci\u00e9t\u00e9 dans laquelle nous vivons. Les\u00a0enjeux de ces d\u00e9veloppements font tr\u00e8s souvent<br \/>\nl\u2019objet de d\u00e9bats dans le public. Les chercheurs se doivent d\u2019\u00e9clairer ces d\u00e9bats. Dans cet esprit, la Facult\u00e9 des Sciences de Mons fait partie de r\u00e9seaux nationaux et europ\u00e9ens de diffusion de la culture scientifique.<\/p>\n<p>&nbsp;<\/p>\n<hr \/>\n<p><img loading=\"lazy\" decoding=\"async\" class=\"size-full wp-image-1147 aligncenter\" src=\"https:\/\/web.umons.ac.be\/app\/uploads\/sites\/11\/2019\/03\/visuel_300.jpg\" alt=\"\" width=\"300\" height=\"89\" srcset=\"https:\/\/web.umons.ac.be\/app\/uploads\/sites\/11\/2019\/03\/visuel_300.jpg 300w, https:\/\/web.umons.ac.be\/app\/uploads\/sites\/11\/2019\/03\/visuel_300-30x9.jpg 30w, https:\/\/web.umons.ac.be\/app\/uploads\/sites\/11\/2019\/03\/visuel_300-60x18.jpg 60w\" sizes=\"auto, (max-width: 300px) 100vw, 300px\" \/><\/p>\n","protected":false},"excerpt":{"rendered":"<p>D\u00e9couvrir les domaines de recherche La Facult\u00e9 des Sciences est, parmi les institutions\u00a0du Hainaut, l\u2019une des plus actives dans la recherche\u00a0scientifique. Les biologistes, chimistes, informaticiens, physiciens et math\u00e9maticiens de la Facult\u00e9 des Sciences sont \u00e0 la fois enseignants et chercheurs. Ils sont particuli\u00e8rement impliqu\u00e9s dans de nombreux programmes nationaux et internationaux, tant en recherche fondamentale [&hellip;]<\/p>\n","protected":false},"author":2,"featured_media":0,"parent":0,"menu_order":0,"comment_status":"closed","ping_status":"closed","template":"","meta":{"footnotes":""},"class_list":["post-24","page","type-page","status-publish","hentry"],"yoast_head":"<!-- This site is optimized with the Yoast SEO plugin v27.2 - https:\/\/yoast.com\/product\/yoast-seo-wordpress\/ -->\n<title>Activit\u00e9s de recherche - Facult\u00e9 \/ FS<\/title>\n<meta name=\"robots\" content=\"index, follow, max-snippet:-1, max-image-preview:large, max-video-preview:-1\" \/>\n<link rel=\"canonical\" href=\"https:\/\/web.umons.ac.be\/fs\/fr\/activites-de-recherche\/\" \/>\n<meta property=\"og:locale\" content=\"fr_FR\" \/>\n<meta property=\"og:type\" content=\"article\" \/>\n<meta property=\"og:title\" content=\"Activit\u00e9s de recherche - Facult\u00e9 \/ FS\" \/>\n<meta property=\"og:description\" content=\"D\u00e9couvrir les domaines de recherche La Facult\u00e9 des Sciences est, parmi les institutions\u00a0du Hainaut, l\u2019une des plus actives dans la recherche\u00a0scientifique. Les biologistes, chimistes, informaticiens, physiciens et math\u00e9maticiens de la Facult\u00e9 des Sciences sont \u00e0 la fois enseignants et chercheurs. Ils sont particuli\u00e8rement impliqu\u00e9s dans de nombreux programmes nationaux et internationaux, tant en recherche fondamentale [&hellip;]\" \/>\n<meta property=\"og:url\" content=\"https:\/\/web.umons.ac.be\/fs\/fr\/activites-de-recherche\/\" \/>\n<meta property=\"og:site_name\" content=\"Facult\u00e9 \/ FS\" \/>\n<meta property=\"article:modified_time\" content=\"2025-12-08T14:21:36+00:00\" \/>\n<meta property=\"og:image\" content=\"https:\/\/web.umons.ac.be\/app\/uploads\/sites\/11\/2019\/03\/visuel_300.jpg\" \/>\n\t<meta property=\"og:image:width\" content=\"300\" \/>\n\t<meta property=\"og:image:height\" content=\"89\" \/>\n\t<meta property=\"og:image:type\" content=\"image\/jpeg\" \/>\n<meta name=\"twitter:card\" content=\"summary_large_image\" \/>\n<meta name=\"twitter:label1\" content=\"Dur\u00e9e de lecture estim\u00e9e\" \/>\n\t<meta name=\"twitter:data1\" content=\"2 minutes\" \/>\n<script type=\"application\/ld+json\" class=\"yoast-schema-graph\">{\"@context\":\"https:\/\/schema.org\",\"@graph\":[{\"@type\":\"WebPage\",\"@id\":\"https:\/\/web.umons.ac.be\/fs\/fr\/activites-de-recherche\/\",\"url\":\"https:\/\/web.umons.ac.be\/fs\/fr\/activites-de-recherche\/\",\"name\":\"Activit\u00e9s de recherche - Facult\u00e9 \/ FS\",\"isPartOf\":{\"@id\":\"https:\/\/web.umons.ac.be\/fs\/#website\"},\"primaryImageOfPage\":{\"@id\":\"https:\/\/web.umons.ac.be\/fs\/fr\/activites-de-recherche\/#primaryimage\"},\"image\":{\"@id\":\"https:\/\/web.umons.ac.be\/fs\/fr\/activites-de-recherche\/#primaryimage\"},\"thumbnailUrl\":\"https:\/\/web.umons.ac.be\/app\/uploads\/sites\/11\/2019\/03\/visuel_300.jpg\",\"datePublished\":\"2017-07-10T08:47:39+00:00\",\"dateModified\":\"2025-12-08T14:21:36+00:00\",\"breadcrumb\":{\"@id\":\"https:\/\/web.umons.ac.be\/fs\/fr\/activites-de-recherche\/#breadcrumb\"},\"inLanguage\":\"fr-FR\",\"potentialAction\":[{\"@type\":\"ReadAction\",\"target\":[\"https:\/\/web.umons.ac.be\/fs\/fr\/activites-de-recherche\/\"]}]},{\"@type\":\"ImageObject\",\"inLanguage\":\"fr-FR\",\"@id\":\"https:\/\/web.umons.ac.be\/fs\/fr\/activites-de-recherche\/#primaryimage\",\"url\":\"https:\/\/web.umons.ac.be\/app\/uploads\/sites\/11\/2019\/03\/visuel_300.jpg\",\"contentUrl\":\"https:\/\/web.umons.ac.be\/app\/uploads\/sites\/11\/2019\/03\/visuel_300.jpg\"},{\"@type\":\"BreadcrumbList\",\"@id\":\"https:\/\/web.umons.ac.be\/fs\/fr\/activites-de-recherche\/#breadcrumb\",\"itemListElement\":[{\"@type\":\"ListItem\",\"position\":1,\"name\":\"Accueil\",\"item\":\"https:\/\/web.umons.ac.be\/fs\/fr\/\"},{\"@type\":\"ListItem\",\"position\":2,\"name\":\"Activit\u00e9s de recherche\"}]},{\"@type\":\"WebSite\",\"@id\":\"https:\/\/web.umons.ac.be\/fs\/#website\",\"url\":\"https:\/\/web.umons.ac.be\/fs\/\",\"name\":\"Facult\u00e9 \/ FS\",\"description\":\"\",\"potentialAction\":[{\"@type\":\"SearchAction\",\"target\":{\"@type\":\"EntryPoint\",\"urlTemplate\":\"https:\/\/web.umons.ac.be\/fs\/?s={search_term_string}\"},\"query-input\":{\"@type\":\"PropertyValueSpecification\",\"valueRequired\":true,\"valueName\":\"search_term_string\"}}],\"inLanguage\":\"fr-FR\"}]}<\/script>\n<!-- \/ Yoast SEO plugin. -->","yoast_head_json":{"title":"Activit\u00e9s de recherche - Facult\u00e9 \/ FS","robots":{"index":"index","follow":"follow","max-snippet":"max-snippet:-1","max-image-preview":"max-image-preview:large","max-video-preview":"max-video-preview:-1"},"canonical":"https:\/\/web.umons.ac.be\/fs\/fr\/activites-de-recherche\/","og_locale":"fr_FR","og_type":"article","og_title":"Activit\u00e9s de recherche - Facult\u00e9 \/ FS","og_description":"D\u00e9couvrir les domaines de recherche La Facult\u00e9 des Sciences est, parmi les institutions\u00a0du Hainaut, l\u2019une des plus actives dans la recherche\u00a0scientifique. Les biologistes, chimistes, informaticiens, physiciens et math\u00e9maticiens de la Facult\u00e9 des Sciences sont \u00e0 la fois enseignants et chercheurs. Ils sont particuli\u00e8rement impliqu\u00e9s dans de nombreux programmes nationaux et internationaux, tant en recherche fondamentale [&hellip;]","og_url":"https:\/\/web.umons.ac.be\/fs\/fr\/activites-de-recherche\/","og_site_name":"Facult\u00e9 \/ FS","article_modified_time":"2025-12-08T14:21:36+00:00","og_image":[{"width":300,"height":89,"url":"https:\/\/web.umons.ac.be\/app\/uploads\/sites\/11\/2019\/03\/visuel_300.jpg","type":"image\/jpeg"}],"twitter_card":"summary_large_image","twitter_misc":{"Dur\u00e9e de lecture estim\u00e9e":"2 minutes"},"schema":{"@context":"https:\/\/schema.org","@graph":[{"@type":"WebPage","@id":"https:\/\/web.umons.ac.be\/fs\/fr\/activites-de-recherche\/","url":"https:\/\/web.umons.ac.be\/fs\/fr\/activites-de-recherche\/","name":"Activit\u00e9s de recherche - Facult\u00e9 \/ FS","isPartOf":{"@id":"https:\/\/web.umons.ac.be\/fs\/#website"},"primaryImageOfPage":{"@id":"https:\/\/web.umons.ac.be\/fs\/fr\/activites-de-recherche\/#primaryimage"},"image":{"@id":"https:\/\/web.umons.ac.be\/fs\/fr\/activites-de-recherche\/#primaryimage"},"thumbnailUrl":"https:\/\/web.umons.ac.be\/app\/uploads\/sites\/11\/2019\/03\/visuel_300.jpg","datePublished":"2017-07-10T08:47:39+00:00","dateModified":"2025-12-08T14:21:36+00:00","breadcrumb":{"@id":"https:\/\/web.umons.ac.be\/fs\/fr\/activites-de-recherche\/#breadcrumb"},"inLanguage":"fr-FR","potentialAction":[{"@type":"ReadAction","target":["https:\/\/web.umons.ac.be\/fs\/fr\/activites-de-recherche\/"]}]},{"@type":"ImageObject","inLanguage":"fr-FR","@id":"https:\/\/web.umons.ac.be\/fs\/fr\/activites-de-recherche\/#primaryimage","url":"https:\/\/web.umons.ac.be\/app\/uploads\/sites\/11\/2019\/03\/visuel_300.jpg","contentUrl":"https:\/\/web.umons.ac.be\/app\/uploads\/sites\/11\/2019\/03\/visuel_300.jpg"},{"@type":"BreadcrumbList","@id":"https:\/\/web.umons.ac.be\/fs\/fr\/activites-de-recherche\/#breadcrumb","itemListElement":[{"@type":"ListItem","position":1,"name":"Accueil","item":"https:\/\/web.umons.ac.be\/fs\/fr\/"},{"@type":"ListItem","position":2,"name":"Activit\u00e9s de recherche"}]},{"@type":"WebSite","@id":"https:\/\/web.umons.ac.be\/fs\/#website","url":"https:\/\/web.umons.ac.be\/fs\/","name":"Facult\u00e9 \/ FS","description":"","potentialAction":[{"@type":"SearchAction","target":{"@type":"EntryPoint","urlTemplate":"https:\/\/web.umons.ac.be\/fs\/?s={search_term_string}"},"query-input":{"@type":"PropertyValueSpecification","valueRequired":true,"valueName":"search_term_string"}}],"inLanguage":"fr-FR"}]}},"lang":"fr","translations":{"fr":24,"en":334},"pll_sync_post":[],"_links":{"self":[{"href":"https:\/\/web.umons.ac.be\/fs\/wp-json\/wp\/v2\/pages\/24","targetHints":{"allow":["GET"]}}],"collection":[{"href":"https:\/\/web.umons.ac.be\/fs\/wp-json\/wp\/v2\/pages"}],"about":[{"href":"https:\/\/web.umons.ac.be\/fs\/wp-json\/wp\/v2\/types\/page"}],"author":[{"embeddable":true,"href":"https:\/\/web.umons.ac.be\/fs\/wp-json\/wp\/v2\/users\/2"}],"replies":[{"embeddable":true,"href":"https:\/\/web.umons.ac.be\/fs\/wp-json\/wp\/v2\/comments?post=24"}],"version-history":[{"count":3,"href":"https:\/\/web.umons.ac.be\/fs\/wp-json\/wp\/v2\/pages\/24\/revisions"}],"predecessor-version":[{"id":2403,"href":"https:\/\/web.umons.ac.be\/fs\/wp-json\/wp\/v2\/pages\/24\/revisions\/2403"}],"wp:attachment":[{"href":"https:\/\/web.umons.ac.be\/fs\/wp-json\/wp\/v2\/media?parent=24"}],"curies":[{"name":"wp","href":"https:\/\/api.w.org\/{rel}","templated":true}]}}