{"id":32,"date":"2017-07-10T10:51:08","date_gmt":"2017-07-10T08:51:08","guid":{"rendered":"https:\/\/web.umons.ac.be\/fs\/?page_id=32"},"modified":"2025-12-08T15:44:31","modified_gmt":"2025-12-08T14:44:31","slug":"a-propos-de-la-faculte","status":"publish","type":"page","link":"https:\/\/web.umons.ac.be\/fs\/fr\/a-propos-de-la-faculte\/","title":{"rendered":"A propos de la facult\u00e9"},"content":{"rendered":"<h2>Les sp\u00e9cificit\u00e9s<\/h2>\n<p>Une des sp\u00e9cificit\u00e9s de la Facult\u00e9 des Sciences\u00a0est qu\u2019elle vous procure un enseignement en\u00a0contact avec la recherche au travers de travaux\u00a0personnels et des laboratoires encadr\u00e9s par les\u00a0chercheurs facultaires.<\/p>\n<p>Les \u00e9quipes de recherche b\u00e9n\u00e9ficient d\u2019une\u00a0v\u00e9ritable notori\u00e9t\u00e9 internationale ! La Facult\u00e9 des\u00a0Sciences est, parmi les institutions du Hainaut,\u00a0l\u2019une des plus actives dans la recherche scientifique.\u00a0Ses biologistes, chimistes, informaticiens,\u00a0physiciens et math\u00e9maticiens ne sont pas en\u00a0effet que des enseignants : ils sont particuli\u00e8rement\u00a0impliqu\u00e9s dans de nombreux programmes\u00a0nationaux et internationaux, tant en recherche\u00a0fondamentale qu\u2019appliqu\u00e9e.<\/p>\n<p>Les stages de Master toutes finalit\u00e9s confondues ont \u00e9galement une importance primordiale (en entreprises, laboratoires de recherche,etc.).<\/p>\n<p>Enfin, les \u00e9tudiants participent activement aux\u00a0activit\u00e9s de vulgarisation de la recherche.<\/p>\n","protected":false},"excerpt":{"rendered":"<p>Les sp\u00e9cificit\u00e9s Une des sp\u00e9cificit\u00e9s de la Facult\u00e9 des Sciences\u00a0est qu\u2019elle vous procure un enseignement en\u00a0contact avec la recherche au travers de travaux\u00a0personnels et des laboratoires encadr\u00e9s par les\u00a0chercheurs facultaires. Les \u00e9quipes de recherche b\u00e9n\u00e9ficient d\u2019une\u00a0v\u00e9ritable notori\u00e9t\u00e9 internationale ! La Facult\u00e9 des\u00a0Sciences est, parmi les institutions du Hainaut,\u00a0l\u2019une des plus actives dans la recherche scientifique.\u00a0Ses [&hellip;]<\/p>\n","protected":false},"author":2,"featured_media":0,"parent":0,"menu_order":5,"comment_status":"closed","ping_status":"closed","template":"","meta":{"footnotes":""},"class_list":["post-32","page","type-page","status-publish","hentry"],"yoast_head":"<!-- This site is optimized with the Yoast SEO plugin v27.2 - https:\/\/yoast.com\/product\/yoast-seo-wordpress\/ -->\n<title>A propos de la facult\u00e9 - Facult\u00e9 \/ FS<\/title>\n<meta name=\"robots\" content=\"index, follow, max-snippet:-1, max-image-preview:large, max-video-preview:-1\" \/>\n<link rel=\"canonical\" href=\"https:\/\/web.umons.ac.be\/fs\/fr\/a-propos-de-la-faculte\/\" \/>\n<meta property=\"og:locale\" content=\"fr_FR\" \/>\n<meta property=\"og:type\" content=\"article\" \/>\n<meta property=\"og:title\" content=\"A propos de la facult\u00e9 - Facult\u00e9 \/ FS\" \/>\n<meta property=\"og:description\" content=\"Les sp\u00e9cificit\u00e9s Une des sp\u00e9cificit\u00e9s de la Facult\u00e9 des Sciences\u00a0est qu\u2019elle vous procure un enseignement en\u00a0contact avec la recherche au travers de travaux\u00a0personnels et des laboratoires encadr\u00e9s par les\u00a0chercheurs facultaires. Les \u00e9quipes de recherche b\u00e9n\u00e9ficient d\u2019une\u00a0v\u00e9ritable notori\u00e9t\u00e9 internationale ! La Facult\u00e9 des\u00a0Sciences est, parmi les institutions du Hainaut,\u00a0l\u2019une des plus actives dans la recherche scientifique.\u00a0Ses [&hellip;]\" \/>\n<meta property=\"og:url\" content=\"https:\/\/web.umons.ac.be\/fs\/fr\/a-propos-de-la-faculte\/\" \/>\n<meta property=\"og:site_name\" content=\"Facult\u00e9 \/ FS\" \/>\n<meta property=\"article:modified_time\" content=\"2025-12-08T14:44:31+00:00\" \/>\n<meta name=\"twitter:card\" content=\"summary_large_image\" \/>\n<meta name=\"twitter:label1\" content=\"Dur\u00e9e de lecture estim\u00e9e\" \/>\n\t<meta name=\"twitter:data1\" content=\"1 minute\" \/>\n<script type=\"application\/ld+json\" class=\"yoast-schema-graph\">{\"@context\":\"https:\/\/schema.org\",\"@graph\":[{\"@type\":\"WebPage\",\"@id\":\"https:\/\/web.umons.ac.be\/fs\/fr\/a-propos-de-la-faculte\/\",\"url\":\"https:\/\/web.umons.ac.be\/fs\/fr\/a-propos-de-la-faculte\/\",\"name\":\"A propos de la facult\u00e9 - Facult\u00e9 \/ FS\",\"isPartOf\":{\"@id\":\"https:\/\/web.umons.ac.be\/fs\/#website\"},\"datePublished\":\"2017-07-10T08:51:08+00:00\",\"dateModified\":\"2025-12-08T14:44:31+00:00\",\"breadcrumb\":{\"@id\":\"https:\/\/web.umons.ac.be\/fs\/fr\/a-propos-de-la-faculte\/#breadcrumb\"},\"inLanguage\":\"fr-FR\",\"potentialAction\":[{\"@type\":\"ReadAction\",\"target\":[\"https:\/\/web.umons.ac.be\/fs\/fr\/a-propos-de-la-faculte\/\"]}]},{\"@type\":\"BreadcrumbList\",\"@id\":\"https:\/\/web.umons.ac.be\/fs\/fr\/a-propos-de-la-faculte\/#breadcrumb\",\"itemListElement\":[{\"@type\":\"ListItem\",\"position\":1,\"name\":\"Accueil\",\"item\":\"https:\/\/web.umons.ac.be\/fs\/fr\/\"},{\"@type\":\"ListItem\",\"position\":2,\"name\":\"A propos de la facult\u00e9\"}]},{\"@type\":\"WebSite\",\"@id\":\"https:\/\/web.umons.ac.be\/fs\/#website\",\"url\":\"https:\/\/web.umons.ac.be\/fs\/\",\"name\":\"Facult\u00e9 \/ FS\",\"description\":\"\",\"potentialAction\":[{\"@type\":\"SearchAction\",\"target\":{\"@type\":\"EntryPoint\",\"urlTemplate\":\"https:\/\/web.umons.ac.be\/fs\/?s={search_term_string}\"},\"query-input\":{\"@type\":\"PropertyValueSpecification\",\"valueRequired\":true,\"valueName\":\"search_term_string\"}}],\"inLanguage\":\"fr-FR\"}]}<\/script>\n<!-- \/ Yoast SEO plugin. -->","yoast_head_json":{"title":"A propos de la facult\u00e9 - Facult\u00e9 \/ FS","robots":{"index":"index","follow":"follow","max-snippet":"max-snippet:-1","max-image-preview":"max-image-preview:large","max-video-preview":"max-video-preview:-1"},"canonical":"https:\/\/web.umons.ac.be\/fs\/fr\/a-propos-de-la-faculte\/","og_locale":"fr_FR","og_type":"article","og_title":"A propos de la facult\u00e9 - Facult\u00e9 \/ FS","og_description":"Les sp\u00e9cificit\u00e9s Une des sp\u00e9cificit\u00e9s de la Facult\u00e9 des Sciences\u00a0est qu\u2019elle vous procure un enseignement en\u00a0contact avec la recherche au travers de travaux\u00a0personnels et des laboratoires encadr\u00e9s par les\u00a0chercheurs facultaires. Les \u00e9quipes de recherche b\u00e9n\u00e9ficient d\u2019une\u00a0v\u00e9ritable notori\u00e9t\u00e9 internationale ! La Facult\u00e9 des\u00a0Sciences est, parmi les institutions du Hainaut,\u00a0l\u2019une des plus actives dans la recherche scientifique.\u00a0Ses [&hellip;]","og_url":"https:\/\/web.umons.ac.be\/fs\/fr\/a-propos-de-la-faculte\/","og_site_name":"Facult\u00e9 \/ FS","article_modified_time":"2025-12-08T14:44:31+00:00","twitter_card":"summary_large_image","twitter_misc":{"Dur\u00e9e de lecture estim\u00e9e":"1 minute"},"schema":{"@context":"https:\/\/schema.org","@graph":[{"@type":"WebPage","@id":"https:\/\/web.umons.ac.be\/fs\/fr\/a-propos-de-la-faculte\/","url":"https:\/\/web.umons.ac.be\/fs\/fr\/a-propos-de-la-faculte\/","name":"A propos de la facult\u00e9 - Facult\u00e9 \/ FS","isPartOf":{"@id":"https:\/\/web.umons.ac.be\/fs\/#website"},"datePublished":"2017-07-10T08:51:08+00:00","dateModified":"2025-12-08T14:44:31+00:00","breadcrumb":{"@id":"https:\/\/web.umons.ac.be\/fs\/fr\/a-propos-de-la-faculte\/#breadcrumb"},"inLanguage":"fr-FR","potentialAction":[{"@type":"ReadAction","target":["https:\/\/web.umons.ac.be\/fs\/fr\/a-propos-de-la-faculte\/"]}]},{"@type":"BreadcrumbList","@id":"https:\/\/web.umons.ac.be\/fs\/fr\/a-propos-de-la-faculte\/#breadcrumb","itemListElement":[{"@type":"ListItem","position":1,"name":"Accueil","item":"https:\/\/web.umons.ac.be\/fs\/fr\/"},{"@type":"ListItem","position":2,"name":"A propos de la facult\u00e9"}]},{"@type":"WebSite","@id":"https:\/\/web.umons.ac.be\/fs\/#website","url":"https:\/\/web.umons.ac.be\/fs\/","name":"Facult\u00e9 \/ FS","description":"","potentialAction":[{"@type":"SearchAction","target":{"@type":"EntryPoint","urlTemplate":"https:\/\/web.umons.ac.be\/fs\/?s={search_term_string}"},"query-input":{"@type":"PropertyValueSpecification","valueRequired":true,"valueName":"search_term_string"}}],"inLanguage":"fr-FR"}]}},"lang":"fr","translations":{"fr":32,"en":318},"pll_sync_post":[],"_links":{"self":[{"href":"https:\/\/web.umons.ac.be\/fs\/wp-json\/wp\/v2\/pages\/32","targetHints":{"allow":["GET"]}}],"collection":[{"href":"https:\/\/web.umons.ac.be\/fs\/wp-json\/wp\/v2\/pages"}],"about":[{"href":"https:\/\/web.umons.ac.be\/fs\/wp-json\/wp\/v2\/types\/page"}],"author":[{"embeddable":true,"href":"https:\/\/web.umons.ac.be\/fs\/wp-json\/wp\/v2\/users\/2"}],"replies":[{"embeddable":true,"href":"https:\/\/web.umons.ac.be\/fs\/wp-json\/wp\/v2\/comments?post=32"}],"version-history":[{"count":2,"href":"https:\/\/web.umons.ac.be\/fs\/wp-json\/wp\/v2\/pages\/32\/revisions"}],"predecessor-version":[{"id":2406,"href":"https:\/\/web.umons.ac.be\/fs\/wp-json\/wp\/v2\/pages\/32\/revisions\/2406"}],"wp:attachment":[{"href":"https:\/\/web.umons.ac.be\/fs\/wp-json\/wp\/v2\/media?parent=32"}],"curies":[{"name":"wp","href":"https:\/\/api.w.org\/{rel}","templated":true}]}}