{"id":466,"date":"2018-01-25T10:40:16","date_gmt":"2018-01-25T09:40:16","guid":{"rendered":"https:\/\/web.umons.ac.be\/fs\/?page_id=466"},"modified":"2025-12-08T11:54:43","modified_gmt":"2025-12-08T10:54:43","slug":"2eme-cycle-master","status":"publish","type":"page","link":"https:\/\/web.umons.ac.be\/fs\/fr\/les-departements\/biologie\/2eme-cycle-master\/","title":{"rendered":"2\u00e8me cycle : Master"},"content":{"rendered":"<p>Le Master en <strong>Biochimie, Biologie Mol\u00e9culaire et\u00a0Cellulaire (BBMC)<\/strong> et le <strong>Master en Biologie des Organismes\u00a0et Ecologie (BOE)<\/strong> sont bas\u00e9s sur des\u00a0programmes de <strong>120 cr\u00e9dits<\/strong> int\u00e9grant des cours\u00a0th\u00e9oriques et beaucoup de cours pratiques.<\/p>\n<ul>\n<li><strong>Le Master en BBMC se focalise sur la compr\u00e9hension\u00a0mol\u00e9culaire et cellulaire des organismes,\u00a0tant unicellulaires que pluricellulaires.<\/strong><\/li>\n<li><strong>Le Master en BOE se concentre sur la compr\u00e9hension\u00a0et l\u2019analyse du vivant et de son environnement.<\/strong><\/li>\n<\/ul>\n<start-cask-shortcode-wrapper><article class=\"shortcode-training training-small content-block scheme-fs\">\n\t<a href=\"https:\/\/web.umons.ac.be\/fs\/fr\/formations\/m2-bbmcfa\/\" class=\"training-link scheme-border-hover\">\n\t\t<header class=\"training-small-header\">\n\t\t\t<div class=\"training-small-entity scheme-color\">\n\t\t\t\tFacult\u00e9 \/ FS\t\t\t\t\t           \t<img decoding=\"async\" src=\"https:\/\/web.umons.ac.be\/app\/uploads\/sites\/11\/2017\/05\/FS.png\" class=\"training-small-entity-logo\" alt=\"Ic\u00f4ne de Facult\u00e9 \/ FS\">\n\t        \t\t\t\t<\/div>\n\t\t\t<div class=\"training-small-degree\">\n\t\t\t\tMaster en\t\t\t<\/div>\n\n\t\t\t<h1 class=\"training-small-title\">Biochimie et biologie mol\u00e9culaire et cellulaire<\/h1>\n\n\t\t\t\t\t\t<div class=\"training-small-subtitle\">\n\t\t\t\t<strong>Finalit\u00e9 approfondie<\/strong>\n\t\t\t<\/div>\n\t\t\t\t\t<\/header>\n\t\t\t\t<div class=\"training-small-content\">\n\t\t\t<div class=\"training-small-location\">\n\t\t\t\t<span class=\"icon umons-icon-pin\" aria-hidden=\"true\"><\/span>\n\t\t\t\t<span class=\"location\">Mons<\/span>\n\t\t\t<\/div>\n\n\t\t\t\t\t\t<div class=\"training-small-side-info\">\n\t\t\t\t<ul class=\"training-small-side-info-list\">\n\t\t\t\t\t\t\t\t\t\t<li>\n\t\t\t\t\t\t<div class=\"training-single-schedule\">\n\t\t\t\t\t\t\t<div class=\"label\">Horaire<\/div>\n\t\t\t\t\t\t\t<div class=\"value\">Horaire de jour<\/div>\n\t\t\t\t\t\t<\/div>\n\t\t\t\t\t<\/li>\n\t\t\t\t\t\t\t\t\t\t\t\t\t\t\t<li>\n\t\t\t\t\t\t<div class=\"training-single-credits\">\n\t\t\t\t\t\t\t<div class=\"label\">Cr\u00e9dits ECTS<\/div>\n\t\t\t\t\t\t\t<div class=\"value\">120<\/div>\n\t\t\t\t\t\t<\/div>\n\t\t\t\t\t<\/li>\n\t\t\t\t\t\t\t\t\t\t\t\t\t\t<\/ul>\n\t\t\t<\/div>\n\t\t\t\t\t<\/div>\n\t\t\t<\/a>\n<\/article>\n<end-cask-shortcode-wrapper>\n<start-cask-shortcode-wrapper><article class=\"shortcode-training training-small content-block scheme-fs\">\n\t<a href=\"https:\/\/web.umons.ac.be\/fs\/fr\/formations\/m2-bbmcfs\/\" class=\"training-link scheme-border-hover\">\n\t\t<header class=\"training-small-header\">\n\t\t\t<div class=\"training-small-entity scheme-color\">\n\t\t\t\tFacult\u00e9 \/ FS\t\t\t\t\t           \t<img decoding=\"async\" src=\"https:\/\/web.umons.ac.be\/app\/uploads\/sites\/11\/2017\/05\/FS.png\" class=\"training-small-entity-logo\" alt=\"Ic\u00f4ne de Facult\u00e9 \/ FS\">\n\t        \t\t\t\t<\/div>\n\t\t\t<div class=\"training-small-degree\">\n\t\t\t\tMaster en\t\t\t<\/div>\n\n\t\t\t<h1 class=\"training-small-title\">Biochimie et biologie mol\u00e9culaire et cellulaire<\/h1>\n\n\t\t\t\t\t\t<div class=\"training-small-subtitle\">\n\t\t\t\t<strong>Finalit\u00e9 sp\u00e9cialis\u00e9e\u00a0: industrie<\/strong>\n\t\t\t<\/div>\n\t\t\t\t\t<\/header>\n\t\t\t\t<div class=\"training-small-content\">\n\t\t\t<div class=\"training-small-location\">\n\t\t\t\t<span class=\"icon umons-icon-pin\" aria-hidden=\"true\"><\/span>\n\t\t\t\t<span class=\"location\">Mons<\/span>\n\t\t\t<\/div>\n\n\t\t\t\t\t\t<div class=\"training-small-side-info\">\n\t\t\t\t<ul class=\"training-small-side-info-list\">\n\t\t\t\t\t\t\t\t\t\t<li>\n\t\t\t\t\t\t<div class=\"training-single-schedule\">\n\t\t\t\t\t\t\t<div class=\"label\">Horaire<\/div>\n\t\t\t\t\t\t\t<div class=\"value\">Horaire de jour<\/div>\n\t\t\t\t\t\t<\/div>\n\t\t\t\t\t<\/li>\n\t\t\t\t\t\t\t\t\t\t\t\t\t\t\t<li>\n\t\t\t\t\t\t<div class=\"training-single-credits\">\n\t\t\t\t\t\t\t<div class=\"label\">Cr\u00e9dits ECTS<\/div>\n\t\t\t\t\t\t\t<div class=\"value\">120<\/div>\n\t\t\t\t\t\t<\/div>\n\t\t\t\t\t<\/li>\n\t\t\t\t\t\t\t\t\t\t\t\t\t\t\t<li>\n\t\t\t\t\t\t<div class=\"training-single-languages\">\n\t\t\t\t\t\t\t<div class=\"label\">Langue<\/div>\n\t\t\t\t\t\t\t<div class=\"value\">\n\t\t\t\t\t\t\t\t<span class=\"lang\">Fran\u00e7ais<\/span>\n\t\t\t\t\t\t\t<\/div>\n\t\t\t\t\t\t<\/div>\n\t\t\t\t\t<\/li>\n\t\t\t\t\t\t\t\t\t<\/ul>\n\t\t\t<\/div>\n\t\t\t\t\t<\/div>\n\t\t\t<\/a>\n<\/article>\n<end-cask-shortcode-wrapper>\n<start-cask-shortcode-wrapper><article class=\"shortcode-training training-small content-block scheme-fs\">\n\t<a href=\"https:\/\/web.umons.ac.be\/fs\/fr\/formations\/m2-bioefa\/\" class=\"training-link scheme-border-hover\">\n\t\t<header class=\"training-small-header\">\n\t\t\t<div class=\"training-small-entity scheme-color\">\n\t\t\t\tFacult\u00e9 \/ FS\t\t\t\t\t           \t<img decoding=\"async\" src=\"https:\/\/web.umons.ac.be\/app\/uploads\/sites\/11\/2017\/05\/FS.png\" class=\"training-small-entity-logo\" alt=\"Ic\u00f4ne de Facult\u00e9 \/ FS\">\n\t        \t\t\t\t<\/div>\n\t\t\t<div class=\"training-small-degree\">\n\t\t\t\tMaster en\t\t\t<\/div>\n\n\t\t\t<h1 class=\"training-small-title\">Biologie des organismes et \u00e9cologie<\/h1>\n\n\t\t\t\t\t\t<div class=\"training-small-subtitle\">\n\t\t\t\t<strong>Finalit\u00e9 approfondie<\/strong>\n\t\t\t<\/div>\n\t\t\t\t\t<\/header>\n\t\t\t\t<div class=\"training-small-content\">\n\t\t\t<div class=\"training-small-location\">\n\t\t\t\t<span class=\"icon umons-icon-pin\" aria-hidden=\"true\"><\/span>\n\t\t\t\t<span class=\"location\">Mons<\/span>\n\t\t\t<\/div>\n\n\t\t\t\t\t\t<div class=\"training-small-side-info\">\n\t\t\t\t<ul class=\"training-small-side-info-list\">\n\t\t\t\t\t\t\t\t\t\t<li>\n\t\t\t\t\t\t<div class=\"training-single-schedule\">\n\t\t\t\t\t\t\t<div class=\"label\">Horaire<\/div>\n\t\t\t\t\t\t\t<div class=\"value\">Horaire de jour<\/div>\n\t\t\t\t\t\t<\/div>\n\t\t\t\t\t<\/li>\n\t\t\t\t\t\t\t\t\t\t\t\t\t\t\t<li>\n\t\t\t\t\t\t<div class=\"training-single-credits\">\n\t\t\t\t\t\t\t<div class=\"label\">Cr\u00e9dits ECTS<\/div>\n\t\t\t\t\t\t\t<div class=\"value\">120<\/div>\n\t\t\t\t\t\t<\/div>\n\t\t\t\t\t<\/li>\n\t\t\t\t\t\t\t\t\t\t\t\t\t\t\t<li>\n\t\t\t\t\t\t<div class=\"training-single-languages\">\n\t\t\t\t\t\t\t<div class=\"label\">Langue<\/div>\n\t\t\t\t\t\t\t<div class=\"value\">\n\t\t\t\t\t\t\t\t<span class=\"lang\">Fran\u00e7ais<\/span>\n\t\t\t\t\t\t\t<\/div>\n\t\t\t\t\t\t<\/div>\n\t\t\t\t\t<\/li>\n\t\t\t\t\t\t\t\t\t<\/ul>\n\t\t\t<\/div>\n\t\t\t\t\t<\/div>\n\t\t\t<\/a>\n<\/article>\n<end-cask-shortcode-wrapper>\n<start-cask-shortcode-wrapper><article class=\"shortcode-training training-small content-block scheme-fs\">\n\t<a href=\"https:\/\/web.umons.ac.be\/fs\/fr\/formations\/m2-bioefs\/\" class=\"training-link scheme-border-hover\">\n\t\t<header class=\"training-small-header\">\n\t\t\t<div class=\"training-small-entity scheme-color\">\n\t\t\t\tFacult\u00e9 \/ FS\t\t\t\t\t           \t<img decoding=\"async\" src=\"https:\/\/web.umons.ac.be\/app\/uploads\/sites\/11\/2017\/05\/FS.png\" class=\"training-small-entity-logo\" alt=\"Ic\u00f4ne de Facult\u00e9 \/ FS\">\n\t        \t\t\t\t<\/div>\n\t\t\t<div class=\"training-small-degree\">\n\t\t\t\tMaster en\t\t\t<\/div>\n\n\t\t\t<h1 class=\"training-small-title\">Biologie des organismes et \u00e9cologie<\/h1>\n\n\t\t\t\t\t\t<div class=\"training-small-subtitle\">\n\t\t\t\t<strong>Finalit\u00e9 sp\u00e9cialis\u00e9e dans les m\u00e9tiers de l'\u00e9coconseil<\/strong>\n\t\t\t<\/div>\n\t\t\t\t\t<\/header>\n\t\t\t\t<div class=\"training-small-content\">\n\t\t\t<div class=\"training-small-location\">\n\t\t\t\t<span class=\"icon umons-icon-pin\" aria-hidden=\"true\"><\/span>\n\t\t\t\t<span class=\"location\">Mons<\/span>\n\t\t\t<\/div>\n\n\t\t\t\t\t\t<div class=\"training-small-side-info\">\n\t\t\t\t<ul class=\"training-small-side-info-list\">\n\t\t\t\t\t\t\t\t\t\t<li>\n\t\t\t\t\t\t<div class=\"training-single-schedule\">\n\t\t\t\t\t\t\t<div class=\"label\">Horaire<\/div>\n\t\t\t\t\t\t\t<div class=\"value\">Horaire de jour<\/div>\n\t\t\t\t\t\t<\/div>\n\t\t\t\t\t<\/li>\n\t\t\t\t\t\t\t\t\t\t\t\t\t\t\t<li>\n\t\t\t\t\t\t<div class=\"training-single-credits\">\n\t\t\t\t\t\t\t<div class=\"label\">Cr\u00e9dits ECTS<\/div>\n\t\t\t\t\t\t\t<div class=\"value\">120<\/div>\n\t\t\t\t\t\t<\/div>\n\t\t\t\t\t<\/li>\n\t\t\t\t\t\t\t\t\t\t\t\t\t\t\t<li>\n\t\t\t\t\t\t<div class=\"training-single-languages\">\n\t\t\t\t\t\t\t<div class=\"label\">Langue<\/div>\n\t\t\t\t\t\t\t<div class=\"value\">\n\t\t\t\t\t\t\t\t<span class=\"lang\">Fran\u00e7ais<\/span>\n\t\t\t\t\t\t\t<\/div>\n\t\t\t\t\t\t<\/div>\n\t\t\t\t\t<\/li>\n\t\t\t\t\t\t\t\t\t<\/ul>\n\t\t\t<\/div>\n\t\t\t\t\t<\/div>\n\t\t\t<\/a>\n<\/article>\n<end-cask-shortcode-wrapper>\n","protected":false},"excerpt":{"rendered":"<p>Le Master en Biochimie, Biologie Mol\u00e9culaire et\u00a0Cellulaire (BBMC) et le Master en Biologie des Organismes\u00a0et Ecologie (BOE) sont bas\u00e9s sur des\u00a0programmes de 120 cr\u00e9dits int\u00e9grant des cours\u00a0th\u00e9oriques et beaucoup de cours pratiques. Le Master en BBMC se focalise sur la compr\u00e9hension\u00a0mol\u00e9culaire et cellulaire des organismes,\u00a0tant unicellulaires que pluricellulaires. Le Master en BOE se concentre sur [&hellip;]<\/p>\n","protected":false},"author":2,"featured_media":0,"parent":103,"menu_order":0,"comment_status":"closed","ping_status":"closed","template":"","meta":{"footnotes":""},"class_list":["post-466","page","type-page","status-publish","hentry"],"yoast_head":"<!-- This site is optimized with the Yoast SEO plugin v27.2 - https:\/\/yoast.com\/product\/yoast-seo-wordpress\/ -->\n<title>2\u00e8me cycle : Master - Facult\u00e9 \/ FS<\/title>\n<meta name=\"robots\" content=\"index, follow, max-snippet:-1, max-image-preview:large, max-video-preview:-1\" \/>\n<link rel=\"canonical\" href=\"https:\/\/web.umons.ac.be\/fs\/fr\/les-departements\/biologie\/2eme-cycle-master\/\" \/>\n<meta property=\"og:locale\" content=\"fr_FR\" \/>\n<meta property=\"og:type\" content=\"article\" \/>\n<meta property=\"og:title\" content=\"2\u00e8me cycle : Master - Facult\u00e9 \/ FS\" \/>\n<meta property=\"og:description\" content=\"Le Master en Biochimie, Biologie Mol\u00e9culaire et\u00a0Cellulaire (BBMC) et le Master en Biologie des Organismes\u00a0et Ecologie (BOE) sont bas\u00e9s sur des\u00a0programmes de 120 cr\u00e9dits int\u00e9grant des cours\u00a0th\u00e9oriques et beaucoup de cours pratiques. Le Master en BBMC se focalise sur la compr\u00e9hension\u00a0mol\u00e9culaire et cellulaire des organismes,\u00a0tant unicellulaires que pluricellulaires. Le Master en BOE se concentre sur [&hellip;]\" \/>\n<meta property=\"og:url\" content=\"https:\/\/web.umons.ac.be\/fs\/fr\/les-departements\/biologie\/2eme-cycle-master\/\" \/>\n<meta property=\"og:site_name\" content=\"Facult\u00e9 \/ FS\" \/>\n<meta property=\"article:modified_time\" content=\"2025-12-08T10:54:43+00:00\" \/>\n<meta name=\"twitter:card\" content=\"summary_large_image\" \/>\n<meta name=\"twitter:label1\" content=\"Dur\u00e9e de lecture estim\u00e9e\" \/>\n\t<meta name=\"twitter:data1\" content=\"1 minute\" \/>\n<script type=\"application\/ld+json\" class=\"yoast-schema-graph\">{\"@context\":\"https:\/\/schema.org\",\"@graph\":[{\"@type\":\"WebPage\",\"@id\":\"https:\/\/web.umons.ac.be\/fs\/fr\/les-departements\/biologie\/2eme-cycle-master\/\",\"url\":\"https:\/\/web.umons.ac.be\/fs\/fr\/les-departements\/biologie\/2eme-cycle-master\/\",\"name\":\"2\u00e8me cycle : Master - Facult\u00e9 \/ FS\",\"isPartOf\":{\"@id\":\"https:\/\/web.umons.ac.be\/fs\/#website\"},\"datePublished\":\"2018-01-25T09:40:16+00:00\",\"dateModified\":\"2025-12-08T10:54:43+00:00\",\"breadcrumb\":{\"@id\":\"https:\/\/web.umons.ac.be\/fs\/fr\/les-departements\/biologie\/2eme-cycle-master\/#breadcrumb\"},\"inLanguage\":\"fr-FR\",\"potentialAction\":[{\"@type\":\"ReadAction\",\"target\":[\"https:\/\/web.umons.ac.be\/fs\/fr\/les-departements\/biologie\/2eme-cycle-master\/\"]}]},{\"@type\":\"BreadcrumbList\",\"@id\":\"https:\/\/web.umons.ac.be\/fs\/fr\/les-departements\/biologie\/2eme-cycle-master\/#breadcrumb\",\"itemListElement\":[{\"@type\":\"ListItem\",\"position\":1,\"name\":\"Accueil\",\"item\":\"https:\/\/web.umons.ac.be\/fs\/fr\/\"},{\"@type\":\"ListItem\",\"position\":2,\"name\":\"Les d\u00e9partements\",\"item\":\"https:\/\/web.umons.ac.be\/fs\/fr\/les-departements\/\"},{\"@type\":\"ListItem\",\"position\":3,\"name\":\"Biologie\",\"item\":\"https:\/\/web.umons.ac.be\/fs\/fr\/les-departements\/biologie\/\"},{\"@type\":\"ListItem\",\"position\":4,\"name\":\"2\u00e8me cycle : Master\"}]},{\"@type\":\"WebSite\",\"@id\":\"https:\/\/web.umons.ac.be\/fs\/#website\",\"url\":\"https:\/\/web.umons.ac.be\/fs\/\",\"name\":\"Facult\u00e9 \/ FS\",\"description\":\"\",\"potentialAction\":[{\"@type\":\"SearchAction\",\"target\":{\"@type\":\"EntryPoint\",\"urlTemplate\":\"https:\/\/web.umons.ac.be\/fs\/?s={search_term_string}\"},\"query-input\":{\"@type\":\"PropertyValueSpecification\",\"valueRequired\":true,\"valueName\":\"search_term_string\"}}],\"inLanguage\":\"fr-FR\"}]}<\/script>\n<!-- \/ Yoast SEO plugin. -->","yoast_head_json":{"title":"2\u00e8me cycle : Master - Facult\u00e9 \/ FS","robots":{"index":"index","follow":"follow","max-snippet":"max-snippet:-1","max-image-preview":"max-image-preview:large","max-video-preview":"max-video-preview:-1"},"canonical":"https:\/\/web.umons.ac.be\/fs\/fr\/les-departements\/biologie\/2eme-cycle-master\/","og_locale":"fr_FR","og_type":"article","og_title":"2\u00e8me cycle : Master - Facult\u00e9 \/ FS","og_description":"Le Master en Biochimie, Biologie Mol\u00e9culaire et\u00a0Cellulaire (BBMC) et le Master en Biologie des Organismes\u00a0et Ecologie (BOE) sont bas\u00e9s sur des\u00a0programmes de 120 cr\u00e9dits int\u00e9grant des cours\u00a0th\u00e9oriques et beaucoup de cours pratiques. Le Master en BBMC se focalise sur la compr\u00e9hension\u00a0mol\u00e9culaire et cellulaire des organismes,\u00a0tant unicellulaires que pluricellulaires. Le Master en BOE se concentre sur [&hellip;]","og_url":"https:\/\/web.umons.ac.be\/fs\/fr\/les-departements\/biologie\/2eme-cycle-master\/","og_site_name":"Facult\u00e9 \/ FS","article_modified_time":"2025-12-08T10:54:43+00:00","twitter_card":"summary_large_image","twitter_misc":{"Dur\u00e9e de lecture estim\u00e9e":"1 minute"},"schema":{"@context":"https:\/\/schema.org","@graph":[{"@type":"WebPage","@id":"https:\/\/web.umons.ac.be\/fs\/fr\/les-departements\/biologie\/2eme-cycle-master\/","url":"https:\/\/web.umons.ac.be\/fs\/fr\/les-departements\/biologie\/2eme-cycle-master\/","name":"2\u00e8me cycle : Master - Facult\u00e9 \/ FS","isPartOf":{"@id":"https:\/\/web.umons.ac.be\/fs\/#website"},"datePublished":"2018-01-25T09:40:16+00:00","dateModified":"2025-12-08T10:54:43+00:00","breadcrumb":{"@id":"https:\/\/web.umons.ac.be\/fs\/fr\/les-departements\/biologie\/2eme-cycle-master\/#breadcrumb"},"inLanguage":"fr-FR","potentialAction":[{"@type":"ReadAction","target":["https:\/\/web.umons.ac.be\/fs\/fr\/les-departements\/biologie\/2eme-cycle-master\/"]}]},{"@type":"BreadcrumbList","@id":"https:\/\/web.umons.ac.be\/fs\/fr\/les-departements\/biologie\/2eme-cycle-master\/#breadcrumb","itemListElement":[{"@type":"ListItem","position":1,"name":"Accueil","item":"https:\/\/web.umons.ac.be\/fs\/fr\/"},{"@type":"ListItem","position":2,"name":"Les d\u00e9partements","item":"https:\/\/web.umons.ac.be\/fs\/fr\/les-departements\/"},{"@type":"ListItem","position":3,"name":"Biologie","item":"https:\/\/web.umons.ac.be\/fs\/fr\/les-departements\/biologie\/"},{"@type":"ListItem","position":4,"name":"2\u00e8me cycle : Master"}]},{"@type":"WebSite","@id":"https:\/\/web.umons.ac.be\/fs\/#website","url":"https:\/\/web.umons.ac.be\/fs\/","name":"Facult\u00e9 \/ FS","description":"","potentialAction":[{"@type":"SearchAction","target":{"@type":"EntryPoint","urlTemplate":"https:\/\/web.umons.ac.be\/fs\/?s={search_term_string}"},"query-input":{"@type":"PropertyValueSpecification","valueRequired":true,"valueName":"search_term_string"}}],"inLanguage":"fr-FR"}]}},"lang":"fr","translations":{"fr":466},"pll_sync_post":[],"_links":{"self":[{"href":"https:\/\/web.umons.ac.be\/fs\/wp-json\/wp\/v2\/pages\/466","targetHints":{"allow":["GET"]}}],"collection":[{"href":"https:\/\/web.umons.ac.be\/fs\/wp-json\/wp\/v2\/pages"}],"about":[{"href":"https:\/\/web.umons.ac.be\/fs\/wp-json\/wp\/v2\/types\/page"}],"author":[{"embeddable":true,"href":"https:\/\/web.umons.ac.be\/fs\/wp-json\/wp\/v2\/users\/2"}],"replies":[{"embeddable":true,"href":"https:\/\/web.umons.ac.be\/fs\/wp-json\/wp\/v2\/comments?post=466"}],"version-history":[{"count":4,"href":"https:\/\/web.umons.ac.be\/fs\/wp-json\/wp\/v2\/pages\/466\/revisions"}],"predecessor-version":[{"id":475,"href":"https:\/\/web.umons.ac.be\/fs\/wp-json\/wp\/v2\/pages\/466\/revisions\/475"}],"up":[{"embeddable":true,"href":"https:\/\/web.umons.ac.be\/fs\/wp-json\/wp\/v2\/pages\/103"}],"wp:attachment":[{"href":"https:\/\/web.umons.ac.be\/fs\/wp-json\/wp\/v2\/media?parent=466"}],"curies":[{"name":"wp","href":"https:\/\/api.w.org\/{rel}","templated":true}]}}