{"id":470,"date":"2018-01-25T10:44:32","date_gmt":"2018-01-25T09:44:32","guid":{"rendered":"https:\/\/web.umons.ac.be\/fs\/?page_id=470"},"modified":"2025-02-10T12:07:43","modified_gmt":"2025-02-10T11:07:43","slug":"biochimie-biologie-moleculaire-et-cellulaire","status":"publish","type":"page","link":"https:\/\/web.umons.ac.be\/fs\/fr\/les-departements\/biologie\/2eme-cycle-master\/biochimie-biologie-moleculaire-et-cellulaire\/","title":{"rendered":"Biochimie, Biologie Mol\u00e9culaire et Cellulaire"},"content":{"rendered":"<p>Le Master en BBMC se focalise sur la compr\u00e9hension\u00a0mol\u00e9culaire et cellulaire des organismes,\u00a0tant unicellulaires que pluricellulaires. Cette formation\u00a0couvre un grand nombre de domaines des\u00a0sciences de la vie tels que la biochimie, la biologie\u00a0cellulaire, la g\u00e9n\u00e9tique, la microbiologie et la\u00a0biologie mol\u00e9culaire. Elle assure aux futurs Ma\u00eetres\u00a0la connaissance approfondie de notions et techniques\u00a0n\u00e9cessaires \u00e0 la compr\u00e9hension du fonctionnement\u00a0mol\u00e9culaire des organismes vivants.<\/p>\n<p>De nombreux stages pratiques sont organis\u00e9s et\u00a0permettent de comprendre par exemple comment\u00a0se forment les ARN constituant les ribosomes de\u00a0la cellule ou encore d\u2019analyser des prot\u00e9ines en\u00a0spectrom\u00e9trie de masse.<\/p>\n<start-cask-shortcode-wrapper>\n<blockquote class=\"shortcode-testimonial scheme-fs\">\n    <div class=\"testimonial-quote\">\n        <div>\u201cApr\u00e8s avoir fini mes \u00e9tudes secondaires\u00a0en option sciences, j\u2019ai\u00a0d\u00e9cid\u00e9 de continuer mon parcours\u00a0au sein de l\u2019Universit\u00e9 de Mons. La proximit\u00e9 des\u00a0professeurs et leur ouverture aux interrogations de&hellip;<\/div>\n                <a href=\"#testimonial-modal-631\" class=\"button-secondary open-testimonial scheme-border scheme-color-hover-important\">\n            Poursuivre la lecture <span class=\"icon umons-icon-tail-right\" aria-hidden=\"true\"><\/span>\n        <\/a>\n            <\/div>\n    <div class=\"testimonial-author\">\n                <div class=\"testimonial-picture\">\n            <img decoding=\"async\" src=\"https:\/\/web.umons.ac.be\/app\/uploads\/sites\/11\/2018\/01\/Edisson-Rivera-Proano-80x80.jpg\" alt=\"\" \/>\n        <\/div>\n                <div class=\"testimonial-text\">\n            <div class=\"testimonial-identity\">\n                <span class=\"testimonial-author-name\">Edisson Rivera Proano<\/span>\n                            <\/div>\n            <div class=\"testimonial-meta\">\n                                                <span class=\"testimonial-group\">\u00c9tudiant en Bloc 1 de Master en BBMC<\/span>\n                            <\/div>\n        <\/div>\n    <\/div>\n<\/blockquote>\n<div id=\"testimonial-modal-631\" class=\"testimonial-modal-wrap normal\" style=\"display: none;\">\n    <div class=\"shortcode-testimonial-modal\">\n        <blockquote class=\"shortcode-testimonial\">\n            <div class=\"testimonial-quote editor-front\">\n                                <blockquote class=\"highlighted-quote\">\u201cApr\u00e8s avoir fini mes \u00e9tudes secondaires\u00a0en option sciences, j\u2019ai\u00a0d\u00e9cid\u00e9 de continuer mon parcours\u00a0au sein de l\u2019Universit\u00e9 de Mons. La proximit\u00e9 des\u00a0professeurs et leur ouverture aux interrogations des\u00a0\u00e9l\u00e8ves m\u2019ont permis d\u2019avancer sereinement dans\u00a0mes \u00e9tudes. De plus, les anciens \u00e9tudiants sont\u00a0\u00e9galement pr\u00e9sents pour nous guider et conseiller.\u00a0Les 3 ann\u00e9es de Bachelier m\u2019ont permis d\u2019avoir\u00a0une vue d\u2019ensemble sur\u2026<\/blockquote>\n                                                <div class=\"testimonial-full-quote\"><p>\u201cApr\u00e8s avoir fini mes \u00e9tudes secondaires\u00a0en option sciences, j\u2019ai\u00a0d\u00e9cid\u00e9 de continuer mon parcours\u00a0au sein de l\u2019Universit\u00e9 de Mons. La proximit\u00e9 des\u00a0professeurs et leur ouverture aux interrogations des\u00a0\u00e9l\u00e8ves m\u2019ont permis d\u2019avancer sereinement dans\u00a0mes \u00e9tudes. De plus, les anciens \u00e9tudiants sont\u00a0\u00e9galement pr\u00e9sents pour nous guider et conseiller.\u00a0Les 3 ann\u00e9es de Bachelier m\u2019ont permis d\u2019avoir\u00a0une vue d\u2019ensemble sur les diff\u00e9rentes branches\u00a0de la Biologie, tant d\u2019un point de vue th\u00e9orique que\u00a0pratique, et ainsi d\u2019orienter le choix de mon Master\u00a0et de ma future profession.\u201d<\/p>\n<\/div>\n                            <\/div>\n            <div class=\"testimonial-author\">\n                                <div class=\"testimonial-picture\">\n                    <img decoding=\"async\" src=\"https:\/\/web.umons.ac.be\/app\/uploads\/sites\/11\/2018\/01\/Edisson-Rivera-Proano-80x80.jpg\" alt=\"\" \/>\n                <\/div>\n                                <div class=\"testimonial-text\">\n                    <div class=\"testimonial-identity\">\n                        <span class=\"testimonial-author-name\">Edisson Rivera Proano<\/span>\n                                            <\/div>\n                    <div class=\"testimonial-meta\">\n                                                                        <span class=\"testimonial-group\">(\u00c9tudiant en Bloc 1 de Master en BBMC)<\/span>\n                                            <\/div>\n                <\/div>\n            <\/div>\n        <\/blockquote>\n    <\/div>\n<\/div>\n<end-cask-shortcode-wrapper>\n<p>En entrant en Master, les \u00e9tudiants choisissent une\u00a0des <strong>trois finalit\u00e9s propos\u00e9es<\/strong> :<\/p>\n<start-cask-shortcode-wrapper><article class=\"shortcode-training training-small content-block scheme-fs\">\n\t<a href=\"https:\/\/web.umons.ac.be\/fs\/fr\/formations\/m2-bbmcfa\/\" class=\"training-link scheme-border-hover\">\n\t\t<header class=\"training-small-header\">\n\t\t\t<div class=\"training-small-entity scheme-color\">\n\t\t\t\tFacult\u00e9 \/ FS\t\t\t\t\t           \t<img decoding=\"async\" src=\"https:\/\/web.umons.ac.be\/app\/uploads\/sites\/11\/2017\/05\/FS.png\" class=\"training-small-entity-logo\" alt=\"Ic\u00f4ne de Facult\u00e9 \/ FS\">\n\t        \t\t\t\t<\/div>\n\t\t\t<div class=\"training-small-degree\">\n\t\t\t\tMaster en\t\t\t<\/div>\n\n\t\t\t<h1 class=\"training-small-title\">Biochimie et biologie mol\u00e9culaire et cellulaire<\/h1>\n\n\t\t\t\t\t\t<div class=\"training-small-subtitle\">\n\t\t\t\t<strong>Finalit\u00e9 approfondie<\/strong>\n\t\t\t<\/div>\n\t\t\t\t\t<\/header>\n\t\t\t\t<div class=\"training-small-content\">\n\t\t\t<div class=\"training-small-location\">\n\t\t\t\t<span class=\"icon umons-icon-pin\" aria-hidden=\"true\"><\/span>\n\t\t\t\t<span class=\"location\">Mons<\/span>\n\t\t\t<\/div>\n\n\t\t\t\t\t\t<div class=\"training-small-side-info\">\n\t\t\t\t<ul class=\"training-small-side-info-list\">\n\t\t\t\t\t\t\t\t\t\t<li>\n\t\t\t\t\t\t<div class=\"training-single-schedule\">\n\t\t\t\t\t\t\t<div class=\"label\">Horaire<\/div>\n\t\t\t\t\t\t\t<div class=\"value\">Horaire de jour<\/div>\n\t\t\t\t\t\t<\/div>\n\t\t\t\t\t<\/li>\n\t\t\t\t\t\t\t\t\t\t\t\t\t\t\t<li>\n\t\t\t\t\t\t<div class=\"training-single-credits\">\n\t\t\t\t\t\t\t<div class=\"label\">Cr\u00e9dits ECTS<\/div>\n\t\t\t\t\t\t\t<div class=\"value\">120<\/div>\n\t\t\t\t\t\t<\/div>\n\t\t\t\t\t<\/li>\n\t\t\t\t\t\t\t\t\t\t\t\t\t\t<\/ul>\n\t\t\t<\/div>\n\t\t\t\t\t<\/div>\n\t\t\t<\/a>\n<\/article>\n<end-cask-shortcode-wrapper>\n<start-cask-shortcode-wrapper><article class=\"shortcode-training training-small content-block scheme-fs\">\n\t<a href=\"https:\/\/web.umons.ac.be\/fs\/fr\/formations\/m2-bbmcfs\/\" class=\"training-link scheme-border-hover\">\n\t\t<header class=\"training-small-header\">\n\t\t\t<div class=\"training-small-entity scheme-color\">\n\t\t\t\tFacult\u00e9 \/ FS\t\t\t\t\t           \t<img decoding=\"async\" src=\"https:\/\/web.umons.ac.be\/app\/uploads\/sites\/11\/2017\/05\/FS.png\" class=\"training-small-entity-logo\" alt=\"Ic\u00f4ne de Facult\u00e9 \/ FS\">\n\t        \t\t\t\t<\/div>\n\t\t\t<div class=\"training-small-degree\">\n\t\t\t\tMaster en\t\t\t<\/div>\n\n\t\t\t<h1 class=\"training-small-title\">Biochimie et biologie mol\u00e9culaire et cellulaire<\/h1>\n\n\t\t\t\t\t\t<div class=\"training-small-subtitle\">\n\t\t\t\t<strong>Finalit\u00e9 sp\u00e9cialis\u00e9e\u00a0: industrie<\/strong>\n\t\t\t<\/div>\n\t\t\t\t\t<\/header>\n\t\t\t\t<div class=\"training-small-content\">\n\t\t\t<div class=\"training-small-location\">\n\t\t\t\t<span class=\"icon umons-icon-pin\" aria-hidden=\"true\"><\/span>\n\t\t\t\t<span class=\"location\">Mons<\/span>\n\t\t\t<\/div>\n\n\t\t\t\t\t\t<div class=\"training-small-side-info\">\n\t\t\t\t<ul class=\"training-small-side-info-list\">\n\t\t\t\t\t\t\t\t\t\t<li>\n\t\t\t\t\t\t<div class=\"training-single-schedule\">\n\t\t\t\t\t\t\t<div class=\"label\">Horaire<\/div>\n\t\t\t\t\t\t\t<div class=\"value\">Horaire de jour<\/div>\n\t\t\t\t\t\t<\/div>\n\t\t\t\t\t<\/li>\n\t\t\t\t\t\t\t\t\t\t\t\t\t\t\t<li>\n\t\t\t\t\t\t<div class=\"training-single-credits\">\n\t\t\t\t\t\t\t<div class=\"label\">Cr\u00e9dits ECTS<\/div>\n\t\t\t\t\t\t\t<div class=\"value\">120<\/div>\n\t\t\t\t\t\t<\/div>\n\t\t\t\t\t<\/li>\n\t\t\t\t\t\t\t\t\t\t\t\t\t\t\t<li>\n\t\t\t\t\t\t<div class=\"training-single-languages\">\n\t\t\t\t\t\t\t<div class=\"label\">Langue<\/div>\n\t\t\t\t\t\t\t<div class=\"value\">\n\t\t\t\t\t\t\t\t<span class=\"lang\">Fran\u00e7ais<\/span>\n\t\t\t\t\t\t\t<\/div>\n\t\t\t\t\t\t<\/div>\n\t\t\t\t\t<\/li>\n\t\t\t\t\t\t\t\t\t<\/ul>\n\t\t\t<\/div>\n\t\t\t\t\t<\/div>\n\t\t\t<\/a>\n<\/article>\n<end-cask-shortcode-wrapper>\n<h2>A Charleroi<\/h2>\n<start-cask-shortcode-wrapper><article class=\"shortcode-training training-small content-block scheme-fs\">\n\t<a href=\"https:\/\/web.umons.ac.be\/fs\/fr\/formations\/m2-bcmcfa-c\/\" class=\"training-link scheme-border-hover\">\n\t\t<header class=\"training-small-header\">\n\t\t\t<div class=\"training-small-entity scheme-color\">\n\t\t\t\tFacult\u00e9 \/ FS\t\t\t\t\t           \t<img decoding=\"async\" src=\"https:\/\/web.umons.ac.be\/app\/uploads\/sites\/11\/2017\/05\/FS.png\" class=\"training-small-entity-logo\" alt=\"Ic\u00f4ne de Facult\u00e9 \/ FS\">\n\t        \t\t\t\t<\/div>\n\t\t\t<div class=\"training-small-degree\">\n\t\t\t\tMaster en\t\t\t<\/div>\n\n\t\t\t<h1 class=\"training-small-title\">Biochimie et biologie mol\u00e9culaire et cellulaire<\/h1>\n\n\t\t\t\t\t\t<div class=\"training-small-subtitle\">\n\t\t\t\t<strong>Finalit\u00e9 approfondie<\/strong>\n\t\t\t<\/div>\n\t\t\t\t\t<\/header>\n\t\t\t\t<div class=\"training-small-content\">\n\t\t\t<div class=\"training-small-location\">\n\t\t\t\t<span class=\"icon umons-icon-pin\" aria-hidden=\"true\"><\/span>\n\t\t\t\t<span class=\"location\">Charleroi<\/span>\n\t\t\t<\/div>\n\n\t\t\t\t\t\t<div class=\"training-small-side-info\">\n\t\t\t\t<ul class=\"training-small-side-info-list\">\n\t\t\t\t\t\t\t\t\t\t<li>\n\t\t\t\t\t\t<div class=\"training-single-schedule\">\n\t\t\t\t\t\t\t<div class=\"label\">Horaire<\/div>\n\t\t\t\t\t\t\t<div class=\"value\">Horaire de jour<\/div>\n\t\t\t\t\t\t<\/div>\n\t\t\t\t\t<\/li>\n\t\t\t\t\t\t\t\t\t\t\t\t\t\t\t<li>\n\t\t\t\t\t\t<div class=\"training-single-credits\">\n\t\t\t\t\t\t\t<div class=\"label\">Cr\u00e9dits ECTS<\/div>\n\t\t\t\t\t\t\t<div class=\"value\">120<\/div>\n\t\t\t\t\t\t<\/div>\n\t\t\t\t\t<\/li>\n\t\t\t\t\t\t\t\t\t\t\t\t\t\t\t<li>\n\t\t\t\t\t\t<div class=\"training-single-languages\">\n\t\t\t\t\t\t\t<div class=\"label\">Langue<\/div>\n\t\t\t\t\t\t\t<div class=\"value\">\n\t\t\t\t\t\t\t\t<span class=\"lang\">Fran\u00e7ais<\/span>\n\t\t\t\t\t\t\t<\/div>\n\t\t\t\t\t\t<\/div>\n\t\t\t\t\t<\/li>\n\t\t\t\t\t\t\t\t\t<\/ul>\n\t\t\t<\/div>\n\t\t\t\t\t<\/div>\n\t\t\t<\/a>\n<\/article>\n<end-cask-shortcode-wrapper>\n<p>&nbsp;<\/p>\n","protected":false},"excerpt":{"rendered":"<p>Le Master en BBMC se focalise sur la compr\u00e9hension\u00a0mol\u00e9culaire et cellulaire des organismes,\u00a0tant unicellulaires que pluricellulaires. Cette formation\u00a0couvre un grand nombre de domaines des\u00a0sciences de la vie tels que la biochimie, la biologie\u00a0cellulaire, la g\u00e9n\u00e9tique, la microbiologie et la\u00a0biologie mol\u00e9culaire. Elle assure aux futurs Ma\u00eetres\u00a0la connaissance approfondie de notions et techniques\u00a0n\u00e9cessaires \u00e0 la compr\u00e9hension du [&hellip;]<\/p>\n","protected":false},"author":2,"featured_media":0,"parent":466,"menu_order":0,"comment_status":"closed","ping_status":"closed","template":"","meta":{"footnotes":""},"class_list":["post-470","page","type-page","status-publish","hentry"],"yoast_head":"<!-- This site is optimized with the Yoast SEO plugin v27.2 - https:\/\/yoast.com\/product\/yoast-seo-wordpress\/ -->\n<title>Biochimie, Biologie Mol\u00e9culaire et Cellulaire - Facult\u00e9 \/ FS<\/title>\n<meta name=\"robots\" content=\"index, follow, max-snippet:-1, max-image-preview:large, max-video-preview:-1\" \/>\n<link rel=\"canonical\" href=\"https:\/\/web.umons.ac.be\/fs\/fr\/les-departements\/biologie\/2eme-cycle-master\/biochimie-biologie-moleculaire-et-cellulaire\/\" \/>\n<meta property=\"og:locale\" content=\"fr_FR\" \/>\n<meta property=\"og:type\" content=\"article\" \/>\n<meta property=\"og:title\" content=\"Biochimie, Biologie Mol\u00e9culaire et Cellulaire - Facult\u00e9 \/ FS\" \/>\n<meta property=\"og:description\" content=\"Le Master en BBMC se focalise sur la compr\u00e9hension\u00a0mol\u00e9culaire et cellulaire des organismes,\u00a0tant unicellulaires que pluricellulaires. Cette formation\u00a0couvre un grand nombre de domaines des\u00a0sciences de la vie tels que la biochimie, la biologie\u00a0cellulaire, la g\u00e9n\u00e9tique, la microbiologie et la\u00a0biologie mol\u00e9culaire. Elle assure aux futurs Ma\u00eetres\u00a0la connaissance approfondie de notions et techniques\u00a0n\u00e9cessaires \u00e0 la compr\u00e9hension du [&hellip;]\" \/>\n<meta property=\"og:url\" content=\"https:\/\/web.umons.ac.be\/fs\/fr\/les-departements\/biologie\/2eme-cycle-master\/biochimie-biologie-moleculaire-et-cellulaire\/\" \/>\n<meta property=\"og:site_name\" content=\"Facult\u00e9 \/ FS\" \/>\n<meta property=\"article:modified_time\" content=\"2025-02-10T11:07:43+00:00\" \/>\n<meta name=\"twitter:card\" content=\"summary_large_image\" \/>\n<meta name=\"twitter:label1\" content=\"Dur\u00e9e de lecture estim\u00e9e\" \/>\n\t<meta name=\"twitter:data1\" content=\"1 minute\" \/>\n<script type=\"application\/ld+json\" class=\"yoast-schema-graph\">{\"@context\":\"https:\/\/schema.org\",\"@graph\":[{\"@type\":\"WebPage\",\"@id\":\"https:\/\/web.umons.ac.be\/fs\/fr\/les-departements\/biologie\/2eme-cycle-master\/biochimie-biologie-moleculaire-et-cellulaire\/\",\"url\":\"https:\/\/web.umons.ac.be\/fs\/fr\/les-departements\/biologie\/2eme-cycle-master\/biochimie-biologie-moleculaire-et-cellulaire\/\",\"name\":\"Biochimie, Biologie Mol\u00e9culaire et Cellulaire - Facult\u00e9 \/ FS\",\"isPartOf\":{\"@id\":\"https:\/\/web.umons.ac.be\/fs\/#website\"},\"datePublished\":\"2018-01-25T09:44:32+00:00\",\"dateModified\":\"2025-02-10T11:07:43+00:00\",\"breadcrumb\":{\"@id\":\"https:\/\/web.umons.ac.be\/fs\/fr\/les-departements\/biologie\/2eme-cycle-master\/biochimie-biologie-moleculaire-et-cellulaire\/#breadcrumb\"},\"inLanguage\":\"fr-FR\",\"potentialAction\":[{\"@type\":\"ReadAction\",\"target\":[\"https:\/\/web.umons.ac.be\/fs\/fr\/les-departements\/biologie\/2eme-cycle-master\/biochimie-biologie-moleculaire-et-cellulaire\/\"]}]},{\"@type\":\"BreadcrumbList\",\"@id\":\"https:\/\/web.umons.ac.be\/fs\/fr\/les-departements\/biologie\/2eme-cycle-master\/biochimie-biologie-moleculaire-et-cellulaire\/#breadcrumb\",\"itemListElement\":[{\"@type\":\"ListItem\",\"position\":1,\"name\":\"Accueil\",\"item\":\"https:\/\/web.umons.ac.be\/fs\/fr\/\"},{\"@type\":\"ListItem\",\"position\":2,\"name\":\"Les d\u00e9partements\",\"item\":\"https:\/\/web.umons.ac.be\/fs\/fr\/les-departements\/\"},{\"@type\":\"ListItem\",\"position\":3,\"name\":\"Biologie\",\"item\":\"https:\/\/web.umons.ac.be\/fs\/fr\/les-departements\/biologie\/\"},{\"@type\":\"ListItem\",\"position\":4,\"name\":\"2\u00e8me cycle : Master\",\"item\":\"https:\/\/web.umons.ac.be\/fs\/fr\/les-departements\/biologie\/2eme-cycle-master\/\"},{\"@type\":\"ListItem\",\"position\":5,\"name\":\"Biochimie, Biologie Mol\u00e9culaire et Cellulaire\"}]},{\"@type\":\"WebSite\",\"@id\":\"https:\/\/web.umons.ac.be\/fs\/#website\",\"url\":\"https:\/\/web.umons.ac.be\/fs\/\",\"name\":\"Facult\u00e9 \/ FS\",\"description\":\"\",\"potentialAction\":[{\"@type\":\"SearchAction\",\"target\":{\"@type\":\"EntryPoint\",\"urlTemplate\":\"https:\/\/web.umons.ac.be\/fs\/?s={search_term_string}\"},\"query-input\":{\"@type\":\"PropertyValueSpecification\",\"valueRequired\":true,\"valueName\":\"search_term_string\"}}],\"inLanguage\":\"fr-FR\"}]}<\/script>\n<!-- \/ Yoast SEO plugin. -->","yoast_head_json":{"title":"Biochimie, Biologie Mol\u00e9culaire et Cellulaire - Facult\u00e9 \/ FS","robots":{"index":"index","follow":"follow","max-snippet":"max-snippet:-1","max-image-preview":"max-image-preview:large","max-video-preview":"max-video-preview:-1"},"canonical":"https:\/\/web.umons.ac.be\/fs\/fr\/les-departements\/biologie\/2eme-cycle-master\/biochimie-biologie-moleculaire-et-cellulaire\/","og_locale":"fr_FR","og_type":"article","og_title":"Biochimie, Biologie Mol\u00e9culaire et Cellulaire - Facult\u00e9 \/ FS","og_description":"Le Master en BBMC se focalise sur la compr\u00e9hension\u00a0mol\u00e9culaire et cellulaire des organismes,\u00a0tant unicellulaires que pluricellulaires. Cette formation\u00a0couvre un grand nombre de domaines des\u00a0sciences de la vie tels que la biochimie, la biologie\u00a0cellulaire, la g\u00e9n\u00e9tique, la microbiologie et la\u00a0biologie mol\u00e9culaire. Elle assure aux futurs Ma\u00eetres\u00a0la connaissance approfondie de notions et techniques\u00a0n\u00e9cessaires \u00e0 la compr\u00e9hension du [&hellip;]","og_url":"https:\/\/web.umons.ac.be\/fs\/fr\/les-departements\/biologie\/2eme-cycle-master\/biochimie-biologie-moleculaire-et-cellulaire\/","og_site_name":"Facult\u00e9 \/ FS","article_modified_time":"2025-02-10T11:07:43+00:00","twitter_card":"summary_large_image","twitter_misc":{"Dur\u00e9e de lecture estim\u00e9e":"1 minute"},"schema":{"@context":"https:\/\/schema.org","@graph":[{"@type":"WebPage","@id":"https:\/\/web.umons.ac.be\/fs\/fr\/les-departements\/biologie\/2eme-cycle-master\/biochimie-biologie-moleculaire-et-cellulaire\/","url":"https:\/\/web.umons.ac.be\/fs\/fr\/les-departements\/biologie\/2eme-cycle-master\/biochimie-biologie-moleculaire-et-cellulaire\/","name":"Biochimie, Biologie Mol\u00e9culaire et Cellulaire - Facult\u00e9 \/ FS","isPartOf":{"@id":"https:\/\/web.umons.ac.be\/fs\/#website"},"datePublished":"2018-01-25T09:44:32+00:00","dateModified":"2025-02-10T11:07:43+00:00","breadcrumb":{"@id":"https:\/\/web.umons.ac.be\/fs\/fr\/les-departements\/biologie\/2eme-cycle-master\/biochimie-biologie-moleculaire-et-cellulaire\/#breadcrumb"},"inLanguage":"fr-FR","potentialAction":[{"@type":"ReadAction","target":["https:\/\/web.umons.ac.be\/fs\/fr\/les-departements\/biologie\/2eme-cycle-master\/biochimie-biologie-moleculaire-et-cellulaire\/"]}]},{"@type":"BreadcrumbList","@id":"https:\/\/web.umons.ac.be\/fs\/fr\/les-departements\/biologie\/2eme-cycle-master\/biochimie-biologie-moleculaire-et-cellulaire\/#breadcrumb","itemListElement":[{"@type":"ListItem","position":1,"name":"Accueil","item":"https:\/\/web.umons.ac.be\/fs\/fr\/"},{"@type":"ListItem","position":2,"name":"Les d\u00e9partements","item":"https:\/\/web.umons.ac.be\/fs\/fr\/les-departements\/"},{"@type":"ListItem","position":3,"name":"Biologie","item":"https:\/\/web.umons.ac.be\/fs\/fr\/les-departements\/biologie\/"},{"@type":"ListItem","position":4,"name":"2\u00e8me cycle : Master","item":"https:\/\/web.umons.ac.be\/fs\/fr\/les-departements\/biologie\/2eme-cycle-master\/"},{"@type":"ListItem","position":5,"name":"Biochimie, Biologie Mol\u00e9culaire et Cellulaire"}]},{"@type":"WebSite","@id":"https:\/\/web.umons.ac.be\/fs\/#website","url":"https:\/\/web.umons.ac.be\/fs\/","name":"Facult\u00e9 \/ FS","description":"","potentialAction":[{"@type":"SearchAction","target":{"@type":"EntryPoint","urlTemplate":"https:\/\/web.umons.ac.be\/fs\/?s={search_term_string}"},"query-input":{"@type":"PropertyValueSpecification","valueRequired":true,"valueName":"search_term_string"}}],"inLanguage":"fr-FR"}]}},"lang":"fr","translations":{"fr":470},"pll_sync_post":[],"_links":{"self":[{"href":"https:\/\/web.umons.ac.be\/fs\/wp-json\/wp\/v2\/pages\/470","targetHints":{"allow":["GET"]}}],"collection":[{"href":"https:\/\/web.umons.ac.be\/fs\/wp-json\/wp\/v2\/pages"}],"about":[{"href":"https:\/\/web.umons.ac.be\/fs\/wp-json\/wp\/v2\/types\/page"}],"author":[{"embeddable":true,"href":"https:\/\/web.umons.ac.be\/fs\/wp-json\/wp\/v2\/users\/2"}],"replies":[{"embeddable":true,"href":"https:\/\/web.umons.ac.be\/fs\/wp-json\/wp\/v2\/comments?post=470"}],"version-history":[{"count":3,"href":"https:\/\/web.umons.ac.be\/fs\/wp-json\/wp\/v2\/pages\/470\/revisions"}],"predecessor-version":[{"id":2197,"href":"https:\/\/web.umons.ac.be\/fs\/wp-json\/wp\/v2\/pages\/470\/revisions\/2197"}],"up":[{"embeddable":true,"href":"https:\/\/web.umons.ac.be\/fs\/wp-json\/wp\/v2\/pages\/466"}],"wp:attachment":[{"href":"https:\/\/web.umons.ac.be\/fs\/wp-json\/wp\/v2\/media?parent=470"}],"curies":[{"name":"wp","href":"https:\/\/api.w.org\/{rel}","templated":true}]}}