{"id":477,"date":"2018-01-25T10:51:23","date_gmt":"2018-01-25T09:51:23","guid":{"rendered":"https:\/\/web.umons.ac.be\/fs\/?page_id=477"},"modified":"2025-02-10T12:06:03","modified_gmt":"2025-02-10T11:06:03","slug":"biologie-des-organismes-et-ecologie","status":"publish","type":"page","link":"https:\/\/web.umons.ac.be\/fs\/fr\/les-departements\/biologie\/2eme-cycle-master\/biologie-des-organismes-et-ecologie\/","title":{"rendered":"Biologie des Organismes et Ecologie"},"content":{"rendered":"<p>Le Master en BOE se concentre sur la compr\u00e9hension\u00a0et l\u2019analyse du vivant et de son environnement.\u00a0Cette formation couvre tout un \u00e9ventail de\u00a0domaines de recherche parmi lesquels la gestion\u00a0des espaces naturels, la biologie marine et l\u2019entomologie.<\/p>\n<p>Elle assure aux futurs Ma\u00eetres la connaissance\u00a0approfondie des techniques analytiques n\u00e9cessaires\u00a0\u00e0 l\u2019\u00e9tude du vivant par des stages pratiques\u00a0leur apprenant, par exemple, l\u2019histologie\u00a0(confection de coupes), la microbiologie environnementale\u00a0(mise en culture de bact\u00e9ries) ou la phylogen\u00e8se\u00a0mol\u00e9culaire (identification d\u2019organismes\u00a0avec des signatures ADN).<\/p>\n<p>Le Master en BOE met\u00a0aussi l\u2019accent sur la pratique d\u00e9velopp\u00e9e tant en\u00a0laboratoire que sur le terrain : les \u00e9tudiants ont ainsi\u00a0la possibilit\u00e9 d\u2019\u00e9tudier la biodiversit\u00e9 marine et\u00a0terrestre, tropicale et temp\u00e9r\u00e9e au travers de plusieurs\u00a0missions.<\/p>\n<p>En entrant en Master, les \u00e9tudiants choisissent une\u00a0des\u00a0<strong>trois finalit\u00e9s propos\u00e9es<\/strong>\u00a0:<\/p>\n<start-cask-shortcode-wrapper><article class=\"shortcode-training training-small content-block scheme-fs\">\n\t<a href=\"https:\/\/web.umons.ac.be\/fs\/fr\/formations\/m2-bioefa\/\" class=\"training-link scheme-border-hover\">\n\t\t<header class=\"training-small-header\">\n\t\t\t<div class=\"training-small-entity scheme-color\">\n\t\t\t\tFacult\u00e9 \/ FS\t\t\t\t\t           \t<img decoding=\"async\" src=\"https:\/\/web.umons.ac.be\/app\/uploads\/sites\/11\/2017\/05\/FS.png\" class=\"training-small-entity-logo\" alt=\"Ic\u00f4ne de Facult\u00e9 \/ FS\">\n\t        \t\t\t\t<\/div>\n\t\t\t<div class=\"training-small-degree\">\n\t\t\t\tMaster en\t\t\t<\/div>\n\n\t\t\t<h1 class=\"training-small-title\">Biologie des organismes et \u00e9cologie<\/h1>\n\n\t\t\t\t\t\t<div class=\"training-small-subtitle\">\n\t\t\t\t<strong>Finalit\u00e9 approfondie<\/strong>\n\t\t\t<\/div>\n\t\t\t\t\t<\/header>\n\t\t\t\t<div class=\"training-small-content\">\n\t\t\t<div class=\"training-small-location\">\n\t\t\t\t<span class=\"icon umons-icon-pin\" aria-hidden=\"true\"><\/span>\n\t\t\t\t<span class=\"location\">Mons<\/span>\n\t\t\t<\/div>\n\n\t\t\t\t\t\t<div class=\"training-small-side-info\">\n\t\t\t\t<ul class=\"training-small-side-info-list\">\n\t\t\t\t\t\t\t\t\t\t<li>\n\t\t\t\t\t\t<div class=\"training-single-schedule\">\n\t\t\t\t\t\t\t<div class=\"label\">Horaire<\/div>\n\t\t\t\t\t\t\t<div class=\"value\">Horaire de jour<\/div>\n\t\t\t\t\t\t<\/div>\n\t\t\t\t\t<\/li>\n\t\t\t\t\t\t\t\t\t\t\t\t\t\t\t<li>\n\t\t\t\t\t\t<div class=\"training-single-credits\">\n\t\t\t\t\t\t\t<div class=\"label\">Cr\u00e9dits ECTS<\/div>\n\t\t\t\t\t\t\t<div class=\"value\">120<\/div>\n\t\t\t\t\t\t<\/div>\n\t\t\t\t\t<\/li>\n\t\t\t\t\t\t\t\t\t\t\t\t\t\t\t<li>\n\t\t\t\t\t\t<div class=\"training-single-languages\">\n\t\t\t\t\t\t\t<div class=\"label\">Langue<\/div>\n\t\t\t\t\t\t\t<div class=\"value\">\n\t\t\t\t\t\t\t\t<span class=\"lang\">Fran\u00e7ais<\/span>\n\t\t\t\t\t\t\t<\/div>\n\t\t\t\t\t\t<\/div>\n\t\t\t\t\t<\/li>\n\t\t\t\t\t\t\t\t\t<\/ul>\n\t\t\t<\/div>\n\t\t\t\t\t<\/div>\n\t\t\t<\/a>\n<\/article>\n<end-cask-shortcode-wrapper>\n<start-cask-shortcode-wrapper><article class=\"shortcode-training training-small content-block scheme-fs\">\n\t<a href=\"https:\/\/web.umons.ac.be\/fs\/fr\/formations\/m2-bioefs\/\" class=\"training-link scheme-border-hover\">\n\t\t<header class=\"training-small-header\">\n\t\t\t<div class=\"training-small-entity scheme-color\">\n\t\t\t\tFacult\u00e9 \/ FS\t\t\t\t\t           \t<img decoding=\"async\" src=\"https:\/\/web.umons.ac.be\/app\/uploads\/sites\/11\/2017\/05\/FS.png\" class=\"training-small-entity-logo\" alt=\"Ic\u00f4ne de Facult\u00e9 \/ FS\">\n\t        \t\t\t\t<\/div>\n\t\t\t<div class=\"training-small-degree\">\n\t\t\t\tMaster en\t\t\t<\/div>\n\n\t\t\t<h1 class=\"training-small-title\">Biologie des organismes et \u00e9cologie<\/h1>\n\n\t\t\t\t\t\t<div class=\"training-small-subtitle\">\n\t\t\t\t<strong>Finalit\u00e9 sp\u00e9cialis\u00e9e dans les m\u00e9tiers de l'\u00e9coconseil<\/strong>\n\t\t\t<\/div>\n\t\t\t\t\t<\/header>\n\t\t\t\t<div class=\"training-small-content\">\n\t\t\t<div class=\"training-small-location\">\n\t\t\t\t<span class=\"icon umons-icon-pin\" aria-hidden=\"true\"><\/span>\n\t\t\t\t<span class=\"location\">Mons<\/span>\n\t\t\t<\/div>\n\n\t\t\t\t\t\t<div class=\"training-small-side-info\">\n\t\t\t\t<ul class=\"training-small-side-info-list\">\n\t\t\t\t\t\t\t\t\t\t<li>\n\t\t\t\t\t\t<div class=\"training-single-schedule\">\n\t\t\t\t\t\t\t<div class=\"label\">Horaire<\/div>\n\t\t\t\t\t\t\t<div class=\"value\">Horaire de jour<\/div>\n\t\t\t\t\t\t<\/div>\n\t\t\t\t\t<\/li>\n\t\t\t\t\t\t\t\t\t\t\t\t\t\t\t<li>\n\t\t\t\t\t\t<div class=\"training-single-credits\">\n\t\t\t\t\t\t\t<div class=\"label\">Cr\u00e9dits ECTS<\/div>\n\t\t\t\t\t\t\t<div class=\"value\">120<\/div>\n\t\t\t\t\t\t<\/div>\n\t\t\t\t\t<\/li>\n\t\t\t\t\t\t\t\t\t\t\t\t\t\t\t<li>\n\t\t\t\t\t\t<div class=\"training-single-languages\">\n\t\t\t\t\t\t\t<div class=\"label\">Langue<\/div>\n\t\t\t\t\t\t\t<div class=\"value\">\n\t\t\t\t\t\t\t\t<span class=\"lang\">Fran\u00e7ais<\/span>\n\t\t\t\t\t\t\t<\/div>\n\t\t\t\t\t\t<\/div>\n\t\t\t\t\t<\/li>\n\t\t\t\t\t\t\t\t\t<\/ul>\n\t\t\t<\/div>\n\t\t\t\t\t<\/div>\n\t\t\t<\/a>\n<\/article>\n<end-cask-shortcode-wrapper>\n<p>&nbsp;<\/p>\n","protected":false},"excerpt":{"rendered":"<p>Le Master en BOE se concentre sur la compr\u00e9hension\u00a0et l\u2019analyse du vivant et de son environnement.\u00a0Cette formation couvre tout un \u00e9ventail de\u00a0domaines de recherche parmi lesquels la gestion\u00a0des espaces naturels, la biologie marine et l\u2019entomologie. Elle assure aux futurs Ma\u00eetres la connaissance\u00a0approfondie des techniques analytiques n\u00e9cessaires\u00a0\u00e0 l\u2019\u00e9tude du vivant par des stages pratiques\u00a0leur apprenant, par [&hellip;]<\/p>\n","protected":false},"author":2,"featured_media":0,"parent":466,"menu_order":0,"comment_status":"closed","ping_status":"closed","template":"","meta":{"footnotes":""},"class_list":["post-477","page","type-page","status-publish","hentry"],"yoast_head":"<!-- This site is optimized with the Yoast SEO plugin v27.2 - https:\/\/yoast.com\/product\/yoast-seo-wordpress\/ -->\n<title>Biologie des Organismes et Ecologie - Facult\u00e9 \/ FS<\/title>\n<meta name=\"robots\" content=\"index, follow, max-snippet:-1, max-image-preview:large, max-video-preview:-1\" \/>\n<link rel=\"canonical\" href=\"https:\/\/web.umons.ac.be\/fs\/fr\/les-departements\/biologie\/2eme-cycle-master\/biologie-des-organismes-et-ecologie\/\" \/>\n<meta property=\"og:locale\" content=\"fr_FR\" \/>\n<meta property=\"og:type\" content=\"article\" \/>\n<meta property=\"og:title\" content=\"Biologie des Organismes et Ecologie - Facult\u00e9 \/ FS\" \/>\n<meta property=\"og:description\" content=\"Le Master en BOE se concentre sur la compr\u00e9hension\u00a0et l\u2019analyse du vivant et de son environnement.\u00a0Cette formation couvre tout un \u00e9ventail de\u00a0domaines de recherche parmi lesquels la gestion\u00a0des espaces naturels, la biologie marine et l\u2019entomologie. Elle assure aux futurs Ma\u00eetres la connaissance\u00a0approfondie des techniques analytiques n\u00e9cessaires\u00a0\u00e0 l\u2019\u00e9tude du vivant par des stages pratiques\u00a0leur apprenant, par [&hellip;]\" \/>\n<meta property=\"og:url\" content=\"https:\/\/web.umons.ac.be\/fs\/fr\/les-departements\/biologie\/2eme-cycle-master\/biologie-des-organismes-et-ecologie\/\" \/>\n<meta property=\"og:site_name\" content=\"Facult\u00e9 \/ FS\" \/>\n<meta property=\"article:modified_time\" content=\"2025-02-10T11:06:03+00:00\" \/>\n<meta name=\"twitter:card\" content=\"summary_large_image\" \/>\n<meta name=\"twitter:label1\" content=\"Dur\u00e9e de lecture estim\u00e9e\" \/>\n\t<meta name=\"twitter:data1\" content=\"1 minute\" \/>\n<script type=\"application\/ld+json\" class=\"yoast-schema-graph\">{\"@context\":\"https:\/\/schema.org\",\"@graph\":[{\"@type\":\"WebPage\",\"@id\":\"https:\/\/web.umons.ac.be\/fs\/fr\/les-departements\/biologie\/2eme-cycle-master\/biologie-des-organismes-et-ecologie\/\",\"url\":\"https:\/\/web.umons.ac.be\/fs\/fr\/les-departements\/biologie\/2eme-cycle-master\/biologie-des-organismes-et-ecologie\/\",\"name\":\"Biologie des Organismes et Ecologie - Facult\u00e9 \/ FS\",\"isPartOf\":{\"@id\":\"https:\/\/web.umons.ac.be\/fs\/#website\"},\"datePublished\":\"2018-01-25T09:51:23+00:00\",\"dateModified\":\"2025-02-10T11:06:03+00:00\",\"breadcrumb\":{\"@id\":\"https:\/\/web.umons.ac.be\/fs\/fr\/les-departements\/biologie\/2eme-cycle-master\/biologie-des-organismes-et-ecologie\/#breadcrumb\"},\"inLanguage\":\"fr-FR\",\"potentialAction\":[{\"@type\":\"ReadAction\",\"target\":[\"https:\/\/web.umons.ac.be\/fs\/fr\/les-departements\/biologie\/2eme-cycle-master\/biologie-des-organismes-et-ecologie\/\"]}]},{\"@type\":\"BreadcrumbList\",\"@id\":\"https:\/\/web.umons.ac.be\/fs\/fr\/les-departements\/biologie\/2eme-cycle-master\/biologie-des-organismes-et-ecologie\/#breadcrumb\",\"itemListElement\":[{\"@type\":\"ListItem\",\"position\":1,\"name\":\"Accueil\",\"item\":\"https:\/\/web.umons.ac.be\/fs\/fr\/\"},{\"@type\":\"ListItem\",\"position\":2,\"name\":\"Les d\u00e9partements\",\"item\":\"https:\/\/web.umons.ac.be\/fs\/fr\/les-departements\/\"},{\"@type\":\"ListItem\",\"position\":3,\"name\":\"Biologie\",\"item\":\"https:\/\/web.umons.ac.be\/fs\/fr\/les-departements\/biologie\/\"},{\"@type\":\"ListItem\",\"position\":4,\"name\":\"2\u00e8me cycle : Master\",\"item\":\"https:\/\/web.umons.ac.be\/fs\/fr\/les-departements\/biologie\/2eme-cycle-master\/\"},{\"@type\":\"ListItem\",\"position\":5,\"name\":\"Biologie des Organismes et Ecologie\"}]},{\"@type\":\"WebSite\",\"@id\":\"https:\/\/web.umons.ac.be\/fs\/#website\",\"url\":\"https:\/\/web.umons.ac.be\/fs\/\",\"name\":\"Facult\u00e9 \/ FS\",\"description\":\"\",\"potentialAction\":[{\"@type\":\"SearchAction\",\"target\":{\"@type\":\"EntryPoint\",\"urlTemplate\":\"https:\/\/web.umons.ac.be\/fs\/?s={search_term_string}\"},\"query-input\":{\"@type\":\"PropertyValueSpecification\",\"valueRequired\":true,\"valueName\":\"search_term_string\"}}],\"inLanguage\":\"fr-FR\"}]}<\/script>\n<!-- \/ Yoast SEO plugin. -->","yoast_head_json":{"title":"Biologie des Organismes et Ecologie - Facult\u00e9 \/ FS","robots":{"index":"index","follow":"follow","max-snippet":"max-snippet:-1","max-image-preview":"max-image-preview:large","max-video-preview":"max-video-preview:-1"},"canonical":"https:\/\/web.umons.ac.be\/fs\/fr\/les-departements\/biologie\/2eme-cycle-master\/biologie-des-organismes-et-ecologie\/","og_locale":"fr_FR","og_type":"article","og_title":"Biologie des Organismes et Ecologie - Facult\u00e9 \/ FS","og_description":"Le Master en BOE se concentre sur la compr\u00e9hension\u00a0et l\u2019analyse du vivant et de son environnement.\u00a0Cette formation couvre tout un \u00e9ventail de\u00a0domaines de recherche parmi lesquels la gestion\u00a0des espaces naturels, la biologie marine et l\u2019entomologie. Elle assure aux futurs Ma\u00eetres la connaissance\u00a0approfondie des techniques analytiques n\u00e9cessaires\u00a0\u00e0 l\u2019\u00e9tude du vivant par des stages pratiques\u00a0leur apprenant, par [&hellip;]","og_url":"https:\/\/web.umons.ac.be\/fs\/fr\/les-departements\/biologie\/2eme-cycle-master\/biologie-des-organismes-et-ecologie\/","og_site_name":"Facult\u00e9 \/ FS","article_modified_time":"2025-02-10T11:06:03+00:00","twitter_card":"summary_large_image","twitter_misc":{"Dur\u00e9e de lecture estim\u00e9e":"1 minute"},"schema":{"@context":"https:\/\/schema.org","@graph":[{"@type":"WebPage","@id":"https:\/\/web.umons.ac.be\/fs\/fr\/les-departements\/biologie\/2eme-cycle-master\/biologie-des-organismes-et-ecologie\/","url":"https:\/\/web.umons.ac.be\/fs\/fr\/les-departements\/biologie\/2eme-cycle-master\/biologie-des-organismes-et-ecologie\/","name":"Biologie des Organismes et Ecologie - Facult\u00e9 \/ FS","isPartOf":{"@id":"https:\/\/web.umons.ac.be\/fs\/#website"},"datePublished":"2018-01-25T09:51:23+00:00","dateModified":"2025-02-10T11:06:03+00:00","breadcrumb":{"@id":"https:\/\/web.umons.ac.be\/fs\/fr\/les-departements\/biologie\/2eme-cycle-master\/biologie-des-organismes-et-ecologie\/#breadcrumb"},"inLanguage":"fr-FR","potentialAction":[{"@type":"ReadAction","target":["https:\/\/web.umons.ac.be\/fs\/fr\/les-departements\/biologie\/2eme-cycle-master\/biologie-des-organismes-et-ecologie\/"]}]},{"@type":"BreadcrumbList","@id":"https:\/\/web.umons.ac.be\/fs\/fr\/les-departements\/biologie\/2eme-cycle-master\/biologie-des-organismes-et-ecologie\/#breadcrumb","itemListElement":[{"@type":"ListItem","position":1,"name":"Accueil","item":"https:\/\/web.umons.ac.be\/fs\/fr\/"},{"@type":"ListItem","position":2,"name":"Les d\u00e9partements","item":"https:\/\/web.umons.ac.be\/fs\/fr\/les-departements\/"},{"@type":"ListItem","position":3,"name":"Biologie","item":"https:\/\/web.umons.ac.be\/fs\/fr\/les-departements\/biologie\/"},{"@type":"ListItem","position":4,"name":"2\u00e8me cycle : Master","item":"https:\/\/web.umons.ac.be\/fs\/fr\/les-departements\/biologie\/2eme-cycle-master\/"},{"@type":"ListItem","position":5,"name":"Biologie des Organismes et Ecologie"}]},{"@type":"WebSite","@id":"https:\/\/web.umons.ac.be\/fs\/#website","url":"https:\/\/web.umons.ac.be\/fs\/","name":"Facult\u00e9 \/ FS","description":"","potentialAction":[{"@type":"SearchAction","target":{"@type":"EntryPoint","urlTemplate":"https:\/\/web.umons.ac.be\/fs\/?s={search_term_string}"},"query-input":{"@type":"PropertyValueSpecification","valueRequired":true,"valueName":"search_term_string"}}],"inLanguage":"fr-FR"}]}},"lang":"fr","translations":{"fr":477},"pll_sync_post":[],"_links":{"self":[{"href":"https:\/\/web.umons.ac.be\/fs\/wp-json\/wp\/v2\/pages\/477","targetHints":{"allow":["GET"]}}],"collection":[{"href":"https:\/\/web.umons.ac.be\/fs\/wp-json\/wp\/v2\/pages"}],"about":[{"href":"https:\/\/web.umons.ac.be\/fs\/wp-json\/wp\/v2\/types\/page"}],"author":[{"embeddable":true,"href":"https:\/\/web.umons.ac.be\/fs\/wp-json\/wp\/v2\/users\/2"}],"replies":[{"embeddable":true,"href":"https:\/\/web.umons.ac.be\/fs\/wp-json\/wp\/v2\/comments?post=477"}],"version-history":[{"count":3,"href":"https:\/\/web.umons.ac.be\/fs\/wp-json\/wp\/v2\/pages\/477\/revisions"}],"predecessor-version":[{"id":2196,"href":"https:\/\/web.umons.ac.be\/fs\/wp-json\/wp\/v2\/pages\/477\/revisions\/2196"}],"up":[{"embeddable":true,"href":"https:\/\/web.umons.ac.be\/fs\/wp-json\/wp\/v2\/pages\/466"}],"wp:attachment":[{"href":"https:\/\/web.umons.ac.be\/fs\/wp-json\/wp\/v2\/media?parent=477"}],"curies":[{"name":"wp","href":"https:\/\/api.w.org\/{rel}","templated":true}]}}