{"id":542,"date":"2018-01-25T14:32:27","date_gmt":"2018-01-25T13:32:27","guid":{"rendered":"https:\/\/web.umons.ac.be\/fs\/?page_id=542"},"modified":"2025-12-08T15:03:32","modified_gmt":"2025-12-08T14:03:32","slug":"2eme-cycle-master","status":"publish","type":"page","link":"https:\/\/web.umons.ac.be\/fs\/fr\/les-departements\/physique\/2eme-cycle-master\/","title":{"rendered":"2\u00e8me cycle : Master"},"content":{"rendered":"<p>Le Master en Physique &#8211;<strong> finalit\u00e9 approfondie<\/strong> &#8211; donne la possibilit\u00e9 d\u2019acqu\u00e9rir,\u00a0en <strong>120 cr\u00e9dits<\/strong>, une formation solide en\u00a0physique ouvrant la voie \u00e0 de nombreux m\u00e9tiers\u00a0de la recherche tant publique que priv\u00e9e.\u00a0Cette\u00a0formation se d\u00e9cline selon deux options :\u00a0les<strong> Interactions\u00a0Fondamentales<\/strong>\u00a0et les <strong>Science des Mat\u00e9riaux<\/strong>.<\/p>\n<p>Apr\u00e8s l\u2019obtention du dipl\u00f4me de Master en physique \u00e0 finalit\u00e9 approfondie, le dipl\u00f4m\u00e9 peut trouver un emploi dans des centres de recherche publics ou priv\u00e9s ou entamer une th\u00e8se de doctorat en sciences.<\/p>\n<p>&nbsp;<\/p>\n<start-cask-shortcode-wrapper><article class=\"shortcode-training training-small content-block scheme-fs\">\n\t<a href=\"https:\/\/web.umons.ac.be\/fs\/fr\/formations\/m2-physfa\/\" class=\"training-link scheme-border-hover\">\n\t\t<header class=\"training-small-header\">\n\t\t\t<div class=\"training-small-entity scheme-color\">\n\t\t\t\tFacult\u00e9 \/ FS\t\t\t\t\t           \t<img decoding=\"async\" src=\"https:\/\/web.umons.ac.be\/app\/uploads\/sites\/11\/2017\/05\/FS.png\" class=\"training-small-entity-logo\" alt=\"Ic\u00f4ne de Facult\u00e9 \/ FS\">\n\t        \t\t\t\t<\/div>\n\t\t\t<div class=\"training-small-degree\">\n\t\t\t\tMaster en\t\t\t<\/div>\n\n\t\t\t<h1 class=\"training-small-title\">Sciences physiques<\/h1>\n\n\t\t\t\t\t\t<div class=\"training-small-subtitle\">\n\t\t\t\t<strong>Finalit\u00e9 approfondie<\/strong>\n\t\t\t<\/div>\n\t\t\t\t\t<\/header>\n\t\t\t\t<div class=\"training-small-content\">\n\t\t\t<div class=\"training-small-location\">\n\t\t\t\t<span class=\"icon umons-icon-pin\" aria-hidden=\"true\"><\/span>\n\t\t\t\t<span class=\"location\">Mons<\/span>\n\t\t\t<\/div>\n\n\t\t\t\t\t\t<div class=\"training-small-side-info\">\n\t\t\t\t<ul class=\"training-small-side-info-list\">\n\t\t\t\t\t\t\t\t\t\t<li>\n\t\t\t\t\t\t<div class=\"training-single-schedule\">\n\t\t\t\t\t\t\t<div class=\"label\">Horaire<\/div>\n\t\t\t\t\t\t\t<div class=\"value\">Horaire de jour<\/div>\n\t\t\t\t\t\t<\/div>\n\t\t\t\t\t<\/li>\n\t\t\t\t\t\t\t\t\t\t\t\t\t\t\t<li>\n\t\t\t\t\t\t<div class=\"training-single-credits\">\n\t\t\t\t\t\t\t<div class=\"label\">Cr\u00e9dits ECTS<\/div>\n\t\t\t\t\t\t\t<div class=\"value\">120<\/div>\n\t\t\t\t\t\t<\/div>\n\t\t\t\t\t<\/li>\n\t\t\t\t\t\t\t\t\t\t\t\t\t\t\t<li>\n\t\t\t\t\t\t<div class=\"training-single-languages\">\n\t\t\t\t\t\t\t<div class=\"label\">Langue<\/div>\n\t\t\t\t\t\t\t<div class=\"value\">\n\t\t\t\t\t\t\t\t<span class=\"lang\">Fran\u00e7ais<\/span>\n\t\t\t\t\t\t\t<\/div>\n\t\t\t\t\t\t<\/div>\n\t\t\t\t\t<\/li>\n\t\t\t\t\t\t\t\t\t<\/ul>\n\t\t\t<\/div>\n\t\t\t\t\t<\/div>\n\t\t\t<\/a>\n<\/article>\n<end-cask-shortcode-wrapper>\n","protected":false},"excerpt":{"rendered":"<p>Le Master en Physique &#8211; finalit\u00e9 approfondie &#8211; donne la possibilit\u00e9 d\u2019acqu\u00e9rir,\u00a0en 120 cr\u00e9dits, une formation solide en\u00a0physique ouvrant la voie \u00e0 de nombreux m\u00e9tiers\u00a0de la recherche tant publique que priv\u00e9e.\u00a0Cette\u00a0formation se d\u00e9cline selon deux options :\u00a0les Interactions\u00a0Fondamentales\u00a0et les Science des Mat\u00e9riaux. Apr\u00e8s l\u2019obtention du dipl\u00f4me de Master en physique \u00e0 finalit\u00e9 approfondie, le dipl\u00f4m\u00e9 [&hellip;]<\/p>\n","protected":false},"author":2,"featured_media":0,"parent":121,"menu_order":0,"comment_status":"closed","ping_status":"closed","template":"","meta":{"footnotes":""},"class_list":["post-542","page","type-page","status-publish","hentry"],"yoast_head":"<!-- This site is optimized with the Yoast SEO plugin v27.2 - https:\/\/yoast.com\/product\/yoast-seo-wordpress\/ -->\n<title>2\u00e8me cycle : Master - Facult\u00e9 \/ FS<\/title>\n<meta name=\"robots\" content=\"index, follow, max-snippet:-1, max-image-preview:large, max-video-preview:-1\" \/>\n<link rel=\"canonical\" href=\"https:\/\/web.umons.ac.be\/fs\/fr\/les-departements\/physique\/2eme-cycle-master\/\" \/>\n<meta property=\"og:locale\" content=\"fr_FR\" \/>\n<meta property=\"og:type\" content=\"article\" \/>\n<meta property=\"og:title\" content=\"2\u00e8me cycle : Master - Facult\u00e9 \/ FS\" \/>\n<meta property=\"og:description\" content=\"Le Master en Physique &#8211; finalit\u00e9 approfondie &#8211; donne la possibilit\u00e9 d\u2019acqu\u00e9rir,\u00a0en 120 cr\u00e9dits, une formation solide en\u00a0physique ouvrant la voie \u00e0 de nombreux m\u00e9tiers\u00a0de la recherche tant publique que priv\u00e9e.\u00a0Cette\u00a0formation se d\u00e9cline selon deux options :\u00a0les Interactions\u00a0Fondamentales\u00a0et les Science des Mat\u00e9riaux. Apr\u00e8s l\u2019obtention du dipl\u00f4me de Master en physique \u00e0 finalit\u00e9 approfondie, le dipl\u00f4m\u00e9 [&hellip;]\" \/>\n<meta property=\"og:url\" content=\"https:\/\/web.umons.ac.be\/fs\/fr\/les-departements\/physique\/2eme-cycle-master\/\" \/>\n<meta property=\"og:site_name\" content=\"Facult\u00e9 \/ FS\" \/>\n<meta property=\"article:modified_time\" content=\"2025-12-08T14:03:32+00:00\" \/>\n<meta name=\"twitter:card\" content=\"summary_large_image\" \/>\n<meta name=\"twitter:label1\" content=\"Dur\u00e9e de lecture estim\u00e9e\" \/>\n\t<meta name=\"twitter:data1\" content=\"1 minute\" \/>\n<script type=\"application\/ld+json\" class=\"yoast-schema-graph\">{\"@context\":\"https:\/\/schema.org\",\"@graph\":[{\"@type\":\"WebPage\",\"@id\":\"https:\/\/web.umons.ac.be\/fs\/fr\/les-departements\/physique\/2eme-cycle-master\/\",\"url\":\"https:\/\/web.umons.ac.be\/fs\/fr\/les-departements\/physique\/2eme-cycle-master\/\",\"name\":\"2\u00e8me cycle : Master - Facult\u00e9 \/ FS\",\"isPartOf\":{\"@id\":\"https:\/\/web.umons.ac.be\/fs\/#website\"},\"datePublished\":\"2018-01-25T13:32:27+00:00\",\"dateModified\":\"2025-12-08T14:03:32+00:00\",\"breadcrumb\":{\"@id\":\"https:\/\/web.umons.ac.be\/fs\/fr\/les-departements\/physique\/2eme-cycle-master\/#breadcrumb\"},\"inLanguage\":\"fr-FR\",\"potentialAction\":[{\"@type\":\"ReadAction\",\"target\":[\"https:\/\/web.umons.ac.be\/fs\/fr\/les-departements\/physique\/2eme-cycle-master\/\"]}]},{\"@type\":\"BreadcrumbList\",\"@id\":\"https:\/\/web.umons.ac.be\/fs\/fr\/les-departements\/physique\/2eme-cycle-master\/#breadcrumb\",\"itemListElement\":[{\"@type\":\"ListItem\",\"position\":1,\"name\":\"Accueil\",\"item\":\"https:\/\/web.umons.ac.be\/fs\/fr\/\"},{\"@type\":\"ListItem\",\"position\":2,\"name\":\"Les d\u00e9partements\",\"item\":\"https:\/\/web.umons.ac.be\/fs\/fr\/les-departements\/\"},{\"@type\":\"ListItem\",\"position\":3,\"name\":\"Physique\",\"item\":\"https:\/\/web.umons.ac.be\/fs\/fr\/les-departements\/physique\/\"},{\"@type\":\"ListItem\",\"position\":4,\"name\":\"2\u00e8me cycle : Master\"}]},{\"@type\":\"WebSite\",\"@id\":\"https:\/\/web.umons.ac.be\/fs\/#website\",\"url\":\"https:\/\/web.umons.ac.be\/fs\/\",\"name\":\"Facult\u00e9 \/ FS\",\"description\":\"\",\"potentialAction\":[{\"@type\":\"SearchAction\",\"target\":{\"@type\":\"EntryPoint\",\"urlTemplate\":\"https:\/\/web.umons.ac.be\/fs\/?s={search_term_string}\"},\"query-input\":{\"@type\":\"PropertyValueSpecification\",\"valueRequired\":true,\"valueName\":\"search_term_string\"}}],\"inLanguage\":\"fr-FR\"}]}<\/script>\n<!-- \/ Yoast SEO plugin. -->","yoast_head_json":{"title":"2\u00e8me cycle : Master - Facult\u00e9 \/ FS","robots":{"index":"index","follow":"follow","max-snippet":"max-snippet:-1","max-image-preview":"max-image-preview:large","max-video-preview":"max-video-preview:-1"},"canonical":"https:\/\/web.umons.ac.be\/fs\/fr\/les-departements\/physique\/2eme-cycle-master\/","og_locale":"fr_FR","og_type":"article","og_title":"2\u00e8me cycle : Master - Facult\u00e9 \/ FS","og_description":"Le Master en Physique &#8211; finalit\u00e9 approfondie &#8211; donne la possibilit\u00e9 d\u2019acqu\u00e9rir,\u00a0en 120 cr\u00e9dits, une formation solide en\u00a0physique ouvrant la voie \u00e0 de nombreux m\u00e9tiers\u00a0de la recherche tant publique que priv\u00e9e.\u00a0Cette\u00a0formation se d\u00e9cline selon deux options :\u00a0les Interactions\u00a0Fondamentales\u00a0et les Science des Mat\u00e9riaux. Apr\u00e8s l\u2019obtention du dipl\u00f4me de Master en physique \u00e0 finalit\u00e9 approfondie, le dipl\u00f4m\u00e9 [&hellip;]","og_url":"https:\/\/web.umons.ac.be\/fs\/fr\/les-departements\/physique\/2eme-cycle-master\/","og_site_name":"Facult\u00e9 \/ FS","article_modified_time":"2025-12-08T14:03:32+00:00","twitter_card":"summary_large_image","twitter_misc":{"Dur\u00e9e de lecture estim\u00e9e":"1 minute"},"schema":{"@context":"https:\/\/schema.org","@graph":[{"@type":"WebPage","@id":"https:\/\/web.umons.ac.be\/fs\/fr\/les-departements\/physique\/2eme-cycle-master\/","url":"https:\/\/web.umons.ac.be\/fs\/fr\/les-departements\/physique\/2eme-cycle-master\/","name":"2\u00e8me cycle : Master - Facult\u00e9 \/ FS","isPartOf":{"@id":"https:\/\/web.umons.ac.be\/fs\/#website"},"datePublished":"2018-01-25T13:32:27+00:00","dateModified":"2025-12-08T14:03:32+00:00","breadcrumb":{"@id":"https:\/\/web.umons.ac.be\/fs\/fr\/les-departements\/physique\/2eme-cycle-master\/#breadcrumb"},"inLanguage":"fr-FR","potentialAction":[{"@type":"ReadAction","target":["https:\/\/web.umons.ac.be\/fs\/fr\/les-departements\/physique\/2eme-cycle-master\/"]}]},{"@type":"BreadcrumbList","@id":"https:\/\/web.umons.ac.be\/fs\/fr\/les-departements\/physique\/2eme-cycle-master\/#breadcrumb","itemListElement":[{"@type":"ListItem","position":1,"name":"Accueil","item":"https:\/\/web.umons.ac.be\/fs\/fr\/"},{"@type":"ListItem","position":2,"name":"Les d\u00e9partements","item":"https:\/\/web.umons.ac.be\/fs\/fr\/les-departements\/"},{"@type":"ListItem","position":3,"name":"Physique","item":"https:\/\/web.umons.ac.be\/fs\/fr\/les-departements\/physique\/"},{"@type":"ListItem","position":4,"name":"2\u00e8me cycle : Master"}]},{"@type":"WebSite","@id":"https:\/\/web.umons.ac.be\/fs\/#website","url":"https:\/\/web.umons.ac.be\/fs\/","name":"Facult\u00e9 \/ FS","description":"","potentialAction":[{"@type":"SearchAction","target":{"@type":"EntryPoint","urlTemplate":"https:\/\/web.umons.ac.be\/fs\/?s={search_term_string}"},"query-input":{"@type":"PropertyValueSpecification","valueRequired":true,"valueName":"search_term_string"}}],"inLanguage":"fr-FR"}]}},"lang":"fr","translations":{"fr":542},"pll_sync_post":[],"_links":{"self":[{"href":"https:\/\/web.umons.ac.be\/fs\/wp-json\/wp\/v2\/pages\/542","targetHints":{"allow":["GET"]}}],"collection":[{"href":"https:\/\/web.umons.ac.be\/fs\/wp-json\/wp\/v2\/pages"}],"about":[{"href":"https:\/\/web.umons.ac.be\/fs\/wp-json\/wp\/v2\/types\/page"}],"author":[{"embeddable":true,"href":"https:\/\/web.umons.ac.be\/fs\/wp-json\/wp\/v2\/users\/2"}],"replies":[{"embeddable":true,"href":"https:\/\/web.umons.ac.be\/fs\/wp-json\/wp\/v2\/comments?post=542"}],"version-history":[{"count":3,"href":"https:\/\/web.umons.ac.be\/fs\/wp-json\/wp\/v2\/pages\/542\/revisions"}],"predecessor-version":[{"id":2194,"href":"https:\/\/web.umons.ac.be\/fs\/wp-json\/wp\/v2\/pages\/542\/revisions\/2194"}],"up":[{"embeddable":true,"href":"https:\/\/web.umons.ac.be\/fs\/wp-json\/wp\/v2\/pages\/121"}],"wp:attachment":[{"href":"https:\/\/web.umons.ac.be\/fs\/wp-json\/wp\/v2\/media?parent=542"}],"curies":[{"name":"wp","href":"https:\/\/api.w.org\/{rel}","templated":true}]}}