{"id":55,"date":"2017-07-10T11:21:22","date_gmt":"2017-07-10T09:21:22","guid":{"rendered":"https:\/\/web.umons.ac.be\/fs\/?page_id=55"},"modified":"2025-12-08T15:39:37","modified_gmt":"2025-12-08T14:39:37","slug":"instituts-de-recherche","status":"publish","type":"page","link":"https:\/\/web.umons.ac.be\/fs\/fr\/activites-de-recherche\/instituts-de-recherche\/","title":{"rendered":"Instituts de recherche"},"content":{"rendered":"<p>La recherche \u00e0 l\u2019UMONS s\u2019appuie sur quelque\u00a0<strong>1000 chercheurs<\/strong>\u00a0r\u00e9partis dans une centaine de services. Elle est structur\u00e9e en\u00a0<strong>10 instituts de recherche<\/strong>, accompagn\u00e9s par une Direction de l\u2019Administration et de la Valorisation de la Recherche.<\/p>\n<p>Chaque institut rassemble les comp\u00e9tences de chercheurs confirm\u00e9s,\u00a0<strong>post-docs<\/strong>\u00a0ou\u00a0<strong>doctorants<\/strong>, issus de plusieurs Facult\u00e9s de l\u2019UMONS. Ils concentrent leurs efforts autour de th\u00e9matiques f\u00e9d\u00e9ratrices dont les sciences de la vie et de la sant\u00e9, les sciences et technologies et les sciences humaines et sociales, r\u00e9pondant ainsi \u00e0 des besoins soci\u00e9taux av\u00e9r\u00e9s et leur assurant une visibilit\u00e9 accrue aupr\u00e8s des organismes et bailleurs de fonds internationaux.<\/p>\n<p>La force des Instituts de recherche de l\u2019UMONS r\u00e9side dans la\u00a0<strong>multidisciplinarit\u00e9<\/strong>\u00a0de leurs \u00e9quipes (un service peut \u00eatre associ\u00e9 \u00e0 un ou maximum deux instituts de recherche) et la\u00a0<strong>flexibilit\u00e9<\/strong> de leur organisation.<\/p>\n<p>Plus d&rsquo;informations au lien suivant: <a href=\"https:\/\/web.umons.ac.be\/fr\/instituts-de-recherche\/\">Instituts de recherche &#8211; Universit\u00e9 de Mons<\/a><\/p>\n","protected":false},"excerpt":{"rendered":"<p>La recherche \u00e0 l\u2019UMONS s\u2019appuie sur quelque\u00a01000 chercheurs\u00a0r\u00e9partis dans une centaine de services. Elle est structur\u00e9e en\u00a010 instituts de recherche, accompagn\u00e9s par une Direction de l\u2019Administration et de la Valorisation de la Recherche. Chaque institut rassemble les comp\u00e9tences de chercheurs confirm\u00e9s,\u00a0post-docs\u00a0ou\u00a0doctorants, issus de plusieurs Facult\u00e9s de l\u2019UMONS. Ils concentrent leurs efforts autour de th\u00e9matiques f\u00e9d\u00e9ratrices [&hellip;]<\/p>\n","protected":false},"author":2,"featured_media":0,"parent":24,"menu_order":0,"comment_status":"closed","ping_status":"closed","template":"","meta":{"footnotes":""},"class_list":["post-55","page","type-page","status-publish","hentry"],"yoast_head":"<!-- This site is optimized with the Yoast SEO plugin v27.2 - https:\/\/yoast.com\/product\/yoast-seo-wordpress\/ -->\n<title>Instituts de recherche - Facult\u00e9 \/ FS<\/title>\n<meta name=\"robots\" content=\"index, follow, max-snippet:-1, max-image-preview:large, max-video-preview:-1\" \/>\n<link rel=\"canonical\" href=\"https:\/\/web.umons.ac.be\/fs\/fr\/activites-de-recherche\/instituts-de-recherche\/\" \/>\n<meta property=\"og:locale\" content=\"fr_FR\" \/>\n<meta property=\"og:type\" content=\"article\" \/>\n<meta property=\"og:title\" content=\"Instituts de recherche - Facult\u00e9 \/ FS\" \/>\n<meta property=\"og:description\" content=\"La recherche \u00e0 l\u2019UMONS s\u2019appuie sur quelque\u00a01000 chercheurs\u00a0r\u00e9partis dans une centaine de services. Elle est structur\u00e9e en\u00a010 instituts de recherche, accompagn\u00e9s par une Direction de l\u2019Administration et de la Valorisation de la Recherche. Chaque institut rassemble les comp\u00e9tences de chercheurs confirm\u00e9s,\u00a0post-docs\u00a0ou\u00a0doctorants, issus de plusieurs Facult\u00e9s de l\u2019UMONS. Ils concentrent leurs efforts autour de th\u00e9matiques f\u00e9d\u00e9ratrices [&hellip;]\" \/>\n<meta property=\"og:url\" content=\"https:\/\/web.umons.ac.be\/fs\/fr\/activites-de-recherche\/instituts-de-recherche\/\" \/>\n<meta property=\"og:site_name\" content=\"Facult\u00e9 \/ FS\" \/>\n<meta property=\"article:modified_time\" content=\"2025-12-08T14:39:37+00:00\" \/>\n<meta name=\"twitter:card\" content=\"summary_large_image\" \/>\n<meta name=\"twitter:label1\" content=\"Dur\u00e9e de lecture estim\u00e9e\" \/>\n\t<meta name=\"twitter:data1\" content=\"1 minute\" \/>\n<script type=\"application\/ld+json\" class=\"yoast-schema-graph\">{\"@context\":\"https:\/\/schema.org\",\"@graph\":[{\"@type\":\"WebPage\",\"@id\":\"https:\/\/web.umons.ac.be\/fs\/fr\/activites-de-recherche\/instituts-de-recherche\/\",\"url\":\"https:\/\/web.umons.ac.be\/fs\/fr\/activites-de-recherche\/instituts-de-recherche\/\",\"name\":\"Instituts de recherche - Facult\u00e9 \/ FS\",\"isPartOf\":{\"@id\":\"https:\/\/web.umons.ac.be\/fs\/#website\"},\"datePublished\":\"2017-07-10T09:21:22+00:00\",\"dateModified\":\"2025-12-08T14:39:37+00:00\",\"breadcrumb\":{\"@id\":\"https:\/\/web.umons.ac.be\/fs\/fr\/activites-de-recherche\/instituts-de-recherche\/#breadcrumb\"},\"inLanguage\":\"fr-FR\",\"potentialAction\":[{\"@type\":\"ReadAction\",\"target\":[\"https:\/\/web.umons.ac.be\/fs\/fr\/activites-de-recherche\/instituts-de-recherche\/\"]}]},{\"@type\":\"BreadcrumbList\",\"@id\":\"https:\/\/web.umons.ac.be\/fs\/fr\/activites-de-recherche\/instituts-de-recherche\/#breadcrumb\",\"itemListElement\":[{\"@type\":\"ListItem\",\"position\":1,\"name\":\"Accueil\",\"item\":\"https:\/\/web.umons.ac.be\/fs\/fr\/\"},{\"@type\":\"ListItem\",\"position\":2,\"name\":\"Activit\u00e9s de recherche\",\"item\":\"https:\/\/web.umons.ac.be\/fs\/fr\/activites-de-recherche\/\"},{\"@type\":\"ListItem\",\"position\":3,\"name\":\"Instituts de recherche\"}]},{\"@type\":\"WebSite\",\"@id\":\"https:\/\/web.umons.ac.be\/fs\/#website\",\"url\":\"https:\/\/web.umons.ac.be\/fs\/\",\"name\":\"Facult\u00e9 \/ FS\",\"description\":\"\",\"potentialAction\":[{\"@type\":\"SearchAction\",\"target\":{\"@type\":\"EntryPoint\",\"urlTemplate\":\"https:\/\/web.umons.ac.be\/fs\/?s={search_term_string}\"},\"query-input\":{\"@type\":\"PropertyValueSpecification\",\"valueRequired\":true,\"valueName\":\"search_term_string\"}}],\"inLanguage\":\"fr-FR\"}]}<\/script>\n<!-- \/ Yoast SEO plugin. -->","yoast_head_json":{"title":"Instituts de recherche - Facult\u00e9 \/ FS","robots":{"index":"index","follow":"follow","max-snippet":"max-snippet:-1","max-image-preview":"max-image-preview:large","max-video-preview":"max-video-preview:-1"},"canonical":"https:\/\/web.umons.ac.be\/fs\/fr\/activites-de-recherche\/instituts-de-recherche\/","og_locale":"fr_FR","og_type":"article","og_title":"Instituts de recherche - Facult\u00e9 \/ FS","og_description":"La recherche \u00e0 l\u2019UMONS s\u2019appuie sur quelque\u00a01000 chercheurs\u00a0r\u00e9partis dans une centaine de services. Elle est structur\u00e9e en\u00a010 instituts de recherche, accompagn\u00e9s par une Direction de l\u2019Administration et de la Valorisation de la Recherche. Chaque institut rassemble les comp\u00e9tences de chercheurs confirm\u00e9s,\u00a0post-docs\u00a0ou\u00a0doctorants, issus de plusieurs Facult\u00e9s de l\u2019UMONS. Ils concentrent leurs efforts autour de th\u00e9matiques f\u00e9d\u00e9ratrices [&hellip;]","og_url":"https:\/\/web.umons.ac.be\/fs\/fr\/activites-de-recherche\/instituts-de-recherche\/","og_site_name":"Facult\u00e9 \/ FS","article_modified_time":"2025-12-08T14:39:37+00:00","twitter_card":"summary_large_image","twitter_misc":{"Dur\u00e9e de lecture estim\u00e9e":"1 minute"},"schema":{"@context":"https:\/\/schema.org","@graph":[{"@type":"WebPage","@id":"https:\/\/web.umons.ac.be\/fs\/fr\/activites-de-recherche\/instituts-de-recherche\/","url":"https:\/\/web.umons.ac.be\/fs\/fr\/activites-de-recherche\/instituts-de-recherche\/","name":"Instituts de recherche - Facult\u00e9 \/ FS","isPartOf":{"@id":"https:\/\/web.umons.ac.be\/fs\/#website"},"datePublished":"2017-07-10T09:21:22+00:00","dateModified":"2025-12-08T14:39:37+00:00","breadcrumb":{"@id":"https:\/\/web.umons.ac.be\/fs\/fr\/activites-de-recherche\/instituts-de-recherche\/#breadcrumb"},"inLanguage":"fr-FR","potentialAction":[{"@type":"ReadAction","target":["https:\/\/web.umons.ac.be\/fs\/fr\/activites-de-recherche\/instituts-de-recherche\/"]}]},{"@type":"BreadcrumbList","@id":"https:\/\/web.umons.ac.be\/fs\/fr\/activites-de-recherche\/instituts-de-recherche\/#breadcrumb","itemListElement":[{"@type":"ListItem","position":1,"name":"Accueil","item":"https:\/\/web.umons.ac.be\/fs\/fr\/"},{"@type":"ListItem","position":2,"name":"Activit\u00e9s de recherche","item":"https:\/\/web.umons.ac.be\/fs\/fr\/activites-de-recherche\/"},{"@type":"ListItem","position":3,"name":"Instituts de recherche"}]},{"@type":"WebSite","@id":"https:\/\/web.umons.ac.be\/fs\/#website","url":"https:\/\/web.umons.ac.be\/fs\/","name":"Facult\u00e9 \/ FS","description":"","potentialAction":[{"@type":"SearchAction","target":{"@type":"EntryPoint","urlTemplate":"https:\/\/web.umons.ac.be\/fs\/?s={search_term_string}"},"query-input":{"@type":"PropertyValueSpecification","valueRequired":true,"valueName":"search_term_string"}}],"inLanguage":"fr-FR"}]}},"lang":"fr","translations":{"fr":55,"en":1087},"pll_sync_post":[],"_links":{"self":[{"href":"https:\/\/web.umons.ac.be\/fs\/wp-json\/wp\/v2\/pages\/55","targetHints":{"allow":["GET"]}}],"collection":[{"href":"https:\/\/web.umons.ac.be\/fs\/wp-json\/wp\/v2\/pages"}],"about":[{"href":"https:\/\/web.umons.ac.be\/fs\/wp-json\/wp\/v2\/types\/page"}],"author":[{"embeddable":true,"href":"https:\/\/web.umons.ac.be\/fs\/wp-json\/wp\/v2\/users\/2"}],"replies":[{"embeddable":true,"href":"https:\/\/web.umons.ac.be\/fs\/wp-json\/wp\/v2\/comments?post=55"}],"version-history":[{"count":2,"href":"https:\/\/web.umons.ac.be\/fs\/wp-json\/wp\/v2\/pages\/55\/revisions"}],"predecessor-version":[{"id":2405,"href":"https:\/\/web.umons.ac.be\/fs\/wp-json\/wp\/v2\/pages\/55\/revisions\/2405"}],"up":[{"embeddable":true,"href":"https:\/\/web.umons.ac.be\/fs\/wp-json\/wp\/v2\/pages\/24"}],"wp:attachment":[{"href":"https:\/\/web.umons.ac.be\/fs\/wp-json\/wp\/v2\/media?parent=55"}],"curies":[{"name":"wp","href":"https:\/\/api.w.org\/{rel}","templated":true}]}}