{"id":598,"date":"2018-01-25T18:04:41","date_gmt":"2018-01-25T17:04:41","guid":{"rendered":"https:\/\/web.umons.ac.be\/fs\/?page_id=598"},"modified":"2025-12-08T12:15:28","modified_gmt":"2025-12-08T11:15:28","slug":"debouches","status":"publish","type":"page","link":"https:\/\/web.umons.ac.be\/fs\/fr\/les-departements\/biologie\/debouches\/","title":{"rendered":"D\u00e9bouch\u00e9s"},"content":{"rendered":"<h2>Les m\u00e9tiers auxquels\u00a0acc\u00e8dent nos Biologistes<\/h2>\n<p>Avec l\u2019apparition de nouvelles technologies, les\u00a0d\u00e9bouch\u00e9s dans les entreprises du secteur priv\u00e9\u00a0se sont multipli\u00e9s pour les Ma\u00eetres en Sciences.\u00a0L\u2019\u00e9mergence des pr\u00e9occupations \u00e9cologiques et\u00a0la n\u00e9cessit\u00e9 de d\u00e9velopper la soci\u00e9t\u00e9 de fa\u00e7on durable\u00a0ont aussi cr\u00e9\u00e9 de nouveaux secteurs d\u2019emploi.<\/p>\n<p>A titre d\u2019exemples, les secteurs de la biotechnologie,\u00a0de la chimie verte et des mat\u00e9riaux nouveaux\u00a0(tels que les biomat\u00e9riaux) sont demandeurs\u00a0de chimistes, de biologistes et de physiciens ; le\u00a0d\u00e9veloppement des mod\u00e8les math\u00e9matiques et de\u00a0l\u2019informatique dans les biotechnologies et la biologie\u00a0cellulaire\/mol\u00e9culaire ouvre de nouvelles perspectives\u00a0pour des personnes poss\u00e9dant des comp\u00e9tences\u00a0mixtes recouvrant la biologie, les math\u00e9matiques\u00a0et l\u2019informatique ; l\u2019analyse des pollutions\u00a0environnementales requi\u00e8re des scientifiques\u00a0ayant des connaissances en chimie et en biologie.\u00a0Les Ma\u00eetres en Sciences sont tr\u00e8s appr\u00e9ci\u00e9s pour\u00a0leur formation pluridisciplinaire, leur rigueur scientifique,\u00a0leur facult\u00e9 d\u2019adaptation et leur capacit\u00e9 \u00e0\u00a0s\u2019approprier et r\u00e9soudre une large gamme de probl\u00e8mes.<\/p>\n<p>Afin de r\u00e9pondre aux demandes tr\u00e8s diverses de notre soci\u00e9t\u00e9, la Biologie se d\u00e9cline en deux Masters (Master en Biologie des Organismes et Ecologie et Master en Biochimie, Biologie Mol\u00e9culaire et Cellulaire), chaque Master se partageant <strong>en deux finalit\u00e9s<\/strong> (finalit\u00e9s approfondie et sp\u00e9cialis\u00e9e) qui pr\u00e9parent chacune \u00e0 un profil professionnel plus ou moins sp\u00e9cifique.<\/p>\n<p>Les \u00e9tudiants qui ont une <strong>vocation p\u00e9dagogique <\/strong>peuvent suivre une finalit\u00e9 \u00ab\u00a0enseignement\u00a0\u00bb (Master en enseignement section 4 ou 5) organis\u00e9e par l&rsquo;EFE (Ecole de formation des enseignants).<\/p>\n<p>Les \u00e9tudiants qui se destinent \u00e0 <strong>la recherche<\/strong> s\u2019orientent g\u00e9n\u00e9ralement vers la finalit\u00e9 approfondie.\u00a0Elle constitue une pr\u00e9paration id\u00e9ale \u00e0 la poursuite\u00a0du doctorat. Parmi nos anciens \u00e9tudiants qui\u00a0ont choisi cette finalit\u00e9, certains travaillent dans la\u00a0recherche fondamentale acad\u00e9mique (voir ci-dessous), d\u2019autres dans des entreprises de biotechnologies,\u00a0pharmaceutiques ou agroalimentaires, dans\u00a0des bureaux d\u2019\u00e9tude de gestion environnementale uo encore \u00e0 la police scientifique.<\/p>\n<p>Les <strong>finalit\u00e9s sp\u00e9cialis\u00e9es<\/strong> (M\u00e9tiers de l\u2019\u00e9co-conseil et Industrie), r\u00e9solument orient\u00e9es vers <strong>le monde\u00a0professionnel,<\/strong> permettent aux \u00e9tudiants de se sp\u00e9cialiser\u00a0respectivement aux <strong>m\u00e9tiers de l\u2019\u00e9co-conseil\u00a0<\/strong>et aux<strong> m\u00e9tiers li\u00e9s \u00e0 l\u2019industrie<\/strong>.<\/p>\n<p>Les diff\u00e9rents Masters (120 cr\u00e9dits) donnent l\u2019acc\u00e8s au <strong>Doctorat<\/strong> en Sciences permettant aux \u00e9tudiants\u00a0d\u2019entrer dans le monde de la recherche au sein\u00a0d\u2019organismes publics, parapublics ou priv\u00e9s en\u00a0Belgique et \u00e0 l\u2019\u00e9tranger.<\/p>\n<start-cask-shortcode-wrapper>\n<blockquote class=\"shortcode-testimonial scheme-fs\">\n    <div class=\"testimonial-quote\">\n        <div>\u201cG\u00e9n\u00e9ralement, le terme \u00ab Biologie \u00bb est associ\u00e9 \u00e0\u00a0l\u2019\u00e9tude de la faune, la flore, aux voyages, \u00e0 l\u2019\u00e9tude\u00a0des fonds marins, etc \u2026 Cependant, suite \u00e0 un bachelier\u00a0en Agronomie, j\u2019ai plut\u00f4t opt\u00e9 pour le &hellip;<\/div>\n                <a href=\"#testimonial-modal-640\" class=\"button-secondary open-testimonial scheme-border scheme-color-hover-important\">\n            Poursuivre la lecture <span class=\"icon umons-icon-tail-right\" aria-hidden=\"true\"><\/span>\n        <\/a>\n            <\/div>\n    <div class=\"testimonial-author\">\n                <div class=\"testimonial-picture\">\n            <img decoding=\"async\" src=\"https:\/\/web.umons.ac.be\/app\/uploads\/sites\/11\/2018\/01\/Coralie-Senet-80x80.jpg\" alt=\"\" \/>\n        <\/div>\n                <div class=\"testimonial-text\">\n            <div class=\"testimonial-identity\">\n                <span class=\"testimonial-author-name\">Coralie Senet<\/span>\n                            <\/div>\n            <div class=\"testimonial-meta\">\n                                                <span class=\"testimonial-group\">Ma\u00eetre en Biochimie, Biologie mol\u00e9culaire et cellulaire, \u00e0 finalit\u00e9 approfondie, Promotion 2016- 2017)<\/span>\n                            <\/div>\n        <\/div>\n    <\/div>\n<\/blockquote>\n<div id=\"testimonial-modal-640\" class=\"testimonial-modal-wrap normal\" style=\"display: none;\">\n    <div class=\"shortcode-testimonial-modal\">\n        <blockquote class=\"shortcode-testimonial\">\n            <div class=\"testimonial-quote editor-front\">\n                                <blockquote class=\"highlighted-quote\">\u201cG\u00e9n\u00e9ralement, le terme \u00ab Biologie \u00bb est associ\u00e9 \u00e0\u00a0l\u2019\u00e9tude de la faune, la flore, aux voyages, \u00e0 l\u2019\u00e9tude\u00a0des fonds marins, etc \u2026 Cependant, suite \u00e0 un bachelier\u00a0en Agronomie, j\u2019ai plut\u00f4t opt\u00e9 pour le Master\u00a0en \u00ab Biochimie, Biologie Mol\u00e9culaire et Cellulaire \u00bb\u00a0afin d\u2019\u00e9largir les opportunit\u00e9s d\u2019emploi au niveau\u00a0de laboratoires m\u00e9dicaux, pharmaceutiques, priv\u00e9s,\u00a0etc. Ces \u00e9tudes m\u2019ont d\u2019ailleurs\u2026<\/blockquote>\n                                                <div class=\"testimonial-full-quote\"><p>\u201cG\u00e9n\u00e9ralement, le terme \u00ab Biologie \u00bb est associ\u00e9 \u00e0\u00a0l\u2019\u00e9tude de la faune, la flore, aux voyages, \u00e0 l\u2019\u00e9tude\u00a0des fonds marins, etc \u2026 Cependant, suite \u00e0 un bachelier\u00a0en Agronomie, j\u2019ai plut\u00f4t opt\u00e9 pour le Master\u00a0en \u00ab Biochimie, Biologie Mol\u00e9culaire et Cellulaire \u00bb\u00a0afin d\u2019\u00e9largir les opportunit\u00e9s d\u2019emploi au niveau\u00a0de laboratoires m\u00e9dicaux, pharmaceutiques, priv\u00e9s,\u00a0etc. Ces \u00e9tudes m\u2019ont d\u2019ailleurs permis de\u00a0trouver rapidement un emploi dans un laboratoire\u00a0de microbiologie ayant pour activit\u00e9 principale\u00a0l\u2019analyse de denr\u00e9es alimentaires.\u201d<\/p>\n<\/div>\n                            <\/div>\n            <div class=\"testimonial-author\">\n                                <div class=\"testimonial-picture\">\n                    <img decoding=\"async\" src=\"https:\/\/web.umons.ac.be\/app\/uploads\/sites\/11\/2018\/01\/Coralie-Senet-80x80.jpg\" alt=\"\" \/>\n                <\/div>\n                                <div class=\"testimonial-text\">\n                    <div class=\"testimonial-identity\">\n                        <span class=\"testimonial-author-name\">Coralie Senet<\/span>\n                                            <\/div>\n                    <div class=\"testimonial-meta\">\n                                                                        <span class=\"testimonial-group\">(Ma\u00eetre en Biochimie, Biologie mol\u00e9culaire et cellulaire, \u00e0 finalit\u00e9 approfondie, Promotion 2016- 2017))<\/span>\n                                            <\/div>\n                <\/div>\n            <\/div>\n        <\/blockquote>\n    <\/div>\n<\/div>\n<end-cask-shortcode-wrapper>\n<start-cask-shortcode-wrapper>\n<blockquote class=\"shortcode-testimonial scheme-fs\">\n    <div class=\"testimonial-quote\">\n        <div>\u201cApr\u00e8s un Master en Biologie\u00a0des Organismes et Ecologie,\u00a0j\u2019ai poursuivi mon parcours \u00e0\u00a0l\u2019UMONS par une th\u00e8se de doctorat au sein du laboratoire\u00a0de Prot\u00e9omique et Microbiologie. La th\u00e9matique\u00a0de celle-&hellip;<\/div>\n                <a href=\"#testimonial-modal-641\" class=\"button-secondary open-testimonial scheme-border scheme-color-hover-important\">\n            Poursuivre la lecture <span class=\"icon umons-icon-tail-right\" aria-hidden=\"true\"><\/span>\n        <\/a>\n            <\/div>\n    <div class=\"testimonial-author\">\n                <div class=\"testimonial-picture\">\n            <img decoding=\"async\" src=\"https:\/\/web.umons.ac.be\/app\/uploads\/sites\/11\/2018\/01\/St\u00e9phanie-Roosa-80x80.jpg\" alt=\"\" \/>\n        <\/div>\n                <div class=\"testimonial-text\">\n            <div class=\"testimonial-identity\">\n                <span class=\"testimonial-author-name\">St\u00e9phanie Roosa<\/span>\n                            <\/div>\n            <div class=\"testimonial-meta\">\n                                                <span class=\"testimonial-group\">Docteur en Sciences Biologiques<\/span>\n                            <\/div>\n        <\/div>\n    <\/div>\n<\/blockquote>\n<div id=\"testimonial-modal-641\" class=\"testimonial-modal-wrap normal\" style=\"display: none;\">\n    <div class=\"shortcode-testimonial-modal\">\n        <blockquote class=\"shortcode-testimonial\">\n            <div class=\"testimonial-quote editor-front\">\n                                <blockquote class=\"highlighted-quote\">\u201cApr\u00e8s un Master en Biologie\u00a0des Organismes et Ecologie,\u00a0j\u2019ai poursuivi mon parcours \u00e0\u00a0l\u2019UMONS par une th\u00e8se de doctorat au sein du laboratoire\u00a0de Prot\u00e9omique et Microbiologie. La th\u00e9matique\u00a0de celle-ci portait sur l\u2019impact des m\u00e9taux\u00a0sur les communaut\u00e9s microbiennes s\u00e9dimentaires.\u00a0Ayant la volont\u00e9 de poursuivre dans la recherche\u00a0et plus particuli\u00e8rement en microbiologie environnementale,\u00a0j\u2019ai ensuite r\u00e9alis\u00e9 un post-doctorat\u00a0\u00e0 l\u2019Universit\u00e9 d\u2019Otago (Nouvelle-Z\u00e9lande)\u2026<\/blockquote>\n                                                <div class=\"testimonial-full-quote\"><p>\u201cApr\u00e8s un Master en Biologie\u00a0des Organismes et Ecologie,\u00a0j\u2019ai poursuivi mon parcours \u00e0\u00a0l\u2019UMONS par une th\u00e8se de doctorat au sein du laboratoire\u00a0de Prot\u00e9omique et Microbiologie. La th\u00e9matique\u00a0de celle-ci portait sur l\u2019impact des m\u00e9taux\u00a0sur les communaut\u00e9s microbiennes s\u00e9dimentaires.\u00a0Ayant la volont\u00e9 de poursuivre dans la recherche\u00a0et plus particuli\u00e8rement en microbiologie environnementale,\u00a0j\u2019ai ensuite r\u00e9alis\u00e9 un post-doctorat\u00a0\u00e0 l\u2019Universit\u00e9 d\u2019Otago (Nouvelle-Z\u00e9lande) avant\u00a0d\u2019\u00eatre engag\u00e9e dans le laboratoire de biotechnologie\u00a0du centre de recherche Materia Nova o\u00f9 j\u2019allie\u00a0actuellement recherche et gestion de projets.\u201d<\/p>\n<\/div>\n                            <\/div>\n            <div class=\"testimonial-author\">\n                                <div class=\"testimonial-picture\">\n                    <img decoding=\"async\" src=\"https:\/\/web.umons.ac.be\/app\/uploads\/sites\/11\/2018\/01\/St\u00e9phanie-Roosa-80x80.jpg\" alt=\"\" \/>\n                <\/div>\n                                <div class=\"testimonial-text\">\n                    <div class=\"testimonial-identity\">\n                        <span class=\"testimonial-author-name\">St\u00e9phanie Roosa<\/span>\n                                            <\/div>\n                    <div class=\"testimonial-meta\">\n                                                                        <span class=\"testimonial-group\">(Docteur en Sciences Biologiques)<\/span>\n                                            <\/div>\n                <\/div>\n            <\/div>\n        <\/blockquote>\n    <\/div>\n<\/div>\n<end-cask-shortcode-wrapper>\n<start-cask-shortcode-wrapper>\n<blockquote class=\"shortcode-testimonial scheme-fs\">\n    <div class=\"testimonial-quote\">\n        <div>\u201cLorsqu\u2019on est \u00e9tudiant, la recherche scientifique appara\u00eet comme un doux r\u00eave et semble\u00a0r\u00e9serv\u00e9e au monde acad\u00e9mique. Force est de constater qu\u2019il n\u2019en est rien. Apr\u00e8s l\u2019obtention\u00a0d\u2019un dipl\u00f4me de Mas&hellip;<\/div>\n                <a href=\"#testimonial-modal-639\" class=\"button-secondary open-testimonial scheme-border scheme-color-hover-important\">\n            Poursuivre la lecture <span class=\"icon umons-icon-tail-right\" aria-hidden=\"true\"><\/span>\n        <\/a>\n            <\/div>\n    <div class=\"testimonial-author\">\n                <div class=\"testimonial-picture\">\n            <img decoding=\"async\" src=\"https:\/\/web.umons.ac.be\/app\/uploads\/sites\/11\/2018\/01\/J\u00e9r\u00e9my-Derock-80x80.jpg\" alt=\"\" \/>\n        <\/div>\n                <div class=\"testimonial-text\">\n            <div class=\"testimonial-identity\">\n                <span class=\"testimonial-author-name\">J\u00e9r\u00e9my Derock<\/span>\n                            <\/div>\n            <div class=\"testimonial-meta\">\n                                                <span class=\"testimonial-group\">Docteur en Sciences Biologiques<\/span>\n                            <\/div>\n        <\/div>\n    <\/div>\n<\/blockquote>\n<div id=\"testimonial-modal-639\" class=\"testimonial-modal-wrap normal\" style=\"display: none;\">\n    <div class=\"shortcode-testimonial-modal\">\n        <blockquote class=\"shortcode-testimonial\">\n            <div class=\"testimonial-quote editor-front\">\n                                <blockquote class=\"highlighted-quote\">\u201cLorsqu\u2019on est \u00e9tudiant, la recherche scientifique appara\u00eet comme un doux r\u00eave et semble\u00a0r\u00e9serv\u00e9e au monde acad\u00e9mique. Force est de constater qu\u2019il n\u2019en est rien. Apr\u00e8s l\u2019obtention\u00a0d\u2019un dipl\u00f4me de Master en BBMC \u00e0 l\u2019Universit\u00e9 de Mons, je me lance dans l\u2019aventure de la\u00a0th\u00e8se de doctorat dans le service de Prot\u00e9omique et Microbiologie de cette m\u00eame Universit\u00e9.\u2026<\/blockquote>\n                                                <div class=\"testimonial-full-quote\"><p>\u201cLorsqu\u2019on est \u00e9tudiant, la recherche scientifique appara\u00eet comme un doux r\u00eave et semble\u00a0r\u00e9serv\u00e9e au monde acad\u00e9mique. Force est de constater qu\u2019il n\u2019en est rien. Apr\u00e8s l\u2019obtention\u00a0d\u2019un dipl\u00f4me de Master en BBMC \u00e0 l\u2019Universit\u00e9 de Mons, je me lance dans l\u2019aventure de la\u00a0th\u00e8se de doctorat dans le service de Prot\u00e9omique et Microbiologie de cette m\u00eame Universit\u00e9. Les technologies\u00a0de pointe utilis\u00e9es dans ce laboratoire m\u2019ouvrent les portes d\u2019un monde nouveau : l\u2019analyse des prot\u00e9ines par\u00a0spectrom\u00e9trie de masse. Durant 6 ans, j\u2019ai eu la chance d\u2019y d\u00e9velopper mes connaissances techniques et\u00a0scientifiques. Mais ce n\u2019est pas tout, la curiosit\u00e9, l\u2019objectivit\u00e9, l\u2019ouverture d\u2019esprit, la rigueur, le d\u00e9passement de\u00a0soi et la pers\u00e9v\u00e9rance sont parmi les qualit\u00e9s qui m\u2019ont \u00e9galement \u00e9t\u00e9 enseign\u00e9es durant ces ann\u00e9es. Quelques\u00a0mois apr\u00e8s l\u2019obtention de mon dipl\u00f4me de Doctorat, je d\u00e9croche la place tant attendue dans un laboratoire de\u00a0spectrom\u00e9trie de masse chez GSK Vaccines. J\u2019y d\u00e9veloppe des m\u00e9thodes d\u2019analyse des prot\u00e9ines afin de\u00a0caract\u00e9riser les antig\u00e8nes entrant dans la composition des vaccins. Ce poste me permet de mettre \u00e0 profit, au jour le jour, de nombreuses connaissances acquises au cours de mon parcours \u00e0 l\u2019Universit\u00e9 de Mons.\u201d<\/p>\n<\/div>\n                            <\/div>\n            <div class=\"testimonial-author\">\n                                <div class=\"testimonial-picture\">\n                    <img decoding=\"async\" src=\"https:\/\/web.umons.ac.be\/app\/uploads\/sites\/11\/2018\/01\/J\u00e9r\u00e9my-Derock-80x80.jpg\" alt=\"\" \/>\n                <\/div>\n                                <div class=\"testimonial-text\">\n                    <div class=\"testimonial-identity\">\n                        <span class=\"testimonial-author-name\">J\u00e9r\u00e9my Derock<\/span>\n                                            <\/div>\n                    <div class=\"testimonial-meta\">\n                                                                        <span class=\"testimonial-group\">(Docteur en Sciences Biologiques)<\/span>\n                                            <\/div>\n                <\/div>\n            <\/div>\n        <\/blockquote>\n    <\/div>\n<\/div>\n<end-cask-shortcode-wrapper>\n","protected":false},"excerpt":{"rendered":"<p>Les m\u00e9tiers auxquels\u00a0acc\u00e8dent nos Biologistes Avec l\u2019apparition de nouvelles technologies, les\u00a0d\u00e9bouch\u00e9s dans les entreprises du secteur priv\u00e9\u00a0se sont multipli\u00e9s pour les Ma\u00eetres en Sciences.\u00a0L\u2019\u00e9mergence des pr\u00e9occupations \u00e9cologiques et\u00a0la n\u00e9cessit\u00e9 de d\u00e9velopper la soci\u00e9t\u00e9 de fa\u00e7on durable\u00a0ont aussi cr\u00e9\u00e9 de nouveaux secteurs d\u2019emploi. A titre d\u2019exemples, les secteurs de la biotechnologie,\u00a0de la chimie verte et des [&hellip;]<\/p>\n","protected":false},"author":2,"featured_media":0,"parent":103,"menu_order":0,"comment_status":"closed","ping_status":"closed","template":"","meta":{"footnotes":""},"class_list":["post-598","page","type-page","status-publish","hentry"],"yoast_head":"<!-- This site is optimized with the Yoast SEO plugin v27.2 - https:\/\/yoast.com\/product\/yoast-seo-wordpress\/ -->\n<title>D\u00e9bouch\u00e9s - Facult\u00e9 \/ FS<\/title>\n<meta name=\"robots\" content=\"index, follow, max-snippet:-1, max-image-preview:large, max-video-preview:-1\" \/>\n<link rel=\"canonical\" href=\"https:\/\/web.umons.ac.be\/fs\/fr\/les-departements\/biologie\/debouches\/\" \/>\n<meta property=\"og:locale\" content=\"fr_FR\" \/>\n<meta property=\"og:type\" content=\"article\" \/>\n<meta property=\"og:title\" content=\"D\u00e9bouch\u00e9s - Facult\u00e9 \/ FS\" \/>\n<meta property=\"og:description\" content=\"Les m\u00e9tiers auxquels\u00a0acc\u00e8dent nos Biologistes Avec l\u2019apparition de nouvelles technologies, les\u00a0d\u00e9bouch\u00e9s dans les entreprises du secteur priv\u00e9\u00a0se sont multipli\u00e9s pour les Ma\u00eetres en Sciences.\u00a0L\u2019\u00e9mergence des pr\u00e9occupations \u00e9cologiques et\u00a0la n\u00e9cessit\u00e9 de d\u00e9velopper la soci\u00e9t\u00e9 de fa\u00e7on durable\u00a0ont aussi cr\u00e9\u00e9 de nouveaux secteurs d\u2019emploi. A titre d\u2019exemples, les secteurs de la biotechnologie,\u00a0de la chimie verte et des [&hellip;]\" \/>\n<meta property=\"og:url\" content=\"https:\/\/web.umons.ac.be\/fs\/fr\/les-departements\/biologie\/debouches\/\" \/>\n<meta property=\"og:site_name\" content=\"Facult\u00e9 \/ FS\" \/>\n<meta property=\"article:modified_time\" content=\"2025-12-08T11:15:28+00:00\" \/>\n<meta name=\"twitter:card\" content=\"summary_large_image\" \/>\n<meta name=\"twitter:label1\" content=\"Dur\u00e9e de lecture estim\u00e9e\" \/>\n\t<meta name=\"twitter:data1\" content=\"2 minutes\" \/>\n<script type=\"application\/ld+json\" class=\"yoast-schema-graph\">{\"@context\":\"https:\/\/schema.org\",\"@graph\":[{\"@type\":\"WebPage\",\"@id\":\"https:\/\/web.umons.ac.be\/fs\/fr\/les-departements\/biologie\/debouches\/\",\"url\":\"https:\/\/web.umons.ac.be\/fs\/fr\/les-departements\/biologie\/debouches\/\",\"name\":\"D\u00e9bouch\u00e9s - Facult\u00e9 \/ FS\",\"isPartOf\":{\"@id\":\"https:\/\/web.umons.ac.be\/fs\/#website\"},\"datePublished\":\"2018-01-25T17:04:41+00:00\",\"dateModified\":\"2025-12-08T11:15:28+00:00\",\"breadcrumb\":{\"@id\":\"https:\/\/web.umons.ac.be\/fs\/fr\/les-departements\/biologie\/debouches\/#breadcrumb\"},\"inLanguage\":\"fr-FR\",\"potentialAction\":[{\"@type\":\"ReadAction\",\"target\":[\"https:\/\/web.umons.ac.be\/fs\/fr\/les-departements\/biologie\/debouches\/\"]}]},{\"@type\":\"BreadcrumbList\",\"@id\":\"https:\/\/web.umons.ac.be\/fs\/fr\/les-departements\/biologie\/debouches\/#breadcrumb\",\"itemListElement\":[{\"@type\":\"ListItem\",\"position\":1,\"name\":\"Accueil\",\"item\":\"https:\/\/web.umons.ac.be\/fs\/fr\/\"},{\"@type\":\"ListItem\",\"position\":2,\"name\":\"Les d\u00e9partements\",\"item\":\"https:\/\/web.umons.ac.be\/fs\/fr\/les-departements\/\"},{\"@type\":\"ListItem\",\"position\":3,\"name\":\"Biologie\",\"item\":\"https:\/\/web.umons.ac.be\/fs\/fr\/les-departements\/biologie\/\"},{\"@type\":\"ListItem\",\"position\":4,\"name\":\"D\u00e9bouch\u00e9s\"}]},{\"@type\":\"WebSite\",\"@id\":\"https:\/\/web.umons.ac.be\/fs\/#website\",\"url\":\"https:\/\/web.umons.ac.be\/fs\/\",\"name\":\"Facult\u00e9 \/ FS\",\"description\":\"\",\"potentialAction\":[{\"@type\":\"SearchAction\",\"target\":{\"@type\":\"EntryPoint\",\"urlTemplate\":\"https:\/\/web.umons.ac.be\/fs\/?s={search_term_string}\"},\"query-input\":{\"@type\":\"PropertyValueSpecification\",\"valueRequired\":true,\"valueName\":\"search_term_string\"}}],\"inLanguage\":\"fr-FR\"}]}<\/script>\n<!-- \/ Yoast SEO plugin. -->","yoast_head_json":{"title":"D\u00e9bouch\u00e9s - Facult\u00e9 \/ FS","robots":{"index":"index","follow":"follow","max-snippet":"max-snippet:-1","max-image-preview":"max-image-preview:large","max-video-preview":"max-video-preview:-1"},"canonical":"https:\/\/web.umons.ac.be\/fs\/fr\/les-departements\/biologie\/debouches\/","og_locale":"fr_FR","og_type":"article","og_title":"D\u00e9bouch\u00e9s - Facult\u00e9 \/ FS","og_description":"Les m\u00e9tiers auxquels\u00a0acc\u00e8dent nos Biologistes Avec l\u2019apparition de nouvelles technologies, les\u00a0d\u00e9bouch\u00e9s dans les entreprises du secteur priv\u00e9\u00a0se sont multipli\u00e9s pour les Ma\u00eetres en Sciences.\u00a0L\u2019\u00e9mergence des pr\u00e9occupations \u00e9cologiques et\u00a0la n\u00e9cessit\u00e9 de d\u00e9velopper la soci\u00e9t\u00e9 de fa\u00e7on durable\u00a0ont aussi cr\u00e9\u00e9 de nouveaux secteurs d\u2019emploi. A titre d\u2019exemples, les secteurs de la biotechnologie,\u00a0de la chimie verte et des [&hellip;]","og_url":"https:\/\/web.umons.ac.be\/fs\/fr\/les-departements\/biologie\/debouches\/","og_site_name":"Facult\u00e9 \/ FS","article_modified_time":"2025-12-08T11:15:28+00:00","twitter_card":"summary_large_image","twitter_misc":{"Dur\u00e9e de lecture estim\u00e9e":"2 minutes"},"schema":{"@context":"https:\/\/schema.org","@graph":[{"@type":"WebPage","@id":"https:\/\/web.umons.ac.be\/fs\/fr\/les-departements\/biologie\/debouches\/","url":"https:\/\/web.umons.ac.be\/fs\/fr\/les-departements\/biologie\/debouches\/","name":"D\u00e9bouch\u00e9s - Facult\u00e9 \/ FS","isPartOf":{"@id":"https:\/\/web.umons.ac.be\/fs\/#website"},"datePublished":"2018-01-25T17:04:41+00:00","dateModified":"2025-12-08T11:15:28+00:00","breadcrumb":{"@id":"https:\/\/web.umons.ac.be\/fs\/fr\/les-departements\/biologie\/debouches\/#breadcrumb"},"inLanguage":"fr-FR","potentialAction":[{"@type":"ReadAction","target":["https:\/\/web.umons.ac.be\/fs\/fr\/les-departements\/biologie\/debouches\/"]}]},{"@type":"BreadcrumbList","@id":"https:\/\/web.umons.ac.be\/fs\/fr\/les-departements\/biologie\/debouches\/#breadcrumb","itemListElement":[{"@type":"ListItem","position":1,"name":"Accueil","item":"https:\/\/web.umons.ac.be\/fs\/fr\/"},{"@type":"ListItem","position":2,"name":"Les d\u00e9partements","item":"https:\/\/web.umons.ac.be\/fs\/fr\/les-departements\/"},{"@type":"ListItem","position":3,"name":"Biologie","item":"https:\/\/web.umons.ac.be\/fs\/fr\/les-departements\/biologie\/"},{"@type":"ListItem","position":4,"name":"D\u00e9bouch\u00e9s"}]},{"@type":"WebSite","@id":"https:\/\/web.umons.ac.be\/fs\/#website","url":"https:\/\/web.umons.ac.be\/fs\/","name":"Facult\u00e9 \/ FS","description":"","potentialAction":[{"@type":"SearchAction","target":{"@type":"EntryPoint","urlTemplate":"https:\/\/web.umons.ac.be\/fs\/?s={search_term_string}"},"query-input":{"@type":"PropertyValueSpecification","valueRequired":true,"valueName":"search_term_string"}}],"inLanguage":"fr-FR"}]}},"lang":"fr","translations":{"fr":598},"pll_sync_post":[],"_links":{"self":[{"href":"https:\/\/web.umons.ac.be\/fs\/wp-json\/wp\/v2\/pages\/598","targetHints":{"allow":["GET"]}}],"collection":[{"href":"https:\/\/web.umons.ac.be\/fs\/wp-json\/wp\/v2\/pages"}],"about":[{"href":"https:\/\/web.umons.ac.be\/fs\/wp-json\/wp\/v2\/types\/page"}],"author":[{"embeddable":true,"href":"https:\/\/web.umons.ac.be\/fs\/wp-json\/wp\/v2\/users\/2"}],"replies":[{"embeddable":true,"href":"https:\/\/web.umons.ac.be\/fs\/wp-json\/wp\/v2\/comments?post=598"}],"version-history":[{"count":3,"href":"https:\/\/web.umons.ac.be\/fs\/wp-json\/wp\/v2\/pages\/598\/revisions"}],"predecessor-version":[{"id":2390,"href":"https:\/\/web.umons.ac.be\/fs\/wp-json\/wp\/v2\/pages\/598\/revisions\/2390"}],"up":[{"embeddable":true,"href":"https:\/\/web.umons.ac.be\/fs\/wp-json\/wp\/v2\/pages\/103"}],"wp:attachment":[{"href":"https:\/\/web.umons.ac.be\/fs\/wp-json\/wp\/v2\/media?parent=598"}],"curies":[{"name":"wp","href":"https:\/\/api.w.org\/{rel}","templated":true}]}}