{"id":611,"date":"2018-01-25T19:35:42","date_gmt":"2018-01-25T18:35:42","guid":{"rendered":"https:\/\/web.umons.ac.be\/fs\/?page_id=611"},"modified":"2025-12-08T12:32:22","modified_gmt":"2025-12-08T11:32:22","slug":"mobilite","status":"publish","type":"page","link":"https:\/\/web.umons.ac.be\/fs\/fr\/les-departements\/biologie\/mobilite\/","title":{"rendered":"Mobilit\u00e9"},"content":{"rendered":"<p>Le monde de demain ne peut pas s\u2019entrevoir sans\u00a0un partage des connaissances scientifiques. La\u00a0cr\u00e9ation et le d\u00e9veloppement de nouvelles technologies\u00a0ne se fera que par la mise en place d\u2019\u00e9quipes\u00a0pluridisciplinaires en provenance de diff\u00e9rentes r\u00e9gions,\u00a0de diff\u00e9rents pays sur divers continents. De\u00a0m\u00eame, le monde actuel compte encore trop d\u2019in\u00e9galit\u00e9s\u00a0tant sur le plan social que scientifique et\u00a0beaucoup de pays sont encore sous-d\u00e9velopp\u00e9s\u00a0\u00e0 cet \u00e9gard.<\/p>\n<p>Les Masters en Biologie permettent \u00e0 nos \u00e9tudiants et aux \u00e9tudiants \u00e9trangers, de pays d\u00e9velopp\u00e9s et en voie de d\u00e9veloppement, de r\u00e9pondre \u00e0 cette demande d\u2019interaction avec d\u2019autres universit\u00e9s, dans d\u2019autres pays, en d\u00e9couvrant d\u2019autres communaut\u00e9s.<\/p>\n<p>Les deux Masters en Biologie (BOE et BBMC) offrent \u00e0 nos \u00e9tudiants de nombreuses opportunit\u00e9s de r\u00e9aliser des stages ou des mobilit\u00e9s \u00e0 l\u2019\u00e9tranger dans des structures scientifiques, des h\u00f4pitaux, des entreprises, des associations\u2026La <strong>mobilit\u00e9 de nos \u00e9tudiants<\/strong> est au coeur de ces Masters. Ces mobilit\u00e9s peuvent \u00eatre soutenues financi\u00e8rement par diverses bourses.<\/p>\n<p>Parmi ces opportunit\u00e9s, il y a:<\/p>\n<ul>\n<li>La \u00ab\u00a0mobilit\u00e9 OUT\u00a0\u00bb (30 cr\u00e9dits) offerte au second quadrimestre en Bloc 1<\/li>\n<li>La possiblit\u00e9 de r\u00e9aliser jusqu\u00e0 25 cr\u00e9dits de stages en Bloc 2 (1 semaine=3 cr\u00e9dits)<\/li>\n<li>Les missions de terrain ou en laboratoire effectu\u00e9es au cours du m\u00e9moire (30 cr\u00e9dits) en Bloc 2<\/li>\n<li>Le stage de \u00ab Biodiversit\u00e9 et \u00e9cologie des r\u00e9cifs coralliens \u00bb en option effectu\u00e9 \u00e0 Madagascar par 4 professeurs, de l\u2019UMONS, de l\u2019ULB, de l\u2019UCL et de l\u2019ULi\u00e8ge durant 1 mois (12 cr\u00e9dits) en Bloc 1<\/li>\n<li>Le stage d\u2019\u00e9cologie des milieux intertidaux (12 cr\u00e9dits durant l\u2019\u00e9t\u00e9) \u00e0 la Station Biologique de Roscoff (France) en Bloc 1<\/li>\n<li>\u2026.<\/li>\n<\/ul>\n<start-cask-shortcode-wrapper>\n<blockquote class=\"shortcode-testimonial scheme-fs\">\n    <div class=\"testimonial-quote\">\n        <div>\u201cLe programme de biologie \u00e0\u00a0l\u2019Universit\u00e9 de Mons propose une\u00a0mobilit\u00e9 OUT d\u00e8s la premi\u00e8re ann\u00e9e\u00a0de Master. Un des points forts de cette exp\u00e9rience\u00a0est d\u2019avoir un premier aper\u00e7u du travail de\u00a0recherche&hellip;<\/div>\n                <a href=\"#testimonial-modal-628\" class=\"button-secondary open-testimonial scheme-border scheme-color-hover-important\">\n            Poursuivre la lecture <span class=\"icon umons-icon-tail-right\" aria-hidden=\"true\"><\/span>\n        <\/a>\n            <\/div>\n    <div class=\"testimonial-author\">\n                <div class=\"testimonial-picture\">\n            <img decoding=\"async\" src=\"https:\/\/web.umons.ac.be\/app\/uploads\/sites\/11\/2018\/01\/Aurore-Latragna-80x80.jpg\" alt=\"\" \/>\n        <\/div>\n                <div class=\"testimonial-text\">\n            <div class=\"testimonial-identity\">\n                <span class=\"testimonial-author-name\">Aurore Latragna<\/span>\n                            <\/div>\n            <div class=\"testimonial-meta\">\n                                                <span class=\"testimonial-group\">\u00c9tudiante en Bloc 2 de Master en BBMC<\/span>\n                            <\/div>\n        <\/div>\n    <\/div>\n<\/blockquote>\n<div id=\"testimonial-modal-628\" class=\"testimonial-modal-wrap normal\" style=\"display: none;\">\n    <div class=\"shortcode-testimonial-modal\">\n        <blockquote class=\"shortcode-testimonial\">\n            <div class=\"testimonial-quote editor-front\">\n                                <blockquote class=\"highlighted-quote\">\u201cLe programme de biologie \u00e0\u00a0l\u2019Universit\u00e9 de Mons propose une\u00a0mobilit\u00e9 OUT d\u00e8s la premi\u00e8re ann\u00e9e\u00a0de Master. Un des points forts de cette exp\u00e9rience\u00a0est d\u2019avoir un premier aper\u00e7u du travail de\u00a0recherche et de pouvoir mettre en pratique toutes\u00a0les connaissances acquises lors du bachelier. Pour\u00a0ma part, j\u2019ai r\u00e9alis\u00e9 mon stage \u00e0 l\u2019Universit\u00e9 La\u00a0Sapienza de Rome en Italie dans\u2026<\/blockquote>\n                                                <div class=\"testimonial-full-quote\"><p>\u201cLe programme de biologie \u00e0\u00a0l\u2019Universit\u00e9 de Mons propose une\u00a0mobilit\u00e9 OUT d\u00e8s la premi\u00e8re ann\u00e9e\u00a0de Master. Un des points forts de cette exp\u00e9rience\u00a0est d\u2019avoir un premier aper\u00e7u du travail de\u00a0recherche et de pouvoir mettre en pratique toutes\u00a0les connaissances acquises lors du bachelier. Pour\u00a0ma part, j\u2019ai r\u00e9alis\u00e9 mon stage \u00e0 l\u2019Universit\u00e9 La\u00a0Sapienza de Rome en Italie dans le laboratoire de\u00a0neuropharmacologie. Cette exp\u00e9rience m\u2019a beaucoup\u00a0apport\u00e9 car elle m\u2019a permis de me responsabiliser.\u00a0R\u00e9aliser un Erasmus vous offre la possibilit\u00e9\u00a0de pratiquer une langue \u00e9trang\u00e8re mais surtout de\u00a0faire des rencontres m\u00e9morables. Je recommande\u00a0\u00e0 tout le monde de tenter l\u2019exp\u00e9rience, vous ne\u00a0serez pas d\u00e9\u00e7u ! \u201d<\/p>\n<\/div>\n                            <\/div>\n            <div class=\"testimonial-author\">\n                                <div class=\"testimonial-picture\">\n                    <img decoding=\"async\" src=\"https:\/\/web.umons.ac.be\/app\/uploads\/sites\/11\/2018\/01\/Aurore-Latragna-80x80.jpg\" alt=\"\" \/>\n                <\/div>\n                                <div class=\"testimonial-text\">\n                    <div class=\"testimonial-identity\">\n                        <span class=\"testimonial-author-name\">Aurore Latragna<\/span>\n                                            <\/div>\n                    <div class=\"testimonial-meta\">\n                                                                        <span class=\"testimonial-group\">(\u00c9tudiante en Bloc 2 de Master en BBMC)<\/span>\n                                            <\/div>\n                <\/div>\n            <\/div>\n        <\/blockquote>\n    <\/div>\n<\/div>\n<end-cask-shortcode-wrapper>\n<start-cask-shortcode-wrapper>\n<blockquote class=\"shortcode-testimonial scheme-fs\">\n    <div class=\"testimonial-quote\">\n        <div>\u201cLe programme de mobilit\u00e9 out\u00a0est une opportunit\u00e9 offerte par\u00a0l\u2019Universit\u00e9 de Mons que j\u2019encourage\u00a0quiconque \u00e0 r\u00e9aliser. La collaboration avec\u00a0des chercheurs \u00e0 l\u2019\u00e9tranger permet de percevoir la\u00a0recher&hellip;<\/div>\n                <a href=\"#testimonial-modal-629\" class=\"button-secondary open-testimonial scheme-border scheme-color-hover-important\">\n            Poursuivre la lecture <span class=\"icon umons-icon-tail-right\" aria-hidden=\"true\"><\/span>\n        <\/a>\n            <\/div>\n    <div class=\"testimonial-author\">\n                <div class=\"testimonial-picture\">\n            <img decoding=\"async\" src=\"https:\/\/web.umons.ac.be\/app\/uploads\/sites\/11\/2018\/01\/Guillaume-Ghisbain-80x80.jpg\" alt=\"\" \/>\n        <\/div>\n                <div class=\"testimonial-text\">\n            <div class=\"testimonial-identity\">\n                <span class=\"testimonial-author-name\">Guillaume Ghisbain<\/span>\n                            <\/div>\n            <div class=\"testimonial-meta\">\n                                                <span class=\"testimonial-group\">\u00c9tudiant en Bloc 2 de Master en BOE<\/span>\n                            <\/div>\n        <\/div>\n    <\/div>\n<\/blockquote>\n<div id=\"testimonial-modal-629\" class=\"testimonial-modal-wrap normal\" style=\"display: none;\">\n    <div class=\"shortcode-testimonial-modal\">\n        <blockquote class=\"shortcode-testimonial\">\n            <div class=\"testimonial-quote editor-front\">\n                                <blockquote class=\"highlighted-quote\">\u201cLe programme de mobilit\u00e9 out\u00a0est une opportunit\u00e9 offerte par\u00a0l\u2019Universit\u00e9 de Mons que j\u2019encourage\u00a0quiconque \u00e0 r\u00e9aliser. La collaboration avec\u00a0des chercheurs \u00e0 l\u2019\u00e9tranger permet de percevoir la\u00a0recherche scientifique sous un autre angle, et ouvre\u00a0l\u2019esprit \u00e0 \u00e9norm\u00e9ment de nouvelles perspectives.\u00a0J\u2019ai eu la chance de travailler 3 mois \u00e0 l\u2019Universit\u00e9\u00a0de Bologne, dans le nord de l\u2019Italie, et d\u2019y faire\u2026<\/blockquote>\n                                                <div class=\"testimonial-full-quote\"><p>\u201cLe programme de mobilit\u00e9 out\u00a0est une opportunit\u00e9 offerte par\u00a0l\u2019Universit\u00e9 de Mons que j\u2019encourage\u00a0quiconque \u00e0 r\u00e9aliser. La collaboration avec\u00a0des chercheurs \u00e0 l\u2019\u00e9tranger permet de percevoir la\u00a0recherche scientifique sous un autre angle, et ouvre\u00a0l\u2019esprit \u00e0 \u00e9norm\u00e9ment de nouvelles perspectives.\u00a0J\u2019ai eu la chance de travailler 3 mois \u00e0 l\u2019Universit\u00e9\u00a0de Bologne, dans le nord de l\u2019Italie, et d\u2019y faire des\u00a0rencontres inoubliables. Gr\u00e2ce aux nombreuses\u00a0relations que d\u00e9veloppe l\u2019UMons \u00e0 l\u2019international,\u00a0\u00e9tudier \u00e0 l\u2019\u00e9tranger est \u00e0 pr\u00e9sent \u00e0 port\u00e9e de main.\u201d<\/p>\n<\/div>\n                            <\/div>\n            <div class=\"testimonial-author\">\n                                <div class=\"testimonial-picture\">\n                    <img decoding=\"async\" src=\"https:\/\/web.umons.ac.be\/app\/uploads\/sites\/11\/2018\/01\/Guillaume-Ghisbain-80x80.jpg\" alt=\"\" \/>\n                <\/div>\n                                <div class=\"testimonial-text\">\n                    <div class=\"testimonial-identity\">\n                        <span class=\"testimonial-author-name\">Guillaume Ghisbain<\/span>\n                                            <\/div>\n                    <div class=\"testimonial-meta\">\n                                                                        <span class=\"testimonial-group\">(\u00c9tudiant en Bloc 2 de Master en BOE)<\/span>\n                                            <\/div>\n                <\/div>\n            <\/div>\n        <\/blockquote>\n    <\/div>\n<\/div>\n<end-cask-shortcode-wrapper>\n","protected":false},"excerpt":{"rendered":"<p>Le monde de demain ne peut pas s\u2019entrevoir sans\u00a0un partage des connaissances scientifiques. La\u00a0cr\u00e9ation et le d\u00e9veloppement de nouvelles technologies\u00a0ne se fera que par la mise en place d\u2019\u00e9quipes\u00a0pluridisciplinaires en provenance de diff\u00e9rentes r\u00e9gions,\u00a0de diff\u00e9rents pays sur divers continents. De\u00a0m\u00eame, le monde actuel compte encore trop d\u2019in\u00e9galit\u00e9s\u00a0tant sur le plan social que scientifique et\u00a0beaucoup de [&hellip;]<\/p>\n","protected":false},"author":2,"featured_media":0,"parent":103,"menu_order":0,"comment_status":"closed","ping_status":"closed","template":"","meta":{"footnotes":""},"class_list":["post-611","page","type-page","status-publish","hentry"],"yoast_head":"<!-- This site is optimized with the Yoast SEO plugin v27.2 - https:\/\/yoast.com\/product\/yoast-seo-wordpress\/ -->\n<title>Mobilit\u00e9 - Facult\u00e9 \/ FS<\/title>\n<meta name=\"robots\" content=\"index, follow, max-snippet:-1, max-image-preview:large, max-video-preview:-1\" \/>\n<link rel=\"canonical\" href=\"https:\/\/web.umons.ac.be\/fs\/fr\/les-departements\/biologie\/mobilite\/\" \/>\n<meta property=\"og:locale\" content=\"fr_FR\" \/>\n<meta property=\"og:type\" content=\"article\" \/>\n<meta property=\"og:title\" content=\"Mobilit\u00e9 - Facult\u00e9 \/ FS\" \/>\n<meta property=\"og:description\" content=\"Le monde de demain ne peut pas s\u2019entrevoir sans\u00a0un partage des connaissances scientifiques. La\u00a0cr\u00e9ation et le d\u00e9veloppement de nouvelles technologies\u00a0ne se fera que par la mise en place d\u2019\u00e9quipes\u00a0pluridisciplinaires en provenance de diff\u00e9rentes r\u00e9gions,\u00a0de diff\u00e9rents pays sur divers continents. De\u00a0m\u00eame, le monde actuel compte encore trop d\u2019in\u00e9galit\u00e9s\u00a0tant sur le plan social que scientifique et\u00a0beaucoup de [&hellip;]\" \/>\n<meta property=\"og:url\" content=\"https:\/\/web.umons.ac.be\/fs\/fr\/les-departements\/biologie\/mobilite\/\" \/>\n<meta property=\"og:site_name\" content=\"Facult\u00e9 \/ FS\" \/>\n<meta property=\"article:modified_time\" content=\"2025-12-08T11:32:22+00:00\" \/>\n<meta name=\"twitter:card\" content=\"summary_large_image\" \/>\n<meta name=\"twitter:label1\" content=\"Dur\u00e9e de lecture estim\u00e9e\" \/>\n\t<meta name=\"twitter:data1\" content=\"2 minutes\" \/>\n<script type=\"application\/ld+json\" class=\"yoast-schema-graph\">{\"@context\":\"https:\/\/schema.org\",\"@graph\":[{\"@type\":\"WebPage\",\"@id\":\"https:\/\/web.umons.ac.be\/fs\/fr\/les-departements\/biologie\/mobilite\/\",\"url\":\"https:\/\/web.umons.ac.be\/fs\/fr\/les-departements\/biologie\/mobilite\/\",\"name\":\"Mobilit\u00e9 - Facult\u00e9 \/ FS\",\"isPartOf\":{\"@id\":\"https:\/\/web.umons.ac.be\/fs\/#website\"},\"datePublished\":\"2018-01-25T18:35:42+00:00\",\"dateModified\":\"2025-12-08T11:32:22+00:00\",\"breadcrumb\":{\"@id\":\"https:\/\/web.umons.ac.be\/fs\/fr\/les-departements\/biologie\/mobilite\/#breadcrumb\"},\"inLanguage\":\"fr-FR\",\"potentialAction\":[{\"@type\":\"ReadAction\",\"target\":[\"https:\/\/web.umons.ac.be\/fs\/fr\/les-departements\/biologie\/mobilite\/\"]}]},{\"@type\":\"BreadcrumbList\",\"@id\":\"https:\/\/web.umons.ac.be\/fs\/fr\/les-departements\/biologie\/mobilite\/#breadcrumb\",\"itemListElement\":[{\"@type\":\"ListItem\",\"position\":1,\"name\":\"Accueil\",\"item\":\"https:\/\/web.umons.ac.be\/fs\/fr\/\"},{\"@type\":\"ListItem\",\"position\":2,\"name\":\"Les d\u00e9partements\",\"item\":\"https:\/\/web.umons.ac.be\/fs\/fr\/les-departements\/\"},{\"@type\":\"ListItem\",\"position\":3,\"name\":\"Biologie\",\"item\":\"https:\/\/web.umons.ac.be\/fs\/fr\/les-departements\/biologie\/\"},{\"@type\":\"ListItem\",\"position\":4,\"name\":\"Mobilit\u00e9\"}]},{\"@type\":\"WebSite\",\"@id\":\"https:\/\/web.umons.ac.be\/fs\/#website\",\"url\":\"https:\/\/web.umons.ac.be\/fs\/\",\"name\":\"Facult\u00e9 \/ FS\",\"description\":\"\",\"potentialAction\":[{\"@type\":\"SearchAction\",\"target\":{\"@type\":\"EntryPoint\",\"urlTemplate\":\"https:\/\/web.umons.ac.be\/fs\/?s={search_term_string}\"},\"query-input\":{\"@type\":\"PropertyValueSpecification\",\"valueRequired\":true,\"valueName\":\"search_term_string\"}}],\"inLanguage\":\"fr-FR\"}]}<\/script>\n<!-- \/ Yoast SEO plugin. -->","yoast_head_json":{"title":"Mobilit\u00e9 - Facult\u00e9 \/ FS","robots":{"index":"index","follow":"follow","max-snippet":"max-snippet:-1","max-image-preview":"max-image-preview:large","max-video-preview":"max-video-preview:-1"},"canonical":"https:\/\/web.umons.ac.be\/fs\/fr\/les-departements\/biologie\/mobilite\/","og_locale":"fr_FR","og_type":"article","og_title":"Mobilit\u00e9 - Facult\u00e9 \/ FS","og_description":"Le monde de demain ne peut pas s\u2019entrevoir sans\u00a0un partage des connaissances scientifiques. La\u00a0cr\u00e9ation et le d\u00e9veloppement de nouvelles technologies\u00a0ne se fera que par la mise en place d\u2019\u00e9quipes\u00a0pluridisciplinaires en provenance de diff\u00e9rentes r\u00e9gions,\u00a0de diff\u00e9rents pays sur divers continents. De\u00a0m\u00eame, le monde actuel compte encore trop d\u2019in\u00e9galit\u00e9s\u00a0tant sur le plan social que scientifique et\u00a0beaucoup de [&hellip;]","og_url":"https:\/\/web.umons.ac.be\/fs\/fr\/les-departements\/biologie\/mobilite\/","og_site_name":"Facult\u00e9 \/ FS","article_modified_time":"2025-12-08T11:32:22+00:00","twitter_card":"summary_large_image","twitter_misc":{"Dur\u00e9e de lecture estim\u00e9e":"2 minutes"},"schema":{"@context":"https:\/\/schema.org","@graph":[{"@type":"WebPage","@id":"https:\/\/web.umons.ac.be\/fs\/fr\/les-departements\/biologie\/mobilite\/","url":"https:\/\/web.umons.ac.be\/fs\/fr\/les-departements\/biologie\/mobilite\/","name":"Mobilit\u00e9 - Facult\u00e9 \/ FS","isPartOf":{"@id":"https:\/\/web.umons.ac.be\/fs\/#website"},"datePublished":"2018-01-25T18:35:42+00:00","dateModified":"2025-12-08T11:32:22+00:00","breadcrumb":{"@id":"https:\/\/web.umons.ac.be\/fs\/fr\/les-departements\/biologie\/mobilite\/#breadcrumb"},"inLanguage":"fr-FR","potentialAction":[{"@type":"ReadAction","target":["https:\/\/web.umons.ac.be\/fs\/fr\/les-departements\/biologie\/mobilite\/"]}]},{"@type":"BreadcrumbList","@id":"https:\/\/web.umons.ac.be\/fs\/fr\/les-departements\/biologie\/mobilite\/#breadcrumb","itemListElement":[{"@type":"ListItem","position":1,"name":"Accueil","item":"https:\/\/web.umons.ac.be\/fs\/fr\/"},{"@type":"ListItem","position":2,"name":"Les d\u00e9partements","item":"https:\/\/web.umons.ac.be\/fs\/fr\/les-departements\/"},{"@type":"ListItem","position":3,"name":"Biologie","item":"https:\/\/web.umons.ac.be\/fs\/fr\/les-departements\/biologie\/"},{"@type":"ListItem","position":4,"name":"Mobilit\u00e9"}]},{"@type":"WebSite","@id":"https:\/\/web.umons.ac.be\/fs\/#website","url":"https:\/\/web.umons.ac.be\/fs\/","name":"Facult\u00e9 \/ FS","description":"","potentialAction":[{"@type":"SearchAction","target":{"@type":"EntryPoint","urlTemplate":"https:\/\/web.umons.ac.be\/fs\/?s={search_term_string}"},"query-input":{"@type":"PropertyValueSpecification","valueRequired":true,"valueName":"search_term_string"}}],"inLanguage":"fr-FR"}]}},"lang":"fr","translations":{"fr":611},"pll_sync_post":[],"_links":{"self":[{"href":"https:\/\/web.umons.ac.be\/fs\/wp-json\/wp\/v2\/pages\/611","targetHints":{"allow":["GET"]}}],"collection":[{"href":"https:\/\/web.umons.ac.be\/fs\/wp-json\/wp\/v2\/pages"}],"about":[{"href":"https:\/\/web.umons.ac.be\/fs\/wp-json\/wp\/v2\/types\/page"}],"author":[{"embeddable":true,"href":"https:\/\/web.umons.ac.be\/fs\/wp-json\/wp\/v2\/users\/2"}],"replies":[{"embeddable":true,"href":"https:\/\/web.umons.ac.be\/fs\/wp-json\/wp\/v2\/comments?post=611"}],"version-history":[{"count":3,"href":"https:\/\/web.umons.ac.be\/fs\/wp-json\/wp\/v2\/pages\/611\/revisions"}],"predecessor-version":[{"id":2391,"href":"https:\/\/web.umons.ac.be\/fs\/wp-json\/wp\/v2\/pages\/611\/revisions\/2391"}],"up":[{"embeddable":true,"href":"https:\/\/web.umons.ac.be\/fs\/wp-json\/wp\/v2\/pages\/103"}],"wp:attachment":[{"href":"https:\/\/web.umons.ac.be\/fs\/wp-json\/wp\/v2\/media?parent=611"}],"curies":[{"name":"wp","href":"https:\/\/api.w.org\/{rel}","templated":true}]}}