{"id":63,"date":"2017-07-10T11:36:18","date_gmt":"2017-07-10T09:36:18","guid":{"rendered":"https:\/\/web.umons.ac.be\/fs\/?page_id=63"},"modified":"2025-12-05T14:21:30","modified_gmt":"2025-12-05T13:21:30","slug":"aides-a-la-reussite","status":"publish","type":"page","link":"https:\/\/web.umons.ac.be\/fs\/fr\/etudes\/aides-a-la-reussite\/","title":{"rendered":"Aides \u00e0 la r\u00e9ussite"},"content":{"rendered":"<p>Un encadrement renforc\u00e9 est mis en place pour aider et suivre les \u00e9tudiants gr\u00e2ce au recrutement important d\u2019\u00e9l\u00e8ves assistants.<\/p>\n<h2>R\u00e9ussir votre premi\u00e8re ann\u00e9e universitaire<\/h2>\n<p>Depuis de nombreuses ann\u00e9es, la Facult\u00e9 des Sciences met en place diverses actions pour aider les \u00e9tudiants qui entrent \u00e0 l\u2019universit\u00e9 \u00e0 bien vivre la transition entre l\u2019enseignement secondaire et l\u2019enseignement universitaire et ainsi franchir le cap de la premi\u00e8re ann\u00e9e. Journ\u00e9es d\u2019accueil avant la rentr\u00e9e, r\u00e9vision des bases, am\u00e9nagement des horaires, \u00e9valuations hebdomadaires au d\u00e9but de l\u2019ann\u00e9e, activit\u00e9s de rem\u00e9diation, pr\u00e9paration aux examens\u2026 autant d\u2019activit\u00e9s qui t\u00e9moignent des pr\u00e9occupations p\u00e9dagogiques de la Facult\u00e9 des Sciences. L\u2019organisation de ces activit\u00e9s est de plus sp\u00e9cifique aux diff\u00e9rentes sections.<\/p>\n<h2>D\u00e9couvrir l\u2019enseignement universitaire<\/h2>\n<p>L&rsquo;UMONS Welcome Week et les cours introductifs organis\u00e9s par l\u2019UMONS vous permettront de vous familiariser avec votre nouvel environnement avant la rentr\u00e9e universitaire.<\/p>\n<p>Au programme : diff\u00e9rents ateliers, d\u00e9couverte des campus, rencontres et discussions avec les diff\u00e9rents cercles \u00e9tudiants de l&rsquo;UMONS et des cours introductifs propos\u00e9s par les enseignants de la facult\u00e9.<\/p>\n<p>Tu veux en savoir plus? <a href=\"https:\/\/web.umons.ac.be\/fr\/evenements\/welcome-week-et-cours-introductifs\/\">UMONS Welcome Week et cours introductifs &#8211; Universit\u00e9 de Mons<\/a><\/p>\n<h2>Ma\u00eetriser les bases<\/h2>\n<p>La plupart des cours n\u00e9cessitant des pr\u00e9requis math\u00e9matiques sont report\u00e9s en novembre. Les six premi\u00e8res semaines sont occup\u00e9es d\u2019une part par des cours ne n\u00e9cessitant aucun pr\u00e9requis, d\u2019autre part par des cours de math\u00e9matiques de base visant \u00e0 consolider et uniformiser les acquis du secondaire tout en se pr\u00e9parant aux cours de niveau universitaire.<\/p>\n<p>Pour les \u00e9tudiants en sciences math\u00e9matiques, informatiques et physiques, ces actions prennent place dans le cours de Math\u00e9matiques \u00c9l\u00e9mentaires.\u00a0 Un cours d\u2019Introduction universitaire aux math\u00e9matiques est \u00e9galement mis en place pour les \u00e9tudiants en sciences chimiques.<\/p>\n<h2>\u00catre capable de s\u2019\u00e9valuer<\/h2>\n<p>Durant les six premi\u00e8res semaines, des tests hebdomadaires sont organis\u00e9s dans le cours de Math\u00e9matiques \u00c9l\u00e9mentaires. Ces \u00e9valuations permettront aux \u00e9tudiants de se situer par rapport aux attentes des enseignants et d\u2019avoir un retour rapide sur la qualit\u00e9 de leurs efforts de mani\u00e8re \u00e0 pouvoir affiner si n\u00e9cessaire leur m\u00e9thode de travail.<\/p>\n<h2>Avoir une m\u00e9thode de travail efficace<\/h2>\n<p>Pour vous aider \u00e0 acqu\u00e9rir une m\u00e9thode de travail adapt\u00e9e aux exigences universitaires, le SAP et\u00a0 le SAOE (service d&rsquo;accompagnement et orientation des \u00e9tudiants) organisent diverses activit\u00e9s \u00e0 des moments cl\u00e9s de votre premi\u00e8re ann\u00e9e. Ainsi, au d\u00e9but de l\u2019ann\u00e9e, une exp\u00e9rience d\u2019aide \u00e0 la prise de notes est mise en place. Vous serez ensuite conseill\u00e9s sur la gestion du temps, du stress, sur la pr\u00e9paration aux examens et enfin sur l\u2019organisation du blocus.<\/p>\n<p><a href=\"https:\/\/web.umons.ac.be\/fr\/enseignement\/accompagnement-et-orientation-etudiants\/etudiants-dans-le-superieur\/activites-collectives\/\">Activit\u00e9s collectives &#8211; Universit\u00e9 de Mons<\/a><\/p>\n<h2>Rem\u00e9dier<\/h2>\n<p>Apr\u00e8s avoir consacr\u00e9 les six premi\u00e8res semaines \u00e0 la ma\u00eetrise des pr\u00e9requis math\u00e9matiques, le lundi matin est lib\u00e9r\u00e9 de cours jusqu\u2019\u00e0 la fin de l\u2019ann\u00e9e pour les \u00e9tudiants en sciences math\u00e9matiques, informatiques et physiques. Cette matin\u00e9e est consacr\u00e9e \u00e0 des rem\u00e9diations pour les cours de math\u00e9matiques. Ces s\u00e9ances sont adapt\u00e9es aux difficult\u00e9s des \u00e9tudiants et prennent ainsi diff\u00e9rentes formes : explications compl\u00e9mentaires, aide m\u00e9thodologique pour travailler efficacement un cours de math\u00e9matiques, r\u00e9solution d\u2019exercices suppl\u00e9mentaires, \u2026<\/p>\n<p>Pour les \u00e9tudiants en sciences biologiques, des s\u00e9ances d\u2019explications th\u00e9matiques sont plac\u00e9es \u00e0 l\u2019horaire des cours de mani\u00e8re \u00e0 favoriser la compr\u00e9hension des diff\u00e9rentes mati\u00e8res et rem\u00e9dier aux difficult\u00e9s des \u00e9tudiants.<\/p>\n<p>Des permanences sont aussi organis\u00e9es par les responsables des cours pour r\u00e9pondre de mani\u00e8re individuelle aux questions des \u00e9tudiants.<\/p>\n<h2>Se pr\u00e9parer aux examens<\/h2>\n<p>Afin de donner les meilleures chances de r\u00e9ussite aux \u00e9tudiants de BAB1 qui ont une deuxi\u00e8me session d\u2019examens, la Facult\u00e9 des Sciences met en place <strong><em>un tutorat<\/em> <\/strong>durant les vacances d&rsquo;\u00e9t\u00e9. Une \u00e9quipe d\u2019enseignant et d\u2019\u00e9l\u00e8ves-assistants encadrent les \u00e9tudiants en r\u00e9pondant \u00e0 leurs questions et en leur donnant des explications compl\u00e9mentaires sur les mati\u00e8res qu\u2019ils doivent pr\u00e9senter en seconde session.<\/p>\n","protected":false},"excerpt":{"rendered":"<p>Un encadrement renforc\u00e9 est mis en place pour aider et suivre les \u00e9tudiants gr\u00e2ce au recrutement important d\u2019\u00e9l\u00e8ves assistants. R\u00e9ussir votre premi\u00e8re ann\u00e9e universitaire Depuis de nombreuses ann\u00e9es, la Facult\u00e9 des Sciences met en place diverses actions pour aider les \u00e9tudiants qui entrent \u00e0 l\u2019universit\u00e9 \u00e0 bien vivre la transition entre l\u2019enseignement secondaire et l\u2019enseignement [&hellip;]<\/p>\n","protected":false},"author":2,"featured_media":0,"parent":21,"menu_order":3,"comment_status":"closed","ping_status":"closed","template":"","meta":{"footnotes":""},"class_list":["post-63","page","type-page","status-publish","hentry"],"yoast_head":"<!-- This site is optimized with the Yoast SEO plugin v27.2 - https:\/\/yoast.com\/product\/yoast-seo-wordpress\/ -->\n<title>Aides \u00e0 la r\u00e9ussite - Facult\u00e9 \/ FS<\/title>\n<meta name=\"robots\" content=\"index, follow, max-snippet:-1, max-image-preview:large, max-video-preview:-1\" \/>\n<link rel=\"canonical\" href=\"https:\/\/web.umons.ac.be\/fs\/fr\/etudes\/aides-a-la-reussite\/\" \/>\n<meta property=\"og:locale\" content=\"fr_FR\" \/>\n<meta property=\"og:type\" content=\"article\" \/>\n<meta property=\"og:title\" content=\"Aides \u00e0 la r\u00e9ussite - Facult\u00e9 \/ FS\" \/>\n<meta property=\"og:description\" content=\"Un encadrement renforc\u00e9 est mis en place pour aider et suivre les \u00e9tudiants gr\u00e2ce au recrutement important d\u2019\u00e9l\u00e8ves assistants. R\u00e9ussir votre premi\u00e8re ann\u00e9e universitaire Depuis de nombreuses ann\u00e9es, la Facult\u00e9 des Sciences met en place diverses actions pour aider les \u00e9tudiants qui entrent \u00e0 l\u2019universit\u00e9 \u00e0 bien vivre la transition entre l\u2019enseignement secondaire et l\u2019enseignement [&hellip;]\" \/>\n<meta property=\"og:url\" content=\"https:\/\/web.umons.ac.be\/fs\/fr\/etudes\/aides-a-la-reussite\/\" \/>\n<meta property=\"og:site_name\" content=\"Facult\u00e9 \/ FS\" \/>\n<meta property=\"article:modified_time\" content=\"2025-12-05T13:21:30+00:00\" \/>\n<meta name=\"twitter:card\" content=\"summary_large_image\" \/>\n<meta name=\"twitter:label1\" content=\"Dur\u00e9e de lecture estim\u00e9e\" \/>\n\t<meta name=\"twitter:data1\" content=\"4 minutes\" \/>\n<script type=\"application\/ld+json\" class=\"yoast-schema-graph\">{\"@context\":\"https:\/\/schema.org\",\"@graph\":[{\"@type\":\"WebPage\",\"@id\":\"https:\/\/web.umons.ac.be\/fs\/fr\/etudes\/aides-a-la-reussite\/\",\"url\":\"https:\/\/web.umons.ac.be\/fs\/fr\/etudes\/aides-a-la-reussite\/\",\"name\":\"Aides \u00e0 la r\u00e9ussite - Facult\u00e9 \/ FS\",\"isPartOf\":{\"@id\":\"https:\/\/web.umons.ac.be\/fs\/#website\"},\"datePublished\":\"2017-07-10T09:36:18+00:00\",\"dateModified\":\"2025-12-05T13:21:30+00:00\",\"breadcrumb\":{\"@id\":\"https:\/\/web.umons.ac.be\/fs\/fr\/etudes\/aides-a-la-reussite\/#breadcrumb\"},\"inLanguage\":\"fr-FR\",\"potentialAction\":[{\"@type\":\"ReadAction\",\"target\":[\"https:\/\/web.umons.ac.be\/fs\/fr\/etudes\/aides-a-la-reussite\/\"]}]},{\"@type\":\"BreadcrumbList\",\"@id\":\"https:\/\/web.umons.ac.be\/fs\/fr\/etudes\/aides-a-la-reussite\/#breadcrumb\",\"itemListElement\":[{\"@type\":\"ListItem\",\"position\":1,\"name\":\"Accueil\",\"item\":\"https:\/\/web.umons.ac.be\/fs\/fr\/\"},{\"@type\":\"ListItem\",\"position\":2,\"name\":\"Etudes\",\"item\":\"https:\/\/web.umons.ac.be\/fs\/fr\/etudes\/\"},{\"@type\":\"ListItem\",\"position\":3,\"name\":\"Aides \u00e0 la r\u00e9ussite\"}]},{\"@type\":\"WebSite\",\"@id\":\"https:\/\/web.umons.ac.be\/fs\/#website\",\"url\":\"https:\/\/web.umons.ac.be\/fs\/\",\"name\":\"Facult\u00e9 \/ FS\",\"description\":\"\",\"potentialAction\":[{\"@type\":\"SearchAction\",\"target\":{\"@type\":\"EntryPoint\",\"urlTemplate\":\"https:\/\/web.umons.ac.be\/fs\/?s={search_term_string}\"},\"query-input\":{\"@type\":\"PropertyValueSpecification\",\"valueRequired\":true,\"valueName\":\"search_term_string\"}}],\"inLanguage\":\"fr-FR\"}]}<\/script>\n<!-- \/ Yoast SEO plugin. -->","yoast_head_json":{"title":"Aides \u00e0 la r\u00e9ussite - Facult\u00e9 \/ FS","robots":{"index":"index","follow":"follow","max-snippet":"max-snippet:-1","max-image-preview":"max-image-preview:large","max-video-preview":"max-video-preview:-1"},"canonical":"https:\/\/web.umons.ac.be\/fs\/fr\/etudes\/aides-a-la-reussite\/","og_locale":"fr_FR","og_type":"article","og_title":"Aides \u00e0 la r\u00e9ussite - Facult\u00e9 \/ FS","og_description":"Un encadrement renforc\u00e9 est mis en place pour aider et suivre les \u00e9tudiants gr\u00e2ce au recrutement important d\u2019\u00e9l\u00e8ves assistants. R\u00e9ussir votre premi\u00e8re ann\u00e9e universitaire Depuis de nombreuses ann\u00e9es, la Facult\u00e9 des Sciences met en place diverses actions pour aider les \u00e9tudiants qui entrent \u00e0 l\u2019universit\u00e9 \u00e0 bien vivre la transition entre l\u2019enseignement secondaire et l\u2019enseignement [&hellip;]","og_url":"https:\/\/web.umons.ac.be\/fs\/fr\/etudes\/aides-a-la-reussite\/","og_site_name":"Facult\u00e9 \/ FS","article_modified_time":"2025-12-05T13:21:30+00:00","twitter_card":"summary_large_image","twitter_misc":{"Dur\u00e9e de lecture estim\u00e9e":"4 minutes"},"schema":{"@context":"https:\/\/schema.org","@graph":[{"@type":"WebPage","@id":"https:\/\/web.umons.ac.be\/fs\/fr\/etudes\/aides-a-la-reussite\/","url":"https:\/\/web.umons.ac.be\/fs\/fr\/etudes\/aides-a-la-reussite\/","name":"Aides \u00e0 la r\u00e9ussite - Facult\u00e9 \/ FS","isPartOf":{"@id":"https:\/\/web.umons.ac.be\/fs\/#website"},"datePublished":"2017-07-10T09:36:18+00:00","dateModified":"2025-12-05T13:21:30+00:00","breadcrumb":{"@id":"https:\/\/web.umons.ac.be\/fs\/fr\/etudes\/aides-a-la-reussite\/#breadcrumb"},"inLanguage":"fr-FR","potentialAction":[{"@type":"ReadAction","target":["https:\/\/web.umons.ac.be\/fs\/fr\/etudes\/aides-a-la-reussite\/"]}]},{"@type":"BreadcrumbList","@id":"https:\/\/web.umons.ac.be\/fs\/fr\/etudes\/aides-a-la-reussite\/#breadcrumb","itemListElement":[{"@type":"ListItem","position":1,"name":"Accueil","item":"https:\/\/web.umons.ac.be\/fs\/fr\/"},{"@type":"ListItem","position":2,"name":"Etudes","item":"https:\/\/web.umons.ac.be\/fs\/fr\/etudes\/"},{"@type":"ListItem","position":3,"name":"Aides \u00e0 la r\u00e9ussite"}]},{"@type":"WebSite","@id":"https:\/\/web.umons.ac.be\/fs\/#website","url":"https:\/\/web.umons.ac.be\/fs\/","name":"Facult\u00e9 \/ FS","description":"","potentialAction":[{"@type":"SearchAction","target":{"@type":"EntryPoint","urlTemplate":"https:\/\/web.umons.ac.be\/fs\/?s={search_term_string}"},"query-input":{"@type":"PropertyValueSpecification","valueRequired":true,"valueName":"search_term_string"}}],"inLanguage":"fr-FR"}]}},"lang":"fr","translations":{"fr":63,"en":348},"pll_sync_post":[],"_links":{"self":[{"href":"https:\/\/web.umons.ac.be\/fs\/wp-json\/wp\/v2\/pages\/63","targetHints":{"allow":["GET"]}}],"collection":[{"href":"https:\/\/web.umons.ac.be\/fs\/wp-json\/wp\/v2\/pages"}],"about":[{"href":"https:\/\/web.umons.ac.be\/fs\/wp-json\/wp\/v2\/types\/page"}],"author":[{"embeddable":true,"href":"https:\/\/web.umons.ac.be\/fs\/wp-json\/wp\/v2\/users\/2"}],"replies":[{"embeddable":true,"href":"https:\/\/web.umons.ac.be\/fs\/wp-json\/wp\/v2\/comments?post=63"}],"version-history":[{"count":3,"href":"https:\/\/web.umons.ac.be\/fs\/wp-json\/wp\/v2\/pages\/63\/revisions"}],"predecessor-version":[{"id":2381,"href":"https:\/\/web.umons.ac.be\/fs\/wp-json\/wp\/v2\/pages\/63\/revisions\/2381"}],"up":[{"embeddable":true,"href":"https:\/\/web.umons.ac.be\/fs\/wp-json\/wp\/v2\/pages\/21"}],"wp:attachment":[{"href":"https:\/\/web.umons.ac.be\/fs\/wp-json\/wp\/v2\/media?parent=63"}],"curies":[{"name":"wp","href":"https:\/\/api.w.org\/{rel}","templated":true}]}}