{"id":647,"date":"2018-01-25T20:35:41","date_gmt":"2018-01-25T19:35:41","guid":{"rendered":"https:\/\/web.umons.ac.be\/fs\/?page_id=647"},"modified":"2025-12-08T11:16:53","modified_gmt":"2025-12-08T10:16:53","slug":"les-debouches","status":"publish","type":"page","link":"https:\/\/web.umons.ac.be\/fs\/fr\/etudes\/les-debouches\/","title":{"rendered":"Les d\u00e9bouch\u00e9s"},"content":{"rendered":"<p>Avec les technologies nouvelles de plus en plus\u00a0pr\u00e9sentes, les d\u00e9bouch\u00e9s dans les entreprises du\u00a0secteur priv\u00e9 pour les dipl\u00f4m\u00e9s des Facult\u00e9s de\u00a0Sciences se sont multipli\u00e9s, aussi bien pour les\u00a0math\u00e9maticiens, les physiciens, que pour les biologistes,\u00a0chimistes et informaticiens.<\/p>\n<p>Le <strong>d\u00e9veloppement\u00a0des mod\u00e8les math\u00e9matiques<\/strong> dans la finance\u00a0et les biotechnologies ouvre de nouvelles perspectives\u00a0d\u2019emploi pour les math\u00e9maticiens. <strong>L\u2019\u00e9mergence\u00a0des pr\u00e9occupations \u00e9cologiques<\/strong> avec le\u00a0concept de d\u00e9veloppement durable cr\u00e9e de nouveaux\u00a0d\u00e9bouch\u00e9s pour les dipl\u00f4m\u00e9s en biologie.\u00a0<strong> Le secteur des mat\u00e9riaux nouveaux et des biomat\u00e9riaux<\/strong>\u00a0est demandeur de chimistes et de physiciens.\u00a0Et partout, on recrute des informaticiens ou\u00a0des scientifiques d\u00e9tenteurs d\u2019une formation mixte\u00a0dont une composante est <strong>l\u2019informatique<\/strong>.<\/p>\n<p>Les entreprises\u00a0appr\u00e9cient de plus en plus les dipl\u00f4m\u00e9s en\u00a0sciences pour leur formation pluridisciplinaire,leur\u00a0rigueur scientifique, leur facult\u00e9 d\u2019adaptation et\u00a0leur capacit\u00e9 \u00e0 r\u00e9soudre une vaste gamme de probl\u00e8mes.<\/p>\n<p>Afin de r\u00e9pondre \u00e0 ces demandes du monde du travail, chaque Master &#8211; \u00e0 l\u2019exception des Masters en un an (en math\u00e9matique et en informatique) &#8211; se d\u00e9cline en diff\u00e9rentes finalit\u00e9s, chacune pr\u00e9parant \u00e0 des profils professionnels sp\u00e9cifiques. Dans ces finalit\u00e9s, la pratique des stages en entreprises en Belgique ou \u00e0 l\u2019\u00e9tranger au cours des \u00e9tudes de Master s\u2019est g\u00e9n\u00e9ralis\u00e9e.<\/p>\n<p>Alors que la finalit\u00e9 des \u00e9tudes en sciences est encore\u00a0trop souvent associ\u00e9e dans le grand public\u00a0et parmi les milieux scolaires au seul m\u00e9tier d\u2019<strong>enseignant<\/strong>\u00a0dans l\u2019enseignement secondaire sup\u00e9rieur,\u00a0la plupart de nos dipl\u00f4m\u00e9s travaillent dans les\u00a0<strong>secteurs priv\u00e9s: informatique, bancaire, pharmaceutique, des assurances, de la finance, des t\u00e9l\u00e9communications, de la biotechnologie, de la chimie, de l\u2019optique, de l\u2019industrie du verre, dans les centres de recherches (priv\u00e9s ou publics)<\/strong>.<\/p>\n<p>Toutefois, cet accroissement des d\u00e9bouch\u00e9s offerts par le milieu entrepreneurial est entr\u00e9 en concurrence directe avec les besoins en enseignants, principalement en math\u00e9matique, en raison du manque de professeurs de sciences.<\/p>\n","protected":false},"excerpt":{"rendered":"<p>Avec les technologies nouvelles de plus en plus\u00a0pr\u00e9sentes, les d\u00e9bouch\u00e9s dans les entreprises du\u00a0secteur priv\u00e9 pour les dipl\u00f4m\u00e9s des Facult\u00e9s de\u00a0Sciences se sont multipli\u00e9s, aussi bien pour les\u00a0math\u00e9maticiens, les physiciens, que pour les biologistes,\u00a0chimistes et informaticiens. Le d\u00e9veloppement\u00a0des mod\u00e8les math\u00e9matiques dans la finance\u00a0et les biotechnologies ouvre de nouvelles perspectives\u00a0d\u2019emploi pour les math\u00e9maticiens. L\u2019\u00e9mergence\u00a0des pr\u00e9occupations \u00e9cologiques [&hellip;]<\/p>\n","protected":false},"author":2,"featured_media":0,"parent":21,"menu_order":7,"comment_status":"closed","ping_status":"closed","template":"","meta":{"footnotes":""},"class_list":["post-647","page","type-page","status-publish","hentry"],"yoast_head":"<!-- This site is optimized with the Yoast SEO plugin v27.2 - https:\/\/yoast.com\/product\/yoast-seo-wordpress\/ -->\n<title>Les d\u00e9bouch\u00e9s - Facult\u00e9 \/ FS<\/title>\n<meta name=\"robots\" content=\"index, follow, max-snippet:-1, max-image-preview:large, max-video-preview:-1\" \/>\n<link rel=\"canonical\" href=\"https:\/\/web.umons.ac.be\/fs\/fr\/etudes\/les-debouches\/\" \/>\n<meta property=\"og:locale\" content=\"fr_FR\" \/>\n<meta property=\"og:type\" content=\"article\" \/>\n<meta property=\"og:title\" content=\"Les d\u00e9bouch\u00e9s - Facult\u00e9 \/ FS\" \/>\n<meta property=\"og:description\" content=\"Avec les technologies nouvelles de plus en plus\u00a0pr\u00e9sentes, les d\u00e9bouch\u00e9s dans les entreprises du\u00a0secteur priv\u00e9 pour les dipl\u00f4m\u00e9s des Facult\u00e9s de\u00a0Sciences se sont multipli\u00e9s, aussi bien pour les\u00a0math\u00e9maticiens, les physiciens, que pour les biologistes,\u00a0chimistes et informaticiens. Le d\u00e9veloppement\u00a0des mod\u00e8les math\u00e9matiques dans la finance\u00a0et les biotechnologies ouvre de nouvelles perspectives\u00a0d\u2019emploi pour les math\u00e9maticiens. L\u2019\u00e9mergence\u00a0des pr\u00e9occupations \u00e9cologiques [&hellip;]\" \/>\n<meta property=\"og:url\" content=\"https:\/\/web.umons.ac.be\/fs\/fr\/etudes\/les-debouches\/\" \/>\n<meta property=\"og:site_name\" content=\"Facult\u00e9 \/ FS\" \/>\n<meta property=\"article:modified_time\" content=\"2025-12-08T10:16:53+00:00\" \/>\n<meta name=\"twitter:card\" content=\"summary_large_image\" \/>\n<meta name=\"twitter:label1\" content=\"Dur\u00e9e de lecture estim\u00e9e\" \/>\n\t<meta name=\"twitter:data1\" content=\"2 minutes\" \/>\n<script type=\"application\/ld+json\" class=\"yoast-schema-graph\">{\"@context\":\"https:\/\/schema.org\",\"@graph\":[{\"@type\":\"WebPage\",\"@id\":\"https:\/\/web.umons.ac.be\/fs\/fr\/etudes\/les-debouches\/\",\"url\":\"https:\/\/web.umons.ac.be\/fs\/fr\/etudes\/les-debouches\/\",\"name\":\"Les d\u00e9bouch\u00e9s - Facult\u00e9 \/ FS\",\"isPartOf\":{\"@id\":\"https:\/\/web.umons.ac.be\/fs\/#website\"},\"datePublished\":\"2018-01-25T19:35:41+00:00\",\"dateModified\":\"2025-12-08T10:16:53+00:00\",\"breadcrumb\":{\"@id\":\"https:\/\/web.umons.ac.be\/fs\/fr\/etudes\/les-debouches\/#breadcrumb\"},\"inLanguage\":\"fr-FR\",\"potentialAction\":[{\"@type\":\"ReadAction\",\"target\":[\"https:\/\/web.umons.ac.be\/fs\/fr\/etudes\/les-debouches\/\"]}]},{\"@type\":\"BreadcrumbList\",\"@id\":\"https:\/\/web.umons.ac.be\/fs\/fr\/etudes\/les-debouches\/#breadcrumb\",\"itemListElement\":[{\"@type\":\"ListItem\",\"position\":1,\"name\":\"Accueil\",\"item\":\"https:\/\/web.umons.ac.be\/fs\/fr\/\"},{\"@type\":\"ListItem\",\"position\":2,\"name\":\"Etudes\",\"item\":\"https:\/\/web.umons.ac.be\/fs\/fr\/etudes\/\"},{\"@type\":\"ListItem\",\"position\":3,\"name\":\"Les d\u00e9bouch\u00e9s\"}]},{\"@type\":\"WebSite\",\"@id\":\"https:\/\/web.umons.ac.be\/fs\/#website\",\"url\":\"https:\/\/web.umons.ac.be\/fs\/\",\"name\":\"Facult\u00e9 \/ FS\",\"description\":\"\",\"potentialAction\":[{\"@type\":\"SearchAction\",\"target\":{\"@type\":\"EntryPoint\",\"urlTemplate\":\"https:\/\/web.umons.ac.be\/fs\/?s={search_term_string}\"},\"query-input\":{\"@type\":\"PropertyValueSpecification\",\"valueRequired\":true,\"valueName\":\"search_term_string\"}}],\"inLanguage\":\"fr-FR\"}]}<\/script>\n<!-- \/ Yoast SEO plugin. -->","yoast_head_json":{"title":"Les d\u00e9bouch\u00e9s - Facult\u00e9 \/ FS","robots":{"index":"index","follow":"follow","max-snippet":"max-snippet:-1","max-image-preview":"max-image-preview:large","max-video-preview":"max-video-preview:-1"},"canonical":"https:\/\/web.umons.ac.be\/fs\/fr\/etudes\/les-debouches\/","og_locale":"fr_FR","og_type":"article","og_title":"Les d\u00e9bouch\u00e9s - Facult\u00e9 \/ FS","og_description":"Avec les technologies nouvelles de plus en plus\u00a0pr\u00e9sentes, les d\u00e9bouch\u00e9s dans les entreprises du\u00a0secteur priv\u00e9 pour les dipl\u00f4m\u00e9s des Facult\u00e9s de\u00a0Sciences se sont multipli\u00e9s, aussi bien pour les\u00a0math\u00e9maticiens, les physiciens, que pour les biologistes,\u00a0chimistes et informaticiens. Le d\u00e9veloppement\u00a0des mod\u00e8les math\u00e9matiques dans la finance\u00a0et les biotechnologies ouvre de nouvelles perspectives\u00a0d\u2019emploi pour les math\u00e9maticiens. L\u2019\u00e9mergence\u00a0des pr\u00e9occupations \u00e9cologiques [&hellip;]","og_url":"https:\/\/web.umons.ac.be\/fs\/fr\/etudes\/les-debouches\/","og_site_name":"Facult\u00e9 \/ FS","article_modified_time":"2025-12-08T10:16:53+00:00","twitter_card":"summary_large_image","twitter_misc":{"Dur\u00e9e de lecture estim\u00e9e":"2 minutes"},"schema":{"@context":"https:\/\/schema.org","@graph":[{"@type":"WebPage","@id":"https:\/\/web.umons.ac.be\/fs\/fr\/etudes\/les-debouches\/","url":"https:\/\/web.umons.ac.be\/fs\/fr\/etudes\/les-debouches\/","name":"Les d\u00e9bouch\u00e9s - Facult\u00e9 \/ FS","isPartOf":{"@id":"https:\/\/web.umons.ac.be\/fs\/#website"},"datePublished":"2018-01-25T19:35:41+00:00","dateModified":"2025-12-08T10:16:53+00:00","breadcrumb":{"@id":"https:\/\/web.umons.ac.be\/fs\/fr\/etudes\/les-debouches\/#breadcrumb"},"inLanguage":"fr-FR","potentialAction":[{"@type":"ReadAction","target":["https:\/\/web.umons.ac.be\/fs\/fr\/etudes\/les-debouches\/"]}]},{"@type":"BreadcrumbList","@id":"https:\/\/web.umons.ac.be\/fs\/fr\/etudes\/les-debouches\/#breadcrumb","itemListElement":[{"@type":"ListItem","position":1,"name":"Accueil","item":"https:\/\/web.umons.ac.be\/fs\/fr\/"},{"@type":"ListItem","position":2,"name":"Etudes","item":"https:\/\/web.umons.ac.be\/fs\/fr\/etudes\/"},{"@type":"ListItem","position":3,"name":"Les d\u00e9bouch\u00e9s"}]},{"@type":"WebSite","@id":"https:\/\/web.umons.ac.be\/fs\/#website","url":"https:\/\/web.umons.ac.be\/fs\/","name":"Facult\u00e9 \/ FS","description":"","potentialAction":[{"@type":"SearchAction","target":{"@type":"EntryPoint","urlTemplate":"https:\/\/web.umons.ac.be\/fs\/?s={search_term_string}"},"query-input":{"@type":"PropertyValueSpecification","valueRequired":true,"valueName":"search_term_string"}}],"inLanguage":"fr-FR"}]}},"lang":"fr","translations":{"fr":647,"en":369},"pll_sync_post":[],"_links":{"self":[{"href":"https:\/\/web.umons.ac.be\/fs\/wp-json\/wp\/v2\/pages\/647","targetHints":{"allow":["GET"]}}],"collection":[{"href":"https:\/\/web.umons.ac.be\/fs\/wp-json\/wp\/v2\/pages"}],"about":[{"href":"https:\/\/web.umons.ac.be\/fs\/wp-json\/wp\/v2\/types\/page"}],"author":[{"embeddable":true,"href":"https:\/\/web.umons.ac.be\/fs\/wp-json\/wp\/v2\/users\/2"}],"replies":[{"embeddable":true,"href":"https:\/\/web.umons.ac.be\/fs\/wp-json\/wp\/v2\/comments?post=647"}],"version-history":[{"count":3,"href":"https:\/\/web.umons.ac.be\/fs\/wp-json\/wp\/v2\/pages\/647\/revisions"}],"predecessor-version":[{"id":2385,"href":"https:\/\/web.umons.ac.be\/fs\/wp-json\/wp\/v2\/pages\/647\/revisions\/2385"}],"up":[{"embeddable":true,"href":"https:\/\/web.umons.ac.be\/fs\/wp-json\/wp\/v2\/pages\/21"}],"wp:attachment":[{"href":"https:\/\/web.umons.ac.be\/fs\/wp-json\/wp\/v2\/media?parent=647"}],"curies":[{"name":"wp","href":"https:\/\/api.w.org\/{rel}","templated":true}]}}