{"id":659,"date":"2018-01-25T22:21:06","date_gmt":"2018-01-25T21:21:06","guid":{"rendered":"https:\/\/web.umons.ac.be\/fs\/?page_id=659"},"modified":"2025-12-08T14:36:18","modified_gmt":"2025-12-08T13:36:18","slug":"debouches","status":"publish","type":"page","link":"https:\/\/web.umons.ac.be\/fs\/fr\/les-departements\/chimie\/debouches\/","title":{"rendered":"D\u00e9bouch\u00e9s"},"content":{"rendered":"<p>Dans l\u2019ensemble des Sciences, la chimie est une\u00a0discipline occupant une position cl\u00e9, entre la biologie\u00a0et la physique. Par ses avanc\u00e9es scientifiques,\u00a0elle permet de comprendre la mati\u00e8re inerte et le\u00a0monde vivant. Cette compr\u00e9hension et ces avanc\u00e9es\u00a0ont permis le d\u00e9veloppement d\u2019applications\u00a0innombrables rapidement devenues irrempla\u00e7ables\u00a0dans notre vie quotidienne. Songeons aux\u00a0mol\u00e9cules sondes utilis\u00e9es en imagerie m\u00e9dicale,\u00a0aux diagnostics et traitements de nos maladies,\u00a0aux nouvelles technologies de nos t\u00e9l\u00e9viseurs, aux\u00a0adh\u00e9sifs chirurgicaux \u00e9vitant les sutures, &#8230;<\/p>\n<p><strong>Les\u00a0exemples illustrant les apports de la chimie sont infinis,\u00a0et tous les objets que nous manipulons ont un\u00a0rapport direct \u00e0 la chimie !<\/strong><\/p>\n<p>Plus r\u00e9cemment, la chimie a ouvert de nouvelles\u00a0perspectives pour une utilisation plus rationnelle\u00a0de l\u2019\u00e9nergie avec le d\u00e9veloppement de lampes (O)\u00a0LED \u00e0 basse consommation, le design de cellules\u00a0photovolta\u00efques \u00e0 haut rendement. Elle contribue\u00a0ainsi largement \u00e0 solutionner les probl\u00e8mes actuels\u00a0d\u2019environnement et de d\u00e9veloppement durable.<\/p>\n<p>La Facult\u00e9 des Sciences de l\u2019Universit\u00e9 de Mons\u00a0organise tous les cycles d\u2019\u00e9tudes en sciences\u00a0chimiques, \u00e0 commencer par les Bacheliers (3 ann\u00e9es)\u00a0et Masters (2 ann\u00e9es) qui ouvrent les portes\u00a0du march\u00e9 du travail. Au del\u00e0, une partie importante\u00a0des \u00e9tudiants entame une formation doctorale\u00a0(3e cycle), en b\u00e9n\u00e9ficiant de nombreuses possibilit\u00e9s\u00a0de financement, et dont l\u2019aboutissement, apr\u00e8s\u00a0en g\u00e9n\u00e9ral quatre ann\u00e9es, est le dipl\u00f4me hautement\u00a0appr\u00e9ci\u00e9 de Docteur en Sciences.<\/p>\n<p>Les chimistes de la Facult\u00e9 des Sciences participent\u00a0\u00e0 de nombreuses recherches de pointe tant\u00a0sur le plan fondamental que sur celui des applications\u00a0technologiques et m\u00e9dicales. Reconnus internationalement,\u00a0les travaux des chimistes montois\u00a0(une centaine de personnes) font appel aux\u00a0techniques les plus sophistiqu\u00e9es pour l\u2019\u00e9tude, la\u00a0conception et la caract\u00e9risation de nouvelles mol\u00e9cules\u00a0et de nouveaux mat\u00e9riaux, l\u2019identification\u00a0d\u2019agents polluants, la cr\u00e9ation et la fabrication de\u00a0nouveaux polym\u00e8res plus performants et respectueux\u00a0de l\u2019environnement (polym\u00e8res biod\u00e9gradables),\u00a0la modification de la surface des mat\u00e9riaux\u00a0pour leur conf\u00e9rer des propri\u00e9t\u00e9s nouvelles.\u00a0Ces travaux sont men\u00e9s en \u00e9troite collaboration\u00a0avec le centre de recherches <strong>Materia Nova,<\/strong> situ\u00e9\u00a0sur le Parc Scientifique Initialis \u00e0 Mons.<\/p>\n<p>\u00c9tudier la chimie \u00e0 Mons, en Facult\u00e9 des Sciences,\u00a0c\u2019est b\u00e9n\u00e9ficier d\u2019un environnement tr\u00e8s dynamique\u00a0et stimulant o\u00f9 l\u2019humain n\u2019a pas \u00e9t\u00e9 oubli\u00e9\u00a0pour autant, c\u2019est utiliser des \u00e9quipements modernes,\u00a0\u00eatre encadr\u00e9 par une \u00e9quipe d\u2019enseignants\u00a0et assistants motiv\u00e9s et comp\u00e9tents. Et finalement,\u00a0c\u2019est <strong>obtenir un dipl\u00f4me dont la valeur est internationalement\u00a0reconnue<\/strong> et qui d\u00e9bouche sur de nombreux\u00a0emplois diversifi\u00e9s.<\/p>\n<p>Un rapide portrait de la chimie belge au niveau industriel\u00a0montre qu\u2019elle repr\u00e9sente un secteur vital\u00a0pour l\u2019\u00e9conomie. Elle est en fait le deuxi\u00e8me secteur\u00a0manufacturier du pays. Parmi les pays du\u00a0monde industrialis\u00e9, c\u2019est d\u2019ailleurs la Belgique qui\u00a0poss\u00e8de le plus haut degr\u00e9 de sp\u00e9cialisation en\u00a0chimie, c\u2019est-\u00e0-dire qu\u2019elle r\u00e9alise, en chiffre d\u2019affaires,\u00a0le pourcentage le plus \u00e9lev\u00e9 du produit int\u00e9rieur\u00a0brut. Le nombre d\u2019emplois dans le secteur de\u00a0la chimie atteint environ 100.000 personnes, auxquelles\u00a0on peut ajouter 2,5 fois autant d\u2019emplois indirects.<\/p>\n<p>Comme la formation des chimistes est polyvalente,\u00a0on les retrouve dans des secteurs aussi\u00a0divers que :<\/p>\n<ul>\n<li>l\u2019industrie de la chimie, des polym\u00e8res, des c\u00e9ramiques\u00a0et des m\u00e9dicaments, surtout dans les\u00a0fonctions de recherche et d\u00e9veloppement ;<\/li>\n<li>les laboratoires d\u2019analyse publics et priv\u00e9s ;<\/li>\n<li>les fonctions technico-commerciales et le contr\u00f4le\u00a0de la qualit\u00e9 dans les soci\u00e9t\u00e9s actives en chimie\u00a0(appareillages, produits) ;<\/li>\n<li>l\u2019enseignement secondaire et sup\u00e9rieur ;<\/li>\n<li>la recherche (au sein d\u2019universit\u00e9s ou de centres\u00a0de recherche belges ou \u00e9trangers).<\/li>\n<\/ul>\n<start-cask-shortcode-wrapper>\n<blockquote class=\"shortcode-testimonial scheme-fs\">\n    <div class=\"testimonial-quote\">\n        <div><em><strong>Pourquoi j\u2019ai choisi la chimie\u00a0?<\/strong><\/em>\r\n\r\nMon choix pour les sciences chimiques s\u2019est fait tr\u00e8s tardivement, vers la fin de rh\u00e9to. Dans le cadre du cours de chimie et plus particul&hellip;<\/div>\n                <a href=\"#testimonial-modal-866\" class=\"button-secondary open-testimonial scheme-border scheme-color-hover-important\">\n            Poursuivre la lecture <span class=\"icon umons-icon-tail-right\" aria-hidden=\"true\"><\/span>\n        <\/a>\n            <\/div>\n    <div class=\"testimonial-author\">\n                <div class=\"testimonial-picture\">\n            <img decoding=\"async\" src=\"https:\/\/web.umons.ac.be\/app\/uploads\/sites\/11\/2018\/05\/Hamache-K\u00e9hine-80x80.jpg\" alt=\"\" \/>\n        <\/div>\n                <div class=\"testimonial-text\">\n            <div class=\"testimonial-identity\">\n                <span class=\"testimonial-author-name\">Hamache  K\u00e9hine<\/span>\n                            <\/div>\n            <div class=\"testimonial-meta\">\n                                                <span class=\"testimonial-group\">Master en sciences chimiques en 2016<\/span>\n                            <\/div>\n        <\/div>\n    <\/div>\n<\/blockquote>\n<div id=\"testimonial-modal-866\" class=\"testimonial-modal-wrap normal\" style=\"display: none;\">\n    <div class=\"shortcode-testimonial-modal\">\n        <blockquote class=\"shortcode-testimonial\">\n            <div class=\"testimonial-quote editor-front\">\n                                <blockquote class=\"highlighted-quote\">Pourquoi j\u2019ai choisi la chimie\u00a0? Mon choix pour les sciences chimiques s\u2019est fait tr\u00e8s tardivement, vers la fin de rh\u00e9to. Dans le cadre du cours de chimie et plus particuli\u00e8rement lors des s\u00e9ances en laboratoire, nous avions des exercices pratiques. J\u2019ai tout de suite accroch\u00e9 au travail de laboratoire et j\u2019ai rapidement compris que j\u2019\u00e9tais\u2026<\/blockquote>\n                                                <div class=\"testimonial-full-quote\"><p><em><strong>Pourquoi j\u2019ai choisi la chimie\u00a0?<\/strong><\/em><\/p>\n<p>Mon choix pour les sciences chimiques s\u2019est fait tr\u00e8s tardivement, vers la fin de rh\u00e9to. Dans le cadre du cours de chimie et plus particuli\u00e8rement lors des s\u00e9ances en laboratoire, nous avions des exercices pratiques. J\u2019ai tout de suite accroch\u00e9 au travail de laboratoire et j\u2019ai rapidement compris que j\u2019\u00e9tais fait pour \u00e7a\u00a0!<\/p>\n<p><em><strong>Que m\u2019ont apport\u00e9 mes \u00e9tudes\u00a0?<\/strong><\/em><\/p>\n<p>Mes \u00e9tudes universitaires m\u2019ont permis d\u2019acqu\u00e9rir de solides connaissances sur des th\u00e9matiques diverses. En effet, faire de la chimie c\u2019est aussi avoir de bonnes connaissances du monde scientifique en g\u00e9n\u00e9ral. Le cursus en sciences chimiques \u00e0 l\u2019Universit\u00e9 de Mons permet justement d\u2019avoir le bagage th\u00e9orique n\u00e9cessaire pour le futur.<\/p>\n<p>J\u2019ai aussi appris \u00e0 g\u00e9rer un projet de recherche dans le cadre de mon m\u00e9moire de fin d\u2019\u00e9tudes, que j\u2019ai r\u00e9alis\u00e9 dans le Service des Mat\u00e9riaux Polym\u00e8res et Composites. Ce m\u00e9moire traitait du d\u00e9veloppement de m\u00e9thodes de synth\u00e8se de semi-conducteurs organiques de type n. Ce sujet se voulait pluridisciplinaire, n\u00e9cessitant \u00e0 la fois des connaissances th\u00e9oriques en chimie organique, macromol\u00e9culaire et sur les semi-conducteurs organiques mais aussi des comp\u00e9tences techniques en chimie de synth\u00e8se.<\/p>\n<p><em><strong>Quel a \u00e9t\u00e9 mon parcours depuis la fin de mes \u00e9tudes\u00a0?<\/strong><\/em><\/p>\n<p>Apr\u00e8s l\u2019obtention du dipl\u00f4me de Master, j\u2019ai fait le choix de m\u2019orienter vers une carri\u00e8re en industrie bien que des possibilit\u00e9s de th\u00e8se au sein de l\u2019UMONS m\u2019ont \u00e9t\u00e9 propos\u00e9es. Je suis donc pass\u00e9 par la case \u00ab\u00a0recherche d\u2019emploi\u00a0\u00bb. \u00a0Cette p\u00e9riode a \u00e9t\u00e9 tr\u00e8s longue car malgr\u00e9 mes connaissances diverses, le monde industriel recherche surtout des profils avec un minimum d\u2019exp\u00e9rience.<\/p>\n<p>Apr\u00e8s plusieurs entretiens et six mois d\u2019attente, j\u2019ai enfin pu d\u00e9crocher un contrat comme technicien de qualification chez Quality Assistance (une soci\u00e9t\u00e9 de recherche sous contrat offrant \u00e0 l\u2019industrie pharmaceutique des services analytiques). Ce premier job m\u2019a permis de me familiariser avec le monde pharmaceutique et surtout de pouvoir travailler avec des \u00e9quipements \u00e0 la pointe de la technologie.<br \/>\nApr\u00e8s six mois, j\u2019ai voulu changer de fonction et je suis actuellement \u2018Analyst\u2019 en spectrom\u00e9trie de masse dans l\u2019unit\u00e9 de caract\u00e9risation de prot\u00e9ines, toujours chez Quality Assistance. Je peux aujourd\u2019hui pleinement mettre \u00e0 profit les connaissances acquises durant ma formation sur des projets qui ont un r\u00e9el impact dans le d\u00e9veloppement de m\u00e9dicament innovants.<\/p>\n<\/div>\n                            <\/div>\n            <div class=\"testimonial-author\">\n                                <div class=\"testimonial-picture\">\n                    <img decoding=\"async\" src=\"https:\/\/web.umons.ac.be\/app\/uploads\/sites\/11\/2018\/05\/Hamache-K\u00e9hine-80x80.jpg\" alt=\"\" \/>\n                <\/div>\n                                <div class=\"testimonial-text\">\n                    <div class=\"testimonial-identity\">\n                        <span class=\"testimonial-author-name\">Hamache  K\u00e9hine<\/span>\n                                            <\/div>\n                    <div class=\"testimonial-meta\">\n                                                                        <span class=\"testimonial-group\">(Master en sciences chimiques en 2016)<\/span>\n                                            <\/div>\n                <\/div>\n            <\/div>\n        <\/blockquote>\n    <\/div>\n<\/div>\n<end-cask-shortcode-wrapper>\n<start-cask-shortcode-wrapper>\n<blockquote class=\"shortcode-testimonial scheme-fs\">\n    <div class=\"testimonial-quote\">\n        <div>\u201cA ma sortie du secondaire, je\u00a0voulais \u00e9tudier dans le domaine\u00a0scientifique. Et c\u2019est lors d\u2019une\u00a0journ\u00e9e \u2018Portes ouvertes\u2019 \u00e0 l\u2019Universit\u00e9\u00a0de Mons que le d\u00e9clic s\u2019est fait. Tout est\u00a0chimie et la chimie&hellip;<\/div>\n                <a href=\"#testimonial-modal-667\" class=\"button-secondary open-testimonial scheme-border scheme-color-hover-important\">\n            Poursuivre la lecture <span class=\"icon umons-icon-tail-right\" aria-hidden=\"true\"><\/span>\n        <\/a>\n            <\/div>\n    <div class=\"testimonial-author\">\n                <div class=\"testimonial-picture\">\n            <img decoding=\"async\" src=\"https:\/\/web.umons.ac.be\/app\/uploads\/sites\/11\/2018\/01\/Lorenzo-Cutaia-80x80.jpg\" alt=\"\" \/>\n        <\/div>\n                <div class=\"testimonial-text\">\n            <div class=\"testimonial-identity\">\n                <span class=\"testimonial-author-name\">Lorenzo Cutaia<\/span>\n                            <\/div>\n            <div class=\"testimonial-meta\">\n                                                <span class=\"testimonial-group\">Master en sciences chimiques en 2010<\/span>\n                            <\/div>\n        <\/div>\n    <\/div>\n<\/blockquote>\n<div id=\"testimonial-modal-667\" class=\"testimonial-modal-wrap normal\" style=\"display: none;\">\n    <div class=\"shortcode-testimonial-modal\">\n        <blockquote class=\"shortcode-testimonial\">\n            <div class=\"testimonial-quote editor-front\">\n                                <blockquote class=\"highlighted-quote\">\u201cA ma sortie du secondaire, je\u00a0voulais \u00e9tudier dans le domaine\u00a0scientifique. Et c\u2019est lors d\u2019une\u00a0journ\u00e9e \u2018Portes ouvertes\u2019 \u00e0 l\u2019Universit\u00e9\u00a0de Mons que le d\u00e9clic s\u2019est fait. Tout est\u00a0chimie et la chimie est partout. Avec la chimie,\u00a0on peut comprendre la biologie. Avec la chimie,\u00a0on peut comprendre certains ph\u00e9nom\u00e8nes physiques.\u00a0Bref, la chimie est une science centrale\u00a0qui en plus ouvre\u2026<\/blockquote>\n                                                <div class=\"testimonial-full-quote\"><p>\u201cA ma sortie du secondaire, je\u00a0voulais \u00e9tudier dans le domaine\u00a0scientifique. Et c\u2019est lors d\u2019une\u00a0journ\u00e9e \u2018Portes ouvertes\u2019 \u00e0 l\u2019Universit\u00e9\u00a0de Mons que le d\u00e9clic s\u2019est fait. Tout est\u00a0chimie et la chimie est partout. Avec la chimie,\u00a0on peut comprendre la biologie. Avec la chimie,\u00a0on peut comprendre certains ph\u00e9nom\u00e8nes physiques.\u00a0Bref, la chimie est une science centrale\u00a0qui en plus ouvre un grand nombre de d\u00e9bouch\u00e9s.\u00a0Me voil\u00e0 parti pour 5 ans d\u2019\u00e9tudes durant lesquelles\u00a0j\u2019ai vraiment pu confirmer ce que je pensais:\u00a0la chimie est tr\u00e8s vaste et surtout, tr\u00e8s int\u00e9ressante.\u00a0D\u2019ailleurs, j\u2019ai effectu\u00e9 mon m\u00e9moire de\u00a0fin d\u2019\u00e9tude dans un domaine dont je ne soup\u00e7onnais\u00a0m\u00eame pas l\u2019existence : la chimie des mat\u00e9riaux\u00a0nouveaux. J\u2019ai travaill\u00e9 pendant un an pour\u00a0comprendre comment am\u00e9liorer des dispositifs\u00a0photovolta\u00efques \u00e0 base de plastiques.<\/p>\n<p>Apr\u00e8s avoir obtenu mon dipl\u00f4me de Master, j\u2019ai\u00a0poursuivi ce travail de recherche pendant un an,\u00a0apr\u00e8s quoi, je me suis mis \u00e0 chercher un emploi\u00a0dans l\u2019industrie. Cela n\u2019est pas chose facile en\u00a0p\u00e9riode de crise, car m\u00eame si j\u2019ai un dipl\u00f4me et\u00a0de solides bases scientifiques, je n\u2019ai pas l\u2019exp\u00e9rience\u00a0voulue. Apr\u00e8s 3 mois de recherche, j\u2019ai\u00a0effectu\u00e9 une formation avec le Forem dans le\u00a0domaine de la qualit\u00e9 et suite \u00e0 cette formation\u00a0et au stage en entreprise, j\u2019ai rejoint l\u2019entreprise\u00a0Baxter \u00e0 Lessines, au service de contr\u00f4le de la\u00a0qualit\u00e9. M\u00eame si je ne fais pas de la chimie tous\u00a0les jours, j\u2019ai appris de nombreuses choses tr\u00e8s\u00a0int\u00e9ressantes qui pourront toujours me servir pour\u00a0la suite de ma carri\u00e8re\u201d.<\/p>\n<\/div>\n                            <\/div>\n            <div class=\"testimonial-author\">\n                                <div class=\"testimonial-picture\">\n                    <img decoding=\"async\" src=\"https:\/\/web.umons.ac.be\/app\/uploads\/sites\/11\/2018\/01\/Lorenzo-Cutaia-80x80.jpg\" alt=\"\" \/>\n                <\/div>\n                                <div class=\"testimonial-text\">\n                    <div class=\"testimonial-identity\">\n                        <span class=\"testimonial-author-name\">Lorenzo Cutaia<\/span>\n                                            <\/div>\n                    <div class=\"testimonial-meta\">\n                                                                        <span class=\"testimonial-group\">(Master en sciences chimiques en 2010)<\/span>\n                                            <\/div>\n                <\/div>\n            <\/div>\n        <\/blockquote>\n    <\/div>\n<\/div>\n<end-cask-shortcode-wrapper>\n<p>&nbsp;<\/p>\n","protected":false},"excerpt":{"rendered":"<p>Dans l\u2019ensemble des Sciences, la chimie est une\u00a0discipline occupant une position cl\u00e9, entre la biologie\u00a0et la physique. Par ses avanc\u00e9es scientifiques,\u00a0elle permet de comprendre la mati\u00e8re inerte et le\u00a0monde vivant. Cette compr\u00e9hension et ces avanc\u00e9es\u00a0ont permis le d\u00e9veloppement d\u2019applications\u00a0innombrables rapidement devenues irrempla\u00e7ables\u00a0dans notre vie quotidienne. Songeons aux\u00a0mol\u00e9cules sondes utilis\u00e9es en imagerie m\u00e9dicale,\u00a0aux diagnostics et traitements [&hellip;]<\/p>\n","protected":false},"author":2,"featured_media":0,"parent":106,"menu_order":0,"comment_status":"closed","ping_status":"closed","template":"","meta":{"footnotes":""},"class_list":["post-659","page","type-page","status-publish","hentry"],"yoast_head":"<!-- This site is optimized with the Yoast SEO plugin v27.2 - https:\/\/yoast.com\/product\/yoast-seo-wordpress\/ -->\n<title>D\u00e9bouch\u00e9s - Facult\u00e9 \/ FS<\/title>\n<meta name=\"robots\" content=\"index, follow, max-snippet:-1, max-image-preview:large, max-video-preview:-1\" \/>\n<link rel=\"canonical\" href=\"https:\/\/web.umons.ac.be\/fs\/fr\/les-departements\/chimie\/debouches\/\" \/>\n<meta property=\"og:locale\" content=\"fr_FR\" \/>\n<meta property=\"og:type\" content=\"article\" \/>\n<meta property=\"og:title\" content=\"D\u00e9bouch\u00e9s - Facult\u00e9 \/ FS\" \/>\n<meta property=\"og:description\" content=\"Dans l\u2019ensemble des Sciences, la chimie est une\u00a0discipline occupant une position cl\u00e9, entre la biologie\u00a0et la physique. Par ses avanc\u00e9es scientifiques,\u00a0elle permet de comprendre la mati\u00e8re inerte et le\u00a0monde vivant. Cette compr\u00e9hension et ces avanc\u00e9es\u00a0ont permis le d\u00e9veloppement d\u2019applications\u00a0innombrables rapidement devenues irrempla\u00e7ables\u00a0dans notre vie quotidienne. Songeons aux\u00a0mol\u00e9cules sondes utilis\u00e9es en imagerie m\u00e9dicale,\u00a0aux diagnostics et traitements [&hellip;]\" \/>\n<meta property=\"og:url\" content=\"https:\/\/web.umons.ac.be\/fs\/fr\/les-departements\/chimie\/debouches\/\" \/>\n<meta property=\"og:site_name\" content=\"Facult\u00e9 \/ FS\" \/>\n<meta property=\"article:modified_time\" content=\"2025-12-08T13:36:18+00:00\" \/>\n<meta name=\"twitter:card\" content=\"summary_large_image\" \/>\n<meta name=\"twitter:label1\" content=\"Dur\u00e9e de lecture estim\u00e9e\" \/>\n\t<meta name=\"twitter:data1\" content=\"3 minutes\" \/>\n<script type=\"application\/ld+json\" class=\"yoast-schema-graph\">{\"@context\":\"https:\/\/schema.org\",\"@graph\":[{\"@type\":\"WebPage\",\"@id\":\"https:\/\/web.umons.ac.be\/fs\/fr\/les-departements\/chimie\/debouches\/\",\"url\":\"https:\/\/web.umons.ac.be\/fs\/fr\/les-departements\/chimie\/debouches\/\",\"name\":\"D\u00e9bouch\u00e9s - Facult\u00e9 \/ FS\",\"isPartOf\":{\"@id\":\"https:\/\/web.umons.ac.be\/fs\/#website\"},\"datePublished\":\"2018-01-25T21:21:06+00:00\",\"dateModified\":\"2025-12-08T13:36:18+00:00\",\"breadcrumb\":{\"@id\":\"https:\/\/web.umons.ac.be\/fs\/fr\/les-departements\/chimie\/debouches\/#breadcrumb\"},\"inLanguage\":\"fr-FR\",\"potentialAction\":[{\"@type\":\"ReadAction\",\"target\":[\"https:\/\/web.umons.ac.be\/fs\/fr\/les-departements\/chimie\/debouches\/\"]}]},{\"@type\":\"BreadcrumbList\",\"@id\":\"https:\/\/web.umons.ac.be\/fs\/fr\/les-departements\/chimie\/debouches\/#breadcrumb\",\"itemListElement\":[{\"@type\":\"ListItem\",\"position\":1,\"name\":\"Accueil\",\"item\":\"https:\/\/web.umons.ac.be\/fs\/fr\/\"},{\"@type\":\"ListItem\",\"position\":2,\"name\":\"Les d\u00e9partements\",\"item\":\"https:\/\/web.umons.ac.be\/fs\/fr\/les-departements\/\"},{\"@type\":\"ListItem\",\"position\":3,\"name\":\"Chimie\",\"item\":\"https:\/\/web.umons.ac.be\/fs\/fr\/les-departements\/chimie\/\"},{\"@type\":\"ListItem\",\"position\":4,\"name\":\"D\u00e9bouch\u00e9s\"}]},{\"@type\":\"WebSite\",\"@id\":\"https:\/\/web.umons.ac.be\/fs\/#website\",\"url\":\"https:\/\/web.umons.ac.be\/fs\/\",\"name\":\"Facult\u00e9 \/ FS\",\"description\":\"\",\"potentialAction\":[{\"@type\":\"SearchAction\",\"target\":{\"@type\":\"EntryPoint\",\"urlTemplate\":\"https:\/\/web.umons.ac.be\/fs\/?s={search_term_string}\"},\"query-input\":{\"@type\":\"PropertyValueSpecification\",\"valueRequired\":true,\"valueName\":\"search_term_string\"}}],\"inLanguage\":\"fr-FR\"}]}<\/script>\n<!-- \/ Yoast SEO plugin. -->","yoast_head_json":{"title":"D\u00e9bouch\u00e9s - Facult\u00e9 \/ FS","robots":{"index":"index","follow":"follow","max-snippet":"max-snippet:-1","max-image-preview":"max-image-preview:large","max-video-preview":"max-video-preview:-1"},"canonical":"https:\/\/web.umons.ac.be\/fs\/fr\/les-departements\/chimie\/debouches\/","og_locale":"fr_FR","og_type":"article","og_title":"D\u00e9bouch\u00e9s - Facult\u00e9 \/ FS","og_description":"Dans l\u2019ensemble des Sciences, la chimie est une\u00a0discipline occupant une position cl\u00e9, entre la biologie\u00a0et la physique. Par ses avanc\u00e9es scientifiques,\u00a0elle permet de comprendre la mati\u00e8re inerte et le\u00a0monde vivant. Cette compr\u00e9hension et ces avanc\u00e9es\u00a0ont permis le d\u00e9veloppement d\u2019applications\u00a0innombrables rapidement devenues irrempla\u00e7ables\u00a0dans notre vie quotidienne. Songeons aux\u00a0mol\u00e9cules sondes utilis\u00e9es en imagerie m\u00e9dicale,\u00a0aux diagnostics et traitements [&hellip;]","og_url":"https:\/\/web.umons.ac.be\/fs\/fr\/les-departements\/chimie\/debouches\/","og_site_name":"Facult\u00e9 \/ FS","article_modified_time":"2025-12-08T13:36:18+00:00","twitter_card":"summary_large_image","twitter_misc":{"Dur\u00e9e de lecture estim\u00e9e":"3 minutes"},"schema":{"@context":"https:\/\/schema.org","@graph":[{"@type":"WebPage","@id":"https:\/\/web.umons.ac.be\/fs\/fr\/les-departements\/chimie\/debouches\/","url":"https:\/\/web.umons.ac.be\/fs\/fr\/les-departements\/chimie\/debouches\/","name":"D\u00e9bouch\u00e9s - Facult\u00e9 \/ FS","isPartOf":{"@id":"https:\/\/web.umons.ac.be\/fs\/#website"},"datePublished":"2018-01-25T21:21:06+00:00","dateModified":"2025-12-08T13:36:18+00:00","breadcrumb":{"@id":"https:\/\/web.umons.ac.be\/fs\/fr\/les-departements\/chimie\/debouches\/#breadcrumb"},"inLanguage":"fr-FR","potentialAction":[{"@type":"ReadAction","target":["https:\/\/web.umons.ac.be\/fs\/fr\/les-departements\/chimie\/debouches\/"]}]},{"@type":"BreadcrumbList","@id":"https:\/\/web.umons.ac.be\/fs\/fr\/les-departements\/chimie\/debouches\/#breadcrumb","itemListElement":[{"@type":"ListItem","position":1,"name":"Accueil","item":"https:\/\/web.umons.ac.be\/fs\/fr\/"},{"@type":"ListItem","position":2,"name":"Les d\u00e9partements","item":"https:\/\/web.umons.ac.be\/fs\/fr\/les-departements\/"},{"@type":"ListItem","position":3,"name":"Chimie","item":"https:\/\/web.umons.ac.be\/fs\/fr\/les-departements\/chimie\/"},{"@type":"ListItem","position":4,"name":"D\u00e9bouch\u00e9s"}]},{"@type":"WebSite","@id":"https:\/\/web.umons.ac.be\/fs\/#website","url":"https:\/\/web.umons.ac.be\/fs\/","name":"Facult\u00e9 \/ FS","description":"","potentialAction":[{"@type":"SearchAction","target":{"@type":"EntryPoint","urlTemplate":"https:\/\/web.umons.ac.be\/fs\/?s={search_term_string}"},"query-input":{"@type":"PropertyValueSpecification","valueRequired":true,"valueName":"search_term_string"}}],"inLanguage":"fr-FR"}]}},"lang":"fr","translations":{"fr":659},"pll_sync_post":[],"_links":{"self":[{"href":"https:\/\/web.umons.ac.be\/fs\/wp-json\/wp\/v2\/pages\/659","targetHints":{"allow":["GET"]}}],"collection":[{"href":"https:\/\/web.umons.ac.be\/fs\/wp-json\/wp\/v2\/pages"}],"about":[{"href":"https:\/\/web.umons.ac.be\/fs\/wp-json\/wp\/v2\/types\/page"}],"author":[{"embeddable":true,"href":"https:\/\/web.umons.ac.be\/fs\/wp-json\/wp\/v2\/users\/2"}],"replies":[{"embeddable":true,"href":"https:\/\/web.umons.ac.be\/fs\/wp-json\/wp\/v2\/comments?post=659"}],"version-history":[{"count":4,"href":"https:\/\/web.umons.ac.be\/fs\/wp-json\/wp\/v2\/pages\/659\/revisions"}],"predecessor-version":[{"id":869,"href":"https:\/\/web.umons.ac.be\/fs\/wp-json\/wp\/v2\/pages\/659\/revisions\/869"}],"up":[{"embeddable":true,"href":"https:\/\/web.umons.ac.be\/fs\/wp-json\/wp\/v2\/pages\/106"}],"wp:attachment":[{"href":"https:\/\/web.umons.ac.be\/fs\/wp-json\/wp\/v2\/media?parent=659"}],"curies":[{"name":"wp","href":"https:\/\/api.w.org\/{rel}","templated":true}]}}