{"id":69,"date":"2017-07-10T11:45:56","date_gmt":"2017-07-10T09:45:56","guid":{"rendered":"https:\/\/web.umons.ac.be\/fs\/?page_id=69"},"modified":"2025-12-05T14:26:31","modified_gmt":"2025-12-05T13:26:31","slug":"sejours-detudes-a-letranger","status":"publish","type":"page","link":"https:\/\/web.umons.ac.be\/fs\/fr\/etudes\/sejours-detudes-a-letranger\/","title":{"rendered":"S\u00e9jours d\u2019\u00e9tudes \u00e0 l\u2019\u00e9tranger"},"content":{"rendered":"<p>La connaissance de langues \u00e9trang\u00e8res et la\u00a0d\u00e9couverte d\u2019autres cultures sont un enrichissement\u00a0personnel ind\u00e9niable mais sont \u00e9galement\u00a0valoris\u00e9es par les employeurs. Durant vos\u00a0\u00e9tudes, vous aurez l\u2019occasion, si vous le d\u00e9sirez,\u00a0d\u2019effectuer la moiti\u00e9 ou une ann\u00e9e compl\u00e8te de\u00a0votre cursus dans une universit\u00e9 de l\u2019Union\u00a0Europ\u00e9enne. Une bourse ERASMUS + vous\u00a0aidera \u00e0 en couvrir partiellement les frais.<\/p>\n<p>Tous les \u00e9tudiants effectueront un ou plusieurs stages en relation avec la finalit\u00e9 de leur master, soit en entreprise, soit dans un laboratoire de recherche. Ces stages constituent une premi\u00e8re approche du milieu professionnel dans lequel ils travailleront \u00e0 l&rsquo;issue de leurs \u00e9tudes. Dans certains cas, ces stages peuvent \u00eatre effectu\u00e9s \u00e0 l&rsquo;\u00e9tranger. Les informations sont disponibles aupr\u00e8s des d\u00e9partements responsables des diff\u00e9rents cursus.<\/p>\n<p>La Facult\u00e9 des Sciences a conclu de nombreux accords ERASMUS avec des universit\u00e9s europ\u00e9ennes en Angleterre, Danemark, Espagne, France, Italie&#8230; Elle est \u00e9galement partenaire de diff\u00e9rentes conventions entre les universit\u00e9s belges et du Nord de la France. Les \u00e9tudiants peuvent ainsi suivre des cours dans une universit\u00e9 partenaire et m\u00eame passer une ann\u00e9e d&rsquo;\u00e9tude enti\u00e8re dans une universit\u00e9 \u00e9trang\u00e8re. Les cours suivis \u00e0 l&rsquo;\u00e9tranger sont reconnus par la Facult\u00e9 et il n&rsquo;y a ni suppl\u00e9ment de minerval ni allongement de la dur\u00e9e des \u00e9tudes.<\/p>\n<p>Tu veux en savoir plus sur les mobilit\u00e9s internationales et les diff\u00e9rents partenariats? Visite la page : <a href=\"https:\/\/web.umons.ac.be\/fr\/nos-missions\/international\/\">International &#8211; Universit\u00e9 de Mons<\/a><\/p>\n","protected":false},"excerpt":{"rendered":"<p>La connaissance de langues \u00e9trang\u00e8res et la\u00a0d\u00e9couverte d\u2019autres cultures sont un enrichissement\u00a0personnel ind\u00e9niable mais sont \u00e9galement\u00a0valoris\u00e9es par les employeurs. Durant vos\u00a0\u00e9tudes, vous aurez l\u2019occasion, si vous le d\u00e9sirez,\u00a0d\u2019effectuer la moiti\u00e9 ou une ann\u00e9e compl\u00e8te de\u00a0votre cursus dans une universit\u00e9 de l\u2019Union\u00a0Europ\u00e9enne. Une bourse ERASMUS + vous\u00a0aidera \u00e0 en couvrir partiellement les frais. Tous les \u00e9tudiants [&hellip;]<\/p>\n","protected":false},"author":2,"featured_media":0,"parent":21,"menu_order":5,"comment_status":"closed","ping_status":"closed","template":"","meta":{"footnotes":""},"class_list":["post-69","page","type-page","status-publish","hentry"],"yoast_head":"<!-- This site is optimized with the Yoast SEO plugin v27.2 - https:\/\/yoast.com\/product\/yoast-seo-wordpress\/ -->\n<title>S\u00e9jours d\u2019\u00e9tudes \u00e0 l\u2019\u00e9tranger - Facult\u00e9 \/ FS<\/title>\n<meta name=\"robots\" content=\"index, follow, max-snippet:-1, max-image-preview:large, max-video-preview:-1\" \/>\n<link rel=\"canonical\" href=\"https:\/\/web.umons.ac.be\/fs\/fr\/etudes\/sejours-detudes-a-letranger\/\" \/>\n<meta property=\"og:locale\" content=\"fr_FR\" \/>\n<meta property=\"og:type\" content=\"article\" \/>\n<meta property=\"og:title\" content=\"S\u00e9jours d\u2019\u00e9tudes \u00e0 l\u2019\u00e9tranger - Facult\u00e9 \/ FS\" \/>\n<meta property=\"og:description\" content=\"La connaissance de langues \u00e9trang\u00e8res et la\u00a0d\u00e9couverte d\u2019autres cultures sont un enrichissement\u00a0personnel ind\u00e9niable mais sont \u00e9galement\u00a0valoris\u00e9es par les employeurs. Durant vos\u00a0\u00e9tudes, vous aurez l\u2019occasion, si vous le d\u00e9sirez,\u00a0d\u2019effectuer la moiti\u00e9 ou une ann\u00e9e compl\u00e8te de\u00a0votre cursus dans une universit\u00e9 de l\u2019Union\u00a0Europ\u00e9enne. Une bourse ERASMUS + vous\u00a0aidera \u00e0 en couvrir partiellement les frais. Tous les \u00e9tudiants [&hellip;]\" \/>\n<meta property=\"og:url\" content=\"https:\/\/web.umons.ac.be\/fs\/fr\/etudes\/sejours-detudes-a-letranger\/\" \/>\n<meta property=\"og:site_name\" content=\"Facult\u00e9 \/ FS\" \/>\n<meta property=\"article:modified_time\" content=\"2025-12-05T13:26:31+00:00\" \/>\n<meta name=\"twitter:card\" content=\"summary_large_image\" \/>\n<meta name=\"twitter:label1\" content=\"Dur\u00e9e de lecture estim\u00e9e\" \/>\n\t<meta name=\"twitter:data1\" content=\"2 minutes\" \/>\n<script type=\"application\/ld+json\" class=\"yoast-schema-graph\">{\"@context\":\"https:\/\/schema.org\",\"@graph\":[{\"@type\":\"WebPage\",\"@id\":\"https:\/\/web.umons.ac.be\/fs\/fr\/etudes\/sejours-detudes-a-letranger\/\",\"url\":\"https:\/\/web.umons.ac.be\/fs\/fr\/etudes\/sejours-detudes-a-letranger\/\",\"name\":\"S\u00e9jours d\u2019\u00e9tudes \u00e0 l\u2019\u00e9tranger - Facult\u00e9 \/ FS\",\"isPartOf\":{\"@id\":\"https:\/\/web.umons.ac.be\/fs\/#website\"},\"datePublished\":\"2017-07-10T09:45:56+00:00\",\"dateModified\":\"2025-12-05T13:26:31+00:00\",\"breadcrumb\":{\"@id\":\"https:\/\/web.umons.ac.be\/fs\/fr\/etudes\/sejours-detudes-a-letranger\/#breadcrumb\"},\"inLanguage\":\"fr-FR\",\"potentialAction\":[{\"@type\":\"ReadAction\",\"target\":[\"https:\/\/web.umons.ac.be\/fs\/fr\/etudes\/sejours-detudes-a-letranger\/\"]}]},{\"@type\":\"BreadcrumbList\",\"@id\":\"https:\/\/web.umons.ac.be\/fs\/fr\/etudes\/sejours-detudes-a-letranger\/#breadcrumb\",\"itemListElement\":[{\"@type\":\"ListItem\",\"position\":1,\"name\":\"Accueil\",\"item\":\"https:\/\/web.umons.ac.be\/fs\/fr\/\"},{\"@type\":\"ListItem\",\"position\":2,\"name\":\"Etudes\",\"item\":\"https:\/\/web.umons.ac.be\/fs\/fr\/etudes\/\"},{\"@type\":\"ListItem\",\"position\":3,\"name\":\"S\u00e9jours d\u2019\u00e9tudes \u00e0 l\u2019\u00e9tranger\"}]},{\"@type\":\"WebSite\",\"@id\":\"https:\/\/web.umons.ac.be\/fs\/#website\",\"url\":\"https:\/\/web.umons.ac.be\/fs\/\",\"name\":\"Facult\u00e9 \/ FS\",\"description\":\"\",\"potentialAction\":[{\"@type\":\"SearchAction\",\"target\":{\"@type\":\"EntryPoint\",\"urlTemplate\":\"https:\/\/web.umons.ac.be\/fs\/?s={search_term_string}\"},\"query-input\":{\"@type\":\"PropertyValueSpecification\",\"valueRequired\":true,\"valueName\":\"search_term_string\"}}],\"inLanguage\":\"fr-FR\"}]}<\/script>\n<!-- \/ Yoast SEO plugin. -->","yoast_head_json":{"title":"S\u00e9jours d\u2019\u00e9tudes \u00e0 l\u2019\u00e9tranger - Facult\u00e9 \/ FS","robots":{"index":"index","follow":"follow","max-snippet":"max-snippet:-1","max-image-preview":"max-image-preview:large","max-video-preview":"max-video-preview:-1"},"canonical":"https:\/\/web.umons.ac.be\/fs\/fr\/etudes\/sejours-detudes-a-letranger\/","og_locale":"fr_FR","og_type":"article","og_title":"S\u00e9jours d\u2019\u00e9tudes \u00e0 l\u2019\u00e9tranger - Facult\u00e9 \/ FS","og_description":"La connaissance de langues \u00e9trang\u00e8res et la\u00a0d\u00e9couverte d\u2019autres cultures sont un enrichissement\u00a0personnel ind\u00e9niable mais sont \u00e9galement\u00a0valoris\u00e9es par les employeurs. Durant vos\u00a0\u00e9tudes, vous aurez l\u2019occasion, si vous le d\u00e9sirez,\u00a0d\u2019effectuer la moiti\u00e9 ou une ann\u00e9e compl\u00e8te de\u00a0votre cursus dans une universit\u00e9 de l\u2019Union\u00a0Europ\u00e9enne. Une bourse ERASMUS + vous\u00a0aidera \u00e0 en couvrir partiellement les frais. Tous les \u00e9tudiants [&hellip;]","og_url":"https:\/\/web.umons.ac.be\/fs\/fr\/etudes\/sejours-detudes-a-letranger\/","og_site_name":"Facult\u00e9 \/ FS","article_modified_time":"2025-12-05T13:26:31+00:00","twitter_card":"summary_large_image","twitter_misc":{"Dur\u00e9e de lecture estim\u00e9e":"2 minutes"},"schema":{"@context":"https:\/\/schema.org","@graph":[{"@type":"WebPage","@id":"https:\/\/web.umons.ac.be\/fs\/fr\/etudes\/sejours-detudes-a-letranger\/","url":"https:\/\/web.umons.ac.be\/fs\/fr\/etudes\/sejours-detudes-a-letranger\/","name":"S\u00e9jours d\u2019\u00e9tudes \u00e0 l\u2019\u00e9tranger - Facult\u00e9 \/ FS","isPartOf":{"@id":"https:\/\/web.umons.ac.be\/fs\/#website"},"datePublished":"2017-07-10T09:45:56+00:00","dateModified":"2025-12-05T13:26:31+00:00","breadcrumb":{"@id":"https:\/\/web.umons.ac.be\/fs\/fr\/etudes\/sejours-detudes-a-letranger\/#breadcrumb"},"inLanguage":"fr-FR","potentialAction":[{"@type":"ReadAction","target":["https:\/\/web.umons.ac.be\/fs\/fr\/etudes\/sejours-detudes-a-letranger\/"]}]},{"@type":"BreadcrumbList","@id":"https:\/\/web.umons.ac.be\/fs\/fr\/etudes\/sejours-detudes-a-letranger\/#breadcrumb","itemListElement":[{"@type":"ListItem","position":1,"name":"Accueil","item":"https:\/\/web.umons.ac.be\/fs\/fr\/"},{"@type":"ListItem","position":2,"name":"Etudes","item":"https:\/\/web.umons.ac.be\/fs\/fr\/etudes\/"},{"@type":"ListItem","position":3,"name":"S\u00e9jours d\u2019\u00e9tudes \u00e0 l\u2019\u00e9tranger"}]},{"@type":"WebSite","@id":"https:\/\/web.umons.ac.be\/fs\/#website","url":"https:\/\/web.umons.ac.be\/fs\/","name":"Facult\u00e9 \/ FS","description":"","potentialAction":[{"@type":"SearchAction","target":{"@type":"EntryPoint","urlTemplate":"https:\/\/web.umons.ac.be\/fs\/?s={search_term_string}"},"query-input":{"@type":"PropertyValueSpecification","valueRequired":true,"valueName":"search_term_string"}}],"inLanguage":"fr-FR"}]}},"lang":"fr","translations":{"fr":69,"en":363},"pll_sync_post":[],"_links":{"self":[{"href":"https:\/\/web.umons.ac.be\/fs\/wp-json\/wp\/v2\/pages\/69","targetHints":{"allow":["GET"]}}],"collection":[{"href":"https:\/\/web.umons.ac.be\/fs\/wp-json\/wp\/v2\/pages"}],"about":[{"href":"https:\/\/web.umons.ac.be\/fs\/wp-json\/wp\/v2\/types\/page"}],"author":[{"embeddable":true,"href":"https:\/\/web.umons.ac.be\/fs\/wp-json\/wp\/v2\/users\/2"}],"replies":[{"embeddable":true,"href":"https:\/\/web.umons.ac.be\/fs\/wp-json\/wp\/v2\/comments?post=69"}],"version-history":[{"count":3,"href":"https:\/\/web.umons.ac.be\/fs\/wp-json\/wp\/v2\/pages\/69\/revisions"}],"predecessor-version":[{"id":2383,"href":"https:\/\/web.umons.ac.be\/fs\/wp-json\/wp\/v2\/pages\/69\/revisions\/2383"}],"up":[{"embeddable":true,"href":"https:\/\/web.umons.ac.be\/fs\/wp-json\/wp\/v2\/pages\/21"}],"wp:attachment":[{"href":"https:\/\/web.umons.ac.be\/fs\/wp-json\/wp\/v2\/media?parent=69"}],"curies":[{"name":"wp","href":"https:\/\/api.w.org\/{rel}","templated":true}]}}