{"id":87,"date":"2017-07-10T14:00:39","date_gmt":"2017-07-10T12:00:39","guid":{"rendered":"https:\/\/web.umons.ac.be\/fs\/?page_id=87"},"modified":"2025-10-01T10:08:41","modified_gmt":"2025-10-01T08:08:41","slug":"services-denseignement-de-recherche","status":"publish","type":"page","link":"https:\/\/web.umons.ac.be\/fs\/fr\/les-departements\/chimie\/services-denseignement-de-recherche\/","title":{"rendered":"Services d&rsquo;enseignement et de recherche"},"content":{"rendered":"<h2>D\u00e9couvrir les domaines de recherche<\/h2>\n<start-cask-shortcode-wrapper><end-cask-shortcode-wrapper>\n<start-cask-shortcode-wrapper><end-cask-shortcode-wrapper>\n<h3>Services :<\/h3>\n<div class=\"level-section\">\n<div>\n<div class=\"level-header\"><a href=\"https:\/\/web.umons.ac.be\/cips\">Chimie des Interactions Plasma-Surface<\/a><\/div>\n<div class=\"level-description\">Service de Rony SNYDERS<\/div>\n<\/div>\n<\/div>\n<div class=\"level-section\">\n<div>\n<div class=\"level-header\"><a href=\"https:\/\/web.umons.ac.be\/scmn\">Chimie des mat\u00e9riaux nouveaux<\/a><\/div>\n<div class=\"level-description\">Service de Mathieu SURIN<\/div>\n<\/div>\n<\/div>\n<div class=\"level-section\">\n<div>\n<div class=\"level-header\"><a href=\"https:\/\/web.umons.ac.be\/smos\">Synth\u00e8se et Spectrom\u00e9trie de Masse Organiques<\/a><\/div>\n<div class=\"level-description\">Service de Pascal GERBAUX \u2013 www.umons.ac.be\/masspec<\/div>\n<\/div>\n<\/div>\n<div class=\"level-section\">\n<div>\n<div class=\"level-header\"><a href=\"https:\/\/web.umons.ac.be\/lifc\" target=\"_blank\" rel=\"noopener noreferrer\">Interface et fluides complexes<\/a><\/div>\n<div class=\"level-description\">Service de Pascal DAMMAN<\/div>\n<\/div>\n<\/div>\n<div class=\"level-section\">\n<div>\n<div class=\"level-header\"><a href=\"https:\/\/web.umons.ac.be\/smpc\">Mat\u00e9riaux polym\u00e8res et composites<\/a><\/div>\n<div class=\"level-description\">Service de Philippe DUBOIS<\/div>\n<\/div>\n<\/div>\n","protected":false},"excerpt":{"rendered":"<p>D\u00e9couvrir les domaines de recherche Services : Chimie des Interactions Plasma-Surface Service de Rony SNYDERS Chimie des mat\u00e9riaux nouveaux Service de Mathieu SURIN Synth\u00e8se et Spectrom\u00e9trie de Masse Organiques Service de Pascal GERBAUX \u2013 www.umons.ac.be\/masspec Interface et fluides complexes Service de Pascal DAMMAN Mat\u00e9riaux polym\u00e8res et composites Service de Philippe DUBOIS<\/p>\n","protected":false},"author":2,"featured_media":0,"parent":106,"menu_order":0,"comment_status":"closed","ping_status":"closed","template":"","meta":{"footnotes":""},"class_list":["post-87","page","type-page","status-publish","hentry"],"yoast_head":"<!-- This site is optimized with the Yoast SEO plugin v27.2 - https:\/\/yoast.com\/product\/yoast-seo-wordpress\/ -->\n<title>Services d\\&#039;enseignement et de recherche - Facult\u00e9 \/ FS<\/title>\n<meta name=\"robots\" content=\"index, follow, max-snippet:-1, max-image-preview:large, max-video-preview:-1\" \/>\n<link rel=\"canonical\" href=\"https:\/\/web.umons.ac.be\/fs\/fr\/les-departements\/chimie\/services-denseignement-de-recherche\/\" \/>\n<meta property=\"og:locale\" content=\"fr_FR\" \/>\n<meta property=\"og:type\" content=\"article\" \/>\n<meta property=\"og:title\" content=\"Services d\\&#039;enseignement et de recherche - Facult\u00e9 \/ FS\" \/>\n<meta property=\"og:description\" content=\"D\u00e9couvrir les domaines de recherche Services : Chimie des Interactions Plasma-Surface Service de Rony SNYDERS Chimie des mat\u00e9riaux nouveaux Service de Mathieu SURIN Synth\u00e8se et Spectrom\u00e9trie de Masse Organiques Service de Pascal GERBAUX \u2013 www.umons.ac.be\/masspec Interface et fluides complexes Service de Pascal DAMMAN Mat\u00e9riaux polym\u00e8res et composites Service de Philippe DUBOIS\" \/>\n<meta property=\"og:url\" content=\"https:\/\/web.umons.ac.be\/fs\/fr\/les-departements\/chimie\/services-denseignement-de-recherche\/\" \/>\n<meta property=\"og:site_name\" content=\"Facult\u00e9 \/ FS\" \/>\n<meta property=\"article:modified_time\" content=\"2025-10-01T08:08:41+00:00\" \/>\n<meta name=\"twitter:card\" content=\"summary_large_image\" \/>\n<meta name=\"twitter:label1\" content=\"Dur\u00e9e de lecture estim\u00e9e\" \/>\n\t<meta name=\"twitter:data1\" content=\"1 minute\" \/>\n<script type=\"application\/ld+json\" class=\"yoast-schema-graph\">{\"@context\":\"https:\/\/schema.org\",\"@graph\":[{\"@type\":\"WebPage\",\"@id\":\"https:\/\/web.umons.ac.be\/fs\/fr\/les-departements\/chimie\/services-denseignement-de-recherche\/\",\"url\":\"https:\/\/web.umons.ac.be\/fs\/fr\/les-departements\/chimie\/services-denseignement-de-recherche\/\",\"name\":\"Services d\\\\'enseignement et de recherche - Facult\u00e9 \/ FS\",\"isPartOf\":{\"@id\":\"https:\/\/web.umons.ac.be\/fs\/#website\"},\"datePublished\":\"2017-07-10T12:00:39+00:00\",\"dateModified\":\"2025-10-01T08:08:41+00:00\",\"breadcrumb\":{\"@id\":\"https:\/\/web.umons.ac.be\/fs\/fr\/les-departements\/chimie\/services-denseignement-de-recherche\/#breadcrumb\"},\"inLanguage\":\"fr-FR\",\"potentialAction\":[{\"@type\":\"ReadAction\",\"target\":[\"https:\/\/web.umons.ac.be\/fs\/fr\/les-departements\/chimie\/services-denseignement-de-recherche\/\"]}]},{\"@type\":\"BreadcrumbList\",\"@id\":\"https:\/\/web.umons.ac.be\/fs\/fr\/les-departements\/chimie\/services-denseignement-de-recherche\/#breadcrumb\",\"itemListElement\":[{\"@type\":\"ListItem\",\"position\":1,\"name\":\"Accueil\",\"item\":\"https:\/\/web.umons.ac.be\/fs\/fr\/\"},{\"@type\":\"ListItem\",\"position\":2,\"name\":\"Les d\u00e9partements\",\"item\":\"https:\/\/web.umons.ac.be\/fs\/fr\/les-departements\/\"},{\"@type\":\"ListItem\",\"position\":3,\"name\":\"Chimie\",\"item\":\"https:\/\/web.umons.ac.be\/fs\/fr\/les-departements\/chimie\/\"},{\"@type\":\"ListItem\",\"position\":4,\"name\":\"Services d&rsquo;enseignement et de recherche\"}]},{\"@type\":\"WebSite\",\"@id\":\"https:\/\/web.umons.ac.be\/fs\/#website\",\"url\":\"https:\/\/web.umons.ac.be\/fs\/\",\"name\":\"Facult\u00e9 \/ FS\",\"description\":\"\",\"potentialAction\":[{\"@type\":\"SearchAction\",\"target\":{\"@type\":\"EntryPoint\",\"urlTemplate\":\"https:\/\/web.umons.ac.be\/fs\/?s={search_term_string}\"},\"query-input\":{\"@type\":\"PropertyValueSpecification\",\"valueRequired\":true,\"valueName\":\"search_term_string\"}}],\"inLanguage\":\"fr-FR\"}]}<\/script>\n<!-- \/ Yoast SEO plugin. -->","yoast_head_json":{"title":"Services d\\'enseignement et de recherche - Facult\u00e9 \/ FS","robots":{"index":"index","follow":"follow","max-snippet":"max-snippet:-1","max-image-preview":"max-image-preview:large","max-video-preview":"max-video-preview:-1"},"canonical":"https:\/\/web.umons.ac.be\/fs\/fr\/les-departements\/chimie\/services-denseignement-de-recherche\/","og_locale":"fr_FR","og_type":"article","og_title":"Services d\\'enseignement et de recherche - Facult\u00e9 \/ FS","og_description":"D\u00e9couvrir les domaines de recherche Services : Chimie des Interactions Plasma-Surface Service de Rony SNYDERS Chimie des mat\u00e9riaux nouveaux Service de Mathieu SURIN Synth\u00e8se et Spectrom\u00e9trie de Masse Organiques Service de Pascal GERBAUX \u2013 www.umons.ac.be\/masspec Interface et fluides complexes Service de Pascal DAMMAN Mat\u00e9riaux polym\u00e8res et composites Service de Philippe DUBOIS","og_url":"https:\/\/web.umons.ac.be\/fs\/fr\/les-departements\/chimie\/services-denseignement-de-recherche\/","og_site_name":"Facult\u00e9 \/ FS","article_modified_time":"2025-10-01T08:08:41+00:00","twitter_card":"summary_large_image","twitter_misc":{"Dur\u00e9e de lecture estim\u00e9e":"1 minute"},"schema":{"@context":"https:\/\/schema.org","@graph":[{"@type":"WebPage","@id":"https:\/\/web.umons.ac.be\/fs\/fr\/les-departements\/chimie\/services-denseignement-de-recherche\/","url":"https:\/\/web.umons.ac.be\/fs\/fr\/les-departements\/chimie\/services-denseignement-de-recherche\/","name":"Services d\\'enseignement et de recherche - Facult\u00e9 \/ FS","isPartOf":{"@id":"https:\/\/web.umons.ac.be\/fs\/#website"},"datePublished":"2017-07-10T12:00:39+00:00","dateModified":"2025-10-01T08:08:41+00:00","breadcrumb":{"@id":"https:\/\/web.umons.ac.be\/fs\/fr\/les-departements\/chimie\/services-denseignement-de-recherche\/#breadcrumb"},"inLanguage":"fr-FR","potentialAction":[{"@type":"ReadAction","target":["https:\/\/web.umons.ac.be\/fs\/fr\/les-departements\/chimie\/services-denseignement-de-recherche\/"]}]},{"@type":"BreadcrumbList","@id":"https:\/\/web.umons.ac.be\/fs\/fr\/les-departements\/chimie\/services-denseignement-de-recherche\/#breadcrumb","itemListElement":[{"@type":"ListItem","position":1,"name":"Accueil","item":"https:\/\/web.umons.ac.be\/fs\/fr\/"},{"@type":"ListItem","position":2,"name":"Les d\u00e9partements","item":"https:\/\/web.umons.ac.be\/fs\/fr\/les-departements\/"},{"@type":"ListItem","position":3,"name":"Chimie","item":"https:\/\/web.umons.ac.be\/fs\/fr\/les-departements\/chimie\/"},{"@type":"ListItem","position":4,"name":"Services d&rsquo;enseignement et de recherche"}]},{"@type":"WebSite","@id":"https:\/\/web.umons.ac.be\/fs\/#website","url":"https:\/\/web.umons.ac.be\/fs\/","name":"Facult\u00e9 \/ FS","description":"","potentialAction":[{"@type":"SearchAction","target":{"@type":"EntryPoint","urlTemplate":"https:\/\/web.umons.ac.be\/fs\/?s={search_term_string}"},"query-input":{"@type":"PropertyValueSpecification","valueRequired":true,"valueName":"search_term_string"}}],"inLanguage":"fr-FR"}]}},"lang":"fr","translations":{"fr":87},"pll_sync_post":[],"_links":{"self":[{"href":"https:\/\/web.umons.ac.be\/fs\/wp-json\/wp\/v2\/pages\/87","targetHints":{"allow":["GET"]}}],"collection":[{"href":"https:\/\/web.umons.ac.be\/fs\/wp-json\/wp\/v2\/pages"}],"about":[{"href":"https:\/\/web.umons.ac.be\/fs\/wp-json\/wp\/v2\/types\/page"}],"author":[{"embeddable":true,"href":"https:\/\/web.umons.ac.be\/fs\/wp-json\/wp\/v2\/users\/2"}],"replies":[{"embeddable":true,"href":"https:\/\/web.umons.ac.be\/fs\/wp-json\/wp\/v2\/comments?post=87"}],"version-history":[{"count":3,"href":"https:\/\/web.umons.ac.be\/fs\/wp-json\/wp\/v2\/pages\/87\/revisions"}],"predecessor-version":[{"id":2327,"href":"https:\/\/web.umons.ac.be\/fs\/wp-json\/wp\/v2\/pages\/87\/revisions\/2327"}],"up":[{"embeddable":true,"href":"https:\/\/web.umons.ac.be\/fs\/wp-json\/wp\/v2\/pages\/106"}],"wp:attachment":[{"href":"https:\/\/web.umons.ac.be\/fs\/wp-json\/wp\/v2\/media?parent=87"}],"curies":[{"name":"wp","href":"https:\/\/api.w.org\/{rel}","templated":true}]}}