{"id":96,"date":"2017-07-10T14:03:19","date_gmt":"2017-07-10T12:03:19","guid":{"rendered":"https:\/\/web.umons.ac.be\/fs\/?page_id=96"},"modified":"2022-09-05T10:39:37","modified_gmt":"2022-09-05T08:39:37","slug":"services-denseignement-de-recherche","status":"publish","type":"page","link":"https:\/\/web.umons.ac.be\/fs\/fr\/les-departements\/physique\/services-denseignement-de-recherche\/","title":{"rendered":"Services d&rsquo;enseignement et de recherche"},"content":{"rendered":"<h2>D\u00e9couvrir les domaines de recherche<\/h2>\n<h3>Services :<\/h3>\n<div class=\"level-section\">\n<div>\n<div class=\"level-header\"><a href=\"https:\/\/web.umons.ac.be\/mmnp\">Mat\u00e9riaux Micro- et Nanophotonique<\/a><\/div>\n<div class=\"level-description\">Service de Bjorn MAES<br \/>\n<a href=\"https:\/\/web.umons.ac.be\/paas\"><strong>Physique atomique et astrophysique<\/strong><\/a><br \/>\nService de Pascal QUINET<br \/>\n<a href=\"https:\/\/web.umons.ac.be\/pucg\" rel=\"noopener\"><strong>Physique de l\u2019Univers, Champs et Gravitation<\/strong><\/a><br \/>\nService de Nicolas BOULANGER<\/div>\n<\/div>\n<\/div>\n<div class=\"level-section\">\n<div>\n<div class=\"level-header\"><a href=\"https:\/\/web.umons.ac.be\/lpmo\">Physique des mat\u00e9riaux et Optique<\/a><\/div>\n<div class=\"level-description\">Service de Michel VOUE<\/div>\n<\/div>\n<\/div>\n<div class=\"level-section\">\n<div>\n<div class=\"level-description\"><a style=\"font-size: 14px;\" href=\"https:\/\/web.umons.ac.be\/pnsn\">Physique Nucl\u00e9aire et Subnucl\u00e9aire<\/a><\/div>\n<\/div>\n<\/div>\n<div class=\"level-section\">\n<div class=\"level-description\">Service de Claude SEMAY<\/div>\n<div><a href=\"https:\/\/web.umons.ac.be\/lpne\">Physique des Nanomat\u00e9riaux et Energie <\/a><\/div>\n<div>Service de Philippe LECLERE<\/div>\n<div><a href=\"https:\/\/web.umons.ac.be\/scpt\">Chimie Physique Th\u00e9orique<\/a><\/div>\n<div>Service de Colin VAN DYCK<\/div>\n<div>\n<div><a href=\"https:\/\/web.umons.ac.be\/pebi\">Physique Biom\u00e9dicale <\/a><\/div>\n<div>Service de Yves GOSSUIN<\/div>\n<\/div>\n<\/div>\n","protected":false},"excerpt":{"rendered":"<p>D\u00e9couvrir les domaines de recherche Services : Mat\u00e9riaux Micro- et Nanophotonique Service de Bjorn MAES Physique atomique et astrophysique Service de Pascal QUINET Physique de l\u2019Univers, Champs et Gravitation Service de Nicolas BOULANGER Physique des mat\u00e9riaux et Optique Service de Michel VOUE Physique Nucl\u00e9aire et Subnucl\u00e9aire Service de Claude SEMAY Physique des Nanomat\u00e9riaux et Energie [&hellip;]<\/p>\n","protected":false},"author":2,"featured_media":0,"parent":121,"menu_order":0,"comment_status":"closed","ping_status":"closed","template":"","meta":{"footnotes":""},"class_list":["post-96","page","type-page","status-publish","hentry"],"yoast_head":"<!-- This site is optimized with the Yoast SEO plugin v27.2 - https:\/\/yoast.com\/product\/yoast-seo-wordpress\/ -->\n<title>Services d\\&#039;enseignement et de recherche - Facult\u00e9 \/ FS<\/title>\n<meta name=\"robots\" content=\"index, follow, max-snippet:-1, max-image-preview:large, max-video-preview:-1\" \/>\n<link rel=\"canonical\" href=\"https:\/\/web.umons.ac.be\/fs\/fr\/les-departements\/physique\/services-denseignement-de-recherche\/\" \/>\n<meta property=\"og:locale\" content=\"fr_FR\" \/>\n<meta property=\"og:type\" content=\"article\" \/>\n<meta property=\"og:title\" content=\"Services d\\&#039;enseignement et de recherche - Facult\u00e9 \/ FS\" \/>\n<meta property=\"og:description\" content=\"D\u00e9couvrir les domaines de recherche Services : Mat\u00e9riaux Micro- et Nanophotonique Service de Bjorn MAES Physique atomique et astrophysique Service de Pascal QUINET Physique de l\u2019Univers, Champs et Gravitation Service de Nicolas BOULANGER Physique des mat\u00e9riaux et Optique Service de Michel VOUE Physique Nucl\u00e9aire et Subnucl\u00e9aire Service de Claude SEMAY Physique des Nanomat\u00e9riaux et Energie [&hellip;]\" \/>\n<meta property=\"og:url\" content=\"https:\/\/web.umons.ac.be\/fs\/fr\/les-departements\/physique\/services-denseignement-de-recherche\/\" \/>\n<meta property=\"og:site_name\" content=\"Facult\u00e9 \/ FS\" \/>\n<meta property=\"article:modified_time\" content=\"2022-09-05T08:39:37+00:00\" \/>\n<meta name=\"twitter:card\" content=\"summary_large_image\" \/>\n<meta name=\"twitter:label1\" content=\"Dur\u00e9e de lecture estim\u00e9e\" \/>\n\t<meta name=\"twitter:data1\" content=\"1 minute\" \/>\n<script type=\"application\/ld+json\" class=\"yoast-schema-graph\">{\"@context\":\"https:\/\/schema.org\",\"@graph\":[{\"@type\":\"WebPage\",\"@id\":\"https:\/\/web.umons.ac.be\/fs\/fr\/les-departements\/physique\/services-denseignement-de-recherche\/\",\"url\":\"https:\/\/web.umons.ac.be\/fs\/fr\/les-departements\/physique\/services-denseignement-de-recherche\/\",\"name\":\"Services d\\\\'enseignement et de recherche - Facult\u00e9 \/ FS\",\"isPartOf\":{\"@id\":\"https:\/\/web.umons.ac.be\/fs\/#website\"},\"datePublished\":\"2017-07-10T12:03:19+00:00\",\"dateModified\":\"2022-09-05T08:39:37+00:00\",\"breadcrumb\":{\"@id\":\"https:\/\/web.umons.ac.be\/fs\/fr\/les-departements\/physique\/services-denseignement-de-recherche\/#breadcrumb\"},\"inLanguage\":\"fr-FR\",\"potentialAction\":[{\"@type\":\"ReadAction\",\"target\":[\"https:\/\/web.umons.ac.be\/fs\/fr\/les-departements\/physique\/services-denseignement-de-recherche\/\"]}]},{\"@type\":\"BreadcrumbList\",\"@id\":\"https:\/\/web.umons.ac.be\/fs\/fr\/les-departements\/physique\/services-denseignement-de-recherche\/#breadcrumb\",\"itemListElement\":[{\"@type\":\"ListItem\",\"position\":1,\"name\":\"Accueil\",\"item\":\"https:\/\/web.umons.ac.be\/fs\/fr\/\"},{\"@type\":\"ListItem\",\"position\":2,\"name\":\"Les d\u00e9partements\",\"item\":\"https:\/\/web.umons.ac.be\/fs\/fr\/les-departements\/\"},{\"@type\":\"ListItem\",\"position\":3,\"name\":\"Physique\",\"item\":\"https:\/\/web.umons.ac.be\/fs\/fr\/les-departements\/physique\/\"},{\"@type\":\"ListItem\",\"position\":4,\"name\":\"Services d&rsquo;enseignement et de recherche\"}]},{\"@type\":\"WebSite\",\"@id\":\"https:\/\/web.umons.ac.be\/fs\/#website\",\"url\":\"https:\/\/web.umons.ac.be\/fs\/\",\"name\":\"Facult\u00e9 \/ FS\",\"description\":\"\",\"potentialAction\":[{\"@type\":\"SearchAction\",\"target\":{\"@type\":\"EntryPoint\",\"urlTemplate\":\"https:\/\/web.umons.ac.be\/fs\/?s={search_term_string}\"},\"query-input\":{\"@type\":\"PropertyValueSpecification\",\"valueRequired\":true,\"valueName\":\"search_term_string\"}}],\"inLanguage\":\"fr-FR\"}]}<\/script>\n<!-- \/ Yoast SEO plugin. -->","yoast_head_json":{"title":"Services d\\'enseignement et de recherche - Facult\u00e9 \/ FS","robots":{"index":"index","follow":"follow","max-snippet":"max-snippet:-1","max-image-preview":"max-image-preview:large","max-video-preview":"max-video-preview:-1"},"canonical":"https:\/\/web.umons.ac.be\/fs\/fr\/les-departements\/physique\/services-denseignement-de-recherche\/","og_locale":"fr_FR","og_type":"article","og_title":"Services d\\'enseignement et de recherche - Facult\u00e9 \/ FS","og_description":"D\u00e9couvrir les domaines de recherche Services : Mat\u00e9riaux Micro- et Nanophotonique Service de Bjorn MAES Physique atomique et astrophysique Service de Pascal QUINET Physique de l\u2019Univers, Champs et Gravitation Service de Nicolas BOULANGER Physique des mat\u00e9riaux et Optique Service de Michel VOUE Physique Nucl\u00e9aire et Subnucl\u00e9aire Service de Claude SEMAY Physique des Nanomat\u00e9riaux et Energie [&hellip;]","og_url":"https:\/\/web.umons.ac.be\/fs\/fr\/les-departements\/physique\/services-denseignement-de-recherche\/","og_site_name":"Facult\u00e9 \/ FS","article_modified_time":"2022-09-05T08:39:37+00:00","twitter_card":"summary_large_image","twitter_misc":{"Dur\u00e9e de lecture estim\u00e9e":"1 minute"},"schema":{"@context":"https:\/\/schema.org","@graph":[{"@type":"WebPage","@id":"https:\/\/web.umons.ac.be\/fs\/fr\/les-departements\/physique\/services-denseignement-de-recherche\/","url":"https:\/\/web.umons.ac.be\/fs\/fr\/les-departements\/physique\/services-denseignement-de-recherche\/","name":"Services d\\'enseignement et de recherche - Facult\u00e9 \/ FS","isPartOf":{"@id":"https:\/\/web.umons.ac.be\/fs\/#website"},"datePublished":"2017-07-10T12:03:19+00:00","dateModified":"2022-09-05T08:39:37+00:00","breadcrumb":{"@id":"https:\/\/web.umons.ac.be\/fs\/fr\/les-departements\/physique\/services-denseignement-de-recherche\/#breadcrumb"},"inLanguage":"fr-FR","potentialAction":[{"@type":"ReadAction","target":["https:\/\/web.umons.ac.be\/fs\/fr\/les-departements\/physique\/services-denseignement-de-recherche\/"]}]},{"@type":"BreadcrumbList","@id":"https:\/\/web.umons.ac.be\/fs\/fr\/les-departements\/physique\/services-denseignement-de-recherche\/#breadcrumb","itemListElement":[{"@type":"ListItem","position":1,"name":"Accueil","item":"https:\/\/web.umons.ac.be\/fs\/fr\/"},{"@type":"ListItem","position":2,"name":"Les d\u00e9partements","item":"https:\/\/web.umons.ac.be\/fs\/fr\/les-departements\/"},{"@type":"ListItem","position":3,"name":"Physique","item":"https:\/\/web.umons.ac.be\/fs\/fr\/les-departements\/physique\/"},{"@type":"ListItem","position":4,"name":"Services d&rsquo;enseignement et de recherche"}]},{"@type":"WebSite","@id":"https:\/\/web.umons.ac.be\/fs\/#website","url":"https:\/\/web.umons.ac.be\/fs\/","name":"Facult\u00e9 \/ FS","description":"","potentialAction":[{"@type":"SearchAction","target":{"@type":"EntryPoint","urlTemplate":"https:\/\/web.umons.ac.be\/fs\/?s={search_term_string}"},"query-input":{"@type":"PropertyValueSpecification","valueRequired":true,"valueName":"search_term_string"}}],"inLanguage":"fr-FR"}]}},"lang":"fr","translations":{"fr":96},"pll_sync_post":[],"_links":{"self":[{"href":"https:\/\/web.umons.ac.be\/fs\/wp-json\/wp\/v2\/pages\/96","targetHints":{"allow":["GET"]}}],"collection":[{"href":"https:\/\/web.umons.ac.be\/fs\/wp-json\/wp\/v2\/pages"}],"about":[{"href":"https:\/\/web.umons.ac.be\/fs\/wp-json\/wp\/v2\/types\/page"}],"author":[{"embeddable":true,"href":"https:\/\/web.umons.ac.be\/fs\/wp-json\/wp\/v2\/users\/2"}],"replies":[{"embeddable":true,"href":"https:\/\/web.umons.ac.be\/fs\/wp-json\/wp\/v2\/comments?post=96"}],"version-history":[{"count":3,"href":"https:\/\/web.umons.ac.be\/fs\/wp-json\/wp\/v2\/pages\/96\/revisions"}],"predecessor-version":[{"id":1863,"href":"https:\/\/web.umons.ac.be\/fs\/wp-json\/wp\/v2\/pages\/96\/revisions\/1863"}],"up":[{"embeddable":true,"href":"https:\/\/web.umons.ac.be\/fs\/wp-json\/wp\/v2\/pages\/121"}],"wp:attachment":[{"href":"https:\/\/web.umons.ac.be\/fs\/wp-json\/wp\/v2\/media?parent=96"}],"curies":[{"name":"wp","href":"https:\/\/api.w.org\/{rel}","templated":true}]}}