{"id":1005,"date":"2022-02-25T15:39:07","date_gmt":"2022-02-25T14:39:07","guid":{"rendered":"https:\/\/web.umons.ac.be\/fti-eii\/?page_id=1005"},"modified":"2022-02-25T15:51:12","modified_gmt":"2022-02-25T14:51:12","slug":"partir-en-mobilite-out","status":"publish","type":"page","link":"https:\/\/web.umons.ac.be\/fti-eii\/fr\/etudes\/mobilite-etudiante-international\/partir-en-mobilite-out\/","title":{"rendered":"Partir en mobilit\u00e9 OUT"},"content":{"rendered":"<p>La Facult\u00e9 de Traduction et d\u2019Interpr\u00e9tation &#8211; \u00c9cole d\u2019Interpr\u00e8tes Internationaux participe aux divers programmes europ\u00e9ens de mobilit\u00e9 depuis leur cr\u00e9ation.<\/p>\n<p>La labellisation ERASMUS, obtenue par l\u2019UMONS en 2011, renforce et garantit la qualit\u00e9 de la mobilit\u00e9 entre la Facult\u00e9 et ses institutions partenaires de par le monde.<\/p>\n<p>Les \u00e9tudiants de la Facult\u00e9 sont encourag\u00e9s en 3<sup>e<\/sup> ann\u00e9e de Bachelier \u00e0 s\u00e9journer dans une universit\u00e9 \u00e9trang\u00e8re. La FTI-EII leur offre la possibilit\u00e9 de partir un quadrimestre ou une ann\u00e9e enti\u00e8re dans des destinations aussi diverses que l\u2019Allemagne, l\u2019Autriche, la Bi\u00e9lorussie, la Chine, le Danemark, l\u2019Espagne, les \u00c9tats-Unis, la Finlande, l\u2019Italie, le Japon, le Liban, les Pays-Bas, le Royaume-Uni, la Russie ou encore la Su\u00e8de. Cette mobilit\u00e9 internationale permet aux \u00e9tudiants de b\u00e9n\u00e9ficier d\u2019une autre culture universitaire et, ainsi, de vivre une exp\u00e9rience enrichissante sur le plan acad\u00e9mique et personnel. Le stage professionnel de fin de Master peut, lui aussi, \u00eatre effectu\u00e9 \u00e0 l\u2019\u00e9tranger.<\/p>\n<p>Vid\u00e9os \u00e9tudiants OUT (https:\/\/web.umons.ac.be\/fti-eii\/fr\/etudes\/sejours-detudes-a-letranger\/)<\/p>\n<p><iframe loading=\"lazy\" title=\"Loredana @ Minsk State Linguistic University - Bi\u00e9lorussie\" width=\"500\" height=\"281\" src=\"https:\/\/www.youtube.com\/embed\/twqsvmpe9EM?list=PLebk0orgBA012HQFyGSc7cnh37L4QoVRf\" frameborder=\"0\" allow=\"accelerometer; autoplay; clipboard-write; encrypted-media; gyroscope; picture-in-picture; web-share\" referrerpolicy=\"strict-origin-when-cross-origin\" allowfullscreen><\/iframe><\/p>\n<p><iframe loading=\"lazy\" title=\"Victoria Hendrickx @ Universiteit Utrecht\" width=\"500\" height=\"281\" src=\"https:\/\/www.youtube.com\/embed\/tEDMItA-RS4?list=PLebk0orgBA012HQFyGSc7cnh37L4QoVRf\" frameborder=\"0\" allow=\"accelerometer; autoplay; clipboard-write; encrypted-media; gyroscope; picture-in-picture; web-share\" referrerpolicy=\"strict-origin-when-cross-origin\" allowfullscreen><\/iframe><\/p>\n<p><iframe loading=\"lazy\" title=\"Juliette Lewin @ Universit\u00e9 d&#039;\u00e9tat de Moscou\" width=\"500\" height=\"281\" src=\"https:\/\/www.youtube.com\/embed\/LkcBr2IH3co?list=PLebk0orgBA012HQFyGSc7cnh37L4QoVRf\" frameborder=\"0\" allow=\"accelerometer; autoplay; clipboard-write; encrypted-media; gyroscope; picture-in-picture; web-share\" referrerpolicy=\"strict-origin-when-cross-origin\" allowfullscreen><\/iframe><\/p>\n<p>Pour plus de pr\u00e9cisions, consultez la page Mobilit\u00e9 OUTGOING du Service des Relations Internationales\u00a0: <a href=\"https:\/\/web.umons.ac.be\/fr\/international\/mobilite-outgoing\/\">https:\/\/web.umons.ac.be\/fr\/international\/mobilite-outgoing\/<\/a><\/p>\n<p><strong>Service des Relations Internationales de l\u2019UMONS<\/strong><\/p>\n<p>Sarah Graindorge<\/p>\n<p>Coordinatrice administrative<\/p>\n<p><a href=\"mailto:sarah.graindorge@umons.ac.be\">sarah.graindorge@umons.ac.be<\/a><\/p>\n","protected":false},"excerpt":{"rendered":"<p>La Facult\u00e9 de Traduction et d\u2019Interpr\u00e9tation &#8211; \u00c9cole d\u2019Interpr\u00e8tes Internationaux participe aux divers programmes europ\u00e9ens de mobilit\u00e9 depuis leur cr\u00e9ation. La labellisation ERASMUS, obtenue par l\u2019UMONS en 2011, renforce et garantit la qualit\u00e9 de la mobilit\u00e9 entre la Facult\u00e9 et ses institutions partenaires de par le monde. Les \u00e9tudiants de la Facult\u00e9 sont encourag\u00e9s en [&hellip;]<\/p>\n","protected":false},"author":2,"featured_media":0,"parent":103,"menu_order":0,"comment_status":"closed","ping_status":"closed","template":"","meta":{"footnotes":""},"class_list":["post-1005","page","type-page","status-publish","hentry"],"yoast_head":"<!-- This site is optimized with the Yoast SEO plugin v27.2 - https:\/\/yoast.com\/product\/yoast-seo-wordpress\/ -->\n<title>Partir en mobilit\u00e9 OUT - Facult\u00e9 \/ FTI-EII<\/title>\n<meta name=\"robots\" content=\"index, follow, max-snippet:-1, max-image-preview:large, max-video-preview:-1\" \/>\n<link rel=\"canonical\" href=\"https:\/\/web.umons.ac.be\/fti-eii\/fr\/etudes\/mobilite-etudiante-international\/partir-en-mobilite-out\/\" \/>\n<meta property=\"og:locale\" content=\"fr_FR\" \/>\n<meta property=\"og:type\" content=\"article\" \/>\n<meta property=\"og:title\" content=\"Partir en mobilit\u00e9 OUT - Facult\u00e9 \/ FTI-EII\" \/>\n<meta property=\"og:description\" content=\"La Facult\u00e9 de Traduction et d\u2019Interpr\u00e9tation &#8211; \u00c9cole d\u2019Interpr\u00e8tes Internationaux participe aux divers programmes europ\u00e9ens de mobilit\u00e9 depuis leur cr\u00e9ation. La labellisation ERASMUS, obtenue par l\u2019UMONS en 2011, renforce et garantit la qualit\u00e9 de la mobilit\u00e9 entre la Facult\u00e9 et ses institutions partenaires de par le monde. Les \u00e9tudiants de la Facult\u00e9 sont encourag\u00e9s en [&hellip;]\" \/>\n<meta property=\"og:url\" content=\"https:\/\/web.umons.ac.be\/fti-eii\/fr\/etudes\/mobilite-etudiante-international\/partir-en-mobilite-out\/\" \/>\n<meta property=\"og:site_name\" content=\"Facult\u00e9 \/ FTI-EII\" \/>\n<meta property=\"article:modified_time\" content=\"2022-02-25T14:51:12+00:00\" \/>\n<meta name=\"twitter:card\" content=\"summary_large_image\" \/>\n<meta name=\"twitter:label1\" content=\"Dur\u00e9e de lecture estim\u00e9e\" \/>\n\t<meta name=\"twitter:data1\" content=\"1 minute\" \/>\n<script type=\"application\/ld+json\" class=\"yoast-schema-graph\">{\"@context\":\"https:\/\/schema.org\",\"@graph\":[{\"@type\":\"WebPage\",\"@id\":\"https:\/\/web.umons.ac.be\/fti-eii\/fr\/etudes\/mobilite-etudiante-international\/partir-en-mobilite-out\/\",\"url\":\"https:\/\/web.umons.ac.be\/fti-eii\/fr\/etudes\/mobilite-etudiante-international\/partir-en-mobilite-out\/\",\"name\":\"Partir en mobilit\u00e9 OUT - Facult\u00e9 \/ FTI-EII\",\"isPartOf\":{\"@id\":\"https:\/\/web.umons.ac.be\/fti-eii\/#website\"},\"datePublished\":\"2022-02-25T14:39:07+00:00\",\"dateModified\":\"2022-02-25T14:51:12+00:00\",\"breadcrumb\":{\"@id\":\"https:\/\/web.umons.ac.be\/fti-eii\/fr\/etudes\/mobilite-etudiante-international\/partir-en-mobilite-out\/#breadcrumb\"},\"inLanguage\":\"fr-FR\",\"potentialAction\":[{\"@type\":\"ReadAction\",\"target\":[\"https:\/\/web.umons.ac.be\/fti-eii\/fr\/etudes\/mobilite-etudiante-international\/partir-en-mobilite-out\/\"]}]},{\"@type\":\"BreadcrumbList\",\"@id\":\"https:\/\/web.umons.ac.be\/fti-eii\/fr\/etudes\/mobilite-etudiante-international\/partir-en-mobilite-out\/#breadcrumb\",\"itemListElement\":[{\"@type\":\"ListItem\",\"position\":1,\"name\":\"Accueil\",\"item\":\"https:\/\/web.umons.ac.be\/fti-eii\/fr\/\"},{\"@type\":\"ListItem\",\"position\":2,\"name\":\"Etudes\",\"item\":\"https:\/\/web.umons.ac.be\/fti-eii\/fr\/etudes\/\"},{\"@type\":\"ListItem\",\"position\":3,\"name\":\"Mobilit\u00e9 \u00e9tudiante \u2013 International\",\"item\":\"https:\/\/web.umons.ac.be\/fti-eii\/fr\/etudes\/mobilite-etudiante-international\/\"},{\"@type\":\"ListItem\",\"position\":4,\"name\":\"Partir en mobilit\u00e9 OUT\"}]},{\"@type\":\"WebSite\",\"@id\":\"https:\/\/web.umons.ac.be\/fti-eii\/#website\",\"url\":\"https:\/\/web.umons.ac.be\/fti-eii\/\",\"name\":\"Facult\u00e9 \/ FTI-EII\",\"description\":\"\",\"potentialAction\":[{\"@type\":\"SearchAction\",\"target\":{\"@type\":\"EntryPoint\",\"urlTemplate\":\"https:\/\/web.umons.ac.be\/fti-eii\/?s={search_term_string}\"},\"query-input\":{\"@type\":\"PropertyValueSpecification\",\"valueRequired\":true,\"valueName\":\"search_term_string\"}}],\"inLanguage\":\"fr-FR\"}]}<\/script>\n<!-- \/ Yoast SEO plugin. -->","yoast_head_json":{"title":"Partir en mobilit\u00e9 OUT - Facult\u00e9 \/ FTI-EII","robots":{"index":"index","follow":"follow","max-snippet":"max-snippet:-1","max-image-preview":"max-image-preview:large","max-video-preview":"max-video-preview:-1"},"canonical":"https:\/\/web.umons.ac.be\/fti-eii\/fr\/etudes\/mobilite-etudiante-international\/partir-en-mobilite-out\/","og_locale":"fr_FR","og_type":"article","og_title":"Partir en mobilit\u00e9 OUT - Facult\u00e9 \/ FTI-EII","og_description":"La Facult\u00e9 de Traduction et d\u2019Interpr\u00e9tation &#8211; \u00c9cole d\u2019Interpr\u00e8tes Internationaux participe aux divers programmes europ\u00e9ens de mobilit\u00e9 depuis leur cr\u00e9ation. La labellisation ERASMUS, obtenue par l\u2019UMONS en 2011, renforce et garantit la qualit\u00e9 de la mobilit\u00e9 entre la Facult\u00e9 et ses institutions partenaires de par le monde. Les \u00e9tudiants de la Facult\u00e9 sont encourag\u00e9s en [&hellip;]","og_url":"https:\/\/web.umons.ac.be\/fti-eii\/fr\/etudes\/mobilite-etudiante-international\/partir-en-mobilite-out\/","og_site_name":"Facult\u00e9 \/ FTI-EII","article_modified_time":"2022-02-25T14:51:12+00:00","twitter_card":"summary_large_image","twitter_misc":{"Dur\u00e9e de lecture estim\u00e9e":"1 minute"},"schema":{"@context":"https:\/\/schema.org","@graph":[{"@type":"WebPage","@id":"https:\/\/web.umons.ac.be\/fti-eii\/fr\/etudes\/mobilite-etudiante-international\/partir-en-mobilite-out\/","url":"https:\/\/web.umons.ac.be\/fti-eii\/fr\/etudes\/mobilite-etudiante-international\/partir-en-mobilite-out\/","name":"Partir en mobilit\u00e9 OUT - Facult\u00e9 \/ FTI-EII","isPartOf":{"@id":"https:\/\/web.umons.ac.be\/fti-eii\/#website"},"datePublished":"2022-02-25T14:39:07+00:00","dateModified":"2022-02-25T14:51:12+00:00","breadcrumb":{"@id":"https:\/\/web.umons.ac.be\/fti-eii\/fr\/etudes\/mobilite-etudiante-international\/partir-en-mobilite-out\/#breadcrumb"},"inLanguage":"fr-FR","potentialAction":[{"@type":"ReadAction","target":["https:\/\/web.umons.ac.be\/fti-eii\/fr\/etudes\/mobilite-etudiante-international\/partir-en-mobilite-out\/"]}]},{"@type":"BreadcrumbList","@id":"https:\/\/web.umons.ac.be\/fti-eii\/fr\/etudes\/mobilite-etudiante-international\/partir-en-mobilite-out\/#breadcrumb","itemListElement":[{"@type":"ListItem","position":1,"name":"Accueil","item":"https:\/\/web.umons.ac.be\/fti-eii\/fr\/"},{"@type":"ListItem","position":2,"name":"Etudes","item":"https:\/\/web.umons.ac.be\/fti-eii\/fr\/etudes\/"},{"@type":"ListItem","position":3,"name":"Mobilit\u00e9 \u00e9tudiante \u2013 International","item":"https:\/\/web.umons.ac.be\/fti-eii\/fr\/etudes\/mobilite-etudiante-international\/"},{"@type":"ListItem","position":4,"name":"Partir en mobilit\u00e9 OUT"}]},{"@type":"WebSite","@id":"https:\/\/web.umons.ac.be\/fti-eii\/#website","url":"https:\/\/web.umons.ac.be\/fti-eii\/","name":"Facult\u00e9 \/ FTI-EII","description":"","potentialAction":[{"@type":"SearchAction","target":{"@type":"EntryPoint","urlTemplate":"https:\/\/web.umons.ac.be\/fti-eii\/?s={search_term_string}"},"query-input":{"@type":"PropertyValueSpecification","valueRequired":true,"valueName":"search_term_string"}}],"inLanguage":"fr-FR"}]}},"lang":"fr","translations":{"fr":1005,"en":1007},"pll_sync_post":[],"_links":{"self":[{"href":"https:\/\/web.umons.ac.be\/fti-eii\/wp-json\/wp\/v2\/pages\/1005","targetHints":{"allow":["GET"]}}],"collection":[{"href":"https:\/\/web.umons.ac.be\/fti-eii\/wp-json\/wp\/v2\/pages"}],"about":[{"href":"https:\/\/web.umons.ac.be\/fti-eii\/wp-json\/wp\/v2\/types\/page"}],"author":[{"embeddable":true,"href":"https:\/\/web.umons.ac.be\/fti-eii\/wp-json\/wp\/v2\/users\/2"}],"replies":[{"embeddable":true,"href":"https:\/\/web.umons.ac.be\/fti-eii\/wp-json\/wp\/v2\/comments?post=1005"}],"version-history":[{"count":2,"href":"https:\/\/web.umons.ac.be\/fti-eii\/wp-json\/wp\/v2\/pages\/1005\/revisions"}],"predecessor-version":[{"id":1013,"href":"https:\/\/web.umons.ac.be\/fti-eii\/wp-json\/wp\/v2\/pages\/1005\/revisions\/1013"}],"up":[{"embeddable":true,"href":"https:\/\/web.umons.ac.be\/fti-eii\/wp-json\/wp\/v2\/pages\/103"}],"wp:attachment":[{"href":"https:\/\/web.umons.ac.be\/fti-eii\/wp-json\/wp\/v2\/media?parent=1005"}],"curies":[{"name":"wp","href":"https:\/\/api.w.org\/{rel}","templated":true}]}}