{"id":1022,"date":"2022-02-25T16:00:57","date_gmt":"2022-02-25T15:00:57","guid":{"rendered":"https:\/\/web.umons.ac.be\/fti-eii\/?page_id=1022"},"modified":"2024-11-26T16:12:17","modified_gmt":"2024-11-26T15:12:17","slug":"thesis","status":"publish","type":"page","link":"https:\/\/web.umons.ac.be\/fti-eii\/en\/activites-de-recherche\/thesis\/","title":{"rendered":"PhD Theses"},"content":{"rendered":"<p>Since the creation of the Doctoral School in Languages, Literature and Translation, the Faculty of Translation and Interpretation at the University of Mons has awarded the title of <strong>Doctor in Languages, Literature and Translation<\/strong> to:<\/p>\n<ul>\n<li>22<sup>nd<\/sup> October 2015: C\u00e9dric Lenglet, <em>\u201cProsodie et qualit\u00e9 en interpr\u00e9tation simultan\u00e9e\u00a0: analyse et perception\u201d<\/em>, under the supervision of Christine Michaux.<\/li>\n<li>3<sup>rd<\/sup> October 2016: Ayoub Chafik, <em>\u201cMutations de l\u2019information politique t\u00e9l\u00e9visuelle en \u00c9gypte\u00a0: vers une \u00e9thique communicationnelle de la complexit\u00e9 locale, r\u00e9gionale et cosmopolite\u201d<\/em>, under the supervision of Mihaela Tudor and Hayssam Safar.<\/li>\n<li>25<sup>th<\/sup> October 2016: Gonzalo Francisco Sanchez, <em>\u201c<\/em>El habla de la Sierra de Francia en su contexto geogr\u00e1fico, hist\u00f3rico y social<em>\u201d<\/em>, under the supervision of Christine Michaux.<\/li>\n<li>13<sup>th<\/sup> March 2018: Val\u00e9rie Vincent, <em>\u201cSens et sensibilit\u00e9 de l\u2019ironie matrimoniale de Jane Austen dans les traductions en fran\u00e7ais du roman Sense and Sensibility\u201d<\/em>, under the supervision of Alain Piette.<\/li>\n<li>22<sup>nd<\/sup> June 2018: Brahim Hannachi, <em>\u201cLa s\u00e9miotique cin\u00e9matographique au service de la traduction audiovisuelle\u00a0: r\u00e9flexions th\u00e9oriques et propositions pratiques en r\u00e9ponse aux d\u00e9fis techniques et id\u00e9ologiques du sous-titrage\u201d<\/em>, under the supervision of Hayssam Safar and Catherine Gravet.<\/li>\n<li>19<sup>th<\/sup> June 2018: Anne Deliz\u00e9e, <em>\u201cDu r\u00f4le de l\u2019interpr\u00e8te en sant\u00e9 mentale\u00a0: analyse socio-discursive de ses positions subjectives au sein de la triade th\u00e9rapeute-patient-interpr\u00e8te\u201d<\/em>, under the supervision of Christine Michaux.<\/li>\n<li>23<sup>rd<\/sup> October 2018: Hanne Cardoen, <em>\u201c<\/em>Efficient note-taking in consecutive interpreting<em>\u201d<\/em>, under the supervision of Gudrun Vanderbauwhede.<\/li>\n<li>7<sup>th<\/sup> February 2019: B\u00e9n\u00e9dicte Van Gysel, <em>\u201cLa traduction de l\u2019Apologie de Socrate par J\u00f8rgen Mejer. <\/em><em>\u00c9tude d\u2019une version danoise de Platon. Approches traductologique, contrastive et didactique\u201d<\/em>, under the supervision of Hedwig Reuter.<\/li>\n<li>2<sup>nd<\/sup> December 2020: Lo\u00efc De Faria Pires, <em>\u201cEffets de l\u2019exp\u00e9rience professionnelle sur la qualit\u00e9 des textes post-\u00e9dit\u00e9s \u00e0 la DGT\u00a0\u00bb<\/em>, under the supervision of Christine Michaux.<\/li>\n<li>23<sup>rd<\/sup> April 2021: Camille No\u00ebl, <em>\u201cAdaptation des spectacles d\u2019humour qu\u00e9b\u00e9cois en Europe : entre n\u00e9cessit\u00e9 et alt\u00e9ration\u00a0?\u201d<\/em>, under the supervision of Catherine Gravet and St\u00e9phanie Schwerter.<\/li>\n<li>27<sup>th<\/sup> May 2021: Charl\u00e8ne Meyers, <em>\u201cQualitative and quantitative analyses of metaphors in the LSP of astrophysics: a comparative linguistic study in three registers of English and a translation study in English and French followed by pedagogical considerations\u201d<\/em>, under the supervision of Christine Michaux.<\/li>\n<li>22<sup>nd<\/sup> June 2021: Adrien Kefer, <em>\u201cLes pr\u00e9positions allemandes et les difficult\u00e9s qu\u2019elles posent aux \u00e9tudiants en traduction allemand-fran\u00e7ais : de l\u2019identification des erreurs aux propositions de rem\u00e9diation\u201d<\/em>, under the supervision of Michel Berr\u00e9 and Indra Noel.<\/li>\n<li>26<sup>th<\/sup> October 2021: Tiffany Jandrain, <em>\u201cLa transposition de registres en traduction de textes pragmatiques : descriptions th\u00e9oriques et analyses appliqu\u00e9es en vue de consid\u00e9rations p\u00e9dagogiques\u201d<\/em>, under the supervision of Gudrun Vanderbauwhede and Christine Michaux.<\/li>\n<li>26<sup>th<\/sup> November 2021: Isabelle Chauveau, <em>\u201cRomans contemporains de femmes : analyse des th\u00e9matiques mythiques et de leurs traductions\u201d<\/em>, under the supervision of Catherine Gravet and St\u00e9phanie Schwerter.<\/li>\n<li>28<sup>th<\/sup> October 2022: Juan Miguel Guillermo Dothas, <em>\u201cLa traduction comme (im)possibilit\u00e9 dans la production du sens. Les traductions espagnoles de Faire l\u2019amour, Fuir et La v\u00e9rit\u00e9 sur Marie de Jean-Philippe Toussaint\u201d<\/em>, under the supervision of Catherine Gravet and St\u00e9phanie Schwerter.<\/li>\n<li>2<sup>nd<\/sup> June 2023: Romuald Dalodi\u00e8re, <em>\u201cAnalyse du discours environnemental et soci\u00e9tal de PME scandinaves et francophones : une approche textom\u00e9trique\u201d<\/em>, under the supervision of B\u00e9n\u00e9dicte Van Gysel and Lobke Ghesqui\u00e8re.<\/li>\n<li>28<sup>th<\/sup> February 2024: Faye Troughton, <em>\u201c<\/em><em>Translation and Categorization: The English and French Exclamative\u201d<\/em>, under the supervision of Lobke Ghesqui\u00e8re.<\/li>\n<\/ul>\n<p>&nbsp;<\/p>\n","protected":false},"excerpt":{"rendered":"<p>Since the creation of the Doctoral School in Languages, Literature and Translation, the Faculty of Translation and Interpretation at the University of Mons has awarded the title of Doctor in Languages, Literature and Translation to: 22nd October 2015: C\u00e9dric Lenglet, \u201cProsodie et qualit\u00e9 en interpr\u00e9tation simultan\u00e9e\u00a0: analyse et perception\u201d, under the supervision of Christine Michaux. [&hellip;]<\/p>\n","protected":false},"author":2,"featured_media":0,"parent":346,"menu_order":0,"comment_status":"closed","ping_status":"closed","template":"","meta":{"footnotes":""},"class_list":["post-1022","page","type-page","status-publish","hentry"],"yoast_head":"<!-- This site is optimized with the Yoast SEO plugin v27.2 - https:\/\/yoast.com\/product\/yoast-seo-wordpress\/ -->\n<title>PhD Theses - Facult\u00e9 \/ FTI-EII<\/title>\n<meta name=\"robots\" content=\"index, follow, max-snippet:-1, max-image-preview:large, max-video-preview:-1\" \/>\n<link rel=\"canonical\" href=\"https:\/\/web.umons.ac.be\/fti-eii\/en\/activites-de-recherche\/thesis\/\" \/>\n<meta property=\"og:locale\" content=\"fr_FR\" \/>\n<meta property=\"og:type\" content=\"article\" \/>\n<meta property=\"og:title\" content=\"PhD Theses - Facult\u00e9 \/ FTI-EII\" \/>\n<meta property=\"og:description\" content=\"Since the creation of the Doctoral School in Languages, Literature and Translation, the Faculty of Translation and Interpretation at the University of Mons has awarded the title of Doctor in Languages, Literature and Translation to: 22nd October 2015: C\u00e9dric Lenglet, \u201cProsodie et qualit\u00e9 en interpr\u00e9tation simultan\u00e9e\u00a0: analyse et perception\u201d, under the supervision of Christine Michaux. [&hellip;]\" \/>\n<meta property=\"og:url\" content=\"https:\/\/web.umons.ac.be\/fti-eii\/en\/activites-de-recherche\/thesis\/\" \/>\n<meta property=\"og:site_name\" content=\"Facult\u00e9 \/ FTI-EII\" \/>\n<meta property=\"article:modified_time\" content=\"2024-11-26T15:12:17+00:00\" \/>\n<meta name=\"twitter:card\" content=\"summary_large_image\" \/>\n<meta name=\"twitter:label1\" content=\"Dur\u00e9e de lecture estim\u00e9e\" \/>\n\t<meta name=\"twitter:data1\" content=\"3 minutes\" \/>\n<script type=\"application\/ld+json\" class=\"yoast-schema-graph\">{\"@context\":\"https:\/\/schema.org\",\"@graph\":[{\"@type\":\"WebPage\",\"@id\":\"https:\/\/web.umons.ac.be\/fti-eii\/en\/activites-de-recherche\/thesis\/\",\"url\":\"https:\/\/web.umons.ac.be\/fti-eii\/en\/activites-de-recherche\/thesis\/\",\"name\":\"PhD Theses - Facult\u00e9 \/ FTI-EII\",\"isPartOf\":{\"@id\":\"https:\/\/web.umons.ac.be\/fti-eii\/#website\"},\"datePublished\":\"2022-02-25T15:00:57+00:00\",\"dateModified\":\"2024-11-26T15:12:17+00:00\",\"breadcrumb\":{\"@id\":\"https:\/\/web.umons.ac.be\/fti-eii\/en\/activites-de-recherche\/thesis\/#breadcrumb\"},\"inLanguage\":\"fr-FR\",\"potentialAction\":[{\"@type\":\"ReadAction\",\"target\":[\"https:\/\/web.umons.ac.be\/fti-eii\/en\/activites-de-recherche\/thesis\/\"]}]},{\"@type\":\"BreadcrumbList\",\"@id\":\"https:\/\/web.umons.ac.be\/fti-eii\/en\/activites-de-recherche\/thesis\/#breadcrumb\",\"itemListElement\":[{\"@type\":\"ListItem\",\"position\":1,\"name\":\"Accueil\",\"item\":\"https:\/\/web.umons.ac.be\/fti-eii\/fr\/\"},{\"@type\":\"ListItem\",\"position\":2,\"name\":\"Research Activities\",\"item\":\"https:\/\/web.umons.ac.be\/fti-eii\/en\/activites-de-recherche\/\"},{\"@type\":\"ListItem\",\"position\":3,\"name\":\"PhD Theses\"}]},{\"@type\":\"WebSite\",\"@id\":\"https:\/\/web.umons.ac.be\/fti-eii\/#website\",\"url\":\"https:\/\/web.umons.ac.be\/fti-eii\/\",\"name\":\"Facult\u00e9 \/ FTI-EII\",\"description\":\"\",\"potentialAction\":[{\"@type\":\"SearchAction\",\"target\":{\"@type\":\"EntryPoint\",\"urlTemplate\":\"https:\/\/web.umons.ac.be\/fti-eii\/?s={search_term_string}\"},\"query-input\":{\"@type\":\"PropertyValueSpecification\",\"valueRequired\":true,\"valueName\":\"search_term_string\"}}],\"inLanguage\":\"fr-FR\"}]}<\/script>\n<!-- \/ Yoast SEO plugin. -->","yoast_head_json":{"title":"PhD Theses - Facult\u00e9 \/ FTI-EII","robots":{"index":"index","follow":"follow","max-snippet":"max-snippet:-1","max-image-preview":"max-image-preview:large","max-video-preview":"max-video-preview:-1"},"canonical":"https:\/\/web.umons.ac.be\/fti-eii\/en\/activites-de-recherche\/thesis\/","og_locale":"fr_FR","og_type":"article","og_title":"PhD Theses - Facult\u00e9 \/ FTI-EII","og_description":"Since the creation of the Doctoral School in Languages, Literature and Translation, the Faculty of Translation and Interpretation at the University of Mons has awarded the title of Doctor in Languages, Literature and Translation to: 22nd October 2015: C\u00e9dric Lenglet, \u201cProsodie et qualit\u00e9 en interpr\u00e9tation simultan\u00e9e\u00a0: analyse et perception\u201d, under the supervision of Christine Michaux. [&hellip;]","og_url":"https:\/\/web.umons.ac.be\/fti-eii\/en\/activites-de-recherche\/thesis\/","og_site_name":"Facult\u00e9 \/ FTI-EII","article_modified_time":"2024-11-26T15:12:17+00:00","twitter_card":"summary_large_image","twitter_misc":{"Dur\u00e9e de lecture estim\u00e9e":"3 minutes"},"schema":{"@context":"https:\/\/schema.org","@graph":[{"@type":"WebPage","@id":"https:\/\/web.umons.ac.be\/fti-eii\/en\/activites-de-recherche\/thesis\/","url":"https:\/\/web.umons.ac.be\/fti-eii\/en\/activites-de-recherche\/thesis\/","name":"PhD Theses - Facult\u00e9 \/ FTI-EII","isPartOf":{"@id":"https:\/\/web.umons.ac.be\/fti-eii\/#website"},"datePublished":"2022-02-25T15:00:57+00:00","dateModified":"2024-11-26T15:12:17+00:00","breadcrumb":{"@id":"https:\/\/web.umons.ac.be\/fti-eii\/en\/activites-de-recherche\/thesis\/#breadcrumb"},"inLanguage":"fr-FR","potentialAction":[{"@type":"ReadAction","target":["https:\/\/web.umons.ac.be\/fti-eii\/en\/activites-de-recherche\/thesis\/"]}]},{"@type":"BreadcrumbList","@id":"https:\/\/web.umons.ac.be\/fti-eii\/en\/activites-de-recherche\/thesis\/#breadcrumb","itemListElement":[{"@type":"ListItem","position":1,"name":"Accueil","item":"https:\/\/web.umons.ac.be\/fti-eii\/fr\/"},{"@type":"ListItem","position":2,"name":"Research Activities","item":"https:\/\/web.umons.ac.be\/fti-eii\/en\/activites-de-recherche\/"},{"@type":"ListItem","position":3,"name":"PhD Theses"}]},{"@type":"WebSite","@id":"https:\/\/web.umons.ac.be\/fti-eii\/#website","url":"https:\/\/web.umons.ac.be\/fti-eii\/","name":"Facult\u00e9 \/ FTI-EII","description":"","potentialAction":[{"@type":"SearchAction","target":{"@type":"EntryPoint","urlTemplate":"https:\/\/web.umons.ac.be\/fti-eii\/?s={search_term_string}"},"query-input":{"@type":"PropertyValueSpecification","valueRequired":true,"valueName":"search_term_string"}}],"inLanguage":"fr-FR"}]}},"lang":"en","translations":{"en":1022,"fr":1020},"pll_sync_post":[],"_links":{"self":[{"href":"https:\/\/web.umons.ac.be\/fti-eii\/wp-json\/wp\/v2\/pages\/1022","targetHints":{"allow":["GET"]}}],"collection":[{"href":"https:\/\/web.umons.ac.be\/fti-eii\/wp-json\/wp\/v2\/pages"}],"about":[{"href":"https:\/\/web.umons.ac.be\/fti-eii\/wp-json\/wp\/v2\/types\/page"}],"author":[{"embeddable":true,"href":"https:\/\/web.umons.ac.be\/fti-eii\/wp-json\/wp\/v2\/users\/2"}],"replies":[{"embeddable":true,"href":"https:\/\/web.umons.ac.be\/fti-eii\/wp-json\/wp\/v2\/comments?post=1022"}],"version-history":[{"count":3,"href":"https:\/\/web.umons.ac.be\/fti-eii\/wp-json\/wp\/v2\/pages\/1022\/revisions"}],"predecessor-version":[{"id":1460,"href":"https:\/\/web.umons.ac.be\/fti-eii\/wp-json\/wp\/v2\/pages\/1022\/revisions\/1460"}],"up":[{"embeddable":true,"href":"https:\/\/web.umons.ac.be\/fti-eii\/wp-json\/wp\/v2\/pages\/346"}],"wp:attachment":[{"href":"https:\/\/web.umons.ac.be\/fti-eii\/wp-json\/wp\/v2\/media?parent=1022"}],"curies":[{"name":"wp","href":"https:\/\/api.w.org\/{rel}","templated":true}]}}