{"id":114,"date":"2017-07-07T17:33:29","date_gmt":"2017-07-07T15:33:29","guid":{"rendered":"https:\/\/web.umons.ac.be\/eii\/?page_id=114"},"modified":"2022-02-25T15:18:34","modified_gmt":"2022-02-25T14:18:34","slug":"3eme-cycle-doctorat","status":"publish","type":"page","link":"https:\/\/web.umons.ac.be\/fti-eii\/fr\/loffre-de-formations\/3eme-cycle-doctorat\/","title":{"rendered":"3\u00e8me cycle : Doctorat"},"content":{"rendered":"<p>Conform\u00e9ment au D\u00e9cret du 7 novembre 2013 d\u00e9finissant le paysage de l\u2019enseignement sup\u00e9rieur et l\u2019organisation acad\u00e9mique des \u00e9tudes, le doctorat est le troisi\u00e8me cycle d\u2019\u00e9tudes universitaires menant au grade acad\u00e9mique de Docteur, la plus haute qualification d\u2019un domaine d\u2019\u00e9tude particulier \u00e0 l\u2019universit\u00e9. La FTI-EII conf\u00e8re le grade de Docteur apr\u00e8s la pr\u00e9sentation, devant un jury acad\u00e9mique, d\u2019une th\u00e8se de doctorat dans le domaine \u00ab\u00a0Langues, lettres et traductologie\u00a0\u00bb.<\/p>\n<p>Les\u00a0travaux relatifs \u00e0 la pr\u00e9paration d\u2019une th\u00e8se\u00a0correspondent \u00e0 180 cr\u00e9dits, dont 60\u00a0cr\u00e9dits\u00a0devant \u00eatre acquis au cours d\u2019une\u00a0formation doctorale. Cette formation obligatoire, \u00e0 comptabiliser sous forme de s\u00e9minaires, colloques, publications, etc., est sanctionn\u00e9e par un certificat de formation \u00e0 la recherche\u00a0; pour les dipl\u00f4m\u00e9s de la finalit\u00e9 approfondie, ce programme peut \u00eatre all\u00e9g\u00e9 de 30 cr\u00e9dits.<\/p>\n<p>L\u2019\u00e9preuve de doctorat consiste en :<\/p>\n<ul>\n<li>la r\u00e9daction d\u2019une dissertation originale dans la discipline sous la forme\u00a0:<\/li>\n<li>d\u2019une th\u00e8se \u00e0 caract\u00e8re personnel, ou<\/li>\n<li>d\u2019un essai faisant appara\u00eetre l\u2019int\u00e9r\u00eat d\u2019un ensemble coh\u00e9rent de publications et de r\u00e9alisations dont le doctorant est auteur ou co-auteur<\/li>\n<li>la d\u00e9fense priv\u00e9e de ce travail devant un jury sp\u00e9cifique compos\u00e9 d\u2019acad\u00e9miques permettant au candidat de r\u00e9pondre de mani\u00e8re argument\u00e9e et scientifique aux remarques et observations sur les m\u00e9thodes et th\u00e9ories employ\u00e9es dans la dissertation\u00a0;<\/li>\n<li>la pr\u00e9sentation publique de ce travail mettant en \u00e9vidence ses qualit\u00e9s, son originalit\u00e9, ainsi que les capacit\u00e9s de vulgarisation scientifique du doctorant.<\/li>\n<\/ul>\n<start-cask-shortcode-wrapper><article class=\"shortcode-training training-small content-block scheme-fti\">\n\t<a href=\"https:\/\/web.umons.ac.be\/fti-eii\/fr\/formations\/do-traint\/\" class=\"training-link scheme-border-hover\">\n\t\t<header class=\"training-small-header\">\n\t\t\t<div class=\"training-small-entity scheme-color\">\n\t\t\t\tFacult\u00e9 \/ FTI-EII\t\t\t\t\t           \t<img decoding=\"async\" src=\"https:\/\/web.umons.ac.be\/app\/uploads\/sites\/10\/2017\/05\/FTI_EII.png\" class=\"training-small-entity-logo\" alt=\"Ic\u00f4ne de Facult\u00e9 \/ FTI-EII\">\n\t        \t\t\t\t<\/div>\n\t\t\t<div class=\"training-small-degree\">\n\t\t\t\tDoctorat en\t\t\t<\/div>\n\n\t\t\t<h1 class=\"training-small-title\">Langues, lettres et traductologie<\/h1>\n\n\t\t\t\t\t<\/header>\n\t\t\t\t<div class=\"training-small-content\">\n\t\t\t<div class=\"training-small-location\">\n\t\t\t\t<span class=\"icon umons-icon-pin\" aria-hidden=\"true\"><\/span>\n\t\t\t\t<span class=\"location\">Mons<\/span>\n\t\t\t<\/div>\n\n\t\t\t\t\t\t<div class=\"training-small-side-info\">\n\t\t\t\t<ul class=\"training-small-side-info-list\">\n\t\t\t\t\t\t\t\t\t\t<li>\n\t\t\t\t\t\t<div class=\"training-single-schedule\">\n\t\t\t\t\t\t\t<div class=\"label\">Horaire<\/div>\n\t\t\t\t\t\t\t<div class=\"value\">Horaire de jour<\/div>\n\t\t\t\t\t\t<\/div>\n\t\t\t\t\t<\/li>\n\t\t\t\t\t\t\t\t\t\t\t\t\t\t\t<li>\n\t\t\t\t\t\t<div class=\"training-single-credits\">\n\t\t\t\t\t\t\t<div class=\"label\">Cr\u00e9dits ECTS<\/div>\n\t\t\t\t\t\t\t<div class=\"value\">180<\/div>\n\t\t\t\t\t\t<\/div>\n\t\t\t\t\t<\/li>\n\t\t\t\t\t\t\t\t\t\t\t\t\t\t\t<li>\n\t\t\t\t\t\t<div class=\"training-single-languages\">\n\t\t\t\t\t\t\t<div class=\"label\">Langue<\/div>\n\t\t\t\t\t\t\t<div class=\"value\">\n\t\t\t\t\t\t\t\t<span class=\"lang\">Fran\u00e7ais<\/span>\n\t\t\t\t\t\t\t<\/div>\n\t\t\t\t\t\t<\/div>\n\t\t\t\t\t<\/li>\n\t\t\t\t\t\t\t\t\t<\/ul>\n\t\t\t<\/div>\n\t\t\t\t\t<\/div>\n\t\t\t<\/a>\n<\/article>\n<end-cask-shortcode-wrapper>\n<hr \/>\n<h5><strong>Une th\u00e8se \u00e0 la FTI-EII<\/strong><\/h5>\n<p>Si vous avez votre dipl\u00f4me de Master en poche, si vous avez une affinit\u00e9 particuli\u00e8re avec une discipline ou un th\u00e8me en lien avec la traduction, l\u2019interpr\u00e9tation, la litt\u00e9rature, la linguistique, la terminologie, la dialectologie ou encore la didactique des langues et souhaitez entreprendre une th\u00e8se de doctorat \u00e0 la FTI-EII, vous choisirez une promotrice, un promoteur, et vous rejoindrez ainsi l\u2019un des services de la Facult\u00e9, qui privil\u00e9gient chacun des th\u00e9matiques et des m\u00e9thodologies diff\u00e9rentes, inh\u00e9rentes aux sp\u00e9cialit\u00e9s de leurs membres.<\/p>\n<p>Le professeur, la professeure, le membre du service que vous choisirez comme promoteur ou promotrice de votre th\u00e8se vous orientera tout au long de votre parcours de doctorant, avec l\u2019aide d\u2019un Comit\u00e9 d\u2019accompagnement. La premi\u00e8re t\u00e2che de ce Comit\u00e9 sera de vous aider \u00e0 mieux cerner votre sujet, \u00e0 pr\u00e9ciser votre probl\u00e9matique, \u00e0 construire des hypoth\u00e8ses v\u00e9rifiables, \u00e0 en discuter les r\u00e9sultats, etc. Il d\u00e9terminera avec vous le programme de formation doctorale le plus adapt\u00e9 \u00e0 votre projet. De mani\u00e8re g\u00e9n\u00e9rale, votre promoteur ou promotrice, votre co-promotrice ou co-promoteur, votre Comit\u00e9 d\u2019accompagnement veilleront surtout \u00e0 ce que vous puissiez atteindre l\u2019excellence dans vos recherches, et ce, en toute autonomie. Ils et elles vous conseilleront \u00e9galement dans la recherche de financements \u00e9ventuels et dans vos t\u00e2ches administratives.<\/p>\n<p>La th\u00e8se de doctorat, c\u2019est d\u2019abord une recherche qui s\u2019inscrit dans le temps\u00a0: 3 ou 4 ann\u00e9es minimum. C\u2019est l\u2019accomplissement d\u2019un premier travail de recherche scientifique personnel, qui embrasse de fa\u00e7on descriptive, critique et originale un sujet pr\u00e9cis, de grande ampleur, impliquant des connaissances multiples et approfondies. Se lancer dans l\u2019aventure de la th\u00e8se, c\u2019est s\u2019ouvrir de nombreuses portes, humaines, intellectuelles, professionnelles, c\u2019est participer \u00e0 l\u2019enrichissement du savoir.<\/p>\n<hr \/>\n<pre><strong>D\u00e9couvrez <a href=\"https:\/\/web.umons.ac.be\/fr\/these\/FTI-EII\">ici<\/a>\u00a0une liste non-exhaustive de sujets de recherche disponibles au sein de notre Facult\u00e9<\/strong><\/pre>\n<hr \/>\n<p><strong>Liens utiles<\/strong><\/p>\n<ul>\n<li>Plus d\u2019infos sur le doctorat \u00e0 l\u2019UMONS (proc\u00e9dure, \u00e9tapes importantes du doctorat, etc.)\u00a0: <a href=\"https:\/\/web.umons.ac.be\/fr\/recherche\/le-doctorat\/\">https:\/\/web.umons.ac.be\/fr\/recherche\/le-doctorat\/<\/a><\/li>\n<li>R\u00e8glement du doctorat \u00e0 l\u2019UMONS\u00a0: <a href=\"https:\/\/web.umons.ac.be\/app\/uploads\/2019\/07\/R%c3%a8glement-du-doctorat.pdf\">https:\/\/web.umons.ac.be\/app\/uploads\/2019\/07\/R%c3%a8glement-du-doctorat.pdf<\/a><\/li>\n<\/ul>\n<p>&nbsp;<\/p>\n","protected":false},"excerpt":{"rendered":"<p>Conform\u00e9ment au D\u00e9cret du 7 novembre 2013 d\u00e9finissant le paysage de l\u2019enseignement sup\u00e9rieur et l\u2019organisation acad\u00e9mique des \u00e9tudes, le doctorat est le troisi\u00e8me cycle d\u2019\u00e9tudes universitaires menant au grade acad\u00e9mique de Docteur, la plus haute qualification d\u2019un domaine d\u2019\u00e9tude particulier \u00e0 l\u2019universit\u00e9. La FTI-EII conf\u00e8re le grade de Docteur apr\u00e8s la pr\u00e9sentation, devant un jury [&hellip;]<\/p>\n","protected":false},"author":2,"featured_media":0,"parent":174,"menu_order":3,"comment_status":"closed","ping_status":"closed","template":"","meta":{"footnotes":""},"class_list":["post-114","page","type-page","status-publish","hentry"],"yoast_head":"<!-- This site is optimized with the Yoast SEO plugin v27.2 - https:\/\/yoast.com\/product\/yoast-seo-wordpress\/ -->\n<title>3\u00e8me cycle : Doctorat - Facult\u00e9 \/ FTI-EII<\/title>\n<meta name=\"robots\" content=\"index, follow, max-snippet:-1, max-image-preview:large, max-video-preview:-1\" \/>\n<link rel=\"canonical\" href=\"https:\/\/web.umons.ac.be\/fti-eii\/fr\/loffre-de-formations\/3eme-cycle-doctorat\/\" \/>\n<meta property=\"og:locale\" content=\"fr_FR\" \/>\n<meta property=\"og:type\" content=\"article\" \/>\n<meta property=\"og:title\" content=\"3\u00e8me cycle : Doctorat - Facult\u00e9 \/ FTI-EII\" \/>\n<meta property=\"og:description\" content=\"Conform\u00e9ment au D\u00e9cret du 7 novembre 2013 d\u00e9finissant le paysage de l\u2019enseignement sup\u00e9rieur et l\u2019organisation acad\u00e9mique des \u00e9tudes, le doctorat est le troisi\u00e8me cycle d\u2019\u00e9tudes universitaires menant au grade acad\u00e9mique de Docteur, la plus haute qualification d\u2019un domaine d\u2019\u00e9tude particulier \u00e0 l\u2019universit\u00e9. La FTI-EII conf\u00e8re le grade de Docteur apr\u00e8s la pr\u00e9sentation, devant un jury [&hellip;]\" \/>\n<meta property=\"og:url\" content=\"https:\/\/web.umons.ac.be\/fti-eii\/fr\/loffre-de-formations\/3eme-cycle-doctorat\/\" \/>\n<meta property=\"og:site_name\" content=\"Facult\u00e9 \/ FTI-EII\" \/>\n<meta property=\"article:modified_time\" content=\"2022-02-25T14:18:34+00:00\" \/>\n<meta name=\"twitter:card\" content=\"summary_large_image\" \/>\n<meta name=\"twitter:label1\" content=\"Dur\u00e9e de lecture estim\u00e9e\" \/>\n\t<meta name=\"twitter:data1\" content=\"3 minutes\" \/>\n<script type=\"application\/ld+json\" class=\"yoast-schema-graph\">{\"@context\":\"https:\/\/schema.org\",\"@graph\":[{\"@type\":\"WebPage\",\"@id\":\"https:\/\/web.umons.ac.be\/fti-eii\/fr\/loffre-de-formations\/3eme-cycle-doctorat\/\",\"url\":\"https:\/\/web.umons.ac.be\/fti-eii\/fr\/loffre-de-formations\/3eme-cycle-doctorat\/\",\"name\":\"3\u00e8me cycle : Doctorat - Facult\u00e9 \/ FTI-EII\",\"isPartOf\":{\"@id\":\"https:\/\/web.umons.ac.be\/fti-eii\/#website\"},\"datePublished\":\"2017-07-07T15:33:29+00:00\",\"dateModified\":\"2022-02-25T14:18:34+00:00\",\"breadcrumb\":{\"@id\":\"https:\/\/web.umons.ac.be\/fti-eii\/fr\/loffre-de-formations\/3eme-cycle-doctorat\/#breadcrumb\"},\"inLanguage\":\"fr-FR\",\"potentialAction\":[{\"@type\":\"ReadAction\",\"target\":[\"https:\/\/web.umons.ac.be\/fti-eii\/fr\/loffre-de-formations\/3eme-cycle-doctorat\/\"]}]},{\"@type\":\"BreadcrumbList\",\"@id\":\"https:\/\/web.umons.ac.be\/fti-eii\/fr\/loffre-de-formations\/3eme-cycle-doctorat\/#breadcrumb\",\"itemListElement\":[{\"@type\":\"ListItem\",\"position\":1,\"name\":\"Accueil\",\"item\":\"https:\/\/web.umons.ac.be\/fti-eii\/fr\/\"},{\"@type\":\"ListItem\",\"position\":2,\"name\":\"L&rsquo;offre de formations\",\"item\":\"https:\/\/web.umons.ac.be\/fti-eii\/fr\/loffre-de-formations\/\"},{\"@type\":\"ListItem\",\"position\":3,\"name\":\"3\u00e8me cycle : Doctorat\"}]},{\"@type\":\"WebSite\",\"@id\":\"https:\/\/web.umons.ac.be\/fti-eii\/#website\",\"url\":\"https:\/\/web.umons.ac.be\/fti-eii\/\",\"name\":\"Facult\u00e9 \/ FTI-EII\",\"description\":\"\",\"potentialAction\":[{\"@type\":\"SearchAction\",\"target\":{\"@type\":\"EntryPoint\",\"urlTemplate\":\"https:\/\/web.umons.ac.be\/fti-eii\/?s={search_term_string}\"},\"query-input\":{\"@type\":\"PropertyValueSpecification\",\"valueRequired\":true,\"valueName\":\"search_term_string\"}}],\"inLanguage\":\"fr-FR\"}]}<\/script>\n<!-- \/ Yoast SEO plugin. -->","yoast_head_json":{"title":"3\u00e8me cycle : Doctorat - Facult\u00e9 \/ FTI-EII","robots":{"index":"index","follow":"follow","max-snippet":"max-snippet:-1","max-image-preview":"max-image-preview:large","max-video-preview":"max-video-preview:-1"},"canonical":"https:\/\/web.umons.ac.be\/fti-eii\/fr\/loffre-de-formations\/3eme-cycle-doctorat\/","og_locale":"fr_FR","og_type":"article","og_title":"3\u00e8me cycle : Doctorat - Facult\u00e9 \/ FTI-EII","og_description":"Conform\u00e9ment au D\u00e9cret du 7 novembre 2013 d\u00e9finissant le paysage de l\u2019enseignement sup\u00e9rieur et l\u2019organisation acad\u00e9mique des \u00e9tudes, le doctorat est le troisi\u00e8me cycle d\u2019\u00e9tudes universitaires menant au grade acad\u00e9mique de Docteur, la plus haute qualification d\u2019un domaine d\u2019\u00e9tude particulier \u00e0 l\u2019universit\u00e9. La FTI-EII conf\u00e8re le grade de Docteur apr\u00e8s la pr\u00e9sentation, devant un jury [&hellip;]","og_url":"https:\/\/web.umons.ac.be\/fti-eii\/fr\/loffre-de-formations\/3eme-cycle-doctorat\/","og_site_name":"Facult\u00e9 \/ FTI-EII","article_modified_time":"2022-02-25T14:18:34+00:00","twitter_card":"summary_large_image","twitter_misc":{"Dur\u00e9e de lecture estim\u00e9e":"3 minutes"},"schema":{"@context":"https:\/\/schema.org","@graph":[{"@type":"WebPage","@id":"https:\/\/web.umons.ac.be\/fti-eii\/fr\/loffre-de-formations\/3eme-cycle-doctorat\/","url":"https:\/\/web.umons.ac.be\/fti-eii\/fr\/loffre-de-formations\/3eme-cycle-doctorat\/","name":"3\u00e8me cycle : Doctorat - Facult\u00e9 \/ FTI-EII","isPartOf":{"@id":"https:\/\/web.umons.ac.be\/fti-eii\/#website"},"datePublished":"2017-07-07T15:33:29+00:00","dateModified":"2022-02-25T14:18:34+00:00","breadcrumb":{"@id":"https:\/\/web.umons.ac.be\/fti-eii\/fr\/loffre-de-formations\/3eme-cycle-doctorat\/#breadcrumb"},"inLanguage":"fr-FR","potentialAction":[{"@type":"ReadAction","target":["https:\/\/web.umons.ac.be\/fti-eii\/fr\/loffre-de-formations\/3eme-cycle-doctorat\/"]}]},{"@type":"BreadcrumbList","@id":"https:\/\/web.umons.ac.be\/fti-eii\/fr\/loffre-de-formations\/3eme-cycle-doctorat\/#breadcrumb","itemListElement":[{"@type":"ListItem","position":1,"name":"Accueil","item":"https:\/\/web.umons.ac.be\/fti-eii\/fr\/"},{"@type":"ListItem","position":2,"name":"L&rsquo;offre de formations","item":"https:\/\/web.umons.ac.be\/fti-eii\/fr\/loffre-de-formations\/"},{"@type":"ListItem","position":3,"name":"3\u00e8me cycle : Doctorat"}]},{"@type":"WebSite","@id":"https:\/\/web.umons.ac.be\/fti-eii\/#website","url":"https:\/\/web.umons.ac.be\/fti-eii\/","name":"Facult\u00e9 \/ FTI-EII","description":"","potentialAction":[{"@type":"SearchAction","target":{"@type":"EntryPoint","urlTemplate":"https:\/\/web.umons.ac.be\/fti-eii\/?s={search_term_string}"},"query-input":{"@type":"PropertyValueSpecification","valueRequired":true,"valueName":"search_term_string"}}],"inLanguage":"fr-FR"}]}},"lang":"fr","translations":{"fr":114,"en":271},"pll_sync_post":[],"_links":{"self":[{"href":"https:\/\/web.umons.ac.be\/fti-eii\/wp-json\/wp\/v2\/pages\/114","targetHints":{"allow":["GET"]}}],"collection":[{"href":"https:\/\/web.umons.ac.be\/fti-eii\/wp-json\/wp\/v2\/pages"}],"about":[{"href":"https:\/\/web.umons.ac.be\/fti-eii\/wp-json\/wp\/v2\/types\/page"}],"author":[{"embeddable":true,"href":"https:\/\/web.umons.ac.be\/fti-eii\/wp-json\/wp\/v2\/users\/2"}],"replies":[{"embeddable":true,"href":"https:\/\/web.umons.ac.be\/fti-eii\/wp-json\/wp\/v2\/comments?post=114"}],"version-history":[{"count":3,"href":"https:\/\/web.umons.ac.be\/fti-eii\/wp-json\/wp\/v2\/pages\/114\/revisions"}],"predecessor-version":[{"id":995,"href":"https:\/\/web.umons.ac.be\/fti-eii\/wp-json\/wp\/v2\/pages\/114\/revisions\/995"}],"up":[{"embeddable":true,"href":"https:\/\/web.umons.ac.be\/fti-eii\/wp-json\/wp\/v2\/pages\/174"}],"wp:attachment":[{"href":"https:\/\/web.umons.ac.be\/fti-eii\/wp-json\/wp\/v2\/media?parent=114"}],"curies":[{"name":"wp","href":"https:\/\/api.w.org\/{rel}","templated":true}]}}