{"id":174,"date":"2017-09-20T16:02:32","date_gmt":"2017-09-20T14:02:32","guid":{"rendered":"https:\/\/web.umons.ac.be\/eii\/?page_id=174"},"modified":"2025-06-25T09:08:50","modified_gmt":"2025-06-25T07:08:50","slug":"loffre-de-formations","status":"publish","type":"page","link":"https:\/\/web.umons.ac.be\/fti-eii\/fr\/loffre-de-formations\/","title":{"rendered":"L&rsquo;offre de formations"},"content":{"rendered":"<h2>La Facult\u00e9 de Traduction et d&rsquo;Interpr\u00e9tation propose :<\/h2>\n<ul>\n<li>Bachelier en Traduction et Interpr\u00e9tation<\/li>\n<li>Master en Interpr\u00e9tation &#8211; Finalit\u00e9 sp\u00e9cialis\u00e9e\u00a0\u201cInterpr\u00e9tation de conf\u00e9rence\u201d<\/li>\n<li>Master en Traduction &#8211; Finalit\u00e9 approfondie\u00a0\u201cPr\u00e9paration \u00e0 la recherche\u201d<\/li>\n<li>Master en Traduction &#8211; Finalit\u00e9 sp\u00e9cialis\u00e9e\u00a0\u201cTraduction multidisciplinaire\u201d<\/li>\n<li>Master en Traduction &#8211; Finalit\u00e9 sp\u00e9cialis\u00e9e\u00a0\u201cTraduction en contexte interculturel\u201d<\/li>\n<li>Master en Traduction &#8211; Finalit\u00e9 didactique<\/li>\n<li><a href=\"https:\/\/view.genially.com\/685af5f5b2606d8141c68c01\">Master de sp\u00e9cialisation en linguistique\u00a0appliqu\u00e9e<\/a><\/li>\n<li>Agr\u00e9gation de l\u2019Enseignement Secondaire\u00a0Sup\u00e9rieur<\/li>\n<li>Certificat d\u2019Aptitude P\u00e9dagogique Appropri\u00e9\u00a0\u00e0 l\u2019Enseignement Sup\u00e9rieur (CAPAES)<\/li>\n<\/ul>\n<div style=\"text-align: center;\"><iframe loading=\"lazy\" style=\"margin: 0 auto;\" src=\"\/\/v.calameo.com\/?bkcode=0002659154dcdc22ec7d9&amp;mode=mini\" width=\"480\" height=\"300\" frameborder=\"0\" scrolling=\"no\" allowfullscreen=\"allowfullscreen\"><\/iframe><\/div>\n","protected":false},"excerpt":{"rendered":"<p>La Facult\u00e9 de Traduction et d&rsquo;Interpr\u00e9tation propose : Bachelier en Traduction et Interpr\u00e9tation Master en Interpr\u00e9tation &#8211; Finalit\u00e9 sp\u00e9cialis\u00e9e\u00a0\u201cInterpr\u00e9tation de conf\u00e9rence\u201d Master en Traduction &#8211; Finalit\u00e9 approfondie\u00a0\u201cPr\u00e9paration \u00e0 la recherche\u201d Master en Traduction &#8211; Finalit\u00e9 sp\u00e9cialis\u00e9e\u00a0\u201cTraduction multidisciplinaire\u201d Master en Traduction &#8211; Finalit\u00e9 sp\u00e9cialis\u00e9e\u00a0\u201cTraduction en contexte interculturel\u201d Master en Traduction &#8211; Finalit\u00e9 didactique Master de sp\u00e9cialisation [&hellip;]<\/p>\n","protected":false},"author":2,"featured_media":0,"parent":0,"menu_order":3,"comment_status":"closed","ping_status":"closed","template":"","meta":{"footnotes":""},"class_list":["post-174","page","type-page","status-publish","hentry"],"yoast_head":"<!-- This site is optimized with the Yoast SEO plugin v27.2 - https:\/\/yoast.com\/product\/yoast-seo-wordpress\/ -->\n<title>L\\&#039;offre de formations - Facult\u00e9 \/ FTI-EII<\/title>\n<meta name=\"robots\" content=\"index, follow, max-snippet:-1, max-image-preview:large, max-video-preview:-1\" \/>\n<link rel=\"canonical\" href=\"https:\/\/web.umons.ac.be\/fti-eii\/fr\/loffre-de-formations\/\" \/>\n<meta property=\"og:locale\" content=\"fr_FR\" \/>\n<meta property=\"og:type\" content=\"article\" \/>\n<meta property=\"og:title\" content=\"L\\&#039;offre de formations - Facult\u00e9 \/ FTI-EII\" \/>\n<meta property=\"og:description\" content=\"La Facult\u00e9 de Traduction et d&rsquo;Interpr\u00e9tation propose : Bachelier en Traduction et Interpr\u00e9tation Master en Interpr\u00e9tation &#8211; Finalit\u00e9 sp\u00e9cialis\u00e9e\u00a0\u201cInterpr\u00e9tation de conf\u00e9rence\u201d Master en Traduction &#8211; Finalit\u00e9 approfondie\u00a0\u201cPr\u00e9paration \u00e0 la recherche\u201d Master en Traduction &#8211; Finalit\u00e9 sp\u00e9cialis\u00e9e\u00a0\u201cTraduction multidisciplinaire\u201d Master en Traduction &#8211; Finalit\u00e9 sp\u00e9cialis\u00e9e\u00a0\u201cTraduction en contexte interculturel\u201d Master en Traduction &#8211; Finalit\u00e9 didactique Master de sp\u00e9cialisation [&hellip;]\" \/>\n<meta property=\"og:url\" content=\"https:\/\/web.umons.ac.be\/fti-eii\/fr\/loffre-de-formations\/\" \/>\n<meta property=\"og:site_name\" content=\"Facult\u00e9 \/ FTI-EII\" \/>\n<meta property=\"article:modified_time\" content=\"2025-06-25T07:08:50+00:00\" \/>\n<meta name=\"twitter:card\" content=\"summary_large_image\" \/>\n<meta name=\"twitter:label1\" content=\"Dur\u00e9e de lecture estim\u00e9e\" \/>\n\t<meta name=\"twitter:data1\" content=\"1 minute\" \/>\n<script type=\"application\/ld+json\" class=\"yoast-schema-graph\">{\"@context\":\"https:\/\/schema.org\",\"@graph\":[{\"@type\":\"WebPage\",\"@id\":\"https:\/\/web.umons.ac.be\/fti-eii\/fr\/loffre-de-formations\/\",\"url\":\"https:\/\/web.umons.ac.be\/fti-eii\/fr\/loffre-de-formations\/\",\"name\":\"L\\\\'offre de formations - Facult\u00e9 \/ FTI-EII\",\"isPartOf\":{\"@id\":\"https:\/\/web.umons.ac.be\/fti-eii\/#website\"},\"datePublished\":\"2017-09-20T14:02:32+00:00\",\"dateModified\":\"2025-06-25T07:08:50+00:00\",\"breadcrumb\":{\"@id\":\"https:\/\/web.umons.ac.be\/fti-eii\/fr\/loffre-de-formations\/#breadcrumb\"},\"inLanguage\":\"fr-FR\",\"potentialAction\":[{\"@type\":\"ReadAction\",\"target\":[\"https:\/\/web.umons.ac.be\/fti-eii\/fr\/loffre-de-formations\/\"]}]},{\"@type\":\"BreadcrumbList\",\"@id\":\"https:\/\/web.umons.ac.be\/fti-eii\/fr\/loffre-de-formations\/#breadcrumb\",\"itemListElement\":[{\"@type\":\"ListItem\",\"position\":1,\"name\":\"Accueil\",\"item\":\"https:\/\/web.umons.ac.be\/fti-eii\/fr\/\"},{\"@type\":\"ListItem\",\"position\":2,\"name\":\"L&rsquo;offre de formations\"}]},{\"@type\":\"WebSite\",\"@id\":\"https:\/\/web.umons.ac.be\/fti-eii\/#website\",\"url\":\"https:\/\/web.umons.ac.be\/fti-eii\/\",\"name\":\"Facult\u00e9 \/ FTI-EII\",\"description\":\"\",\"potentialAction\":[{\"@type\":\"SearchAction\",\"target\":{\"@type\":\"EntryPoint\",\"urlTemplate\":\"https:\/\/web.umons.ac.be\/fti-eii\/?s={search_term_string}\"},\"query-input\":{\"@type\":\"PropertyValueSpecification\",\"valueRequired\":true,\"valueName\":\"search_term_string\"}}],\"inLanguage\":\"fr-FR\"}]}<\/script>\n<!-- \/ Yoast SEO plugin. -->","yoast_head_json":{"title":"L\\'offre de formations - Facult\u00e9 \/ FTI-EII","robots":{"index":"index","follow":"follow","max-snippet":"max-snippet:-1","max-image-preview":"max-image-preview:large","max-video-preview":"max-video-preview:-1"},"canonical":"https:\/\/web.umons.ac.be\/fti-eii\/fr\/loffre-de-formations\/","og_locale":"fr_FR","og_type":"article","og_title":"L\\'offre de formations - Facult\u00e9 \/ FTI-EII","og_description":"La Facult\u00e9 de Traduction et d&rsquo;Interpr\u00e9tation propose : Bachelier en Traduction et Interpr\u00e9tation Master en Interpr\u00e9tation &#8211; Finalit\u00e9 sp\u00e9cialis\u00e9e\u00a0\u201cInterpr\u00e9tation de conf\u00e9rence\u201d Master en Traduction &#8211; Finalit\u00e9 approfondie\u00a0\u201cPr\u00e9paration \u00e0 la recherche\u201d Master en Traduction &#8211; Finalit\u00e9 sp\u00e9cialis\u00e9e\u00a0\u201cTraduction multidisciplinaire\u201d Master en Traduction &#8211; Finalit\u00e9 sp\u00e9cialis\u00e9e\u00a0\u201cTraduction en contexte interculturel\u201d Master en Traduction &#8211; Finalit\u00e9 didactique Master de sp\u00e9cialisation [&hellip;]","og_url":"https:\/\/web.umons.ac.be\/fti-eii\/fr\/loffre-de-formations\/","og_site_name":"Facult\u00e9 \/ FTI-EII","article_modified_time":"2025-06-25T07:08:50+00:00","twitter_card":"summary_large_image","twitter_misc":{"Dur\u00e9e de lecture estim\u00e9e":"1 minute"},"schema":{"@context":"https:\/\/schema.org","@graph":[{"@type":"WebPage","@id":"https:\/\/web.umons.ac.be\/fti-eii\/fr\/loffre-de-formations\/","url":"https:\/\/web.umons.ac.be\/fti-eii\/fr\/loffre-de-formations\/","name":"L\\'offre de formations - Facult\u00e9 \/ FTI-EII","isPartOf":{"@id":"https:\/\/web.umons.ac.be\/fti-eii\/#website"},"datePublished":"2017-09-20T14:02:32+00:00","dateModified":"2025-06-25T07:08:50+00:00","breadcrumb":{"@id":"https:\/\/web.umons.ac.be\/fti-eii\/fr\/loffre-de-formations\/#breadcrumb"},"inLanguage":"fr-FR","potentialAction":[{"@type":"ReadAction","target":["https:\/\/web.umons.ac.be\/fti-eii\/fr\/loffre-de-formations\/"]}]},{"@type":"BreadcrumbList","@id":"https:\/\/web.umons.ac.be\/fti-eii\/fr\/loffre-de-formations\/#breadcrumb","itemListElement":[{"@type":"ListItem","position":1,"name":"Accueil","item":"https:\/\/web.umons.ac.be\/fti-eii\/fr\/"},{"@type":"ListItem","position":2,"name":"L&rsquo;offre de formations"}]},{"@type":"WebSite","@id":"https:\/\/web.umons.ac.be\/fti-eii\/#website","url":"https:\/\/web.umons.ac.be\/fti-eii\/","name":"Facult\u00e9 \/ FTI-EII","description":"","potentialAction":[{"@type":"SearchAction","target":{"@type":"EntryPoint","urlTemplate":"https:\/\/web.umons.ac.be\/fti-eii\/?s={search_term_string}"},"query-input":{"@type":"PropertyValueSpecification","valueRequired":true,"valueName":"search_term_string"}}],"inLanguage":"fr-FR"}]}},"lang":"fr","translations":{"fr":174,"en":262},"pll_sync_post":[],"_links":{"self":[{"href":"https:\/\/web.umons.ac.be\/fti-eii\/wp-json\/wp\/v2\/pages\/174","targetHints":{"allow":["GET"]}}],"collection":[{"href":"https:\/\/web.umons.ac.be\/fti-eii\/wp-json\/wp\/v2\/pages"}],"about":[{"href":"https:\/\/web.umons.ac.be\/fti-eii\/wp-json\/wp\/v2\/types\/page"}],"author":[{"embeddable":true,"href":"https:\/\/web.umons.ac.be\/fti-eii\/wp-json\/wp\/v2\/users\/2"}],"replies":[{"embeddable":true,"href":"https:\/\/web.umons.ac.be\/fti-eii\/wp-json\/wp\/v2\/comments?post=174"}],"version-history":[{"count":3,"href":"https:\/\/web.umons.ac.be\/fti-eii\/wp-json\/wp\/v2\/pages\/174\/revisions"}],"predecessor-version":[{"id":1639,"href":"https:\/\/web.umons.ac.be\/fti-eii\/wp-json\/wp\/v2\/pages\/174\/revisions\/1639"}],"wp:attachment":[{"href":"https:\/\/web.umons.ac.be\/fti-eii\/wp-json\/wp\/v2\/media?parent=174"}],"curies":[{"name":"wp","href":"https:\/\/api.w.org\/{rel}","templated":true}]}}