{"id":309,"date":"2017-11-20T15:50:38","date_gmt":"2017-11-20T14:50:38","guid":{"rendered":"https:\/\/web.umons.ac.be\/eii\/?page_id=309"},"modified":"2024-06-25T15:16:17","modified_gmt":"2024-06-25T13:16:17","slug":"certificats","status":"publish","type":"page","link":"https:\/\/web.umons.ac.be\/fti-eii\/fr\/loffre-de-formations\/reprise-detudes\/certificats\/","title":{"rendered":"Certificats"},"content":{"rendered":"<p>La FTI-EII offre :<\/p>\n<ul>\n<li>trois formations distinctes \u00e0 horaire d\u00e9cal\u00e9 s&rsquo;inscrivant dans le <a href=\"https:\/\/web.umons.ac.be\/app\/uploads\/sites\/10\/2024\/06\/UMONS_FTI_24-25_Parcours-de-formation-pour-la-professionnalisation-des-Interpretes-et-mediateursde-services-publics.pdf\">parcours de formation continue de l&rsquo;interpr\u00e8te\/m\u00e9diateur de services publics<\/a> et dont l&rsquo;objectif principal est de se sp\u00e9cialiser dans le domaine juridique (tribunaux, police, avocature) ou dans le secteur de la sant\u00e9 ;<\/li>\n<li>une formation \u00e0 horaire d\u00e9cal\u00e9 centr\u00e9e sur l\u2019enseignement du fran\u00e7ais \u00e0 un public adulte allophone dans les milieux associatifs.<\/li>\n<\/ul>\n<p>&nbsp;<\/p>\n<hr \/>\n<p><span style=\"font-size: 12pt;\"><strong>Certificat d\u2019Universit\u00e9 (48h)\u00a0en connaissances juridiques pour le traducteur et\/ou l\u2019interpr\u00e8te jur\u00e9\u00a0<\/strong><\/span><\/p>\n<p>Si vous \u00eates d\u00e9j\u00e0 traducteur et\/ou interpr\u00e8te et que vous d\u00e9sirez pouvoir vous inscrire au Registre national des traducteurs\/interpr\u00e8tes jur\u00e9s.<\/p>\n<p>Formation\u00a0<strong>th\u00e9orique\u00a0<\/strong>de 48h, rendue obligatoire par le SPF Justice.<\/p>\n<start-cask-shortcode-wrapper><article class=\"shortcode-training training-small content-block scheme-fti\">\n\t<a href=\"https:\/\/web.umons.ac.be\/fti-eii\/fr\/formations\/cu-trinju\/\" class=\"training-link scheme-border-hover\">\n\t\t<header class=\"training-small-header\">\n\t\t\t<div class=\"training-small-entity scheme-color\">\n\t\t\t\tFacult\u00e9 \/ FTI-EII\t\t\t\t\t           \t<img decoding=\"async\" src=\"https:\/\/web.umons.ac.be\/app\/uploads\/sites\/10\/2017\/05\/FTI_EII.png\" class=\"training-small-entity-logo\" alt=\"Ic\u00f4ne de Facult\u00e9 \/ FTI-EII\">\n\t        \t\t\t\t<\/div>\n\t\t\t<div class=\"training-small-degree\">\n\t\t\t\tCertificat d'Universit\u00e9 en\t\t\t<\/div>\n\n\t\t\t<h1 class=\"training-small-title\">Connaissances juridiques pour le traducteur et\/ou l\u2019interpr\u00e8te jur\u00e9<\/h1>\n\n\t\t\t\t\t<\/header>\n\t\t\t\t<div class=\"training-small-content\">\n\t\t\t<div class=\"training-small-location\">\n\t\t\t\t<span class=\"icon umons-icon-pin\" aria-hidden=\"true\"><\/span>\n\t\t\t\t<span class=\"location\">Mons<\/span>\n\t\t\t<\/div>\n\n\t\t\t\t\t\t<div class=\"training-small-side-info\">\n\t\t\t\t<ul class=\"training-small-side-info-list\">\n\t\t\t\t\t\t\t\t\t\t<li>\n\t\t\t\t\t\t<div class=\"training-single-schedule\">\n\t\t\t\t\t\t\t<div class=\"label\">Horaire<\/div>\n\t\t\t\t\t\t\t<div class=\"value\">Horaire d\u00e9cal\u00e9<\/div>\n\t\t\t\t\t\t<\/div>\n\t\t\t\t\t<\/li>\n\t\t\t\t\t\t\t\t\t\t\t\t\t\t\t<li>\n\t\t\t\t\t\t<div class=\"training-single-credits\">\n\t\t\t\t\t\t\t<div class=\"label\">Cr\u00e9dits ECTS<\/div>\n\t\t\t\t\t\t\t<div class=\"value\">10<\/div>\n\t\t\t\t\t\t<\/div>\n\t\t\t\t\t<\/li>\n\t\t\t\t\t\t\t\t\t\t\t\t\t\t\t<li>\n\t\t\t\t\t\t<div class=\"training-single-languages\">\n\t\t\t\t\t\t\t<div class=\"label\">Langue<\/div>\n\t\t\t\t\t\t\t<div class=\"value\">\n\t\t\t\t\t\t\t\t<span class=\"lang\">Fran\u00e7ais<\/span>\n\t\t\t\t\t\t\t<\/div>\n\t\t\t\t\t\t<\/div>\n\t\t\t\t\t<\/li>\n\t\t\t\t\t\t\t\t\t<\/ul>\n\t\t\t<\/div>\n\t\t\t\t\t<\/div>\n\t\t\t<\/a>\n<\/article>\n<end-cask-shortcode-wrapper>\n<hr \/>\n<p><span style=\"font-size: 12pt;\"><strong>Certificat d\u2019Universit\u00e9 (165h) en interpr\u00e9tation en contexte juridique<\/strong><\/span><\/p>\n<p>Si vous d\u00e9sirez une sp\u00e9cialisation professionnelle en interpr\u00e9tation en contexte juridique (milieu policier, tribunaux, avocature, demandes d\u2019asile).<\/p>\n<p>Formation\u00a0<strong>th\u00e9orique et pratique\u00a0<\/strong>de 165h. Elle vous permettra \u00e9galement de demander une inscription au Registre national des traducteurs\/interpr\u00e8tes jur\u00e9s.<\/p>\n<start-cask-shortcode-wrapper><article class=\"shortcode-training training-small content-block scheme-fti\">\n\t<a href=\"https:\/\/web.umons.ac.be\/fti-eii\/fr\/formations\/cu-intjur\/\" class=\"training-link scheme-border-hover\">\n\t\t<header class=\"training-small-header\">\n\t\t\t<div class=\"training-small-entity scheme-color\">\n\t\t\t\tFacult\u00e9 \/ FTI-EII\t\t\t\t\t           \t<img decoding=\"async\" src=\"https:\/\/web.umons.ac.be\/app\/uploads\/sites\/10\/2017\/05\/FTI_EII.png\" class=\"training-small-entity-logo\" alt=\"Ic\u00f4ne de Facult\u00e9 \/ FTI-EII\">\n\t        \t\t\t\t<\/div>\n\t\t\t<div class=\"training-small-degree\">\n\t\t\t\tCertificat d'Universit\u00e9 en\t\t\t<\/div>\n\n\t\t\t<h1 class=\"training-small-title\">Interpr\u00e9tation en contexte juridique : milieu judiciaire et secteur des demandes d\u2019asile<\/h1>\n\n\t\t\t\t\t<\/header>\n\t\t\t\t<div class=\"training-small-content\">\n\t\t\t<div class=\"training-small-location\">\n\t\t\t\t<span class=\"icon umons-icon-pin\" aria-hidden=\"true\"><\/span>\n\t\t\t\t<span class=\"location\">Mons<\/span>\n\t\t\t<\/div>\n\n\t\t\t\t\t\t<div class=\"training-small-side-info\">\n\t\t\t\t<ul class=\"training-small-side-info-list\">\n\t\t\t\t\t\t\t\t\t\t<li>\n\t\t\t\t\t\t<div class=\"training-single-schedule\">\n\t\t\t\t\t\t\t<div class=\"label\">Horaire<\/div>\n\t\t\t\t\t\t\t<div class=\"value\">Horaire d\u00e9cal\u00e9<\/div>\n\t\t\t\t\t\t<\/div>\n\t\t\t\t\t<\/li>\n\t\t\t\t\t\t\t\t\t\t\t\t\t\t\t<li>\n\t\t\t\t\t\t<div class=\"training-single-credits\">\n\t\t\t\t\t\t\t<div class=\"label\">Cr\u00e9dits ECTS<\/div>\n\t\t\t\t\t\t\t<div class=\"value\">30<\/div>\n\t\t\t\t\t\t<\/div>\n\t\t\t\t\t<\/li>\n\t\t\t\t\t\t\t\t\t\t\t\t\t\t\t<li>\n\t\t\t\t\t\t<div class=\"training-single-languages\">\n\t\t\t\t\t\t\t<div class=\"label\">Langue<\/div>\n\t\t\t\t\t\t\t<div class=\"value\">\n\t\t\t\t\t\t\t\t<span class=\"lang\">Fran\u00e7ais<\/span>\n\t\t\t\t\t\t\t<\/div>\n\t\t\t\t\t\t<\/div>\n\t\t\t\t\t<\/li>\n\t\t\t\t\t\t\t\t\t<\/ul>\n\t\t\t<\/div>\n\t\t\t\t\t<\/div>\n\t\t\t<\/a>\n<\/article>\n<end-cask-shortcode-wrapper>\n<hr \/>\n<p><span style=\"font-size: 12pt;\"><strong>Certificat d\u2019Universit\u00e9 (60h) en connaissances th\u00e9oriques fondamentales pour l&rsquo;interpr\u00e9tation et la m\u00e9diation en contexte m\u00e9dical<\/strong><\/span><\/p>\n<start-cask-shortcode-wrapper><article class=\"shortcode-training training-small content-block scheme-fti\">\n\t<a href=\"https:\/\/web.umons.ac.be\/fti-eii\/fr\/formations\/connaissances-theoriques-fondamentales-pour-linterpretation-et-la-mediation-en-contexte-medical\/\" class=\"training-link scheme-border-hover\">\n\t\t<header class=\"training-small-header\">\n\t\t\t<div class=\"training-small-entity scheme-color\">\n\t\t\t\tFacult\u00e9 \/ FTI-EII\t\t\t\t\t           \t<img decoding=\"async\" src=\"https:\/\/web.umons.ac.be\/app\/uploads\/sites\/10\/2017\/05\/FTI_EII.png\" class=\"training-small-entity-logo\" alt=\"Ic\u00f4ne de Facult\u00e9 \/ FTI-EII\">\n\t        \t\t\t\t<\/div>\n\t\t\t<div class=\"training-small-degree\">\n\t\t\t\tCertificat d'Universit\u00e9 en\t\t\t<\/div>\n\n\t\t\t<h1 class=\"training-small-title\">Connaissances th\u00e9oriques fondamentales pour l\u2019interpr\u00e9tation et la m\u00e9diation en contexte m\u00e9dical<\/h1>\n\n\t\t\t\t\t<\/header>\n\t\t\t\t<div class=\"training-small-content\">\n\t\t\t<div class=\"training-small-location\">\n\t\t\t\t<span class=\"icon umons-icon-pin\" aria-hidden=\"true\"><\/span>\n\t\t\t\t<span class=\"location\">Mons<\/span>\n\t\t\t<\/div>\n\n\t\t\t\t\t\t<div class=\"training-small-side-info\">\n\t\t\t\t<ul class=\"training-small-side-info-list\">\n\t\t\t\t\t\t\t\t\t\t<li>\n\t\t\t\t\t\t<div class=\"training-single-schedule\">\n\t\t\t\t\t\t\t<div class=\"label\">Horaire<\/div>\n\t\t\t\t\t\t\t<div class=\"value\">Horaire d\u00e9cal\u00e9<\/div>\n\t\t\t\t\t\t<\/div>\n\t\t\t\t\t<\/li>\n\t\t\t\t\t\t\t\t\t\t\t\t\t\t\t<li>\n\t\t\t\t\t\t<div class=\"training-single-credits\">\n\t\t\t\t\t\t\t<div class=\"label\">Cr\u00e9dits ECTS<\/div>\n\t\t\t\t\t\t\t<div class=\"value\">22<\/div>\n\t\t\t\t\t\t<\/div>\n\t\t\t\t\t<\/li>\n\t\t\t\t\t\t\t\t\t\t\t\t\t\t\t<li>\n\t\t\t\t\t\t<div class=\"training-single-languages\">\n\t\t\t\t\t\t\t<div class=\"label\">Langue<\/div>\n\t\t\t\t\t\t\t<div class=\"value\">\n\t\t\t\t\t\t\t\t<span class=\"lang\">Fran\u00e7ais<\/span>\n\t\t\t\t\t\t\t<\/div>\n\t\t\t\t\t\t<\/div>\n\t\t\t\t\t<\/li>\n\t\t\t\t\t\t\t\t\t<\/ul>\n\t\t\t<\/div>\n\t\t\t\t\t<\/div>\n\t\t\t<\/a>\n<\/article>\n<end-cask-shortcode-wrapper>\n<hr \/>\n<p><span style=\"margin-top: 0px; font-style: normal; font-variant-ligatures: normal; font-variant-caps: normal; font-weight: bold; font-family: 'Helvetica Neue', Helvetica, Arial, sans-serif; font-size: 16px;\">Certificat d\u2019Universit\u00e9 en didactique du fran\u00e7ais langue \u00e9trang\u00e8re<\/span><\/p>\n<start-cask-shortcode-wrapper><article class=\"shortcode-training training-small content-block scheme-fti\">\n\t<a href=\"https:\/\/web.umons.ac.be\/fti-eii\/fr\/formations\/cu-fle\/\" class=\"training-link scheme-border-hover\">\n\t\t<header class=\"training-small-header\">\n\t\t\t<div class=\"training-small-entity scheme-color\">\n\t\t\t\tFacult\u00e9 \/ FTI-EII\t\t\t\t\t           \t<img decoding=\"async\" src=\"https:\/\/web.umons.ac.be\/app\/uploads\/sites\/10\/2017\/05\/FTI_EII.png\" class=\"training-small-entity-logo\" alt=\"Ic\u00f4ne de Facult\u00e9 \/ FTI-EII\">\n\t        \t\t\t\t<\/div>\n\t\t\t<div class=\"training-small-degree\">\n\t\t\t\tCertificat d'Universit\u00e9 en\t\t\t<\/div>\n\n\t\t\t<h1 class=\"training-small-title\">Didactique du fran\u00e7ais langue \u00e9trang\u00e8re (FLE) : perfectionnement des  formateurs intervenant aupr\u00e8s d\u2019adultes en contexte migratoire<\/h1>\n\n\t\t\t\t\t<\/header>\n\t\t\t\t<div class=\"training-small-content\">\n\t\t\t<div class=\"training-small-location\">\n\t\t\t\t<span class=\"icon umons-icon-pin\" aria-hidden=\"true\"><\/span>\n\t\t\t\t<span class=\"location\">Mons, Charleroi<\/span>\n\t\t\t<\/div>\n\n\t\t\t\t\t\t<div class=\"training-small-side-info\">\n\t\t\t\t<ul class=\"training-small-side-info-list\">\n\t\t\t\t\t\t\t\t\t\t<li>\n\t\t\t\t\t\t<div class=\"training-single-schedule\">\n\t\t\t\t\t\t\t<div class=\"label\">Horaire<\/div>\n\t\t\t\t\t\t\t<div class=\"value\">Horaire d\u00e9cal\u00e9<\/div>\n\t\t\t\t\t\t<\/div>\n\t\t\t\t\t<\/li>\n\t\t\t\t\t\t\t\t\t\t\t\t\t\t\t<li>\n\t\t\t\t\t\t<div class=\"training-single-credits\">\n\t\t\t\t\t\t\t<div class=\"label\">Cr\u00e9dits ECTS<\/div>\n\t\t\t\t\t\t\t<div class=\"value\">25<\/div>\n\t\t\t\t\t\t<\/div>\n\t\t\t\t\t<\/li>\n\t\t\t\t\t\t\t\t\t\t\t\t\t\t\t<li>\n\t\t\t\t\t\t<div class=\"training-single-languages\">\n\t\t\t\t\t\t\t<div class=\"label\">Langue<\/div>\n\t\t\t\t\t\t\t<div class=\"value\">\n\t\t\t\t\t\t\t\t<span class=\"lang\">Fran\u00e7ais<\/span>\n\t\t\t\t\t\t\t<\/div>\n\t\t\t\t\t\t<\/div>\n\t\t\t\t\t<\/li>\n\t\t\t\t\t\t\t\t\t<\/ul>\n\t\t\t<\/div>\n\t\t\t\t\t<\/div>\n\t\t\t<\/a>\n<\/article>\n<end-cask-shortcode-wrapper>\n<p>&nbsp;<\/p>\n","protected":false},"excerpt":{"rendered":"<p>La FTI-EII offre : trois formations distinctes \u00e0 horaire d\u00e9cal\u00e9 s&rsquo;inscrivant dans le parcours de formation continue de l&rsquo;interpr\u00e8te\/m\u00e9diateur de services publics et dont l&rsquo;objectif principal est de se sp\u00e9cialiser dans le domaine juridique (tribunaux, police, avocature) ou dans le secteur de la sant\u00e9 ; une formation \u00e0 horaire d\u00e9cal\u00e9 centr\u00e9e sur l\u2019enseignement du fran\u00e7ais [&hellip;]<\/p>\n","protected":false},"author":2,"featured_media":0,"parent":74,"menu_order":3,"comment_status":"closed","ping_status":"closed","template":"","meta":{"footnotes":""},"class_list":["post-309","page","type-page","status-publish","hentry"],"yoast_head":"<!-- This site is optimized with the Yoast SEO plugin v27.2 - https:\/\/yoast.com\/product\/yoast-seo-wordpress\/ -->\n<title>Certificats - Facult\u00e9 \/ FTI-EII<\/title>\n<meta name=\"description\" content=\"La FTI-EII offre deux formations distinctes \u00e0 horaire d\u00e9cal\u00e9 en traduction et\/ou interpr\u00e9tation en contexte juridique.\" \/>\n<meta name=\"robots\" content=\"index, follow, max-snippet:-1, max-image-preview:large, max-video-preview:-1\" \/>\n<link rel=\"canonical\" href=\"https:\/\/web.umons.ac.be\/fti-eii\/fr\/loffre-de-formations\/reprise-detudes\/certificats\/\" \/>\n<meta property=\"og:locale\" content=\"fr_FR\" \/>\n<meta property=\"og:type\" content=\"article\" \/>\n<meta property=\"og:title\" content=\"Certificats - Facult\u00e9 \/ FTI-EII\" \/>\n<meta property=\"og:description\" content=\"La FTI-EII offre deux formations distinctes \u00e0 horaire d\u00e9cal\u00e9 en traduction et\/ou interpr\u00e9tation en contexte juridique.\" \/>\n<meta property=\"og:url\" content=\"https:\/\/web.umons.ac.be\/fti-eii\/fr\/loffre-de-formations\/reprise-detudes\/certificats\/\" \/>\n<meta property=\"og:site_name\" content=\"Facult\u00e9 \/ FTI-EII\" \/>\n<meta property=\"article:modified_time\" content=\"2024-06-25T13:16:17+00:00\" \/>\n<meta name=\"twitter:card\" content=\"summary_large_image\" \/>\n<meta name=\"twitter:label1\" content=\"Dur\u00e9e de lecture estim\u00e9e\" \/>\n\t<meta name=\"twitter:data1\" content=\"1 minute\" \/>\n<script type=\"application\/ld+json\" class=\"yoast-schema-graph\">{\"@context\":\"https:\/\/schema.org\",\"@graph\":[{\"@type\":\"WebPage\",\"@id\":\"https:\/\/web.umons.ac.be\/fti-eii\/fr\/loffre-de-formations\/reprise-detudes\/certificats\/\",\"url\":\"https:\/\/web.umons.ac.be\/fti-eii\/fr\/loffre-de-formations\/reprise-detudes\/certificats\/\",\"name\":\"Certificats - Facult\u00e9 \/ FTI-EII\",\"isPartOf\":{\"@id\":\"https:\/\/web.umons.ac.be\/fti-eii\/#website\"},\"datePublished\":\"2017-11-20T14:50:38+00:00\",\"dateModified\":\"2024-06-25T13:16:17+00:00\",\"description\":\"La FTI-EII offre deux formations distinctes \u00e0 horaire d\u00e9cal\u00e9 en traduction et\/ou interpr\u00e9tation en contexte juridique.\",\"breadcrumb\":{\"@id\":\"https:\/\/web.umons.ac.be\/fti-eii\/fr\/loffre-de-formations\/reprise-detudes\/certificats\/#breadcrumb\"},\"inLanguage\":\"fr-FR\",\"potentialAction\":[{\"@type\":\"ReadAction\",\"target\":[\"https:\/\/web.umons.ac.be\/fti-eii\/fr\/loffre-de-formations\/reprise-detudes\/certificats\/\"]}]},{\"@type\":\"BreadcrumbList\",\"@id\":\"https:\/\/web.umons.ac.be\/fti-eii\/fr\/loffre-de-formations\/reprise-detudes\/certificats\/#breadcrumb\",\"itemListElement\":[{\"@type\":\"ListItem\",\"position\":1,\"name\":\"Accueil\",\"item\":\"https:\/\/web.umons.ac.be\/fti-eii\/fr\/\"},{\"@type\":\"ListItem\",\"position\":2,\"name\":\"L&rsquo;offre de formations\",\"item\":\"https:\/\/web.umons.ac.be\/fti-eii\/fr\/loffre-de-formations\/\"},{\"@type\":\"ListItem\",\"position\":3,\"name\":\"Reprise d\u2019\u00e9tudes\",\"item\":\"https:\/\/web.umons.ac.be\/fti-eii\/fr\/loffre-de-formations\/reprise-detudes\/\"},{\"@type\":\"ListItem\",\"position\":4,\"name\":\"Certificats\"}]},{\"@type\":\"WebSite\",\"@id\":\"https:\/\/web.umons.ac.be\/fti-eii\/#website\",\"url\":\"https:\/\/web.umons.ac.be\/fti-eii\/\",\"name\":\"Facult\u00e9 \/ FTI-EII\",\"description\":\"\",\"potentialAction\":[{\"@type\":\"SearchAction\",\"target\":{\"@type\":\"EntryPoint\",\"urlTemplate\":\"https:\/\/web.umons.ac.be\/fti-eii\/?s={search_term_string}\"},\"query-input\":{\"@type\":\"PropertyValueSpecification\",\"valueRequired\":true,\"valueName\":\"search_term_string\"}}],\"inLanguage\":\"fr-FR\"}]}<\/script>\n<!-- \/ Yoast SEO plugin. -->","yoast_head_json":{"title":"Certificats - Facult\u00e9 \/ FTI-EII","description":"La FTI-EII offre deux formations distinctes \u00e0 horaire d\u00e9cal\u00e9 en traduction et\/ou interpr\u00e9tation en contexte juridique.","robots":{"index":"index","follow":"follow","max-snippet":"max-snippet:-1","max-image-preview":"max-image-preview:large","max-video-preview":"max-video-preview:-1"},"canonical":"https:\/\/web.umons.ac.be\/fti-eii\/fr\/loffre-de-formations\/reprise-detudes\/certificats\/","og_locale":"fr_FR","og_type":"article","og_title":"Certificats - Facult\u00e9 \/ FTI-EII","og_description":"La FTI-EII offre deux formations distinctes \u00e0 horaire d\u00e9cal\u00e9 en traduction et\/ou interpr\u00e9tation en contexte juridique.","og_url":"https:\/\/web.umons.ac.be\/fti-eii\/fr\/loffre-de-formations\/reprise-detudes\/certificats\/","og_site_name":"Facult\u00e9 \/ FTI-EII","article_modified_time":"2024-06-25T13:16:17+00:00","twitter_card":"summary_large_image","twitter_misc":{"Dur\u00e9e de lecture estim\u00e9e":"1 minute"},"schema":{"@context":"https:\/\/schema.org","@graph":[{"@type":"WebPage","@id":"https:\/\/web.umons.ac.be\/fti-eii\/fr\/loffre-de-formations\/reprise-detudes\/certificats\/","url":"https:\/\/web.umons.ac.be\/fti-eii\/fr\/loffre-de-formations\/reprise-detudes\/certificats\/","name":"Certificats - Facult\u00e9 \/ FTI-EII","isPartOf":{"@id":"https:\/\/web.umons.ac.be\/fti-eii\/#website"},"datePublished":"2017-11-20T14:50:38+00:00","dateModified":"2024-06-25T13:16:17+00:00","description":"La FTI-EII offre deux formations distinctes \u00e0 horaire d\u00e9cal\u00e9 en traduction et\/ou interpr\u00e9tation en contexte juridique.","breadcrumb":{"@id":"https:\/\/web.umons.ac.be\/fti-eii\/fr\/loffre-de-formations\/reprise-detudes\/certificats\/#breadcrumb"},"inLanguage":"fr-FR","potentialAction":[{"@type":"ReadAction","target":["https:\/\/web.umons.ac.be\/fti-eii\/fr\/loffre-de-formations\/reprise-detudes\/certificats\/"]}]},{"@type":"BreadcrumbList","@id":"https:\/\/web.umons.ac.be\/fti-eii\/fr\/loffre-de-formations\/reprise-detudes\/certificats\/#breadcrumb","itemListElement":[{"@type":"ListItem","position":1,"name":"Accueil","item":"https:\/\/web.umons.ac.be\/fti-eii\/fr\/"},{"@type":"ListItem","position":2,"name":"L&rsquo;offre de formations","item":"https:\/\/web.umons.ac.be\/fti-eii\/fr\/loffre-de-formations\/"},{"@type":"ListItem","position":3,"name":"Reprise d\u2019\u00e9tudes","item":"https:\/\/web.umons.ac.be\/fti-eii\/fr\/loffre-de-formations\/reprise-detudes\/"},{"@type":"ListItem","position":4,"name":"Certificats"}]},{"@type":"WebSite","@id":"https:\/\/web.umons.ac.be\/fti-eii\/#website","url":"https:\/\/web.umons.ac.be\/fti-eii\/","name":"Facult\u00e9 \/ FTI-EII","description":"","potentialAction":[{"@type":"SearchAction","target":{"@type":"EntryPoint","urlTemplate":"https:\/\/web.umons.ac.be\/fti-eii\/?s={search_term_string}"},"query-input":{"@type":"PropertyValueSpecification","valueRequired":true,"valueName":"search_term_string"}}],"inLanguage":"fr-FR"}]}},"lang":"fr","translations":{"fr":309,"en":339},"pll_sync_post":[],"_links":{"self":[{"href":"https:\/\/web.umons.ac.be\/fti-eii\/wp-json\/wp\/v2\/pages\/309","targetHints":{"allow":["GET"]}}],"collection":[{"href":"https:\/\/web.umons.ac.be\/fti-eii\/wp-json\/wp\/v2\/pages"}],"about":[{"href":"https:\/\/web.umons.ac.be\/fti-eii\/wp-json\/wp\/v2\/types\/page"}],"author":[{"embeddable":true,"href":"https:\/\/web.umons.ac.be\/fti-eii\/wp-json\/wp\/v2\/users\/2"}],"replies":[{"embeddable":true,"href":"https:\/\/web.umons.ac.be\/fti-eii\/wp-json\/wp\/v2\/comments?post=309"}],"version-history":[{"count":3,"href":"https:\/\/web.umons.ac.be\/fti-eii\/wp-json\/wp\/v2\/pages\/309\/revisions"}],"predecessor-version":[{"id":1329,"href":"https:\/\/web.umons.ac.be\/fti-eii\/wp-json\/wp\/v2\/pages\/309\/revisions\/1329"}],"up":[{"embeddable":true,"href":"https:\/\/web.umons.ac.be\/fti-eii\/wp-json\/wp\/v2\/pages\/74"}],"wp:attachment":[{"href":"https:\/\/web.umons.ac.be\/fti-eii\/wp-json\/wp\/v2\/media?parent=309"}],"curies":[{"name":"wp","href":"https:\/\/api.w.org\/{rel}","templated":true}]}}