{"id":394,"date":"2018-01-18T16:56:58","date_gmt":"2018-01-18T15:56:58","guid":{"rendered":"https:\/\/web.umons.ac.be\/fti-eii\/?page_id=394"},"modified":"2025-02-10T11:20:10","modified_gmt":"2025-02-10T10:20:10","slug":"traduction","status":"publish","type":"page","link":"https:\/\/web.umons.ac.be\/fti-eii\/en\/loffre-de-formations\/2eme-cycle-master\/traduction\/","title":{"rendered":"Translation"},"content":{"rendered":"<start-cask-shortcode-wrapper><article class=\"shortcode-training training-small content-block scheme-fti\">\n\t<a href=\"https:\/\/web.umons.ac.be\/fti-eii\/en\/training-offer\/m2-tradap\/\" class=\"training-link scheme-border-hover\">\n\t\t<header class=\"training-small-header\">\n\t\t\t<div class=\"training-small-entity scheme-color\">\n\t\t\t\tFacult\u00e9 \/ FTI-EII\t\t\t\t\t           \t<img decoding=\"async\" src=\"https:\/\/web.umons.ac.be\/app\/uploads\/sites\/10\/2017\/05\/FTI_EII.png\" class=\"training-small-entity-logo\" alt=\"Ic\u00f4ne de Facult\u00e9 \/ FTI-EII\">\n\t        \t\t\t\t<\/div>\n\t\t\t<div class=\"training-small-degree\">\n\t\t\t\tMaster en\t\t\t<\/div>\n\n\t\t\t<h1 class=\"training-small-title\">Translation<\/h1>\n\n\t\t\t\t\t\t<div class=\"training-small-subtitle\">\n\t\t\t\t<strong>Finalit\u00e9 approfondie<\/strong>\n\t\t\t<\/div>\n\t\t\t\t\t<\/header>\n\t\t\t\t<div class=\"training-small-content\">\n\t\t\t<div class=\"training-small-location\">\n\t\t\t\t<span class=\"icon umons-icon-pin\" aria-hidden=\"true\"><\/span>\n\t\t\t\t<span class=\"location\">Mons<\/span>\n\t\t\t<\/div>\n\n\t\t\t\t\t\t<div class=\"training-small-side-info\">\n\t\t\t\t<ul class=\"training-small-side-info-list\">\n\t\t\t\t\t\t\t\t\t\t<li>\n\t\t\t\t\t\t<div class=\"training-single-schedule\">\n\t\t\t\t\t\t\t<div class=\"label\">Horaire<\/div>\n\t\t\t\t\t\t\t<div class=\"value\">Horaire de jour<\/div>\n\t\t\t\t\t\t<\/div>\n\t\t\t\t\t<\/li>\n\t\t\t\t\t\t\t\t\t\t\t\t\t\t\t<li>\n\t\t\t\t\t\t<div class=\"training-single-credits\">\n\t\t\t\t\t\t\t<div class=\"label\">Cr\u00e9dits ECTS<\/div>\n\t\t\t\t\t\t\t<div class=\"value\">120<\/div>\n\t\t\t\t\t\t<\/div>\n\t\t\t\t\t<\/li>\n\t\t\t\t\t\t\t\t\t\t\t\t\t\t\t<li>\n\t\t\t\t\t\t<div class=\"training-single-languages\">\n\t\t\t\t\t\t\t<div class=\"label\">Langue<\/div>\n\t\t\t\t\t\t\t<div class=\"value\">\n\t\t\t\t\t\t\t\t<span class=\"lang\">Fran\u00e7ais<\/span>\n\t\t\t\t\t\t\t<\/div>\n\t\t\t\t\t\t<\/div>\n\t\t\t\t\t<\/li>\n\t\t\t\t\t\t\t\t\t<\/ul>\n\t\t\t<\/div>\n\t\t\t\t\t<\/div>\n\t\t\t<\/a>\n<\/article>\n<end-cask-shortcode-wrapper>\n<start-cask-shortcode-wrapper><article class=\"shortcode-training training-small content-block scheme-fti\">\n\t<a href=\"https:\/\/web.umons.ac.be\/fti-eii\/en\/training-offer\/m2-tradmu\/\" class=\"training-link scheme-border-hover\">\n\t\t<header class=\"training-small-header\">\n\t\t\t<div class=\"training-small-entity scheme-color\">\n\t\t\t\tFacult\u00e9 \/ FTI-EII\t\t\t\t\t           \t<img decoding=\"async\" src=\"https:\/\/web.umons.ac.be\/app\/uploads\/sites\/10\/2017\/05\/FTI_EII.png\" class=\"training-small-entity-logo\" alt=\"Ic\u00f4ne de Facult\u00e9 \/ FTI-EII\">\n\t        \t\t\t\t<\/div>\n\t\t\t<div class=\"training-small-degree\">\n\t\t\t\tMaster en\t\t\t<\/div>\n\n\t\t\t<h1 class=\"training-small-title\">Translation<\/h1>\n\n\t\t\t\t\t\t<div class=\"training-small-subtitle\">\n\t\t\t\t<strong>Finalit\u00e9 sp\u00e9cialis\u00e9e en traduction multidisciplinaire<\/strong>\n\t\t\t<\/div>\n\t\t\t\t\t<\/header>\n\t\t\t\t<div class=\"training-small-content\">\n\t\t\t<div class=\"training-small-location\">\n\t\t\t\t<span class=\"icon umons-icon-pin\" aria-hidden=\"true\"><\/span>\n\t\t\t\t<span class=\"location\">Mons<\/span>\n\t\t\t<\/div>\n\n\t\t\t\t\t\t<div class=\"training-small-side-info\">\n\t\t\t\t<ul class=\"training-small-side-info-list\">\n\t\t\t\t\t\t\t\t\t\t<li>\n\t\t\t\t\t\t<div class=\"training-single-schedule\">\n\t\t\t\t\t\t\t<div class=\"label\">Horaire<\/div>\n\t\t\t\t\t\t\t<div class=\"value\">Horaire de jour<\/div>\n\t\t\t\t\t\t<\/div>\n\t\t\t\t\t<\/li>\n\t\t\t\t\t\t\t\t\t\t\t\t\t\t\t<li>\n\t\t\t\t\t\t<div class=\"training-single-credits\">\n\t\t\t\t\t\t\t<div class=\"label\">Cr\u00e9dits ECTS<\/div>\n\t\t\t\t\t\t\t<div class=\"value\">120<\/div>\n\t\t\t\t\t\t<\/div>\n\t\t\t\t\t<\/li>\n\t\t\t\t\t\t\t\t\t\t\t\t\t\t\t<li>\n\t\t\t\t\t\t<div class=\"training-single-languages\">\n\t\t\t\t\t\t\t<div class=\"label\">Langue<\/div>\n\t\t\t\t\t\t\t<div class=\"value\">\n\t\t\t\t\t\t\t\t<span class=\"lang\">Fran\u00e7ais<\/span>\n\t\t\t\t\t\t\t<\/div>\n\t\t\t\t\t\t<\/div>\n\t\t\t\t\t<\/li>\n\t\t\t\t\t\t\t\t\t<\/ul>\n\t\t\t<\/div>\n\t\t\t\t\t<\/div>\n\t\t\t<\/a>\n<\/article>\n<end-cask-shortcode-wrapper>\n<start-cask-shortcode-wrapper><article class=\"shortcode-training training-small content-block scheme-fti\">\n\t<a href=\"https:\/\/web.umons.ac.be\/fti-eii\/en\/training-offer\/m2-tradin\/\" class=\"training-link scheme-border-hover\">\n\t\t<header class=\"training-small-header\">\n\t\t\t<div class=\"training-small-entity scheme-color\">\n\t\t\t\tFacult\u00e9 \/ FTI-EII\t\t\t\t\t           \t<img decoding=\"async\" src=\"https:\/\/web.umons.ac.be\/app\/uploads\/sites\/10\/2017\/05\/FTI_EII.png\" class=\"training-small-entity-logo\" alt=\"Ic\u00f4ne de Facult\u00e9 \/ FTI-EII\">\n\t        \t\t\t\t<\/div>\n\t\t\t<div class=\"training-small-degree\">\n\t\t\t\tMaster en\t\t\t<\/div>\n\n\t\t\t<h1 class=\"training-small-title\">Translation<\/h1>\n\n\t\t\t\t\t\t<div class=\"training-small-subtitle\">\n\t\t\t\t<strong>Finalit\u00e9 sp\u00e9cialis\u00e9e en traduction en contexte interculturel<\/strong>\n\t\t\t<\/div>\n\t\t\t\t\t<\/header>\n\t\t\t\t<div class=\"training-small-content\">\n\t\t\t<div class=\"training-small-location\">\n\t\t\t\t<span class=\"icon umons-icon-pin\" aria-hidden=\"true\"><\/span>\n\t\t\t\t<span class=\"location\">Mons<\/span>\n\t\t\t<\/div>\n\n\t\t\t\t\t\t<div class=\"training-small-side-info\">\n\t\t\t\t<ul class=\"training-small-side-info-list\">\n\t\t\t\t\t\t\t\t\t\t<li>\n\t\t\t\t\t\t<div class=\"training-single-schedule\">\n\t\t\t\t\t\t\t<div class=\"label\">Horaire<\/div>\n\t\t\t\t\t\t\t<div class=\"value\">Horaire de jour<\/div>\n\t\t\t\t\t\t<\/div>\n\t\t\t\t\t<\/li>\n\t\t\t\t\t\t\t\t\t\t\t\t\t\t\t<li>\n\t\t\t\t\t\t<div class=\"training-single-credits\">\n\t\t\t\t\t\t\t<div class=\"label\">Cr\u00e9dits ECTS<\/div>\n\t\t\t\t\t\t\t<div class=\"value\">120<\/div>\n\t\t\t\t\t\t<\/div>\n\t\t\t\t\t<\/li>\n\t\t\t\t\t\t\t\t\t\t\t\t\t\t\t<li>\n\t\t\t\t\t\t<div class=\"training-single-languages\">\n\t\t\t\t\t\t\t<div class=\"label\">Langue<\/div>\n\t\t\t\t\t\t\t<div class=\"value\">\n\t\t\t\t\t\t\t\t<span class=\"lang\">Fran\u00e7ais<\/span>\n\t\t\t\t\t\t\t<\/div>\n\t\t\t\t\t\t<\/div>\n\t\t\t\t\t<\/li>\n\t\t\t\t\t\t\t\t\t<\/ul>\n\t\t\t<\/div>\n\t\t\t\t\t<\/div>\n\t\t\t<\/a>\n<\/article>\n<end-cask-shortcode-wrapper>\n","protected":false},"excerpt":{"rendered":"","protected":false},"author":2,"featured_media":0,"parent":268,"menu_order":0,"comment_status":"closed","ping_status":"closed","template":"","meta":{"footnotes":""},"class_list":["post-394","page","type-page","status-publish","hentry"],"yoast_head":"<!-- This site is optimized with the Yoast SEO plugin v27.2 - https:\/\/yoast.com\/product\/yoast-seo-wordpress\/ -->\n<title>Translation - Facult\u00e9 \/ FTI-EII<\/title>\n<meta name=\"robots\" content=\"index, follow, max-snippet:-1, max-image-preview:large, max-video-preview:-1\" \/>\n<link rel=\"canonical\" href=\"https:\/\/web.umons.ac.be\/fti-eii\/en\/loffre-de-formations\/2eme-cycle-master\/traduction\/\" \/>\n<meta property=\"og:locale\" content=\"fr_FR\" \/>\n<meta property=\"og:type\" content=\"article\" \/>\n<meta property=\"og:title\" content=\"Translation - Facult\u00e9 \/ FTI-EII\" \/>\n<meta property=\"og:url\" content=\"https:\/\/web.umons.ac.be\/fti-eii\/en\/loffre-de-formations\/2eme-cycle-master\/traduction\/\" \/>\n<meta property=\"og:site_name\" content=\"Facult\u00e9 \/ FTI-EII\" \/>\n<meta property=\"article:modified_time\" content=\"2025-02-10T10:20:10+00:00\" \/>\n<meta name=\"twitter:card\" content=\"summary_large_image\" \/>\n<meta name=\"twitter:label1\" content=\"Dur\u00e9e de lecture estim\u00e9e\" \/>\n\t<meta name=\"twitter:data1\" content=\"1 minute\" \/>\n<script type=\"application\/ld+json\" class=\"yoast-schema-graph\">{\"@context\":\"https:\/\/schema.org\",\"@graph\":[{\"@type\":\"WebPage\",\"@id\":\"https:\/\/web.umons.ac.be\/fti-eii\/en\/loffre-de-formations\/2eme-cycle-master\/traduction\/\",\"url\":\"https:\/\/web.umons.ac.be\/fti-eii\/en\/loffre-de-formations\/2eme-cycle-master\/traduction\/\",\"name\":\"Translation - Facult\u00e9 \/ FTI-EII\",\"isPartOf\":{\"@id\":\"https:\/\/web.umons.ac.be\/fti-eii\/#website\"},\"datePublished\":\"2018-01-18T15:56:58+00:00\",\"dateModified\":\"2025-02-10T10:20:10+00:00\",\"breadcrumb\":{\"@id\":\"https:\/\/web.umons.ac.be\/fti-eii\/en\/loffre-de-formations\/2eme-cycle-master\/traduction\/#breadcrumb\"},\"inLanguage\":\"fr-FR\",\"potentialAction\":[{\"@type\":\"ReadAction\",\"target\":[\"https:\/\/web.umons.ac.be\/fti-eii\/en\/loffre-de-formations\/2eme-cycle-master\/traduction\/\"]}]},{\"@type\":\"BreadcrumbList\",\"@id\":\"https:\/\/web.umons.ac.be\/fti-eii\/en\/loffre-de-formations\/2eme-cycle-master\/traduction\/#breadcrumb\",\"itemListElement\":[{\"@type\":\"ListItem\",\"position\":1,\"name\":\"Accueil\",\"item\":\"https:\/\/web.umons.ac.be\/fti-eii\/fr\/\"},{\"@type\":\"ListItem\",\"position\":2,\"name\":\"Training offer\",\"item\":\"https:\/\/web.umons.ac.be\/fti-eii\/en\/loffre-de-formations\/\"},{\"@type\":\"ListItem\",\"position\":3,\"name\":\"Second cycle : Master\u2019s degree\",\"item\":\"https:\/\/web.umons.ac.be\/fti-eii\/en\/loffre-de-formations\/2eme-cycle-master\/\"},{\"@type\":\"ListItem\",\"position\":4,\"name\":\"Translation\"}]},{\"@type\":\"WebSite\",\"@id\":\"https:\/\/web.umons.ac.be\/fti-eii\/#website\",\"url\":\"https:\/\/web.umons.ac.be\/fti-eii\/\",\"name\":\"Facult\u00e9 \/ FTI-EII\",\"description\":\"\",\"potentialAction\":[{\"@type\":\"SearchAction\",\"target\":{\"@type\":\"EntryPoint\",\"urlTemplate\":\"https:\/\/web.umons.ac.be\/fti-eii\/?s={search_term_string}\"},\"query-input\":{\"@type\":\"PropertyValueSpecification\",\"valueRequired\":true,\"valueName\":\"search_term_string\"}}],\"inLanguage\":\"fr-FR\"}]}<\/script>\n<!-- \/ Yoast SEO plugin. -->","yoast_head_json":{"title":"Translation - Facult\u00e9 \/ FTI-EII","robots":{"index":"index","follow":"follow","max-snippet":"max-snippet:-1","max-image-preview":"max-image-preview:large","max-video-preview":"max-video-preview:-1"},"canonical":"https:\/\/web.umons.ac.be\/fti-eii\/en\/loffre-de-formations\/2eme-cycle-master\/traduction\/","og_locale":"fr_FR","og_type":"article","og_title":"Translation - Facult\u00e9 \/ FTI-EII","og_url":"https:\/\/web.umons.ac.be\/fti-eii\/en\/loffre-de-formations\/2eme-cycle-master\/traduction\/","og_site_name":"Facult\u00e9 \/ FTI-EII","article_modified_time":"2025-02-10T10:20:10+00:00","twitter_card":"summary_large_image","twitter_misc":{"Dur\u00e9e de lecture estim\u00e9e":"1 minute"},"schema":{"@context":"https:\/\/schema.org","@graph":[{"@type":"WebPage","@id":"https:\/\/web.umons.ac.be\/fti-eii\/en\/loffre-de-formations\/2eme-cycle-master\/traduction\/","url":"https:\/\/web.umons.ac.be\/fti-eii\/en\/loffre-de-formations\/2eme-cycle-master\/traduction\/","name":"Translation - Facult\u00e9 \/ FTI-EII","isPartOf":{"@id":"https:\/\/web.umons.ac.be\/fti-eii\/#website"},"datePublished":"2018-01-18T15:56:58+00:00","dateModified":"2025-02-10T10:20:10+00:00","breadcrumb":{"@id":"https:\/\/web.umons.ac.be\/fti-eii\/en\/loffre-de-formations\/2eme-cycle-master\/traduction\/#breadcrumb"},"inLanguage":"fr-FR","potentialAction":[{"@type":"ReadAction","target":["https:\/\/web.umons.ac.be\/fti-eii\/en\/loffre-de-formations\/2eme-cycle-master\/traduction\/"]}]},{"@type":"BreadcrumbList","@id":"https:\/\/web.umons.ac.be\/fti-eii\/en\/loffre-de-formations\/2eme-cycle-master\/traduction\/#breadcrumb","itemListElement":[{"@type":"ListItem","position":1,"name":"Accueil","item":"https:\/\/web.umons.ac.be\/fti-eii\/fr\/"},{"@type":"ListItem","position":2,"name":"Training offer","item":"https:\/\/web.umons.ac.be\/fti-eii\/en\/loffre-de-formations\/"},{"@type":"ListItem","position":3,"name":"Second cycle : Master\u2019s degree","item":"https:\/\/web.umons.ac.be\/fti-eii\/en\/loffre-de-formations\/2eme-cycle-master\/"},{"@type":"ListItem","position":4,"name":"Translation"}]},{"@type":"WebSite","@id":"https:\/\/web.umons.ac.be\/fti-eii\/#website","url":"https:\/\/web.umons.ac.be\/fti-eii\/","name":"Facult\u00e9 \/ FTI-EII","description":"","potentialAction":[{"@type":"SearchAction","target":{"@type":"EntryPoint","urlTemplate":"https:\/\/web.umons.ac.be\/fti-eii\/?s={search_term_string}"},"query-input":{"@type":"PropertyValueSpecification","valueRequired":true,"valueName":"search_term_string"}}],"inLanguage":"fr-FR"}]}},"lang":"en","translations":{"en":394,"fr":391},"pll_sync_post":[],"_links":{"self":[{"href":"https:\/\/web.umons.ac.be\/fti-eii\/wp-json\/wp\/v2\/pages\/394","targetHints":{"allow":["GET"]}}],"collection":[{"href":"https:\/\/web.umons.ac.be\/fti-eii\/wp-json\/wp\/v2\/pages"}],"about":[{"href":"https:\/\/web.umons.ac.be\/fti-eii\/wp-json\/wp\/v2\/types\/page"}],"author":[{"embeddable":true,"href":"https:\/\/web.umons.ac.be\/fti-eii\/wp-json\/wp\/v2\/users\/2"}],"replies":[{"embeddable":true,"href":"https:\/\/web.umons.ac.be\/fti-eii\/wp-json\/wp\/v2\/comments?post=394"}],"version-history":[{"count":3,"href":"https:\/\/web.umons.ac.be\/fti-eii\/wp-json\/wp\/v2\/pages\/394\/revisions"}],"predecessor-version":[{"id":1510,"href":"https:\/\/web.umons.ac.be\/fti-eii\/wp-json\/wp\/v2\/pages\/394\/revisions\/1510"}],"up":[{"embeddable":true,"href":"https:\/\/web.umons.ac.be\/fti-eii\/wp-json\/wp\/v2\/pages\/268"}],"wp:attachment":[{"href":"https:\/\/web.umons.ac.be\/fti-eii\/wp-json\/wp\/v2\/media?parent=394"}],"curies":[{"name":"wp","href":"https:\/\/api.w.org\/{rel}","templated":true}]}}