{"id":68,"date":"2017-07-07T16:20:20","date_gmt":"2017-07-07T14:20:20","guid":{"rendered":"https:\/\/web.umons.ac.be\/eii\/?page_id=68"},"modified":"2023-04-04T15:20:24","modified_gmt":"2023-04-04T13:20:24","slug":"combinaisons-de-langues","status":"publish","type":"page","link":"https:\/\/web.umons.ac.be\/fti-eii\/fr\/etudes\/combinaisons-de-langues\/","title":{"rendered":"Combinaisons de langues"},"content":{"rendered":"<h2>Quelles sont les\u00a0combinaisons de langues\u00a0possibles ?<\/h2>\n<p>Au niveau des langues enseign\u00e9es, 15 combinaisons\u00a0linguistiques sont possibles. L\u2019\u00e9tudiant\u00a0doit choisir obligatoirement :<\/p>\n<ul>\n<li>\n<h4>Une langue A :<\/h4>\n<ul>\n<li><a href=\"https:\/\/web.umons.ac.be\/seff\">Fran\u00e7ais<\/a> (traduction ou\u00a0interpr\u00e9tation de la langue \u00e9trang\u00e8re vers la\u00a0langue maternelle)<\/li>\n<\/ul>\n<\/li>\n<li>\n<h4>2 langues B, \u00e0 partir du 1er bloc de Bachelier :<\/h4>\n<ul>\n<li><a href=\"https:\/\/web.umons.ac.be\/sereg\">allemand<\/a>,<\/li>\n<li><a href=\"https:\/\/web.umons.ac.be\/ellit\">anglais<\/a>,<\/li>\n<li><a href=\"https:\/\/web.umons.ac.be\/nord\">danois<\/a>,<\/li>\n<li><a href=\"https:\/\/web.umons.ac.be\/seiia\">espagnol<\/a>,<\/li>\n<li><a href=\"https:\/\/web.umons.ac.be\/sei\">italien<\/a>,<\/li>\n<li><a href=\"https:\/\/web.umons.ac.be\/tralaned\">n\u00e9erlandais<\/a>,<\/li>\n<li><a href=\"https:\/\/web.umons.ac.be\/sepsoms\">russe<\/a>,<\/li>\n<li>arabe<\/li>\n<li><a href=\"https:\/\/web.umons.ac.be\/chineast\">chinois<\/a><\/li>\n<\/ul>\n<\/li>\n<\/ul>\n<h5>Les combinaisons possibles des 2\u00a0langues B sont :<\/h5>\n<p><img loading=\"lazy\" decoding=\"async\" class=\"alignnone size-large wp-image-45\" src=\"https:\/\/web.umons.ac.be\/app\/uploads\/sites\/10\/2017\/07\/combinaison-langues-1024x214.jpg\" alt=\"\" width=\"1024\" height=\"214\" srcset=\"https:\/\/web.umons.ac.be\/app\/uploads\/sites\/10\/2017\/07\/combinaison-langues-1024x214.jpg 1024w, https:\/\/web.umons.ac.be\/app\/uploads\/sites\/10\/2017\/07\/combinaison-langues-300x63.jpg 300w, https:\/\/web.umons.ac.be\/app\/uploads\/sites\/10\/2017\/07\/combinaison-langues-768x160.jpg 768w, https:\/\/web.umons.ac.be\/app\/uploads\/sites\/10\/2017\/07\/combinaison-langues-30x6.jpg 30w, https:\/\/web.umons.ac.be\/app\/uploads\/sites\/10\/2017\/07\/combinaison-langues-60x13.jpg 60w, https:\/\/web.umons.ac.be\/app\/uploads\/sites\/10\/2017\/07\/combinaison-langues-360x75.jpg 360w\" sizes=\"auto, (max-width: 1024px) 100vw, 1024px\" \/><\/p>\n<ul>\n<li>\n<h3>Une langue C, \u00e0 partir du 3\u00e8me bloc de Bachelier :<\/h3>\n<ul>\n<li>arabe,<\/li>\n<li><a href=\"https:\/\/web.umons.ac.be\/chineast\">chinois<\/a><\/li>\n<li>grec,<\/li>\n<li><a href=\"https:\/\/web.umons.ac.be\/chineast\">japonais<\/a>,<\/li>\n<li><a href=\"https:\/\/web.umons.ac.be\/sepsoms\">polonais<\/a>,<\/li>\n<li><a href=\"https:\/\/web.umons.ac.be\/seiia\">portugais<\/a>,<\/li>\n<li><a href=\"https:\/\/web.umons.ac.be\/nord\">norv\u00e9gien<\/a>,<\/li>\n<li><a href=\"https:\/\/web.umons.ac.be\/nord\">su\u00e9dois<\/a>,<\/li>\n<li><a href=\"https:\/\/web.umons.ac.be\/sereg\">allemand<\/a>,<\/li>\n<li><a href=\"https:\/\/web.umons.ac.be\/ellit\">anglais<\/a>,<\/li>\n<li><a href=\"https:\/\/web.umons.ac.be\/nord\">danois<\/a>,<\/li>\n<li><a href=\"https:\/\/web.umons.ac.be\/seiia\">espagnol<\/a>,<\/li>\n<li><a href=\"https:\/\/web.umons.ac.be\/sei\">italien<\/a>,<\/li>\n<li><a href=\"https:\/\/web.umons.ac.be\/tralaned\">n\u00e9erlandais<\/a><\/li>\n<li><a href=\"https:\/\/web.umons.ac.be\/sepsoms\">russe<\/a>.<\/li>\n<\/ul>\n<\/li>\n<\/ul>\n","protected":false},"excerpt":{"rendered":"<p>Quelles sont les\u00a0combinaisons de langues\u00a0possibles ? Au niveau des langues enseign\u00e9es, 15 combinaisons\u00a0linguistiques sont possibles. L\u2019\u00e9tudiant\u00a0doit choisir obligatoirement : Une langue A : Fran\u00e7ais (traduction ou\u00a0interpr\u00e9tation de la langue \u00e9trang\u00e8re vers la\u00a0langue maternelle) 2 langues B, \u00e0 partir du 1er bloc de Bachelier : allemand, anglais, danois, espagnol, italien, n\u00e9erlandais, russe, arabe chinois Les combinaisons [&hellip;]<\/p>\n","protected":false},"author":2,"featured_media":0,"parent":65,"menu_order":3,"comment_status":"closed","ping_status":"closed","template":"","meta":{"footnotes":""},"class_list":["post-68","page","type-page","status-publish","hentry"],"yoast_head":"<!-- This site is optimized with the Yoast SEO plugin v27.2 - https:\/\/yoast.com\/product\/yoast-seo-wordpress\/ -->\n<title>Combinaisons de langues - Facult\u00e9 \/ FTI-EII<\/title>\n<meta name=\"robots\" content=\"index, follow, max-snippet:-1, max-image-preview:large, max-video-preview:-1\" \/>\n<link rel=\"canonical\" href=\"https:\/\/web.umons.ac.be\/fti-eii\/fr\/etudes\/combinaisons-de-langues\/\" \/>\n<meta property=\"og:locale\" content=\"fr_FR\" \/>\n<meta property=\"og:type\" content=\"article\" \/>\n<meta property=\"og:title\" content=\"Combinaisons de langues - Facult\u00e9 \/ FTI-EII\" \/>\n<meta property=\"og:description\" content=\"Quelles sont les\u00a0combinaisons de langues\u00a0possibles ? Au niveau des langues enseign\u00e9es, 15 combinaisons\u00a0linguistiques sont possibles. L\u2019\u00e9tudiant\u00a0doit choisir obligatoirement : Une langue A : Fran\u00e7ais (traduction ou\u00a0interpr\u00e9tation de la langue \u00e9trang\u00e8re vers la\u00a0langue maternelle) 2 langues B, \u00e0 partir du 1er bloc de Bachelier : allemand, anglais, danois, espagnol, italien, n\u00e9erlandais, russe, arabe chinois Les combinaisons [&hellip;]\" \/>\n<meta property=\"og:url\" content=\"https:\/\/web.umons.ac.be\/fti-eii\/fr\/etudes\/combinaisons-de-langues\/\" \/>\n<meta property=\"og:site_name\" content=\"Facult\u00e9 \/ FTI-EII\" \/>\n<meta property=\"article:modified_time\" content=\"2023-04-04T13:20:24+00:00\" \/>\n<meta property=\"og:image\" content=\"https:\/\/web.umons.ac.be\/app\/uploads\/sites\/10\/2017\/07\/combinaison-langues-1024x214.jpg\" \/>\n<meta name=\"twitter:card\" content=\"summary_large_image\" \/>\n<meta name=\"twitter:label1\" content=\"Dur\u00e9e de lecture estim\u00e9e\" \/>\n\t<meta name=\"twitter:data1\" content=\"1 minute\" \/>\n<script type=\"application\/ld+json\" class=\"yoast-schema-graph\">{\"@context\":\"https:\/\/schema.org\",\"@graph\":[{\"@type\":\"WebPage\",\"@id\":\"https:\/\/web.umons.ac.be\/fti-eii\/fr\/etudes\/combinaisons-de-langues\/\",\"url\":\"https:\/\/web.umons.ac.be\/fti-eii\/fr\/etudes\/combinaisons-de-langues\/\",\"name\":\"Combinaisons de langues - Facult\u00e9 \/ FTI-EII\",\"isPartOf\":{\"@id\":\"https:\/\/web.umons.ac.be\/fti-eii\/#website\"},\"primaryImageOfPage\":{\"@id\":\"https:\/\/web.umons.ac.be\/fti-eii\/fr\/etudes\/combinaisons-de-langues\/#primaryimage\"},\"image\":{\"@id\":\"https:\/\/web.umons.ac.be\/fti-eii\/fr\/etudes\/combinaisons-de-langues\/#primaryimage\"},\"thumbnailUrl\":\"https:\/\/web.umons.ac.be\/app\/uploads\/sites\/10\/2017\/07\/combinaison-langues-1024x214.jpg\",\"datePublished\":\"2017-07-07T14:20:20+00:00\",\"dateModified\":\"2023-04-04T13:20:24+00:00\",\"breadcrumb\":{\"@id\":\"https:\/\/web.umons.ac.be\/fti-eii\/fr\/etudes\/combinaisons-de-langues\/#breadcrumb\"},\"inLanguage\":\"fr-FR\",\"potentialAction\":[{\"@type\":\"ReadAction\",\"target\":[\"https:\/\/web.umons.ac.be\/fti-eii\/fr\/etudes\/combinaisons-de-langues\/\"]}]},{\"@type\":\"ImageObject\",\"inLanguage\":\"fr-FR\",\"@id\":\"https:\/\/web.umons.ac.be\/fti-eii\/fr\/etudes\/combinaisons-de-langues\/#primaryimage\",\"url\":\"https:\/\/web.umons.ac.be\/app\/uploads\/sites\/10\/2017\/07\/combinaison-langues-1024x214.jpg\",\"contentUrl\":\"https:\/\/web.umons.ac.be\/app\/uploads\/sites\/10\/2017\/07\/combinaison-langues-1024x214.jpg\"},{\"@type\":\"BreadcrumbList\",\"@id\":\"https:\/\/web.umons.ac.be\/fti-eii\/fr\/etudes\/combinaisons-de-langues\/#breadcrumb\",\"itemListElement\":[{\"@type\":\"ListItem\",\"position\":1,\"name\":\"Accueil\",\"item\":\"https:\/\/web.umons.ac.be\/fti-eii\/fr\/\"},{\"@type\":\"ListItem\",\"position\":2,\"name\":\"Etudes\",\"item\":\"https:\/\/web.umons.ac.be\/fti-eii\/fr\/etudes\/\"},{\"@type\":\"ListItem\",\"position\":3,\"name\":\"Combinaisons de langues\"}]},{\"@type\":\"WebSite\",\"@id\":\"https:\/\/web.umons.ac.be\/fti-eii\/#website\",\"url\":\"https:\/\/web.umons.ac.be\/fti-eii\/\",\"name\":\"Facult\u00e9 \/ FTI-EII\",\"description\":\"\",\"potentialAction\":[{\"@type\":\"SearchAction\",\"target\":{\"@type\":\"EntryPoint\",\"urlTemplate\":\"https:\/\/web.umons.ac.be\/fti-eii\/?s={search_term_string}\"},\"query-input\":{\"@type\":\"PropertyValueSpecification\",\"valueRequired\":true,\"valueName\":\"search_term_string\"}}],\"inLanguage\":\"fr-FR\"}]}<\/script>\n<!-- \/ Yoast SEO plugin. -->","yoast_head_json":{"title":"Combinaisons de langues - Facult\u00e9 \/ FTI-EII","robots":{"index":"index","follow":"follow","max-snippet":"max-snippet:-1","max-image-preview":"max-image-preview:large","max-video-preview":"max-video-preview:-1"},"canonical":"https:\/\/web.umons.ac.be\/fti-eii\/fr\/etudes\/combinaisons-de-langues\/","og_locale":"fr_FR","og_type":"article","og_title":"Combinaisons de langues - Facult\u00e9 \/ FTI-EII","og_description":"Quelles sont les\u00a0combinaisons de langues\u00a0possibles ? Au niveau des langues enseign\u00e9es, 15 combinaisons\u00a0linguistiques sont possibles. L\u2019\u00e9tudiant\u00a0doit choisir obligatoirement : Une langue A : Fran\u00e7ais (traduction ou\u00a0interpr\u00e9tation de la langue \u00e9trang\u00e8re vers la\u00a0langue maternelle) 2 langues B, \u00e0 partir du 1er bloc de Bachelier : allemand, anglais, danois, espagnol, italien, n\u00e9erlandais, russe, arabe chinois Les combinaisons [&hellip;]","og_url":"https:\/\/web.umons.ac.be\/fti-eii\/fr\/etudes\/combinaisons-de-langues\/","og_site_name":"Facult\u00e9 \/ FTI-EII","article_modified_time":"2023-04-04T13:20:24+00:00","og_image":[{"url":"https:\/\/web.umons.ac.be\/app\/uploads\/sites\/10\/2017\/07\/combinaison-langues-1024x214.jpg","type":"","width":"","height":""}],"twitter_card":"summary_large_image","twitter_misc":{"Dur\u00e9e de lecture estim\u00e9e":"1 minute"},"schema":{"@context":"https:\/\/schema.org","@graph":[{"@type":"WebPage","@id":"https:\/\/web.umons.ac.be\/fti-eii\/fr\/etudes\/combinaisons-de-langues\/","url":"https:\/\/web.umons.ac.be\/fti-eii\/fr\/etudes\/combinaisons-de-langues\/","name":"Combinaisons de langues - Facult\u00e9 \/ FTI-EII","isPartOf":{"@id":"https:\/\/web.umons.ac.be\/fti-eii\/#website"},"primaryImageOfPage":{"@id":"https:\/\/web.umons.ac.be\/fti-eii\/fr\/etudes\/combinaisons-de-langues\/#primaryimage"},"image":{"@id":"https:\/\/web.umons.ac.be\/fti-eii\/fr\/etudes\/combinaisons-de-langues\/#primaryimage"},"thumbnailUrl":"https:\/\/web.umons.ac.be\/app\/uploads\/sites\/10\/2017\/07\/combinaison-langues-1024x214.jpg","datePublished":"2017-07-07T14:20:20+00:00","dateModified":"2023-04-04T13:20:24+00:00","breadcrumb":{"@id":"https:\/\/web.umons.ac.be\/fti-eii\/fr\/etudes\/combinaisons-de-langues\/#breadcrumb"},"inLanguage":"fr-FR","potentialAction":[{"@type":"ReadAction","target":["https:\/\/web.umons.ac.be\/fti-eii\/fr\/etudes\/combinaisons-de-langues\/"]}]},{"@type":"ImageObject","inLanguage":"fr-FR","@id":"https:\/\/web.umons.ac.be\/fti-eii\/fr\/etudes\/combinaisons-de-langues\/#primaryimage","url":"https:\/\/web.umons.ac.be\/app\/uploads\/sites\/10\/2017\/07\/combinaison-langues-1024x214.jpg","contentUrl":"https:\/\/web.umons.ac.be\/app\/uploads\/sites\/10\/2017\/07\/combinaison-langues-1024x214.jpg"},{"@type":"BreadcrumbList","@id":"https:\/\/web.umons.ac.be\/fti-eii\/fr\/etudes\/combinaisons-de-langues\/#breadcrumb","itemListElement":[{"@type":"ListItem","position":1,"name":"Accueil","item":"https:\/\/web.umons.ac.be\/fti-eii\/fr\/"},{"@type":"ListItem","position":2,"name":"Etudes","item":"https:\/\/web.umons.ac.be\/fti-eii\/fr\/etudes\/"},{"@type":"ListItem","position":3,"name":"Combinaisons de langues"}]},{"@type":"WebSite","@id":"https:\/\/web.umons.ac.be\/fti-eii\/#website","url":"https:\/\/web.umons.ac.be\/fti-eii\/","name":"Facult\u00e9 \/ FTI-EII","description":"","potentialAction":[{"@type":"SearchAction","target":{"@type":"EntryPoint","urlTemplate":"https:\/\/web.umons.ac.be\/fti-eii\/?s={search_term_string}"},"query-input":{"@type":"PropertyValueSpecification","valueRequired":true,"valueName":"search_term_string"}}],"inLanguage":"fr-FR"}]}},"lang":"fr","translations":{"fr":68,"en":213},"pll_sync_post":[],"_links":{"self":[{"href":"https:\/\/web.umons.ac.be\/fti-eii\/wp-json\/wp\/v2\/pages\/68","targetHints":{"allow":["GET"]}}],"collection":[{"href":"https:\/\/web.umons.ac.be\/fti-eii\/wp-json\/wp\/v2\/pages"}],"about":[{"href":"https:\/\/web.umons.ac.be\/fti-eii\/wp-json\/wp\/v2\/types\/page"}],"author":[{"embeddable":true,"href":"https:\/\/web.umons.ac.be\/fti-eii\/wp-json\/wp\/v2\/users\/2"}],"replies":[{"embeddable":true,"href":"https:\/\/web.umons.ac.be\/fti-eii\/wp-json\/wp\/v2\/comments?post=68"}],"version-history":[{"count":3,"href":"https:\/\/web.umons.ac.be\/fti-eii\/wp-json\/wp\/v2\/pages\/68\/revisions"}],"predecessor-version":[{"id":1162,"href":"https:\/\/web.umons.ac.be\/fti-eii\/wp-json\/wp\/v2\/pages\/68\/revisions\/1162"}],"up":[{"embeddable":true,"href":"https:\/\/web.umons.ac.be\/fti-eii\/wp-json\/wp\/v2\/pages\/65"}],"wp:attachment":[{"href":"https:\/\/web.umons.ac.be\/fti-eii\/wp-json\/wp\/v2\/media?parent=68"}],"curies":[{"name":"wp","href":"https:\/\/api.w.org\/{rel}","templated":true}]}}