{"id":95,"date":"2017-07-07T16:44:12","date_gmt":"2017-07-07T14:44:12","guid":{"rendered":"https:\/\/web.umons.ac.be\/eii\/?page_id=95"},"modified":"2022-08-25T11:09:00","modified_gmt":"2022-08-25T09:09:00","slug":"aides-a-la-reussite","status":"publish","type":"page","link":"https:\/\/web.umons.ac.be\/fti-eii\/fr\/etudes\/aides-a-la-reussite\/","title":{"rendered":"Aides \u00e0 la r\u00e9ussite"},"content":{"rendered":"<p>La Facult\u00e9 de Traduction et d\u2019Interpr\u00e9tation de l\u2019UMONS organise de multiples activit\u00e9s visant \u00e0 contribuer \u00e0 la r\u00e9ussite de ses \u00e9tudiants.<\/p>\n<p><strong>Une facult\u00e9 \u00e0 taille humaine<\/strong><\/p>\n<p>La FTI-EII favorise le travail en groupes \u00e0\u00a0taille humaine dans la grande majorit\u00e9 des cours, afin de faciliter les apprentissages et les contacts avec les enseignants.<\/p>\n<p><strong>Outils technologiques<\/strong><\/p>\n<p>L\u2019UMONS met \u00e0 la disposition des \u00e9tudiants divers outils technologiques, tels que la plateforme d\u2019apprentissage en ligne Moodle, qui leur donnent un acc\u00e8s direct aux supports de cours des enseignants et la possibilit\u00e9 de s\u2019entra\u00eener en autonomie. Les \u00e9tudiants b\u00e9n\u00e9ficient ainsi tout au long de leurs \u00e9tudes de multiples outils personnalis\u00e9s et adapt\u00e9s \u00e0 leurs apprentissages, qui leur permettent d\u2019\u00e9voluer \u00e0 leur rythme tout en restant suivis par des feed-back r\u00e9guliers.<\/p>\n<p><strong>Un cours de rem\u00e9diation inscrit \u00e0 l\u2019horaire<\/strong><\/p>\n<p>Chaque langue propose une heure de rem\u00e9diation, inscrite \u00e0 l\u2019horaire, afin de permettre aux \u00e9tudiants de retravailler les notions vues en cours de langues en fonction des besoins.<\/p>\n<p><strong>Tutorat, carrefours d\u2019\u00e9change entre \u00e9tudiants, \u00e9l\u00e8ves-assistants<\/strong><\/p>\n<p>La Facult\u00e9 encourage vivement les interactions entre les nouveaux \u00e9tudiants et ceux des ann\u00e9es sup\u00e9rieures pour favoriser l\u2019acquisition des comp\u00e9tences. Citons, \u00e0 titre d\u2019exemples, les activit\u00e9s de tutorat ou les carrefours d\u2019\u00e9change p\u00e9dagogique autour de th\u00e9matiques comme \u00ab\u00a0Strat\u00e9gies et outils pour r\u00e9ussir\u00a0\u00bb ou \u00ab\u00a0Bien g\u00e9rer son blocus\u00a0\u00bb, o\u00f9 les \u00e9tudiants de BAB1 sont invit\u00e9s \u00e0 r\u00e9fl\u00e9chir \u00e0 leur m\u00e9thode de travail et \u00e0 chercher des solutions aux difficult\u00e9s qu\u2019ils rencontrent tout en b\u00e9n\u00e9ficiant du soutien et des conseils d\u2019\u00e9tudiants plus exp\u00e9riment\u00e9s.<\/p>\n<p><strong>Assistantes p\u00e9dagogiques<\/strong><\/p>\n<p>La Facult\u00e9 b\u00e9n\u00e9ficie \u00e9galement de la pr\u00e9sence de deux assistantes p\u00e9dagogiques, qui encadrent la rem\u00e9diation et l\u2019aide \u00e0 la r\u00e9ussite. Ces assistantes organisent, par exemple, des rencontres individualis\u00e9es avec les \u00e9tudiants ainsi que les activit\u00e9s de rem\u00e9diation des D\u00e9partements de fran\u00e7ais et d\u2019anglais, o\u00f9 la demande, par le nombre d\u2019\u00e9tudiants, est la plus forte. L\u2019objectif principal est de leur fournir les moyens pour r\u00e9ussir leur parcours universitaire.<\/p>\n<ul>\n<li>Le\u00a0<strong>D\u00e9partement de fran\u00e7ais <\/strong>met en place une rem\u00e9diation destin\u00e9e en premier lieu \u00e0 tous les \u00e9tudiants de Bachelier (les cours de fran\u00e7ais \u00e9tant int\u00e9gr\u00e9s au programme de ces derniers). Des s\u00e9ances en pr\u00e9sentiel sont organis\u00e9es en plus des exercices propos\u00e9s sur Moodle. Indispensables aux m\u00e9tiers de traducteur et d\u2019interpr\u00e8te, les comp\u00e9tences vis\u00e9es sont la prise de notes, la restitution orale de discours, ainsi que la composition et l\u2019argumentation de discours \u00e9crits. Pour plus d\u2019informations, contactez Tiffany Jandrain \u00e0 l\u2019adresse <a href=\"mailto:tiffany.jandrain@umons.ac.be\" target=\"_blank\" rel=\"noopener\">tiffany.jandrain@umons.ac.be<\/a><\/li>\n<li>Le\u00a0<strong>D\u00e9partement d\u2019anglais<\/strong>\u00a0propose des cours de rem\u00e9diation ouverts aux \u00e9tudiants de 1re Bachelier. Essentiellement bas\u00e9 sur la pratique de l\u2019oral et l\u2019int\u00e9gration des points de grammaire repris dans le \u00ab\u00a0self-study program\u00a0\u00bb, le cours d\u2019English Workout est inscrit \u00e0 l\u2019horaire des \u00e9tudiants et permet \u00e0 chacun d\u2019am\u00e9liorer sa ma\u00eetrise de la langue anglaise en petits groupes. Le contenu du cours ainsi que de nombreux tests et outils d\u2019entra\u00eenement sont disponibles sur la plateforme Moodle du cours et sont accessibles \u00e0 tout \u00e9tudiant qui le souhaite, tout au long de son parcours universitaire. De nombreuses activit\u00e9s ludiques sont \u00e9galement organis\u00e9es pour encourager les \u00e9tudiants \u00e0 pratiquer l\u2019anglais, comme des ateliers de rencontres avec des natifs. A l\u2019approche des examens, des s\u00e9ances de coaching en groupe et individuelles (oral exam coaching- s\u00e9ances individuelles de 30 minutes sur rendez-vous) sont \u00e9galement propos\u00e9es aux \u00e9tudiants.\n<p>Enfin, une plateforme externe (MOOC) permet aux \u00e9tudiants d\u00e9sireux de se pr\u00e9parer \u00e0 rentrer \u00e0 la FTI de travailler leur anglais en autonomie. Elle est accessible gratuitement via ce lien\u00a0: <a href=\"https:\/\/umooc.umons.ac.be\/\">https:\/\/umooc.umons.ac.be\/<\/a>. Nom du cours\u00a0: English Workout. Pour plus d\u2019informations, contactez Pierrette Sch\u00fctz \u00e0 l\u2019adresse <a href=\"mailto:pierrette.schutz@umons.ac.be\">pierrette.schutz@umons.ac.be<\/a>.<\/li>\n<\/ul>\n<p><img loading=\"lazy\" decoding=\"async\" class=\"aligncenter wp-image-1065 size-full\" src=\"https:\/\/web.umons.ac.be\/app\/uploads\/sites\/10\/2022\/08\/english-workout.png\" alt=\"\" width=\"465\" height=\"104\" srcset=\"https:\/\/web.umons.ac.be\/app\/uploads\/sites\/10\/2022\/08\/english-workout.png 465w, https:\/\/web.umons.ac.be\/app\/uploads\/sites\/10\/2022\/08\/english-workout-300x67.png 300w, https:\/\/web.umons.ac.be\/app\/uploads\/sites\/10\/2022\/08\/english-workout-30x7.png 30w, https:\/\/web.umons.ac.be\/app\/uploads\/sites\/10\/2022\/08\/english-workout-60x13.png 60w, https:\/\/web.umons.ac.be\/app\/uploads\/sites\/10\/2022\/08\/english-workout-360x81.png 360w, https:\/\/web.umons.ac.be\/app\/uploads\/sites\/10\/2022\/08\/english-workout-460x104.png 460w\" sizes=\"auto, (max-width: 465px) 100vw, 465px\" \/><\/p>\n<p><strong>Le SAP<\/strong><\/p>\n<p>Le Service d\u2019Appui P\u00e9dagogique (SAP) de l\u2019UMONS collabore avec la Facult\u00e9 et propose aux \u00e9tudiants des activit\u00e9s leur permettant notamment d\u2019acqu\u00e9rir des m\u00e9thodes de travail, indispensables \u00e0 leur r\u00e9ussite, et d\u2019y poser un regard (auto)r\u00e9flexif. Plus concr\u00e8tement, les \u00e9tudiants sont invit\u00e9s \u00e0 r\u00e9fl\u00e9chir, de mani\u00e8re encadr\u00e9e, \u00e0 leur motivation ou encore \u00e0 leur organisation personnelle dans la pr\u00e9paration de leurs examens. Un bel exemple de ce suivi est l\u2019organisation annuelle d\u2019une simulation d\u2019examen au cours des premiers mois de la 1re ann\u00e9e, gr\u00e2ce \u00e0 laquelle les \u00e9tudiants peuvent recevoir un retour direct et concret sur leur travail.<\/p>\n<p><strong>Une rem\u00e9diation tout au long des \u00e9tudes<\/strong><\/p>\n<p>La Facult\u00e9 tient particuli\u00e8rement \u00e0 accompagner tous ses \u00e9tudiants, du Bachelier au Master, en adaptant au fur et \u00e0 mesure sa rem\u00e9diation.<\/p>\n","protected":false},"excerpt":{"rendered":"<p>La Facult\u00e9 de Traduction et d\u2019Interpr\u00e9tation de l\u2019UMONS organise de multiples activit\u00e9s visant \u00e0 contribuer \u00e0 la r\u00e9ussite de ses \u00e9tudiants. Une facult\u00e9 \u00e0 taille humaine La FTI-EII favorise le travail en groupes \u00e0\u00a0taille humaine dans la grande majorit\u00e9 des cours, afin de faciliter les apprentissages et les contacts avec les enseignants. Outils technologiques L\u2019UMONS [&hellip;]<\/p>\n","protected":false},"author":2,"featured_media":0,"parent":65,"menu_order":2,"comment_status":"closed","ping_status":"closed","template":"","meta":{"footnotes":""},"class_list":["post-95","page","type-page","status-publish","hentry"],"yoast_head":"<!-- This site is optimized with the Yoast SEO plugin v27.2 - https:\/\/yoast.com\/product\/yoast-seo-wordpress\/ -->\n<title>Aides \u00e0 la r\u00e9ussite - Facult\u00e9 \/ FTI-EII<\/title>\n<meta name=\"robots\" content=\"index, follow, max-snippet:-1, max-image-preview:large, max-video-preview:-1\" \/>\n<link rel=\"canonical\" href=\"https:\/\/web.umons.ac.be\/fti-eii\/fr\/etudes\/aides-a-la-reussite\/\" \/>\n<meta property=\"og:locale\" content=\"fr_FR\" \/>\n<meta property=\"og:type\" content=\"article\" \/>\n<meta property=\"og:title\" content=\"Aides \u00e0 la r\u00e9ussite - Facult\u00e9 \/ FTI-EII\" \/>\n<meta property=\"og:description\" content=\"La Facult\u00e9 de Traduction et d\u2019Interpr\u00e9tation de l\u2019UMONS organise de multiples activit\u00e9s visant \u00e0 contribuer \u00e0 la r\u00e9ussite de ses \u00e9tudiants. Une facult\u00e9 \u00e0 taille humaine La FTI-EII favorise le travail en groupes \u00e0\u00a0taille humaine dans la grande majorit\u00e9 des cours, afin de faciliter les apprentissages et les contacts avec les enseignants. Outils technologiques L\u2019UMONS [&hellip;]\" \/>\n<meta property=\"og:url\" content=\"https:\/\/web.umons.ac.be\/fti-eii\/fr\/etudes\/aides-a-la-reussite\/\" \/>\n<meta property=\"og:site_name\" content=\"Facult\u00e9 \/ FTI-EII\" \/>\n<meta property=\"article:modified_time\" content=\"2022-08-25T09:09:00+00:00\" \/>\n<meta property=\"og:image\" content=\"https:\/\/web.umons.ac.be\/app\/uploads\/sites\/10\/2022\/08\/english-workout.png\" \/>\n<meta name=\"twitter:card\" content=\"summary_large_image\" \/>\n<meta name=\"twitter:label1\" content=\"Dur\u00e9e de lecture estim\u00e9e\" \/>\n\t<meta name=\"twitter:data1\" content=\"4 minutes\" \/>\n<script type=\"application\/ld+json\" class=\"yoast-schema-graph\">{\"@context\":\"https:\/\/schema.org\",\"@graph\":[{\"@type\":\"WebPage\",\"@id\":\"https:\/\/web.umons.ac.be\/fti-eii\/fr\/etudes\/aides-a-la-reussite\/\",\"url\":\"https:\/\/web.umons.ac.be\/fti-eii\/fr\/etudes\/aides-a-la-reussite\/\",\"name\":\"Aides \u00e0 la r\u00e9ussite - Facult\u00e9 \/ FTI-EII\",\"isPartOf\":{\"@id\":\"https:\/\/web.umons.ac.be\/fti-eii\/#website\"},\"primaryImageOfPage\":{\"@id\":\"https:\/\/web.umons.ac.be\/fti-eii\/fr\/etudes\/aides-a-la-reussite\/#primaryimage\"},\"image\":{\"@id\":\"https:\/\/web.umons.ac.be\/fti-eii\/fr\/etudes\/aides-a-la-reussite\/#primaryimage\"},\"thumbnailUrl\":\"https:\/\/web.umons.ac.be\/app\/uploads\/sites\/10\/2022\/08\/english-workout.png\",\"datePublished\":\"2017-07-07T14:44:12+00:00\",\"dateModified\":\"2022-08-25T09:09:00+00:00\",\"breadcrumb\":{\"@id\":\"https:\/\/web.umons.ac.be\/fti-eii\/fr\/etudes\/aides-a-la-reussite\/#breadcrumb\"},\"inLanguage\":\"fr-FR\",\"potentialAction\":[{\"@type\":\"ReadAction\",\"target\":[\"https:\/\/web.umons.ac.be\/fti-eii\/fr\/etudes\/aides-a-la-reussite\/\"]}]},{\"@type\":\"ImageObject\",\"inLanguage\":\"fr-FR\",\"@id\":\"https:\/\/web.umons.ac.be\/fti-eii\/fr\/etudes\/aides-a-la-reussite\/#primaryimage\",\"url\":\"https:\/\/web.umons.ac.be\/app\/uploads\/sites\/10\/2022\/08\/english-workout.png\",\"contentUrl\":\"https:\/\/web.umons.ac.be\/app\/uploads\/sites\/10\/2022\/08\/english-workout.png\"},{\"@type\":\"BreadcrumbList\",\"@id\":\"https:\/\/web.umons.ac.be\/fti-eii\/fr\/etudes\/aides-a-la-reussite\/#breadcrumb\",\"itemListElement\":[{\"@type\":\"ListItem\",\"position\":1,\"name\":\"Accueil\",\"item\":\"https:\/\/web.umons.ac.be\/fti-eii\/fr\/\"},{\"@type\":\"ListItem\",\"position\":2,\"name\":\"Etudes\",\"item\":\"https:\/\/web.umons.ac.be\/fti-eii\/fr\/etudes\/\"},{\"@type\":\"ListItem\",\"position\":3,\"name\":\"Aides \u00e0 la r\u00e9ussite\"}]},{\"@type\":\"WebSite\",\"@id\":\"https:\/\/web.umons.ac.be\/fti-eii\/#website\",\"url\":\"https:\/\/web.umons.ac.be\/fti-eii\/\",\"name\":\"Facult\u00e9 \/ FTI-EII\",\"description\":\"\",\"potentialAction\":[{\"@type\":\"SearchAction\",\"target\":{\"@type\":\"EntryPoint\",\"urlTemplate\":\"https:\/\/web.umons.ac.be\/fti-eii\/?s={search_term_string}\"},\"query-input\":{\"@type\":\"PropertyValueSpecification\",\"valueRequired\":true,\"valueName\":\"search_term_string\"}}],\"inLanguage\":\"fr-FR\"}]}<\/script>\n<!-- \/ Yoast SEO plugin. -->","yoast_head_json":{"title":"Aides \u00e0 la r\u00e9ussite - Facult\u00e9 \/ FTI-EII","robots":{"index":"index","follow":"follow","max-snippet":"max-snippet:-1","max-image-preview":"max-image-preview:large","max-video-preview":"max-video-preview:-1"},"canonical":"https:\/\/web.umons.ac.be\/fti-eii\/fr\/etudes\/aides-a-la-reussite\/","og_locale":"fr_FR","og_type":"article","og_title":"Aides \u00e0 la r\u00e9ussite - Facult\u00e9 \/ FTI-EII","og_description":"La Facult\u00e9 de Traduction et d\u2019Interpr\u00e9tation de l\u2019UMONS organise de multiples activit\u00e9s visant \u00e0 contribuer \u00e0 la r\u00e9ussite de ses \u00e9tudiants. Une facult\u00e9 \u00e0 taille humaine La FTI-EII favorise le travail en groupes \u00e0\u00a0taille humaine dans la grande majorit\u00e9 des cours, afin de faciliter les apprentissages et les contacts avec les enseignants. Outils technologiques L\u2019UMONS [&hellip;]","og_url":"https:\/\/web.umons.ac.be\/fti-eii\/fr\/etudes\/aides-a-la-reussite\/","og_site_name":"Facult\u00e9 \/ FTI-EII","article_modified_time":"2022-08-25T09:09:00+00:00","og_image":[{"url":"https:\/\/web.umons.ac.be\/app\/uploads\/sites\/10\/2022\/08\/english-workout.png","type":"","width":"","height":""}],"twitter_card":"summary_large_image","twitter_misc":{"Dur\u00e9e de lecture estim\u00e9e":"4 minutes"},"schema":{"@context":"https:\/\/schema.org","@graph":[{"@type":"WebPage","@id":"https:\/\/web.umons.ac.be\/fti-eii\/fr\/etudes\/aides-a-la-reussite\/","url":"https:\/\/web.umons.ac.be\/fti-eii\/fr\/etudes\/aides-a-la-reussite\/","name":"Aides \u00e0 la r\u00e9ussite - Facult\u00e9 \/ FTI-EII","isPartOf":{"@id":"https:\/\/web.umons.ac.be\/fti-eii\/#website"},"primaryImageOfPage":{"@id":"https:\/\/web.umons.ac.be\/fti-eii\/fr\/etudes\/aides-a-la-reussite\/#primaryimage"},"image":{"@id":"https:\/\/web.umons.ac.be\/fti-eii\/fr\/etudes\/aides-a-la-reussite\/#primaryimage"},"thumbnailUrl":"https:\/\/web.umons.ac.be\/app\/uploads\/sites\/10\/2022\/08\/english-workout.png","datePublished":"2017-07-07T14:44:12+00:00","dateModified":"2022-08-25T09:09:00+00:00","breadcrumb":{"@id":"https:\/\/web.umons.ac.be\/fti-eii\/fr\/etudes\/aides-a-la-reussite\/#breadcrumb"},"inLanguage":"fr-FR","potentialAction":[{"@type":"ReadAction","target":["https:\/\/web.umons.ac.be\/fti-eii\/fr\/etudes\/aides-a-la-reussite\/"]}]},{"@type":"ImageObject","inLanguage":"fr-FR","@id":"https:\/\/web.umons.ac.be\/fti-eii\/fr\/etudes\/aides-a-la-reussite\/#primaryimage","url":"https:\/\/web.umons.ac.be\/app\/uploads\/sites\/10\/2022\/08\/english-workout.png","contentUrl":"https:\/\/web.umons.ac.be\/app\/uploads\/sites\/10\/2022\/08\/english-workout.png"},{"@type":"BreadcrumbList","@id":"https:\/\/web.umons.ac.be\/fti-eii\/fr\/etudes\/aides-a-la-reussite\/#breadcrumb","itemListElement":[{"@type":"ListItem","position":1,"name":"Accueil","item":"https:\/\/web.umons.ac.be\/fti-eii\/fr\/"},{"@type":"ListItem","position":2,"name":"Etudes","item":"https:\/\/web.umons.ac.be\/fti-eii\/fr\/etudes\/"},{"@type":"ListItem","position":3,"name":"Aides \u00e0 la r\u00e9ussite"}]},{"@type":"WebSite","@id":"https:\/\/web.umons.ac.be\/fti-eii\/#website","url":"https:\/\/web.umons.ac.be\/fti-eii\/","name":"Facult\u00e9 \/ FTI-EII","description":"","potentialAction":[{"@type":"SearchAction","target":{"@type":"EntryPoint","urlTemplate":"https:\/\/web.umons.ac.be\/fti-eii\/?s={search_term_string}"},"query-input":{"@type":"PropertyValueSpecification","valueRequired":true,"valueName":"search_term_string"}}],"inLanguage":"fr-FR"}]}},"lang":"fr","translations":{"fr":95,"en":217},"pll_sync_post":[],"_links":{"self":[{"href":"https:\/\/web.umons.ac.be\/fti-eii\/wp-json\/wp\/v2\/pages\/95","targetHints":{"allow":["GET"]}}],"collection":[{"href":"https:\/\/web.umons.ac.be\/fti-eii\/wp-json\/wp\/v2\/pages"}],"about":[{"href":"https:\/\/web.umons.ac.be\/fti-eii\/wp-json\/wp\/v2\/types\/page"}],"author":[{"embeddable":true,"href":"https:\/\/web.umons.ac.be\/fti-eii\/wp-json\/wp\/v2\/users\/2"}],"replies":[{"embeddable":true,"href":"https:\/\/web.umons.ac.be\/fti-eii\/wp-json\/wp\/v2\/comments?post=95"}],"version-history":[{"count":3,"href":"https:\/\/web.umons.ac.be\/fti-eii\/wp-json\/wp\/v2\/pages\/95\/revisions"}],"predecessor-version":[{"id":1066,"href":"https:\/\/web.umons.ac.be\/fti-eii\/wp-json\/wp\/v2\/pages\/95\/revisions\/1066"}],"up":[{"embeddable":true,"href":"https:\/\/web.umons.ac.be\/fti-eii\/wp-json\/wp\/v2\/pages\/65"}],"wp:attachment":[{"href":"https:\/\/web.umons.ac.be\/fti-eii\/wp-json\/wp\/v2\/media?parent=95"}],"curies":[{"name":"wp","href":"https:\/\/api.w.org\/{rel}","templated":true}]}}