{"id":1009,"date":"2018-01-17T17:35:11","date_gmt":"2018-01-17T16:35:11","guid":{"rendered":"https:\/\/web.umons.ac.be\/fweg\/?page_id=1009"},"modified":"2018-01-17T17:35:11","modified_gmt":"2018-01-17T16:35:11","slug":"activites-de-recherche","status":"publish","type":"page","link":"https:\/\/web.umons.ac.be\/fweg\/en\/activites-de-recherche\/","title":{"rendered":"Research Activities"},"content":{"rendered":"<h2>D\u00e9couvrir les domaines de recherche<\/h2>\n<p>Malgr\u00e9 sa taille modeste, la FWEG est pr\u00e9sente dans les domaines de recherche habituellement couverts par une Facult\u00e9 d\u2019\u00e9conomie et de gestion :<\/p>\n<ul>\n<li>audit et contr\u00f4le interne<\/li>\n<li>communication<\/li>\n<li>comptabilit\u00e9<\/li>\n<li>\u00e9conomie du travail<\/li>\n<li>\u00e9conomie internationale<\/li>\n<li>entrepreneuriat<\/li>\n<li>finance,<\/li>\n<li>finances publiques<\/li>\n<li>fiscalit\u00e9<\/li>\n<li>gouvernance d\u2019entreprise<\/li>\n<li>informatique<\/li>\n<li>management<\/li>\n<li>marketing<\/li>\n<li>micro et macro\u00e9conomie<\/li>\n<li>etc.<\/li>\n<\/ul>\n<p>Mais \u00e9galement dans des domaines qui pourraient \u00eatre consid\u00e9r\u00e9s comme plus p\u00e9riph\u00e9riques ou ayant \u00e9merg\u00e9 plus r\u00e9cemment :<\/p>\n<ul>\n<li>microfinance<\/li>\n<li>d\u00e9veloppement durable et RSE<\/li>\n<li>logistique<\/li>\n<li>management environnemental<\/li>\n<li>m\u00e9thodes d\u2019aide \u00e0 la d\u00e9cision<\/li>\n<li>syst\u00e8mes Q-S-E<\/li>\n<li>recherche op\u00e9rationnelle<\/li>\n<li>etc.<\/li>\n<\/ul>\n","protected":false},"excerpt":{"rendered":"<p>D\u00e9couvrir les domaines de recherche Malgr\u00e9 sa taille modeste, la FWEG est pr\u00e9sente dans les domaines de recherche habituellement couverts par une Facult\u00e9 d\u2019\u00e9conomie et de gestion : audit et contr\u00f4le interne communication comptabilit\u00e9 \u00e9conomie du travail \u00e9conomie internationale entrepreneuriat finance, finances publiques fiscalit\u00e9 gouvernance d\u2019entreprise informatique management marketing micro et macro\u00e9conomie etc. Mais \u00e9galement [&hellip;]<\/p>\n","protected":false},"author":2,"featured_media":0,"parent":0,"menu_order":5,"comment_status":"closed","ping_status":"closed","template":"","meta":{"footnotes":""},"class_list":["post-1009","page","type-page","status-publish","hentry"],"yoast_head":"<!-- This site is optimized with the Yoast SEO plugin v27.2 - https:\/\/yoast.com\/product\/yoast-seo-wordpress\/ -->\n<title>Research Activities - Facult\u00e9 \/ FWEG<\/title>\n<meta name=\"robots\" content=\"index, follow, max-snippet:-1, max-image-preview:large, max-video-preview:-1\" \/>\n<link rel=\"canonical\" href=\"https:\/\/web.umons.ac.be\/fweg\/en\/activites-de-recherche\/\" \/>\n<meta property=\"og:locale\" content=\"fr_FR\" \/>\n<meta property=\"og:type\" content=\"article\" \/>\n<meta property=\"og:title\" content=\"Research Activities - Facult\u00e9 \/ FWEG\" \/>\n<meta property=\"og:description\" content=\"D\u00e9couvrir les domaines de recherche Malgr\u00e9 sa taille modeste, la FWEG est pr\u00e9sente dans les domaines de recherche habituellement couverts par une Facult\u00e9 d\u2019\u00e9conomie et de gestion : audit et contr\u00f4le interne communication comptabilit\u00e9 \u00e9conomie du travail \u00e9conomie internationale entrepreneuriat finance, finances publiques fiscalit\u00e9 gouvernance d\u2019entreprise informatique management marketing micro et macro\u00e9conomie etc. Mais \u00e9galement [&hellip;]\" \/>\n<meta property=\"og:url\" content=\"https:\/\/web.umons.ac.be\/fweg\/en\/activites-de-recherche\/\" \/>\n<meta property=\"og:site_name\" content=\"Facult\u00e9 \/ FWEG\" \/>\n<meta name=\"twitter:card\" content=\"summary_large_image\" \/>\n<meta name=\"twitter:label1\" content=\"Dur\u00e9e de lecture estim\u00e9e\" \/>\n\t<meta name=\"twitter:data1\" content=\"1 minute\" \/>\n<script type=\"application\/ld+json\" class=\"yoast-schema-graph\">{\"@context\":\"https:\/\/schema.org\",\"@graph\":[{\"@type\":\"WebPage\",\"@id\":\"https:\/\/web.umons.ac.be\/fweg\/en\/activites-de-recherche\/\",\"url\":\"https:\/\/web.umons.ac.be\/fweg\/en\/activites-de-recherche\/\",\"name\":\"Research Activities - Facult\u00e9 \/ FWEG\",\"isPartOf\":{\"@id\":\"https:\/\/web.umons.ac.be\/fweg\/#website\"},\"datePublished\":\"2018-01-17T16:35:11+00:00\",\"breadcrumb\":{\"@id\":\"https:\/\/web.umons.ac.be\/fweg\/en\/activites-de-recherche\/#breadcrumb\"},\"inLanguage\":\"fr-FR\",\"potentialAction\":[{\"@type\":\"ReadAction\",\"target\":[\"https:\/\/web.umons.ac.be\/fweg\/en\/activites-de-recherche\/\"]}]},{\"@type\":\"BreadcrumbList\",\"@id\":\"https:\/\/web.umons.ac.be\/fweg\/en\/activites-de-recherche\/#breadcrumb\",\"itemListElement\":[{\"@type\":\"ListItem\",\"position\":1,\"name\":\"Accueil\",\"item\":\"https:\/\/web.umons.ac.be\/fweg\/fr\/\"},{\"@type\":\"ListItem\",\"position\":2,\"name\":\"Research Activities\"}]},{\"@type\":\"WebSite\",\"@id\":\"https:\/\/web.umons.ac.be\/fweg\/#website\",\"url\":\"https:\/\/web.umons.ac.be\/fweg\/\",\"name\":\"Facult\u00e9 \/ FWEG\",\"description\":\"\",\"potentialAction\":[{\"@type\":\"SearchAction\",\"target\":{\"@type\":\"EntryPoint\",\"urlTemplate\":\"https:\/\/web.umons.ac.be\/fweg\/?s={search_term_string}\"},\"query-input\":{\"@type\":\"PropertyValueSpecification\",\"valueRequired\":true,\"valueName\":\"search_term_string\"}}],\"inLanguage\":\"fr-FR\"}]}<\/script>\n<!-- \/ Yoast SEO plugin. -->","yoast_head_json":{"title":"Research Activities - Facult\u00e9 \/ FWEG","robots":{"index":"index","follow":"follow","max-snippet":"max-snippet:-1","max-image-preview":"max-image-preview:large","max-video-preview":"max-video-preview:-1"},"canonical":"https:\/\/web.umons.ac.be\/fweg\/en\/activites-de-recherche\/","og_locale":"fr_FR","og_type":"article","og_title":"Research Activities - Facult\u00e9 \/ FWEG","og_description":"D\u00e9couvrir les domaines de recherche Malgr\u00e9 sa taille modeste, la FWEG est pr\u00e9sente dans les domaines de recherche habituellement couverts par une Facult\u00e9 d\u2019\u00e9conomie et de gestion : audit et contr\u00f4le interne communication comptabilit\u00e9 \u00e9conomie du travail \u00e9conomie internationale entrepreneuriat finance, finances publiques fiscalit\u00e9 gouvernance d\u2019entreprise informatique management marketing micro et macro\u00e9conomie etc. Mais \u00e9galement [&hellip;]","og_url":"https:\/\/web.umons.ac.be\/fweg\/en\/activites-de-recherche\/","og_site_name":"Facult\u00e9 \/ FWEG","twitter_card":"summary_large_image","twitter_misc":{"Dur\u00e9e de lecture estim\u00e9e":"1 minute"},"schema":{"@context":"https:\/\/schema.org","@graph":[{"@type":"WebPage","@id":"https:\/\/web.umons.ac.be\/fweg\/en\/activites-de-recherche\/","url":"https:\/\/web.umons.ac.be\/fweg\/en\/activites-de-recherche\/","name":"Research Activities - Facult\u00e9 \/ FWEG","isPartOf":{"@id":"https:\/\/web.umons.ac.be\/fweg\/#website"},"datePublished":"2018-01-17T16:35:11+00:00","breadcrumb":{"@id":"https:\/\/web.umons.ac.be\/fweg\/en\/activites-de-recherche\/#breadcrumb"},"inLanguage":"fr-FR","potentialAction":[{"@type":"ReadAction","target":["https:\/\/web.umons.ac.be\/fweg\/en\/activites-de-recherche\/"]}]},{"@type":"BreadcrumbList","@id":"https:\/\/web.umons.ac.be\/fweg\/en\/activites-de-recherche\/#breadcrumb","itemListElement":[{"@type":"ListItem","position":1,"name":"Accueil","item":"https:\/\/web.umons.ac.be\/fweg\/fr\/"},{"@type":"ListItem","position":2,"name":"Research Activities"}]},{"@type":"WebSite","@id":"https:\/\/web.umons.ac.be\/fweg\/#website","url":"https:\/\/web.umons.ac.be\/fweg\/","name":"Facult\u00e9 \/ FWEG","description":"","potentialAction":[{"@type":"SearchAction","target":{"@type":"EntryPoint","urlTemplate":"https:\/\/web.umons.ac.be\/fweg\/?s={search_term_string}"},"query-input":{"@type":"PropertyValueSpecification","valueRequired":true,"valueName":"search_term_string"}}],"inLanguage":"fr-FR"}]}},"lang":"en","translations":{"en":1009,"fr":120},"pll_sync_post":[],"_links":{"self":[{"href":"https:\/\/web.umons.ac.be\/fweg\/wp-json\/wp\/v2\/pages\/1009","targetHints":{"allow":["GET"]}}],"collection":[{"href":"https:\/\/web.umons.ac.be\/fweg\/wp-json\/wp\/v2\/pages"}],"about":[{"href":"https:\/\/web.umons.ac.be\/fweg\/wp-json\/wp\/v2\/types\/page"}],"author":[{"embeddable":true,"href":"https:\/\/web.umons.ac.be\/fweg\/wp-json\/wp\/v2\/users\/2"}],"replies":[{"embeddable":true,"href":"https:\/\/web.umons.ac.be\/fweg\/wp-json\/wp\/v2\/comments?post=1009"}],"version-history":[{"count":2,"href":"https:\/\/web.umons.ac.be\/fweg\/wp-json\/wp\/v2\/pages\/1009\/revisions"}],"predecessor-version":[{"id":1011,"href":"https:\/\/web.umons.ac.be\/fweg\/wp-json\/wp\/v2\/pages\/1009\/revisions\/1011"}],"wp:attachment":[{"href":"https:\/\/web.umons.ac.be\/fweg\/wp-json\/wp\/v2\/media?parent=1009"}],"curies":[{"name":"wp","href":"https:\/\/api.w.org\/{rel}","templated":true}]}}