{"id":101,"date":"2017-06-29T14:27:44","date_gmt":"2017-06-29T12:27:44","guid":{"rendered":"https:\/\/web.umons.ac.be\/fweg\/?page_id=101"},"modified":"2018-07-16T16:10:21","modified_gmt":"2018-07-16T14:10:21","slug":"a-propos-de-la-faculte","status":"publish","type":"page","link":"https:\/\/web.umons.ac.be\/fweg\/fr\/a-propos-de-la-faculte\/","title":{"rendered":"A propos de la facult\u00e9"},"content":{"rendered":"<p><span style=\"font-weight: inherit; font-style: inherit;\">La Facult\u00e9 Warocqu\u00e9 d\u2019Economie et de Gestion offre des \u00e9tudes de <strong>Bachelier <\/strong>et de <strong>Master <\/strong>dans le domaine de l\u2019\u00e9conomie et de la gestion ainsi qu\u2019un Master en Politique \u00e9conomique et sociale. Elle est pr\u00e9sente \u00e0 <strong>Mons<\/strong>, en horaire de jour, mais \u00e9galement \u00e0 <strong>Charleroi<\/strong>, en horaire de jour et en horaire d\u00e9cal\u00e9.<\/span><\/p>\n<p><span style=\"font-weight: inherit; font-style: inherit;\">La Facult\u00e9 Warocqu\u00e9 se veut ouverte sur le monde et sur les r\u00e9alit\u00e9s d\u2019aujourd\u2019hui.<\/span><\/p>\n<p><span style=\"font-weight: inherit; font-style: inherit;\">La Facult\u00e9 Warocqu\u00e9 am\u00e9liore sans cesse ses programmes afin qu\u2019ils correspondent au mieux aux \u00e9volutions ainsi qu\u2019aux exigences du monde professionnel. C\u2019est ainsi que des cours de gestion des ressources humaines, responsabilit\u00e9 soci\u00e9tale, environnement, entrepreneuriat\u2026 viennent compl\u00e9ter l\u2019offre de cours de la Facult\u00e9 Warocqu\u00e9 dans des domaines tels que la finance, le marketing, l\u2019audit, le management\u2026<\/span><\/p>\n<p><span style=\"font-weight: inherit; font-style: inherit;\">Warocqu\u00e9 est une facult\u00e9 \u00e0 dimension humaine qui place l\u2019\u00e9tudiant au c\u0153ur de ses pr\u00e9occupations. La Facult\u00e9 tient \u00e0 ce que les \u00e9tudiants se sentent bien dans leur cadre d\u2019\u00e9tudes. C\u2019est pour cette raison et dans une logique d\u2019am\u00e9lioration continue qu\u2019elle va interroger r\u00e9guli\u00e8rement ses \u00e9tudiants sur ses programmes, ses horaires&#8230; La disponibilit\u00e9 du personnel, la proximit\u00e9 entre \u00e9tudiants et enseignants, l\u2019\u00e9coute qu\u2019elle accorde aux \u00e9tudiants\u2026 sont autant de points forts mis en avant par les \u00e9tudiants.<\/span><\/p>\n<p><span style=\"font-weight: inherit; font-style: inherit;\">La Facult\u00e9 propose \u00e0 ses \u00e9tudiants des <strong>s\u00e9jours \u00e0 l\u2019\u00e9tranger<\/strong> d\u2019une dur\u00e9e de 5 mois \u00e0 un an afin de favoriser les contacts de ses \u00e9tudiants avec d\u2019autres pays, d\u2019autres cultures et surtout d\u2019autres langues.<\/span><\/p>\n<p><span style=\"font-weight: inherit; font-style: inherit;\">La Facult\u00e9 porte \u00e9galement beaucoup d\u2019attention \u00e0 la r\u00e9ussite de ses \u00e9tudiants. Elle met ainsi en place des <strong>moyens afin de favoriser la r\u00e9ussite de ses \u00e9tudiants<\/strong>. Les rem\u00e9diations disciplinaires, le tutorat entre pairs et le monitorat sont les principaux m\u00e9canismes d\u2019aide \u00e0 la r\u00e9ussite de la Facult\u00e9.<\/span><\/p>\n<p><span style=\"font-weight: inherit; font-style: inherit;\">Enfin, Warocqu\u00e9 est une Facult\u00e9 pionni\u00e8re dans la gestion de la <strong>qualit\u00e9<\/strong>. Depuis janvier 2003, son activit\u00e9 d\u2019enseignement est certifi\u00e9e selon la norme internationale ISO 9001. La Facult\u00e9 b\u00e9n\u00e9ficie actuellement de son 6\u00e8me certificat de 3 ans. Cette norme ISO est une r\u00e9f\u00e9rence que des milliers d\u2019entreprises de tous les secteurs dans le monde entier utilisent comme cadre pour le management et l\u2019assurance de la qualit\u00e9.<\/span><\/p>\n","protected":false},"excerpt":{"rendered":"<p>La Facult\u00e9 Warocqu\u00e9 d\u2019Economie et de Gestion offre des \u00e9tudes de Bachelier et de Master dans le domaine de l\u2019\u00e9conomie et de la gestion ainsi qu\u2019un Master en Politique \u00e9conomique et sociale. Elle est pr\u00e9sente \u00e0 Mons, en horaire de jour, mais \u00e9galement \u00e0 Charleroi, en horaire de jour et en horaire d\u00e9cal\u00e9. La Facult\u00e9 [&hellip;]<\/p>\n","protected":false},"author":2,"featured_media":0,"parent":0,"menu_order":7,"comment_status":"closed","ping_status":"closed","template":"","meta":{"footnotes":""},"class_list":["post-101","page","type-page","status-publish","hentry"],"yoast_head":"<!-- This site is optimized with the Yoast SEO plugin v27.2 - https:\/\/yoast.com\/product\/yoast-seo-wordpress\/ -->\n<title>A propos de la facult\u00e9 - Facult\u00e9 \/ FWEG<\/title>\n<meta name=\"robots\" content=\"index, follow, max-snippet:-1, max-image-preview:large, max-video-preview:-1\" \/>\n<link rel=\"canonical\" href=\"https:\/\/web.umons.ac.be\/fweg\/fr\/a-propos-de-la-faculte\/\" \/>\n<meta property=\"og:locale\" content=\"fr_FR\" \/>\n<meta property=\"og:type\" content=\"article\" \/>\n<meta property=\"og:title\" content=\"A propos de la facult\u00e9 - Facult\u00e9 \/ FWEG\" \/>\n<meta property=\"og:description\" content=\"La Facult\u00e9 Warocqu\u00e9 d\u2019Economie et de Gestion offre des \u00e9tudes de Bachelier et de Master dans le domaine de l\u2019\u00e9conomie et de la gestion ainsi qu\u2019un Master en Politique \u00e9conomique et sociale. Elle est pr\u00e9sente \u00e0 Mons, en horaire de jour, mais \u00e9galement \u00e0 Charleroi, en horaire de jour et en horaire d\u00e9cal\u00e9. La Facult\u00e9 [&hellip;]\" \/>\n<meta property=\"og:url\" content=\"https:\/\/web.umons.ac.be\/fweg\/fr\/a-propos-de-la-faculte\/\" \/>\n<meta property=\"og:site_name\" content=\"Facult\u00e9 \/ FWEG\" \/>\n<meta property=\"article:modified_time\" content=\"2018-07-16T14:10:21+00:00\" \/>\n<meta name=\"twitter:card\" content=\"summary_large_image\" \/>\n<meta name=\"twitter:label1\" content=\"Dur\u00e9e de lecture estim\u00e9e\" \/>\n\t<meta name=\"twitter:data1\" content=\"2 minutes\" \/>\n<script type=\"application\/ld+json\" class=\"yoast-schema-graph\">{\"@context\":\"https:\/\/schema.org\",\"@graph\":[{\"@type\":\"WebPage\",\"@id\":\"https:\/\/web.umons.ac.be\/fweg\/fr\/a-propos-de-la-faculte\/\",\"url\":\"https:\/\/web.umons.ac.be\/fweg\/fr\/a-propos-de-la-faculte\/\",\"name\":\"A propos de la facult\u00e9 - Facult\u00e9 \/ FWEG\",\"isPartOf\":{\"@id\":\"https:\/\/web.umons.ac.be\/fweg\/#website\"},\"datePublished\":\"2017-06-29T12:27:44+00:00\",\"dateModified\":\"2018-07-16T14:10:21+00:00\",\"breadcrumb\":{\"@id\":\"https:\/\/web.umons.ac.be\/fweg\/fr\/a-propos-de-la-faculte\/#breadcrumb\"},\"inLanguage\":\"fr-FR\",\"potentialAction\":[{\"@type\":\"ReadAction\",\"target\":[\"https:\/\/web.umons.ac.be\/fweg\/fr\/a-propos-de-la-faculte\/\"]}]},{\"@type\":\"BreadcrumbList\",\"@id\":\"https:\/\/web.umons.ac.be\/fweg\/fr\/a-propos-de-la-faculte\/#breadcrumb\",\"itemListElement\":[{\"@type\":\"ListItem\",\"position\":1,\"name\":\"Accueil\",\"item\":\"https:\/\/web.umons.ac.be\/fweg\/fr\/\"},{\"@type\":\"ListItem\",\"position\":2,\"name\":\"A propos de la facult\u00e9\"}]},{\"@type\":\"WebSite\",\"@id\":\"https:\/\/web.umons.ac.be\/fweg\/#website\",\"url\":\"https:\/\/web.umons.ac.be\/fweg\/\",\"name\":\"Facult\u00e9 \/ FWEG\",\"description\":\"\",\"potentialAction\":[{\"@type\":\"SearchAction\",\"target\":{\"@type\":\"EntryPoint\",\"urlTemplate\":\"https:\/\/web.umons.ac.be\/fweg\/?s={search_term_string}\"},\"query-input\":{\"@type\":\"PropertyValueSpecification\",\"valueRequired\":true,\"valueName\":\"search_term_string\"}}],\"inLanguage\":\"fr-FR\"}]}<\/script>\n<!-- \/ Yoast SEO plugin. -->","yoast_head_json":{"title":"A propos de la facult\u00e9 - Facult\u00e9 \/ FWEG","robots":{"index":"index","follow":"follow","max-snippet":"max-snippet:-1","max-image-preview":"max-image-preview:large","max-video-preview":"max-video-preview:-1"},"canonical":"https:\/\/web.umons.ac.be\/fweg\/fr\/a-propos-de-la-faculte\/","og_locale":"fr_FR","og_type":"article","og_title":"A propos de la facult\u00e9 - Facult\u00e9 \/ FWEG","og_description":"La Facult\u00e9 Warocqu\u00e9 d\u2019Economie et de Gestion offre des \u00e9tudes de Bachelier et de Master dans le domaine de l\u2019\u00e9conomie et de la gestion ainsi qu\u2019un Master en Politique \u00e9conomique et sociale. Elle est pr\u00e9sente \u00e0 Mons, en horaire de jour, mais \u00e9galement \u00e0 Charleroi, en horaire de jour et en horaire d\u00e9cal\u00e9. La Facult\u00e9 [&hellip;]","og_url":"https:\/\/web.umons.ac.be\/fweg\/fr\/a-propos-de-la-faculte\/","og_site_name":"Facult\u00e9 \/ FWEG","article_modified_time":"2018-07-16T14:10:21+00:00","twitter_card":"summary_large_image","twitter_misc":{"Dur\u00e9e de lecture estim\u00e9e":"2 minutes"},"schema":{"@context":"https:\/\/schema.org","@graph":[{"@type":"WebPage","@id":"https:\/\/web.umons.ac.be\/fweg\/fr\/a-propos-de-la-faculte\/","url":"https:\/\/web.umons.ac.be\/fweg\/fr\/a-propos-de-la-faculte\/","name":"A propos de la facult\u00e9 - Facult\u00e9 \/ FWEG","isPartOf":{"@id":"https:\/\/web.umons.ac.be\/fweg\/#website"},"datePublished":"2017-06-29T12:27:44+00:00","dateModified":"2018-07-16T14:10:21+00:00","breadcrumb":{"@id":"https:\/\/web.umons.ac.be\/fweg\/fr\/a-propos-de-la-faculte\/#breadcrumb"},"inLanguage":"fr-FR","potentialAction":[{"@type":"ReadAction","target":["https:\/\/web.umons.ac.be\/fweg\/fr\/a-propos-de-la-faculte\/"]}]},{"@type":"BreadcrumbList","@id":"https:\/\/web.umons.ac.be\/fweg\/fr\/a-propos-de-la-faculte\/#breadcrumb","itemListElement":[{"@type":"ListItem","position":1,"name":"Accueil","item":"https:\/\/web.umons.ac.be\/fweg\/fr\/"},{"@type":"ListItem","position":2,"name":"A propos de la facult\u00e9"}]},{"@type":"WebSite","@id":"https:\/\/web.umons.ac.be\/fweg\/#website","url":"https:\/\/web.umons.ac.be\/fweg\/","name":"Facult\u00e9 \/ FWEG","description":"","potentialAction":[{"@type":"SearchAction","target":{"@type":"EntryPoint","urlTemplate":"https:\/\/web.umons.ac.be\/fweg\/?s={search_term_string}"},"query-input":{"@type":"PropertyValueSpecification","valueRequired":true,"valueName":"search_term_string"}}],"inLanguage":"fr-FR"}]}},"lang":"fr","translations":{"fr":101,"en":643},"pll_sync_post":[],"_links":{"self":[{"href":"https:\/\/web.umons.ac.be\/fweg\/wp-json\/wp\/v2\/pages\/101","targetHints":{"allow":["GET"]}}],"collection":[{"href":"https:\/\/web.umons.ac.be\/fweg\/wp-json\/wp\/v2\/pages"}],"about":[{"href":"https:\/\/web.umons.ac.be\/fweg\/wp-json\/wp\/v2\/types\/page"}],"author":[{"embeddable":true,"href":"https:\/\/web.umons.ac.be\/fweg\/wp-json\/wp\/v2\/users\/2"}],"replies":[{"embeddable":true,"href":"https:\/\/web.umons.ac.be\/fweg\/wp-json\/wp\/v2\/comments?post=101"}],"version-history":[{"count":2,"href":"https:\/\/web.umons.ac.be\/fweg\/wp-json\/wp\/v2\/pages\/101\/revisions"}],"predecessor-version":[{"id":1255,"href":"https:\/\/web.umons.ac.be\/fweg\/wp-json\/wp\/v2\/pages\/101\/revisions\/1255"}],"wp:attachment":[{"href":"https:\/\/web.umons.ac.be\/fweg\/wp-json\/wp\/v2\/media?parent=101"}],"curies":[{"name":"wp","href":"https:\/\/api.w.org\/{rel}","templated":true}]}}