{"id":104,"date":"2017-06-29T14:29:59","date_gmt":"2017-06-29T12:29:59","guid":{"rendered":"https:\/\/web.umons.ac.be\/fweg\/?page_id=104"},"modified":"2019-11-18T16:47:45","modified_gmt":"2019-11-18T15:47:45","slug":"historique","status":"publish","type":"page","link":"https:\/\/web.umons.ac.be\/fweg\/fr\/a-propos-de-la-faculte\/historique\/","title":{"rendered":"Historique"},"content":{"rendered":"<h2><span class=\"ms-rteCustom-SmallCaps\"><span class=\"ms-rteCustom-TexteRouge\">La gen\u00e8se de la Facult\u00e9 Warocqu\u00e9, les premi\u00e8res ann\u00e9es<\/span><\/span><\/h2>\n<p>C&rsquo;est le 16 mars 1899 que, sur la proposition de M. Henri Dutrieux, ing\u00e9nieur en chef, directeur de service aux chemins de fer de l\u2019Etat, une r\u00e9union d&rsquo;industriels d\u00e9cida la cr\u00e9ation \u00e0 Mons de l\u2019Institut Commercial des Industriels du Hainaut.<\/p>\n<p>Monsieur\u00a0 <strong><span class=\"ms-rteCustom-Gras\">Raoul Warocqu\u00e9<\/span><\/strong>, le grand industriel philanthrope de Mariemont, satisfait largement tous les premiers besoins de la nouvelle Ecole, qui fut install\u00e9e provisoirement dans un somptueux h\u00f4tel priv\u00e9, tandis que presque imm\u00e9diatement on dressait les plans d&rsquo;une vaste construction con\u00e7ue selon les exigences des perfectionnements les plus modernes de l&rsquo;\u00e9poque.<\/p>\n<p>D\u00e8s octobre 1899, quelques mois apr\u00e8s la r\u00e9union initiale des fondateurs, les cours s&rsquo;ouvraient devant un auditoire de 52 \u00e9tudiants.<\/p>\n<p>En 1913, les \u00e9l\u00e8ves se comptaient \u00e0 180. Cet institut a facilement obtenu la faveur du public : les p\u00e8res de famille lui accord\u00e8rent d\u00e8s le d\u00e9but leur confiance, tandis que la r\u00e9putation et l&rsquo;estime qui entouraient les industriels fondateurs leur permirent de recruter d\u00e8s le premier jour un groupe de professeurs sp\u00e9cialistes aussi instruits que d\u00e9vou\u00e9s.<\/p>\n<p>Un regard sur les premi\u00e8res ann\u00e9es de fonctionnement de l&rsquo;Institut permet de se rendre compte de sa renomm\u00e9e rapidement gagn\u00e9e.<\/p>\n<p>Le 22 novembre 1902, Monsieur Gustave Francotte, Ministre de l&rsquo;Industrie et du Travail assista \u00e0 plusieurs le\u00e7ons et fit l&rsquo;examen des collections.<\/p>\n<p>Le 16 mars 1903, sur le d\u00e9sir de Monsieur Raoul Warocqu\u00e9, a eu lieu, \u00e0 l\u2019Institut, une r\u00e9union extraordinaire du Comit\u00e9 de patronage et de la Commission administrative. L&rsquo;objet de cette r\u00e9union \u00e9tait de c\u00e9l\u00e9brer le quatri\u00e8me anniversaire de la fondation de l&rsquo;Institut, et de remettre solennellement \u00e0 Monsieur Henri Dutrieux, fondateur de l\u2019Institut et Pr\u00e9sident de la Commission administrative, une m\u00e9daille en or, comm\u00e9morative de cette manifestation.<\/p>\n<p>Le 07 ao\u00fbt 1903, eut lieu la sortie de la premi\u00e8re promotion des ing\u00e9nieurs commerciaux. Ils furent au nombre de vingt-six et, dans un d\u00e9lai de quelques semaines, tous se trouv\u00e8rent employ\u00e9s par diverses firmes belges ou \u00e9trang\u00e8res, dans des conditions qui montr\u00e8rent avec \u00e9vidence \u00e0 quel besoin r\u00e9el r\u00e9pondait cet Institut.<\/p>\n<p>Le 26 mars 1904, Monsieur Yves Guyot, ancien Ministre des Travaux publics en France, honora l\u2019Institut de sa visite.<\/p>\n<p>En juillet et ao\u00fbt 1904, le Gouvernement Chinois d&rsquo;une part, la Soci\u00e9t\u00e9 d&rsquo;\u00e9tudes des Chemins de fer en Chine d&rsquo;autre part, confi\u00e8rent vingt jeunes \u00e9tudiants chinois qui avaient fait en Chine des \u00e9tudes moyennes et se disposaient \u00e0 faire en Europe des \u00e9tudes sup\u00e9rieures de mines, ponts et chauss\u00e9es et chemins de fer.<\/p>\n<p>Le 14 septembre 1904, Son Excellence Yang Tsao Yum, Ministre pl\u00e9nipotentiaire de S.M. L\u2019Empereur de Chine, se rendit \u00e0 l&rsquo;Institut pour rendre visite \u00e0 la Commission administrative de l&rsquo;Institut ainsi qu&rsquo;\u00e0 la Section Chinoises alors en fonction, et il visita l&rsquo;ensemble des installations.<\/p>\n<h3><span class=\"ms-rteCustom-TexteBleu\">Objet de l&rsquo;Institut, diff\u00e9renciation<\/span><\/h3>\n<p>Les vis\u00e9es de la nouvelle institution diff\u00e8rent assez sensiblement de celles de ses devanci\u00e8res en mati\u00e8re d&rsquo;enseignement commercial. Elle est surtout une \u00e9cole pratique de commerce appliqu\u00e9e \u00e0 l&rsquo;expansion de l&rsquo;industrie. Elle a pour but de former des agents commerciaux aptes \u00e0 repr\u00e9senter l&rsquo;industrie belge dans le pays et \u00e0 l&rsquo;\u00e9tranger.<\/p>\n<p>Elle a \u00e9t\u00e9 cr\u00e9\u00e9e pour mieux int\u00e9resser la jeunesse studieuse au maintien et au d\u00e9veloppement des exportations industrielles. Ses fondateurs ont \u00e9galement song\u00e9 \u00e0 donner des agents capables aux entreprises industrielles belges \u00e0 l&rsquo;\u00e9tranger.<\/p>\n<p>D\u00e8s sa cr\u00e9ation, les r\u00e9sultats obtenus r\u00e9pondent fid\u00e8lement aux souhaits d\u2019Henri Dutrieux. En effet, environ 40 % des dipl\u00f4m\u00e9s des six premi\u00e8res promotions se sont expatri\u00e9s en Europe (France, Espagne, Allemagne, Pologne, Russie) et un peu partout dans le monde (Abyssinie, Congo, Egypte, Siam,\u00a0 Japon et Chine). Ils y port\u00e8rent \u00e0 la fois les id\u00e9aux de d\u00e9mocratie et la ma\u00eetrise des techniques et du commerce de notre pays.<\/p>\n<p>Au cours de la premi\u00e8re guerre mondiale, Raoul Warocqu\u00e9 se rend compte de l&rsquo;impossibilit\u00e9 pour un groupe d&rsquo;industriels priv\u00e9s de continuer \u00e0 assumer la responsabilit\u00e9 de l&rsquo;institution. Par testament, il l\u00e8gue l&rsquo;immeuble \u00e0 la Province du Hainaut ainsi qu&rsquo;une somme d&rsquo;un million de francs, afin que l&rsquo;affectation initiale de l&rsquo;Institution et du b\u00e2timent soit perp\u00e9tu\u00e9e.<\/p>\n<p>Les lois et arr\u00eat\u00e9s royaux de 1933 et 1934 constituent un tournant important dans l&rsquo;histoire de l&rsquo;Institut Warocqu\u00e9. En effet, les \u00e9tudes qui y \u00e9taient organis\u00e9es furent plac\u00e9es sur pied d&rsquo;\u00e9galit\u00e9 avec celles des autres institutions universitaires, en ce qui concerne les conditions d&rsquo;admission, la dur\u00e9e des \u00e9tudes, l&rsquo;identit\u00e9 des mati\u00e8res enseign\u00e9es et les grades conf\u00e9r\u00e9s.<\/p>\n<p>Entre sa cr\u00e9ation et la seconde guerre mondiale, l&rsquo;institut a dipl\u00f4m\u00e9 1.610 personnes.<\/p>\n<p>En 1962, lors d&rsquo;un colloque tenu par la Soci\u00e9t\u00e9 des Sciences, des Arts et des Lettres du Hainaut, plusieurs personnalit\u00e9s, dont le Gouverneur Emile Cornez et le Recteur Max Dreschel, d\u00e9fendirent l&rsquo;id\u00e9e de la cr\u00e9ation d&rsquo;une universit\u00e9 en Hainaut. Malgr\u00e9 la vive opposition des universit\u00e9s existantes, en 1965, la premi\u00e8re loi d&rsquo;expansion universitaire cr\u00e9e le Centre universitaire de l\u2019Etat \u00e0 Mons qui comprenait :<\/p>\n<ul>\n<li>une Facult\u00e9 des Sciences (physique et chimie)<\/li>\n<li>une Facult\u00e9 des Sciences Economiques Appliqu\u00e9es (Facult\u00e9 Warocqu\u00e9)<\/li>\n<li>un Institut sup\u00e9rieur de P\u00e9dagogie<\/li>\n<li>une \u00e9cole d\u2019Interpr\u00e8tes Internationaux<\/li>\n<\/ul>\n<p>La deuxi\u00e8me loi d&rsquo;expansion universitaire de 1971, quant \u00e0 elle, cr\u00e9e l\u2019Universit\u00e9 de l\u2019Etat \u00e0 Mons. C&rsquo;est sur cette base que l&rsquo;Universit\u00e9 de Mons-Hainaut fut constitu\u00e9e par les lois et d\u00e9crets sur la communautarisation de l&rsquo;enseignement en 1989 et sur la collation des grades acad\u00e9miques en 1994. Le rapprochement avec la Facult\u00e9 polytechnique de Mons permit enfin, en 2009, la cr\u00e9ation de notre actuelle Universit\u00e9 de Mons.<\/p>\n<p>Aujourd&rsquo;hui appel\u00e9e Facult\u00e9 Warocqu\u00e9 d&rsquo;Economie et de Gestion, l&rsquo;institution cr\u00e9\u00e9e en 1899 a dipl\u00f4m\u00e9, compte tenu des al\u00e9as li\u00e9s aux grands conflits du XX\u00e8me si\u00e8cle, <strong>115<\/strong> promotions de licenci\u00e9s, ing\u00e9nieurs, masters et docteurs, totalisant\u00a0 pas loin de 10.000 dipl\u00f4m\u00e9s.\u00a0 Elle organise \u00e0 l&rsquo;heure actuelle \u00e0 Mons trois titres de premier cycle : bacheliers en Sciences de Gestion, en Sciences Economiques et de Gestion et en Ing\u00e9nieur de Gestion. Un premier cycle complet est ouvert en parall\u00e8le, sur la base du m\u00eame programme et avec l&rsquo;appui des m\u00eames enseignants, sur le campus de Charleroi. A Mons, en horaire de jour, trois masters diff\u00e9rents, comptant chacun deux ann\u00e9es d&rsquo;\u00e9tudes et d\u00e9clin\u00e9s en finalit\u00e9s didactique ou sp\u00e9cialis\u00e9e sont ouverts, sans compter l&rsquo;organisation, \u00e0 Mons le jour et \u00e0 Charleroi en horaire d\u00e9cal\u00e9, d&rsquo;un master en un an plus particuli\u00e8rement destin\u00e9 \u00e0 la formation continu\u00e9e de personnes disposant d\u00e9j\u00e0 d&rsquo;un premier dipl\u00f4me. Depuis quelques ann\u00e9es, la FWEG organise \u00e9galement un Master en horaire d\u00e9cal\u00e9 en 2 ans \u00e0 finalit\u00e9 sp\u00e9cialis\u00e9e en management et strat\u00e9gie sur le site de Charleroi. \u00a0La Facult\u00e9 est \u00e9galement partie prenante de programmes de formation doctorale et d\u00e9livre deux types de doctorat : Economie et Gestion, Politique \u00e9conomique et sociale.<\/p>\n","protected":false},"excerpt":{"rendered":"<p>La gen\u00e8se de la Facult\u00e9 Warocqu\u00e9, les premi\u00e8res ann\u00e9es C&rsquo;est le 16 mars 1899 que, sur la proposition de M. Henri Dutrieux, ing\u00e9nieur en chef, directeur de service aux chemins de fer de l\u2019Etat, une r\u00e9union d&rsquo;industriels d\u00e9cida la cr\u00e9ation \u00e0 Mons de l\u2019Institut Commercial des Industriels du Hainaut. Monsieur\u00a0 Raoul Warocqu\u00e9, le grand industriel [&hellip;]<\/p>\n","protected":false},"author":2,"featured_media":0,"parent":101,"menu_order":1,"comment_status":"closed","ping_status":"closed","template":"","meta":{"footnotes":""},"class_list":["post-104","page","type-page","status-publish","hentry"],"yoast_head":"<!-- This site is optimized with the Yoast SEO plugin v27.2 - https:\/\/yoast.com\/product\/yoast-seo-wordpress\/ -->\n<title>Historique - Facult\u00e9 \/ FWEG<\/title>\n<meta name=\"robots\" content=\"index, follow, max-snippet:-1, max-image-preview:large, max-video-preview:-1\" \/>\n<link rel=\"canonical\" href=\"https:\/\/web.umons.ac.be\/fweg\/fr\/a-propos-de-la-faculte\/historique\/\" \/>\n<meta property=\"og:locale\" content=\"fr_FR\" \/>\n<meta property=\"og:type\" content=\"article\" \/>\n<meta property=\"og:title\" content=\"Historique - Facult\u00e9 \/ FWEG\" \/>\n<meta property=\"og:description\" content=\"La gen\u00e8se de la Facult\u00e9 Warocqu\u00e9, les premi\u00e8res ann\u00e9es C&rsquo;est le 16 mars 1899 que, sur la proposition de M. Henri Dutrieux, ing\u00e9nieur en chef, directeur de service aux chemins de fer de l\u2019Etat, une r\u00e9union d&rsquo;industriels d\u00e9cida la cr\u00e9ation \u00e0 Mons de l\u2019Institut Commercial des Industriels du Hainaut. Monsieur\u00a0 Raoul Warocqu\u00e9, le grand industriel [&hellip;]\" \/>\n<meta property=\"og:url\" content=\"https:\/\/web.umons.ac.be\/fweg\/fr\/a-propos-de-la-faculte\/historique\/\" \/>\n<meta property=\"og:site_name\" content=\"Facult\u00e9 \/ FWEG\" \/>\n<meta property=\"article:modified_time\" content=\"2019-11-18T15:47:45+00:00\" \/>\n<meta name=\"twitter:card\" content=\"summary_large_image\" \/>\n<meta name=\"twitter:label1\" content=\"Dur\u00e9e de lecture estim\u00e9e\" \/>\n\t<meta name=\"twitter:data1\" content=\"6 minutes\" \/>\n<script type=\"application\/ld+json\" class=\"yoast-schema-graph\">{\"@context\":\"https:\/\/schema.org\",\"@graph\":[{\"@type\":\"WebPage\",\"@id\":\"https:\/\/web.umons.ac.be\/fweg\/fr\/a-propos-de-la-faculte\/historique\/\",\"url\":\"https:\/\/web.umons.ac.be\/fweg\/fr\/a-propos-de-la-faculte\/historique\/\",\"name\":\"Historique - Facult\u00e9 \/ FWEG\",\"isPartOf\":{\"@id\":\"https:\/\/web.umons.ac.be\/fweg\/#website\"},\"datePublished\":\"2017-06-29T12:29:59+00:00\",\"dateModified\":\"2019-11-18T15:47:45+00:00\",\"breadcrumb\":{\"@id\":\"https:\/\/web.umons.ac.be\/fweg\/fr\/a-propos-de-la-faculte\/historique\/#breadcrumb\"},\"inLanguage\":\"fr-FR\",\"potentialAction\":[{\"@type\":\"ReadAction\",\"target\":[\"https:\/\/web.umons.ac.be\/fweg\/fr\/a-propos-de-la-faculte\/historique\/\"]}]},{\"@type\":\"BreadcrumbList\",\"@id\":\"https:\/\/web.umons.ac.be\/fweg\/fr\/a-propos-de-la-faculte\/historique\/#breadcrumb\",\"itemListElement\":[{\"@type\":\"ListItem\",\"position\":1,\"name\":\"Accueil\",\"item\":\"https:\/\/web.umons.ac.be\/fweg\/fr\/\"},{\"@type\":\"ListItem\",\"position\":2,\"name\":\"A propos de la facult\u00e9\",\"item\":\"https:\/\/web.umons.ac.be\/fweg\/fr\/a-propos-de-la-faculte\/\"},{\"@type\":\"ListItem\",\"position\":3,\"name\":\"Historique\"}]},{\"@type\":\"WebSite\",\"@id\":\"https:\/\/web.umons.ac.be\/fweg\/#website\",\"url\":\"https:\/\/web.umons.ac.be\/fweg\/\",\"name\":\"Facult\u00e9 \/ FWEG\",\"description\":\"\",\"potentialAction\":[{\"@type\":\"SearchAction\",\"target\":{\"@type\":\"EntryPoint\",\"urlTemplate\":\"https:\/\/web.umons.ac.be\/fweg\/?s={search_term_string}\"},\"query-input\":{\"@type\":\"PropertyValueSpecification\",\"valueRequired\":true,\"valueName\":\"search_term_string\"}}],\"inLanguage\":\"fr-FR\"}]}<\/script>\n<!-- \/ Yoast SEO plugin. -->","yoast_head_json":{"title":"Historique - Facult\u00e9 \/ FWEG","robots":{"index":"index","follow":"follow","max-snippet":"max-snippet:-1","max-image-preview":"max-image-preview:large","max-video-preview":"max-video-preview:-1"},"canonical":"https:\/\/web.umons.ac.be\/fweg\/fr\/a-propos-de-la-faculte\/historique\/","og_locale":"fr_FR","og_type":"article","og_title":"Historique - Facult\u00e9 \/ FWEG","og_description":"La gen\u00e8se de la Facult\u00e9 Warocqu\u00e9, les premi\u00e8res ann\u00e9es C&rsquo;est le 16 mars 1899 que, sur la proposition de M. Henri Dutrieux, ing\u00e9nieur en chef, directeur de service aux chemins de fer de l\u2019Etat, une r\u00e9union d&rsquo;industriels d\u00e9cida la cr\u00e9ation \u00e0 Mons de l\u2019Institut Commercial des Industriels du Hainaut. Monsieur\u00a0 Raoul Warocqu\u00e9, le grand industriel [&hellip;]","og_url":"https:\/\/web.umons.ac.be\/fweg\/fr\/a-propos-de-la-faculte\/historique\/","og_site_name":"Facult\u00e9 \/ FWEG","article_modified_time":"2019-11-18T15:47:45+00:00","twitter_card":"summary_large_image","twitter_misc":{"Dur\u00e9e de lecture estim\u00e9e":"6 minutes"},"schema":{"@context":"https:\/\/schema.org","@graph":[{"@type":"WebPage","@id":"https:\/\/web.umons.ac.be\/fweg\/fr\/a-propos-de-la-faculte\/historique\/","url":"https:\/\/web.umons.ac.be\/fweg\/fr\/a-propos-de-la-faculte\/historique\/","name":"Historique - Facult\u00e9 \/ FWEG","isPartOf":{"@id":"https:\/\/web.umons.ac.be\/fweg\/#website"},"datePublished":"2017-06-29T12:29:59+00:00","dateModified":"2019-11-18T15:47:45+00:00","breadcrumb":{"@id":"https:\/\/web.umons.ac.be\/fweg\/fr\/a-propos-de-la-faculte\/historique\/#breadcrumb"},"inLanguage":"fr-FR","potentialAction":[{"@type":"ReadAction","target":["https:\/\/web.umons.ac.be\/fweg\/fr\/a-propos-de-la-faculte\/historique\/"]}]},{"@type":"BreadcrumbList","@id":"https:\/\/web.umons.ac.be\/fweg\/fr\/a-propos-de-la-faculte\/historique\/#breadcrumb","itemListElement":[{"@type":"ListItem","position":1,"name":"Accueil","item":"https:\/\/web.umons.ac.be\/fweg\/fr\/"},{"@type":"ListItem","position":2,"name":"A propos de la facult\u00e9","item":"https:\/\/web.umons.ac.be\/fweg\/fr\/a-propos-de-la-faculte\/"},{"@type":"ListItem","position":3,"name":"Historique"}]},{"@type":"WebSite","@id":"https:\/\/web.umons.ac.be\/fweg\/#website","url":"https:\/\/web.umons.ac.be\/fweg\/","name":"Facult\u00e9 \/ FWEG","description":"","potentialAction":[{"@type":"SearchAction","target":{"@type":"EntryPoint","urlTemplate":"https:\/\/web.umons.ac.be\/fweg\/?s={search_term_string}"},"query-input":{"@type":"PropertyValueSpecification","valueRequired":true,"valueName":"search_term_string"}}],"inLanguage":"fr-FR"}]}},"lang":"fr","translations":{"fr":104,"en":646},"pll_sync_post":[],"_links":{"self":[{"href":"https:\/\/web.umons.ac.be\/fweg\/wp-json\/wp\/v2\/pages\/104","targetHints":{"allow":["GET"]}}],"collection":[{"href":"https:\/\/web.umons.ac.be\/fweg\/wp-json\/wp\/v2\/pages"}],"about":[{"href":"https:\/\/web.umons.ac.be\/fweg\/wp-json\/wp\/v2\/types\/page"}],"author":[{"embeddable":true,"href":"https:\/\/web.umons.ac.be\/fweg\/wp-json\/wp\/v2\/users\/2"}],"replies":[{"embeddable":true,"href":"https:\/\/web.umons.ac.be\/fweg\/wp-json\/wp\/v2\/comments?post=104"}],"version-history":[{"count":4,"href":"https:\/\/web.umons.ac.be\/fweg\/wp-json\/wp\/v2\/pages\/104\/revisions"}],"predecessor-version":[{"id":1412,"href":"https:\/\/web.umons.ac.be\/fweg\/wp-json\/wp\/v2\/pages\/104\/revisions\/1412"}],"up":[{"embeddable":true,"href":"https:\/\/web.umons.ac.be\/fweg\/wp-json\/wp\/v2\/pages\/101"}],"wp:attachment":[{"href":"https:\/\/web.umons.ac.be\/fweg\/wp-json\/wp\/v2\/media?parent=104"}],"curies":[{"name":"wp","href":"https:\/\/api.w.org\/{rel}","templated":true}]}}