{"id":1129,"date":"2018-01-28T19:06:12","date_gmt":"2018-01-28T18:06:12","guid":{"rendered":"https:\/\/web.umons.ac.be\/fweg\/?page_id=1129"},"modified":"2024-07-09T11:07:09","modified_gmt":"2024-07-09T09:07:09","slug":"cours-preparatoires-economie-gestion-2024","status":"publish","type":"page","link":"https:\/\/web.umons.ac.be\/fweg\/fr\/etudes\/cours-preparatoires-economie-gestion-2024\/","title":{"rendered":"Cours pr\u00e9paratoires en \u00e9conomie et gestion \u00e0 Charleroi"},"content":{"rendered":"<h3><span style=\"color: #004696;\">Uniquement pour les \u00e9tudiants de Charleroi &#8211; Ao\u00fbt 2024<\/span><\/h3>\n<p style=\"margin: 0cm; background: #FBFBFB; vertical-align: baseline;\"><span style=\"font-size: 10.5pt; font-family: 'Helvetica',sans-serif; color: #5f686b;\">Les s\u00e9ances de mise \u00e0 niveau propos\u00e9es aux futurs \u00e9tudiants de premi\u00e8re ann\u00e9e de Bachelier permettent d\u2019acqu\u00e9rir ou de revoir certaines notions de base en \u00e9conomie et en gestion. <\/span><\/p>\n<p style=\"margin: 0cm; background: #FBFBFB; vertical-align: baseline;\"><span style=\"font-size: 10.5pt; font-family: 'Helvetica',sans-serif; color: #5f686b;\">\u00a0<\/span><\/p>\n<p style=\"margin: 0cm; background: #FBFBFB; vertical-align: baseline;\"><span style=\"font-size: 10.5pt; font-family: 'Helvetica',sans-serif; color: #5f686b;\">Organis\u00e9s en petits groupes et encadr\u00e9s par des \u00e9tudiants de la FWEG sous la supervision d\u2019un enseignant, ces ateliers permettront d\u2019aborder la transition secondaire-universit\u00e9 plus sereinement.<\/span><\/p>\n<start-cask-shortcode-wrapper>    <div class=\"accordion content-block scheme-fweg\">\n                <div class=\"accordion-inner\">\n            <div class=\"accordion-bellow\">\n                <button class=\"accordion-bellow-toggle scheme-background-hover\" data-target=\"#accordion-content-668c03659736d\">\n                    <span class=\"icon umons-icon-chevron-down\" aria-hidden=\"true\"><\/span> Quel programme ?                <\/button>\n            <\/div>\n            <div id=\"accordion-content-668c03659736d\" class=\"accordion-content\">\n            \t<div class=\"inner editor-front\">\n            \t\t<p style=\"text-align: justify;\">5 matin\u00e9es permettant d\u2019acqu\u00e9rir ou de r\u00e9viser les pr\u00e9requis minimums pour acc\u00e9der plus confortablement \u00e0 la premi\u00e8re ann\u00e9e de bachelier.<br \/>\nAu programme :<\/p>\n<ul>\n<li>Notions quantitatives pour l\u2019\u00e9conomie et la gestion \u2013 partie I (th\u00e9orie et exercices)<\/li>\n<li>Notions quantitatives pour l\u2019\u00e9conomie et la gestion \u2013 partie II (th\u00e9orie et exercices)<\/li>\n<\/ul>\n            \t<\/div>\n            <\/div>\n        <\/div>\n                <div class=\"accordion-inner\">\n            <div class=\"accordion-bellow\">\n                <button class=\"accordion-bellow-toggle scheme-background-hover\" data-target=\"#accordion-content-668c0365a05e4\">\n                    <span class=\"icon umons-icon-chevron-down\" aria-hidden=\"true\"><\/span> Pour qui ? Pourquoi ?                <\/button>\n            <\/div>\n            <div id=\"accordion-content-668c0365a05e4\" class=\"accordion-content\">\n            \t<div class=\"inner editor-front\">\n            \t\t<p style=\"text-align: justify;\">Pour vous, futurs \u00e9tudiants de bachelier de la Facult\u00e9 Warocqu\u00e9 (Sciences de gestion) souhaitant une remise \u00e0 niveau avant la rentr\u00e9e acad\u00e9mique tout en b\u00e9n\u00e9ficiant d\u2019une premi\u00e8re exp\u00e9rience au sein de votre futur environnement de vie et d\u2019\u00e9tudes.<\/p>\n            \t<\/div>\n            <\/div>\n        <\/div>\n                <div class=\"accordion-inner\">\n            <div class=\"accordion-bellow\">\n                <button class=\"accordion-bellow-toggle scheme-background-hover\" data-target=\"#accordion-content-668c0365a0769\">\n                    <span class=\"icon umons-icon-chevron-down\" aria-hidden=\"true\"><\/span> Quand ? O\u00f9 ?                <\/button>\n            <\/div>\n            <div id=\"accordion-content-668c0365a0769\" class=\"accordion-content\">\n            \t<div class=\"inner editor-front\">\n            \t\t<p style=\"text-align: justify;\">Du 26 au 30 ao\u00fbt 2024, de 08h30 \u00e0 13h (2 cours de 2h et une pause de 30 minutes)<\/p>\n<p style=\"text-align: justify;\">Les cours sont dispens\u00e9s uniquement sur le campus de Charleroi.<\/p>\n<p><a href=\"https:\/\/web.umons.ac.be\/fr\/evenements\/cours-preparatoires-aux-etudes-scientifiques-aout-sept\/\">Pour les \u00e9tudiants inscrits sur le site de Mons, veuillez vous inscrire via ce lien.<\/a><\/p>\n            \t<\/div>\n            <\/div>\n        <\/div>\n                <div class=\"accordion-inner\">\n            <div class=\"accordion-bellow\">\n                <button class=\"accordion-bellow-toggle scheme-background-hover\" data-target=\"#accordion-content-668c0365a08bf\">\n                    <span class=\"icon umons-icon-chevron-down\" aria-hidden=\"true\"><\/span> Comment ?                <\/button>\n            <\/div>\n            <div id=\"accordion-content-668c0365a08bf\" class=\"accordion-content\">\n            \t<div class=\"inner editor-front\">\n            \t\t<p>En s\u2019inscrivant <a href=\"https:\/\/forms.office.com\/e\/4gaxxi5h2A\">via ce lien<\/a> avant le 19 ao\u00fbt 2024.<br \/>\nLes \u00e9tudiants seront r\u00e9partis en sous-groupes pour suivre tous les modules inscrits au programme.<\/p>\n            \t<\/div>\n            <\/div>\n        <\/div>\n                <div class=\"accordion-inner\">\n            <div class=\"accordion-bellow\">\n                <button class=\"accordion-bellow-toggle scheme-background-hover\" data-target=\"#accordion-content-668c0365a0a07\">\n                    <span class=\"icon umons-icon-chevron-down\" aria-hidden=\"true\"><\/span> A quelles conditions ?                <\/button>\n            <\/div>\n            <div id=\"accordion-content-668c0365a0a07\" class=\"accordion-content\">\n            \t<div class=\"inner editor-front\">\n            \t\t<p style=\"text-align: justify;\">Depuis 2001-2002, la FWEG met en place un volume consid\u00e9rable de dispositifs pour contribuer \u00e0 la r\u00e9ussite de ses \u00e9tudiants.<\/p>\n<p style=\"text-align: justify;\">La FWEG s\u2019engage \u00e0 encore renforcer ses services d\u2019aide \u00e0 la r\u00e9ussite et d\u2019accompagnement des \u00e9tudiants durant la p\u00e9riode de transition secondaire-universit\u00e9 !<\/p>\n<p style=\"text-align: justify;\"><strong>Ces s\u00e9ances de mise \u00e0 niveau sont gratuites. <\/strong><\/p>\n            \t<\/div>\n            <\/div>\n        <\/div>\n                <div class=\"accordion-inner\">\n            <div class=\"accordion-bellow\">\n                <button class=\"accordion-bellow-toggle scheme-background-hover\" data-target=\"#accordion-content-668c0365a0b05\">\n                    <span class=\"icon umons-icon-chevron-down\" aria-hidden=\"true\"><\/span> Des questions ?                <\/button>\n            <\/div>\n            <div id=\"accordion-content-668c0365a0b05\" class=\"accordion-content\">\n            \t<div class=\"inner editor-front\">\n            \t\t<p class=\"MsoNormal\" style=\"text-align: justify;\">Pour toute question relative \u00e0 cette semaine de mise \u00e0 niveau, veuillez contacter <a href=\"mailto:noelie.maquestiau@umons.ac.be\">noelie.maquestiau@umons.ac.be<\/a><\/p>\n            \t<\/div>\n            <\/div>\n        <\/div>\n                <div class=\"accordion-inner\">\n            <div class=\"accordion-bellow\">\n                <button class=\"accordion-bellow-toggle scheme-background-hover\" data-target=\"#accordion-content-668c0365a0c10\">\n                    <span class=\"icon umons-icon-chevron-down\" aria-hidden=\"true\"><\/span> S'inscrire                <\/button>\n            <\/div>\n            <div id=\"accordion-content-668c0365a0c10\" class=\"accordion-content\">\n            \t<div class=\"inner editor-front\">\n            \t\t<p><a href=\"https:\/\/forms.office.com\/e\/4gaxxi5h2A\">Via ce formulaire en ligne<\/a><\/p>\n            \t<\/div>\n            <\/div>\n        <\/div>\n            <\/div>\n<end-cask-shortcode-wrapper>\n<div class=\"highlighted-block\">\n<p><em><a href=\"https:\/\/web.umons.ac.be\/fr\/evenements\/cours-preparatoires-aux-etudes-scientifiques-aout-sept\/\">Pour les \u00e9tudiants inscrits sur le site de Mons, veuillez vous inscrire via ce lien.<\/a><\/em><\/p>\n<\/div>\n","protected":false},"excerpt":{"rendered":"<p>Uniquement pour les \u00e9tudiants de Charleroi &#8211; Ao\u00fbt 2024 Les s\u00e9ances de mise \u00e0 niveau propos\u00e9es aux futurs \u00e9tudiants de premi\u00e8re ann\u00e9e de Bachelier permettent d\u2019acqu\u00e9rir ou de revoir certaines notions de base en \u00e9conomie et en gestion. \u00a0 Organis\u00e9s en petits groupes et encadr\u00e9s par des \u00e9tudiants de la FWEG sous la supervision d\u2019un [&hellip;]<\/p>\n","protected":false},"author":2,"featured_media":0,"parent":601,"menu_order":8,"comment_status":"closed","ping_status":"closed","template":"","meta":{"footnotes":""},"class_list":["post-1129","page","type-page","status-publish","hentry"],"yoast_head":"<!-- This site is optimized with the Yoast SEO plugin v27.2 - https:\/\/yoast.com\/product\/yoast-seo-wordpress\/ -->\n<title>Cours pr\u00e9paratoires en \u00e9conomie et gestion \u00e0 Charleroi - Facult\u00e9 \/ FWEG<\/title>\n<meta name=\"robots\" content=\"index, follow, max-snippet:-1, max-image-preview:large, max-video-preview:-1\" \/>\n<link rel=\"canonical\" href=\"https:\/\/web.umons.ac.be\/fweg\/fr\/etudes\/cours-preparatoires-economie-gestion-2024\/\" \/>\n<meta property=\"og:locale\" content=\"fr_FR\" \/>\n<meta property=\"og:type\" content=\"article\" \/>\n<meta property=\"og:title\" content=\"Cours pr\u00e9paratoires en \u00e9conomie et gestion \u00e0 Charleroi - Facult\u00e9 \/ FWEG\" \/>\n<meta property=\"og:description\" content=\"Uniquement pour les \u00e9tudiants de Charleroi &#8211; Ao\u00fbt 2024 Les s\u00e9ances de mise \u00e0 niveau propos\u00e9es aux futurs \u00e9tudiants de premi\u00e8re ann\u00e9e de Bachelier permettent d\u2019acqu\u00e9rir ou de revoir certaines notions de base en \u00e9conomie et en gestion. \u00a0 Organis\u00e9s en petits groupes et encadr\u00e9s par des \u00e9tudiants de la FWEG sous la supervision d\u2019un [&hellip;]\" \/>\n<meta property=\"og:url\" content=\"https:\/\/web.umons.ac.be\/fweg\/fr\/etudes\/cours-preparatoires-economie-gestion-2024\/\" \/>\n<meta property=\"og:site_name\" content=\"Facult\u00e9 \/ FWEG\" \/>\n<meta property=\"article:modified_time\" content=\"2024-07-09T09:07:09+00:00\" \/>\n<meta name=\"twitter:card\" content=\"summary_large_image\" \/>\n<meta name=\"twitter:label1\" content=\"Dur\u00e9e de lecture estim\u00e9e\" \/>\n\t<meta name=\"twitter:data1\" content=\"1 minute\" \/>\n<script type=\"application\/ld+json\" class=\"yoast-schema-graph\">{\"@context\":\"https:\/\/schema.org\",\"@graph\":[{\"@type\":\"WebPage\",\"@id\":\"https:\/\/web.umons.ac.be\/fweg\/fr\/etudes\/cours-preparatoires-economie-gestion-2024\/\",\"url\":\"https:\/\/web.umons.ac.be\/fweg\/fr\/etudes\/cours-preparatoires-economie-gestion-2024\/\",\"name\":\"Cours pr\u00e9paratoires en \u00e9conomie et gestion \u00e0 Charleroi - Facult\u00e9 \/ FWEG\",\"isPartOf\":{\"@id\":\"https:\/\/web.umons.ac.be\/fweg\/#website\"},\"datePublished\":\"2018-01-28T18:06:12+00:00\",\"dateModified\":\"2024-07-09T09:07:09+00:00\",\"breadcrumb\":{\"@id\":\"https:\/\/web.umons.ac.be\/fweg\/fr\/etudes\/cours-preparatoires-economie-gestion-2024\/#breadcrumb\"},\"inLanguage\":\"fr-FR\",\"potentialAction\":[{\"@type\":\"ReadAction\",\"target\":[\"https:\/\/web.umons.ac.be\/fweg\/fr\/etudes\/cours-preparatoires-economie-gestion-2024\/\"]}]},{\"@type\":\"BreadcrumbList\",\"@id\":\"https:\/\/web.umons.ac.be\/fweg\/fr\/etudes\/cours-preparatoires-economie-gestion-2024\/#breadcrumb\",\"itemListElement\":[{\"@type\":\"ListItem\",\"position\":1,\"name\":\"Accueil\",\"item\":\"https:\/\/web.umons.ac.be\/fweg\/fr\/\"},{\"@type\":\"ListItem\",\"position\":2,\"name\":\"Etudes\",\"item\":\"https:\/\/web.umons.ac.be\/fweg\/fr\/etudes\/\"},{\"@type\":\"ListItem\",\"position\":3,\"name\":\"Cours pr\u00e9paratoires en \u00e9conomie et gestion \u00e0 Charleroi\"}]},{\"@type\":\"WebSite\",\"@id\":\"https:\/\/web.umons.ac.be\/fweg\/#website\",\"url\":\"https:\/\/web.umons.ac.be\/fweg\/\",\"name\":\"Facult\u00e9 \/ FWEG\",\"description\":\"\",\"potentialAction\":[{\"@type\":\"SearchAction\",\"target\":{\"@type\":\"EntryPoint\",\"urlTemplate\":\"https:\/\/web.umons.ac.be\/fweg\/?s={search_term_string}\"},\"query-input\":{\"@type\":\"PropertyValueSpecification\",\"valueRequired\":true,\"valueName\":\"search_term_string\"}}],\"inLanguage\":\"fr-FR\"}]}<\/script>\n<!-- \/ Yoast SEO plugin. -->","yoast_head_json":{"title":"Cours pr\u00e9paratoires en \u00e9conomie et gestion \u00e0 Charleroi - Facult\u00e9 \/ FWEG","robots":{"index":"index","follow":"follow","max-snippet":"max-snippet:-1","max-image-preview":"max-image-preview:large","max-video-preview":"max-video-preview:-1"},"canonical":"https:\/\/web.umons.ac.be\/fweg\/fr\/etudes\/cours-preparatoires-economie-gestion-2024\/","og_locale":"fr_FR","og_type":"article","og_title":"Cours pr\u00e9paratoires en \u00e9conomie et gestion \u00e0 Charleroi - Facult\u00e9 \/ FWEG","og_description":"Uniquement pour les \u00e9tudiants de Charleroi &#8211; Ao\u00fbt 2024 Les s\u00e9ances de mise \u00e0 niveau propos\u00e9es aux futurs \u00e9tudiants de premi\u00e8re ann\u00e9e de Bachelier permettent d\u2019acqu\u00e9rir ou de revoir certaines notions de base en \u00e9conomie et en gestion. \u00a0 Organis\u00e9s en petits groupes et encadr\u00e9s par des \u00e9tudiants de la FWEG sous la supervision d\u2019un [&hellip;]","og_url":"https:\/\/web.umons.ac.be\/fweg\/fr\/etudes\/cours-preparatoires-economie-gestion-2024\/","og_site_name":"Facult\u00e9 \/ FWEG","article_modified_time":"2024-07-09T09:07:09+00:00","twitter_card":"summary_large_image","twitter_misc":{"Dur\u00e9e de lecture estim\u00e9e":"1 minute"},"schema":{"@context":"https:\/\/schema.org","@graph":[{"@type":"WebPage","@id":"https:\/\/web.umons.ac.be\/fweg\/fr\/etudes\/cours-preparatoires-economie-gestion-2024\/","url":"https:\/\/web.umons.ac.be\/fweg\/fr\/etudes\/cours-preparatoires-economie-gestion-2024\/","name":"Cours pr\u00e9paratoires en \u00e9conomie et gestion \u00e0 Charleroi - Facult\u00e9 \/ FWEG","isPartOf":{"@id":"https:\/\/web.umons.ac.be\/fweg\/#website"},"datePublished":"2018-01-28T18:06:12+00:00","dateModified":"2024-07-09T09:07:09+00:00","breadcrumb":{"@id":"https:\/\/web.umons.ac.be\/fweg\/fr\/etudes\/cours-preparatoires-economie-gestion-2024\/#breadcrumb"},"inLanguage":"fr-FR","potentialAction":[{"@type":"ReadAction","target":["https:\/\/web.umons.ac.be\/fweg\/fr\/etudes\/cours-preparatoires-economie-gestion-2024\/"]}]},{"@type":"BreadcrumbList","@id":"https:\/\/web.umons.ac.be\/fweg\/fr\/etudes\/cours-preparatoires-economie-gestion-2024\/#breadcrumb","itemListElement":[{"@type":"ListItem","position":1,"name":"Accueil","item":"https:\/\/web.umons.ac.be\/fweg\/fr\/"},{"@type":"ListItem","position":2,"name":"Etudes","item":"https:\/\/web.umons.ac.be\/fweg\/fr\/etudes\/"},{"@type":"ListItem","position":3,"name":"Cours pr\u00e9paratoires en \u00e9conomie et gestion \u00e0 Charleroi"}]},{"@type":"WebSite","@id":"https:\/\/web.umons.ac.be\/fweg\/#website","url":"https:\/\/web.umons.ac.be\/fweg\/","name":"Facult\u00e9 \/ FWEG","description":"","potentialAction":[{"@type":"SearchAction","target":{"@type":"EntryPoint","urlTemplate":"https:\/\/web.umons.ac.be\/fweg\/?s={search_term_string}"},"query-input":{"@type":"PropertyValueSpecification","valueRequired":true,"valueName":"search_term_string"}}],"inLanguage":"fr-FR"}]}},"lang":"fr","translations":{"fr":1129},"pll_sync_post":[],"_links":{"self":[{"href":"https:\/\/web.umons.ac.be\/fweg\/wp-json\/wp\/v2\/pages\/1129","targetHints":{"allow":["GET"]}}],"collection":[{"href":"https:\/\/web.umons.ac.be\/fweg\/wp-json\/wp\/v2\/pages"}],"about":[{"href":"https:\/\/web.umons.ac.be\/fweg\/wp-json\/wp\/v2\/types\/page"}],"author":[{"embeddable":true,"href":"https:\/\/web.umons.ac.be\/fweg\/wp-json\/wp\/v2\/users\/2"}],"replies":[{"embeddable":true,"href":"https:\/\/web.umons.ac.be\/fweg\/wp-json\/wp\/v2\/comments?post=1129"}],"version-history":[{"count":4,"href":"https:\/\/web.umons.ac.be\/fweg\/wp-json\/wp\/v2\/pages\/1129\/revisions"}],"predecessor-version":[{"id":2238,"href":"https:\/\/web.umons.ac.be\/fweg\/wp-json\/wp\/v2\/pages\/1129\/revisions\/2238"}],"up":[{"embeddable":true,"href":"https:\/\/web.umons.ac.be\/fweg\/wp-json\/wp\/v2\/pages\/601"}],"wp:attachment":[{"href":"https:\/\/web.umons.ac.be\/fweg\/wp-json\/wp\/v2\/media?parent=1129"}],"curies":[{"name":"wp","href":"https:\/\/api.w.org\/{rel}","templated":true}]}}