{"id":13,"date":"2017-05-17T17:05:02","date_gmt":"2017-05-17T15:05:02","guid":{"rendered":"https:\/\/web.umons.ac.be\/fweg\/?page_id=13"},"modified":"2024-04-08T10:32:57","modified_gmt":"2024-04-08T08:32:57","slug":"la-demarche-qualite-de-la-faculte-warocque-iso","status":"publish","type":"page","link":"https:\/\/web.umons.ac.be\/fweg\/fr\/etudes\/la-demarche-qualite-de-la-faculte-warocque-iso\/","title":{"rendered":"La d\u00e9marche qualit\u00e9 de la Facult\u00e9 Warocqu\u00e9 (ISO)"},"content":{"rendered":"<h2>Warocqu\u00e9 ISO : La qualit\u00e9, une pr\u00e9occupation de toujours<\/h2>\n<h4>La certification ISO, une premi\u00e8re en Communaut\u00e9 fran\u00e7aise<\/h4>\n<p>Cr\u00e9\u00e9e en 1899 par des entrepreneurs hainuyers, la Facult\u00e9 Warocqu\u00e9 a, tout au long de son histoire, form\u00e9 des gestionnaires capables de s&rsquo;ins\u00e9rer dans la soci\u00e9t\u00e9 de leur \u00e9poque et d&rsquo;y d\u00e9velopper l&rsquo;activit\u00e9 productive tant en Belgique qu&rsquo;\u00e0 l&rsquo;\u00e9tranger. Elle a toujours d\u00e9velopp\u00e9 un enseignement de haute qualit\u00e9, ouvert sur le monde et sur la modernit\u00e9. Cette poursuite inlassable de la qualit\u00e9, tradition de la Facult\u00e9 Warocqu\u00e9, se trouve, depuis janvier 2003, certifi\u00e9e selon la norme internationale ISO 9001:2000. Renouvel\u00e9e depuis selon la norme ISO 9001:2015.<\/p>\n<p>La norme ISO 9001:2015 est une r\u00e9f\u00e9rence que des milliers d&rsquo;entreprises de tous les secteurs dans le monde entier utilisent comme cadre pour le management et l&rsquo;assurance de la qualit\u00e9. Dans l&rsquo;enseignement sup\u00e9rieur, le recours aux normes de la s\u00e9rie l&rsquo;ISO est fr\u00e9quent \u00e0 l&rsquo;\u00e9tranger, notamment en Suisse o\u00f9 de nombreux \u00e9tablissements sont certifi\u00e9s, mais en Communaut\u00e9 fran\u00e7aise, la Facult\u00e9 Warocqu\u00e9 a \u00e9t\u00e9 la premi\u00e8re institution universitaire \u00e0 obtenir la certification ISO 9001.<\/p>\n<p>La Facult\u00e9 Warocqu\u00e9 a mis en place un dispositif destin\u00e9 \u00e0 garantir le maintien de la qualit\u00e9 de son enseignement \u00e0 son meilleur niveau. Il est structur\u00e9 autour de 12 processus document\u00e9s, certifi\u00e9s, et r\u00e9guli\u00e8rement contr\u00f4l\u00e9 par une \u00e9quipe d&rsquo;auditeurs internes sp\u00e9cialement form\u00e9s pour cela, ainsi que par un certificateur externe totalement ind\u00e9pendant de l&rsquo;Universit\u00e9 : la soci\u00e9t\u00e9 Vin\u00e7otte.<\/p>\n<h4>L\u2019\u00e9tudiant au c\u0153ur des pr\u00e9occupations.<\/h4>\n<p>La certification ISO \u00e0 la Facult\u00e9 Warocqu\u00e9 repr\u00e9sente, avant tout, la mobilisation de tous autour d&rsquo;une m\u00eame volont\u00e9 de progression continue dont le but ultime est d&rsquo;offrir aux \u00e9tudiants un enseignement sans cesse plus performant. Les \u00e9tudiants sont au coeur de la r\u00e9flexion et des pr\u00e9occupations. Le service qui leur est rendu doit \u00eatre am\u00e9lior\u00e9 en permanence, dans tous ses aspects : qualit\u00e9 des programmes, syllabus, organisation des cours, horaires, locaux, auditoires, s\u00e9jours \u00e0 l&rsquo;\u00e9tranger,&#8230;<\/p>\n<h4>L\u2019\u00e9tudiant, partenaire de l\u2019am\u00e9lioration continue<\/h4>\n<p>Les \u00e9tudiants de la Facult\u00e9 Warocqu\u00e9 sont aussi les partenaires de la d\u00e9marche de qualit\u00e9. Un lieu de dialogue a \u00e9t\u00e9 cr\u00e9\u00e9 \u00e0 cet effet : le Comit\u00e9 de Concertation et d&rsquo;Information (CCI). Il est compos\u00e9 des membres du Groupe Qualit\u00e9 et d&rsquo;\u00e9tudiants repr\u00e9sentant tous les cursus de la Facult\u00e9. Son fonctionnement est garanti par une proc\u00e9dure document\u00e9e. Le CCI aborde tous les aspects de la vie facultaire et les \u00e9tudiants peuvent y obtenir toute information qu&rsquo;ils jugent utile. Ils sont consult\u00e9s ou inform\u00e9s, en particulier sur les projets de modifications des programmes d&rsquo;\u00e9tudes, l&rsquo;organisation de l&rsquo;enseignement facultaire, les enqu\u00eates de satisfaction, les objectifs qualit\u00e9 qui les concernent &#8230;<\/p>\n<h4>La facult\u00e9 Warocqu\u00e9 \u00e0 l\u2019\u00e9coute des \u00e9tudiants<\/h4>\n<p>Outre le Comit\u00e9 de Concertation et d&rsquo;Information, les \u00e9tudiants peuvent, \u00e0 tout moment, signaler la survenance d&rsquo;un probl\u00e8me quelconque au moyen d&rsquo;un formulaire de non-satisfaction. Leur r\u00e9clamation est suivie avec soin par le Groupe Qualit\u00e9 et l&rsquo;auteur du formulaire est inform\u00e9 des suites r\u00e9serv\u00e9es \u00e0 sa demande. Le traitement des non-satisfactions fait \u00e9galement l&rsquo;objet d&rsquo;une proc\u00e9dure document\u00e9e.<\/p>\n<p>De plus, les \u00e9tudiants participent chaque ann\u00e9e \u00e0 une enqu\u00eate de satisfaction qui leur permet de donner leur avis sur tous les aspects de la vie \u00e0 la Facult\u00e9 Warocqu\u00e9. L&rsquo;enqu\u00eate est d\u00e9pouill\u00e9e selon des m\u00e9thodes scientifiques, conform\u00e9ment \u00e0 la proc\u00e9dure document\u00e9e concern\u00e9e. Les r\u00e9sultats sont communiqu\u00e9s au Comit\u00e9 de Concertation et d&rsquo;Information, transmis au Conseil de Facult\u00e9 et analys\u00e9s par les plus hautes autorit\u00e9s de l&rsquo;UMONS qui d\u00e9cident des mesures correctives.<\/p>\n<h4>Une formation de qualit\u00e9 en \u00e9conomie et en gestion en prise avec les r\u00e9alit\u00e9s de la soci\u00e9t\u00e9 moderne<\/h4>\n<p>Les programmes de la Facult\u00e9 Warocqu\u00e9 sont examin\u00e9s tous les ans de fa\u00e7on \u00e0 s&rsquo;assurer en permanence de leur modernit\u00e9 et de leur ad\u00e9quation avec les r\u00e9alit\u00e9s de la soci\u00e9t\u00e9 actuelle. Cette ad\u00e9quation est mesur\u00e9e, notamment, \u00e0 travers l&rsquo;enqu\u00eate externe adress\u00e9e \u00e0 tous les dipl\u00f4m\u00e9s de l\u2019ann\u00e9e pr\u00e9c\u00e9dente. La diversit\u00e9 de leurs fonctions fournit un \u00e9chantillon largement repr\u00e9sentatif du monde du travail et de notre soci\u00e9t\u00e9. Par ce suivi du march\u00e9, la Facult\u00e9 Warocqu\u00e9 veut donner \u00e0 ses \u00e9tudiants les comp\u00e9tences qui leur permettront de s&rsquo;ins\u00e9rer rapidement, harmonieusement et \u00e0 un niveau \u00e9lev\u00e9 sur le march\u00e9 de l&#8217;emploi.<\/p>\n<h4>Les contacts avec le monde, les autres langues, les autres cultures, les autres traditions en mati\u00e8re de gestion.<\/h4>\n<p>Une proc\u00e9dure document\u00e9e garantit que la facult\u00e9 Warocqu\u00e9 mettra \u00e0 la disposition de ses \u00e9tudiants un large \u00e9ventail de s\u00e9jours de trois mois \u00e0 un an dans les universit\u00e9s europ\u00e9ennes (s\u00e9jours Erasmus) ou ou partout ailleurs dans le monde (aux USA, au Mexique, en Australie, en Chine, au Japon\u2026). Les \u00e9tudiants ont alors la possibilit\u00e9 de d\u00e9couvrir d&rsquo;autres langues, d&rsquo;autres m\u00e9thodes d&rsquo;apprentissage et d&rsquo;autres cultures dans le domaine de la gestion et de l&rsquo;\u00e9conomie.<\/p>\n<p>L&rsquo;apport de ces s\u00e9jours est incontestable pour l&rsquo;apprentissage des langues. Ils offrent par ailleurs une meilleure connaissance des march\u00e9s \u00e9trangers vers lesquels les futurs gestionnaires pourront s&rsquo;orienter.<\/p>\n<h4>La promotion de la r\u00e9ussite<\/h4>\n<p>Mais la qualit\u00e9 de la formation ne dispense cependant pas de la rendre durablement accessible au plus grand nombre. La Facult\u00e9 Warocqu\u00e9 s&rsquo;est engag\u00e9e fermement \u00e0 lutter contre l&rsquo;\u00e9chec et l&rsquo;abandon et, par cons\u00e9quent, \u00e0 promouvoir la r\u00e9ussite. Elle a engag\u00e9, \u00e0 cette fin, des moyens humains importants.<\/p>\n<p>La dimension humaine de la Facult\u00e9 Warocqu\u00e9 a toujours favoris\u00e9 les contacts fructueux entre les \u00e9tudiants et les membres du personnel, enseignants ou assistants. S&rsquo;y ajoutant, d\u00e9sormais, trois proc\u00e9dures document\u00e9es qui r\u00e8glent la participation aux s\u00e9ances de rem\u00e9diation, le monitorat et le tutorat entre pairs.<\/p>\n<p>Chaque \u00e9tudiant de premi\u00e8re bachelier b\u00e9n\u00e9ficie individuellement des conseils d&rsquo;un moniteur, d\u00e9sign\u00e9 parmi les enseignants de ce niveau et aupr\u00e8s duquel il pourra obtenir toutes les informations qu&rsquo;il juge utiles \u00e0 son int\u00e9gration et \u00e0 sa r\u00e9ussite. Enfin, les \u00e9tudiants du premier bloc de bachelier b\u00e9n\u00e9ficient \u00e9galement du tutorat entre pairs, c&rsquo;est-\u00e0-dire des conseils et de l&rsquo;aide d&rsquo;\u00e9tudiants de fin de bachelier, dont l&rsquo;exp\u00e9rience constitue un puissant facteur d&rsquo;int\u00e9gration et de r\u00e9ussite.<\/p>\n<p>Par la mise en place de l\u2019ensemble de ces objectifs au sein d\u2019un syst\u00e8me de management de la qualit\u00e9, la FWEG poursuit sa d\u00e9marche d\u2019am\u00e9lioration permanente dans le but d\u2019offrir aux \u00e9tudiants une formation encore mieux adapt\u00e9e \u00e0 leurs besoins.<\/p>\n<hr \/>\n<h5><strong>Contact\u00a0: <\/strong><\/h5>\n<p><strong>Cellule Qualit\u00e9<\/strong><\/p>\n<p><strong>Romina Giuliano<\/strong> \u2013 Responsable Pilotage et\u00a0Qualit\u00e9<br \/>\n<a href=\"mailto:romina.giuliano@umons.ac.be\">romina.giuliano@umons.ac.be<\/a><\/p>\n<p><strong>Giuseppe Livera<\/strong>\u00a0\u2013 Assistant de la\u00a0responsable Pilotage et\u00a0Qualit\u00e9<br \/>\n<a href=\"mailto:yacin.amara@umons.ac.be\">giuseppe.livera@umons.ac.be<\/a><\/p>\n","protected":false},"excerpt":{"rendered":"<p>Warocqu\u00e9 ISO : La qualit\u00e9, une pr\u00e9occupation de toujours La certification ISO, une premi\u00e8re en Communaut\u00e9 fran\u00e7aise Cr\u00e9\u00e9e en 1899 par des entrepreneurs hainuyers, la Facult\u00e9 Warocqu\u00e9 a, tout au long de son histoire, form\u00e9 des gestionnaires capables de s&rsquo;ins\u00e9rer dans la soci\u00e9t\u00e9 de leur \u00e9poque et d&rsquo;y d\u00e9velopper l&rsquo;activit\u00e9 productive tant en Belgique qu&rsquo;\u00e0 [&hellip;]<\/p>\n","protected":false},"author":2,"featured_media":0,"parent":601,"menu_order":9,"comment_status":"closed","ping_status":"closed","template":"","meta":{"footnotes":""},"class_list":["post-13","page","type-page","status-publish","hentry"],"yoast_head":"<!-- This site is optimized with the Yoast SEO plugin v27.2 - https:\/\/yoast.com\/product\/yoast-seo-wordpress\/ -->\n<title>La d\u00e9marche qualit\u00e9 de la Facult\u00e9 Warocqu\u00e9 (ISO) - Facult\u00e9 \/ FWEG<\/title>\n<meta name=\"robots\" content=\"index, follow, max-snippet:-1, max-image-preview:large, max-video-preview:-1\" \/>\n<link rel=\"canonical\" href=\"https:\/\/web.umons.ac.be\/fweg\/fr\/etudes\/la-demarche-qualite-de-la-faculte-warocque-iso\/\" \/>\n<meta property=\"og:locale\" content=\"fr_FR\" \/>\n<meta property=\"og:type\" content=\"article\" \/>\n<meta property=\"og:title\" content=\"La d\u00e9marche qualit\u00e9 de la Facult\u00e9 Warocqu\u00e9 (ISO) - Facult\u00e9 \/ FWEG\" \/>\n<meta property=\"og:description\" content=\"Warocqu\u00e9 ISO : La qualit\u00e9, une pr\u00e9occupation de toujours La certification ISO, une premi\u00e8re en Communaut\u00e9 fran\u00e7aise Cr\u00e9\u00e9e en 1899 par des entrepreneurs hainuyers, la Facult\u00e9 Warocqu\u00e9 a, tout au long de son histoire, form\u00e9 des gestionnaires capables de s&rsquo;ins\u00e9rer dans la soci\u00e9t\u00e9 de leur \u00e9poque et d&rsquo;y d\u00e9velopper l&rsquo;activit\u00e9 productive tant en Belgique qu&rsquo;\u00e0 [&hellip;]\" \/>\n<meta property=\"og:url\" content=\"https:\/\/web.umons.ac.be\/fweg\/fr\/etudes\/la-demarche-qualite-de-la-faculte-warocque-iso\/\" \/>\n<meta property=\"og:site_name\" content=\"Facult\u00e9 \/ FWEG\" \/>\n<meta property=\"article:modified_time\" content=\"2024-04-08T08:32:57+00:00\" \/>\n<meta name=\"twitter:card\" content=\"summary_large_image\" \/>\n<meta name=\"twitter:label1\" content=\"Dur\u00e9e de lecture estim\u00e9e\" \/>\n\t<meta name=\"twitter:data1\" content=\"6 minutes\" \/>\n<script type=\"application\/ld+json\" class=\"yoast-schema-graph\">{\"@context\":\"https:\/\/schema.org\",\"@graph\":[{\"@type\":\"WebPage\",\"@id\":\"https:\/\/web.umons.ac.be\/fweg\/fr\/etudes\/la-demarche-qualite-de-la-faculte-warocque-iso\/\",\"url\":\"https:\/\/web.umons.ac.be\/fweg\/fr\/etudes\/la-demarche-qualite-de-la-faculte-warocque-iso\/\",\"name\":\"La d\u00e9marche qualit\u00e9 de la Facult\u00e9 Warocqu\u00e9 (ISO) - Facult\u00e9 \/ FWEG\",\"isPartOf\":{\"@id\":\"https:\/\/web.umons.ac.be\/fweg\/#website\"},\"datePublished\":\"2017-05-17T15:05:02+00:00\",\"dateModified\":\"2024-04-08T08:32:57+00:00\",\"breadcrumb\":{\"@id\":\"https:\/\/web.umons.ac.be\/fweg\/fr\/etudes\/la-demarche-qualite-de-la-faculte-warocque-iso\/#breadcrumb\"},\"inLanguage\":\"fr-FR\",\"potentialAction\":[{\"@type\":\"ReadAction\",\"target\":[\"https:\/\/web.umons.ac.be\/fweg\/fr\/etudes\/la-demarche-qualite-de-la-faculte-warocque-iso\/\"]}]},{\"@type\":\"BreadcrumbList\",\"@id\":\"https:\/\/web.umons.ac.be\/fweg\/fr\/etudes\/la-demarche-qualite-de-la-faculte-warocque-iso\/#breadcrumb\",\"itemListElement\":[{\"@type\":\"ListItem\",\"position\":1,\"name\":\"Accueil\",\"item\":\"https:\/\/web.umons.ac.be\/fweg\/fr\/\"},{\"@type\":\"ListItem\",\"position\":2,\"name\":\"Etudes\",\"item\":\"https:\/\/web.umons.ac.be\/fweg\/fr\/etudes\/\"},{\"@type\":\"ListItem\",\"position\":3,\"name\":\"La d\u00e9marche qualit\u00e9 de la Facult\u00e9 Warocqu\u00e9 (ISO)\"}]},{\"@type\":\"WebSite\",\"@id\":\"https:\/\/web.umons.ac.be\/fweg\/#website\",\"url\":\"https:\/\/web.umons.ac.be\/fweg\/\",\"name\":\"Facult\u00e9 \/ FWEG\",\"description\":\"\",\"potentialAction\":[{\"@type\":\"SearchAction\",\"target\":{\"@type\":\"EntryPoint\",\"urlTemplate\":\"https:\/\/web.umons.ac.be\/fweg\/?s={search_term_string}\"},\"query-input\":{\"@type\":\"PropertyValueSpecification\",\"valueRequired\":true,\"valueName\":\"search_term_string\"}}],\"inLanguage\":\"fr-FR\"}]}<\/script>\n<!-- \/ Yoast SEO plugin. -->","yoast_head_json":{"title":"La d\u00e9marche qualit\u00e9 de la Facult\u00e9 Warocqu\u00e9 (ISO) - Facult\u00e9 \/ FWEG","robots":{"index":"index","follow":"follow","max-snippet":"max-snippet:-1","max-image-preview":"max-image-preview:large","max-video-preview":"max-video-preview:-1"},"canonical":"https:\/\/web.umons.ac.be\/fweg\/fr\/etudes\/la-demarche-qualite-de-la-faculte-warocque-iso\/","og_locale":"fr_FR","og_type":"article","og_title":"La d\u00e9marche qualit\u00e9 de la Facult\u00e9 Warocqu\u00e9 (ISO) - Facult\u00e9 \/ FWEG","og_description":"Warocqu\u00e9 ISO : La qualit\u00e9, une pr\u00e9occupation de toujours La certification ISO, une premi\u00e8re en Communaut\u00e9 fran\u00e7aise Cr\u00e9\u00e9e en 1899 par des entrepreneurs hainuyers, la Facult\u00e9 Warocqu\u00e9 a, tout au long de son histoire, form\u00e9 des gestionnaires capables de s&rsquo;ins\u00e9rer dans la soci\u00e9t\u00e9 de leur \u00e9poque et d&rsquo;y d\u00e9velopper l&rsquo;activit\u00e9 productive tant en Belgique qu&rsquo;\u00e0 [&hellip;]","og_url":"https:\/\/web.umons.ac.be\/fweg\/fr\/etudes\/la-demarche-qualite-de-la-faculte-warocque-iso\/","og_site_name":"Facult\u00e9 \/ FWEG","article_modified_time":"2024-04-08T08:32:57+00:00","twitter_card":"summary_large_image","twitter_misc":{"Dur\u00e9e de lecture estim\u00e9e":"6 minutes"},"schema":{"@context":"https:\/\/schema.org","@graph":[{"@type":"WebPage","@id":"https:\/\/web.umons.ac.be\/fweg\/fr\/etudes\/la-demarche-qualite-de-la-faculte-warocque-iso\/","url":"https:\/\/web.umons.ac.be\/fweg\/fr\/etudes\/la-demarche-qualite-de-la-faculte-warocque-iso\/","name":"La d\u00e9marche qualit\u00e9 de la Facult\u00e9 Warocqu\u00e9 (ISO) - Facult\u00e9 \/ FWEG","isPartOf":{"@id":"https:\/\/web.umons.ac.be\/fweg\/#website"},"datePublished":"2017-05-17T15:05:02+00:00","dateModified":"2024-04-08T08:32:57+00:00","breadcrumb":{"@id":"https:\/\/web.umons.ac.be\/fweg\/fr\/etudes\/la-demarche-qualite-de-la-faculte-warocque-iso\/#breadcrumb"},"inLanguage":"fr-FR","potentialAction":[{"@type":"ReadAction","target":["https:\/\/web.umons.ac.be\/fweg\/fr\/etudes\/la-demarche-qualite-de-la-faculte-warocque-iso\/"]}]},{"@type":"BreadcrumbList","@id":"https:\/\/web.umons.ac.be\/fweg\/fr\/etudes\/la-demarche-qualite-de-la-faculte-warocque-iso\/#breadcrumb","itemListElement":[{"@type":"ListItem","position":1,"name":"Accueil","item":"https:\/\/web.umons.ac.be\/fweg\/fr\/"},{"@type":"ListItem","position":2,"name":"Etudes","item":"https:\/\/web.umons.ac.be\/fweg\/fr\/etudes\/"},{"@type":"ListItem","position":3,"name":"La d\u00e9marche qualit\u00e9 de la Facult\u00e9 Warocqu\u00e9 (ISO)"}]},{"@type":"WebSite","@id":"https:\/\/web.umons.ac.be\/fweg\/#website","url":"https:\/\/web.umons.ac.be\/fweg\/","name":"Facult\u00e9 \/ FWEG","description":"","potentialAction":[{"@type":"SearchAction","target":{"@type":"EntryPoint","urlTemplate":"https:\/\/web.umons.ac.be\/fweg\/?s={search_term_string}"},"query-input":{"@type":"PropertyValueSpecification","valueRequired":true,"valueName":"search_term_string"}}],"inLanguage":"fr-FR"}]}},"lang":"fr","translations":{"fr":13,"en":649},"pll_sync_post":[],"_links":{"self":[{"href":"https:\/\/web.umons.ac.be\/fweg\/wp-json\/wp\/v2\/pages\/13","targetHints":{"allow":["GET"]}}],"collection":[{"href":"https:\/\/web.umons.ac.be\/fweg\/wp-json\/wp\/v2\/pages"}],"about":[{"href":"https:\/\/web.umons.ac.be\/fweg\/wp-json\/wp\/v2\/types\/page"}],"author":[{"embeddable":true,"href":"https:\/\/web.umons.ac.be\/fweg\/wp-json\/wp\/v2\/users\/2"}],"replies":[{"embeddable":true,"href":"https:\/\/web.umons.ac.be\/fweg\/wp-json\/wp\/v2\/comments?post=13"}],"version-history":[{"count":4,"href":"https:\/\/web.umons.ac.be\/fweg\/wp-json\/wp\/v2\/pages\/13\/revisions"}],"predecessor-version":[{"id":2210,"href":"https:\/\/web.umons.ac.be\/fweg\/wp-json\/wp\/v2\/pages\/13\/revisions\/2210"}],"up":[{"embeddable":true,"href":"https:\/\/web.umons.ac.be\/fweg\/wp-json\/wp\/v2\/pages\/601"}],"wp:attachment":[{"href":"https:\/\/web.umons.ac.be\/fweg\/wp-json\/wp\/v2\/media?parent=13"}],"curies":[{"name":"wp","href":"https:\/\/api.w.org\/{rel}","templated":true}]}}