{"id":1344,"date":"2019-04-09T11:58:14","date_gmt":"2019-04-09T09:58:14","guid":{"rendered":"https:\/\/web.umons.ac.be\/fweg\/?page_id=1344"},"modified":"2024-02-26T16:15:51","modified_gmt":"2024-02-26T15:15:51","slug":"stage-et-memoire","status":"publish","type":"page","link":"https:\/\/web.umons.ac.be\/fweg\/fr\/etudes\/stage-et-memoire\/","title":{"rendered":"Stage et M\u00e9moire"},"content":{"rendered":"<p>Les \u00e9tudiants de la Facult\u00e9 Warocqu\u00e9 d\u2019Economie et de Gestion (Sciences de gestion et Ing\u00e9nieur de gestion) r\u00e9alisent leur stage et leur m\u00e9moire durant leur ann\u00e9e de 2<sup>\u00e8me<\/sup> Master.<\/p>\n<h2>Stage<\/h2>\n<p>Les \u00e9tudiants r\u00e9alisant un Master en 120 cr\u00e9dits \u00e0 la FWEG doivent effectuer un stage en entreprise. Ce stage s\u2019effectue au cours de la derni\u00e8re ann\u00e9e de Master. La FWEG a lib\u00e9r\u00e9 tout le deuxi\u00e8me quadrimestre de la derni\u00e8re ann\u00e9e afin que les \u00e9tudiants puissent se consacrer pleinement \u00e0 leur stage mais \u00e9galement parce que l\u2019on consid\u00e8re que cette p\u00e9riode constitue un premier pas vers l\u2019emploi et facilite ensuite l\u2019insertion professionnelle.<\/p>\n<p>La dur\u00e9e du stage est de minimum 10 semaines si l\u2019\u00e9tudiant r\u00e9alise son stage en Belgique et de minimum 6 semaines s\u2019il l\u2019effectue \u00e0 l\u2019\u00e9tranger. L\u2019\u00e9tudiant choisit l\u2019entreprise dans laquelle il souhaite faire son stage en accord avec le responsable acad\u00e9mique des stages. Ce stage peut s\u2019effectuer dans le public ou dans le priv\u00e9 dans n\u2019importe quel domaine en lien avec leur domaine d\u2019\u00e9tudes.<\/p>\n<p>Les \u00e9tudiants sont tenus de respecter les d\u00e9lais impos\u00e9s pour le choix du stage et pour la remise du rapport de stage. Deux personnes g\u00e8rent les stages au sein de la facult\u00e9\u00a0: le responsable acad\u00e9mique des stages et le responsable administratif des stages. Ils sont joignables sur cette adresse mail commune\u00a0: <a href=\"mailto:stages.warocque@umons.ac.be\">stages.warocque@umons.ac.be<\/a><\/p>\n<h2>Projet personnel\/transversal<\/h2>\n<p><em>Concerne les \u00e9tudiants en Master politique \u00e9conomique et sociale \u00e0 finalit\u00e9 sp\u00e9cialis\u00e9e, en Sciences de Gestion \u00e0 finalit\u00e9 sp\u00e9cialis\u00e9e en management et strat\u00e9gie \u00e0 Charleroi-horaire d\u00e9cal\u00e9. <\/em><\/p>\n<p>Le projet personnel est un travail d\u2019analyse de l\u2019entreprise employeur sous l\u2019angle d\u2019une des mati\u00e8res. Il remplace le stage pour les \u00e9tudiants engag\u00e9s dans la vie professionnelle.<\/p>\n<h2>M\u00e9moire \/ Travail de Fin d&rsquo;Etudes (TFE)<\/h2>\n<p>Les m\u00e9moires des \u00e9tudiants de la FWEG sont r\u00e9alis\u00e9s lors de la derni\u00e8re ann\u00e9e acad\u00e9mique de Master. Ils ne sont pas obligatoirement li\u00e9s aux stages.<\/p>\n<h2 class=\"LC20lb MBeuO DKV0Md\">Entreprise \u00e0 la recherche d&rsquo;un.e stagiaire?<\/h2>\n<pre>Vous travaillez dans une entreprise et vous souhaiteriez accueillir des \u00e9tudiants de la FWEG en stage ? Nous pouvons communiquer votre offre aux \u00e9tudiants ! Envoyez-nous ce <a href=\"https:\/\/web.umons.ac.be\/app\/uploads\/sites\/9\/2024\/02\/Canevas-offre-stage.docx\">document<\/a>\u00a0via <a href=\"mailto:stages.warocque@umons.ac.be\">stages.warocque@umons.ac.be<\/a><strong> ou veuillez compl\u00e9ter <u>la version \u00e9lectronique<\/u> via <a href=\"https:\/\/forms.office.com\/Pages\/ResponsePage.aspx?id=ne2LSKfW1Ui6H-vsOCOzV9W_R3xLZPVIheJI6epLd4VUOUVFUVFSNU9OUDc5UEpSMUxCRkJSNDlFQi4u\">ce lien<\/a><\/strong>.<\/pre>\n","protected":false},"excerpt":{"rendered":"<p>Les \u00e9tudiants de la Facult\u00e9 Warocqu\u00e9 d\u2019Economie et de Gestion (Sciences de gestion et Ing\u00e9nieur de gestion) r\u00e9alisent leur stage et leur m\u00e9moire durant leur ann\u00e9e de 2\u00e8me Master. Stage Les \u00e9tudiants r\u00e9alisant un Master en 120 cr\u00e9dits \u00e0 la FWEG doivent effectuer un stage en entreprise. Ce stage s\u2019effectue au cours de la derni\u00e8re [&hellip;]<\/p>\n","protected":false},"author":2,"featured_media":0,"parent":601,"menu_order":5,"comment_status":"closed","ping_status":"closed","template":"","meta":{"footnotes":""},"class_list":["post-1344","page","type-page","status-publish","hentry"],"yoast_head":"<!-- This site is optimized with the Yoast SEO plugin v27.2 - https:\/\/yoast.com\/product\/yoast-seo-wordpress\/ -->\n<title>Stage et M\u00e9moire - Facult\u00e9 \/ FWEG<\/title>\n<meta name=\"robots\" content=\"index, follow, max-snippet:-1, max-image-preview:large, max-video-preview:-1\" \/>\n<link rel=\"canonical\" href=\"https:\/\/web.umons.ac.be\/fweg\/fr\/etudes\/stage-et-memoire\/\" \/>\n<meta property=\"og:locale\" content=\"fr_FR\" \/>\n<meta property=\"og:type\" content=\"article\" \/>\n<meta property=\"og:title\" content=\"Stage et M\u00e9moire - Facult\u00e9 \/ FWEG\" \/>\n<meta property=\"og:description\" content=\"Les \u00e9tudiants de la Facult\u00e9 Warocqu\u00e9 d\u2019Economie et de Gestion (Sciences de gestion et Ing\u00e9nieur de gestion) r\u00e9alisent leur stage et leur m\u00e9moire durant leur ann\u00e9e de 2\u00e8me Master. Stage Les \u00e9tudiants r\u00e9alisant un Master en 120 cr\u00e9dits \u00e0 la FWEG doivent effectuer un stage en entreprise. Ce stage s\u2019effectue au cours de la derni\u00e8re [&hellip;]\" \/>\n<meta property=\"og:url\" content=\"https:\/\/web.umons.ac.be\/fweg\/fr\/etudes\/stage-et-memoire\/\" \/>\n<meta property=\"og:site_name\" content=\"Facult\u00e9 \/ FWEG\" \/>\n<meta property=\"article:modified_time\" content=\"2024-02-26T15:15:51+00:00\" \/>\n<meta name=\"twitter:card\" content=\"summary_large_image\" \/>\n<meta name=\"twitter:label1\" content=\"Dur\u00e9e de lecture estim\u00e9e\" \/>\n\t<meta name=\"twitter:data1\" content=\"2 minutes\" \/>\n<script type=\"application\/ld+json\" class=\"yoast-schema-graph\">{\"@context\":\"https:\/\/schema.org\",\"@graph\":[{\"@type\":\"WebPage\",\"@id\":\"https:\/\/web.umons.ac.be\/fweg\/fr\/etudes\/stage-et-memoire\/\",\"url\":\"https:\/\/web.umons.ac.be\/fweg\/fr\/etudes\/stage-et-memoire\/\",\"name\":\"Stage et M\u00e9moire - Facult\u00e9 \/ FWEG\",\"isPartOf\":{\"@id\":\"https:\/\/web.umons.ac.be\/fweg\/#website\"},\"datePublished\":\"2019-04-09T09:58:14+00:00\",\"dateModified\":\"2024-02-26T15:15:51+00:00\",\"breadcrumb\":{\"@id\":\"https:\/\/web.umons.ac.be\/fweg\/fr\/etudes\/stage-et-memoire\/#breadcrumb\"},\"inLanguage\":\"fr-FR\",\"potentialAction\":[{\"@type\":\"ReadAction\",\"target\":[\"https:\/\/web.umons.ac.be\/fweg\/fr\/etudes\/stage-et-memoire\/\"]}]},{\"@type\":\"BreadcrumbList\",\"@id\":\"https:\/\/web.umons.ac.be\/fweg\/fr\/etudes\/stage-et-memoire\/#breadcrumb\",\"itemListElement\":[{\"@type\":\"ListItem\",\"position\":1,\"name\":\"Accueil\",\"item\":\"https:\/\/web.umons.ac.be\/fweg\/fr\/\"},{\"@type\":\"ListItem\",\"position\":2,\"name\":\"Etudes\",\"item\":\"https:\/\/web.umons.ac.be\/fweg\/fr\/etudes\/\"},{\"@type\":\"ListItem\",\"position\":3,\"name\":\"Stage et M\u00e9moire\"}]},{\"@type\":\"WebSite\",\"@id\":\"https:\/\/web.umons.ac.be\/fweg\/#website\",\"url\":\"https:\/\/web.umons.ac.be\/fweg\/\",\"name\":\"Facult\u00e9 \/ FWEG\",\"description\":\"\",\"potentialAction\":[{\"@type\":\"SearchAction\",\"target\":{\"@type\":\"EntryPoint\",\"urlTemplate\":\"https:\/\/web.umons.ac.be\/fweg\/?s={search_term_string}\"},\"query-input\":{\"@type\":\"PropertyValueSpecification\",\"valueRequired\":true,\"valueName\":\"search_term_string\"}}],\"inLanguage\":\"fr-FR\"}]}<\/script>\n<!-- \/ Yoast SEO plugin. -->","yoast_head_json":{"title":"Stage et M\u00e9moire - Facult\u00e9 \/ FWEG","robots":{"index":"index","follow":"follow","max-snippet":"max-snippet:-1","max-image-preview":"max-image-preview:large","max-video-preview":"max-video-preview:-1"},"canonical":"https:\/\/web.umons.ac.be\/fweg\/fr\/etudes\/stage-et-memoire\/","og_locale":"fr_FR","og_type":"article","og_title":"Stage et M\u00e9moire - Facult\u00e9 \/ FWEG","og_description":"Les \u00e9tudiants de la Facult\u00e9 Warocqu\u00e9 d\u2019Economie et de Gestion (Sciences de gestion et Ing\u00e9nieur de gestion) r\u00e9alisent leur stage et leur m\u00e9moire durant leur ann\u00e9e de 2\u00e8me Master. Stage Les \u00e9tudiants r\u00e9alisant un Master en 120 cr\u00e9dits \u00e0 la FWEG doivent effectuer un stage en entreprise. Ce stage s\u2019effectue au cours de la derni\u00e8re [&hellip;]","og_url":"https:\/\/web.umons.ac.be\/fweg\/fr\/etudes\/stage-et-memoire\/","og_site_name":"Facult\u00e9 \/ FWEG","article_modified_time":"2024-02-26T15:15:51+00:00","twitter_card":"summary_large_image","twitter_misc":{"Dur\u00e9e de lecture estim\u00e9e":"2 minutes"},"schema":{"@context":"https:\/\/schema.org","@graph":[{"@type":"WebPage","@id":"https:\/\/web.umons.ac.be\/fweg\/fr\/etudes\/stage-et-memoire\/","url":"https:\/\/web.umons.ac.be\/fweg\/fr\/etudes\/stage-et-memoire\/","name":"Stage et M\u00e9moire - Facult\u00e9 \/ FWEG","isPartOf":{"@id":"https:\/\/web.umons.ac.be\/fweg\/#website"},"datePublished":"2019-04-09T09:58:14+00:00","dateModified":"2024-02-26T15:15:51+00:00","breadcrumb":{"@id":"https:\/\/web.umons.ac.be\/fweg\/fr\/etudes\/stage-et-memoire\/#breadcrumb"},"inLanguage":"fr-FR","potentialAction":[{"@type":"ReadAction","target":["https:\/\/web.umons.ac.be\/fweg\/fr\/etudes\/stage-et-memoire\/"]}]},{"@type":"BreadcrumbList","@id":"https:\/\/web.umons.ac.be\/fweg\/fr\/etudes\/stage-et-memoire\/#breadcrumb","itemListElement":[{"@type":"ListItem","position":1,"name":"Accueil","item":"https:\/\/web.umons.ac.be\/fweg\/fr\/"},{"@type":"ListItem","position":2,"name":"Etudes","item":"https:\/\/web.umons.ac.be\/fweg\/fr\/etudes\/"},{"@type":"ListItem","position":3,"name":"Stage et M\u00e9moire"}]},{"@type":"WebSite","@id":"https:\/\/web.umons.ac.be\/fweg\/#website","url":"https:\/\/web.umons.ac.be\/fweg\/","name":"Facult\u00e9 \/ FWEG","description":"","potentialAction":[{"@type":"SearchAction","target":{"@type":"EntryPoint","urlTemplate":"https:\/\/web.umons.ac.be\/fweg\/?s={search_term_string}"},"query-input":{"@type":"PropertyValueSpecification","valueRequired":true,"valueName":"search_term_string"}}],"inLanguage":"fr-FR"}]}},"lang":"fr","translations":{"fr":1344},"pll_sync_post":[],"_links":{"self":[{"href":"https:\/\/web.umons.ac.be\/fweg\/wp-json\/wp\/v2\/pages\/1344","targetHints":{"allow":["GET"]}}],"collection":[{"href":"https:\/\/web.umons.ac.be\/fweg\/wp-json\/wp\/v2\/pages"}],"about":[{"href":"https:\/\/web.umons.ac.be\/fweg\/wp-json\/wp\/v2\/types\/page"}],"author":[{"embeddable":true,"href":"https:\/\/web.umons.ac.be\/fweg\/wp-json\/wp\/v2\/users\/2"}],"replies":[{"embeddable":true,"href":"https:\/\/web.umons.ac.be\/fweg\/wp-json\/wp\/v2\/comments?post=1344"}],"version-history":[{"count":4,"href":"https:\/\/web.umons.ac.be\/fweg\/wp-json\/wp\/v2\/pages\/1344\/revisions"}],"predecessor-version":[{"id":2206,"href":"https:\/\/web.umons.ac.be\/fweg\/wp-json\/wp\/v2\/pages\/1344\/revisions\/2206"}],"up":[{"embeddable":true,"href":"https:\/\/web.umons.ac.be\/fweg\/wp-json\/wp\/v2\/pages\/601"}],"wp:attachment":[{"href":"https:\/\/web.umons.ac.be\/fweg\/wp-json\/wp\/v2\/media?parent=1344"}],"curies":[{"name":"wp","href":"https:\/\/api.w.org\/{rel}","templated":true}]}}