{"id":135,"date":"2017-06-29T15:19:45","date_gmt":"2017-06-29T13:19:45","guid":{"rendered":"https:\/\/web.umons.ac.be\/fweg\/?page_id=135"},"modified":"2023-02-17T15:56:39","modified_gmt":"2023-02-17T14:56:39","slug":"offre-de-formation","status":"publish","type":"page","link":"https:\/\/web.umons.ac.be\/fweg\/fr\/offre-de-formation\/","title":{"rendered":"L&rsquo;offre de formation"},"content":{"rendered":"<h4>La FWEG organise \u00e0 Mons les \u00e9tudes suivantes\u00a0:<\/h4>\n<p><img loading=\"lazy\" decoding=\"async\" class=\"aligncenter wp-image-2037 size-large\" src=\"https:\/\/web.umons.ac.be\/app\/uploads\/sites\/9\/2023\/02\/formattions-mons-1024x287.png\" alt=\"\" width=\"1024\" height=\"287\" srcset=\"https:\/\/web.umons.ac.be\/app\/uploads\/sites\/9\/2023\/02\/formattions-mons-1024x287.png 1024w, https:\/\/web.umons.ac.be\/app\/uploads\/sites\/9\/2023\/02\/formattions-mons-300x84.png 300w, https:\/\/web.umons.ac.be\/app\/uploads\/sites\/9\/2023\/02\/formattions-mons-768x215.png 768w, https:\/\/web.umons.ac.be\/app\/uploads\/sites\/9\/2023\/02\/formattions-mons-1536x431.png 1536w, https:\/\/web.umons.ac.be\/app\/uploads\/sites\/9\/2023\/02\/formattions-mons-2048x574.png 2048w, https:\/\/web.umons.ac.be\/app\/uploads\/sites\/9\/2023\/02\/formattions-mons-1600x449.png 1600w, https:\/\/web.umons.ac.be\/app\/uploads\/sites\/9\/2023\/02\/formattions-mons-30x8.png 30w, https:\/\/web.umons.ac.be\/app\/uploads\/sites\/9\/2023\/02\/formattions-mons-60x17.png 60w, https:\/\/web.umons.ac.be\/app\/uploads\/sites\/9\/2023\/02\/formattions-mons-360x101.png 360w\" sizes=\"auto, (max-width: 1024px) 100vw, 1024px\" \/><\/p>\n<p>&nbsp;<\/p>\n<h4>La FWEG organise \u00e0 Charleroi les \u00e9tudes suivantes :<\/h4>\n<p><img loading=\"lazy\" decoding=\"async\" class=\"aligncenter size-large wp-image-756\" src=\"https:\/\/web.umons.ac.be\/app\/uploads\/sites\/9\/2017\/06\/FWEG_CHARLEROI-1024x340.jpg\" alt=\"\" width=\"1024\" height=\"340\" srcset=\"https:\/\/web.umons.ac.be\/app\/uploads\/sites\/9\/2017\/06\/FWEG_CHARLEROI-1024x340.jpg 1024w, https:\/\/web.umons.ac.be\/app\/uploads\/sites\/9\/2017\/06\/FWEG_CHARLEROI-300x100.jpg 300w, https:\/\/web.umons.ac.be\/app\/uploads\/sites\/9\/2017\/06\/FWEG_CHARLEROI-768x255.jpg 768w, https:\/\/web.umons.ac.be\/app\/uploads\/sites\/9\/2017\/06\/FWEG_CHARLEROI-30x10.jpg 30w, https:\/\/web.umons.ac.be\/app\/uploads\/sites\/9\/2017\/06\/FWEG_CHARLEROI-60x20.jpg 60w, https:\/\/web.umons.ac.be\/app\/uploads\/sites\/9\/2017\/06\/FWEG_CHARLEROI-360x120.jpg 360w, https:\/\/web.umons.ac.be\/app\/uploads\/sites\/9\/2017\/06\/FWEG_CHARLEROI.jpg 1457w\" sizes=\"auto, (max-width: 1024px) 100vw, 1024px\" \/><\/p>\n<p>Toutes les informations utiles sur les formations de la Facult\u00e9 Warocqu\u00e9 se trouvent dans la brochure suivante\u00a0:<\/p>\n<div style=\"text-align: center\">\n<div style=\"text-align: center\"><\/div>\n<\/div>\n","protected":false},"excerpt":{"rendered":"<p>La FWEG organise \u00e0 Mons les \u00e9tudes suivantes\u00a0: &nbsp; La FWEG organise \u00e0 Charleroi les \u00e9tudes suivantes : Toutes les informations utiles sur les formations de la Facult\u00e9 Warocqu\u00e9 se trouvent dans la brochure suivante\u00a0:<\/p>\n","protected":false},"author":2,"featured_media":0,"parent":0,"menu_order":3,"comment_status":"closed","ping_status":"closed","template":"","meta":{"footnotes":""},"class_list":["post-135","page","type-page","status-publish","hentry"],"yoast_head":"<!-- This site is optimized with the Yoast SEO plugin v27.2 - https:\/\/yoast.com\/product\/yoast-seo-wordpress\/ -->\n<title>L\\&#039;offre de formation - Facult\u00e9 \/ FWEG<\/title>\n<meta name=\"robots\" content=\"index, follow, max-snippet:-1, max-image-preview:large, max-video-preview:-1\" \/>\n<link rel=\"canonical\" href=\"https:\/\/web.umons.ac.be\/fweg\/fr\/offre-de-formation\/\" \/>\n<meta property=\"og:locale\" content=\"fr_FR\" \/>\n<meta property=\"og:type\" content=\"article\" \/>\n<meta property=\"og:title\" content=\"L\\&#039;offre de formation - Facult\u00e9 \/ FWEG\" \/>\n<meta property=\"og:description\" content=\"La FWEG organise \u00e0 Mons les \u00e9tudes suivantes\u00a0: &nbsp; La FWEG organise \u00e0 Charleroi les \u00e9tudes suivantes : Toutes les informations utiles sur les formations de la Facult\u00e9 Warocqu\u00e9 se trouvent dans la brochure suivante\u00a0:\" \/>\n<meta property=\"og:url\" content=\"https:\/\/web.umons.ac.be\/fweg\/fr\/offre-de-formation\/\" \/>\n<meta property=\"og:site_name\" content=\"Facult\u00e9 \/ FWEG\" \/>\n<meta property=\"article:modified_time\" content=\"2023-02-17T14:56:39+00:00\" \/>\n<meta property=\"og:image\" content=\"https:\/\/web.umons.ac.be\/app\/uploads\/sites\/9\/2023\/02\/formattions-mons-1024x287.png\" \/>\n<meta name=\"twitter:card\" content=\"summary_large_image\" \/>\n<meta name=\"twitter:label1\" content=\"Dur\u00e9e de lecture estim\u00e9e\" \/>\n\t<meta name=\"twitter:data1\" content=\"1 minute\" \/>\n<script type=\"application\/ld+json\" class=\"yoast-schema-graph\">{\"@context\":\"https:\/\/schema.org\",\"@graph\":[{\"@type\":\"WebPage\",\"@id\":\"https:\/\/web.umons.ac.be\/fweg\/fr\/offre-de-formation\/\",\"url\":\"https:\/\/web.umons.ac.be\/fweg\/fr\/offre-de-formation\/\",\"name\":\"L\\\\'offre de formation - Facult\u00e9 \/ FWEG\",\"isPartOf\":{\"@id\":\"https:\/\/web.umons.ac.be\/fweg\/#website\"},\"primaryImageOfPage\":{\"@id\":\"https:\/\/web.umons.ac.be\/fweg\/fr\/offre-de-formation\/#primaryimage\"},\"image\":{\"@id\":\"https:\/\/web.umons.ac.be\/fweg\/fr\/offre-de-formation\/#primaryimage\"},\"thumbnailUrl\":\"https:\/\/web.umons.ac.be\/app\/uploads\/sites\/9\/2023\/02\/formattions-mons-1024x287.png\",\"datePublished\":\"2017-06-29T13:19:45+00:00\",\"dateModified\":\"2023-02-17T14:56:39+00:00\",\"breadcrumb\":{\"@id\":\"https:\/\/web.umons.ac.be\/fweg\/fr\/offre-de-formation\/#breadcrumb\"},\"inLanguage\":\"fr-FR\",\"potentialAction\":[{\"@type\":\"ReadAction\",\"target\":[\"https:\/\/web.umons.ac.be\/fweg\/fr\/offre-de-formation\/\"]}]},{\"@type\":\"ImageObject\",\"inLanguage\":\"fr-FR\",\"@id\":\"https:\/\/web.umons.ac.be\/fweg\/fr\/offre-de-formation\/#primaryimage\",\"url\":\"https:\/\/web.umons.ac.be\/app\/uploads\/sites\/9\/2023\/02\/formattions-mons-1024x287.png\",\"contentUrl\":\"https:\/\/web.umons.ac.be\/app\/uploads\/sites\/9\/2023\/02\/formattions-mons-1024x287.png\"},{\"@type\":\"BreadcrumbList\",\"@id\":\"https:\/\/web.umons.ac.be\/fweg\/fr\/offre-de-formation\/#breadcrumb\",\"itemListElement\":[{\"@type\":\"ListItem\",\"position\":1,\"name\":\"Accueil\",\"item\":\"https:\/\/web.umons.ac.be\/fweg\/fr\/\"},{\"@type\":\"ListItem\",\"position\":2,\"name\":\"L&rsquo;offre de formation\"}]},{\"@type\":\"WebSite\",\"@id\":\"https:\/\/web.umons.ac.be\/fweg\/#website\",\"url\":\"https:\/\/web.umons.ac.be\/fweg\/\",\"name\":\"Facult\u00e9 \/ FWEG\",\"description\":\"\",\"potentialAction\":[{\"@type\":\"SearchAction\",\"target\":{\"@type\":\"EntryPoint\",\"urlTemplate\":\"https:\/\/web.umons.ac.be\/fweg\/?s={search_term_string}\"},\"query-input\":{\"@type\":\"PropertyValueSpecification\",\"valueRequired\":true,\"valueName\":\"search_term_string\"}}],\"inLanguage\":\"fr-FR\"}]}<\/script>\n<!-- \/ Yoast SEO plugin. -->","yoast_head_json":{"title":"L\\'offre de formation - Facult\u00e9 \/ FWEG","robots":{"index":"index","follow":"follow","max-snippet":"max-snippet:-1","max-image-preview":"max-image-preview:large","max-video-preview":"max-video-preview:-1"},"canonical":"https:\/\/web.umons.ac.be\/fweg\/fr\/offre-de-formation\/","og_locale":"fr_FR","og_type":"article","og_title":"L\\'offre de formation - Facult\u00e9 \/ FWEG","og_description":"La FWEG organise \u00e0 Mons les \u00e9tudes suivantes\u00a0: &nbsp; La FWEG organise \u00e0 Charleroi les \u00e9tudes suivantes : Toutes les informations utiles sur les formations de la Facult\u00e9 Warocqu\u00e9 se trouvent dans la brochure suivante\u00a0:","og_url":"https:\/\/web.umons.ac.be\/fweg\/fr\/offre-de-formation\/","og_site_name":"Facult\u00e9 \/ FWEG","article_modified_time":"2023-02-17T14:56:39+00:00","og_image":[{"url":"https:\/\/web.umons.ac.be\/app\/uploads\/sites\/9\/2023\/02\/formattions-mons-1024x287.png","type":"","width":"","height":""}],"twitter_card":"summary_large_image","twitter_misc":{"Dur\u00e9e de lecture estim\u00e9e":"1 minute"},"schema":{"@context":"https:\/\/schema.org","@graph":[{"@type":"WebPage","@id":"https:\/\/web.umons.ac.be\/fweg\/fr\/offre-de-formation\/","url":"https:\/\/web.umons.ac.be\/fweg\/fr\/offre-de-formation\/","name":"L\\'offre de formation - Facult\u00e9 \/ FWEG","isPartOf":{"@id":"https:\/\/web.umons.ac.be\/fweg\/#website"},"primaryImageOfPage":{"@id":"https:\/\/web.umons.ac.be\/fweg\/fr\/offre-de-formation\/#primaryimage"},"image":{"@id":"https:\/\/web.umons.ac.be\/fweg\/fr\/offre-de-formation\/#primaryimage"},"thumbnailUrl":"https:\/\/web.umons.ac.be\/app\/uploads\/sites\/9\/2023\/02\/formattions-mons-1024x287.png","datePublished":"2017-06-29T13:19:45+00:00","dateModified":"2023-02-17T14:56:39+00:00","breadcrumb":{"@id":"https:\/\/web.umons.ac.be\/fweg\/fr\/offre-de-formation\/#breadcrumb"},"inLanguage":"fr-FR","potentialAction":[{"@type":"ReadAction","target":["https:\/\/web.umons.ac.be\/fweg\/fr\/offre-de-formation\/"]}]},{"@type":"ImageObject","inLanguage":"fr-FR","@id":"https:\/\/web.umons.ac.be\/fweg\/fr\/offre-de-formation\/#primaryimage","url":"https:\/\/web.umons.ac.be\/app\/uploads\/sites\/9\/2023\/02\/formattions-mons-1024x287.png","contentUrl":"https:\/\/web.umons.ac.be\/app\/uploads\/sites\/9\/2023\/02\/formattions-mons-1024x287.png"},{"@type":"BreadcrumbList","@id":"https:\/\/web.umons.ac.be\/fweg\/fr\/offre-de-formation\/#breadcrumb","itemListElement":[{"@type":"ListItem","position":1,"name":"Accueil","item":"https:\/\/web.umons.ac.be\/fweg\/fr\/"},{"@type":"ListItem","position":2,"name":"L&rsquo;offre de formation"}]},{"@type":"WebSite","@id":"https:\/\/web.umons.ac.be\/fweg\/#website","url":"https:\/\/web.umons.ac.be\/fweg\/","name":"Facult\u00e9 \/ FWEG","description":"","potentialAction":[{"@type":"SearchAction","target":{"@type":"EntryPoint","urlTemplate":"https:\/\/web.umons.ac.be\/fweg\/?s={search_term_string}"},"query-input":{"@type":"PropertyValueSpecification","valueRequired":true,"valueName":"search_term_string"}}],"inLanguage":"fr-FR"}]}},"lang":"fr","translations":{"fr":135,"en":941},"pll_sync_post":[],"_links":{"self":[{"href":"https:\/\/web.umons.ac.be\/fweg\/wp-json\/wp\/v2\/pages\/135","targetHints":{"allow":["GET"]}}],"collection":[{"href":"https:\/\/web.umons.ac.be\/fweg\/wp-json\/wp\/v2\/pages"}],"about":[{"href":"https:\/\/web.umons.ac.be\/fweg\/wp-json\/wp\/v2\/types\/page"}],"author":[{"embeddable":true,"href":"https:\/\/web.umons.ac.be\/fweg\/wp-json\/wp\/v2\/users\/2"}],"replies":[{"embeddable":true,"href":"https:\/\/web.umons.ac.be\/fweg\/wp-json\/wp\/v2\/comments?post=135"}],"version-history":[{"count":5,"href":"https:\/\/web.umons.ac.be\/fweg\/wp-json\/wp\/v2\/pages\/135\/revisions"}],"predecessor-version":[{"id":2038,"href":"https:\/\/web.umons.ac.be\/fweg\/wp-json\/wp\/v2\/pages\/135\/revisions\/2038"}],"wp:attachment":[{"href":"https:\/\/web.umons.ac.be\/fweg\/wp-json\/wp\/v2\/media?parent=135"}],"curies":[{"name":"wp","href":"https:\/\/api.w.org\/{rel}","templated":true}]}}