{"id":148,"date":"2017-06-29T15:42:55","date_gmt":"2017-06-29T13:42:55","guid":{"rendered":"https:\/\/web.umons.ac.be\/fweg\/?page_id=148"},"modified":"2022-02-17T16:37:47","modified_gmt":"2022-02-17T15:37:47","slug":"1er-cycle-bachelier","status":"publish","type":"page","link":"https:\/\/web.umons.ac.be\/fweg\/fr\/offre-de-formation\/1er-cycle-bachelier\/","title":{"rendered":"1er cycle : Bachelier"},"content":{"rendered":"<h4>La Facult\u00e9 Warocqu\u00e9 offre trois fili\u00e8res en Bachelier :<\/h4>\n<ul>\n<li>Sciences de gestion,<\/li>\n<li>Sciences \u00e9conomiques et de gestion<\/li>\n<li>Ing\u00e9nieur de gestion.<\/li>\n<\/ul>\n<p><img loading=\"lazy\" decoding=\"async\" class=\"aligncenter wp-image-1894 size-large\" src=\"https:\/\/web.umons.ac.be\/app\/uploads\/sites\/9\/2022\/02\/Structure-1024x424.png\" alt=\"\" width=\"1024\" height=\"424\" srcset=\"https:\/\/web.umons.ac.be\/app\/uploads\/sites\/9\/2022\/02\/Structure-1024x424.png 1024w, https:\/\/web.umons.ac.be\/app\/uploads\/sites\/9\/2022\/02\/Structure-300x124.png 300w, https:\/\/web.umons.ac.be\/app\/uploads\/sites\/9\/2022\/02\/Structure-768x318.png 768w, https:\/\/web.umons.ac.be\/app\/uploads\/sites\/9\/2022\/02\/Structure-1536x637.png 1536w, https:\/\/web.umons.ac.be\/app\/uploads\/sites\/9\/2022\/02\/Structure-1592x660.png 1592w, https:\/\/web.umons.ac.be\/app\/uploads\/sites\/9\/2022\/02\/Structure-30x12.png 30w, https:\/\/web.umons.ac.be\/app\/uploads\/sites\/9\/2022\/02\/Structure-60x25.png 60w, https:\/\/web.umons.ac.be\/app\/uploads\/sites\/9\/2022\/02\/Structure-360x149.png 360w, https:\/\/web.umons.ac.be\/app\/uploads\/sites\/9\/2022\/02\/Structure.png 1778w\" sizes=\"auto, (max-width: 1024px) 100vw, 1024px\" \/><\/p>\n<p>&nbsp;<\/p>\n<p>Le deuxi\u00e8me bloc et le troisi\u00e8me bloc pr\u00e9sentent une majorit\u00e9 d&rsquo;enseignements communs entre les cursus (85% au bloc 2 et 75% en bloc 3). Cela permet ainsi aux \u00e9tudiants d\u2019avoir des connaissances dans les diff\u00e9rents domaines de la gestion (\u00e9conomie et gestion, m\u00e9thodes quantitatives, droit, sociologie, &#8230;) avant d&rsquo;aborder le Master. Ce tronc commun comprend \u00e9galement les langues \u00e0 savoir anglais (obligatoire) et n\u00e9erlandais\/espagnol (au choix).<\/p>\n<p>Les programmes des blocs 2 et\u00a03\u00a0sont compl\u00e9t\u00e9s\u00a0d&rsquo;enseignements sp\u00e9cifiques \u00e0 chacune des fili\u00e8res. Le tableau ci-dessous reprend les distinctions entre les 3 fili\u00e8res.<\/p>\n<p>&nbsp;<\/p>\n<p><img loading=\"lazy\" decoding=\"async\" class=\"aligncenter wp-image-1895 size-large\" src=\"https:\/\/web.umons.ac.be\/app\/uploads\/sites\/9\/2022\/02\/Tableau-differenciation-SG-IG-SEG-810x1024.png\" alt=\"\" width=\"810\" height=\"1024\" srcset=\"https:\/\/web.umons.ac.be\/app\/uploads\/sites\/9\/2022\/02\/Tableau-differenciation-SG-IG-SEG-810x1024.png 810w, https:\/\/web.umons.ac.be\/app\/uploads\/sites\/9\/2022\/02\/Tableau-differenciation-SG-IG-SEG-237x300.png 237w, https:\/\/web.umons.ac.be\/app\/uploads\/sites\/9\/2022\/02\/Tableau-differenciation-SG-IG-SEG-768x971.png 768w, https:\/\/web.umons.ac.be\/app\/uploads\/sites\/9\/2022\/02\/Tableau-differenciation-SG-IG-SEG-1215x1536.png 1215w, https:\/\/web.umons.ac.be\/app\/uploads\/sites\/9\/2022\/02\/Tableau-differenciation-SG-IG-SEG-522x660.png 522w, https:\/\/web.umons.ac.be\/app\/uploads\/sites\/9\/2022\/02\/Tableau-differenciation-SG-IG-SEG-30x38.png 30w, https:\/\/web.umons.ac.be\/app\/uploads\/sites\/9\/2022\/02\/Tableau-differenciation-SG-IG-SEG-47x60.png 47w, https:\/\/web.umons.ac.be\/app\/uploads\/sites\/9\/2022\/02\/Tableau-differenciation-SG-IG-SEG-360x455.png 360w, https:\/\/web.umons.ac.be\/app\/uploads\/sites\/9\/2022\/02\/Tableau-differenciation-SG-IG-SEG.png 1369w\" sizes=\"auto, (max-width: 810px) 100vw, 810px\" \/><\/p>\n<p>La Facult\u00e9 Warocqu\u00e9 organise le Bachelier \u00e0 <strong>Mons<\/strong> et \u00e0 <strong>Charleroi<\/strong>. Seul le Bachelier en Sciences de gestion est accessible \u00e0 Charleroi.<\/p>\n<start-cask-shortcode-wrapper>\n<blockquote class=\"shortcode-testimonial scheme-fweg\">\n    <div class=\"testimonial-quote\">\n        <div>Un atout consid\u00e9rable de la Facult\u00e9 r\u00e9side sans nul doute en son caract\u00e8re humain. Durant mes ann\u00e9es de bachelier, je n'ai jamais \u00e9prouv\u00e9 de difficult\u00e9s \u00e0 entrer en contact avec un enseignant ou l'aut&hellip;<\/div>\n                <a href=\"#testimonial-modal-1606\" class=\"button-secondary open-testimonial scheme-border scheme-color-hover-important\">\n            Poursuivre la lecture <span class=\"icon umons-icon-tail-right\" aria-hidden=\"true\"><\/span>\n        <\/a>\n            <\/div>\n    <div class=\"testimonial-author\">\n                <div class=\"testimonial-picture\">\n            <img decoding=\"async\" src=\"https:\/\/web.umons.ac.be\/app\/uploads\/sites\/9\/2021\/01\/Anthony-Punchoo-80x80.jpg\" alt=\"\" \/>\n        <\/div>\n                <div class=\"testimonial-text\">\n            <div class=\"testimonial-identity\">\n                <span class=\"testimonial-author-name\">Anthony Punchoo<\/span>\n                            <\/div>\n            <div class=\"testimonial-meta\">\n                                                <span class=\"testimonial-group\">Etudiant<\/span>\n                            <\/div>\n        <\/div>\n    <\/div>\n<\/blockquote>\n<div id=\"testimonial-modal-1606\" class=\"testimonial-modal-wrap normal\" style=\"display: none;\">\n    <div class=\"shortcode-testimonial-modal\">\n        <blockquote class=\"shortcode-testimonial\">\n            <div class=\"testimonial-quote editor-front\">\n                                <blockquote class=\"highlighted-quote\">Un atout consid\u00e9rable de la Facult\u00e9 r\u00e9side sans nul doute en son caract\u00e8re humain. Durant mes ann\u00e9es de bachelier, je n'ai jamais \u00e9prouv\u00e9 de difficult\u00e9s \u00e0 entrer en contact avec un enseignant ou l'autre. J'obtenais par ailleurs bien souvent une r\u00e9ponse \u00e0 mes questions rapidement. Quant \u00e0 mon int\u00e9gration, elle s'est faite plut\u00f4t naturellement, entre\u2026<\/blockquote>\n                                                <div class=\"testimonial-full-quote\"><p>Un atout consid\u00e9rable de la Facult\u00e9 r\u00e9side sans nul doute en son caract\u00e8re humain. Durant mes ann\u00e9es de bachelier, je n&rsquo;ai jamais \u00e9prouv\u00e9 de difficult\u00e9s \u00e0 entrer en contact avec un enseignant ou l&rsquo;autre. J&rsquo;obtenais par ailleurs bien souvent une r\u00e9ponse \u00e0 mes questions rapidement. Quant \u00e0 mon int\u00e9gration, elle s&rsquo;est faite plut\u00f4t naturellement, entre autres gr\u00e2ce aux activit\u00e9s organis\u00e9es quelques jours avant la rentr\u00e9e, mais aussi gr\u00e2ce au tutorat et au monitorat, tous deux organis\u00e9s en premi\u00e8re ann\u00e9e : il s&rsquo;agit d&rsquo;activit\u00e9s r\u00e9alis\u00e9es en petits groupes d&rsquo;\u00e9tudiants d\u00e8s le d\u00e9but de l&rsquo;ann\u00e9e, ce qui permet d\u00e9j\u00e0 d&rsquo;avoir quelques contacts.<\/p>\n<p>L&rsquo;organisation des cours est \u00e9galement ad\u00e9quate et propice \u00e0 un enseignement efficace, que ce soit par le fait que certains enseignants favorisent les interactions dans leurs cours, ou par la constitution de petits groupes pour les travaux pratiques. De plus, comme bon nombre d&rsquo;\u00e9tudiants, je n&rsquo;avais pas beaucoup de connaissances dans le domaine de la gestion en arrivant \u00e0 la FWEG, mais cela n&rsquo;a pas tellement pos\u00e9 probl\u00e8me puisque l&rsquo;on peut se sp\u00e9cialiser dans l&rsquo;une ou l&rsquo;autre option d\u00e8s la deuxi\u00e8me ann\u00e9e, ce qui laisse alors une bonne ann\u00e9e de r\u00e9flexion. Au gr\u00e9 de mon parcours acad\u00e9mique, j&rsquo;ai \u00e9galement eu l&rsquo;occasion de m&rsquo;impliquer \u00e7\u00e0 et l\u00e0, que ce soit dans la repr\u00e9sentation \u00e9tudiante, dans un job d&rsquo;\u00e9tudiant ou au sein de la JEWaC&rsquo;S, la Junior Entreprise de la Facult\u00e9, et c&rsquo;est ce qui rend tr\u00e8s probablement mon exp\u00e9rience si enrichissante !<\/p>\n<\/div>\n                            <\/div>\n            <div class=\"testimonial-author\">\n                                <div class=\"testimonial-picture\">\n                    <img decoding=\"async\" src=\"https:\/\/web.umons.ac.be\/app\/uploads\/sites\/9\/2021\/01\/Anthony-Punchoo-80x80.jpg\" alt=\"\" \/>\n                <\/div>\n                                <div class=\"testimonial-text\">\n                    <div class=\"testimonial-identity\">\n                        <span class=\"testimonial-author-name\">Anthony Punchoo<\/span>\n                                            <\/div>\n                    <div class=\"testimonial-meta\">\n                                                                        <span class=\"testimonial-group\">(Etudiant)<\/span>\n                                            <\/div>\n                <\/div>\n            <\/div>\n        <\/blockquote>\n    <\/div>\n<\/div>\n<end-cask-shortcode-wrapper>\n<p>&nbsp;<\/p>\n<p>&nbsp;<\/p>\n<p>&nbsp;<\/p>\n","protected":false},"excerpt":{"rendered":"<p>La Facult\u00e9 Warocqu\u00e9 offre trois fili\u00e8res en Bachelier : Sciences de gestion, Sciences \u00e9conomiques et de gestion Ing\u00e9nieur de gestion. &nbsp; Le deuxi\u00e8me bloc et le troisi\u00e8me bloc pr\u00e9sentent une majorit\u00e9 d&rsquo;enseignements communs entre les cursus (85% au bloc 2 et 75% en bloc 3). Cela permet ainsi aux \u00e9tudiants d\u2019avoir des connaissances dans les [&hellip;]<\/p>\n","protected":false},"author":2,"featured_media":0,"parent":135,"menu_order":1,"comment_status":"closed","ping_status":"closed","template":"","meta":{"footnotes":""},"class_list":["post-148","page","type-page","status-publish","hentry"],"yoast_head":"<!-- This site is optimized with the Yoast SEO plugin v27.2 - https:\/\/yoast.com\/product\/yoast-seo-wordpress\/ -->\n<title>1er cycle : Bachelier - Facult\u00e9 \/ FWEG<\/title>\n<meta name=\"robots\" content=\"index, follow, max-snippet:-1, max-image-preview:large, max-video-preview:-1\" \/>\n<link rel=\"canonical\" href=\"https:\/\/web.umons.ac.be\/fweg\/fr\/offre-de-formation\/1er-cycle-bachelier\/\" \/>\n<meta property=\"og:locale\" content=\"fr_FR\" \/>\n<meta property=\"og:type\" content=\"article\" \/>\n<meta property=\"og:title\" content=\"1er cycle : Bachelier - Facult\u00e9 \/ FWEG\" \/>\n<meta property=\"og:description\" content=\"La Facult\u00e9 Warocqu\u00e9 offre trois fili\u00e8res en Bachelier : Sciences de gestion, Sciences \u00e9conomiques et de gestion Ing\u00e9nieur de gestion. &nbsp; Le deuxi\u00e8me bloc et le troisi\u00e8me bloc pr\u00e9sentent une majorit\u00e9 d&rsquo;enseignements communs entre les cursus (85% au bloc 2 et 75% en bloc 3). Cela permet ainsi aux \u00e9tudiants d\u2019avoir des connaissances dans les [&hellip;]\" \/>\n<meta property=\"og:url\" content=\"https:\/\/web.umons.ac.be\/fweg\/fr\/offre-de-formation\/1er-cycle-bachelier\/\" \/>\n<meta property=\"og:site_name\" content=\"Facult\u00e9 \/ FWEG\" \/>\n<meta property=\"article:modified_time\" content=\"2022-02-17T15:37:47+00:00\" \/>\n<meta property=\"og:image\" content=\"https:\/\/web.umons.ac.be\/app\/uploads\/sites\/9\/2022\/02\/Structure-1024x424.png\" \/>\n<meta name=\"twitter:card\" content=\"summary_large_image\" \/>\n<meta name=\"twitter:label1\" content=\"Dur\u00e9e de lecture estim\u00e9e\" \/>\n\t<meta name=\"twitter:data1\" content=\"1 minute\" \/>\n<script type=\"application\/ld+json\" class=\"yoast-schema-graph\">{\"@context\":\"https:\/\/schema.org\",\"@graph\":[{\"@type\":\"WebPage\",\"@id\":\"https:\/\/web.umons.ac.be\/fweg\/fr\/offre-de-formation\/1er-cycle-bachelier\/\",\"url\":\"https:\/\/web.umons.ac.be\/fweg\/fr\/offre-de-formation\/1er-cycle-bachelier\/\",\"name\":\"1er cycle : Bachelier - Facult\u00e9 \/ FWEG\",\"isPartOf\":{\"@id\":\"https:\/\/web.umons.ac.be\/fweg\/#website\"},\"primaryImageOfPage\":{\"@id\":\"https:\/\/web.umons.ac.be\/fweg\/fr\/offre-de-formation\/1er-cycle-bachelier\/#primaryimage\"},\"image\":{\"@id\":\"https:\/\/web.umons.ac.be\/fweg\/fr\/offre-de-formation\/1er-cycle-bachelier\/#primaryimage\"},\"thumbnailUrl\":\"https:\/\/web.umons.ac.be\/app\/uploads\/sites\/9\/2022\/02\/Structure-1024x424.png\",\"datePublished\":\"2017-06-29T13:42:55+00:00\",\"dateModified\":\"2022-02-17T15:37:47+00:00\",\"breadcrumb\":{\"@id\":\"https:\/\/web.umons.ac.be\/fweg\/fr\/offre-de-formation\/1er-cycle-bachelier\/#breadcrumb\"},\"inLanguage\":\"fr-FR\",\"potentialAction\":[{\"@type\":\"ReadAction\",\"target\":[\"https:\/\/web.umons.ac.be\/fweg\/fr\/offre-de-formation\/1er-cycle-bachelier\/\"]}]},{\"@type\":\"ImageObject\",\"inLanguage\":\"fr-FR\",\"@id\":\"https:\/\/web.umons.ac.be\/fweg\/fr\/offre-de-formation\/1er-cycle-bachelier\/#primaryimage\",\"url\":\"https:\/\/web.umons.ac.be\/app\/uploads\/sites\/9\/2022\/02\/Structure-1024x424.png\",\"contentUrl\":\"https:\/\/web.umons.ac.be\/app\/uploads\/sites\/9\/2022\/02\/Structure-1024x424.png\"},{\"@type\":\"BreadcrumbList\",\"@id\":\"https:\/\/web.umons.ac.be\/fweg\/fr\/offre-de-formation\/1er-cycle-bachelier\/#breadcrumb\",\"itemListElement\":[{\"@type\":\"ListItem\",\"position\":1,\"name\":\"Accueil\",\"item\":\"https:\/\/web.umons.ac.be\/fweg\/fr\/\"},{\"@type\":\"ListItem\",\"position\":2,\"name\":\"L&rsquo;offre de formation\",\"item\":\"https:\/\/web.umons.ac.be\/fweg\/fr\/offre-de-formation\/\"},{\"@type\":\"ListItem\",\"position\":3,\"name\":\"1er cycle : Bachelier\"}]},{\"@type\":\"WebSite\",\"@id\":\"https:\/\/web.umons.ac.be\/fweg\/#website\",\"url\":\"https:\/\/web.umons.ac.be\/fweg\/\",\"name\":\"Facult\u00e9 \/ FWEG\",\"description\":\"\",\"potentialAction\":[{\"@type\":\"SearchAction\",\"target\":{\"@type\":\"EntryPoint\",\"urlTemplate\":\"https:\/\/web.umons.ac.be\/fweg\/?s={search_term_string}\"},\"query-input\":{\"@type\":\"PropertyValueSpecification\",\"valueRequired\":true,\"valueName\":\"search_term_string\"}}],\"inLanguage\":\"fr-FR\"}]}<\/script>\n<!-- \/ Yoast SEO plugin. -->","yoast_head_json":{"title":"1er cycle : Bachelier - Facult\u00e9 \/ FWEG","robots":{"index":"index","follow":"follow","max-snippet":"max-snippet:-1","max-image-preview":"max-image-preview:large","max-video-preview":"max-video-preview:-1"},"canonical":"https:\/\/web.umons.ac.be\/fweg\/fr\/offre-de-formation\/1er-cycle-bachelier\/","og_locale":"fr_FR","og_type":"article","og_title":"1er cycle : Bachelier - Facult\u00e9 \/ FWEG","og_description":"La Facult\u00e9 Warocqu\u00e9 offre trois fili\u00e8res en Bachelier : Sciences de gestion, Sciences \u00e9conomiques et de gestion Ing\u00e9nieur de gestion. &nbsp; Le deuxi\u00e8me bloc et le troisi\u00e8me bloc pr\u00e9sentent une majorit\u00e9 d&rsquo;enseignements communs entre les cursus (85% au bloc 2 et 75% en bloc 3). Cela permet ainsi aux \u00e9tudiants d\u2019avoir des connaissances dans les [&hellip;]","og_url":"https:\/\/web.umons.ac.be\/fweg\/fr\/offre-de-formation\/1er-cycle-bachelier\/","og_site_name":"Facult\u00e9 \/ FWEG","article_modified_time":"2022-02-17T15:37:47+00:00","og_image":[{"url":"https:\/\/web.umons.ac.be\/app\/uploads\/sites\/9\/2022\/02\/Structure-1024x424.png","type":"","width":"","height":""}],"twitter_card":"summary_large_image","twitter_misc":{"Dur\u00e9e de lecture estim\u00e9e":"1 minute"},"schema":{"@context":"https:\/\/schema.org","@graph":[{"@type":"WebPage","@id":"https:\/\/web.umons.ac.be\/fweg\/fr\/offre-de-formation\/1er-cycle-bachelier\/","url":"https:\/\/web.umons.ac.be\/fweg\/fr\/offre-de-formation\/1er-cycle-bachelier\/","name":"1er cycle : Bachelier - Facult\u00e9 \/ FWEG","isPartOf":{"@id":"https:\/\/web.umons.ac.be\/fweg\/#website"},"primaryImageOfPage":{"@id":"https:\/\/web.umons.ac.be\/fweg\/fr\/offre-de-formation\/1er-cycle-bachelier\/#primaryimage"},"image":{"@id":"https:\/\/web.umons.ac.be\/fweg\/fr\/offre-de-formation\/1er-cycle-bachelier\/#primaryimage"},"thumbnailUrl":"https:\/\/web.umons.ac.be\/app\/uploads\/sites\/9\/2022\/02\/Structure-1024x424.png","datePublished":"2017-06-29T13:42:55+00:00","dateModified":"2022-02-17T15:37:47+00:00","breadcrumb":{"@id":"https:\/\/web.umons.ac.be\/fweg\/fr\/offre-de-formation\/1er-cycle-bachelier\/#breadcrumb"},"inLanguage":"fr-FR","potentialAction":[{"@type":"ReadAction","target":["https:\/\/web.umons.ac.be\/fweg\/fr\/offre-de-formation\/1er-cycle-bachelier\/"]}]},{"@type":"ImageObject","inLanguage":"fr-FR","@id":"https:\/\/web.umons.ac.be\/fweg\/fr\/offre-de-formation\/1er-cycle-bachelier\/#primaryimage","url":"https:\/\/web.umons.ac.be\/app\/uploads\/sites\/9\/2022\/02\/Structure-1024x424.png","contentUrl":"https:\/\/web.umons.ac.be\/app\/uploads\/sites\/9\/2022\/02\/Structure-1024x424.png"},{"@type":"BreadcrumbList","@id":"https:\/\/web.umons.ac.be\/fweg\/fr\/offre-de-formation\/1er-cycle-bachelier\/#breadcrumb","itemListElement":[{"@type":"ListItem","position":1,"name":"Accueil","item":"https:\/\/web.umons.ac.be\/fweg\/fr\/"},{"@type":"ListItem","position":2,"name":"L&rsquo;offre de formation","item":"https:\/\/web.umons.ac.be\/fweg\/fr\/offre-de-formation\/"},{"@type":"ListItem","position":3,"name":"1er cycle : Bachelier"}]},{"@type":"WebSite","@id":"https:\/\/web.umons.ac.be\/fweg\/#website","url":"https:\/\/web.umons.ac.be\/fweg\/","name":"Facult\u00e9 \/ FWEG","description":"","potentialAction":[{"@type":"SearchAction","target":{"@type":"EntryPoint","urlTemplate":"https:\/\/web.umons.ac.be\/fweg\/?s={search_term_string}"},"query-input":{"@type":"PropertyValueSpecification","valueRequired":true,"valueName":"search_term_string"}}],"inLanguage":"fr-FR"}]}},"lang":"fr","translations":{"fr":148,"en":682},"pll_sync_post":[],"_links":{"self":[{"href":"https:\/\/web.umons.ac.be\/fweg\/wp-json\/wp\/v2\/pages\/148","targetHints":{"allow":["GET"]}}],"collection":[{"href":"https:\/\/web.umons.ac.be\/fweg\/wp-json\/wp\/v2\/pages"}],"about":[{"href":"https:\/\/web.umons.ac.be\/fweg\/wp-json\/wp\/v2\/types\/page"}],"author":[{"embeddable":true,"href":"https:\/\/web.umons.ac.be\/fweg\/wp-json\/wp\/v2\/users\/2"}],"replies":[{"embeddable":true,"href":"https:\/\/web.umons.ac.be\/fweg\/wp-json\/wp\/v2\/comments?post=148"}],"version-history":[{"count":4,"href":"https:\/\/web.umons.ac.be\/fweg\/wp-json\/wp\/v2\/pages\/148\/revisions"}],"predecessor-version":[{"id":1896,"href":"https:\/\/web.umons.ac.be\/fweg\/wp-json\/wp\/v2\/pages\/148\/revisions\/1896"}],"up":[{"embeddable":true,"href":"https:\/\/web.umons.ac.be\/fweg\/wp-json\/wp\/v2\/pages\/135"}],"wp:attachment":[{"href":"https:\/\/web.umons.ac.be\/fweg\/wp-json\/wp\/v2\/media?parent=148"}],"curies":[{"name":"wp","href":"https:\/\/api.w.org\/{rel}","templated":true}]}}