{"id":156,"date":"2017-06-29T17:06:26","date_gmt":"2017-06-29T15:06:26","guid":{"rendered":"https:\/\/web.umons.ac.be\/fweg\/?page_id=156"},"modified":"2019-11-18T16:30:29","modified_gmt":"2019-11-18T15:30:29","slug":"2eme-cycle-master","status":"publish","type":"page","link":"https:\/\/web.umons.ac.be\/fweg\/fr\/offre-de-formation\/2eme-cycle-master\/","title":{"rendered":"2\u00e8me Cycle : Master"},"content":{"rendered":"<h2>Les Masters, \u00e0 Mons\u00a0et \u00e0 Charleroi<\/h2>\n<p>La FWEG offre des Masters organis\u00e9s <strong>en journ\u00e9<\/strong>e \u00e0 Mons mais aussi des Masters organis\u00e9s en <strong>horaire d\u00e9cal\u00e9<\/strong>, sur le site de Charleroi.<\/p>\n<p>Toutes les fili\u00e8res de Master assurent des d\u00e9bouch\u00e9s vari\u00e9s. Chacune a cependant ses particularit\u00e9s, et permet \u00e0 l\u2019\u00e9tudiant, en fonction de sa formation ant\u00e9rieure, de se sp\u00e9cialiser et de s\u2019ouvrir des portes suppl\u00e9mentaires dans le monde du travail.<\/p>\n<p>&nbsp;<\/p>\n<h3>Quel Master? Sur quel site? Selon quel horaire?<\/h3>\n<table style=\"border-color: #969696;\">\n<tbody>\n<tr>\n<td style=\"border-color: #969696;\" colspan=\"3\">\n<h5 style=\"text-align: center;\">Mons &#8211; Horaire de jour<\/h5>\n<\/td>\n<td style=\"border-color: #969696;\" colspan=\"2\">\n<h5 style=\"text-align: center;\">Charleroi &#8211; Horaire d\u00e9cal\u00e9<\/h5>\n<\/td>\n<\/tr>\n<tr>\n<td style=\"border-color: #969696; text-align: center;\"><strong>Master Ing\u00e9nieur de Gestion<\/strong><\/p>\n<p>120 cr\u00e9dits<\/td>\n<td style=\"border-color: #969696; text-align: center;\"><strong>Master en Sciences de Gestion<\/strong><\/p>\n<ul>\n<li>60 cr\u00e9dits<\/li>\n<li>120 cr\u00e9dits<\/li>\n<\/ul>\n<\/td>\n<td style=\"border-color: #969696; text-align: center;\"><strong>Master en<\/strong><br \/>\n<strong> Politique Economique et Sociale<br \/>\n<\/strong>120 cr\u00e9dits<\/td>\n<td style=\"border-color: #969696; text-align: center;\"><strong>Master en Sciences de Gestion<\/strong><\/p>\n<p>60 cr\u00e9dits<\/td>\n<td style=\"border-color: #969696; text-align: center;\"><strong>Master en<\/strong><br \/>\n<strong> Sciences de<\/strong><br \/>\n<strong> Gestion \u00e0 finalit\u00e9<\/strong><br \/>\n<strong> sp\u00e9cialis\u00e9e en Management et Strat\u00e9gie<br \/>\n<\/strong>120 cr\u00e9dits<\/td>\n<\/tr>\n<\/tbody>\n<\/table>\n<p>&nbsp;<\/p>\n<p>Ces Masters sont \u00e9videmment accessibles aux \u00e9tudiants ayant suivi des \u00e9tudes de bachelier du m\u00eame cursus. Ils sont \u00e9galement ouverts aux dipl\u00f4m\u00e9s de l\u2019enseignement sup\u00e9rieur hors universit\u00e9 et aux dipl\u00f4m\u00e9s d\u2019autres sections universitaires (avec ou sans programme compl\u00e9mentaire selon les dipl\u00f4mes). Les conditions d\u2019acc\u00e8s sont disponibles dans la rubrique <strong><a href=\"https:\/\/web.umons.ac.be\/fweg\/fr\/etudes\/passerelles\/\" target=\"_blank\" rel=\"noopener noreferrer\">Passerelles<\/a>.<\/strong><\/p>\n<p><iframe loading=\"lazy\" title=\"Victorine \u00e0 la c\u00e9r\u00e9monie de dipl\u00f4mes Warocqu\u00e9\" width=\"500\" height=\"281\" src=\"https:\/\/www.youtube.com\/embed\/q-CDepj_L1k?feature=oembed\" frameborder=\"0\" allow=\"accelerometer; autoplay; clipboard-write; encrypted-media; gyroscope; picture-in-picture; web-share\" referrerpolicy=\"strict-origin-when-cross-origin\" allowfullscreen><\/iframe><\/p>\n","protected":false},"excerpt":{"rendered":"<p>Les Masters, \u00e0 Mons\u00a0et \u00e0 Charleroi La FWEG offre des Masters organis\u00e9s en journ\u00e9e \u00e0 Mons mais aussi des Masters organis\u00e9s en horaire d\u00e9cal\u00e9, sur le site de Charleroi. Toutes les fili\u00e8res de Master assurent des d\u00e9bouch\u00e9s vari\u00e9s. Chacune a cependant ses particularit\u00e9s, et permet \u00e0 l\u2019\u00e9tudiant, en fonction de sa formation ant\u00e9rieure, de se [&hellip;]<\/p>\n","protected":false},"author":2,"featured_media":0,"parent":135,"menu_order":2,"comment_status":"closed","ping_status":"closed","template":"","meta":{"footnotes":""},"class_list":["post-156","page","type-page","status-publish","hentry"],"yoast_head":"<!-- This site is optimized with the Yoast SEO plugin v27.2 - https:\/\/yoast.com\/product\/yoast-seo-wordpress\/ -->\n<title>2\u00e8me Cycle : Master - Facult\u00e9 \/ FWEG<\/title>\n<meta name=\"robots\" content=\"index, follow, max-snippet:-1, max-image-preview:large, max-video-preview:-1\" \/>\n<link rel=\"canonical\" href=\"https:\/\/web.umons.ac.be\/fweg\/fr\/offre-de-formation\/2eme-cycle-master\/\" \/>\n<meta property=\"og:locale\" content=\"fr_FR\" \/>\n<meta property=\"og:type\" content=\"article\" \/>\n<meta property=\"og:title\" content=\"2\u00e8me Cycle : Master - Facult\u00e9 \/ FWEG\" \/>\n<meta property=\"og:description\" content=\"Les Masters, \u00e0 Mons\u00a0et \u00e0 Charleroi La FWEG offre des Masters organis\u00e9s en journ\u00e9e \u00e0 Mons mais aussi des Masters organis\u00e9s en horaire d\u00e9cal\u00e9, sur le site de Charleroi. Toutes les fili\u00e8res de Master assurent des d\u00e9bouch\u00e9s vari\u00e9s. Chacune a cependant ses particularit\u00e9s, et permet \u00e0 l\u2019\u00e9tudiant, en fonction de sa formation ant\u00e9rieure, de se [&hellip;]\" \/>\n<meta property=\"og:url\" content=\"https:\/\/web.umons.ac.be\/fweg\/fr\/offre-de-formation\/2eme-cycle-master\/\" \/>\n<meta property=\"og:site_name\" content=\"Facult\u00e9 \/ FWEG\" \/>\n<meta property=\"article:modified_time\" content=\"2019-11-18T15:30:29+00:00\" \/>\n<meta name=\"twitter:card\" content=\"summary_large_image\" \/>\n<meta name=\"twitter:label1\" content=\"Dur\u00e9e de lecture estim\u00e9e\" \/>\n\t<meta name=\"twitter:data1\" content=\"1 minute\" \/>\n<script type=\"application\/ld+json\" class=\"yoast-schema-graph\">{\"@context\":\"https:\/\/schema.org\",\"@graph\":[{\"@type\":\"WebPage\",\"@id\":\"https:\/\/web.umons.ac.be\/fweg\/fr\/offre-de-formation\/2eme-cycle-master\/\",\"url\":\"https:\/\/web.umons.ac.be\/fweg\/fr\/offre-de-formation\/2eme-cycle-master\/\",\"name\":\"2\u00e8me Cycle : Master - Facult\u00e9 \/ FWEG\",\"isPartOf\":{\"@id\":\"https:\/\/web.umons.ac.be\/fweg\/#website\"},\"datePublished\":\"2017-06-29T15:06:26+00:00\",\"dateModified\":\"2019-11-18T15:30:29+00:00\",\"breadcrumb\":{\"@id\":\"https:\/\/web.umons.ac.be\/fweg\/fr\/offre-de-formation\/2eme-cycle-master\/#breadcrumb\"},\"inLanguage\":\"fr-FR\",\"potentialAction\":[{\"@type\":\"ReadAction\",\"target\":[\"https:\/\/web.umons.ac.be\/fweg\/fr\/offre-de-formation\/2eme-cycle-master\/\"]}]},{\"@type\":\"BreadcrumbList\",\"@id\":\"https:\/\/web.umons.ac.be\/fweg\/fr\/offre-de-formation\/2eme-cycle-master\/#breadcrumb\",\"itemListElement\":[{\"@type\":\"ListItem\",\"position\":1,\"name\":\"Accueil\",\"item\":\"https:\/\/web.umons.ac.be\/fweg\/fr\/\"},{\"@type\":\"ListItem\",\"position\":2,\"name\":\"L&rsquo;offre de formation\",\"item\":\"https:\/\/web.umons.ac.be\/fweg\/fr\/offre-de-formation\/\"},{\"@type\":\"ListItem\",\"position\":3,\"name\":\"2\u00e8me Cycle : Master\"}]},{\"@type\":\"WebSite\",\"@id\":\"https:\/\/web.umons.ac.be\/fweg\/#website\",\"url\":\"https:\/\/web.umons.ac.be\/fweg\/\",\"name\":\"Facult\u00e9 \/ FWEG\",\"description\":\"\",\"potentialAction\":[{\"@type\":\"SearchAction\",\"target\":{\"@type\":\"EntryPoint\",\"urlTemplate\":\"https:\/\/web.umons.ac.be\/fweg\/?s={search_term_string}\"},\"query-input\":{\"@type\":\"PropertyValueSpecification\",\"valueRequired\":true,\"valueName\":\"search_term_string\"}}],\"inLanguage\":\"fr-FR\"}]}<\/script>\n<!-- \/ Yoast SEO plugin. -->","yoast_head_json":{"title":"2\u00e8me Cycle : Master - Facult\u00e9 \/ FWEG","robots":{"index":"index","follow":"follow","max-snippet":"max-snippet:-1","max-image-preview":"max-image-preview:large","max-video-preview":"max-video-preview:-1"},"canonical":"https:\/\/web.umons.ac.be\/fweg\/fr\/offre-de-formation\/2eme-cycle-master\/","og_locale":"fr_FR","og_type":"article","og_title":"2\u00e8me Cycle : Master - Facult\u00e9 \/ FWEG","og_description":"Les Masters, \u00e0 Mons\u00a0et \u00e0 Charleroi La FWEG offre des Masters organis\u00e9s en journ\u00e9e \u00e0 Mons mais aussi des Masters organis\u00e9s en horaire d\u00e9cal\u00e9, sur le site de Charleroi. Toutes les fili\u00e8res de Master assurent des d\u00e9bouch\u00e9s vari\u00e9s. Chacune a cependant ses particularit\u00e9s, et permet \u00e0 l\u2019\u00e9tudiant, en fonction de sa formation ant\u00e9rieure, de se [&hellip;]","og_url":"https:\/\/web.umons.ac.be\/fweg\/fr\/offre-de-formation\/2eme-cycle-master\/","og_site_name":"Facult\u00e9 \/ FWEG","article_modified_time":"2019-11-18T15:30:29+00:00","twitter_card":"summary_large_image","twitter_misc":{"Dur\u00e9e de lecture estim\u00e9e":"1 minute"},"schema":{"@context":"https:\/\/schema.org","@graph":[{"@type":"WebPage","@id":"https:\/\/web.umons.ac.be\/fweg\/fr\/offre-de-formation\/2eme-cycle-master\/","url":"https:\/\/web.umons.ac.be\/fweg\/fr\/offre-de-formation\/2eme-cycle-master\/","name":"2\u00e8me Cycle : Master - Facult\u00e9 \/ FWEG","isPartOf":{"@id":"https:\/\/web.umons.ac.be\/fweg\/#website"},"datePublished":"2017-06-29T15:06:26+00:00","dateModified":"2019-11-18T15:30:29+00:00","breadcrumb":{"@id":"https:\/\/web.umons.ac.be\/fweg\/fr\/offre-de-formation\/2eme-cycle-master\/#breadcrumb"},"inLanguage":"fr-FR","potentialAction":[{"@type":"ReadAction","target":["https:\/\/web.umons.ac.be\/fweg\/fr\/offre-de-formation\/2eme-cycle-master\/"]}]},{"@type":"BreadcrumbList","@id":"https:\/\/web.umons.ac.be\/fweg\/fr\/offre-de-formation\/2eme-cycle-master\/#breadcrumb","itemListElement":[{"@type":"ListItem","position":1,"name":"Accueil","item":"https:\/\/web.umons.ac.be\/fweg\/fr\/"},{"@type":"ListItem","position":2,"name":"L&rsquo;offre de formation","item":"https:\/\/web.umons.ac.be\/fweg\/fr\/offre-de-formation\/"},{"@type":"ListItem","position":3,"name":"2\u00e8me Cycle : Master"}]},{"@type":"WebSite","@id":"https:\/\/web.umons.ac.be\/fweg\/#website","url":"https:\/\/web.umons.ac.be\/fweg\/","name":"Facult\u00e9 \/ FWEG","description":"","potentialAction":[{"@type":"SearchAction","target":{"@type":"EntryPoint","urlTemplate":"https:\/\/web.umons.ac.be\/fweg\/?s={search_term_string}"},"query-input":{"@type":"PropertyValueSpecification","valueRequired":true,"valueName":"search_term_string"}}],"inLanguage":"fr-FR"}]}},"lang":"fr","translations":{"fr":156,"en":686},"pll_sync_post":[],"_links":{"self":[{"href":"https:\/\/web.umons.ac.be\/fweg\/wp-json\/wp\/v2\/pages\/156","targetHints":{"allow":["GET"]}}],"collection":[{"href":"https:\/\/web.umons.ac.be\/fweg\/wp-json\/wp\/v2\/pages"}],"about":[{"href":"https:\/\/web.umons.ac.be\/fweg\/wp-json\/wp\/v2\/types\/page"}],"author":[{"embeddable":true,"href":"https:\/\/web.umons.ac.be\/fweg\/wp-json\/wp\/v2\/users\/2"}],"replies":[{"embeddable":true,"href":"https:\/\/web.umons.ac.be\/fweg\/wp-json\/wp\/v2\/comments?post=156"}],"version-history":[{"count":17,"href":"https:\/\/web.umons.ac.be\/fweg\/wp-json\/wp\/v2\/pages\/156\/revisions"}],"predecessor-version":[{"id":1409,"href":"https:\/\/web.umons.ac.be\/fweg\/wp-json\/wp\/v2\/pages\/156\/revisions\/1409"}],"up":[{"embeddable":true,"href":"https:\/\/web.umons.ac.be\/fweg\/wp-json\/wp\/v2\/pages\/135"}],"wp:attachment":[{"href":"https:\/\/web.umons.ac.be\/fweg\/wp-json\/wp\/v2\/media?parent=156"}],"curies":[{"name":"wp","href":"https:\/\/api.w.org\/{rel}","templated":true}]}}