{"id":1590,"date":"2020-12-16T11:44:21","date_gmt":"2020-12-16T10:44:21","guid":{"rendered":"https:\/\/web.umons.ac.be\/fweg\/?page_id=1590"},"modified":"2020-12-16T11:44:21","modified_gmt":"2020-12-16T10:44:21","slug":"associations-des-anciens","status":"publish","type":"page","link":"https:\/\/web.umons.ac.be\/fweg\/fr\/a-propos-de-la-faculte\/associations-des-anciens\/","title":{"rendered":"Associations des anciens"},"content":{"rendered":"<h4>AICM<\/h4>\n<p><img loading=\"lazy\" decoding=\"async\" class=\"alignright wp-image-1257\" src=\"https:\/\/web.umons.ac.be\/app\/uploads\/sites\/9\/2018\/07\/AICM-2017rvb-300x199.jpg\" alt=\"\" width=\"230\" height=\"153\" srcset=\"https:\/\/web.umons.ac.be\/app\/uploads\/sites\/9\/2018\/07\/AICM-2017rvb-300x199.jpg 300w, https:\/\/web.umons.ac.be\/app\/uploads\/sites\/9\/2018\/07\/AICM-2017rvb-768x510.jpg 768w, https:\/\/web.umons.ac.be\/app\/uploads\/sites\/9\/2018\/07\/AICM-2017rvb-30x20.jpg 30w, https:\/\/web.umons.ac.be\/app\/uploads\/sites\/9\/2018\/07\/AICM-2017rvb-60x40.jpg 60w, https:\/\/web.umons.ac.be\/app\/uploads\/sites\/9\/2018\/07\/AICM-2017rvb-360x239.jpg 360w, https:\/\/web.umons.ac.be\/app\/uploads\/sites\/9\/2018\/07\/AICM-2017rvb.jpg 978w\" sizes=\"auto, (max-width: 230px) 100vw, 230px\" \/>Association Royale des Ing\u00e9nieurs Commerciaux, Licenci\u00e9s et Docteurs de Mons-Charleroi Warocqu\u00e9 A.S.B.L de Mons (AICM)<\/p>\n<p>L&rsquo;AICM dispose d&rsquo;un local sur le palier entre le 1<sup>er<\/sup> \u00e9tage et le 2<sup>\u00e8me<\/sup> \u00e9tage.<\/p>\n<p>Contact :\u00a0<a href=\"mailto:aicm@umons.ac.be\">aicm@umons.ac.be<\/a><\/p>\n<p>&nbsp;<\/p>\n<div style=\"text-align: center;\"><iframe loading=\"lazy\" style=\"margin: 0 auto;\" src=\"\/\/v.calameo.com\/?bkcode=000265915b9e49503d43e&amp;mode=mini\" width=\"480\" height=\"300\" frameborder=\"0\" scrolling=\"no\" allowfullscreen=\"allowfullscreen\" data-mce-fragment=\"1\"><\/iframe><\/div>\n","protected":false},"excerpt":{"rendered":"<p>AICM Association Royale des Ing\u00e9nieurs Commerciaux, Licenci\u00e9s et Docteurs de Mons-Charleroi Warocqu\u00e9 A.S.B.L de Mons (AICM) L&rsquo;AICM dispose d&rsquo;un local sur le palier entre le 1er \u00e9tage et le 2\u00e8me \u00e9tage. Contact :\u00a0aicm@umons.ac.be &nbsp;<\/p>\n","protected":false},"author":4,"featured_media":0,"parent":101,"menu_order":2,"comment_status":"closed","ping_status":"closed","template":"","meta":{"footnotes":""},"class_list":["post-1590","page","type-page","status-publish","hentry"],"yoast_head":"<!-- This site is optimized with the Yoast SEO plugin v27.2 - https:\/\/yoast.com\/product\/yoast-seo-wordpress\/ -->\n<title>Associations des anciens - Facult\u00e9 \/ FWEG<\/title>\n<meta name=\"robots\" content=\"index, follow, max-snippet:-1, max-image-preview:large, max-video-preview:-1\" \/>\n<link rel=\"canonical\" href=\"https:\/\/web.umons.ac.be\/fweg\/fr\/a-propos-de-la-faculte\/associations-des-anciens\/\" \/>\n<meta property=\"og:locale\" content=\"fr_FR\" \/>\n<meta property=\"og:type\" content=\"article\" \/>\n<meta property=\"og:title\" content=\"Associations des anciens - Facult\u00e9 \/ FWEG\" \/>\n<meta property=\"og:description\" content=\"AICM Association Royale des Ing\u00e9nieurs Commerciaux, Licenci\u00e9s et Docteurs de Mons-Charleroi Warocqu\u00e9 A.S.B.L de Mons (AICM) L&rsquo;AICM dispose d&rsquo;un local sur le palier entre le 1er \u00e9tage et le 2\u00e8me \u00e9tage. Contact :\u00a0aicm@umons.ac.be &nbsp;\" \/>\n<meta property=\"og:url\" content=\"https:\/\/web.umons.ac.be\/fweg\/fr\/a-propos-de-la-faculte\/associations-des-anciens\/\" \/>\n<meta property=\"og:site_name\" content=\"Facult\u00e9 \/ FWEG\" \/>\n<meta property=\"og:image\" content=\"https:\/\/web.umons.ac.be\/app\/uploads\/sites\/9\/2018\/07\/AICM-2017rvb-300x199.jpg\" \/>\n<meta name=\"twitter:card\" content=\"summary_large_image\" \/>\n<script type=\"application\/ld+json\" class=\"yoast-schema-graph\">{\"@context\":\"https:\/\/schema.org\",\"@graph\":[{\"@type\":\"WebPage\",\"@id\":\"https:\/\/web.umons.ac.be\/fweg\/fr\/a-propos-de-la-faculte\/associations-des-anciens\/\",\"url\":\"https:\/\/web.umons.ac.be\/fweg\/fr\/a-propos-de-la-faculte\/associations-des-anciens\/\",\"name\":\"Associations des anciens - Facult\u00e9 \/ FWEG\",\"isPartOf\":{\"@id\":\"https:\/\/web.umons.ac.be\/fweg\/#website\"},\"primaryImageOfPage\":{\"@id\":\"https:\/\/web.umons.ac.be\/fweg\/fr\/a-propos-de-la-faculte\/associations-des-anciens\/#primaryimage\"},\"image\":{\"@id\":\"https:\/\/web.umons.ac.be\/fweg\/fr\/a-propos-de-la-faculte\/associations-des-anciens\/#primaryimage\"},\"thumbnailUrl\":\"https:\/\/web.umons.ac.be\/app\/uploads\/sites\/9\/2018\/07\/AICM-2017rvb-300x199.jpg\",\"datePublished\":\"2020-12-16T10:44:21+00:00\",\"breadcrumb\":{\"@id\":\"https:\/\/web.umons.ac.be\/fweg\/fr\/a-propos-de-la-faculte\/associations-des-anciens\/#breadcrumb\"},\"inLanguage\":\"fr-FR\",\"potentialAction\":[{\"@type\":\"ReadAction\",\"target\":[\"https:\/\/web.umons.ac.be\/fweg\/fr\/a-propos-de-la-faculte\/associations-des-anciens\/\"]}]},{\"@type\":\"ImageObject\",\"inLanguage\":\"fr-FR\",\"@id\":\"https:\/\/web.umons.ac.be\/fweg\/fr\/a-propos-de-la-faculte\/associations-des-anciens\/#primaryimage\",\"url\":\"https:\/\/web.umons.ac.be\/app\/uploads\/sites\/9\/2018\/07\/AICM-2017rvb-300x199.jpg\",\"contentUrl\":\"https:\/\/web.umons.ac.be\/app\/uploads\/sites\/9\/2018\/07\/AICM-2017rvb-300x199.jpg\"},{\"@type\":\"BreadcrumbList\",\"@id\":\"https:\/\/web.umons.ac.be\/fweg\/fr\/a-propos-de-la-faculte\/associations-des-anciens\/#breadcrumb\",\"itemListElement\":[{\"@type\":\"ListItem\",\"position\":1,\"name\":\"Accueil\",\"item\":\"https:\/\/web.umons.ac.be\/fweg\/fr\/\"},{\"@type\":\"ListItem\",\"position\":2,\"name\":\"A propos de la facult\u00e9\",\"item\":\"https:\/\/web.umons.ac.be\/fweg\/fr\/a-propos-de-la-faculte\/\"},{\"@type\":\"ListItem\",\"position\":3,\"name\":\"Associations des anciens\"}]},{\"@type\":\"WebSite\",\"@id\":\"https:\/\/web.umons.ac.be\/fweg\/#website\",\"url\":\"https:\/\/web.umons.ac.be\/fweg\/\",\"name\":\"Facult\u00e9 \/ FWEG\",\"description\":\"\",\"potentialAction\":[{\"@type\":\"SearchAction\",\"target\":{\"@type\":\"EntryPoint\",\"urlTemplate\":\"https:\/\/web.umons.ac.be\/fweg\/?s={search_term_string}\"},\"query-input\":{\"@type\":\"PropertyValueSpecification\",\"valueRequired\":true,\"valueName\":\"search_term_string\"}}],\"inLanguage\":\"fr-FR\"}]}<\/script>\n<!-- \/ Yoast SEO plugin. -->","yoast_head_json":{"title":"Associations des anciens - Facult\u00e9 \/ FWEG","robots":{"index":"index","follow":"follow","max-snippet":"max-snippet:-1","max-image-preview":"max-image-preview:large","max-video-preview":"max-video-preview:-1"},"canonical":"https:\/\/web.umons.ac.be\/fweg\/fr\/a-propos-de-la-faculte\/associations-des-anciens\/","og_locale":"fr_FR","og_type":"article","og_title":"Associations des anciens - Facult\u00e9 \/ FWEG","og_description":"AICM Association Royale des Ing\u00e9nieurs Commerciaux, Licenci\u00e9s et Docteurs de Mons-Charleroi Warocqu\u00e9 A.S.B.L de Mons (AICM) L&rsquo;AICM dispose d&rsquo;un local sur le palier entre le 1er \u00e9tage et le 2\u00e8me \u00e9tage. Contact :\u00a0aicm@umons.ac.be &nbsp;","og_url":"https:\/\/web.umons.ac.be\/fweg\/fr\/a-propos-de-la-faculte\/associations-des-anciens\/","og_site_name":"Facult\u00e9 \/ FWEG","og_image":[{"url":"https:\/\/web.umons.ac.be\/app\/uploads\/sites\/9\/2018\/07\/AICM-2017rvb-300x199.jpg","type":"","width":"","height":""}],"twitter_card":"summary_large_image","schema":{"@context":"https:\/\/schema.org","@graph":[{"@type":"WebPage","@id":"https:\/\/web.umons.ac.be\/fweg\/fr\/a-propos-de-la-faculte\/associations-des-anciens\/","url":"https:\/\/web.umons.ac.be\/fweg\/fr\/a-propos-de-la-faculte\/associations-des-anciens\/","name":"Associations des anciens - Facult\u00e9 \/ FWEG","isPartOf":{"@id":"https:\/\/web.umons.ac.be\/fweg\/#website"},"primaryImageOfPage":{"@id":"https:\/\/web.umons.ac.be\/fweg\/fr\/a-propos-de-la-faculte\/associations-des-anciens\/#primaryimage"},"image":{"@id":"https:\/\/web.umons.ac.be\/fweg\/fr\/a-propos-de-la-faculte\/associations-des-anciens\/#primaryimage"},"thumbnailUrl":"https:\/\/web.umons.ac.be\/app\/uploads\/sites\/9\/2018\/07\/AICM-2017rvb-300x199.jpg","datePublished":"2020-12-16T10:44:21+00:00","breadcrumb":{"@id":"https:\/\/web.umons.ac.be\/fweg\/fr\/a-propos-de-la-faculte\/associations-des-anciens\/#breadcrumb"},"inLanguage":"fr-FR","potentialAction":[{"@type":"ReadAction","target":["https:\/\/web.umons.ac.be\/fweg\/fr\/a-propos-de-la-faculte\/associations-des-anciens\/"]}]},{"@type":"ImageObject","inLanguage":"fr-FR","@id":"https:\/\/web.umons.ac.be\/fweg\/fr\/a-propos-de-la-faculte\/associations-des-anciens\/#primaryimage","url":"https:\/\/web.umons.ac.be\/app\/uploads\/sites\/9\/2018\/07\/AICM-2017rvb-300x199.jpg","contentUrl":"https:\/\/web.umons.ac.be\/app\/uploads\/sites\/9\/2018\/07\/AICM-2017rvb-300x199.jpg"},{"@type":"BreadcrumbList","@id":"https:\/\/web.umons.ac.be\/fweg\/fr\/a-propos-de-la-faculte\/associations-des-anciens\/#breadcrumb","itemListElement":[{"@type":"ListItem","position":1,"name":"Accueil","item":"https:\/\/web.umons.ac.be\/fweg\/fr\/"},{"@type":"ListItem","position":2,"name":"A propos de la facult\u00e9","item":"https:\/\/web.umons.ac.be\/fweg\/fr\/a-propos-de-la-faculte\/"},{"@type":"ListItem","position":3,"name":"Associations des anciens"}]},{"@type":"WebSite","@id":"https:\/\/web.umons.ac.be\/fweg\/#website","url":"https:\/\/web.umons.ac.be\/fweg\/","name":"Facult\u00e9 \/ FWEG","description":"","potentialAction":[{"@type":"SearchAction","target":{"@type":"EntryPoint","urlTemplate":"https:\/\/web.umons.ac.be\/fweg\/?s={search_term_string}"},"query-input":{"@type":"PropertyValueSpecification","valueRequired":true,"valueName":"search_term_string"}}],"inLanguage":"fr-FR"}]}},"lang":"fr","translations":{"fr":1590},"pll_sync_post":[],"_links":{"self":[{"href":"https:\/\/web.umons.ac.be\/fweg\/wp-json\/wp\/v2\/pages\/1590","targetHints":{"allow":["GET"]}}],"collection":[{"href":"https:\/\/web.umons.ac.be\/fweg\/wp-json\/wp\/v2\/pages"}],"about":[{"href":"https:\/\/web.umons.ac.be\/fweg\/wp-json\/wp\/v2\/types\/page"}],"author":[{"embeddable":true,"href":"https:\/\/web.umons.ac.be\/fweg\/wp-json\/wp\/v2\/users\/4"}],"replies":[{"embeddable":true,"href":"https:\/\/web.umons.ac.be\/fweg\/wp-json\/wp\/v2\/comments?post=1590"}],"version-history":[{"count":2,"href":"https:\/\/web.umons.ac.be\/fweg\/wp-json\/wp\/v2\/pages\/1590\/revisions"}],"predecessor-version":[{"id":1594,"href":"https:\/\/web.umons.ac.be\/fweg\/wp-json\/wp\/v2\/pages\/1590\/revisions\/1594"}],"up":[{"embeddable":true,"href":"https:\/\/web.umons.ac.be\/fweg\/wp-json\/wp\/v2\/pages\/101"}],"wp:attachment":[{"href":"https:\/\/web.umons.ac.be\/fweg\/wp-json\/wp\/v2\/media?parent=1590"}],"curies":[{"name":"wp","href":"https:\/\/api.w.org\/{rel}","templated":true}]}}