{"id":16,"date":"2017-05-17T17:07:26","date_gmt":"2017-05-17T15:07:26","guid":{"rendered":"https:\/\/web.umons.ac.be\/fweg\/?page_id=16"},"modified":"2021-01-06T11:45:57","modified_gmt":"2021-01-06T10:45:57","slug":"debouches","status":"publish","type":"page","link":"https:\/\/web.umons.ac.be\/fweg\/fr\/etudes\/debouches\/","title":{"rendered":"D\u00e9bouch\u00e9s"},"content":{"rendered":"<p>Toutes les fili\u00e8res propos\u00e9es par la Facult\u00e9 Warocqu\u00e9 assurent des d\u00e9bouch\u00e9s vari\u00e9s \u00e0 leurs dipl\u00f4m\u00e9s. En effet, ceux-ci acqui\u00e8rent une expertise dans un large \u00e9ventail de fonctions li\u00e9es \u00e0 l&rsquo;organisation, \u00e0 l&rsquo;administration, \u00e0 la gestion commerciale, aux finances, aux ressources humaines, \u00e0 la r\u00e9alisation d&rsquo;\u00e9tudes et d&rsquo;analyse, Cette expertise pourra \u00eatre mise \u00e0 profit tant dans des entreprises priv\u00e9es que dans des organismes et institutions publics, tant en Belgique qu&rsquo;\u00e0 l&rsquo;\u00e9tranger.<\/p>\n<h4>D\u00e9bouch\u00e9s g\u00e9n\u00e9raux des \u00e9tudes en \u00e9conomie et gestion<\/h4>\n<p>Voici entres autres des d\u00e9bouch\u00e9s des \u00e9tudes en \u00e9conomie et gestion \u00e0 la FWEG :<\/p>\n<p><img loading=\"lazy\" decoding=\"async\" class=\"aligncenter wp-image-19 size-full\" src=\"https:\/\/web.umons.ac.be\/app\/uploads\/sites\/9\/2017\/05\/FWEG-ouvres20ses20portes1.jpg\" alt=\"\" width=\"720\" height=\"516\" srcset=\"https:\/\/web.umons.ac.be\/app\/uploads\/sites\/9\/2017\/05\/FWEG-ouvres20ses20portes1.jpg 720w, https:\/\/web.umons.ac.be\/app\/uploads\/sites\/9\/2017\/05\/FWEG-ouvres20ses20portes1-300x215.jpg 300w, https:\/\/web.umons.ac.be\/app\/uploads\/sites\/9\/2017\/05\/FWEG-ouvres20ses20portes1-30x22.jpg 30w, https:\/\/web.umons.ac.be\/app\/uploads\/sites\/9\/2017\/05\/FWEG-ouvres20ses20portes1-60x43.jpg 60w, https:\/\/web.umons.ac.be\/app\/uploads\/sites\/9\/2017\/05\/FWEG-ouvres20ses20portes1-360x258.jpg 360w\" sizes=\"auto, (max-width: 720px) 100vw, 720px\" \/><\/p>\n<h4>D\u00e9bouch\u00e9s du Master en Politique Economique et Sociale<\/h4>\n<p>Voici entres autres des d\u00e9bouch\u00e9s des \u00e9tudes en politique \u00e9conomique et sociale \u00e0 la FWEG :<\/p>\n<ul>\n<li>diriger un d\u00e9partement d\u2019une entreprise priv\u00e9e ou publique ;<\/li>\n<li>exercer des responsabilit\u00e9s de type \u00e9conomique, politique ou social dans une administration locale, r\u00e9gionale, f\u00e9d\u00e9rale ;<\/li>\n<li>s\u2019int\u00e9grer dans une grande institution, nationale ou internationale, comme collaborateur, conseiller, &#8230; ;<\/li>\n<li>travailler dans l\u2019\u00e9conomie sociale ;<\/li>\n<li>enseigner ;<\/li>\n<li>d\u00e9velopper une carri\u00e8re politique ;<\/li>\n<li>faire de la recherche dans un domaine \u00e9conomique, politique ou social.<\/li>\n<\/ul>\n<p><img loading=\"lazy\" decoding=\"async\" class=\"wp-image-1645 aligncenter\" src=\"https:\/\/web.umons.ac.be\/app\/uploads\/sites\/9\/2021\/01\/d\u00e9bouch\u00e9s-MPES-1-300x286.jpg\" alt=\"\" width=\"691\" height=\"659\" srcset=\"https:\/\/web.umons.ac.be\/app\/uploads\/sites\/9\/2021\/01\/d\u00e9bouch\u00e9s-MPES-1-300x286.jpg 300w, https:\/\/web.umons.ac.be\/app\/uploads\/sites\/9\/2021\/01\/d\u00e9bouch\u00e9s-MPES-1-768x733.jpg 768w, https:\/\/web.umons.ac.be\/app\/uploads\/sites\/9\/2021\/01\/d\u00e9bouch\u00e9s-MPES-1-691x660.jpg 691w, https:\/\/web.umons.ac.be\/app\/uploads\/sites\/9\/2021\/01\/d\u00e9bouch\u00e9s-MPES-1-30x29.jpg 30w, https:\/\/web.umons.ac.be\/app\/uploads\/sites\/9\/2021\/01\/d\u00e9bouch\u00e9s-MPES-1-60x57.jpg 60w, https:\/\/web.umons.ac.be\/app\/uploads\/sites\/9\/2021\/01\/d\u00e9bouch\u00e9s-MPES-1-360x344.jpg 360w, https:\/\/web.umons.ac.be\/app\/uploads\/sites\/9\/2021\/01\/d\u00e9bouch\u00e9s-MPES-1.jpg 842w\" sizes=\"auto, (max-width: 691px) 100vw, 691px\" \/><\/p>\n<start-cask-shortcode-wrapper>\n<blockquote class=\"shortcode-testimonial scheme-fweg\">\n    <div class=\"testimonial-quote\">\n        <div>D\u00e8s mes d\u00e9buts \u00e0 Mons, la Facult\u00e9 Warocqu\u00e9 a tout de suite su me mettre \u00e0 l\u2019aise via les diff\u00e9rentes activit\u00e9s propos\u00e9es : semaine d\u2019int\u00e9gration et rencontre avec d\u2019autres \u00e9tudiants, premi\u00e8re introduc&hellip;<\/div>\n                <a href=\"#testimonial-modal-1651\" class=\"button-secondary open-testimonial scheme-border scheme-color-hover-important\">\n            Poursuivre la lecture <span class=\"icon umons-icon-tail-right\" aria-hidden=\"true\"><\/span>\n        <\/a>\n            <\/div>\n    <div class=\"testimonial-author\">\n                <div class=\"testimonial-picture\">\n            <img decoding=\"async\" src=\"https:\/\/web.umons.ac.be\/app\/uploads\/sites\/9\/2021\/01\/donovan_Dath-80x80.jpg\" alt=\"\" \/>\n        <\/div>\n                <div class=\"testimonial-text\">\n            <div class=\"testimonial-identity\">\n                <span class=\"testimonial-author-name\">Donovan Dath<\/span>\n                            <\/div>\n            <div class=\"testimonial-meta\">\n                                <span class=\"testimonial-position\">Junior Portfolio Manager chez Belfius Investment Partners <\/span>\n                                                <span class=\"testimonial-group\">Promotion 2018 (Master Ing\u00e9nieur de gestion)<\/span>\n                            <\/div>\n        <\/div>\n    <\/div>\n<\/blockquote>\n<div id=\"testimonial-modal-1651\" class=\"testimonial-modal-wrap normal\" style=\"display: none;\">\n    <div class=\"shortcode-testimonial-modal\">\n        <blockquote class=\"shortcode-testimonial\">\n            <div class=\"testimonial-quote editor-front\">\n                                <blockquote class=\"highlighted-quote\">D\u00e8s mes d\u00e9buts \u00e0 Mons, la Facult\u00e9 Warocqu\u00e9 a tout de suite su me mettre \u00e0 l\u2019aise via les diff\u00e9rentes activit\u00e9s propos\u00e9es : semaine d\u2019int\u00e9gration et rencontre avec d\u2019autres \u00e9tudiants, premi\u00e8re introduction \u00e0 certains cours, \u2026 Tr\u00e8s vite, mes doutes se sont estomp\u00e9s et j\u2019ai pris go\u00fbt aux diff\u00e9rents cours dispens\u00e9s ainsi qu\u2019au rythme de\u2026<\/blockquote>\n                                                <div class=\"testimonial-full-quote\"><p>D\u00e8s mes d\u00e9buts \u00e0 Mons, la Facult\u00e9 Warocqu\u00e9 a tout de suite su me mettre \u00e0 l\u2019aise via les diff\u00e9rentes activit\u00e9s propos\u00e9es : semaine d\u2019int\u00e9gration et rencontre avec d\u2019autres \u00e9tudiants, premi\u00e8re introduction \u00e0 certains cours, \u2026 Tr\u00e8s vite, mes doutes se sont estomp\u00e9s et j\u2019ai pris go\u00fbt aux diff\u00e9rents cours dispens\u00e9s ainsi qu\u2019au rythme de vie d\u2019un \u00e9tudiant. J\u2019ai eu la chance de rencontrer des professeurs extr\u00eamement disponibles et \u00e0 l\u2019\u00e9coute, mais c\u2019est l\u00e0 aussi que j\u2019ai pu me faire beaucoup d\u2019amis qui comptent beaucoup pour moi aujourd\u2019hui. Via mon job d\u2019\u00e9tudiant en tant que repr\u00e9sentant de la FWEG lors des portes ouvertes, j\u2019ai pu t\u00e9moigner aux autres de la qualit\u00e9 de l\u2019enseignement et de tous les points positifs que je voyais dans ma formation d\u2019Ing\u00e9nieur de gestion. J\u2019ai pu me rendre compte de l\u2019ad\u00e9quation entre les cours dispens\u00e9s durant mes cinq ann\u00e9es de formation et le monde professionnel lorsque j\u2019ai d\u00e9but\u00e9 mon stage de fin d\u2019\u00e9tudes, pendant lequel j\u2019ai \u00e9t\u00e9 encadr\u00e9 par un ancien Wawa. Ce stage a \u00e9t\u00e9 passionnant et j\u2019ai vite compris que mon choix d\u2019\u00e9tudes avait \u00e9t\u00e9 le bon. Aujourd\u2019hui, j\u2019ai la chance d\u2019avoir \u00e9t\u00e9 engag\u00e9 \u00e0 l\u2019endroit o\u00f9 j\u2019ai effectu\u00e9 ce stage et j\u2019ai tous les jours l\u2019occasion de mettre en pratique ce que j\u2019ai appris \u00e0 la FWEG. Sans aucun doute, mes \u00e9tudes ont \u00e9t\u00e9 un tremplin pour moi et j\u2019esp\u00e8re pouvoir garder des contacts fr\u00e9quents avec toutes les personnes que j\u2019ai pu rencontrer durant cette p\u00e9riode !<\/p>\n<p><a href=\"https:\/\/www.dropbox.com\/s\/qko20xv0uzhebyp\/IMG_1978.MOV?dl=0\">Voir le t\u00e9moignage en vid\u00e9o<\/a><\/p>\n<\/div>\n                            <\/div>\n            <div class=\"testimonial-author\">\n                                <div class=\"testimonial-picture\">\n                    <img decoding=\"async\" src=\"https:\/\/web.umons.ac.be\/app\/uploads\/sites\/9\/2021\/01\/donovan_Dath-80x80.jpg\" alt=\"\" \/>\n                <\/div>\n                                <div class=\"testimonial-text\">\n                    <div class=\"testimonial-identity\">\n                        <span class=\"testimonial-author-name\">Donovan Dath<\/span>\n                                            <\/div>\n                    <div class=\"testimonial-meta\">\n                                                <span class=\"testimonial-position\">Junior Portfolio Manager chez Belfius Investment Partners <\/span>\n                                                                        <span class=\"testimonial-group\">(Promotion 2018 (Master Ing\u00e9nieur de gestion))<\/span>\n                                            <\/div>\n                <\/div>\n            <\/div>\n        <\/blockquote>\n    <\/div>\n<\/div>\n<end-cask-shortcode-wrapper>\n<p>&nbsp;<\/p>\n<p><iframe loading=\"lazy\" title=\"Caroline Decamps- Alumni UMONS\" width=\"500\" height=\"281\" src=\"https:\/\/www.youtube.com\/embed\/HpUJ6oXV5UE?feature=oembed\" frameborder=\"0\" allow=\"accelerometer; autoplay; clipboard-write; encrypted-media; gyroscope; picture-in-picture; web-share\" referrerpolicy=\"strict-origin-when-cross-origin\" allowfullscreen><\/iframe><\/p>\n","protected":false},"excerpt":{"rendered":"<p>Toutes les fili\u00e8res propos\u00e9es par la Facult\u00e9 Warocqu\u00e9 assurent des d\u00e9bouch\u00e9s vari\u00e9s \u00e0 leurs dipl\u00f4m\u00e9s. En effet, ceux-ci acqui\u00e8rent une expertise dans un large \u00e9ventail de fonctions li\u00e9es \u00e0 l&rsquo;organisation, \u00e0 l&rsquo;administration, \u00e0 la gestion commerciale, aux finances, aux ressources humaines, \u00e0 la r\u00e9alisation d&rsquo;\u00e9tudes et d&rsquo;analyse, Cette expertise pourra \u00eatre mise \u00e0 profit tant [&hellip;]<\/p>\n","protected":false},"author":2,"featured_media":0,"parent":601,"menu_order":6,"comment_status":"closed","ping_status":"closed","template":"","meta":{"footnotes":""},"class_list":["post-16","page","type-page","status-publish","hentry"],"yoast_head":"<!-- This site is optimized with the Yoast SEO plugin v27.2 - https:\/\/yoast.com\/product\/yoast-seo-wordpress\/ -->\n<title>D\u00e9bouch\u00e9s - Facult\u00e9 \/ FWEG<\/title>\n<meta name=\"robots\" content=\"index, follow, max-snippet:-1, max-image-preview:large, max-video-preview:-1\" \/>\n<link rel=\"canonical\" href=\"https:\/\/web.umons.ac.be\/fweg\/fr\/etudes\/debouches\/\" \/>\n<meta property=\"og:locale\" content=\"fr_FR\" \/>\n<meta property=\"og:type\" content=\"article\" \/>\n<meta property=\"og:title\" content=\"D\u00e9bouch\u00e9s - Facult\u00e9 \/ FWEG\" \/>\n<meta property=\"og:description\" content=\"Toutes les fili\u00e8res propos\u00e9es par la Facult\u00e9 Warocqu\u00e9 assurent des d\u00e9bouch\u00e9s vari\u00e9s \u00e0 leurs dipl\u00f4m\u00e9s. En effet, ceux-ci acqui\u00e8rent une expertise dans un large \u00e9ventail de fonctions li\u00e9es \u00e0 l&rsquo;organisation, \u00e0 l&rsquo;administration, \u00e0 la gestion commerciale, aux finances, aux ressources humaines, \u00e0 la r\u00e9alisation d&rsquo;\u00e9tudes et d&rsquo;analyse, Cette expertise pourra \u00eatre mise \u00e0 profit tant [&hellip;]\" \/>\n<meta property=\"og:url\" content=\"https:\/\/web.umons.ac.be\/fweg\/fr\/etudes\/debouches\/\" \/>\n<meta property=\"og:site_name\" content=\"Facult\u00e9 \/ FWEG\" \/>\n<meta property=\"article:modified_time\" content=\"2021-01-06T10:45:57+00:00\" \/>\n<meta property=\"og:image\" content=\"https:\/\/web.umons.ac.be\/app\/uploads\/sites\/9\/2017\/05\/FWEG-ouvres20ses20portes1.jpg\" \/>\n<meta name=\"twitter:card\" content=\"summary_large_image\" \/>\n<meta name=\"twitter:label1\" content=\"Dur\u00e9e de lecture estim\u00e9e\" \/>\n\t<meta name=\"twitter:data1\" content=\"1 minute\" \/>\n<script type=\"application\/ld+json\" class=\"yoast-schema-graph\">{\"@context\":\"https:\/\/schema.org\",\"@graph\":[{\"@type\":\"WebPage\",\"@id\":\"https:\/\/web.umons.ac.be\/fweg\/fr\/etudes\/debouches\/\",\"url\":\"https:\/\/web.umons.ac.be\/fweg\/fr\/etudes\/debouches\/\",\"name\":\"D\u00e9bouch\u00e9s - Facult\u00e9 \/ FWEG\",\"isPartOf\":{\"@id\":\"https:\/\/web.umons.ac.be\/fweg\/#website\"},\"primaryImageOfPage\":{\"@id\":\"https:\/\/web.umons.ac.be\/fweg\/fr\/etudes\/debouches\/#primaryimage\"},\"image\":{\"@id\":\"https:\/\/web.umons.ac.be\/fweg\/fr\/etudes\/debouches\/#primaryimage\"},\"thumbnailUrl\":\"https:\/\/web.umons.ac.be\/app\/uploads\/sites\/9\/2017\/05\/FWEG-ouvres20ses20portes1.jpg\",\"datePublished\":\"2017-05-17T15:07:26+00:00\",\"dateModified\":\"2021-01-06T10:45:57+00:00\",\"breadcrumb\":{\"@id\":\"https:\/\/web.umons.ac.be\/fweg\/fr\/etudes\/debouches\/#breadcrumb\"},\"inLanguage\":\"fr-FR\",\"potentialAction\":[{\"@type\":\"ReadAction\",\"target\":[\"https:\/\/web.umons.ac.be\/fweg\/fr\/etudes\/debouches\/\"]}]},{\"@type\":\"ImageObject\",\"inLanguage\":\"fr-FR\",\"@id\":\"https:\/\/web.umons.ac.be\/fweg\/fr\/etudes\/debouches\/#primaryimage\",\"url\":\"https:\/\/web.umons.ac.be\/app\/uploads\/sites\/9\/2017\/05\/FWEG-ouvres20ses20portes1.jpg\",\"contentUrl\":\"https:\/\/web.umons.ac.be\/app\/uploads\/sites\/9\/2017\/05\/FWEG-ouvres20ses20portes1.jpg\"},{\"@type\":\"BreadcrumbList\",\"@id\":\"https:\/\/web.umons.ac.be\/fweg\/fr\/etudes\/debouches\/#breadcrumb\",\"itemListElement\":[{\"@type\":\"ListItem\",\"position\":1,\"name\":\"Accueil\",\"item\":\"https:\/\/web.umons.ac.be\/fweg\/fr\/\"},{\"@type\":\"ListItem\",\"position\":2,\"name\":\"Etudes\",\"item\":\"https:\/\/web.umons.ac.be\/fweg\/fr\/etudes\/\"},{\"@type\":\"ListItem\",\"position\":3,\"name\":\"D\u00e9bouch\u00e9s\"}]},{\"@type\":\"WebSite\",\"@id\":\"https:\/\/web.umons.ac.be\/fweg\/#website\",\"url\":\"https:\/\/web.umons.ac.be\/fweg\/\",\"name\":\"Facult\u00e9 \/ FWEG\",\"description\":\"\",\"potentialAction\":[{\"@type\":\"SearchAction\",\"target\":{\"@type\":\"EntryPoint\",\"urlTemplate\":\"https:\/\/web.umons.ac.be\/fweg\/?s={search_term_string}\"},\"query-input\":{\"@type\":\"PropertyValueSpecification\",\"valueRequired\":true,\"valueName\":\"search_term_string\"}}],\"inLanguage\":\"fr-FR\"}]}<\/script>\n<!-- \/ Yoast SEO plugin. -->","yoast_head_json":{"title":"D\u00e9bouch\u00e9s - Facult\u00e9 \/ FWEG","robots":{"index":"index","follow":"follow","max-snippet":"max-snippet:-1","max-image-preview":"max-image-preview:large","max-video-preview":"max-video-preview:-1"},"canonical":"https:\/\/web.umons.ac.be\/fweg\/fr\/etudes\/debouches\/","og_locale":"fr_FR","og_type":"article","og_title":"D\u00e9bouch\u00e9s - Facult\u00e9 \/ FWEG","og_description":"Toutes les fili\u00e8res propos\u00e9es par la Facult\u00e9 Warocqu\u00e9 assurent des d\u00e9bouch\u00e9s vari\u00e9s \u00e0 leurs dipl\u00f4m\u00e9s. En effet, ceux-ci acqui\u00e8rent une expertise dans un large \u00e9ventail de fonctions li\u00e9es \u00e0 l&rsquo;organisation, \u00e0 l&rsquo;administration, \u00e0 la gestion commerciale, aux finances, aux ressources humaines, \u00e0 la r\u00e9alisation d&rsquo;\u00e9tudes et d&rsquo;analyse, Cette expertise pourra \u00eatre mise \u00e0 profit tant [&hellip;]","og_url":"https:\/\/web.umons.ac.be\/fweg\/fr\/etudes\/debouches\/","og_site_name":"Facult\u00e9 \/ FWEG","article_modified_time":"2021-01-06T10:45:57+00:00","og_image":[{"url":"https:\/\/web.umons.ac.be\/app\/uploads\/sites\/9\/2017\/05\/FWEG-ouvres20ses20portes1.jpg","type":"","width":"","height":""}],"twitter_card":"summary_large_image","twitter_misc":{"Dur\u00e9e de lecture estim\u00e9e":"1 minute"},"schema":{"@context":"https:\/\/schema.org","@graph":[{"@type":"WebPage","@id":"https:\/\/web.umons.ac.be\/fweg\/fr\/etudes\/debouches\/","url":"https:\/\/web.umons.ac.be\/fweg\/fr\/etudes\/debouches\/","name":"D\u00e9bouch\u00e9s - Facult\u00e9 \/ FWEG","isPartOf":{"@id":"https:\/\/web.umons.ac.be\/fweg\/#website"},"primaryImageOfPage":{"@id":"https:\/\/web.umons.ac.be\/fweg\/fr\/etudes\/debouches\/#primaryimage"},"image":{"@id":"https:\/\/web.umons.ac.be\/fweg\/fr\/etudes\/debouches\/#primaryimage"},"thumbnailUrl":"https:\/\/web.umons.ac.be\/app\/uploads\/sites\/9\/2017\/05\/FWEG-ouvres20ses20portes1.jpg","datePublished":"2017-05-17T15:07:26+00:00","dateModified":"2021-01-06T10:45:57+00:00","breadcrumb":{"@id":"https:\/\/web.umons.ac.be\/fweg\/fr\/etudes\/debouches\/#breadcrumb"},"inLanguage":"fr-FR","potentialAction":[{"@type":"ReadAction","target":["https:\/\/web.umons.ac.be\/fweg\/fr\/etudes\/debouches\/"]}]},{"@type":"ImageObject","inLanguage":"fr-FR","@id":"https:\/\/web.umons.ac.be\/fweg\/fr\/etudes\/debouches\/#primaryimage","url":"https:\/\/web.umons.ac.be\/app\/uploads\/sites\/9\/2017\/05\/FWEG-ouvres20ses20portes1.jpg","contentUrl":"https:\/\/web.umons.ac.be\/app\/uploads\/sites\/9\/2017\/05\/FWEG-ouvres20ses20portes1.jpg"},{"@type":"BreadcrumbList","@id":"https:\/\/web.umons.ac.be\/fweg\/fr\/etudes\/debouches\/#breadcrumb","itemListElement":[{"@type":"ListItem","position":1,"name":"Accueil","item":"https:\/\/web.umons.ac.be\/fweg\/fr\/"},{"@type":"ListItem","position":2,"name":"Etudes","item":"https:\/\/web.umons.ac.be\/fweg\/fr\/etudes\/"},{"@type":"ListItem","position":3,"name":"D\u00e9bouch\u00e9s"}]},{"@type":"WebSite","@id":"https:\/\/web.umons.ac.be\/fweg\/#website","url":"https:\/\/web.umons.ac.be\/fweg\/","name":"Facult\u00e9 \/ FWEG","description":"","potentialAction":[{"@type":"SearchAction","target":{"@type":"EntryPoint","urlTemplate":"https:\/\/web.umons.ac.be\/fweg\/?s={search_term_string}"},"query-input":{"@type":"PropertyValueSpecification","valueRequired":true,"valueName":"search_term_string"}}],"inLanguage":"fr-FR"}]}},"lang":"fr","translations":{"fr":16,"en":695},"pll_sync_post":[],"_links":{"self":[{"href":"https:\/\/web.umons.ac.be\/fweg\/wp-json\/wp\/v2\/pages\/16","targetHints":{"allow":["GET"]}}],"collection":[{"href":"https:\/\/web.umons.ac.be\/fweg\/wp-json\/wp\/v2\/pages"}],"about":[{"href":"https:\/\/web.umons.ac.be\/fweg\/wp-json\/wp\/v2\/types\/page"}],"author":[{"embeddable":true,"href":"https:\/\/web.umons.ac.be\/fweg\/wp-json\/wp\/v2\/users\/2"}],"replies":[{"embeddable":true,"href":"https:\/\/web.umons.ac.be\/fweg\/wp-json\/wp\/v2\/comments?post=16"}],"version-history":[{"count":11,"href":"https:\/\/web.umons.ac.be\/fweg\/wp-json\/wp\/v2\/pages\/16\/revisions"}],"predecessor-version":[{"id":1654,"href":"https:\/\/web.umons.ac.be\/fweg\/wp-json\/wp\/v2\/pages\/16\/revisions\/1654"}],"up":[{"embeddable":true,"href":"https:\/\/web.umons.ac.be\/fweg\/wp-json\/wp\/v2\/pages\/601"}],"wp:attachment":[{"href":"https:\/\/web.umons.ac.be\/fweg\/wp-json\/wp\/v2\/media?parent=16"}],"curies":[{"name":"wp","href":"https:\/\/api.w.org\/{rel}","templated":true}]}}