{"id":164,"date":"2017-06-29T17:11:02","date_gmt":"2017-06-29T15:11:02","guid":{"rendered":"https:\/\/web.umons.ac.be\/fweg\/?page_id=164"},"modified":"2019-02-07T11:37:29","modified_gmt":"2019-02-07T10:37:29","slug":"reprise-detudes","status":"publish","type":"page","link":"https:\/\/web.umons.ac.be\/fweg\/fr\/offre-de-formation\/reprise-detudes\/","title":{"rendered":"Reprise d\u2019\u00e9tudes"},"content":{"rendered":"<p>Avec ses formations offertes \u00e0 Mons et \u00e0 Charleroi, la Facult\u00e9 Warocqu\u00e9 se pose depuis de tr\u00e8s nombreuses ann\u00e9es en partenaire privil\u00e9gi\u00e9 pour l\u2019\u00e9ducation tout au long de la vie et pour le d\u00e9veloppement de votre carri\u00e8re professionnelle.<\/p>\n<h6>La Facult\u00e9 Warocqu\u00e9 d&rsquo;Economie et de Gestion propose plusieurs types de formations continues, notamment:<\/h6>\n<ul>\n<li>Des programmes menant \u00e0 un dipl\u00f4me reconnu par la Communaut\u00e9 fran\u00e7aise de Belgique (<strong>Master<\/strong>, <strong>Master de Sp\u00e9cialisation<\/strong>)<\/li>\n<li>Des formations menant \u00e0 un titre p\u00e9dagogique : <strong>AESS<\/strong>,\u00a0<strong>CAPAES<\/strong><\/li>\n<li>Des programmes certifiants conduisant \u00e0 un <strong>certificat d\u2019universit\u00e9<\/strong>.<\/li>\n<\/ul>\n<p>Ces programmes sont am\u00e9nag\u00e9s afin de faciliter la conciliation entre la formation et la vie professionnelle et personnelle : horaire adapt\u00e9 (regroupement de cours sur certains jours de la semaine), horaire d\u00e9cal\u00e9 (cours dispens\u00e9s le soir et\/ou le week-end), possibilit\u00e9 d\u2019\u00e9talement d\u2019une ann\u00e9e acad\u00e9mique\u2026<\/p>\n<h4>A qui s&rsquo;adresser ?<\/h4>\n<p>Le Service Formation Continue est votre premier contact, il vous dirige vers le Service g\u00e9rant la formation que vous souhaitez suivre.<\/p>\n<p><strong>Direction des Affaires acad\u00e9miques &#8211; Service Formation continue<\/strong><br \/>\nPlace du Parc, 22 &#8211; 7000 Mons<br \/>\nT\u00e9l.: +32 (0)65 37.37.12-14-15<br \/>\n<a href=\"mailto:formation.continue@umons.ac.be\" target=\"_blank\" rel=\"noopener\">formation.continue@umons.ac.be<\/a><\/p>\n","protected":false},"excerpt":{"rendered":"<p>Avec ses formations offertes \u00e0 Mons et \u00e0 Charleroi, la Facult\u00e9 Warocqu\u00e9 se pose depuis de tr\u00e8s nombreuses ann\u00e9es en partenaire privil\u00e9gi\u00e9 pour l\u2019\u00e9ducation tout au long de la vie et pour le d\u00e9veloppement de votre carri\u00e8re professionnelle. La Facult\u00e9 Warocqu\u00e9 d&rsquo;Economie et de Gestion propose plusieurs types de formations continues, notamment: Des programmes menant [&hellip;]<\/p>\n","protected":false},"author":2,"featured_media":0,"parent":135,"menu_order":5,"comment_status":"closed","ping_status":"closed","template":"","meta":{"footnotes":""},"class_list":["post-164","page","type-page","status-publish","hentry"],"yoast_head":"<!-- This site is optimized with the Yoast SEO plugin v27.2 - https:\/\/yoast.com\/product\/yoast-seo-wordpress\/ -->\n<title>Reprise d\u2019\u00e9tudes - Facult\u00e9 \/ FWEG<\/title>\n<meta name=\"robots\" content=\"index, follow, max-snippet:-1, max-image-preview:large, max-video-preview:-1\" \/>\n<link rel=\"canonical\" href=\"https:\/\/web.umons.ac.be\/fweg\/fr\/offre-de-formation\/reprise-detudes\/\" \/>\n<meta property=\"og:locale\" content=\"fr_FR\" \/>\n<meta property=\"og:type\" content=\"article\" \/>\n<meta property=\"og:title\" content=\"Reprise d\u2019\u00e9tudes - Facult\u00e9 \/ FWEG\" \/>\n<meta property=\"og:description\" content=\"Avec ses formations offertes \u00e0 Mons et \u00e0 Charleroi, la Facult\u00e9 Warocqu\u00e9 se pose depuis de tr\u00e8s nombreuses ann\u00e9es en partenaire privil\u00e9gi\u00e9 pour l\u2019\u00e9ducation tout au long de la vie et pour le d\u00e9veloppement de votre carri\u00e8re professionnelle. La Facult\u00e9 Warocqu\u00e9 d&rsquo;Economie et de Gestion propose plusieurs types de formations continues, notamment: Des programmes menant [&hellip;]\" \/>\n<meta property=\"og:url\" content=\"https:\/\/web.umons.ac.be\/fweg\/fr\/offre-de-formation\/reprise-detudes\/\" \/>\n<meta property=\"og:site_name\" content=\"Facult\u00e9 \/ FWEG\" \/>\n<meta property=\"article:modified_time\" content=\"2019-02-07T10:37:29+00:00\" \/>\n<meta name=\"twitter:card\" content=\"summary_large_image\" \/>\n<meta name=\"twitter:label1\" content=\"Dur\u00e9e de lecture estim\u00e9e\" \/>\n\t<meta name=\"twitter:data1\" content=\"1 minute\" \/>\n<script type=\"application\/ld+json\" class=\"yoast-schema-graph\">{\"@context\":\"https:\/\/schema.org\",\"@graph\":[{\"@type\":\"WebPage\",\"@id\":\"https:\/\/web.umons.ac.be\/fweg\/fr\/offre-de-formation\/reprise-detudes\/\",\"url\":\"https:\/\/web.umons.ac.be\/fweg\/fr\/offre-de-formation\/reprise-detudes\/\",\"name\":\"Reprise d\u2019\u00e9tudes - Facult\u00e9 \/ FWEG\",\"isPartOf\":{\"@id\":\"https:\/\/web.umons.ac.be\/fweg\/#website\"},\"datePublished\":\"2017-06-29T15:11:02+00:00\",\"dateModified\":\"2019-02-07T10:37:29+00:00\",\"breadcrumb\":{\"@id\":\"https:\/\/web.umons.ac.be\/fweg\/fr\/offre-de-formation\/reprise-detudes\/#breadcrumb\"},\"inLanguage\":\"fr-FR\",\"potentialAction\":[{\"@type\":\"ReadAction\",\"target\":[\"https:\/\/web.umons.ac.be\/fweg\/fr\/offre-de-formation\/reprise-detudes\/\"]}]},{\"@type\":\"BreadcrumbList\",\"@id\":\"https:\/\/web.umons.ac.be\/fweg\/fr\/offre-de-formation\/reprise-detudes\/#breadcrumb\",\"itemListElement\":[{\"@type\":\"ListItem\",\"position\":1,\"name\":\"Accueil\",\"item\":\"https:\/\/web.umons.ac.be\/fweg\/fr\/\"},{\"@type\":\"ListItem\",\"position\":2,\"name\":\"L&rsquo;offre de formation\",\"item\":\"https:\/\/web.umons.ac.be\/fweg\/fr\/offre-de-formation\/\"},{\"@type\":\"ListItem\",\"position\":3,\"name\":\"Reprise d\u2019\u00e9tudes\"}]},{\"@type\":\"WebSite\",\"@id\":\"https:\/\/web.umons.ac.be\/fweg\/#website\",\"url\":\"https:\/\/web.umons.ac.be\/fweg\/\",\"name\":\"Facult\u00e9 \/ FWEG\",\"description\":\"\",\"potentialAction\":[{\"@type\":\"SearchAction\",\"target\":{\"@type\":\"EntryPoint\",\"urlTemplate\":\"https:\/\/web.umons.ac.be\/fweg\/?s={search_term_string}\"},\"query-input\":{\"@type\":\"PropertyValueSpecification\",\"valueRequired\":true,\"valueName\":\"search_term_string\"}}],\"inLanguage\":\"fr-FR\"}]}<\/script>\n<!-- \/ Yoast SEO plugin. -->","yoast_head_json":{"title":"Reprise d\u2019\u00e9tudes - Facult\u00e9 \/ FWEG","robots":{"index":"index","follow":"follow","max-snippet":"max-snippet:-1","max-image-preview":"max-image-preview:large","max-video-preview":"max-video-preview:-1"},"canonical":"https:\/\/web.umons.ac.be\/fweg\/fr\/offre-de-formation\/reprise-detudes\/","og_locale":"fr_FR","og_type":"article","og_title":"Reprise d\u2019\u00e9tudes - Facult\u00e9 \/ FWEG","og_description":"Avec ses formations offertes \u00e0 Mons et \u00e0 Charleroi, la Facult\u00e9 Warocqu\u00e9 se pose depuis de tr\u00e8s nombreuses ann\u00e9es en partenaire privil\u00e9gi\u00e9 pour l\u2019\u00e9ducation tout au long de la vie et pour le d\u00e9veloppement de votre carri\u00e8re professionnelle. La Facult\u00e9 Warocqu\u00e9 d&rsquo;Economie et de Gestion propose plusieurs types de formations continues, notamment: Des programmes menant [&hellip;]","og_url":"https:\/\/web.umons.ac.be\/fweg\/fr\/offre-de-formation\/reprise-detudes\/","og_site_name":"Facult\u00e9 \/ FWEG","article_modified_time":"2019-02-07T10:37:29+00:00","twitter_card":"summary_large_image","twitter_misc":{"Dur\u00e9e de lecture estim\u00e9e":"1 minute"},"schema":{"@context":"https:\/\/schema.org","@graph":[{"@type":"WebPage","@id":"https:\/\/web.umons.ac.be\/fweg\/fr\/offre-de-formation\/reprise-detudes\/","url":"https:\/\/web.umons.ac.be\/fweg\/fr\/offre-de-formation\/reprise-detudes\/","name":"Reprise d\u2019\u00e9tudes - Facult\u00e9 \/ FWEG","isPartOf":{"@id":"https:\/\/web.umons.ac.be\/fweg\/#website"},"datePublished":"2017-06-29T15:11:02+00:00","dateModified":"2019-02-07T10:37:29+00:00","breadcrumb":{"@id":"https:\/\/web.umons.ac.be\/fweg\/fr\/offre-de-formation\/reprise-detudes\/#breadcrumb"},"inLanguage":"fr-FR","potentialAction":[{"@type":"ReadAction","target":["https:\/\/web.umons.ac.be\/fweg\/fr\/offre-de-formation\/reprise-detudes\/"]}]},{"@type":"BreadcrumbList","@id":"https:\/\/web.umons.ac.be\/fweg\/fr\/offre-de-formation\/reprise-detudes\/#breadcrumb","itemListElement":[{"@type":"ListItem","position":1,"name":"Accueil","item":"https:\/\/web.umons.ac.be\/fweg\/fr\/"},{"@type":"ListItem","position":2,"name":"L&rsquo;offre de formation","item":"https:\/\/web.umons.ac.be\/fweg\/fr\/offre-de-formation\/"},{"@type":"ListItem","position":3,"name":"Reprise d\u2019\u00e9tudes"}]},{"@type":"WebSite","@id":"https:\/\/web.umons.ac.be\/fweg\/#website","url":"https:\/\/web.umons.ac.be\/fweg\/","name":"Facult\u00e9 \/ FWEG","description":"","potentialAction":[{"@type":"SearchAction","target":{"@type":"EntryPoint","urlTemplate":"https:\/\/web.umons.ac.be\/fweg\/?s={search_term_string}"},"query-input":{"@type":"PropertyValueSpecification","valueRequired":true,"valueName":"search_term_string"}}],"inLanguage":"fr-FR"}]}},"lang":"fr","translations":{"fr":164,"en":961},"pll_sync_post":[],"_links":{"self":[{"href":"https:\/\/web.umons.ac.be\/fweg\/wp-json\/wp\/v2\/pages\/164","targetHints":{"allow":["GET"]}}],"collection":[{"href":"https:\/\/web.umons.ac.be\/fweg\/wp-json\/wp\/v2\/pages"}],"about":[{"href":"https:\/\/web.umons.ac.be\/fweg\/wp-json\/wp\/v2\/types\/page"}],"author":[{"embeddable":true,"href":"https:\/\/web.umons.ac.be\/fweg\/wp-json\/wp\/v2\/users\/2"}],"replies":[{"embeddable":true,"href":"https:\/\/web.umons.ac.be\/fweg\/wp-json\/wp\/v2\/comments?post=164"}],"version-history":[{"count":4,"href":"https:\/\/web.umons.ac.be\/fweg\/wp-json\/wp\/v2\/pages\/164\/revisions"}],"predecessor-version":[{"id":1329,"href":"https:\/\/web.umons.ac.be\/fweg\/wp-json\/wp\/v2\/pages\/164\/revisions\/1329"}],"up":[{"embeddable":true,"href":"https:\/\/web.umons.ac.be\/fweg\/wp-json\/wp\/v2\/pages\/135"}],"wp:attachment":[{"href":"https:\/\/web.umons.ac.be\/fweg\/wp-json\/wp\/v2\/media?parent=164"}],"curies":[{"name":"wp","href":"https:\/\/api.w.org\/{rel}","templated":true}]}}