{"id":173,"date":"2017-06-29T17:17:33","date_gmt":"2017-06-29T15:17:33","guid":{"rendered":"https:\/\/web.umons.ac.be\/fweg\/?page_id=173"},"modified":"2022-08-10T11:40:33","modified_gmt":"2022-08-10T09:40:33","slug":"aides-a-la-reussite","status":"publish","type":"page","link":"https:\/\/web.umons.ac.be\/fweg\/fr\/etudes\/aides-a-la-reussite\/","title":{"rendered":"Aides \u00e0 la r\u00e9ussite"},"content":{"rendered":"<blockquote>\n<h2 style=\"text-align: justify\">Notre priorit\u00e9 : votre r\u00e9ussite<\/h2>\n<\/blockquote>\n<p style=\"text-align: justify\">L\u2019entr\u00e9e \u00e0 l\u2019universit\u00e9 rime avec le mot changement.\u00a0 Comme dans tout changement, une adaptation sera n\u00e9cessaire : un nouveau rythme de vie, de nouveaux horaires, la mise en place de nouvelles habitudes de travail, de nouveaux enseignants, de nouveaux compagnons venus d\u2019horizons diff\u00e9rents\u2026 Autant d\u2019occasions d\u2019apprendre \u00e0 exercer son m\u00e9tier d\u2019\u00e9tudiant du sup\u00e9rieur.<\/p>\n<p style=\"text-align: justify\">La Facult\u00e9 Warocqu\u00e9 souhaite vous accompagner dans ce changement. C\u2019est pour cette raison qu\u2019elle a mis en place une s\u00e9rie de dispositifs visant \u00e0 r\u00e9pondre aux difficult\u00e9s les plus fr\u00e9quemment rencontr\u00e9es par les \u00e9tudiants durant leur premi\u00e8re ann\u00e9e \u00e0 l\u2019universit\u00e9.<\/p>\n<p style=\"text-align: justify\">En plus des <a href=\"https:\/\/web.umons.ac.be\/fr\/enseignement\/appui-pedagogique\/\" target=\"_blank\" rel=\"noopener noreferrer\">activit\u00e9s mises en place par l\u2019UMONS <\/a><em>\u00a0<\/em>pour vous aider \u00e0 franchir le cap en douceur, la Facult\u00e9 Warocqu\u00e9 vous propose\u00a0principalement :<\/p>\n<ul style=\"text-align: justify\">\n<li><a href=\"https:\/\/web.umons.ac.be\/fweg\/etudes\/aides-a-la-reussite\/les-activites-de-remediations-disciplinaires\/\">Les rem\u00e9diations disciplinaires<\/a><\/li>\n<li><a href=\"https:\/\/web.umons.ac.be\/fweg\/etudes\/aides-a-la-reussite\/le-monitorat\/\">Le monitorat<\/a><\/li>\n<li><a href=\"https:\/\/web.umons.ac.be\/fweg\/etudes\/aides-a-la-reussite\/le-tutorat-entre-etudiants\/\">Le tutorat<\/a><\/li>\n<li><a href=\"https:\/\/web.umons.ac.be\/fweg\/etudes\/aides-a-la-reussite\/les-interrogations-tests\/\">Les interrogations-tests<\/a><\/li>\n<li><a href=\"https:\/\/web.umons.ac.be\/fweg\/etudes\/aides-a-la-reussite\/le-blocus-assiste\/\">Le blocus assist\u00e9<\/a><\/li>\n<\/ul>\n<p style=\"text-align: justify\">Avant d\u2019aborder plus en d\u00e9tail les aides proprement dites, nous tenons \u00e0 sensibiliser les \u00e9tudiants sur le fait que la r\u00e9ussite se construit d\u00e8s le d\u00e9but de l\u2019ann\u00e9e acad\u00e9mique et qu\u2019ils sont les premiers acteurs de leur r\u00e9ussite. Sans engagement de leur part, les aides propos\u00e9es ne sauraient suffire.<\/p>\n<h6 style=\"text-align: justify\"><em>Plus d\u2019informations\u00a0?<\/em><\/h6>\n<p style=\"text-align: justify\"><strong>Beno\u00eet Mahy<\/strong><br \/>\n<span style=\"font-size: 14px\">Coordinateur de la Cellule de P\u00e9dagogie Facultaire<br \/>\n<\/span><a style=\"font-size: 14px\" href=\"mailto:Benoit.mahy@umons.ac.be\">Benoit.mahy@umons.ac.be<\/a><span style=\"font-size: 14px\"><br \/>\n<\/span><\/p>\n<div class=\"contact-block\" style=\"text-align: justify\"><\/div>\n<start-cask-shortcode-wrapper>\n<blockquote class=\"shortcode-testimonial scheme-fweg\">\n    <div class=\"testimonial-quote\">\n        <div><em>\u00ab\u00a0Vu mon parcours en secondaire en latin-langues et mon but de suivre un cursus universitaire en \u00e9conomie, j\u2019ai eu certaines craintes quant aux pr\u00e9requis n\u00e9cessaires afin d\u2019entamer de telles \u00e9tude&hellip;<\/div>\n                <a href=\"#testimonial-modal-1395\" class=\"button-secondary open-testimonial scheme-border scheme-color-hover-important\">\n            Poursuivre la lecture <span class=\"icon umons-icon-tail-right\" aria-hidden=\"true\"><\/span>\n        <\/a>\n            <\/div>\n    <div class=\"testimonial-author\">\n                <div class=\"testimonial-picture\">\n            <img decoding=\"async\" src=\"https:\/\/web.umons.ac.be\/app\/uploads\/sites\/9\/2019\/11\/photo-Ismael-Jaber-e1574088478978-80x80.jpg\" alt=\"\" \/>\n        <\/div>\n                <div class=\"testimonial-text\">\n            <div class=\"testimonial-identity\">\n                <span class=\"testimonial-author-name\">Isma\u00ebl  JABER<\/span>\n                            <\/div>\n            <div class=\"testimonial-meta\">\n                                                <span class=\"testimonial-group\">Etudiant du Master Ing\u00e9nieur de gestion (bloc 2)<\/span>\n                            <\/div>\n        <\/div>\n    <\/div>\n<\/blockquote>\n<div id=\"testimonial-modal-1395\" class=\"testimonial-modal-wrap normal\" style=\"display: none;\">\n    <div class=\"shortcode-testimonial-modal\">\n        <blockquote class=\"shortcode-testimonial\">\n            <div class=\"testimonial-quote editor-front\">\n                                <blockquote class=\"highlighted-quote\">\u00ab\u00a0Vu mon parcours en secondaire en latin-langues et mon but de suivre un cursus universitaire en \u00e9conomie, j\u2019ai eu certaines craintes quant aux pr\u00e9requis n\u00e9cessaires afin d\u2019entamer de telles \u00e9tudes et \u00e0 l\u2019int\u00e9gration d\u2019un nouvel environnement. Mais tr\u00e8s vite, ces craintes se sont dissip\u00e9es gr\u00e2ce au programme d\u2019aide \u00e0 la r\u00e9ussite mis en place \u00e0\u2026<\/blockquote>\n                                                <div class=\"testimonial-full-quote\"><p><em>\u00ab\u00a0Vu mon parcours en secondaire en latin-langues et mon but de suivre un cursus universitaire en \u00e9conomie, j\u2019ai eu certaines craintes quant aux pr\u00e9requis n\u00e9cessaires afin d\u2019entamer de telles \u00e9tudes et \u00e0 l\u2019int\u00e9gration d\u2019un nouvel environnement. Mais tr\u00e8s vite, ces craintes se sont dissip\u00e9es gr\u00e2ce au programme d\u2019aide \u00e0 la r\u00e9ussite mis en place \u00e0 la FWEG\u00a0: rem\u00e9diations, blocus assist\u00e9&#8230; Ces diff\u00e9rentes aides octroy\u00e9es par la facult\u00e9 permettent \u00e0 tout \u00e9tudiant, quel que soit son parcours secondaire, de s\u2019int\u00e9grer au nouvel environnement universitaire et plus pr\u00e9cis\u00e9ment \u00e0 la formation d\u2019Ing\u00e9nieur de gestion. De plus, la proximit\u00e9 entre les professeurs et les \u00e9tudiants fait qu&rsquo;en aucun cas, les \u00e9tudiants sont consid\u00e9r\u00e9s comme des num\u00e9ros. Et pour les \u00e9tudiants qui souhaitent s&rsquo;investir dans l&rsquo;universit\u00e9 et d\u00e9fendre les droits des \u00e9tudiants, diff\u00e9rents moyens sont disponibles, ils peuvent faire partie du CCI, se porter candidat pour le poste de d\u00e9l\u00e9gu\u00e9 ou encore s&rsquo;int\u00e9grer aux associations \u00e9tudiantes (par exemple l&rsquo;ORE, la Jewac\u2019s\u2026).\u00a0\u00bb<\/em><\/p>\n<\/div>\n                            <\/div>\n            <div class=\"testimonial-author\">\n                                <div class=\"testimonial-picture\">\n                    <img decoding=\"async\" src=\"https:\/\/web.umons.ac.be\/app\/uploads\/sites\/9\/2019\/11\/photo-Ismael-Jaber-e1574088478978-80x80.jpg\" alt=\"\" \/>\n                <\/div>\n                                <div class=\"testimonial-text\">\n                    <div class=\"testimonial-identity\">\n                        <span class=\"testimonial-author-name\">Isma\u00ebl  JABER<\/span>\n                                            <\/div>\n                    <div class=\"testimonial-meta\">\n                                                                        <span class=\"testimonial-group\">(Etudiant du Master Ing\u00e9nieur de gestion (bloc 2))<\/span>\n                                            <\/div>\n                <\/div>\n            <\/div>\n        <\/blockquote>\n    <\/div>\n<\/div>\n<end-cask-shortcode-wrapper>\n","protected":false},"excerpt":{"rendered":"<p>Notre priorit\u00e9 : votre r\u00e9ussite L\u2019entr\u00e9e \u00e0 l\u2019universit\u00e9 rime avec le mot changement.\u00a0 Comme dans tout changement, une adaptation sera n\u00e9cessaire : un nouveau rythme de vie, de nouveaux horaires, la mise en place de nouvelles habitudes de travail, de nouveaux enseignants, de nouveaux compagnons venus d\u2019horizons diff\u00e9rents\u2026 Autant d\u2019occasions d\u2019apprendre \u00e0 exercer son m\u00e9tier [&hellip;]<\/p>\n","protected":false},"author":2,"featured_media":0,"parent":601,"menu_order":2,"comment_status":"closed","ping_status":"closed","template":"","meta":{"footnotes":""},"class_list":["post-173","page","type-page","status-publish","hentry"],"yoast_head":"<!-- This site is optimized with the Yoast SEO plugin v27.2 - https:\/\/yoast.com\/product\/yoast-seo-wordpress\/ -->\n<title>Aides \u00e0 la r\u00e9ussite - Facult\u00e9 \/ FWEG<\/title>\n<meta name=\"robots\" content=\"index, follow, max-snippet:-1, max-image-preview:large, max-video-preview:-1\" \/>\n<link rel=\"canonical\" href=\"https:\/\/web.umons.ac.be\/fweg\/fr\/etudes\/aides-a-la-reussite\/\" \/>\n<meta property=\"og:locale\" content=\"fr_FR\" \/>\n<meta property=\"og:type\" content=\"article\" \/>\n<meta property=\"og:title\" content=\"Aides \u00e0 la r\u00e9ussite - Facult\u00e9 \/ FWEG\" \/>\n<meta property=\"og:description\" content=\"Notre priorit\u00e9 : votre r\u00e9ussite L\u2019entr\u00e9e \u00e0 l\u2019universit\u00e9 rime avec le mot changement.\u00a0 Comme dans tout changement, une adaptation sera n\u00e9cessaire : un nouveau rythme de vie, de nouveaux horaires, la mise en place de nouvelles habitudes de travail, de nouveaux enseignants, de nouveaux compagnons venus d\u2019horizons diff\u00e9rents\u2026 Autant d\u2019occasions d\u2019apprendre \u00e0 exercer son m\u00e9tier [&hellip;]\" \/>\n<meta property=\"og:url\" content=\"https:\/\/web.umons.ac.be\/fweg\/fr\/etudes\/aides-a-la-reussite\/\" \/>\n<meta property=\"og:site_name\" content=\"Facult\u00e9 \/ FWEG\" \/>\n<meta property=\"article:modified_time\" content=\"2022-08-10T09:40:33+00:00\" \/>\n<meta name=\"twitter:card\" content=\"summary_large_image\" \/>\n<meta name=\"twitter:label1\" content=\"Dur\u00e9e de lecture estim\u00e9e\" \/>\n\t<meta name=\"twitter:data1\" content=\"2 minutes\" \/>\n<script type=\"application\/ld+json\" class=\"yoast-schema-graph\">{\"@context\":\"https:\/\/schema.org\",\"@graph\":[{\"@type\":\"WebPage\",\"@id\":\"https:\/\/web.umons.ac.be\/fweg\/fr\/etudes\/aides-a-la-reussite\/\",\"url\":\"https:\/\/web.umons.ac.be\/fweg\/fr\/etudes\/aides-a-la-reussite\/\",\"name\":\"Aides \u00e0 la r\u00e9ussite - Facult\u00e9 \/ FWEG\",\"isPartOf\":{\"@id\":\"https:\/\/web.umons.ac.be\/fweg\/#website\"},\"datePublished\":\"2017-06-29T15:17:33+00:00\",\"dateModified\":\"2022-08-10T09:40:33+00:00\",\"breadcrumb\":{\"@id\":\"https:\/\/web.umons.ac.be\/fweg\/fr\/etudes\/aides-a-la-reussite\/#breadcrumb\"},\"inLanguage\":\"fr-FR\",\"potentialAction\":[{\"@type\":\"ReadAction\",\"target\":[\"https:\/\/web.umons.ac.be\/fweg\/fr\/etudes\/aides-a-la-reussite\/\"]}]},{\"@type\":\"BreadcrumbList\",\"@id\":\"https:\/\/web.umons.ac.be\/fweg\/fr\/etudes\/aides-a-la-reussite\/#breadcrumb\",\"itemListElement\":[{\"@type\":\"ListItem\",\"position\":1,\"name\":\"Accueil\",\"item\":\"https:\/\/web.umons.ac.be\/fweg\/fr\/\"},{\"@type\":\"ListItem\",\"position\":2,\"name\":\"Etudes\",\"item\":\"https:\/\/web.umons.ac.be\/fweg\/fr\/etudes\/\"},{\"@type\":\"ListItem\",\"position\":3,\"name\":\"Aides \u00e0 la r\u00e9ussite\"}]},{\"@type\":\"WebSite\",\"@id\":\"https:\/\/web.umons.ac.be\/fweg\/#website\",\"url\":\"https:\/\/web.umons.ac.be\/fweg\/\",\"name\":\"Facult\u00e9 \/ FWEG\",\"description\":\"\",\"potentialAction\":[{\"@type\":\"SearchAction\",\"target\":{\"@type\":\"EntryPoint\",\"urlTemplate\":\"https:\/\/web.umons.ac.be\/fweg\/?s={search_term_string}\"},\"query-input\":{\"@type\":\"PropertyValueSpecification\",\"valueRequired\":true,\"valueName\":\"search_term_string\"}}],\"inLanguage\":\"fr-FR\"}]}<\/script>\n<!-- \/ Yoast SEO plugin. -->","yoast_head_json":{"title":"Aides \u00e0 la r\u00e9ussite - Facult\u00e9 \/ FWEG","robots":{"index":"index","follow":"follow","max-snippet":"max-snippet:-1","max-image-preview":"max-image-preview:large","max-video-preview":"max-video-preview:-1"},"canonical":"https:\/\/web.umons.ac.be\/fweg\/fr\/etudes\/aides-a-la-reussite\/","og_locale":"fr_FR","og_type":"article","og_title":"Aides \u00e0 la r\u00e9ussite - Facult\u00e9 \/ FWEG","og_description":"Notre priorit\u00e9 : votre r\u00e9ussite L\u2019entr\u00e9e \u00e0 l\u2019universit\u00e9 rime avec le mot changement.\u00a0 Comme dans tout changement, une adaptation sera n\u00e9cessaire : un nouveau rythme de vie, de nouveaux horaires, la mise en place de nouvelles habitudes de travail, de nouveaux enseignants, de nouveaux compagnons venus d\u2019horizons diff\u00e9rents\u2026 Autant d\u2019occasions d\u2019apprendre \u00e0 exercer son m\u00e9tier [&hellip;]","og_url":"https:\/\/web.umons.ac.be\/fweg\/fr\/etudes\/aides-a-la-reussite\/","og_site_name":"Facult\u00e9 \/ FWEG","article_modified_time":"2022-08-10T09:40:33+00:00","twitter_card":"summary_large_image","twitter_misc":{"Dur\u00e9e de lecture estim\u00e9e":"2 minutes"},"schema":{"@context":"https:\/\/schema.org","@graph":[{"@type":"WebPage","@id":"https:\/\/web.umons.ac.be\/fweg\/fr\/etudes\/aides-a-la-reussite\/","url":"https:\/\/web.umons.ac.be\/fweg\/fr\/etudes\/aides-a-la-reussite\/","name":"Aides \u00e0 la r\u00e9ussite - Facult\u00e9 \/ FWEG","isPartOf":{"@id":"https:\/\/web.umons.ac.be\/fweg\/#website"},"datePublished":"2017-06-29T15:17:33+00:00","dateModified":"2022-08-10T09:40:33+00:00","breadcrumb":{"@id":"https:\/\/web.umons.ac.be\/fweg\/fr\/etudes\/aides-a-la-reussite\/#breadcrumb"},"inLanguage":"fr-FR","potentialAction":[{"@type":"ReadAction","target":["https:\/\/web.umons.ac.be\/fweg\/fr\/etudes\/aides-a-la-reussite\/"]}]},{"@type":"BreadcrumbList","@id":"https:\/\/web.umons.ac.be\/fweg\/fr\/etudes\/aides-a-la-reussite\/#breadcrumb","itemListElement":[{"@type":"ListItem","position":1,"name":"Accueil","item":"https:\/\/web.umons.ac.be\/fweg\/fr\/"},{"@type":"ListItem","position":2,"name":"Etudes","item":"https:\/\/web.umons.ac.be\/fweg\/fr\/etudes\/"},{"@type":"ListItem","position":3,"name":"Aides \u00e0 la r\u00e9ussite"}]},{"@type":"WebSite","@id":"https:\/\/web.umons.ac.be\/fweg\/#website","url":"https:\/\/web.umons.ac.be\/fweg\/","name":"Facult\u00e9 \/ FWEG","description":"","potentialAction":[{"@type":"SearchAction","target":{"@type":"EntryPoint","urlTemplate":"https:\/\/web.umons.ac.be\/fweg\/?s={search_term_string}"},"query-input":{"@type":"PropertyValueSpecification","valueRequired":true,"valueName":"search_term_string"}}],"inLanguage":"fr-FR"}]}},"lang":"fr","translations":{"fr":173,"en":664},"pll_sync_post":[],"_links":{"self":[{"href":"https:\/\/web.umons.ac.be\/fweg\/wp-json\/wp\/v2\/pages\/173","targetHints":{"allow":["GET"]}}],"collection":[{"href":"https:\/\/web.umons.ac.be\/fweg\/wp-json\/wp\/v2\/pages"}],"about":[{"href":"https:\/\/web.umons.ac.be\/fweg\/wp-json\/wp\/v2\/types\/page"}],"author":[{"embeddable":true,"href":"https:\/\/web.umons.ac.be\/fweg\/wp-json\/wp\/v2\/users\/2"}],"replies":[{"embeddable":true,"href":"https:\/\/web.umons.ac.be\/fweg\/wp-json\/wp\/v2\/comments?post=173"}],"version-history":[{"count":3,"href":"https:\/\/web.umons.ac.be\/fweg\/wp-json\/wp\/v2\/pages\/173\/revisions"}],"predecessor-version":[{"id":1995,"href":"https:\/\/web.umons.ac.be\/fweg\/wp-json\/wp\/v2\/pages\/173\/revisions\/1995"}],"up":[{"embeddable":true,"href":"https:\/\/web.umons.ac.be\/fweg\/wp-json\/wp\/v2\/pages\/601"}],"wp:attachment":[{"href":"https:\/\/web.umons.ac.be\/fweg\/wp-json\/wp\/v2\/media?parent=173"}],"curies":[{"name":"wp","href":"https:\/\/api.w.org\/{rel}","templated":true}]}}