{"id":176,"date":"2017-06-29T17:18:15","date_gmt":"2017-06-29T15:18:15","guid":{"rendered":"https:\/\/web.umons.ac.be\/fweg\/?page_id=176"},"modified":"2022-08-10T11:35:12","modified_gmt":"2022-08-10T09:35:12","slug":"les-activites-de-remediations-disciplinaires","status":"publish","type":"page","link":"https:\/\/web.umons.ac.be\/fweg\/fr\/etudes\/aides-a-la-reussite\/les-activites-de-remediations-disciplinaires\/","title":{"rendered":"Les rem\u00e9diations disciplinaires"},"content":{"rendered":"<p style=\"text-align: justify\">Des s\u00e9ances de rem\u00e9diations disciplinaires sont organis\u00e9es \u00e0 destination des \u00e9tudiants inscrits au 1<sup>er<\/sup> bloc de Bachelier pour les cours de\u00a0:<\/p>\n<ul style=\"text-align: justify\">\n<li>Math\u00e9matiques 1,<\/li>\n<li>Economie politique 1,<\/li>\n<li>Economie politique 2,<\/li>\n<li>Statistique descriptive,<\/li>\n<li>Calcul des probabilit\u00e9s,<\/li>\n<li>Comptabilit\u00e9 g\u00e9n\u00e9rale.<\/li>\n<\/ul>\n<p style=\"text-align: justify\">Ces s\u00e9ances, qui sont prises en charge par un personnel sp\u00e9cialis\u00e9 en la mati\u00e8re, s\u2019adressent en priorit\u00e9 aux \u00e9tudiants ayant obtenu des r\u00e9sultats insatisfaisants aux premi\u00e8res \u00e9valuations dans ces mati\u00e8res ou \u00e9prouvant des difficult\u00e9s de compr\u00e9hension. Elles sont n\u00e9anmoins ouvertes \u00e0 tous. Qu\u2019y fait-on ? R\u00e9vision de notions utiles, explicitation de notions th\u00e9oriques, exercices compl\u00e9mentaires r\u00e9solus pas \u00e0 pas, conseils m\u00e9thodologiques li\u00e9s \u00e0 la mati\u00e8re, \u2026<\/p>\n<p style=\"text-align: justify\">L\u2019organisation de ces s\u00e9ances figure dans l\u2019horaire de cours. Des progr\u00e8s appr\u00e9ciables sont \u00e9valu\u00e9s chaque ann\u00e9e aupr\u00e8s d\u2019\u00e9tudiants ayant fr\u00e9quent\u00e9 ces s\u00e9ances.<\/p>\n<p style=\"text-align: justify\">En ce qui concerne les autres cours, il est toujours possible de s\u2019adresser aux titulaires ou \u00e0 leurs assistants en cas de difficult\u00e9s. Des permanences sont organis\u00e9es dans les diff\u00e9rents services. Les \u00e9tudiants ne doivent pas h\u00e9siter \u00e0 se manifester s\u2019ils rencontrent des difficult\u00e9s dans les cours.<\/p>\n","protected":false},"excerpt":{"rendered":"<p>Des s\u00e9ances de rem\u00e9diations disciplinaires sont organis\u00e9es \u00e0 destination des \u00e9tudiants inscrits au 1er bloc de Bachelier pour les cours de\u00a0: Math\u00e9matiques 1, Economie politique 1, Economie politique 2, Statistique descriptive, Calcul des probabilit\u00e9s, Comptabilit\u00e9 g\u00e9n\u00e9rale. Ces s\u00e9ances, qui sont prises en charge par un personnel sp\u00e9cialis\u00e9 en la mati\u00e8re, s\u2019adressent en priorit\u00e9 aux \u00e9tudiants [&hellip;]<\/p>\n","protected":false},"author":2,"featured_media":0,"parent":173,"menu_order":1,"comment_status":"closed","ping_status":"closed","template":"","meta":{"footnotes":""},"class_list":["post-176","page","type-page","status-publish","hentry"],"yoast_head":"<!-- This site is optimized with the Yoast SEO plugin v27.2 - https:\/\/yoast.com\/product\/yoast-seo-wordpress\/ -->\n<title>Les rem\u00e9diations disciplinaires - Facult\u00e9 \/ FWEG<\/title>\n<meta name=\"robots\" content=\"index, follow, max-snippet:-1, max-image-preview:large, max-video-preview:-1\" \/>\n<link rel=\"canonical\" href=\"https:\/\/web.umons.ac.be\/fweg\/fr\/etudes\/aides-a-la-reussite\/les-activites-de-remediations-disciplinaires\/\" \/>\n<meta property=\"og:locale\" content=\"fr_FR\" \/>\n<meta property=\"og:type\" content=\"article\" \/>\n<meta property=\"og:title\" content=\"Les rem\u00e9diations disciplinaires - Facult\u00e9 \/ FWEG\" \/>\n<meta property=\"og:description\" content=\"Des s\u00e9ances de rem\u00e9diations disciplinaires sont organis\u00e9es \u00e0 destination des \u00e9tudiants inscrits au 1er bloc de Bachelier pour les cours de\u00a0: Math\u00e9matiques 1, Economie politique 1, Economie politique 2, Statistique descriptive, Calcul des probabilit\u00e9s, Comptabilit\u00e9 g\u00e9n\u00e9rale. Ces s\u00e9ances, qui sont prises en charge par un personnel sp\u00e9cialis\u00e9 en la mati\u00e8re, s\u2019adressent en priorit\u00e9 aux \u00e9tudiants [&hellip;]\" \/>\n<meta property=\"og:url\" content=\"https:\/\/web.umons.ac.be\/fweg\/fr\/etudes\/aides-a-la-reussite\/les-activites-de-remediations-disciplinaires\/\" \/>\n<meta property=\"og:site_name\" content=\"Facult\u00e9 \/ FWEG\" \/>\n<meta property=\"article:modified_time\" content=\"2022-08-10T09:35:12+00:00\" \/>\n<meta name=\"twitter:card\" content=\"summary_large_image\" \/>\n<meta name=\"twitter:label1\" content=\"Dur\u00e9e de lecture estim\u00e9e\" \/>\n\t<meta name=\"twitter:data1\" content=\"1 minute\" \/>\n<script type=\"application\/ld+json\" class=\"yoast-schema-graph\">{\"@context\":\"https:\/\/schema.org\",\"@graph\":[{\"@type\":\"WebPage\",\"@id\":\"https:\/\/web.umons.ac.be\/fweg\/fr\/etudes\/aides-a-la-reussite\/les-activites-de-remediations-disciplinaires\/\",\"url\":\"https:\/\/web.umons.ac.be\/fweg\/fr\/etudes\/aides-a-la-reussite\/les-activites-de-remediations-disciplinaires\/\",\"name\":\"Les rem\u00e9diations disciplinaires - Facult\u00e9 \/ FWEG\",\"isPartOf\":{\"@id\":\"https:\/\/web.umons.ac.be\/fweg\/#website\"},\"datePublished\":\"2017-06-29T15:18:15+00:00\",\"dateModified\":\"2022-08-10T09:35:12+00:00\",\"breadcrumb\":{\"@id\":\"https:\/\/web.umons.ac.be\/fweg\/fr\/etudes\/aides-a-la-reussite\/les-activites-de-remediations-disciplinaires\/#breadcrumb\"},\"inLanguage\":\"fr-FR\",\"potentialAction\":[{\"@type\":\"ReadAction\",\"target\":[\"https:\/\/web.umons.ac.be\/fweg\/fr\/etudes\/aides-a-la-reussite\/les-activites-de-remediations-disciplinaires\/\"]}]},{\"@type\":\"BreadcrumbList\",\"@id\":\"https:\/\/web.umons.ac.be\/fweg\/fr\/etudes\/aides-a-la-reussite\/les-activites-de-remediations-disciplinaires\/#breadcrumb\",\"itemListElement\":[{\"@type\":\"ListItem\",\"position\":1,\"name\":\"Accueil\",\"item\":\"https:\/\/web.umons.ac.be\/fweg\/fr\/\"},{\"@type\":\"ListItem\",\"position\":2,\"name\":\"Etudes\",\"item\":\"https:\/\/web.umons.ac.be\/fweg\/fr\/etudes\/\"},{\"@type\":\"ListItem\",\"position\":3,\"name\":\"Aides \u00e0 la r\u00e9ussite\",\"item\":\"https:\/\/web.umons.ac.be\/fweg\/fr\/etudes\/aides-a-la-reussite\/\"},{\"@type\":\"ListItem\",\"position\":4,\"name\":\"Les rem\u00e9diations disciplinaires\"}]},{\"@type\":\"WebSite\",\"@id\":\"https:\/\/web.umons.ac.be\/fweg\/#website\",\"url\":\"https:\/\/web.umons.ac.be\/fweg\/\",\"name\":\"Facult\u00e9 \/ FWEG\",\"description\":\"\",\"potentialAction\":[{\"@type\":\"SearchAction\",\"target\":{\"@type\":\"EntryPoint\",\"urlTemplate\":\"https:\/\/web.umons.ac.be\/fweg\/?s={search_term_string}\"},\"query-input\":{\"@type\":\"PropertyValueSpecification\",\"valueRequired\":true,\"valueName\":\"search_term_string\"}}],\"inLanguage\":\"fr-FR\"}]}<\/script>\n<!-- \/ Yoast SEO plugin. -->","yoast_head_json":{"title":"Les rem\u00e9diations disciplinaires - Facult\u00e9 \/ FWEG","robots":{"index":"index","follow":"follow","max-snippet":"max-snippet:-1","max-image-preview":"max-image-preview:large","max-video-preview":"max-video-preview:-1"},"canonical":"https:\/\/web.umons.ac.be\/fweg\/fr\/etudes\/aides-a-la-reussite\/les-activites-de-remediations-disciplinaires\/","og_locale":"fr_FR","og_type":"article","og_title":"Les rem\u00e9diations disciplinaires - Facult\u00e9 \/ FWEG","og_description":"Des s\u00e9ances de rem\u00e9diations disciplinaires sont organis\u00e9es \u00e0 destination des \u00e9tudiants inscrits au 1er bloc de Bachelier pour les cours de\u00a0: Math\u00e9matiques 1, Economie politique 1, Economie politique 2, Statistique descriptive, Calcul des probabilit\u00e9s, Comptabilit\u00e9 g\u00e9n\u00e9rale. Ces s\u00e9ances, qui sont prises en charge par un personnel sp\u00e9cialis\u00e9 en la mati\u00e8re, s\u2019adressent en priorit\u00e9 aux \u00e9tudiants [&hellip;]","og_url":"https:\/\/web.umons.ac.be\/fweg\/fr\/etudes\/aides-a-la-reussite\/les-activites-de-remediations-disciplinaires\/","og_site_name":"Facult\u00e9 \/ FWEG","article_modified_time":"2022-08-10T09:35:12+00:00","twitter_card":"summary_large_image","twitter_misc":{"Dur\u00e9e de lecture estim\u00e9e":"1 minute"},"schema":{"@context":"https:\/\/schema.org","@graph":[{"@type":"WebPage","@id":"https:\/\/web.umons.ac.be\/fweg\/fr\/etudes\/aides-a-la-reussite\/les-activites-de-remediations-disciplinaires\/","url":"https:\/\/web.umons.ac.be\/fweg\/fr\/etudes\/aides-a-la-reussite\/les-activites-de-remediations-disciplinaires\/","name":"Les rem\u00e9diations disciplinaires - Facult\u00e9 \/ FWEG","isPartOf":{"@id":"https:\/\/web.umons.ac.be\/fweg\/#website"},"datePublished":"2017-06-29T15:18:15+00:00","dateModified":"2022-08-10T09:35:12+00:00","breadcrumb":{"@id":"https:\/\/web.umons.ac.be\/fweg\/fr\/etudes\/aides-a-la-reussite\/les-activites-de-remediations-disciplinaires\/#breadcrumb"},"inLanguage":"fr-FR","potentialAction":[{"@type":"ReadAction","target":["https:\/\/web.umons.ac.be\/fweg\/fr\/etudes\/aides-a-la-reussite\/les-activites-de-remediations-disciplinaires\/"]}]},{"@type":"BreadcrumbList","@id":"https:\/\/web.umons.ac.be\/fweg\/fr\/etudes\/aides-a-la-reussite\/les-activites-de-remediations-disciplinaires\/#breadcrumb","itemListElement":[{"@type":"ListItem","position":1,"name":"Accueil","item":"https:\/\/web.umons.ac.be\/fweg\/fr\/"},{"@type":"ListItem","position":2,"name":"Etudes","item":"https:\/\/web.umons.ac.be\/fweg\/fr\/etudes\/"},{"@type":"ListItem","position":3,"name":"Aides \u00e0 la r\u00e9ussite","item":"https:\/\/web.umons.ac.be\/fweg\/fr\/etudes\/aides-a-la-reussite\/"},{"@type":"ListItem","position":4,"name":"Les rem\u00e9diations disciplinaires"}]},{"@type":"WebSite","@id":"https:\/\/web.umons.ac.be\/fweg\/#website","url":"https:\/\/web.umons.ac.be\/fweg\/","name":"Facult\u00e9 \/ FWEG","description":"","potentialAction":[{"@type":"SearchAction","target":{"@type":"EntryPoint","urlTemplate":"https:\/\/web.umons.ac.be\/fweg\/?s={search_term_string}"},"query-input":{"@type":"PropertyValueSpecification","valueRequired":true,"valueName":"search_term_string"}}],"inLanguage":"fr-FR"}]}},"lang":"fr","translations":{"fr":176,"en":667},"pll_sync_post":[],"_links":{"self":[{"href":"https:\/\/web.umons.ac.be\/fweg\/wp-json\/wp\/v2\/pages\/176","targetHints":{"allow":["GET"]}}],"collection":[{"href":"https:\/\/web.umons.ac.be\/fweg\/wp-json\/wp\/v2\/pages"}],"about":[{"href":"https:\/\/web.umons.ac.be\/fweg\/wp-json\/wp\/v2\/types\/page"}],"author":[{"embeddable":true,"href":"https:\/\/web.umons.ac.be\/fweg\/wp-json\/wp\/v2\/users\/2"}],"replies":[{"embeddable":true,"href":"https:\/\/web.umons.ac.be\/fweg\/wp-json\/wp\/v2\/comments?post=176"}],"version-history":[{"count":3,"href":"https:\/\/web.umons.ac.be\/fweg\/wp-json\/wp\/v2\/pages\/176\/revisions"}],"predecessor-version":[{"id":1991,"href":"https:\/\/web.umons.ac.be\/fweg\/wp-json\/wp\/v2\/pages\/176\/revisions\/1991"}],"up":[{"embeddable":true,"href":"https:\/\/web.umons.ac.be\/fweg\/wp-json\/wp\/v2\/pages\/173"}],"wp:attachment":[{"href":"https:\/\/web.umons.ac.be\/fweg\/wp-json\/wp\/v2\/media?parent=176"}],"curies":[{"name":"wp","href":"https:\/\/api.w.org\/{rel}","templated":true}]}}