{"id":179,"date":"2017-06-29T17:18:42","date_gmt":"2017-06-29T15:18:42","guid":{"rendered":"https:\/\/web.umons.ac.be\/fweg\/?page_id=179"},"modified":"2022-08-10T11:35:25","modified_gmt":"2022-08-10T09:35:25","slug":"le-monitorat","status":"publish","type":"page","link":"https:\/\/web.umons.ac.be\/fweg\/fr\/etudes\/aides-a-la-reussite\/le-monitorat\/","title":{"rendered":"Le monitorat"},"content":{"rendered":"<p style=\"text-align: justify\">Lorsqu\u2019on arrive \u00e0 l\u2019universit\u00e9, il n\u2019est pas toujours \u00e9vident d\u2019\u00e9tablir un contact avec les enseignants, les assistants, les chercheurs\u2026 ce seront pourtant des partenaires privil\u00e9gi\u00e9s durant tout le parcours d\u2019\u00e9tudes !<\/p>\n<p style=\"text-align: justify\">Chaque \u00e9tudiant de 1<sup>er <\/sup>bloc de Bachelier est \u00ab parrain\u00e9 \u00bb par un enseignant\/assistant de la facult\u00e9, qui l\u2019accompagne dans son processus d\u2019int\u00e9gration \u00e0 l\u2019universit\u00e9. Ils ont l\u2019occasion d\u2019\u00e9changer \u00e0 diff\u00e9rents moments de l\u2019ann\u00e9e : information et \u00e9change convivial autour d\u2019un lunch, pr\u00e9paration \u00e0 l&rsquo;\u00e9tude des examens du premier quadrimestre, remises de bulletins, \u2026. Les moniteurs sont \u00e9galement disponibles toute l\u2019ann\u00e9e et l\u2019\u00e9tudiant peut prendre contact avec son moniteur lorsqu\u2019il en ressent le besoin.<\/p>\n","protected":false},"excerpt":{"rendered":"<p>Lorsqu\u2019on arrive \u00e0 l\u2019universit\u00e9, il n\u2019est pas toujours \u00e9vident d\u2019\u00e9tablir un contact avec les enseignants, les assistants, les chercheurs\u2026 ce seront pourtant des partenaires privil\u00e9gi\u00e9s durant tout le parcours d\u2019\u00e9tudes ! Chaque \u00e9tudiant de 1er bloc de Bachelier est \u00ab parrain\u00e9 \u00bb par un enseignant\/assistant de la facult\u00e9, qui l\u2019accompagne dans son processus d\u2019int\u00e9gration \u00e0 [&hellip;]<\/p>\n","protected":false},"author":2,"featured_media":0,"parent":173,"menu_order":2,"comment_status":"closed","ping_status":"closed","template":"","meta":{"footnotes":""},"class_list":["post-179","page","type-page","status-publish","hentry"],"yoast_head":"<!-- This site is optimized with the Yoast SEO plugin v27.2 - https:\/\/yoast.com\/product\/yoast-seo-wordpress\/ -->\n<title>Le monitorat - Facult\u00e9 \/ FWEG<\/title>\n<meta name=\"robots\" content=\"index, follow, max-snippet:-1, max-image-preview:large, max-video-preview:-1\" \/>\n<link rel=\"canonical\" href=\"https:\/\/web.umons.ac.be\/fweg\/fr\/etudes\/aides-a-la-reussite\/le-monitorat\/\" \/>\n<meta property=\"og:locale\" content=\"fr_FR\" \/>\n<meta property=\"og:type\" content=\"article\" \/>\n<meta property=\"og:title\" content=\"Le monitorat - Facult\u00e9 \/ FWEG\" \/>\n<meta property=\"og:description\" content=\"Lorsqu\u2019on arrive \u00e0 l\u2019universit\u00e9, il n\u2019est pas toujours \u00e9vident d\u2019\u00e9tablir un contact avec les enseignants, les assistants, les chercheurs\u2026 ce seront pourtant des partenaires privil\u00e9gi\u00e9s durant tout le parcours d\u2019\u00e9tudes ! Chaque \u00e9tudiant de 1er bloc de Bachelier est \u00ab parrain\u00e9 \u00bb par un enseignant\/assistant de la facult\u00e9, qui l\u2019accompagne dans son processus d\u2019int\u00e9gration \u00e0 [&hellip;]\" \/>\n<meta property=\"og:url\" content=\"https:\/\/web.umons.ac.be\/fweg\/fr\/etudes\/aides-a-la-reussite\/le-monitorat\/\" \/>\n<meta property=\"og:site_name\" content=\"Facult\u00e9 \/ FWEG\" \/>\n<meta property=\"article:modified_time\" content=\"2022-08-10T09:35:25+00:00\" \/>\n<meta name=\"twitter:card\" content=\"summary_large_image\" \/>\n<meta name=\"twitter:label1\" content=\"Dur\u00e9e de lecture estim\u00e9e\" \/>\n\t<meta name=\"twitter:data1\" content=\"1 minute\" \/>\n<script type=\"application\/ld+json\" class=\"yoast-schema-graph\">{\"@context\":\"https:\/\/schema.org\",\"@graph\":[{\"@type\":\"WebPage\",\"@id\":\"https:\/\/web.umons.ac.be\/fweg\/fr\/etudes\/aides-a-la-reussite\/le-monitorat\/\",\"url\":\"https:\/\/web.umons.ac.be\/fweg\/fr\/etudes\/aides-a-la-reussite\/le-monitorat\/\",\"name\":\"Le monitorat - Facult\u00e9 \/ FWEG\",\"isPartOf\":{\"@id\":\"https:\/\/web.umons.ac.be\/fweg\/#website\"},\"datePublished\":\"2017-06-29T15:18:42+00:00\",\"dateModified\":\"2022-08-10T09:35:25+00:00\",\"breadcrumb\":{\"@id\":\"https:\/\/web.umons.ac.be\/fweg\/fr\/etudes\/aides-a-la-reussite\/le-monitorat\/#breadcrumb\"},\"inLanguage\":\"fr-FR\",\"potentialAction\":[{\"@type\":\"ReadAction\",\"target\":[\"https:\/\/web.umons.ac.be\/fweg\/fr\/etudes\/aides-a-la-reussite\/le-monitorat\/\"]}]},{\"@type\":\"BreadcrumbList\",\"@id\":\"https:\/\/web.umons.ac.be\/fweg\/fr\/etudes\/aides-a-la-reussite\/le-monitorat\/#breadcrumb\",\"itemListElement\":[{\"@type\":\"ListItem\",\"position\":1,\"name\":\"Accueil\",\"item\":\"https:\/\/web.umons.ac.be\/fweg\/fr\/\"},{\"@type\":\"ListItem\",\"position\":2,\"name\":\"Etudes\",\"item\":\"https:\/\/web.umons.ac.be\/fweg\/fr\/etudes\/\"},{\"@type\":\"ListItem\",\"position\":3,\"name\":\"Aides \u00e0 la r\u00e9ussite\",\"item\":\"https:\/\/web.umons.ac.be\/fweg\/fr\/etudes\/aides-a-la-reussite\/\"},{\"@type\":\"ListItem\",\"position\":4,\"name\":\"Le monitorat\"}]},{\"@type\":\"WebSite\",\"@id\":\"https:\/\/web.umons.ac.be\/fweg\/#website\",\"url\":\"https:\/\/web.umons.ac.be\/fweg\/\",\"name\":\"Facult\u00e9 \/ FWEG\",\"description\":\"\",\"potentialAction\":[{\"@type\":\"SearchAction\",\"target\":{\"@type\":\"EntryPoint\",\"urlTemplate\":\"https:\/\/web.umons.ac.be\/fweg\/?s={search_term_string}\"},\"query-input\":{\"@type\":\"PropertyValueSpecification\",\"valueRequired\":true,\"valueName\":\"search_term_string\"}}],\"inLanguage\":\"fr-FR\"}]}<\/script>\n<!-- \/ Yoast SEO plugin. -->","yoast_head_json":{"title":"Le monitorat - Facult\u00e9 \/ FWEG","robots":{"index":"index","follow":"follow","max-snippet":"max-snippet:-1","max-image-preview":"max-image-preview:large","max-video-preview":"max-video-preview:-1"},"canonical":"https:\/\/web.umons.ac.be\/fweg\/fr\/etudes\/aides-a-la-reussite\/le-monitorat\/","og_locale":"fr_FR","og_type":"article","og_title":"Le monitorat - Facult\u00e9 \/ FWEG","og_description":"Lorsqu\u2019on arrive \u00e0 l\u2019universit\u00e9, il n\u2019est pas toujours \u00e9vident d\u2019\u00e9tablir un contact avec les enseignants, les assistants, les chercheurs\u2026 ce seront pourtant des partenaires privil\u00e9gi\u00e9s durant tout le parcours d\u2019\u00e9tudes ! Chaque \u00e9tudiant de 1er bloc de Bachelier est \u00ab parrain\u00e9 \u00bb par un enseignant\/assistant de la facult\u00e9, qui l\u2019accompagne dans son processus d\u2019int\u00e9gration \u00e0 [&hellip;]","og_url":"https:\/\/web.umons.ac.be\/fweg\/fr\/etudes\/aides-a-la-reussite\/le-monitorat\/","og_site_name":"Facult\u00e9 \/ FWEG","article_modified_time":"2022-08-10T09:35:25+00:00","twitter_card":"summary_large_image","twitter_misc":{"Dur\u00e9e de lecture estim\u00e9e":"1 minute"},"schema":{"@context":"https:\/\/schema.org","@graph":[{"@type":"WebPage","@id":"https:\/\/web.umons.ac.be\/fweg\/fr\/etudes\/aides-a-la-reussite\/le-monitorat\/","url":"https:\/\/web.umons.ac.be\/fweg\/fr\/etudes\/aides-a-la-reussite\/le-monitorat\/","name":"Le monitorat - Facult\u00e9 \/ FWEG","isPartOf":{"@id":"https:\/\/web.umons.ac.be\/fweg\/#website"},"datePublished":"2017-06-29T15:18:42+00:00","dateModified":"2022-08-10T09:35:25+00:00","breadcrumb":{"@id":"https:\/\/web.umons.ac.be\/fweg\/fr\/etudes\/aides-a-la-reussite\/le-monitorat\/#breadcrumb"},"inLanguage":"fr-FR","potentialAction":[{"@type":"ReadAction","target":["https:\/\/web.umons.ac.be\/fweg\/fr\/etudes\/aides-a-la-reussite\/le-monitorat\/"]}]},{"@type":"BreadcrumbList","@id":"https:\/\/web.umons.ac.be\/fweg\/fr\/etudes\/aides-a-la-reussite\/le-monitorat\/#breadcrumb","itemListElement":[{"@type":"ListItem","position":1,"name":"Accueil","item":"https:\/\/web.umons.ac.be\/fweg\/fr\/"},{"@type":"ListItem","position":2,"name":"Etudes","item":"https:\/\/web.umons.ac.be\/fweg\/fr\/etudes\/"},{"@type":"ListItem","position":3,"name":"Aides \u00e0 la r\u00e9ussite","item":"https:\/\/web.umons.ac.be\/fweg\/fr\/etudes\/aides-a-la-reussite\/"},{"@type":"ListItem","position":4,"name":"Le monitorat"}]},{"@type":"WebSite","@id":"https:\/\/web.umons.ac.be\/fweg\/#website","url":"https:\/\/web.umons.ac.be\/fweg\/","name":"Facult\u00e9 \/ FWEG","description":"","potentialAction":[{"@type":"SearchAction","target":{"@type":"EntryPoint","urlTemplate":"https:\/\/web.umons.ac.be\/fweg\/?s={search_term_string}"},"query-input":{"@type":"PropertyValueSpecification","valueRequired":true,"valueName":"search_term_string"}}],"inLanguage":"fr-FR"}]}},"lang":"fr","translations":{"fr":179,"en":670},"pll_sync_post":[],"_links":{"self":[{"href":"https:\/\/web.umons.ac.be\/fweg\/wp-json\/wp\/v2\/pages\/179","targetHints":{"allow":["GET"]}}],"collection":[{"href":"https:\/\/web.umons.ac.be\/fweg\/wp-json\/wp\/v2\/pages"}],"about":[{"href":"https:\/\/web.umons.ac.be\/fweg\/wp-json\/wp\/v2\/types\/page"}],"author":[{"embeddable":true,"href":"https:\/\/web.umons.ac.be\/fweg\/wp-json\/wp\/v2\/users\/2"}],"replies":[{"embeddable":true,"href":"https:\/\/web.umons.ac.be\/fweg\/wp-json\/wp\/v2\/comments?post=179"}],"version-history":[{"count":2,"href":"https:\/\/web.umons.ac.be\/fweg\/wp-json\/wp\/v2\/pages\/179\/revisions"}],"predecessor-version":[{"id":1992,"href":"https:\/\/web.umons.ac.be\/fweg\/wp-json\/wp\/v2\/pages\/179\/revisions\/1992"}],"up":[{"embeddable":true,"href":"https:\/\/web.umons.ac.be\/fweg\/wp-json\/wp\/v2\/pages\/173"}],"wp:attachment":[{"href":"https:\/\/web.umons.ac.be\/fweg\/wp-json\/wp\/v2\/media?parent=179"}],"curies":[{"name":"wp","href":"https:\/\/api.w.org\/{rel}","templated":true}]}}