{"id":185,"date":"2017-06-29T17:20:03","date_gmt":"2017-06-29T15:20:03","guid":{"rendered":"https:\/\/web.umons.ac.be\/fweg\/?page_id=185"},"modified":"2022-08-10T11:35:47","modified_gmt":"2022-08-10T09:35:47","slug":"les-interrogations-tests","status":"publish","type":"page","link":"https:\/\/web.umons.ac.be\/fweg\/fr\/etudes\/aides-a-la-reussite\/les-interrogations-tests\/","title":{"rendered":"Les interrogations-tests"},"content":{"rendered":"<p style=\"text-align: justify\">Travailler r\u00e9guli\u00e8rement, ne pas laisser s\u2019accumuler les mati\u00e8res, v\u00e9rifier sa bonne compr\u00e9hension en se testant\u2026, autant de pratiques qui permettent de construire sa r\u00e9ussite. C\u2019est pourquoi plusieurs interrogations sont organis\u00e9es sur la plupart des mati\u00e8res vues durant l\u2019ann\u00e9e. Ces interrogations permettent de prendre connaissance du type de questions et du degr\u00e9 de pr\u00e9cision attendu par l\u2019enseignant.<\/p>\n<p style=\"text-align: justify\">Tous les \u00e9tudiants sont vivement encourag\u00e9s \u00e0 participer, un bonus laiss\u00e9 \u00e0 l\u2019appr\u00e9ciation de l\u2019enseignant pouvant \u00eatre attribu\u00e9 aux \u00e9tudiants qui obtiennent une note satisfaisante.<\/p>\n","protected":false},"excerpt":{"rendered":"<p>Travailler r\u00e9guli\u00e8rement, ne pas laisser s\u2019accumuler les mati\u00e8res, v\u00e9rifier sa bonne compr\u00e9hension en se testant\u2026, autant de pratiques qui permettent de construire sa r\u00e9ussite. C\u2019est pourquoi plusieurs interrogations sont organis\u00e9es sur la plupart des mati\u00e8res vues durant l\u2019ann\u00e9e. Ces interrogations permettent de prendre connaissance du type de questions et du degr\u00e9 de pr\u00e9cision attendu par [&hellip;]<\/p>\n","protected":false},"author":2,"featured_media":0,"parent":173,"menu_order":4,"comment_status":"closed","ping_status":"closed","template":"","meta":{"footnotes":""},"class_list":["post-185","page","type-page","status-publish","hentry"],"yoast_head":"<!-- This site is optimized with the Yoast SEO plugin v27.2 - https:\/\/yoast.com\/product\/yoast-seo-wordpress\/ -->\n<title>Les interrogations-tests - Facult\u00e9 \/ FWEG<\/title>\n<meta name=\"robots\" content=\"index, follow, max-snippet:-1, max-image-preview:large, max-video-preview:-1\" \/>\n<link rel=\"canonical\" href=\"https:\/\/web.umons.ac.be\/fweg\/fr\/etudes\/aides-a-la-reussite\/les-interrogations-tests\/\" \/>\n<meta property=\"og:locale\" content=\"fr_FR\" \/>\n<meta property=\"og:type\" content=\"article\" \/>\n<meta property=\"og:title\" content=\"Les interrogations-tests - Facult\u00e9 \/ FWEG\" \/>\n<meta property=\"og:description\" content=\"Travailler r\u00e9guli\u00e8rement, ne pas laisser s\u2019accumuler les mati\u00e8res, v\u00e9rifier sa bonne compr\u00e9hension en se testant\u2026, autant de pratiques qui permettent de construire sa r\u00e9ussite. C\u2019est pourquoi plusieurs interrogations sont organis\u00e9es sur la plupart des mati\u00e8res vues durant l\u2019ann\u00e9e. Ces interrogations permettent de prendre connaissance du type de questions et du degr\u00e9 de pr\u00e9cision attendu par [&hellip;]\" \/>\n<meta property=\"og:url\" content=\"https:\/\/web.umons.ac.be\/fweg\/fr\/etudes\/aides-a-la-reussite\/les-interrogations-tests\/\" \/>\n<meta property=\"og:site_name\" content=\"Facult\u00e9 \/ FWEG\" \/>\n<meta property=\"article:modified_time\" content=\"2022-08-10T09:35:47+00:00\" \/>\n<meta name=\"twitter:card\" content=\"summary_large_image\" \/>\n<meta name=\"twitter:label1\" content=\"Dur\u00e9e de lecture estim\u00e9e\" \/>\n\t<meta name=\"twitter:data1\" content=\"1 minute\" \/>\n<script type=\"application\/ld+json\" class=\"yoast-schema-graph\">{\"@context\":\"https:\/\/schema.org\",\"@graph\":[{\"@type\":\"WebPage\",\"@id\":\"https:\/\/web.umons.ac.be\/fweg\/fr\/etudes\/aides-a-la-reussite\/les-interrogations-tests\/\",\"url\":\"https:\/\/web.umons.ac.be\/fweg\/fr\/etudes\/aides-a-la-reussite\/les-interrogations-tests\/\",\"name\":\"Les interrogations-tests - Facult\u00e9 \/ FWEG\",\"isPartOf\":{\"@id\":\"https:\/\/web.umons.ac.be\/fweg\/#website\"},\"datePublished\":\"2017-06-29T15:20:03+00:00\",\"dateModified\":\"2022-08-10T09:35:47+00:00\",\"breadcrumb\":{\"@id\":\"https:\/\/web.umons.ac.be\/fweg\/fr\/etudes\/aides-a-la-reussite\/les-interrogations-tests\/#breadcrumb\"},\"inLanguage\":\"fr-FR\",\"potentialAction\":[{\"@type\":\"ReadAction\",\"target\":[\"https:\/\/web.umons.ac.be\/fweg\/fr\/etudes\/aides-a-la-reussite\/les-interrogations-tests\/\"]}]},{\"@type\":\"BreadcrumbList\",\"@id\":\"https:\/\/web.umons.ac.be\/fweg\/fr\/etudes\/aides-a-la-reussite\/les-interrogations-tests\/#breadcrumb\",\"itemListElement\":[{\"@type\":\"ListItem\",\"position\":1,\"name\":\"Accueil\",\"item\":\"https:\/\/web.umons.ac.be\/fweg\/fr\/\"},{\"@type\":\"ListItem\",\"position\":2,\"name\":\"Etudes\",\"item\":\"https:\/\/web.umons.ac.be\/fweg\/fr\/etudes\/\"},{\"@type\":\"ListItem\",\"position\":3,\"name\":\"Aides \u00e0 la r\u00e9ussite\",\"item\":\"https:\/\/web.umons.ac.be\/fweg\/fr\/etudes\/aides-a-la-reussite\/\"},{\"@type\":\"ListItem\",\"position\":4,\"name\":\"Les interrogations-tests\"}]},{\"@type\":\"WebSite\",\"@id\":\"https:\/\/web.umons.ac.be\/fweg\/#website\",\"url\":\"https:\/\/web.umons.ac.be\/fweg\/\",\"name\":\"Facult\u00e9 \/ FWEG\",\"description\":\"\",\"potentialAction\":[{\"@type\":\"SearchAction\",\"target\":{\"@type\":\"EntryPoint\",\"urlTemplate\":\"https:\/\/web.umons.ac.be\/fweg\/?s={search_term_string}\"},\"query-input\":{\"@type\":\"PropertyValueSpecification\",\"valueRequired\":true,\"valueName\":\"search_term_string\"}}],\"inLanguage\":\"fr-FR\"}]}<\/script>\n<!-- \/ Yoast SEO plugin. -->","yoast_head_json":{"title":"Les interrogations-tests - Facult\u00e9 \/ FWEG","robots":{"index":"index","follow":"follow","max-snippet":"max-snippet:-1","max-image-preview":"max-image-preview:large","max-video-preview":"max-video-preview:-1"},"canonical":"https:\/\/web.umons.ac.be\/fweg\/fr\/etudes\/aides-a-la-reussite\/les-interrogations-tests\/","og_locale":"fr_FR","og_type":"article","og_title":"Les interrogations-tests - Facult\u00e9 \/ FWEG","og_description":"Travailler r\u00e9guli\u00e8rement, ne pas laisser s\u2019accumuler les mati\u00e8res, v\u00e9rifier sa bonne compr\u00e9hension en se testant\u2026, autant de pratiques qui permettent de construire sa r\u00e9ussite. C\u2019est pourquoi plusieurs interrogations sont organis\u00e9es sur la plupart des mati\u00e8res vues durant l\u2019ann\u00e9e. Ces interrogations permettent de prendre connaissance du type de questions et du degr\u00e9 de pr\u00e9cision attendu par [&hellip;]","og_url":"https:\/\/web.umons.ac.be\/fweg\/fr\/etudes\/aides-a-la-reussite\/les-interrogations-tests\/","og_site_name":"Facult\u00e9 \/ FWEG","article_modified_time":"2022-08-10T09:35:47+00:00","twitter_card":"summary_large_image","twitter_misc":{"Dur\u00e9e de lecture estim\u00e9e":"1 minute"},"schema":{"@context":"https:\/\/schema.org","@graph":[{"@type":"WebPage","@id":"https:\/\/web.umons.ac.be\/fweg\/fr\/etudes\/aides-a-la-reussite\/les-interrogations-tests\/","url":"https:\/\/web.umons.ac.be\/fweg\/fr\/etudes\/aides-a-la-reussite\/les-interrogations-tests\/","name":"Les interrogations-tests - Facult\u00e9 \/ FWEG","isPartOf":{"@id":"https:\/\/web.umons.ac.be\/fweg\/#website"},"datePublished":"2017-06-29T15:20:03+00:00","dateModified":"2022-08-10T09:35:47+00:00","breadcrumb":{"@id":"https:\/\/web.umons.ac.be\/fweg\/fr\/etudes\/aides-a-la-reussite\/les-interrogations-tests\/#breadcrumb"},"inLanguage":"fr-FR","potentialAction":[{"@type":"ReadAction","target":["https:\/\/web.umons.ac.be\/fweg\/fr\/etudes\/aides-a-la-reussite\/les-interrogations-tests\/"]}]},{"@type":"BreadcrumbList","@id":"https:\/\/web.umons.ac.be\/fweg\/fr\/etudes\/aides-a-la-reussite\/les-interrogations-tests\/#breadcrumb","itemListElement":[{"@type":"ListItem","position":1,"name":"Accueil","item":"https:\/\/web.umons.ac.be\/fweg\/fr\/"},{"@type":"ListItem","position":2,"name":"Etudes","item":"https:\/\/web.umons.ac.be\/fweg\/fr\/etudes\/"},{"@type":"ListItem","position":3,"name":"Aides \u00e0 la r\u00e9ussite","item":"https:\/\/web.umons.ac.be\/fweg\/fr\/etudes\/aides-a-la-reussite\/"},{"@type":"ListItem","position":4,"name":"Les interrogations-tests"}]},{"@type":"WebSite","@id":"https:\/\/web.umons.ac.be\/fweg\/#website","url":"https:\/\/web.umons.ac.be\/fweg\/","name":"Facult\u00e9 \/ FWEG","description":"","potentialAction":[{"@type":"SearchAction","target":{"@type":"EntryPoint","urlTemplate":"https:\/\/web.umons.ac.be\/fweg\/?s={search_term_string}"},"query-input":{"@type":"PropertyValueSpecification","valueRequired":true,"valueName":"search_term_string"}}],"inLanguage":"fr-FR"}]}},"lang":"fr","translations":{"fr":185,"en":676},"pll_sync_post":[],"_links":{"self":[{"href":"https:\/\/web.umons.ac.be\/fweg\/wp-json\/wp\/v2\/pages\/185","targetHints":{"allow":["GET"]}}],"collection":[{"href":"https:\/\/web.umons.ac.be\/fweg\/wp-json\/wp\/v2\/pages"}],"about":[{"href":"https:\/\/web.umons.ac.be\/fweg\/wp-json\/wp\/v2\/types\/page"}],"author":[{"embeddable":true,"href":"https:\/\/web.umons.ac.be\/fweg\/wp-json\/wp\/v2\/users\/2"}],"replies":[{"embeddable":true,"href":"https:\/\/web.umons.ac.be\/fweg\/wp-json\/wp\/v2\/comments?post=185"}],"version-history":[{"count":1,"href":"https:\/\/web.umons.ac.be\/fweg\/wp-json\/wp\/v2\/pages\/185\/revisions"}],"predecessor-version":[{"id":1993,"href":"https:\/\/web.umons.ac.be\/fweg\/wp-json\/wp\/v2\/pages\/185\/revisions\/1993"}],"up":[{"embeddable":true,"href":"https:\/\/web.umons.ac.be\/fweg\/wp-json\/wp\/v2\/pages\/173"}],"wp:attachment":[{"href":"https:\/\/web.umons.ac.be\/fweg\/wp-json\/wp\/v2\/media?parent=185"}],"curies":[{"name":"wp","href":"https:\/\/api.w.org\/{rel}","templated":true}]}}