{"id":294,"date":"2017-07-06T17:46:38","date_gmt":"2017-07-06T15:46:38","guid":{"rendered":"https:\/\/web.umons.ac.be\/fweg\/?page_id=294"},"modified":"2021-01-06T11:30:44","modified_gmt":"2021-01-06T10:30:44","slug":"de-la-theorie-a-la-pratique","status":"publish","type":"page","link":"https:\/\/web.umons.ac.be\/fweg\/fr\/etudes\/de-la-theorie-a-la-pratique\/","title":{"rendered":"De la th\u00e9orie \u00e0 la pratique"},"content":{"rendered":"<p>Les \u00e9tudes universitaires sont souvent r\u00e9put\u00e9es pour \u00eatre des \u00e9tudes tr\u00e8s th\u00e9oriques. Certes, nous devons inculquer des bases th\u00e9oriques aux \u00e9tudiants mais nous devons \u00e9galement leur offrir la possibilit\u00e9 de mettre les notions apprises en pratique afin qu\u2019ils soient le plus op\u00e9rationnels possibles lorsqu\u2019ils rejoindront le monde du travail. Cette approche pratique passe par la r\u00e9alisation d\u2019\u00e9tudes de cas, l\u2019organisation de s\u00e9minaires, l\u2019invitation de repr\u00e9sentants du monde professionnel dans les cours, l\u2019organisation de visites d\u2019entreprises\u2026<\/p>\n<p>Voici quelques \u00e9l\u00e9ments qui vous d\u00e9montreront que la pratique prend une place importante \u00e0 la FWEG.<\/p>\n<start-cask-shortcode-wrapper><end-cask-shortcode-wrapper>\n<p>&nbsp;<\/p>\n<start-cask-shortcode-wrapper>\n<blockquote class=\"shortcode-testimonial scheme-fweg\">\n    <div class=\"testimonial-quote\">\n        <div>J\u2019ai obtenu mon dipl\u00f4me en tant qu\u2019ing\u00e9nieur de gestion, sp\u00e9cialisation finance intensive, en 2019. Pendant mes \u00e9tudes, j\u2019\u00e9tais int\u00e9ress\u00e9 par presque tous les domaines mais je portais un plus gros int&hellip;<\/div>\n                <a href=\"#testimonial-modal-1636\" class=\"button-secondary open-testimonial scheme-border scheme-color-hover-important\">\n            Poursuivre la lecture <span class=\"icon umons-icon-tail-right\" aria-hidden=\"true\"><\/span>\n        <\/a>\n            <\/div>\n    <div class=\"testimonial-author\">\n                <div class=\"testimonial-picture\">\n            <img decoding=\"async\" src=\"https:\/\/web.umons.ac.be\/app\/uploads\/sites\/9\/2021\/01\/Attilio_di-bella-1-80x80.jpeg\" alt=\"\" \/>\n        <\/div>\n                <div class=\"testimonial-text\">\n            <div class=\"testimonial-identity\">\n                <span class=\"testimonial-author-name\">Attilio Di Bella<\/span>\n                            <\/div>\n            <div class=\"testimonial-meta\">\n                                            <\/div>\n        <\/div>\n    <\/div>\n<\/blockquote>\n<div id=\"testimonial-modal-1636\" class=\"testimonial-modal-wrap normal\" style=\"display: none;\">\n    <div class=\"shortcode-testimonial-modal\">\n        <blockquote class=\"shortcode-testimonial\">\n            <div class=\"testimonial-quote editor-front\">\n                                <blockquote class=\"highlighted-quote\">J\u2019ai obtenu mon dipl\u00f4me en tant qu\u2019ing\u00e9nieur de gestion, sp\u00e9cialisation finance intensive, en 2019. Pendant mes \u00e9tudes, j\u2019\u00e9tais int\u00e9ress\u00e9 par presque tous les domaines mais je portais un plus gros int\u00e9r\u00eat pour la finance et l\u2019entrepreneuriat. Notre dipl\u00f4me m\u00e8ne \u00e0 des emplois tr\u00e8s vari\u00e9s et, en ce qui me concerne, je n\u2019avais pas une id\u00e9e\u2026<\/blockquote>\n                                                <div class=\"testimonial-full-quote\"><p>J\u2019ai obtenu mon dipl\u00f4me en tant qu\u2019ing\u00e9nieur de gestion, sp\u00e9cialisation finance intensive, en 2019. Pendant mes \u00e9tudes, j\u2019\u00e9tais int\u00e9ress\u00e9 par presque tous les domaines mais je portais un plus gros int\u00e9r\u00eat pour la finance et l\u2019entrepreneuriat. Notre dipl\u00f4me m\u00e8ne \u00e0 des emplois tr\u00e8s vari\u00e9s et, en ce qui me concerne, je n\u2019avais pas une id\u00e9e ferme du secteur dans lequel je voulais travailler.<br \/>\nLa finance peut d\u00e9boucher vers des m\u00e9tiers tr\u00e8s int\u00e9ressants et le fait qu\u2019elle apparait compliqu\u00e9e pour certains devrait constituer un challenge et non pas la peur de l\u2019\u00e9chec. Pour ma part, j\u2019\u00e9tais \u00e9galement tr\u00e8s int\u00e9ress\u00e9 par l\u2019entrepreneuriat. L\u2019entrepreneuriat, ce n\u2019est pas uniquement le fait d\u2019entreprendre, c\u2019est \u00e9galement vouloir aider les entrepreneurs, les ind\u00e9pendants et les PME, que ce soit dans le conseil ou l\u2019octroi de financements.<br \/>\nAujourd\u2019hui, je suis analyste financier \u00e0 l\u2019Invest Mons Borinage Centre. Concr\u00e8tement notre mission est d\u2019accorder des pr\u00eats aux PME de la r\u00e9gion et donc de promouvoir le tissu \u00e9conomique local. En tant qu\u2019analyste financier notre fonction consiste dans un premier temps \u00e0 rencontrer le dirigeant ou responsable financier des soci\u00e9t\u00e9s en demande de financement, nous collaborons \u00e9galement avec les banquiers afin de boucler les montages financiers. Lors de la r\u00e9daction des dossiers nous devons \u00e0 la fois d\u00e9terminer la bonne sant\u00e9 financi\u00e8re de la soci\u00e9t\u00e9 mais \u00e9galement \u00e9tablir la viabilit\u00e9 technique et commerciale de l\u2019entreprise. C\u2019est tr\u00e8s vari\u00e9 et enrichissant, nous pouvons analyser le business d\u2019un simple restaurant un jour et le lendemain essayer de comprendre le m\u00e9tier d\u2019une biotech op\u00e9rant dans un secteur tr\u00e8s pointu.<\/p>\n<\/div>\n                            <\/div>\n            <div class=\"testimonial-author\">\n                                <div class=\"testimonial-picture\">\n                    <img decoding=\"async\" src=\"https:\/\/web.umons.ac.be\/app\/uploads\/sites\/9\/2021\/01\/Attilio_di-bella-1-80x80.jpeg\" alt=\"\" \/>\n                <\/div>\n                                <div class=\"testimonial-text\">\n                    <div class=\"testimonial-identity\">\n                        <span class=\"testimonial-author-name\">Attilio Di Bella<\/span>\n                                            <\/div>\n                    <div class=\"testimonial-meta\">\n                                                                    <\/div>\n                <\/div>\n            <\/div>\n        <\/blockquote>\n    <\/div>\n<\/div>\n<end-cask-shortcode-wrapper>\n","protected":false},"excerpt":{"rendered":"<p>Les \u00e9tudes universitaires sont souvent r\u00e9put\u00e9es pour \u00eatre des \u00e9tudes tr\u00e8s th\u00e9oriques. Certes, nous devons inculquer des bases th\u00e9oriques aux \u00e9tudiants mais nous devons \u00e9galement leur offrir la possibilit\u00e9 de mettre les notions apprises en pratique afin qu\u2019ils soient le plus op\u00e9rationnels possibles lorsqu\u2019ils rejoindront le monde du travail. Cette approche pratique passe par la [&hellip;]<\/p>\n","protected":false},"author":2,"featured_media":0,"parent":601,"menu_order":3,"comment_status":"closed","ping_status":"closed","template":"","meta":{"footnotes":""},"class_list":["post-294","page","type-page","status-publish","hentry"],"yoast_head":"<!-- This site is optimized with the Yoast SEO plugin v27.2 - https:\/\/yoast.com\/product\/yoast-seo-wordpress\/ -->\n<title>De la th\u00e9orie \u00e0 la pratique - Facult\u00e9 \/ FWEG<\/title>\n<meta name=\"robots\" content=\"index, follow, max-snippet:-1, max-image-preview:large, max-video-preview:-1\" \/>\n<link rel=\"canonical\" href=\"https:\/\/web.umons.ac.be\/fweg\/fr\/etudes\/de-la-theorie-a-la-pratique\/\" \/>\n<meta property=\"og:locale\" content=\"fr_FR\" \/>\n<meta property=\"og:type\" content=\"article\" \/>\n<meta property=\"og:title\" content=\"De la th\u00e9orie \u00e0 la pratique - Facult\u00e9 \/ FWEG\" \/>\n<meta property=\"og:description\" content=\"Les \u00e9tudes universitaires sont souvent r\u00e9put\u00e9es pour \u00eatre des \u00e9tudes tr\u00e8s th\u00e9oriques. Certes, nous devons inculquer des bases th\u00e9oriques aux \u00e9tudiants mais nous devons \u00e9galement leur offrir la possibilit\u00e9 de mettre les notions apprises en pratique afin qu\u2019ils soient le plus op\u00e9rationnels possibles lorsqu\u2019ils rejoindront le monde du travail. Cette approche pratique passe par la [&hellip;]\" \/>\n<meta property=\"og:url\" content=\"https:\/\/web.umons.ac.be\/fweg\/fr\/etudes\/de-la-theorie-a-la-pratique\/\" \/>\n<meta property=\"og:site_name\" content=\"Facult\u00e9 \/ FWEG\" \/>\n<meta property=\"article:modified_time\" content=\"2021-01-06T10:30:44+00:00\" \/>\n<meta name=\"twitter:card\" content=\"summary_large_image\" \/>\n<meta name=\"twitter:label1\" content=\"Dur\u00e9e de lecture estim\u00e9e\" \/>\n\t<meta name=\"twitter:data1\" content=\"1 minute\" \/>\n<script type=\"application\/ld+json\" class=\"yoast-schema-graph\">{\"@context\":\"https:\/\/schema.org\",\"@graph\":[{\"@type\":\"WebPage\",\"@id\":\"https:\/\/web.umons.ac.be\/fweg\/fr\/etudes\/de-la-theorie-a-la-pratique\/\",\"url\":\"https:\/\/web.umons.ac.be\/fweg\/fr\/etudes\/de-la-theorie-a-la-pratique\/\",\"name\":\"De la th\u00e9orie \u00e0 la pratique - Facult\u00e9 \/ FWEG\",\"isPartOf\":{\"@id\":\"https:\/\/web.umons.ac.be\/fweg\/#website\"},\"datePublished\":\"2017-07-06T15:46:38+00:00\",\"dateModified\":\"2021-01-06T10:30:44+00:00\",\"breadcrumb\":{\"@id\":\"https:\/\/web.umons.ac.be\/fweg\/fr\/etudes\/de-la-theorie-a-la-pratique\/#breadcrumb\"},\"inLanguage\":\"fr-FR\",\"potentialAction\":[{\"@type\":\"ReadAction\",\"target\":[\"https:\/\/web.umons.ac.be\/fweg\/fr\/etudes\/de-la-theorie-a-la-pratique\/\"]}]},{\"@type\":\"BreadcrumbList\",\"@id\":\"https:\/\/web.umons.ac.be\/fweg\/fr\/etudes\/de-la-theorie-a-la-pratique\/#breadcrumb\",\"itemListElement\":[{\"@type\":\"ListItem\",\"position\":1,\"name\":\"Accueil\",\"item\":\"https:\/\/web.umons.ac.be\/fweg\/fr\/\"},{\"@type\":\"ListItem\",\"position\":2,\"name\":\"Etudes\",\"item\":\"https:\/\/web.umons.ac.be\/fweg\/fr\/etudes\/\"},{\"@type\":\"ListItem\",\"position\":3,\"name\":\"De la th\u00e9orie \u00e0 la pratique\"}]},{\"@type\":\"WebSite\",\"@id\":\"https:\/\/web.umons.ac.be\/fweg\/#website\",\"url\":\"https:\/\/web.umons.ac.be\/fweg\/\",\"name\":\"Facult\u00e9 \/ FWEG\",\"description\":\"\",\"potentialAction\":[{\"@type\":\"SearchAction\",\"target\":{\"@type\":\"EntryPoint\",\"urlTemplate\":\"https:\/\/web.umons.ac.be\/fweg\/?s={search_term_string}\"},\"query-input\":{\"@type\":\"PropertyValueSpecification\",\"valueRequired\":true,\"valueName\":\"search_term_string\"}}],\"inLanguage\":\"fr-FR\"}]}<\/script>\n<!-- \/ Yoast SEO plugin. -->","yoast_head_json":{"title":"De la th\u00e9orie \u00e0 la pratique - Facult\u00e9 \/ FWEG","robots":{"index":"index","follow":"follow","max-snippet":"max-snippet:-1","max-image-preview":"max-image-preview:large","max-video-preview":"max-video-preview:-1"},"canonical":"https:\/\/web.umons.ac.be\/fweg\/fr\/etudes\/de-la-theorie-a-la-pratique\/","og_locale":"fr_FR","og_type":"article","og_title":"De la th\u00e9orie \u00e0 la pratique - Facult\u00e9 \/ FWEG","og_description":"Les \u00e9tudes universitaires sont souvent r\u00e9put\u00e9es pour \u00eatre des \u00e9tudes tr\u00e8s th\u00e9oriques. Certes, nous devons inculquer des bases th\u00e9oriques aux \u00e9tudiants mais nous devons \u00e9galement leur offrir la possibilit\u00e9 de mettre les notions apprises en pratique afin qu\u2019ils soient le plus op\u00e9rationnels possibles lorsqu\u2019ils rejoindront le monde du travail. Cette approche pratique passe par la [&hellip;]","og_url":"https:\/\/web.umons.ac.be\/fweg\/fr\/etudes\/de-la-theorie-a-la-pratique\/","og_site_name":"Facult\u00e9 \/ FWEG","article_modified_time":"2021-01-06T10:30:44+00:00","twitter_card":"summary_large_image","twitter_misc":{"Dur\u00e9e de lecture estim\u00e9e":"1 minute"},"schema":{"@context":"https:\/\/schema.org","@graph":[{"@type":"WebPage","@id":"https:\/\/web.umons.ac.be\/fweg\/fr\/etudes\/de-la-theorie-a-la-pratique\/","url":"https:\/\/web.umons.ac.be\/fweg\/fr\/etudes\/de-la-theorie-a-la-pratique\/","name":"De la th\u00e9orie \u00e0 la pratique - Facult\u00e9 \/ FWEG","isPartOf":{"@id":"https:\/\/web.umons.ac.be\/fweg\/#website"},"datePublished":"2017-07-06T15:46:38+00:00","dateModified":"2021-01-06T10:30:44+00:00","breadcrumb":{"@id":"https:\/\/web.umons.ac.be\/fweg\/fr\/etudes\/de-la-theorie-a-la-pratique\/#breadcrumb"},"inLanguage":"fr-FR","potentialAction":[{"@type":"ReadAction","target":["https:\/\/web.umons.ac.be\/fweg\/fr\/etudes\/de-la-theorie-a-la-pratique\/"]}]},{"@type":"BreadcrumbList","@id":"https:\/\/web.umons.ac.be\/fweg\/fr\/etudes\/de-la-theorie-a-la-pratique\/#breadcrumb","itemListElement":[{"@type":"ListItem","position":1,"name":"Accueil","item":"https:\/\/web.umons.ac.be\/fweg\/fr\/"},{"@type":"ListItem","position":2,"name":"Etudes","item":"https:\/\/web.umons.ac.be\/fweg\/fr\/etudes\/"},{"@type":"ListItem","position":3,"name":"De la th\u00e9orie \u00e0 la pratique"}]},{"@type":"WebSite","@id":"https:\/\/web.umons.ac.be\/fweg\/#website","url":"https:\/\/web.umons.ac.be\/fweg\/","name":"Facult\u00e9 \/ FWEG","description":"","potentialAction":[{"@type":"SearchAction","target":{"@type":"EntryPoint","urlTemplate":"https:\/\/web.umons.ac.be\/fweg\/?s={search_term_string}"},"query-input":{"@type":"PropertyValueSpecification","valueRequired":true,"valueName":"search_term_string"}}],"inLanguage":"fr-FR"}]}},"lang":"fr","translations":{"fr":294,"en":994},"pll_sync_post":[],"_links":{"self":[{"href":"https:\/\/web.umons.ac.be\/fweg\/wp-json\/wp\/v2\/pages\/294","targetHints":{"allow":["GET"]}}],"collection":[{"href":"https:\/\/web.umons.ac.be\/fweg\/wp-json\/wp\/v2\/pages"}],"about":[{"href":"https:\/\/web.umons.ac.be\/fweg\/wp-json\/wp\/v2\/types\/page"}],"author":[{"embeddable":true,"href":"https:\/\/web.umons.ac.be\/fweg\/wp-json\/wp\/v2\/users\/2"}],"replies":[{"embeddable":true,"href":"https:\/\/web.umons.ac.be\/fweg\/wp-json\/wp\/v2\/comments?post=294"}],"version-history":[{"count":5,"href":"https:\/\/web.umons.ac.be\/fweg\/wp-json\/wp\/v2\/pages\/294\/revisions"}],"predecessor-version":[{"id":1638,"href":"https:\/\/web.umons.ac.be\/fweg\/wp-json\/wp\/v2\/pages\/294\/revisions\/1638"}],"up":[{"embeddable":true,"href":"https:\/\/web.umons.ac.be\/fweg\/wp-json\/wp\/v2\/pages\/601"}],"wp:attachment":[{"href":"https:\/\/web.umons.ac.be\/fweg\/wp-json\/wp\/v2\/media?parent=294"}],"curies":[{"name":"wp","href":"https:\/\/api.w.org\/{rel}","templated":true}]}}