{"id":318,"date":"2017-07-06T18:02:48","date_gmt":"2017-07-06T16:02:48","guid":{"rendered":"https:\/\/web.umons.ac.be\/fweg\/?page_id=318"},"modified":"2023-10-04T14:47:49","modified_gmt":"2023-10-04T12:47:49","slug":"associations-facultaires","status":"publish","type":"page","link":"https:\/\/web.umons.ac.be\/fweg\/fr\/a-propos-de-la-faculte\/associations-facultaires\/","title":{"rendered":"Associations \u00e9tudiantes"},"content":{"rendered":"<h4>AGE<\/h4>\n<p style=\"text-align: justify;\" data-wp-editing=\"1\"><img loading=\"lazy\" decoding=\"async\" class=\"alignright wp-image-69\" src=\"https:\/\/web.umons.ac.be\/app\/uploads\/sites\/9\/2017\/06\/12FWEG-2016.pdf-Adobe-Acrobat-Pro-DC-27-227x300.jpg\" alt=\"\" width=\"174\" height=\"230\" srcset=\"https:\/\/web.umons.ac.be\/app\/uploads\/sites\/9\/2017\/06\/12FWEG-2016.pdf-Adobe-Acrobat-Pro-DC-27-227x300.jpg 227w, https:\/\/web.umons.ac.be\/app\/uploads\/sites\/9\/2017\/06\/12FWEG-2016.pdf-Adobe-Acrobat-Pro-DC-27-30x40.jpg 30w, https:\/\/web.umons.ac.be\/app\/uploads\/sites\/9\/2017\/06\/12FWEG-2016.pdf-Adobe-Acrobat-Pro-DC-27-45x60.jpg 45w, https:\/\/web.umons.ac.be\/app\/uploads\/sites\/9\/2017\/06\/12FWEG-2016.pdf-Adobe-Acrobat-Pro-DC-27-360x476.jpg 360w, https:\/\/web.umons.ac.be\/app\/uploads\/sites\/9\/2017\/06\/12FWEG-2016.pdf-Adobe-Acrobat-Pro-DC-27.jpg 378w\" sizes=\"auto, (max-width: 174px) 100vw, 174px\" \/>L\u2019Association G\u00e9n\u00e9rale des Etudiants (AGE) existe depuis 1904. Cette association tr\u00e8s active au sein de la Facult\u00e9 organise de nombreuses activit\u00e9s ludiques et importantes pour les \u00e9tudiants :<\/p>\n<ul>\n<li>Organisation de projets culturels, sportifs ou \u00e0 vocation sociale<\/li>\n<li>Bapt\u00eames<\/li>\n<li>Soir\u00e9es<\/li>\n<li>Coupe du Mons<\/li>\n<\/ul>\n<p><strong>Contact<\/strong> :\u00a0<a href=\"mailto:age_waroqcue@hotmail.com\">age_warocque@hotmail.com\u00a0<\/a><\/p>\n<p>&nbsp;<\/p>\n<hr \/>\n<h4>JEWaC\u2019S<\/h4>\n<p><img loading=\"lazy\" decoding=\"async\" class=\"wp-image-2147 size-medium alignright\" src=\"https:\/\/web.umons.ac.be\/app\/uploads\/sites\/9\/2023\/10\/logo-web-transparent-Horizontal-300x100.png\" alt=\"\" width=\"300\" height=\"100\" srcset=\"https:\/\/web.umons.ac.be\/app\/uploads\/sites\/9\/2023\/10\/logo-web-transparent-Horizontal-300x100.png 300w, https:\/\/web.umons.ac.be\/app\/uploads\/sites\/9\/2023\/10\/logo-web-transparent-Horizontal-30x10.png 30w, https:\/\/web.umons.ac.be\/app\/uploads\/sites\/9\/2023\/10\/logo-web-transparent-Horizontal-60x20.png 60w, https:\/\/web.umons.ac.be\/app\/uploads\/sites\/9\/2023\/10\/logo-web-transparent-Horizontal-360x120.png 360w, https:\/\/web.umons.ac.be\/app\/uploads\/sites\/9\/2023\/10\/logo-web-transparent-Horizontal.png 500w\" sizes=\"auto, (max-width: 300px) 100vw, 300px\" \/><\/p>\n<p style=\"text-align: justify;\">La\u00a0<strong style=\"font-style: inherit;\"><em>JEWaC\u2019S<\/em><\/strong>\u00a0est la Junior Entreprise de Warocqu\u00e9 &#8211; Consulting &amp; Services. Elle f\u00fbt fond\u00e9e en 2003 par un petit groupe d\u2019\u00e9tudiants accompagn\u00e9s de l\u2019un de leur professeur au sein de la facult\u00e9 Warocqu\u00e9 d\u2019\u00c9conomie et de Gestion de l\u2019Universit\u00e9 de Mons.<\/p>\n<p style=\"text-align: justify;\">Les membres travaillent avec des entreprises afin de leur fournir\u00a0une qualit\u00e9 de service jeune, motiv\u00e9e et dynamique tout en restant professionnel.\u00a0La collaboration enrichissante et humaine entre les soci\u00e9t\u00e9s et les \u00e9tudiants permet d\u2019accomplir de beaux projets !<\/p>\n<p style=\"text-align: justify;\">La junior entreprise vise plusieurs objectifs concernant les \u00e9tudiants membres tels que l&rsquo;acquisition de comp\u00e9tences professionnelles, une premi\u00e8re approche du monde professionnel, l&rsquo;apprentissage du travail en \u00e9quipe, la mise en pratique des comp\u00e9tences acad\u00e9miques, le d\u00e9veloppement personnel, sans oublier le fait que c&rsquo;est une belle aventure humaine.<\/p>\n<p style=\"text-align: justify;\">En 2023, la JEWaC&rsquo;S a remport\u00e9 le Best Improvement\u00a0Award ainsi que le JE Belgium Quality Label, ce qui t\u00e9moigne de son d\u00e9veloppement et de sa rigueur.<\/p>\n<p>Site web : <a href=\"https:\/\/www.jewacs.be\/\">https:\/\/www.jewacs.be\/\u00a0<\/a><br \/>\nContact :\u00a0<a href=\"mailto:jewacsasbl@gmail.com\">jewacsasbl@gmail.com<\/a><\/p>\n<start-cask-shortcode-wrapper>\n<blockquote class=\"shortcode-testimonial scheme-fweg\">\n    <div class=\"testimonial-quote\">\n        <div><p style=\"text-align: justify;\">La JEWaC'S m'a apport\u00e9 une premi\u00e8re exp\u00e9rience professionnelle. J'ai pu \u00e9galement trouver mon stage gr\u00e2ce \u00e0 la JEWaC'S donc je trouve que c'est un bon tremplin entre l'&hellip;<\/div>\n                <a href=\"#testimonial-modal-2153\" class=\"button-secondary open-testimonial scheme-border scheme-color-hover-important\">\n            Poursuivre la lecture <span class=\"icon umons-icon-tail-right\" aria-hidden=\"true\"><\/span>\n        <\/a>\n            <\/div>\n    <div class=\"testimonial-author\">\n                <div class=\"testimonial-picture\">\n            <img decoding=\"async\" src=\"https:\/\/web.umons.ac.be\/app\/uploads\/sites\/9\/2023\/10\/received_655484896783234-e1696423543588-80x80.jpeg\" alt=\"\" \/>\n        <\/div>\n                <div class=\"testimonial-text\">\n            <div class=\"testimonial-identity\">\n                <span class=\"testimonial-author-name\">Ma\u00eft\u00e9 Dupont<\/span>\n                            <\/div>\n            <div class=\"testimonial-meta\">\n                                            <\/div>\n        <\/div>\n    <\/div>\n<\/blockquote>\n<div id=\"testimonial-modal-2153\" class=\"testimonial-modal-wrap normal\" style=\"display: none;\">\n    <div class=\"shortcode-testimonial-modal\">\n        <blockquote class=\"shortcode-testimonial\">\n            <div class=\"testimonial-quote editor-front\">\n                                <blockquote class=\"highlighted-quote\">La JEWaC'S m'a apport\u00e9 une premi\u00e8re exp\u00e9rience professionnelle. J'ai pu \u00e9galement trouver mon stage gr\u00e2ce \u00e0 la JEWaC'S donc je trouve que c'est un bon tremplin entre l'universit\u00e9 et la vie active. C'est une chouette exp\u00e9rience, on rencontre plein de gens qui deviennent, pour finir, une belle famille !<\/blockquote>\n                                                <div class=\"testimonial-full-quote\"><p style=\"text-align: justify;\">La JEWaC&rsquo;S m&rsquo;a apport\u00e9 une premi\u00e8re exp\u00e9rience professionnelle. J&rsquo;ai pu \u00e9galement trouver mon stage gr\u00e2ce \u00e0 la JEWaC&rsquo;S donc je trouve que c&rsquo;est un bon tremplin entre l&rsquo;universit\u00e9 et la vie active. C&rsquo;est une chouette exp\u00e9rience, on rencontre plein de gens qui deviennent, pour finir, une belle famille !<\/p>\n<\/div>\n                            <\/div>\n            <div class=\"testimonial-author\">\n                                <div class=\"testimonial-picture\">\n                    <img decoding=\"async\" src=\"https:\/\/web.umons.ac.be\/app\/uploads\/sites\/9\/2023\/10\/received_655484896783234-e1696423543588-80x80.jpeg\" alt=\"\" \/>\n                <\/div>\n                                <div class=\"testimonial-text\">\n                    <div class=\"testimonial-identity\">\n                        <span class=\"testimonial-author-name\">Ma\u00eft\u00e9 Dupont<\/span>\n                                            <\/div>\n                    <div class=\"testimonial-meta\">\n                                                                    <\/div>\n                <\/div>\n            <\/div>\n        <\/blockquote>\n    <\/div>\n<\/div>\n<end-cask-shortcode-wrapper>\n<hr \/>\n<div style=\"text-align: center;\"><\/div>\n","protected":false},"excerpt":{"rendered":"<p>AGE L\u2019Association G\u00e9n\u00e9rale des Etudiants (AGE) existe depuis 1904. Cette association tr\u00e8s active au sein de la Facult\u00e9 organise de nombreuses activit\u00e9s ludiques et importantes pour les \u00e9tudiants : Organisation de projets culturels, sportifs ou \u00e0 vocation sociale Bapt\u00eames Soir\u00e9es Coupe du Mons Contact :\u00a0age_warocque@hotmail.com\u00a0 &nbsp; JEWaC\u2019S La\u00a0JEWaC\u2019S\u00a0est la Junior Entreprise de Warocqu\u00e9 &#8211; Consulting [&hellip;]<\/p>\n","protected":false},"author":2,"featured_media":0,"parent":101,"menu_order":0,"comment_status":"closed","ping_status":"closed","template":"","meta":{"footnotes":""},"class_list":["post-318","page","type-page","status-publish","hentry"],"yoast_head":"<!-- This site is optimized with the Yoast SEO plugin v27.2 - https:\/\/yoast.com\/product\/yoast-seo-wordpress\/ -->\n<title>Associations \u00e9tudiantes - Facult\u00e9 \/ FWEG<\/title>\n<meta name=\"robots\" content=\"index, follow, max-snippet:-1, max-image-preview:large, max-video-preview:-1\" \/>\n<link rel=\"canonical\" href=\"https:\/\/web.umons.ac.be\/fweg\/fr\/a-propos-de-la-faculte\/associations-facultaires\/\" \/>\n<meta property=\"og:locale\" content=\"fr_FR\" \/>\n<meta property=\"og:type\" content=\"article\" \/>\n<meta property=\"og:title\" content=\"Associations \u00e9tudiantes - Facult\u00e9 \/ FWEG\" \/>\n<meta property=\"og:description\" content=\"AGE L\u2019Association G\u00e9n\u00e9rale des Etudiants (AGE) existe depuis 1904. Cette association tr\u00e8s active au sein de la Facult\u00e9 organise de nombreuses activit\u00e9s ludiques et importantes pour les \u00e9tudiants : Organisation de projets culturels, sportifs ou \u00e0 vocation sociale Bapt\u00eames Soir\u00e9es Coupe du Mons Contact :\u00a0age_warocque@hotmail.com\u00a0 &nbsp; JEWaC\u2019S La\u00a0JEWaC\u2019S\u00a0est la Junior Entreprise de Warocqu\u00e9 &#8211; Consulting [&hellip;]\" \/>\n<meta property=\"og:url\" content=\"https:\/\/web.umons.ac.be\/fweg\/fr\/a-propos-de-la-faculte\/associations-facultaires\/\" \/>\n<meta property=\"og:site_name\" content=\"Facult\u00e9 \/ FWEG\" \/>\n<meta property=\"article:modified_time\" content=\"2023-10-04T12:47:49+00:00\" \/>\n<meta property=\"og:image\" content=\"https:\/\/web.umons.ac.be\/app\/uploads\/sites\/9\/2017\/06\/12FWEG-2016.pdf-Adobe-Acrobat-Pro-DC-27-227x300.jpg\" \/>\n<meta name=\"twitter:card\" content=\"summary_large_image\" \/>\n<meta name=\"twitter:label1\" content=\"Dur\u00e9e de lecture estim\u00e9e\" \/>\n\t<meta name=\"twitter:data1\" content=\"2 minutes\" \/>\n<script type=\"application\/ld+json\" class=\"yoast-schema-graph\">{\"@context\":\"https:\/\/schema.org\",\"@graph\":[{\"@type\":\"WebPage\",\"@id\":\"https:\/\/web.umons.ac.be\/fweg\/fr\/a-propos-de-la-faculte\/associations-facultaires\/\",\"url\":\"https:\/\/web.umons.ac.be\/fweg\/fr\/a-propos-de-la-faculte\/associations-facultaires\/\",\"name\":\"Associations \u00e9tudiantes - Facult\u00e9 \/ FWEG\",\"isPartOf\":{\"@id\":\"https:\/\/web.umons.ac.be\/fweg\/#website\"},\"primaryImageOfPage\":{\"@id\":\"https:\/\/web.umons.ac.be\/fweg\/fr\/a-propos-de-la-faculte\/associations-facultaires\/#primaryimage\"},\"image\":{\"@id\":\"https:\/\/web.umons.ac.be\/fweg\/fr\/a-propos-de-la-faculte\/associations-facultaires\/#primaryimage\"},\"thumbnailUrl\":\"https:\/\/web.umons.ac.be\/app\/uploads\/sites\/9\/2017\/06\/12FWEG-2016.pdf-Adobe-Acrobat-Pro-DC-27-227x300.jpg\",\"datePublished\":\"2017-07-06T16:02:48+00:00\",\"dateModified\":\"2023-10-04T12:47:49+00:00\",\"breadcrumb\":{\"@id\":\"https:\/\/web.umons.ac.be\/fweg\/fr\/a-propos-de-la-faculte\/associations-facultaires\/#breadcrumb\"},\"inLanguage\":\"fr-FR\",\"potentialAction\":[{\"@type\":\"ReadAction\",\"target\":[\"https:\/\/web.umons.ac.be\/fweg\/fr\/a-propos-de-la-faculte\/associations-facultaires\/\"]}]},{\"@type\":\"ImageObject\",\"inLanguage\":\"fr-FR\",\"@id\":\"https:\/\/web.umons.ac.be\/fweg\/fr\/a-propos-de-la-faculte\/associations-facultaires\/#primaryimage\",\"url\":\"https:\/\/web.umons.ac.be\/app\/uploads\/sites\/9\/2017\/06\/12FWEG-2016.pdf-Adobe-Acrobat-Pro-DC-27-227x300.jpg\",\"contentUrl\":\"https:\/\/web.umons.ac.be\/app\/uploads\/sites\/9\/2017\/06\/12FWEG-2016.pdf-Adobe-Acrobat-Pro-DC-27-227x300.jpg\"},{\"@type\":\"BreadcrumbList\",\"@id\":\"https:\/\/web.umons.ac.be\/fweg\/fr\/a-propos-de-la-faculte\/associations-facultaires\/#breadcrumb\",\"itemListElement\":[{\"@type\":\"ListItem\",\"position\":1,\"name\":\"Accueil\",\"item\":\"https:\/\/web.umons.ac.be\/fweg\/fr\/\"},{\"@type\":\"ListItem\",\"position\":2,\"name\":\"A propos de la facult\u00e9\",\"item\":\"https:\/\/web.umons.ac.be\/fweg\/fr\/a-propos-de-la-faculte\/\"},{\"@type\":\"ListItem\",\"position\":3,\"name\":\"Associations \u00e9tudiantes\"}]},{\"@type\":\"WebSite\",\"@id\":\"https:\/\/web.umons.ac.be\/fweg\/#website\",\"url\":\"https:\/\/web.umons.ac.be\/fweg\/\",\"name\":\"Facult\u00e9 \/ FWEG\",\"description\":\"\",\"potentialAction\":[{\"@type\":\"SearchAction\",\"target\":{\"@type\":\"EntryPoint\",\"urlTemplate\":\"https:\/\/web.umons.ac.be\/fweg\/?s={search_term_string}\"},\"query-input\":{\"@type\":\"PropertyValueSpecification\",\"valueRequired\":true,\"valueName\":\"search_term_string\"}}],\"inLanguage\":\"fr-FR\"}]}<\/script>\n<!-- \/ Yoast SEO plugin. -->","yoast_head_json":{"title":"Associations \u00e9tudiantes - Facult\u00e9 \/ FWEG","robots":{"index":"index","follow":"follow","max-snippet":"max-snippet:-1","max-image-preview":"max-image-preview:large","max-video-preview":"max-video-preview:-1"},"canonical":"https:\/\/web.umons.ac.be\/fweg\/fr\/a-propos-de-la-faculte\/associations-facultaires\/","og_locale":"fr_FR","og_type":"article","og_title":"Associations \u00e9tudiantes - Facult\u00e9 \/ FWEG","og_description":"AGE L\u2019Association G\u00e9n\u00e9rale des Etudiants (AGE) existe depuis 1904. Cette association tr\u00e8s active au sein de la Facult\u00e9 organise de nombreuses activit\u00e9s ludiques et importantes pour les \u00e9tudiants : Organisation de projets culturels, sportifs ou \u00e0 vocation sociale Bapt\u00eames Soir\u00e9es Coupe du Mons Contact :\u00a0age_warocque@hotmail.com\u00a0 &nbsp; JEWaC\u2019S La\u00a0JEWaC\u2019S\u00a0est la Junior Entreprise de Warocqu\u00e9 &#8211; Consulting [&hellip;]","og_url":"https:\/\/web.umons.ac.be\/fweg\/fr\/a-propos-de-la-faculte\/associations-facultaires\/","og_site_name":"Facult\u00e9 \/ FWEG","article_modified_time":"2023-10-04T12:47:49+00:00","og_image":[{"url":"https:\/\/web.umons.ac.be\/app\/uploads\/sites\/9\/2017\/06\/12FWEG-2016.pdf-Adobe-Acrobat-Pro-DC-27-227x300.jpg","type":"","width":"","height":""}],"twitter_card":"summary_large_image","twitter_misc":{"Dur\u00e9e de lecture estim\u00e9e":"2 minutes"},"schema":{"@context":"https:\/\/schema.org","@graph":[{"@type":"WebPage","@id":"https:\/\/web.umons.ac.be\/fweg\/fr\/a-propos-de-la-faculte\/associations-facultaires\/","url":"https:\/\/web.umons.ac.be\/fweg\/fr\/a-propos-de-la-faculte\/associations-facultaires\/","name":"Associations \u00e9tudiantes - Facult\u00e9 \/ FWEG","isPartOf":{"@id":"https:\/\/web.umons.ac.be\/fweg\/#website"},"primaryImageOfPage":{"@id":"https:\/\/web.umons.ac.be\/fweg\/fr\/a-propos-de-la-faculte\/associations-facultaires\/#primaryimage"},"image":{"@id":"https:\/\/web.umons.ac.be\/fweg\/fr\/a-propos-de-la-faculte\/associations-facultaires\/#primaryimage"},"thumbnailUrl":"https:\/\/web.umons.ac.be\/app\/uploads\/sites\/9\/2017\/06\/12FWEG-2016.pdf-Adobe-Acrobat-Pro-DC-27-227x300.jpg","datePublished":"2017-07-06T16:02:48+00:00","dateModified":"2023-10-04T12:47:49+00:00","breadcrumb":{"@id":"https:\/\/web.umons.ac.be\/fweg\/fr\/a-propos-de-la-faculte\/associations-facultaires\/#breadcrumb"},"inLanguage":"fr-FR","potentialAction":[{"@type":"ReadAction","target":["https:\/\/web.umons.ac.be\/fweg\/fr\/a-propos-de-la-faculte\/associations-facultaires\/"]}]},{"@type":"ImageObject","inLanguage":"fr-FR","@id":"https:\/\/web.umons.ac.be\/fweg\/fr\/a-propos-de-la-faculte\/associations-facultaires\/#primaryimage","url":"https:\/\/web.umons.ac.be\/app\/uploads\/sites\/9\/2017\/06\/12FWEG-2016.pdf-Adobe-Acrobat-Pro-DC-27-227x300.jpg","contentUrl":"https:\/\/web.umons.ac.be\/app\/uploads\/sites\/9\/2017\/06\/12FWEG-2016.pdf-Adobe-Acrobat-Pro-DC-27-227x300.jpg"},{"@type":"BreadcrumbList","@id":"https:\/\/web.umons.ac.be\/fweg\/fr\/a-propos-de-la-faculte\/associations-facultaires\/#breadcrumb","itemListElement":[{"@type":"ListItem","position":1,"name":"Accueil","item":"https:\/\/web.umons.ac.be\/fweg\/fr\/"},{"@type":"ListItem","position":2,"name":"A propos de la facult\u00e9","item":"https:\/\/web.umons.ac.be\/fweg\/fr\/a-propos-de-la-faculte\/"},{"@type":"ListItem","position":3,"name":"Associations \u00e9tudiantes"}]},{"@type":"WebSite","@id":"https:\/\/web.umons.ac.be\/fweg\/#website","url":"https:\/\/web.umons.ac.be\/fweg\/","name":"Facult\u00e9 \/ FWEG","description":"","potentialAction":[{"@type":"SearchAction","target":{"@type":"EntryPoint","urlTemplate":"https:\/\/web.umons.ac.be\/fweg\/?s={search_term_string}"},"query-input":{"@type":"PropertyValueSpecification","valueRequired":true,"valueName":"search_term_string"}}],"inLanguage":"fr-FR"}]}},"lang":"fr","translations":{"fr":318,"en":652},"pll_sync_post":[],"_links":{"self":[{"href":"https:\/\/web.umons.ac.be\/fweg\/wp-json\/wp\/v2\/pages\/318","targetHints":{"allow":["GET"]}}],"collection":[{"href":"https:\/\/web.umons.ac.be\/fweg\/wp-json\/wp\/v2\/pages"}],"about":[{"href":"https:\/\/web.umons.ac.be\/fweg\/wp-json\/wp\/v2\/types\/page"}],"author":[{"embeddable":true,"href":"https:\/\/web.umons.ac.be\/fweg\/wp-json\/wp\/v2\/users\/2"}],"replies":[{"embeddable":true,"href":"https:\/\/web.umons.ac.be\/fweg\/wp-json\/wp\/v2\/comments?post=318"}],"version-history":[{"count":5,"href":"https:\/\/web.umons.ac.be\/fweg\/wp-json\/wp\/v2\/pages\/318\/revisions"}],"predecessor-version":[{"id":2156,"href":"https:\/\/web.umons.ac.be\/fweg\/wp-json\/wp\/v2\/pages\/318\/revisions\/2156"}],"up":[{"embeddable":true,"href":"https:\/\/web.umons.ac.be\/fweg\/wp-json\/wp\/v2\/pages\/101"}],"wp:attachment":[{"href":"https:\/\/web.umons.ac.be\/fweg\/wp-json\/wp\/v2\/media?parent=318"}],"curies":[{"name":"wp","href":"https:\/\/api.w.org\/{rel}","templated":true}]}}