{"id":438,"date":"2017-07-13T10:51:59","date_gmt":"2017-07-13T08:51:59","guid":{"rendered":"https:\/\/web.umons.ac.be\/fweg\/?page_id=438"},"modified":"2021-01-06T11:55:29","modified_gmt":"2021-01-06T10:55:29","slug":"partir-en-mobilite-out","status":"publish","type":"page","link":"https:\/\/web.umons.ac.be\/fweg\/fr\/mobilite\/partir-en-mobilite-out\/","title":{"rendered":"Partir en mobilit\u00e9 OUT"},"content":{"rendered":"<p>Dans le cadre de sa politique qualit\u00e9, la Facult\u00e9 Warocqu\u00e9 a d\u00e9fini des objectifs vis-\u00e0-vis des \u00e9tudiants dont un concerne l\u2019ouverture sur l\u2019international. La FWEG s\u2019engage ainsi \u00e0 favoriser les contacts des \u00e9tudiants avec d\u2019autres pays, d\u2019autres cultures, d\u2019autres langues, d\u2019autres m\u00e9thodes d\u2019apprentissage, d\u2019autres traditions dans le domaine de la gestion. En particulier, elle s\u2019engage \u00e0 favoriser le s\u00e9jour de ses \u00e9tudiants dans une universit\u00e9 \u00e9trang\u00e8re.<\/p>\n<p>Des s\u00e9jours d\u2019\u00e9tudes d\u2019une dur\u00e9e d\u2019un quadrimestre ou d\u2019une ann\u00e9e compl\u00e8te sont propos\u00e9s en Europe, mais aussi au-del\u00e0 des fronti\u00e8res europ\u00e9ennes.<\/p>\n<p>Outre l\u2019approfondissement d\u2019une langue, un s\u00e9\u00adjour de mobilit\u00e9 est l\u2019opportunit\u00e9 d\u2019une d\u00e9cou\u00adverte culturelle extraordinaire, d\u2019un apprentis\u00adsage nouveau et de la cr\u00e9ation d\u2019amiti\u00e9s avec des \u00e9tudiants venus des quatre coins du monde. Une exp\u00e9rience acad\u00e9mique et personnelle riche, mais aussi un plus souvent appr\u00e9ci\u00e9 des futurs employeurs, qui peut faire la diff\u00e9rence sur le CV !<\/p>\n<p>Pour vous aider, des bourses de mobilit\u00e9 vous sont accord\u00e9es afin de vous permettre de r\u00e9a\u00adliser votre s\u00e9jour dans les meilleures conditions possibles.<\/p>\n<ul>\n<li><a href=\"https:\/\/alumniumonsac.sharepoint.com\/sites\/ServicedesRelationsInternationales\/SitePages\/Etudier-%C3%A0-l%27%C3%A9tranger.aspx\">Toutes les infos pratiques sur les s\u00e9jours \u00e0 l\u2019\u00e9tranger via ce lien<\/a><\/li>\n<li><a href=\"https:\/\/web.umons.ac.be\/fr\/international\/\">Service des Relations internationales<\/a><\/li>\n<\/ul>\n<h5><em>Exemple de destinations en Europe<\/em> :<\/h5>\n<p>Allemagne, Italie, Pays-Bas, Royaume-Uni, Su\u00e8de, Espagne, et bien d\u2019autres encore. En outre, avec le programme Erasmus Belgica, les \u00e9tudiants peuvent compl\u00e9ter une partie de leurs \u00e9tudes aupr\u00e8s d\u2019une universit\u00e9 de la communaut\u00e9 flamande et \u00e9tudier en n\u00e9erlandais ou en anglais \u00e0 l\u2019Universit\u00e9 d\u2019Hasselt ou \u00e0 l\u2019Universit\u00e9 de Gand.<\/p>\n<h5><em>Exemple de destinations dans le monde<\/em> :<\/h5>\n<p>Outre Atlantique dans des \u00e9tablissements aux Etats-Unis, au Qu\u00e9bec ou au Br\u00e9sil. Sur le conti\u00adnent Asiatique : Chine ou encore Malaisie.<\/p>\n<start-cask-shortcode-wrapper>\n<blockquote class=\"shortcode-testimonial scheme-fweg\">\n    <div class=\"testimonial-quote\">\n        <div>J\u2019ai eu la chance de pouvoir b\u00e9n\u00e9ficier\u00a0du programme Erasmus\u00a0et de pouvoir partir quelques\u00a0mois en Angleterre. C\u2019\u00e9tait pour\u00a0moi, une opportunit\u00e9 \u00e0 saisir.\r\nJ\u2019avais envie de savoir si je pouvais m\u2019adap&hellip;<\/div>\n                <a href=\"#testimonial-modal-97\" class=\"button-secondary open-testimonial scheme-border scheme-color-hover-important\">\n            Poursuivre la lecture <span class=\"icon umons-icon-tail-right\" aria-hidden=\"true\"><\/span>\n        <\/a>\n            <\/div>\n    <div class=\"testimonial-author\">\n                <div class=\"testimonial-picture\">\n            <img decoding=\"async\" src=\"https:\/\/web.umons.ac.be\/app\/uploads\/sites\/9\/2017\/06\/12FWEG-2016.pdf-Adobe-Acrobat-Pro-DC-23-80x80.jpg\" alt=\"\" \/>\n        <\/div>\n                <div class=\"testimonial-text\">\n            <div class=\"testimonial-identity\">\n                <span class=\"testimonial-author-name\">Anne-Sophie Izzo<\/span>\n                            <\/div>\n            <div class=\"testimonial-meta\">\n                                                <span class=\"testimonial-group\">Dipl\u00f4m\u00e9e du Master en Sciences de Gestion en 120 cr\u00e9dits (2017)<\/span>\n                            <\/div>\n        <\/div>\n    <\/div>\n<\/blockquote>\n<div id=\"testimonial-modal-97\" class=\"testimonial-modal-wrap normal\" style=\"display: none;\">\n    <div class=\"shortcode-testimonial-modal\">\n        <blockquote class=\"shortcode-testimonial\">\n            <div class=\"testimonial-quote editor-front\">\n                                <blockquote class=\"highlighted-quote\">J\u2019ai eu la chance de pouvoir b\u00e9n\u00e9ficier\u00a0du programme Erasmus\u00a0et de pouvoir partir quelques\u00a0mois en Angleterre.<\/blockquote>\n                                                <div class=\"testimonial-full-quote\"><p>J\u2019ai eu la chance de pouvoir b\u00e9n\u00e9ficier\u00a0du programme Erasmus\u00a0et de pouvoir partir quelques\u00a0mois en Angleterre. C\u2019\u00e9tait pour\u00a0moi, une opportunit\u00e9 \u00e0 saisir.<br \/>\nJ\u2019avais envie de savoir si je pouvais m\u2019adapter \u00e0\u00a0un environnement inconnu avec des mentalit\u00e9s et\u00a0un pays diff\u00e9rent du mien. Mais aussi de savoir si\u00a0j\u2019\u00e9tais capable de communiquer et \u00e9tudier dans\u00a0une langue qui n\u2019\u00e9tait pas la mienne. Cela peut\u00a0en effrayer certains, mais je pense que c\u2019est une\u00a0exp\u00e9rience \u00e0 faire. Le fait de sortir de sa zone de\u00a0confort permet d\u2019apprendre beaucoup de choses\u00a0sur soi-m\u00eame, sur ses forces et ses faiblesses et\u00a0au final on en ressort grandit. L\u2019Erasmus permet,\u00a0donc, une ouverture d\u2019esprit sur le monde qui\u00a0nous entoure, mais aussi nous enrichit \u00e9motionnellement\u00a0comme professionnellement.<\/p>\n<\/div>\n                            <\/div>\n            <div class=\"testimonial-author\">\n                                <div class=\"testimonial-picture\">\n                    <img decoding=\"async\" src=\"https:\/\/web.umons.ac.be\/app\/uploads\/sites\/9\/2017\/06\/12FWEG-2016.pdf-Adobe-Acrobat-Pro-DC-23-80x80.jpg\" alt=\"\" \/>\n                <\/div>\n                                <div class=\"testimonial-text\">\n                    <div class=\"testimonial-identity\">\n                        <span class=\"testimonial-author-name\">Anne-Sophie Izzo<\/span>\n                                            <\/div>\n                    <div class=\"testimonial-meta\">\n                                                                        <span class=\"testimonial-group\">(Dipl\u00f4m\u00e9e du Master en Sciences de Gestion en 120 cr\u00e9dits (2017))<\/span>\n                                            <\/div>\n                <\/div>\n            <\/div>\n        <\/blockquote>\n    <\/div>\n<\/div>\n<end-cask-shortcode-wrapper>\n<p><iframe loading=\"lazy\" title=\"Cindy Coolens @ Universit\u00e9 du Qu\u00e9bec \u00e0 Trois Rivi\u00e8res\" width=\"500\" height=\"281\" src=\"https:\/\/www.youtube.com\/embed\/a_ThiQ4vIxk?feature=oembed\" frameborder=\"0\" allow=\"accelerometer; autoplay; clipboard-write; encrypted-media; gyroscope; picture-in-picture; web-share\" referrerpolicy=\"strict-origin-when-cross-origin\" allowfullscreen><\/iframe><\/p>\n<h4 style=\"text-align: left;\">Contact<\/h4>\n<p><strong>Laetitia Pozniak, PhD.<br \/>\n<\/strong><span style=\"font-size: 14px;\">Coordinatrice des \u00e9changes internationaux<\/span><strong><br \/>\n<\/strong><\/p>\n<p><a href=\"mailto:exchange.business@umons.ac.be\">exchange.business@umons.ac.be<\/a><\/p>\n","protected":false},"excerpt":{"rendered":"<p>Dans le cadre de sa politique qualit\u00e9, la Facult\u00e9 Warocqu\u00e9 a d\u00e9fini des objectifs vis-\u00e0-vis des \u00e9tudiants dont un concerne l\u2019ouverture sur l\u2019international. La FWEG s\u2019engage ainsi \u00e0 favoriser les contacts des \u00e9tudiants avec d\u2019autres pays, d\u2019autres cultures, d\u2019autres langues, d\u2019autres m\u00e9thodes d\u2019apprentissage, d\u2019autres traditions dans le domaine de la gestion. En particulier, elle s\u2019engage [&hellip;]<\/p>\n","protected":false},"author":2,"featured_media":0,"parent":435,"menu_order":0,"comment_status":"closed","ping_status":"closed","template":"","meta":{"footnotes":""},"class_list":["post-438","page","type-page","status-publish","hentry"],"yoast_head":"<!-- This site is optimized with the Yoast SEO plugin v27.2 - https:\/\/yoast.com\/product\/yoast-seo-wordpress\/ -->\n<title>Partir en mobilit\u00e9 OUT - Facult\u00e9 \/ FWEG<\/title>\n<meta name=\"robots\" content=\"index, follow, max-snippet:-1, max-image-preview:large, max-video-preview:-1\" \/>\n<link rel=\"canonical\" href=\"https:\/\/web.umons.ac.be\/fweg\/fr\/mobilite\/partir-en-mobilite-out\/\" \/>\n<meta property=\"og:locale\" content=\"fr_FR\" \/>\n<meta property=\"og:type\" content=\"article\" \/>\n<meta property=\"og:title\" content=\"Partir en mobilit\u00e9 OUT - Facult\u00e9 \/ FWEG\" \/>\n<meta property=\"og:description\" content=\"Dans le cadre de sa politique qualit\u00e9, la Facult\u00e9 Warocqu\u00e9 a d\u00e9fini des objectifs vis-\u00e0-vis des \u00e9tudiants dont un concerne l\u2019ouverture sur l\u2019international. La FWEG s\u2019engage ainsi \u00e0 favoriser les contacts des \u00e9tudiants avec d\u2019autres pays, d\u2019autres cultures, d\u2019autres langues, d\u2019autres m\u00e9thodes d\u2019apprentissage, d\u2019autres traditions dans le domaine de la gestion. En particulier, elle s\u2019engage [&hellip;]\" \/>\n<meta property=\"og:url\" content=\"https:\/\/web.umons.ac.be\/fweg\/fr\/mobilite\/partir-en-mobilite-out\/\" \/>\n<meta property=\"og:site_name\" content=\"Facult\u00e9 \/ FWEG\" \/>\n<meta property=\"article:modified_time\" content=\"2021-01-06T10:55:29+00:00\" \/>\n<meta name=\"twitter:card\" content=\"summary_large_image\" \/>\n<meta name=\"twitter:label1\" content=\"Dur\u00e9e de lecture estim\u00e9e\" \/>\n\t<meta name=\"twitter:data1\" content=\"2 minutes\" \/>\n<script type=\"application\/ld+json\" class=\"yoast-schema-graph\">{\"@context\":\"https:\/\/schema.org\",\"@graph\":[{\"@type\":\"WebPage\",\"@id\":\"https:\/\/web.umons.ac.be\/fweg\/fr\/mobilite\/partir-en-mobilite-out\/\",\"url\":\"https:\/\/web.umons.ac.be\/fweg\/fr\/mobilite\/partir-en-mobilite-out\/\",\"name\":\"Partir en mobilit\u00e9 OUT - Facult\u00e9 \/ FWEG\",\"isPartOf\":{\"@id\":\"https:\/\/web.umons.ac.be\/fweg\/#website\"},\"datePublished\":\"2017-07-13T08:51:59+00:00\",\"dateModified\":\"2021-01-06T10:55:29+00:00\",\"breadcrumb\":{\"@id\":\"https:\/\/web.umons.ac.be\/fweg\/fr\/mobilite\/partir-en-mobilite-out\/#breadcrumb\"},\"inLanguage\":\"fr-FR\",\"potentialAction\":[{\"@type\":\"ReadAction\",\"target\":[\"https:\/\/web.umons.ac.be\/fweg\/fr\/mobilite\/partir-en-mobilite-out\/\"]}]},{\"@type\":\"BreadcrumbList\",\"@id\":\"https:\/\/web.umons.ac.be\/fweg\/fr\/mobilite\/partir-en-mobilite-out\/#breadcrumb\",\"itemListElement\":[{\"@type\":\"ListItem\",\"position\":1,\"name\":\"Accueil\",\"item\":\"https:\/\/web.umons.ac.be\/fweg\/fr\/\"},{\"@type\":\"ListItem\",\"position\":2,\"name\":\"Mobilit\u00e9 \u00e9tudiante &#8211; International\",\"item\":\"https:\/\/web.umons.ac.be\/fweg\/fr\/mobilite\/\"},{\"@type\":\"ListItem\",\"position\":3,\"name\":\"Partir en mobilit\u00e9 OUT\"}]},{\"@type\":\"WebSite\",\"@id\":\"https:\/\/web.umons.ac.be\/fweg\/#website\",\"url\":\"https:\/\/web.umons.ac.be\/fweg\/\",\"name\":\"Facult\u00e9 \/ FWEG\",\"description\":\"\",\"potentialAction\":[{\"@type\":\"SearchAction\",\"target\":{\"@type\":\"EntryPoint\",\"urlTemplate\":\"https:\/\/web.umons.ac.be\/fweg\/?s={search_term_string}\"},\"query-input\":{\"@type\":\"PropertyValueSpecification\",\"valueRequired\":true,\"valueName\":\"search_term_string\"}}],\"inLanguage\":\"fr-FR\"}]}<\/script>\n<!-- \/ Yoast SEO plugin. -->","yoast_head_json":{"title":"Partir en mobilit\u00e9 OUT - Facult\u00e9 \/ FWEG","robots":{"index":"index","follow":"follow","max-snippet":"max-snippet:-1","max-image-preview":"max-image-preview:large","max-video-preview":"max-video-preview:-1"},"canonical":"https:\/\/web.umons.ac.be\/fweg\/fr\/mobilite\/partir-en-mobilite-out\/","og_locale":"fr_FR","og_type":"article","og_title":"Partir en mobilit\u00e9 OUT - Facult\u00e9 \/ FWEG","og_description":"Dans le cadre de sa politique qualit\u00e9, la Facult\u00e9 Warocqu\u00e9 a d\u00e9fini des objectifs vis-\u00e0-vis des \u00e9tudiants dont un concerne l\u2019ouverture sur l\u2019international. La FWEG s\u2019engage ainsi \u00e0 favoriser les contacts des \u00e9tudiants avec d\u2019autres pays, d\u2019autres cultures, d\u2019autres langues, d\u2019autres m\u00e9thodes d\u2019apprentissage, d\u2019autres traditions dans le domaine de la gestion. En particulier, elle s\u2019engage [&hellip;]","og_url":"https:\/\/web.umons.ac.be\/fweg\/fr\/mobilite\/partir-en-mobilite-out\/","og_site_name":"Facult\u00e9 \/ FWEG","article_modified_time":"2021-01-06T10:55:29+00:00","twitter_card":"summary_large_image","twitter_misc":{"Dur\u00e9e de lecture estim\u00e9e":"2 minutes"},"schema":{"@context":"https:\/\/schema.org","@graph":[{"@type":"WebPage","@id":"https:\/\/web.umons.ac.be\/fweg\/fr\/mobilite\/partir-en-mobilite-out\/","url":"https:\/\/web.umons.ac.be\/fweg\/fr\/mobilite\/partir-en-mobilite-out\/","name":"Partir en mobilit\u00e9 OUT - Facult\u00e9 \/ FWEG","isPartOf":{"@id":"https:\/\/web.umons.ac.be\/fweg\/#website"},"datePublished":"2017-07-13T08:51:59+00:00","dateModified":"2021-01-06T10:55:29+00:00","breadcrumb":{"@id":"https:\/\/web.umons.ac.be\/fweg\/fr\/mobilite\/partir-en-mobilite-out\/#breadcrumb"},"inLanguage":"fr-FR","potentialAction":[{"@type":"ReadAction","target":["https:\/\/web.umons.ac.be\/fweg\/fr\/mobilite\/partir-en-mobilite-out\/"]}]},{"@type":"BreadcrumbList","@id":"https:\/\/web.umons.ac.be\/fweg\/fr\/mobilite\/partir-en-mobilite-out\/#breadcrumb","itemListElement":[{"@type":"ListItem","position":1,"name":"Accueil","item":"https:\/\/web.umons.ac.be\/fweg\/fr\/"},{"@type":"ListItem","position":2,"name":"Mobilit\u00e9 \u00e9tudiante &#8211; International","item":"https:\/\/web.umons.ac.be\/fweg\/fr\/mobilite\/"},{"@type":"ListItem","position":3,"name":"Partir en mobilit\u00e9 OUT"}]},{"@type":"WebSite","@id":"https:\/\/web.umons.ac.be\/fweg\/#website","url":"https:\/\/web.umons.ac.be\/fweg\/","name":"Facult\u00e9 \/ FWEG","description":"","potentialAction":[{"@type":"SearchAction","target":{"@type":"EntryPoint","urlTemplate":"https:\/\/web.umons.ac.be\/fweg\/?s={search_term_string}"},"query-input":{"@type":"PropertyValueSpecification","valueRequired":true,"valueName":"search_term_string"}}],"inLanguage":"fr-FR"}]}},"lang":"fr","translations":{"fr":438,"en":1025},"pll_sync_post":[],"_links":{"self":[{"href":"https:\/\/web.umons.ac.be\/fweg\/wp-json\/wp\/v2\/pages\/438","targetHints":{"allow":["GET"]}}],"collection":[{"href":"https:\/\/web.umons.ac.be\/fweg\/wp-json\/wp\/v2\/pages"}],"about":[{"href":"https:\/\/web.umons.ac.be\/fweg\/wp-json\/wp\/v2\/types\/page"}],"author":[{"embeddable":true,"href":"https:\/\/web.umons.ac.be\/fweg\/wp-json\/wp\/v2\/users\/2"}],"replies":[{"embeddable":true,"href":"https:\/\/web.umons.ac.be\/fweg\/wp-json\/wp\/v2\/comments?post=438"}],"version-history":[{"count":7,"href":"https:\/\/web.umons.ac.be\/fweg\/wp-json\/wp\/v2\/pages\/438\/revisions"}],"predecessor-version":[{"id":1659,"href":"https:\/\/web.umons.ac.be\/fweg\/wp-json\/wp\/v2\/pages\/438\/revisions\/1659"}],"up":[{"embeddable":true,"href":"https:\/\/web.umons.ac.be\/fweg\/wp-json\/wp\/v2\/pages\/435"}],"wp:attachment":[{"href":"https:\/\/web.umons.ac.be\/fweg\/wp-json\/wp\/v2\/media?parent=438"}],"curies":[{"name":"wp","href":"https:\/\/api.w.org\/{rel}","templated":true}]}}