{"id":446,"date":"2017-07-13T11:12:38","date_gmt":"2017-07-13T09:12:38","guid":{"rendered":"https:\/\/web.umons.ac.be\/fweg\/?page_id=446"},"modified":"2021-01-06T12:05:29","modified_gmt":"2021-01-06T11:05:29","slug":"mobilitein","status":"publish","type":"page","link":"https:\/\/web.umons.ac.be\/fweg\/fr\/mobilite\/mobilitein\/","title":{"rendered":"Venir en mobilit\u00e9 IN"},"content":{"rendered":"<h2>Erasmus et \u00e9changes internationaux \u00e0 la Facult\u00e9 Warocqu\u00e9 d\u2019Economie et de Gestion<\/h2>\n<p>Si vous d\u00e9sirez r\u00e9aliser un \u00e9change international \u00e0 l\u2019UMONS et plus particuli\u00e8rement \u00e0 la Facult\u00e9 Warocqu\u00e9 d\u2019Economie et de Gestion, nous vous recommandons de lire attentivement les informations d\u00e9taill\u00e9es sur notre site web. Vous trouverez ainsi les r\u00e9ponses \u00e0 la plupart des questions qui vous pouvez vous poser.<\/p>\n<p>\u00c9videmment, si vous avez d\u2019autres questions, nous serions heureux de vous aider. Vous pouvez alors contacter le coordinateur des \u00e9changes internationaux pour la Facult\u00e9 Warocqu\u00e9 d\u2019Economie et de Gestion\u00a0:<\/p>\n<div class=\"contact-block\">\n<p><strong>Laetitia Pozniak, PhD.<br \/>\n<\/strong><span style=\"font-size: 14px;\">Coordinatrice des \u00e9changes internationaux<br \/>\n<span style=\"font-size: 14px;\">Assistante du service finance<br \/>\n<\/span><a style=\"font-size: 14px;\" href=\"mailto:exchange.business@umons.ac.be\">exchange.business@umons.ac.be<\/a><span style=\"font-size: 14px;\"><br \/>\n<\/span><\/span>+32 (0)65 37 32 37<\/p>\n<\/div>\n<p>&nbsp;<\/p>\n<p><strong>C\u00e9cile Godfroid<\/strong><\/p>\n<p>Responsable des mobilit\u00e9s IN<\/p>\n<p>Teaching and research associate<br \/>\nEconomie et Gestion de l&rsquo;Entreprise (E.GE.E.)<br \/>\nCentre Europ\u00e9en de Recherche en Microfinance (CERMi)<br \/>\n<a href=\"mailto:cecile.godfroid@umons.ac.be\">cecile.godfroid@umons.ac.be<\/a><\/p>\n<p>+32 (0)65373277<\/p>\n<div class=\"file-attachment\"><a href=\"https:\/\/web.umons.ac.be\/app\/uploads\/sites\/9\/2021\/01\/Broaden-your-Horizons-at-the-Warocqu\u00e9-School-of-Business-and-Economics.pdf\">Broaden your Horizons at the Warocqu\u00e9 School of Business and Economics<\/a><\/div>\n<start-cask-shortcode-wrapper><div class=\"testimonials-multiple carousel-testimonials\" id=\"carousel-testimonials-69d07ae8533a1\">\n    <div class=\"inner\">\n        <div class=\"slider-testimonials carousel-slider\">\n                    <div class=\"carousel-slider-item\">\n                <blockquote id=\"shortcode-testimonial-1401\" class=\"shortcode-testimonial scheme-fweg\">\n                    <div class=\"testimonial-quote\">\n                        <div><em>\u00ab\u00a0Overall, the experience of studying abroad was very beneficial. Prior to visiting Belgium, I already had high expectations for studying at Umons, The Warocqu\u00e9 School of Business and Economics (F&hellip;<\/div>\n                                                <a href=\"#testimonial-modal-1401\" class=\"button-secondary open-testimonial scheme-border scheme-color-hover-important\">\n                            Poursuivre la lecture <span class=\"icon umons-icon-tail-right\" aria-hidden=\"true\"><\/span>\n                        <\/a>\n                                            <\/div>\n                    <div class=\"testimonial-author\">\n                                                <div class=\"testimonial-picture\">\n                            <img decoding=\"async\" src=\"https:\/\/web.umons.ac.be\/app\/uploads\/sites\/9\/2019\/11\/Erasmus-IN-Sinara-80x80.jpeg\" alt=\"\" \/>\n                        <\/div>\n                                                <div class=\"testimonial-text\">\n                            <div class=\"testimonial-identity\">\n                                <span class=\"testimonial-author-name\">Sinara  Gharibyan<\/span>\n                                                            <\/div>\n                            <div class=\"testimonial-meta\">\n                                                                                                <span class=\"testimonial-group\">Armenia<\/span>\n                                                            <\/div>\n                        <\/div>\n                    <\/div>\n                <\/blockquote>\n\n                                <div id=\"testimonial-modal-1401\" class=\"testimonial-modal-wrap multiple\" style=\"display: none;\">\n                    <div class=\"shortcode-testimonial-modal\">\n                        <blockquote class=\"shortcode-testimonial\">\n                            <div class=\"testimonial-quote editor-front\">\n                                                                <blockquote class=\"highlighted-quote\">\u00ab\u00a0Overall, the experience of studying abroad was very beneficial. Prior to visiting Belgium, I already had high expectations for studying at Umons, The Warocqu\u00e9 School of Business and Economics (FWEG). Most of them were met. In addition, I had the opportunity become familiar with the peculiar Belgian culture, as well as to get acquainted with\u2026<\/blockquote>\n                                                                                                <div class=\"testimonial-full-quote\"><p><em>\u00ab\u00a0Overall, the experience of studying abroad was very beneficial. Prior to visiting Belgium, I already had high expectations for studying at Umons, The Warocqu\u00e9 School of Business and Economics (FWEG). Most of them were met. In addition, I had the opportunity become familiar with the peculiar Belgian culture, as well as to get acquainted with a new student community. The most important lesson learned during the study abroad program is that you need to adapt to every community which you are a part of, but maintain your unique personality and values. This will help you to fit in, to achieve your goals, and to be more flexible. At the same time, you need to completely rely on yourself but \u201ctake\u201d something from opportunities, people, and one-of-a-kind situations in which you have the luck or misfortune to be. Looking back to the five months spent in Mons, I would recommend students participate in a study abroad program because it enhances their mindset and opens doors for students to achieve their professional goals. This experience was very important and decisive for me, since in the near future I plan to continue my education in Belgium as a doctoral researcher.\u00a0\u00bb<\/em><\/p>\n<\/div>\n                                                            <\/div>\n                            <cite class=\"testimonial-author\">\n                                                                <div class=\"testimonial-picture\">\n                                    <img decoding=\"async\" src=\"https:\/\/web.umons.ac.be\/app\/uploads\/sites\/9\/2019\/11\/Erasmus-IN-Sinara-80x80.jpeg\" alt=\"\" \/>\n                                <\/div>\n                                                                <div class=\"testimonial-text\">\n                                    <div class=\"testimonial-identity\">\n                                        <span class=\"testimonial-author-name\">Sinara  Gharibyan<\/span>\n                                                                            <\/div>\n                                    <div class=\"testimonial-meta\">\n                                                                                                                        <span class=\"testimonial-group\">(Armenia)<\/span>\n                                                                            <\/div>\n                                <\/div>\n                            <\/cite>\n                        <\/blockquote>\n                    <\/div>\n                <\/div>\n                            <\/div>\n                    <div class=\"carousel-slider-item\">\n                <blockquote id=\"shortcode-testimonial-1403\" class=\"shortcode-testimonial scheme-fweg\">\n                    <div class=\"testimonial-quote\">\n                        <div><em>\u00ab\u00a0My Erasmus experience in Mons was a mindful choice. My desire was to study abroad and improve my language skills: Mons turned out to be just perfect! Being a university city, I got to meet peopl&hellip;<\/div>\n                                                <a href=\"#testimonial-modal-1403\" class=\"button-secondary open-testimonial scheme-border scheme-color-hover-important\">\n                            Poursuivre la lecture <span class=\"icon umons-icon-tail-right\" aria-hidden=\"true\"><\/span>\n                        <\/a>\n                                            <\/div>\n                    <div class=\"testimonial-author\">\n                                                <div class=\"testimonial-picture\">\n                            <img decoding=\"async\" src=\"https:\/\/web.umons.ac.be\/app\/uploads\/sites\/9\/2019\/11\/alina-80x80.jpg\" alt=\"\" \/>\n                        <\/div>\n                                                <div class=\"testimonial-text\">\n                            <div class=\"testimonial-identity\">\n                                <span class=\"testimonial-author-name\">Alina  BOICU<\/span>\n                                                            <\/div>\n                            <div class=\"testimonial-meta\">\n                                                                                                <span class=\"testimonial-group\">ASE Bucarest (Romania)<\/span>\n                                                            <\/div>\n                        <\/div>\n                    <\/div>\n                <\/blockquote>\n\n                                <div id=\"testimonial-modal-1403\" class=\"testimonial-modal-wrap multiple\" style=\"display: none;\">\n                    <div class=\"shortcode-testimonial-modal\">\n                        <blockquote class=\"shortcode-testimonial\">\n                            <div class=\"testimonial-quote editor-front\">\n                                                                <blockquote class=\"highlighted-quote\">\u00ab\u00a0My Erasmus experience in Mons was a mindful choice. My desire was to study abroad and improve my language skills: Mons turned out to be just perfect! Being a university city, I got to meet people from completely different corners of the world. On the cultural and professional sides, Mons offered me many enriching experiences\u2026<\/blockquote>\n                                                                                                <div class=\"testimonial-full-quote\"><p><em>\u00ab\u00a0My Erasmus experience in Mons was a mindful choice. My desire was to study abroad and improve my language skills: Mons turned out to be just perfect! Being a university city, I got to meet people from completely different corners of the world. On the cultural and professional sides, Mons offered me many enriching experiences and beautiful moments from fast-paced and intense courses, interactive classes, group assignments and exams, to parties and wonderful trips with the new friends I had made. I would love to thank all the teachers for being so kind and welcoming. My best advice is to seize this opportunity and make the best out of the experience!\u00a0\u00bb<\/em><\/p>\n<\/div>\n                                                            <\/div>\n                            <cite class=\"testimonial-author\">\n                                                                <div class=\"testimonial-picture\">\n                                    <img decoding=\"async\" src=\"https:\/\/web.umons.ac.be\/app\/uploads\/sites\/9\/2019\/11\/alina-80x80.jpg\" alt=\"\" \/>\n                                <\/div>\n                                                                <div class=\"testimonial-text\">\n                                    <div class=\"testimonial-identity\">\n                                        <span class=\"testimonial-author-name\">Alina  BOICU<\/span>\n                                                                            <\/div>\n                                    <div class=\"testimonial-meta\">\n                                                                                                                        <span class=\"testimonial-group\">(ASE Bucarest (Romania))<\/span>\n                                                                            <\/div>\n                                <\/div>\n                            <\/cite>\n                        <\/blockquote>\n                    <\/div>\n                <\/div>\n                            <\/div>\n                    <div class=\"carousel-slider-item\">\n                <blockquote id=\"shortcode-testimonial-1406\" class=\"shortcode-testimonial scheme-fweg\">\n                    <div class=\"testimonial-quote\">\n                        <div><em>I came to UMONS to work on a study about family business, more precisely about non-family managers in family businesses. When I first arrived, I was a little bit worried as this was all new to me.&hellip;<\/div>\n                                                <a href=\"#testimonial-modal-1406\" class=\"button-secondary open-testimonial scheme-border scheme-color-hover-important\">\n                            Poursuivre la lecture <span class=\"icon umons-icon-tail-right\" aria-hidden=\"true\"><\/span>\n                        <\/a>\n                                            <\/div>\n                    <div class=\"testimonial-author\">\n                                                <div class=\"testimonial-picture\">\n                            <img decoding=\"async\" src=\"https:\/\/web.umons.ac.be\/app\/uploads\/sites\/9\/2019\/11\/andrea-60x60.jpg\" alt=\"\" \/>\n                        <\/div>\n                                                <div class=\"testimonial-text\">\n                            <div class=\"testimonial-identity\">\n                                <span class=\"testimonial-author-name\">Andrea  MURA<\/span>\n                                                            <\/div>\n                            <div class=\"testimonial-meta\">\n                                                                                                <span class=\"testimonial-group\">Universit\u00e0 Cattolica del Sacro Cuore di Milano (Italy)<\/span>\n                                                            <\/div>\n                        <\/div>\n                    <\/div>\n                <\/blockquote>\n\n                                <div id=\"testimonial-modal-1406\" class=\"testimonial-modal-wrap multiple\" style=\"display: none;\">\n                    <div class=\"shortcode-testimonial-modal\">\n                        <blockquote class=\"shortcode-testimonial\">\n                            <div class=\"testimonial-quote editor-front\">\n                                                                <blockquote class=\"highlighted-quote\">I came to UMONS to work on a study about family business, more precisely about non-family managers in family businesses. When I first arrived, I was a little bit worried as this was all new to me. However, very early on, my mentor helped me structure and define my approach to this research. I started\u2026<\/blockquote>\n                                                                                                <div class=\"testimonial-full-quote\"><p><em>I came to UMONS to work on a study about family business, more precisely about non-family managers in family businesses. When I first arrived, I was a little bit worried as this was all new to me. However, very early on, my mentor helped me structure and define my approach to this research. I started it with a theoretical part, and pursued with a statistical analysis, which turned out to be the toughest, yet most exciting part of the project. It brought me to reason and focus on the data provided by the University in order to find an original and efficient solution to my hypothesis. Even more so as I learned in the process how to use a new, very intuitive and complete statistical software.<\/em><\/p>\n<p><em>I think that this experience taught me how to structure and prioritize a complex project to find exhaustive and clear solutions. Facing this challenge helped me open my mind and horizons, pushing myself beyond my own limits, even more so as I did it in a foreign language. I can do nothing but recommend such an internship: an international experience will always teach you a lot, as person, a student and a future worker.<\/em><\/p>\n<\/div>\n                                                            <\/div>\n                            <cite class=\"testimonial-author\">\n                                                                <div class=\"testimonial-picture\">\n                                    <img decoding=\"async\" src=\"https:\/\/web.umons.ac.be\/app\/uploads\/sites\/9\/2019\/11\/andrea-60x60.jpg\" alt=\"\" \/>\n                                <\/div>\n                                                                <div class=\"testimonial-text\">\n                                    <div class=\"testimonial-identity\">\n                                        <span class=\"testimonial-author-name\">Andrea  MURA<\/span>\n                                                                            <\/div>\n                                    <div class=\"testimonial-meta\">\n                                                                                                                        <span class=\"testimonial-group\">(Universit\u00e0 Cattolica del Sacro Cuore di Milano (Italy))<\/span>\n                                                                            <\/div>\n                                <\/div>\n                            <\/cite>\n                        <\/blockquote>\n                    <\/div>\n                <\/div>\n                            <\/div>\n                <\/div>\n    <\/div>\n<\/div>\n<end-cask-shortcode-wrapper>\n","protected":false},"excerpt":{"rendered":"<p>Erasmus et \u00e9changes internationaux \u00e0 la Facult\u00e9 Warocqu\u00e9 d\u2019Economie et de Gestion Si vous d\u00e9sirez r\u00e9aliser un \u00e9change international \u00e0 l\u2019UMONS et plus particuli\u00e8rement \u00e0 la Facult\u00e9 Warocqu\u00e9 d\u2019Economie et de Gestion, nous vous recommandons de lire attentivement les informations d\u00e9taill\u00e9es sur notre site web. Vous trouverez ainsi les r\u00e9ponses \u00e0 la plupart des questions [&hellip;]<\/p>\n","protected":false},"author":2,"featured_media":0,"parent":435,"menu_order":0,"comment_status":"closed","ping_status":"closed","template":"","meta":{"footnotes":""},"class_list":["post-446","page","type-page","status-publish","hentry"],"yoast_head":"<!-- This site is optimized with the Yoast SEO plugin v27.2 - https:\/\/yoast.com\/product\/yoast-seo-wordpress\/ -->\n<title>Venir en mobilit\u00e9 IN - Facult\u00e9 \/ FWEG<\/title>\n<meta name=\"robots\" content=\"index, follow, max-snippet:-1, max-image-preview:large, max-video-preview:-1\" \/>\n<link rel=\"canonical\" href=\"https:\/\/web.umons.ac.be\/fweg\/fr\/mobilite\/mobilitein\/\" \/>\n<meta property=\"og:locale\" content=\"fr_FR\" \/>\n<meta property=\"og:type\" content=\"article\" \/>\n<meta property=\"og:title\" content=\"Venir en mobilit\u00e9 IN - Facult\u00e9 \/ FWEG\" \/>\n<meta property=\"og:description\" content=\"Erasmus et \u00e9changes internationaux \u00e0 la Facult\u00e9 Warocqu\u00e9 d\u2019Economie et de Gestion Si vous d\u00e9sirez r\u00e9aliser un \u00e9change international \u00e0 l\u2019UMONS et plus particuli\u00e8rement \u00e0 la Facult\u00e9 Warocqu\u00e9 d\u2019Economie et de Gestion, nous vous recommandons de lire attentivement les informations d\u00e9taill\u00e9es sur notre site web. Vous trouverez ainsi les r\u00e9ponses \u00e0 la plupart des questions [&hellip;]\" \/>\n<meta property=\"og:url\" content=\"https:\/\/web.umons.ac.be\/fweg\/fr\/mobilite\/mobilitein\/\" \/>\n<meta property=\"og:site_name\" content=\"Facult\u00e9 \/ FWEG\" \/>\n<meta property=\"article:modified_time\" content=\"2021-01-06T11:05:29+00:00\" \/>\n<meta name=\"twitter:card\" content=\"summary_large_image\" \/>\n<meta name=\"twitter:label1\" content=\"Dur\u00e9e de lecture estim\u00e9e\" \/>\n\t<meta name=\"twitter:data1\" content=\"1 minute\" \/>\n<script type=\"application\/ld+json\" class=\"yoast-schema-graph\">{\"@context\":\"https:\/\/schema.org\",\"@graph\":[{\"@type\":\"WebPage\",\"@id\":\"https:\/\/web.umons.ac.be\/fweg\/fr\/mobilite\/mobilitein\/\",\"url\":\"https:\/\/web.umons.ac.be\/fweg\/fr\/mobilite\/mobilitein\/\",\"name\":\"Venir en mobilit\u00e9 IN - Facult\u00e9 \/ FWEG\",\"isPartOf\":{\"@id\":\"https:\/\/web.umons.ac.be\/fweg\/#website\"},\"datePublished\":\"2017-07-13T09:12:38+00:00\",\"dateModified\":\"2021-01-06T11:05:29+00:00\",\"breadcrumb\":{\"@id\":\"https:\/\/web.umons.ac.be\/fweg\/fr\/mobilite\/mobilitein\/#breadcrumb\"},\"inLanguage\":\"fr-FR\",\"potentialAction\":[{\"@type\":\"ReadAction\",\"target\":[\"https:\/\/web.umons.ac.be\/fweg\/fr\/mobilite\/mobilitein\/\"]}]},{\"@type\":\"BreadcrumbList\",\"@id\":\"https:\/\/web.umons.ac.be\/fweg\/fr\/mobilite\/mobilitein\/#breadcrumb\",\"itemListElement\":[{\"@type\":\"ListItem\",\"position\":1,\"name\":\"Accueil\",\"item\":\"https:\/\/web.umons.ac.be\/fweg\/fr\/\"},{\"@type\":\"ListItem\",\"position\":2,\"name\":\"Mobilit\u00e9 \u00e9tudiante &#8211; International\",\"item\":\"https:\/\/web.umons.ac.be\/fweg\/fr\/mobilite\/\"},{\"@type\":\"ListItem\",\"position\":3,\"name\":\"Venir en mobilit\u00e9 IN\"}]},{\"@type\":\"WebSite\",\"@id\":\"https:\/\/web.umons.ac.be\/fweg\/#website\",\"url\":\"https:\/\/web.umons.ac.be\/fweg\/\",\"name\":\"Facult\u00e9 \/ FWEG\",\"description\":\"\",\"potentialAction\":[{\"@type\":\"SearchAction\",\"target\":{\"@type\":\"EntryPoint\",\"urlTemplate\":\"https:\/\/web.umons.ac.be\/fweg\/?s={search_term_string}\"},\"query-input\":{\"@type\":\"PropertyValueSpecification\",\"valueRequired\":true,\"valueName\":\"search_term_string\"}}],\"inLanguage\":\"fr-FR\"}]}<\/script>\n<!-- \/ Yoast SEO plugin. -->","yoast_head_json":{"title":"Venir en mobilit\u00e9 IN - Facult\u00e9 \/ FWEG","robots":{"index":"index","follow":"follow","max-snippet":"max-snippet:-1","max-image-preview":"max-image-preview:large","max-video-preview":"max-video-preview:-1"},"canonical":"https:\/\/web.umons.ac.be\/fweg\/fr\/mobilite\/mobilitein\/","og_locale":"fr_FR","og_type":"article","og_title":"Venir en mobilit\u00e9 IN - Facult\u00e9 \/ FWEG","og_description":"Erasmus et \u00e9changes internationaux \u00e0 la Facult\u00e9 Warocqu\u00e9 d\u2019Economie et de Gestion Si vous d\u00e9sirez r\u00e9aliser un \u00e9change international \u00e0 l\u2019UMONS et plus particuli\u00e8rement \u00e0 la Facult\u00e9 Warocqu\u00e9 d\u2019Economie et de Gestion, nous vous recommandons de lire attentivement les informations d\u00e9taill\u00e9es sur notre site web. Vous trouverez ainsi les r\u00e9ponses \u00e0 la plupart des questions [&hellip;]","og_url":"https:\/\/web.umons.ac.be\/fweg\/fr\/mobilite\/mobilitein\/","og_site_name":"Facult\u00e9 \/ FWEG","article_modified_time":"2021-01-06T11:05:29+00:00","twitter_card":"summary_large_image","twitter_misc":{"Dur\u00e9e de lecture estim\u00e9e":"1 minute"},"schema":{"@context":"https:\/\/schema.org","@graph":[{"@type":"WebPage","@id":"https:\/\/web.umons.ac.be\/fweg\/fr\/mobilite\/mobilitein\/","url":"https:\/\/web.umons.ac.be\/fweg\/fr\/mobilite\/mobilitein\/","name":"Venir en mobilit\u00e9 IN - Facult\u00e9 \/ FWEG","isPartOf":{"@id":"https:\/\/web.umons.ac.be\/fweg\/#website"},"datePublished":"2017-07-13T09:12:38+00:00","dateModified":"2021-01-06T11:05:29+00:00","breadcrumb":{"@id":"https:\/\/web.umons.ac.be\/fweg\/fr\/mobilite\/mobilitein\/#breadcrumb"},"inLanguage":"fr-FR","potentialAction":[{"@type":"ReadAction","target":["https:\/\/web.umons.ac.be\/fweg\/fr\/mobilite\/mobilitein\/"]}]},{"@type":"BreadcrumbList","@id":"https:\/\/web.umons.ac.be\/fweg\/fr\/mobilite\/mobilitein\/#breadcrumb","itemListElement":[{"@type":"ListItem","position":1,"name":"Accueil","item":"https:\/\/web.umons.ac.be\/fweg\/fr\/"},{"@type":"ListItem","position":2,"name":"Mobilit\u00e9 \u00e9tudiante &#8211; International","item":"https:\/\/web.umons.ac.be\/fweg\/fr\/mobilite\/"},{"@type":"ListItem","position":3,"name":"Venir en mobilit\u00e9 IN"}]},{"@type":"WebSite","@id":"https:\/\/web.umons.ac.be\/fweg\/#website","url":"https:\/\/web.umons.ac.be\/fweg\/","name":"Facult\u00e9 \/ FWEG","description":"","potentialAction":[{"@type":"SearchAction","target":{"@type":"EntryPoint","urlTemplate":"https:\/\/web.umons.ac.be\/fweg\/?s={search_term_string}"},"query-input":{"@type":"PropertyValueSpecification","valueRequired":true,"valueName":"search_term_string"}}],"inLanguage":"fr-FR"}]}},"lang":"fr","translations":{"fr":446,"en":1028},"pll_sync_post":[],"_links":{"self":[{"href":"https:\/\/web.umons.ac.be\/fweg\/wp-json\/wp\/v2\/pages\/446","targetHints":{"allow":["GET"]}}],"collection":[{"href":"https:\/\/web.umons.ac.be\/fweg\/wp-json\/wp\/v2\/pages"}],"about":[{"href":"https:\/\/web.umons.ac.be\/fweg\/wp-json\/wp\/v2\/types\/page"}],"author":[{"embeddable":true,"href":"https:\/\/web.umons.ac.be\/fweg\/wp-json\/wp\/v2\/users\/2"}],"replies":[{"embeddable":true,"href":"https:\/\/web.umons.ac.be\/fweg\/wp-json\/wp\/v2\/comments?post=446"}],"version-history":[{"count":7,"href":"https:\/\/web.umons.ac.be\/fweg\/wp-json\/wp\/v2\/pages\/446\/revisions"}],"predecessor-version":[{"id":1663,"href":"https:\/\/web.umons.ac.be\/fweg\/wp-json\/wp\/v2\/pages\/446\/revisions\/1663"}],"up":[{"embeddable":true,"href":"https:\/\/web.umons.ac.be\/fweg\/wp-json\/wp\/v2\/pages\/435"}],"wp:attachment":[{"href":"https:\/\/web.umons.ac.be\/fweg\/wp-json\/wp\/v2\/media?parent=446"}],"curies":[{"name":"wp","href":"https:\/\/api.w.org\/{rel}","templated":true}]}}