{"id":452,"date":"2017-07-13T11:15:33","date_gmt":"2017-07-13T09:15:33","guid":{"rendered":"https:\/\/web.umons.ac.be\/fweg\/?page_id=452"},"modified":"2018-10-25T10:49:40","modified_gmt":"2018-10-25T08:49:40","slug":"mot-de-bienvenue","status":"publish","type":"page","link":"https:\/\/web.umons.ac.be\/fweg\/fr\/mobilite\/mobilitein\/mot-de-bienvenue\/","title":{"rendered":"Mot de bienvenue"},"content":{"rendered":"<blockquote><p>Vous avez un projet d\u2019exp\u00e9rience internationale\u00a0?\u00a0 Vous cherchez une facult\u00e9 accueillante\u00a0?\u00a0 Une formation de qualit\u00e9\u00a0? Des enseignants disponibles\u00a0? Une ville universitaire\u00a0sympathique et son folklore estudiantin ?<\/p><\/blockquote>\n<p>Ne cherchez plus\u00a0!\u00a0 La Facult\u00e9 Warocqu\u00e9 est faite pour vous\u00a0!!\u00a0 Plongez-vous dans les t\u00e9moignages d\u2019anciens et commencez \u00e0 imaginer votre pr\u00e9sence parmi nous.<\/p>\n<p>D\u2019un point de vue pratique, que vous souhaitiez rester un semestre ou une ann\u00e9e compl\u00e8te, vous trouverez sur ce site des r\u00e9ponses \u00e0 vos questions. Vous pourrez \u00e9galement y d\u00e9couvrir la ville qui vous accueillera, votre Universit\u00e9 et votre Facult\u00e9.<\/p>\n<p>A bient\u00f4t pour de nouvelles aventures \u00e0 la Facult\u00e9 Warocqu\u00e9 d\u2019Economie et de Gestion\u00a0!<\/p>\n<p>&nbsp;<\/p>\n<p><strong>Chantal SCOUBEAU<\/strong><\/p>\n<p>Doyen de la Facult\u00e9 Warocqu\u00e9 d\u2019Economie et de Gestion<\/p>\n<p>&nbsp;<\/p>\n","protected":false},"excerpt":{"rendered":"<p>Vous avez un projet d\u2019exp\u00e9rience internationale\u00a0?\u00a0 Vous cherchez une facult\u00e9 accueillante\u00a0?\u00a0 Une formation de qualit\u00e9\u00a0? Des enseignants disponibles\u00a0? Une ville universitaire\u00a0sympathique et son folklore estudiantin ? Ne cherchez plus\u00a0!\u00a0 La Facult\u00e9 Warocqu\u00e9 est faite pour vous\u00a0!!\u00a0 Plongez-vous dans les t\u00e9moignages d\u2019anciens et commencez \u00e0 imaginer votre pr\u00e9sence parmi nous. D\u2019un point de vue pratique, que [&hellip;]<\/p>\n","protected":false},"author":2,"featured_media":0,"parent":446,"menu_order":1,"comment_status":"closed","ping_status":"closed","template":"","meta":{"footnotes":""},"class_list":["post-452","page","type-page","status-publish","hentry"],"yoast_head":"<!-- This site is optimized with the Yoast SEO plugin v27.2 - https:\/\/yoast.com\/product\/yoast-seo-wordpress\/ -->\n<title>Mot de bienvenue - Facult\u00e9 \/ FWEG<\/title>\n<meta name=\"robots\" content=\"index, follow, max-snippet:-1, max-image-preview:large, max-video-preview:-1\" \/>\n<link rel=\"canonical\" href=\"https:\/\/web.umons.ac.be\/fweg\/fr\/mobilite\/mobilitein\/mot-de-bienvenue\/\" \/>\n<meta property=\"og:locale\" content=\"fr_FR\" \/>\n<meta property=\"og:type\" content=\"article\" \/>\n<meta property=\"og:title\" content=\"Mot de bienvenue - Facult\u00e9 \/ FWEG\" \/>\n<meta property=\"og:description\" content=\"Vous avez un projet d\u2019exp\u00e9rience internationale\u00a0?\u00a0 Vous cherchez une facult\u00e9 accueillante\u00a0?\u00a0 Une formation de qualit\u00e9\u00a0? Des enseignants disponibles\u00a0? Une ville universitaire\u00a0sympathique et son folklore estudiantin ? Ne cherchez plus\u00a0!\u00a0 La Facult\u00e9 Warocqu\u00e9 est faite pour vous\u00a0!!\u00a0 Plongez-vous dans les t\u00e9moignages d\u2019anciens et commencez \u00e0 imaginer votre pr\u00e9sence parmi nous. D\u2019un point de vue pratique, que [&hellip;]\" \/>\n<meta property=\"og:url\" content=\"https:\/\/web.umons.ac.be\/fweg\/fr\/mobilite\/mobilitein\/mot-de-bienvenue\/\" \/>\n<meta property=\"og:site_name\" content=\"Facult\u00e9 \/ FWEG\" \/>\n<meta property=\"article:modified_time\" content=\"2018-10-25T08:49:40+00:00\" \/>\n<meta name=\"twitter:card\" content=\"summary_large_image\" \/>\n<meta name=\"twitter:label1\" content=\"Dur\u00e9e de lecture estim\u00e9e\" \/>\n\t<meta name=\"twitter:data1\" content=\"1 minute\" \/>\n<script type=\"application\/ld+json\" class=\"yoast-schema-graph\">{\"@context\":\"https:\/\/schema.org\",\"@graph\":[{\"@type\":\"WebPage\",\"@id\":\"https:\/\/web.umons.ac.be\/fweg\/fr\/mobilite\/mobilitein\/mot-de-bienvenue\/\",\"url\":\"https:\/\/web.umons.ac.be\/fweg\/fr\/mobilite\/mobilitein\/mot-de-bienvenue\/\",\"name\":\"Mot de bienvenue - Facult\u00e9 \/ FWEG\",\"isPartOf\":{\"@id\":\"https:\/\/web.umons.ac.be\/fweg\/#website\"},\"datePublished\":\"2017-07-13T09:15:33+00:00\",\"dateModified\":\"2018-10-25T08:49:40+00:00\",\"breadcrumb\":{\"@id\":\"https:\/\/web.umons.ac.be\/fweg\/fr\/mobilite\/mobilitein\/mot-de-bienvenue\/#breadcrumb\"},\"inLanguage\":\"fr-FR\",\"potentialAction\":[{\"@type\":\"ReadAction\",\"target\":[\"https:\/\/web.umons.ac.be\/fweg\/fr\/mobilite\/mobilitein\/mot-de-bienvenue\/\"]}]},{\"@type\":\"BreadcrumbList\",\"@id\":\"https:\/\/web.umons.ac.be\/fweg\/fr\/mobilite\/mobilitein\/mot-de-bienvenue\/#breadcrumb\",\"itemListElement\":[{\"@type\":\"ListItem\",\"position\":1,\"name\":\"Accueil\",\"item\":\"https:\/\/web.umons.ac.be\/fweg\/fr\/\"},{\"@type\":\"ListItem\",\"position\":2,\"name\":\"Mobilit\u00e9 \u00e9tudiante &#8211; International\",\"item\":\"https:\/\/web.umons.ac.be\/fweg\/fr\/mobilite\/\"},{\"@type\":\"ListItem\",\"position\":3,\"name\":\"Venir en mobilit\u00e9 IN\",\"item\":\"https:\/\/web.umons.ac.be\/fweg\/fr\/mobilite\/mobilitein\/\"},{\"@type\":\"ListItem\",\"position\":4,\"name\":\"Mot de bienvenue\"}]},{\"@type\":\"WebSite\",\"@id\":\"https:\/\/web.umons.ac.be\/fweg\/#website\",\"url\":\"https:\/\/web.umons.ac.be\/fweg\/\",\"name\":\"Facult\u00e9 \/ FWEG\",\"description\":\"\",\"potentialAction\":[{\"@type\":\"SearchAction\",\"target\":{\"@type\":\"EntryPoint\",\"urlTemplate\":\"https:\/\/web.umons.ac.be\/fweg\/?s={search_term_string}\"},\"query-input\":{\"@type\":\"PropertyValueSpecification\",\"valueRequired\":true,\"valueName\":\"search_term_string\"}}],\"inLanguage\":\"fr-FR\"}]}<\/script>\n<!-- \/ Yoast SEO plugin. -->","yoast_head_json":{"title":"Mot de bienvenue - Facult\u00e9 \/ FWEG","robots":{"index":"index","follow":"follow","max-snippet":"max-snippet:-1","max-image-preview":"max-image-preview:large","max-video-preview":"max-video-preview:-1"},"canonical":"https:\/\/web.umons.ac.be\/fweg\/fr\/mobilite\/mobilitein\/mot-de-bienvenue\/","og_locale":"fr_FR","og_type":"article","og_title":"Mot de bienvenue - Facult\u00e9 \/ FWEG","og_description":"Vous avez un projet d\u2019exp\u00e9rience internationale\u00a0?\u00a0 Vous cherchez une facult\u00e9 accueillante\u00a0?\u00a0 Une formation de qualit\u00e9\u00a0? Des enseignants disponibles\u00a0? Une ville universitaire\u00a0sympathique et son folklore estudiantin ? Ne cherchez plus\u00a0!\u00a0 La Facult\u00e9 Warocqu\u00e9 est faite pour vous\u00a0!!\u00a0 Plongez-vous dans les t\u00e9moignages d\u2019anciens et commencez \u00e0 imaginer votre pr\u00e9sence parmi nous. D\u2019un point de vue pratique, que [&hellip;]","og_url":"https:\/\/web.umons.ac.be\/fweg\/fr\/mobilite\/mobilitein\/mot-de-bienvenue\/","og_site_name":"Facult\u00e9 \/ FWEG","article_modified_time":"2018-10-25T08:49:40+00:00","twitter_card":"summary_large_image","twitter_misc":{"Dur\u00e9e de lecture estim\u00e9e":"1 minute"},"schema":{"@context":"https:\/\/schema.org","@graph":[{"@type":"WebPage","@id":"https:\/\/web.umons.ac.be\/fweg\/fr\/mobilite\/mobilitein\/mot-de-bienvenue\/","url":"https:\/\/web.umons.ac.be\/fweg\/fr\/mobilite\/mobilitein\/mot-de-bienvenue\/","name":"Mot de bienvenue - Facult\u00e9 \/ FWEG","isPartOf":{"@id":"https:\/\/web.umons.ac.be\/fweg\/#website"},"datePublished":"2017-07-13T09:15:33+00:00","dateModified":"2018-10-25T08:49:40+00:00","breadcrumb":{"@id":"https:\/\/web.umons.ac.be\/fweg\/fr\/mobilite\/mobilitein\/mot-de-bienvenue\/#breadcrumb"},"inLanguage":"fr-FR","potentialAction":[{"@type":"ReadAction","target":["https:\/\/web.umons.ac.be\/fweg\/fr\/mobilite\/mobilitein\/mot-de-bienvenue\/"]}]},{"@type":"BreadcrumbList","@id":"https:\/\/web.umons.ac.be\/fweg\/fr\/mobilite\/mobilitein\/mot-de-bienvenue\/#breadcrumb","itemListElement":[{"@type":"ListItem","position":1,"name":"Accueil","item":"https:\/\/web.umons.ac.be\/fweg\/fr\/"},{"@type":"ListItem","position":2,"name":"Mobilit\u00e9 \u00e9tudiante &#8211; International","item":"https:\/\/web.umons.ac.be\/fweg\/fr\/mobilite\/"},{"@type":"ListItem","position":3,"name":"Venir en mobilit\u00e9 IN","item":"https:\/\/web.umons.ac.be\/fweg\/fr\/mobilite\/mobilitein\/"},{"@type":"ListItem","position":4,"name":"Mot de bienvenue"}]},{"@type":"WebSite","@id":"https:\/\/web.umons.ac.be\/fweg\/#website","url":"https:\/\/web.umons.ac.be\/fweg\/","name":"Facult\u00e9 \/ FWEG","description":"","potentialAction":[{"@type":"SearchAction","target":{"@type":"EntryPoint","urlTemplate":"https:\/\/web.umons.ac.be\/fweg\/?s={search_term_string}"},"query-input":{"@type":"PropertyValueSpecification","valueRequired":true,"valueName":"search_term_string"}}],"inLanguage":"fr-FR"}]}},"lang":"fr","translations":{"fr":452,"en":1031},"pll_sync_post":[],"_links":{"self":[{"href":"https:\/\/web.umons.ac.be\/fweg\/wp-json\/wp\/v2\/pages\/452","targetHints":{"allow":["GET"]}}],"collection":[{"href":"https:\/\/web.umons.ac.be\/fweg\/wp-json\/wp\/v2\/pages"}],"about":[{"href":"https:\/\/web.umons.ac.be\/fweg\/wp-json\/wp\/v2\/types\/page"}],"author":[{"embeddable":true,"href":"https:\/\/web.umons.ac.be\/fweg\/wp-json\/wp\/v2\/users\/2"}],"replies":[{"embeddable":true,"href":"https:\/\/web.umons.ac.be\/fweg\/wp-json\/wp\/v2\/comments?post=452"}],"version-history":[{"count":2,"href":"https:\/\/web.umons.ac.be\/fweg\/wp-json\/wp\/v2\/pages\/452\/revisions"}],"predecessor-version":[{"id":1278,"href":"https:\/\/web.umons.ac.be\/fweg\/wp-json\/wp\/v2\/pages\/452\/revisions\/1278"}],"up":[{"embeddable":true,"href":"https:\/\/web.umons.ac.be\/fweg\/wp-json\/wp\/v2\/pages\/446"}],"wp:attachment":[{"href":"https:\/\/web.umons.ac.be\/fweg\/wp-json\/wp\/v2\/media?parent=452"}],"curies":[{"name":"wp","href":"https:\/\/api.w.org\/{rel}","templated":true}]}}