{"id":456,"date":"2017-07-13T11:20:08","date_gmt":"2017-07-13T09:20:08","guid":{"rendered":"https:\/\/web.umons.ac.be\/fweg\/?page_id=456"},"modified":"2018-01-17T17:42:47","modified_gmt":"2018-01-17T16:42:47","slug":"programme-detudes","status":"publish","type":"page","link":"https:\/\/web.umons.ac.be\/fweg\/fr\/mobilite\/mobilitein\/programme-detudes\/","title":{"rendered":"Programme d\u2019\u00e9tudes"},"content":{"rendered":"<h2>Votre programme acad\u00e9mique pendant votre s\u00e9jour<\/h2>\n<p>La Facult\u00e9 Warocqu\u00e9 d\u2019Economie et de Gestion offre une large gamme de cours de Bachelier et de Master enseign\u00e9s en fran\u00e7ais ou en anglais.<\/p>\n<p>En tant qu&rsquo;\u00e9tudiant en \u00e9change, vous avez la possibilit\u00e9 de composer votre propre programme acad\u00e9mique afin de respecter vos objectifs de carri\u00e8re, conform\u00e9ment \u00e0 votre \u00e9tablissement d&rsquo;origine. Tout en conservant une base de cours de gestion, vous pouvez donner \u00e0 votre programme un accent particulier en choisissant des mati\u00e8res en fran\u00e7ais et\/ou en anglais dans une quarantaine d&rsquo;autres programmes tels que l&rsquo;ing\u00e9nierie, la psychologie ou les langues. Afin d&rsquo;organiser votre programme acad\u00e9mique, vous devrez remplir un learning agreement d\u00e9taillant la liste des cours que vous aurez choisi de prendre.<\/p>\n<p>Votre programme acad\u00e9mique peut \u00eatre compos\u00e9 exclusivement de cours mais peut \u00e9galement \u00eatre compl\u00e9t\u00e9 par un stage dans une entreprise belge. Un tel arrangement vous donnera l&rsquo;opportunit\u00e9 de vivre une excellente exp\u00e9rience internationale et de vous donner tous les atouts n\u00e9cessaires pour relever les d\u00e9fis d&rsquo;une carri\u00e8re internationale.<\/p>\n","protected":false},"excerpt":{"rendered":"<p>Votre programme acad\u00e9mique pendant votre s\u00e9jour La Facult\u00e9 Warocqu\u00e9 d\u2019Economie et de Gestion offre une large gamme de cours de Bachelier et de Master enseign\u00e9s en fran\u00e7ais ou en anglais. En tant qu&rsquo;\u00e9tudiant en \u00e9change, vous avez la possibilit\u00e9 de composer votre propre programme acad\u00e9mique afin de respecter vos objectifs de carri\u00e8re, conform\u00e9ment \u00e0 votre [&hellip;]<\/p>\n","protected":false},"author":2,"featured_media":0,"parent":446,"menu_order":2,"comment_status":"closed","ping_status":"closed","template":"","meta":{"footnotes":""},"class_list":["post-456","page","type-page","status-publish","hentry"],"yoast_head":"<!-- This site is optimized with the Yoast SEO plugin v27.2 - https:\/\/yoast.com\/product\/yoast-seo-wordpress\/ -->\n<title>Programme d\u2019\u00e9tudes - Facult\u00e9 \/ FWEG<\/title>\n<meta name=\"robots\" content=\"index, follow, max-snippet:-1, max-image-preview:large, max-video-preview:-1\" \/>\n<link rel=\"canonical\" href=\"https:\/\/web.umons.ac.be\/fweg\/fr\/mobilite\/mobilitein\/programme-detudes\/\" \/>\n<meta property=\"og:locale\" content=\"fr_FR\" \/>\n<meta property=\"og:type\" content=\"article\" \/>\n<meta property=\"og:title\" content=\"Programme d\u2019\u00e9tudes - Facult\u00e9 \/ FWEG\" \/>\n<meta property=\"og:description\" content=\"Votre programme acad\u00e9mique pendant votre s\u00e9jour La Facult\u00e9 Warocqu\u00e9 d\u2019Economie et de Gestion offre une large gamme de cours de Bachelier et de Master enseign\u00e9s en fran\u00e7ais ou en anglais. En tant qu&rsquo;\u00e9tudiant en \u00e9change, vous avez la possibilit\u00e9 de composer votre propre programme acad\u00e9mique afin de respecter vos objectifs de carri\u00e8re, conform\u00e9ment \u00e0 votre [&hellip;]\" \/>\n<meta property=\"og:url\" content=\"https:\/\/web.umons.ac.be\/fweg\/fr\/mobilite\/mobilitein\/programme-detudes\/\" \/>\n<meta property=\"og:site_name\" content=\"Facult\u00e9 \/ FWEG\" \/>\n<meta property=\"article:modified_time\" content=\"2018-01-17T16:42:47+00:00\" \/>\n<meta name=\"twitter:card\" content=\"summary_large_image\" \/>\n<meta name=\"twitter:label1\" content=\"Dur\u00e9e de lecture estim\u00e9e\" \/>\n\t<meta name=\"twitter:data1\" content=\"1 minute\" \/>\n<script type=\"application\/ld+json\" class=\"yoast-schema-graph\">{\"@context\":\"https:\/\/schema.org\",\"@graph\":[{\"@type\":\"WebPage\",\"@id\":\"https:\/\/web.umons.ac.be\/fweg\/fr\/mobilite\/mobilitein\/programme-detudes\/\",\"url\":\"https:\/\/web.umons.ac.be\/fweg\/fr\/mobilite\/mobilitein\/programme-detudes\/\",\"name\":\"Programme d\u2019\u00e9tudes - Facult\u00e9 \/ FWEG\",\"isPartOf\":{\"@id\":\"https:\/\/web.umons.ac.be\/fweg\/#website\"},\"datePublished\":\"2017-07-13T09:20:08+00:00\",\"dateModified\":\"2018-01-17T16:42:47+00:00\",\"breadcrumb\":{\"@id\":\"https:\/\/web.umons.ac.be\/fweg\/fr\/mobilite\/mobilitein\/programme-detudes\/#breadcrumb\"},\"inLanguage\":\"fr-FR\",\"potentialAction\":[{\"@type\":\"ReadAction\",\"target\":[\"https:\/\/web.umons.ac.be\/fweg\/fr\/mobilite\/mobilitein\/programme-detudes\/\"]}]},{\"@type\":\"BreadcrumbList\",\"@id\":\"https:\/\/web.umons.ac.be\/fweg\/fr\/mobilite\/mobilitein\/programme-detudes\/#breadcrumb\",\"itemListElement\":[{\"@type\":\"ListItem\",\"position\":1,\"name\":\"Accueil\",\"item\":\"https:\/\/web.umons.ac.be\/fweg\/fr\/\"},{\"@type\":\"ListItem\",\"position\":2,\"name\":\"Mobilit\u00e9 \u00e9tudiante &#8211; International\",\"item\":\"https:\/\/web.umons.ac.be\/fweg\/fr\/mobilite\/\"},{\"@type\":\"ListItem\",\"position\":3,\"name\":\"Venir en mobilit\u00e9 IN\",\"item\":\"https:\/\/web.umons.ac.be\/fweg\/fr\/mobilite\/mobilitein\/\"},{\"@type\":\"ListItem\",\"position\":4,\"name\":\"Programme d\u2019\u00e9tudes\"}]},{\"@type\":\"WebSite\",\"@id\":\"https:\/\/web.umons.ac.be\/fweg\/#website\",\"url\":\"https:\/\/web.umons.ac.be\/fweg\/\",\"name\":\"Facult\u00e9 \/ FWEG\",\"description\":\"\",\"potentialAction\":[{\"@type\":\"SearchAction\",\"target\":{\"@type\":\"EntryPoint\",\"urlTemplate\":\"https:\/\/web.umons.ac.be\/fweg\/?s={search_term_string}\"},\"query-input\":{\"@type\":\"PropertyValueSpecification\",\"valueRequired\":true,\"valueName\":\"search_term_string\"}}],\"inLanguage\":\"fr-FR\"}]}<\/script>\n<!-- \/ Yoast SEO plugin. -->","yoast_head_json":{"title":"Programme d\u2019\u00e9tudes - Facult\u00e9 \/ FWEG","robots":{"index":"index","follow":"follow","max-snippet":"max-snippet:-1","max-image-preview":"max-image-preview:large","max-video-preview":"max-video-preview:-1"},"canonical":"https:\/\/web.umons.ac.be\/fweg\/fr\/mobilite\/mobilitein\/programme-detudes\/","og_locale":"fr_FR","og_type":"article","og_title":"Programme d\u2019\u00e9tudes - Facult\u00e9 \/ FWEG","og_description":"Votre programme acad\u00e9mique pendant votre s\u00e9jour La Facult\u00e9 Warocqu\u00e9 d\u2019Economie et de Gestion offre une large gamme de cours de Bachelier et de Master enseign\u00e9s en fran\u00e7ais ou en anglais. En tant qu&rsquo;\u00e9tudiant en \u00e9change, vous avez la possibilit\u00e9 de composer votre propre programme acad\u00e9mique afin de respecter vos objectifs de carri\u00e8re, conform\u00e9ment \u00e0 votre [&hellip;]","og_url":"https:\/\/web.umons.ac.be\/fweg\/fr\/mobilite\/mobilitein\/programme-detudes\/","og_site_name":"Facult\u00e9 \/ FWEG","article_modified_time":"2018-01-17T16:42:47+00:00","twitter_card":"summary_large_image","twitter_misc":{"Dur\u00e9e de lecture estim\u00e9e":"1 minute"},"schema":{"@context":"https:\/\/schema.org","@graph":[{"@type":"WebPage","@id":"https:\/\/web.umons.ac.be\/fweg\/fr\/mobilite\/mobilitein\/programme-detudes\/","url":"https:\/\/web.umons.ac.be\/fweg\/fr\/mobilite\/mobilitein\/programme-detudes\/","name":"Programme d\u2019\u00e9tudes - Facult\u00e9 \/ FWEG","isPartOf":{"@id":"https:\/\/web.umons.ac.be\/fweg\/#website"},"datePublished":"2017-07-13T09:20:08+00:00","dateModified":"2018-01-17T16:42:47+00:00","breadcrumb":{"@id":"https:\/\/web.umons.ac.be\/fweg\/fr\/mobilite\/mobilitein\/programme-detudes\/#breadcrumb"},"inLanguage":"fr-FR","potentialAction":[{"@type":"ReadAction","target":["https:\/\/web.umons.ac.be\/fweg\/fr\/mobilite\/mobilitein\/programme-detudes\/"]}]},{"@type":"BreadcrumbList","@id":"https:\/\/web.umons.ac.be\/fweg\/fr\/mobilite\/mobilitein\/programme-detudes\/#breadcrumb","itemListElement":[{"@type":"ListItem","position":1,"name":"Accueil","item":"https:\/\/web.umons.ac.be\/fweg\/fr\/"},{"@type":"ListItem","position":2,"name":"Mobilit\u00e9 \u00e9tudiante &#8211; International","item":"https:\/\/web.umons.ac.be\/fweg\/fr\/mobilite\/"},{"@type":"ListItem","position":3,"name":"Venir en mobilit\u00e9 IN","item":"https:\/\/web.umons.ac.be\/fweg\/fr\/mobilite\/mobilitein\/"},{"@type":"ListItem","position":4,"name":"Programme d\u2019\u00e9tudes"}]},{"@type":"WebSite","@id":"https:\/\/web.umons.ac.be\/fweg\/#website","url":"https:\/\/web.umons.ac.be\/fweg\/","name":"Facult\u00e9 \/ FWEG","description":"","potentialAction":[{"@type":"SearchAction","target":{"@type":"EntryPoint","urlTemplate":"https:\/\/web.umons.ac.be\/fweg\/?s={search_term_string}"},"query-input":{"@type":"PropertyValueSpecification","valueRequired":true,"valueName":"search_term_string"}}],"inLanguage":"fr-FR"}]}},"lang":"fr","translations":{"fr":456,"en":1035},"pll_sync_post":[],"_links":{"self":[{"href":"https:\/\/web.umons.ac.be\/fweg\/wp-json\/wp\/v2\/pages\/456","targetHints":{"allow":["GET"]}}],"collection":[{"href":"https:\/\/web.umons.ac.be\/fweg\/wp-json\/wp\/v2\/pages"}],"about":[{"href":"https:\/\/web.umons.ac.be\/fweg\/wp-json\/wp\/v2\/types\/page"}],"author":[{"embeddable":true,"href":"https:\/\/web.umons.ac.be\/fweg\/wp-json\/wp\/v2\/users\/2"}],"replies":[{"embeddable":true,"href":"https:\/\/web.umons.ac.be\/fweg\/wp-json\/wp\/v2\/comments?post=456"}],"version-history":[{"count":1,"href":"https:\/\/web.umons.ac.be\/fweg\/wp-json\/wp\/v2\/pages\/456\/revisions"}],"predecessor-version":[{"id":1034,"href":"https:\/\/web.umons.ac.be\/fweg\/wp-json\/wp\/v2\/pages\/456\/revisions\/1034"}],"up":[{"embeddable":true,"href":"https:\/\/web.umons.ac.be\/fweg\/wp-json\/wp\/v2\/pages\/446"}],"wp:attachment":[{"href":"https:\/\/web.umons.ac.be\/fweg\/wp-json\/wp\/v2\/media?parent=456"}],"curies":[{"name":"wp","href":"https:\/\/api.w.org\/{rel}","templated":true}]}}