{"id":478,"date":"2017-07-13T12:03:34","date_gmt":"2017-07-13T10:03:34","guid":{"rendered":"https:\/\/web.umons.ac.be\/fweg\/?page_id=478"},"modified":"2018-01-18T16:44:43","modified_gmt":"2018-01-18T15:44:43","slug":"evaluation","status":"publish","type":"page","link":"https:\/\/web.umons.ac.be\/fweg\/fr\/mobilite\/mobilitein\/evaluation\/","title":{"rendered":"Syst\u00e8me d\u2019\u00e9valuation"},"content":{"rendered":"<h2>Notre syst\u00e8me d\u2019\u00e9valuation<\/h2>\n<p>Apr\u00e8s les examens finaux (oral et\/ou \u00e9crit), votre note sera exprim\u00e9e en score entre 0 et 20. Pour r\u00e9ussir, vous devez obtenir un score d&rsquo;au moins 10\/20.<\/p>\n<table width=\"0\">\n<tbody>\n<tr>\n<td>\n<h5><strong>Note locale\u00a0<\/strong><\/h5>\n<\/td>\n<td>\n<h5><b>\u00c9quivalent<\/b><strong>\u00a0qualitatif\u00a0<\/strong><\/h5>\n<\/td>\n<\/tr>\n<tr>\n<td>\u00a0<strong>18 et plus<\/strong><\/td>\n<td>Excellent<\/td>\n<\/tr>\n<tr>\n<td><strong>\u00a016 et &lt;18<\/strong><\/td>\n<td>Tr\u00e8s bon<\/td>\n<\/tr>\n<tr>\n<td>\u00a0<strong>14 et &lt;16<\/strong><\/td>\n<td>Bon<\/td>\n<\/tr>\n<tr>\n<td>\u00a0<strong>12 et &lt;14<\/strong><\/td>\n<td>Satisfaisant<\/td>\n<\/tr>\n<tr>\n<td>\u00a0<strong>10 et &lt;12<\/strong><\/td>\n<td>Passable<\/td>\n<\/tr>\n<tr>\n<td><strong>\u00a08 et &lt;10<\/strong><\/td>\n<td>\u00c9chec &#8211; plus de travail serait n\u00e9cessaire<\/td>\n<\/tr>\n<tr>\n<td>\u00a0<strong>&lt;8<\/strong><\/td>\n<td>\u00c9chec &#8211; beaucoup plus de travail serait n\u00e9cessaire<\/td>\n<\/tr>\n<\/tbody>\n<\/table>\n<p>\u00c0 la fin d&rsquo;un s\u00e9jour d&rsquo;\u00e9change \u00e0 UMONS, les r\u00e9sultats des examens sont envoy\u00e9s par la facult\u00e9 d&rsquo;accueil directement \u00e0 l&rsquo;universit\u00e9 d\u2019origine de l&rsquo;\u00e9tudiant dans le syst\u00e8me de classement belge et le syst\u00e8me de notation ECTS.<\/p>\n","protected":false},"excerpt":{"rendered":"<p>Notre syst\u00e8me d\u2019\u00e9valuation Apr\u00e8s les examens finaux (oral et\/ou \u00e9crit), votre note sera exprim\u00e9e en score entre 0 et 20. Pour r\u00e9ussir, vous devez obtenir un score d&rsquo;au moins 10\/20. Note locale\u00a0 \u00c9quivalent\u00a0qualitatif\u00a0 \u00a018 et plus Excellent \u00a016 et &lt;18 Tr\u00e8s bon \u00a014 et &lt;16 Bon \u00a012 et &lt;14 Satisfaisant \u00a010 et &lt;12 Passable \u00a08 [&hellip;]<\/p>\n","protected":false},"author":2,"featured_media":0,"parent":446,"menu_order":4,"comment_status":"closed","ping_status":"closed","template":"","meta":{"footnotes":""},"class_list":["post-478","page","type-page","status-publish","hentry"],"yoast_head":"<!-- This site is optimized with the Yoast SEO plugin v27.2 - https:\/\/yoast.com\/product\/yoast-seo-wordpress\/ -->\n<title>Syst\u00e8me d\u2019\u00e9valuation - Facult\u00e9 \/ FWEG<\/title>\n<meta name=\"robots\" content=\"index, follow, max-snippet:-1, max-image-preview:large, max-video-preview:-1\" \/>\n<link rel=\"canonical\" href=\"https:\/\/web.umons.ac.be\/fweg\/fr\/mobilite\/mobilitein\/evaluation\/\" \/>\n<meta property=\"og:locale\" content=\"fr_FR\" \/>\n<meta property=\"og:type\" content=\"article\" \/>\n<meta property=\"og:title\" content=\"Syst\u00e8me d\u2019\u00e9valuation - Facult\u00e9 \/ FWEG\" \/>\n<meta property=\"og:description\" content=\"Notre syst\u00e8me d\u2019\u00e9valuation Apr\u00e8s les examens finaux (oral et\/ou \u00e9crit), votre note sera exprim\u00e9e en score entre 0 et 20. Pour r\u00e9ussir, vous devez obtenir un score d&rsquo;au moins 10\/20. Note locale\u00a0 \u00c9quivalent\u00a0qualitatif\u00a0 \u00a018 et plus Excellent \u00a016 et &lt;18 Tr\u00e8s bon \u00a014 et &lt;16 Bon \u00a012 et &lt;14 Satisfaisant \u00a010 et &lt;12 Passable \u00a08 [&hellip;]\" \/>\n<meta property=\"og:url\" content=\"https:\/\/web.umons.ac.be\/fweg\/fr\/mobilite\/mobilitein\/evaluation\/\" \/>\n<meta property=\"og:site_name\" content=\"Facult\u00e9 \/ FWEG\" \/>\n<meta property=\"article:modified_time\" content=\"2018-01-18T15:44:43+00:00\" \/>\n<meta name=\"twitter:card\" content=\"summary_large_image\" \/>\n<meta name=\"twitter:label1\" content=\"Dur\u00e9e de lecture estim\u00e9e\" \/>\n\t<meta name=\"twitter:data1\" content=\"1 minute\" \/>\n<script type=\"application\/ld+json\" class=\"yoast-schema-graph\">{\"@context\":\"https:\/\/schema.org\",\"@graph\":[{\"@type\":\"WebPage\",\"@id\":\"https:\/\/web.umons.ac.be\/fweg\/fr\/mobilite\/mobilitein\/evaluation\/\",\"url\":\"https:\/\/web.umons.ac.be\/fweg\/fr\/mobilite\/mobilitein\/evaluation\/\",\"name\":\"Syst\u00e8me d\u2019\u00e9valuation - Facult\u00e9 \/ FWEG\",\"isPartOf\":{\"@id\":\"https:\/\/web.umons.ac.be\/fweg\/#website\"},\"datePublished\":\"2017-07-13T10:03:34+00:00\",\"dateModified\":\"2018-01-18T15:44:43+00:00\",\"breadcrumb\":{\"@id\":\"https:\/\/web.umons.ac.be\/fweg\/fr\/mobilite\/mobilitein\/evaluation\/#breadcrumb\"},\"inLanguage\":\"fr-FR\",\"potentialAction\":[{\"@type\":\"ReadAction\",\"target\":[\"https:\/\/web.umons.ac.be\/fweg\/fr\/mobilite\/mobilitein\/evaluation\/\"]}]},{\"@type\":\"BreadcrumbList\",\"@id\":\"https:\/\/web.umons.ac.be\/fweg\/fr\/mobilite\/mobilitein\/evaluation\/#breadcrumb\",\"itemListElement\":[{\"@type\":\"ListItem\",\"position\":1,\"name\":\"Accueil\",\"item\":\"https:\/\/web.umons.ac.be\/fweg\/fr\/\"},{\"@type\":\"ListItem\",\"position\":2,\"name\":\"Mobilit\u00e9 \u00e9tudiante &#8211; International\",\"item\":\"https:\/\/web.umons.ac.be\/fweg\/fr\/mobilite\/\"},{\"@type\":\"ListItem\",\"position\":3,\"name\":\"Venir en mobilit\u00e9 IN\",\"item\":\"https:\/\/web.umons.ac.be\/fweg\/fr\/mobilite\/mobilitein\/\"},{\"@type\":\"ListItem\",\"position\":4,\"name\":\"Syst\u00e8me d\u2019\u00e9valuation\"}]},{\"@type\":\"WebSite\",\"@id\":\"https:\/\/web.umons.ac.be\/fweg\/#website\",\"url\":\"https:\/\/web.umons.ac.be\/fweg\/\",\"name\":\"Facult\u00e9 \/ FWEG\",\"description\":\"\",\"potentialAction\":[{\"@type\":\"SearchAction\",\"target\":{\"@type\":\"EntryPoint\",\"urlTemplate\":\"https:\/\/web.umons.ac.be\/fweg\/?s={search_term_string}\"},\"query-input\":{\"@type\":\"PropertyValueSpecification\",\"valueRequired\":true,\"valueName\":\"search_term_string\"}}],\"inLanguage\":\"fr-FR\"}]}<\/script>\n<!-- \/ Yoast SEO plugin. -->","yoast_head_json":{"title":"Syst\u00e8me d\u2019\u00e9valuation - Facult\u00e9 \/ FWEG","robots":{"index":"index","follow":"follow","max-snippet":"max-snippet:-1","max-image-preview":"max-image-preview:large","max-video-preview":"max-video-preview:-1"},"canonical":"https:\/\/web.umons.ac.be\/fweg\/fr\/mobilite\/mobilitein\/evaluation\/","og_locale":"fr_FR","og_type":"article","og_title":"Syst\u00e8me d\u2019\u00e9valuation - Facult\u00e9 \/ FWEG","og_description":"Notre syst\u00e8me d\u2019\u00e9valuation Apr\u00e8s les examens finaux (oral et\/ou \u00e9crit), votre note sera exprim\u00e9e en score entre 0 et 20. Pour r\u00e9ussir, vous devez obtenir un score d&rsquo;au moins 10\/20. Note locale\u00a0 \u00c9quivalent\u00a0qualitatif\u00a0 \u00a018 et plus Excellent \u00a016 et &lt;18 Tr\u00e8s bon \u00a014 et &lt;16 Bon \u00a012 et &lt;14 Satisfaisant \u00a010 et &lt;12 Passable \u00a08 [&hellip;]","og_url":"https:\/\/web.umons.ac.be\/fweg\/fr\/mobilite\/mobilitein\/evaluation\/","og_site_name":"Facult\u00e9 \/ FWEG","article_modified_time":"2018-01-18T15:44:43+00:00","twitter_card":"summary_large_image","twitter_misc":{"Dur\u00e9e de lecture estim\u00e9e":"1 minute"},"schema":{"@context":"https:\/\/schema.org","@graph":[{"@type":"WebPage","@id":"https:\/\/web.umons.ac.be\/fweg\/fr\/mobilite\/mobilitein\/evaluation\/","url":"https:\/\/web.umons.ac.be\/fweg\/fr\/mobilite\/mobilitein\/evaluation\/","name":"Syst\u00e8me d\u2019\u00e9valuation - Facult\u00e9 \/ FWEG","isPartOf":{"@id":"https:\/\/web.umons.ac.be\/fweg\/#website"},"datePublished":"2017-07-13T10:03:34+00:00","dateModified":"2018-01-18T15:44:43+00:00","breadcrumb":{"@id":"https:\/\/web.umons.ac.be\/fweg\/fr\/mobilite\/mobilitein\/evaluation\/#breadcrumb"},"inLanguage":"fr-FR","potentialAction":[{"@type":"ReadAction","target":["https:\/\/web.umons.ac.be\/fweg\/fr\/mobilite\/mobilitein\/evaluation\/"]}]},{"@type":"BreadcrumbList","@id":"https:\/\/web.umons.ac.be\/fweg\/fr\/mobilite\/mobilitein\/evaluation\/#breadcrumb","itemListElement":[{"@type":"ListItem","position":1,"name":"Accueil","item":"https:\/\/web.umons.ac.be\/fweg\/fr\/"},{"@type":"ListItem","position":2,"name":"Mobilit\u00e9 \u00e9tudiante &#8211; International","item":"https:\/\/web.umons.ac.be\/fweg\/fr\/mobilite\/"},{"@type":"ListItem","position":3,"name":"Venir en mobilit\u00e9 IN","item":"https:\/\/web.umons.ac.be\/fweg\/fr\/mobilite\/mobilitein\/"},{"@type":"ListItem","position":4,"name":"Syst\u00e8me d\u2019\u00e9valuation"}]},{"@type":"WebSite","@id":"https:\/\/web.umons.ac.be\/fweg\/#website","url":"https:\/\/web.umons.ac.be\/fweg\/","name":"Facult\u00e9 \/ FWEG","description":"","potentialAction":[{"@type":"SearchAction","target":{"@type":"EntryPoint","urlTemplate":"https:\/\/web.umons.ac.be\/fweg\/?s={search_term_string}"},"query-input":{"@type":"PropertyValueSpecification","valueRequired":true,"valueName":"search_term_string"}}],"inLanguage":"fr-FR"}]}},"lang":"fr","translations":{"fr":478,"en":1043},"pll_sync_post":[],"_links":{"self":[{"href":"https:\/\/web.umons.ac.be\/fweg\/wp-json\/wp\/v2\/pages\/478","targetHints":{"allow":["GET"]}}],"collection":[{"href":"https:\/\/web.umons.ac.be\/fweg\/wp-json\/wp\/v2\/pages"}],"about":[{"href":"https:\/\/web.umons.ac.be\/fweg\/wp-json\/wp\/v2\/types\/page"}],"author":[{"embeddable":true,"href":"https:\/\/web.umons.ac.be\/fweg\/wp-json\/wp\/v2\/users\/2"}],"replies":[{"embeddable":true,"href":"https:\/\/web.umons.ac.be\/fweg\/wp-json\/wp\/v2\/comments?post=478"}],"version-history":[{"count":2,"href":"https:\/\/web.umons.ac.be\/fweg\/wp-json\/wp\/v2\/pages\/478\/revisions"}],"predecessor-version":[{"id":1107,"href":"https:\/\/web.umons.ac.be\/fweg\/wp-json\/wp\/v2\/pages\/478\/revisions\/1107"}],"up":[{"embeddable":true,"href":"https:\/\/web.umons.ac.be\/fweg\/wp-json\/wp\/v2\/pages\/446"}],"wp:attachment":[{"href":"https:\/\/web.umons.ac.be\/fweg\/wp-json\/wp\/v2\/media?parent=478"}],"curies":[{"name":"wp","href":"https:\/\/api.w.org\/{rel}","templated":true}]}}